{"id":63623,"date":"2023-12-17T17:24:42","date_gmt":"2023-12-17T16:24:42","guid":{"rendered":"https:\/\/shopvalley.fr\/produit\/bolso-multifuncion-usb-impermeable\/"},"modified":"2026-01-17T22:53:15","modified_gmt":"2026-01-17T21:53:15","slug":"bolso-multifuncion-usb-impermeable","status":"publish","type":"product","link":"https:\/\/shopvalley.fr\/es\/produit\/bolso-multifuncion-usb-impermeable\/","title":{"rendered":"Bolso multifunci\u00f3n USB impermeable"},"content":{"rendered":"<h5><span style=\"font-size: 14pt; color: #000000;\"><strong>\ud83c\udf92Explora el mundo con nuestra mochila multifunci\u00f3n USB impermeable\ud83c\udf0d<\/strong><\/span><\/h5>\n<p><span style=\"font-size: 14pt; color: #000000;\">Sum\u00e9rgete en la aventura con nuestra Mochila Multifunci\u00f3n ultraligera, una compa\u00f1era fiable para todas tus escapadas, ya sea al aire libre o en la ciudad.<\/span><\/p>\n<p><a href=\"http:\/\/shopvalley.fr\/wp-content\/uploads\/2023\/12\/Sac.gif\">                                                                       <img loading=\"lazy\" decoding=\"async\" class=\"size-full wp-image-25123 alignnone\" src=\"http:\/\/shopvalley.fr\/wp-content\/uploads\/2023\/12\/Sac.gif\" alt=\"\" width=\"320\" height=\"320\">                 <\/a><a href=\"http:\/\/shopvalley.fr\/wp-content\/uploads\/2023\/12\/Sac2.gif\"><img loading=\"lazy\" decoding=\"async\" class=\"size-full wp-image-25124 alignnone\" src=\"http:\/\/shopvalley.fr\/wp-content\/uploads\/2023\/12\/Sac2.gif\" alt=\"\" width=\"320\" height=\"320\"><\/a><\/p>\n<h5><span style=\"font-size: 14pt; color: #000000;\"><strong>\ud83c\udf27\ufe0f Resistente a la intemperie para aventuras inesperadas \ud83c\udfde\ufe0f<\/strong><\/span><\/h5>\n<p><span style=\"font-size: 14pt; color: #000000;\">Fabricada con nanomateriales hidr\u00f3fugos de alta densidad, esta mochila multifunci\u00f3n de hombro es tu escudo contra los elementos. Su resistencia a los ara\u00f1azos significa que durar\u00e1 toda la vida, perfecta para acampar, hacer senderismo o simplemente para el d\u00eda a d\u00eda. <\/span><\/p>\n<p><a href=\"http:\/\/shopvalley.fr\/wp-content\/uploads\/2023\/12\/CsNKKISMIS-Sac-messager-multifonction-pour-homme-sacs-de-poitrine-gril-initi-bandouli-re-d-contract-e.jpg\"><img loading=\"lazy\" decoding=\"async\" class=\"aligncenter wp-image-25122\" src=\"http:\/\/shopvalley.fr\/wp-content\/uploads\/2023\/12\/CsNKKISMIS-Sac-messager-multifonction-pour-homme-sacs-de-poitrine-gril-initi-bandouli-re-d-contract-e.jpg\" alt=\"Mochila multifunci\u00f3n de hombro\" width=\"568\" height=\"566\" srcset=\"https:\/\/shopvalley.fr\/wp-content\/uploads\/2023\/12\/CsNKKISMIS-Sac-messager-multifonction-pour-homme-sacs-de-poitrine-gril-initi-bandouli-re-d-contract-e.jpg 688w, https:\/\/shopvalley.fr\/wp-content\/uploads\/2023\/12\/CsNKKISMIS-Sac-messager-multifonction-pour-homme-sacs-de-poitrine-gril-initi-bandouli-re-d-contract-e-150x150.jpg 150w, https:\/\/shopvalley.fr\/wp-content\/uploads\/2023\/12\/CsNKKISMIS-Sac-messager-multifonction-pour-homme-sacs-de-poitrine-gril-initi-bandouli-re-d-contract-e-301x300.jpg 301w\" sizes=\"auto, (max-width: 568px) 100vw, 568px\" \/><\/a><\/p>\n<p>&nbsp;<\/p>\n<h5><span style=\"font-size: 14pt; color: #000000;\"><strong>\ud83d\udd12 Seguridad reforzada con una bolsa pectoral con cerradura \ud83d\udd11<\/strong><\/span><\/h5>\n<p><span style=\"font-size: 14pt; color: #000000;\">Protege tus objetos de valor con nuestra bolsa ba\u00fal con cerradura. Las cremalleras de seguridad garantizan un uso sin complicaciones, con f\u00e1cil acceso a lo esencial mientras mantienes tus objetos de valor a salvo. <\/span><\/p>\n<p><a href=\"http:\/\/shopvalley.fr\/wp-content\/uploads\/2023\/12\/71w6eNhtPoL._AC_SL1500_.jpg\"><img loading=\"lazy\" decoding=\"async\" class=\"aligncenter wp-image-25119\" src=\"http:\/\/shopvalley.fr\/wp-content\/uploads\/2023\/12\/71w6eNhtPoL._AC_SL1500_.jpg\" alt=\"Mochila multifunci\u00f3n de hombro\" width=\"532\" height=\"651\" srcset=\"https:\/\/shopvalley.fr\/wp-content\/uploads\/2023\/12\/71w6eNhtPoL._AC_SL1500_.jpg 1225w, https:\/\/shopvalley.fr\/wp-content\/uploads\/2023\/12\/71w6eNhtPoL._AC_SL1500_-150x184.jpg 150w, https:\/\/shopvalley.fr\/wp-content\/uploads\/2023\/12\/71w6eNhtPoL._AC_SL1500_-700x857.jpg 700w, https:\/\/shopvalley.fr\/wp-content\/uploads\/2023\/12\/71w6eNhtPoL._AC_SL1500_-245x300.jpg 245w, https:\/\/shopvalley.fr\/wp-content\/uploads\/2023\/12\/71w6eNhtPoL._AC_SL1500_-653x800.jpg 653w, https:\/\/shopvalley.fr\/wp-content\/uploads\/2023\/12\/71w6eNhtPoL._AC_SL1500_-768x940.jpg 768w\" sizes=\"auto, (max-width: 532px) 100vw, 532px\" \/><\/a><\/p>\n<h5><span style=\"font-size: 14pt; color: #000000;\"><strong>\u26a1 Puerto de carga USB para estar conectado en todo momento \ud83d\udcf1<\/strong><\/span><\/h5>\n<p><span style=\"font-size: 14pt; color: #000000;\">\u00a1Nunca te quedes sin bater\u00eda cuando est\u00e9s en movimiento! El puerto de carga USB externo te permite cargar tu tel\u00e9fono o port\u00e1til, convirtiendo esta bolsa en tu compa\u00f1era de almacenamiento y conectividad. <\/span><\/p>\n<p><a href=\"http:\/\/shopvalley.fr\/wp-content\/uploads\/2023\/12\/4pF2KISMIS-Sac-messager-multifonction-pour-homme-sacs-de-poitrine-gril-initi-bandouli-re-d-contract-e.jpg\"><img loading=\"lazy\" decoding=\"async\" class=\"aligncenter wp-image-25110\" src=\"http:\/\/shopvalley.fr\/wp-content\/uploads\/2023\/12\/4pF2KISMIS-Sac-messager-multifonction-pour-homme-sacs-de-poitrine-gril-initi-bandouli-re-d-contract-e.jpg\" alt=\"\" width=\"523\" height=\"523\" srcset=\"https:\/\/shopvalley.fr\/wp-content\/uploads\/2023\/12\/4pF2KISMIS-Sac-messager-multifonction-pour-homme-sacs-de-poitrine-gril-initi-bandouli-re-d-contract-e.jpg 721w, https:\/\/shopvalley.fr\/wp-content\/uploads\/2023\/12\/4pF2KISMIS-Sac-messager-multifonction-pour-homme-sacs-de-poitrine-gril-initi-bandouli-re-d-contract-e-430x430.jpg 430w, https:\/\/shopvalley.fr\/wp-content\/uploads\/2023\/12\/4pF2KISMIS-Sac-messager-multifonction-pour-homme-sacs-de-poitrine-gril-initi-bandouli-re-d-contract-e-150x150.jpg 150w, https:\/\/shopvalley.fr\/wp-content\/uploads\/2023\/12\/4pF2KISMIS-Sac-messager-multifonction-pour-homme-sacs-de-poitrine-gril-initi-bandouli-re-d-contract-e-700x700.jpg 700w, https:\/\/shopvalley.fr\/wp-content\/uploads\/2023\/12\/4pF2KISMIS-Sac-messager-multifonction-pour-homme-sacs-de-poitrine-gril-initi-bandouli-re-d-contract-e-300x300.jpg 300w\" sizes=\"auto, (max-width: 523px) 100vw, 523px\" \/><\/a><\/p>\n<h5><span style=\"font-size: 14pt; color: #000000;\"><strong>\ud83c\udf1f Equipamiento de calidad y confort \u00f3ptimo \ud83d\udcaa<\/strong><\/span><\/h5>\n<p><span style=\"font-size: 14pt; color: #000000;\">Fabricada con nailon 100%, impermeable y ultraligera, esta bolsa es tan pr\u00e1ctica como duradera. Sus cremalleras de alta calidad y su dise\u00f1o f\u00e1cil de limpiar la convierten en una elecci\u00f3n inteligente. Ll\u00e9vala c\u00f3modamente sobre el pecho y la espalda, gracias a su tama\u00f1o perfecto de 30 * 18 * 10 cm.  <\/span><\/p>\n<p><a href=\"http:\/\/shopvalley.fr\/wp-content\/uploads\/2023\/12\/611Lje1aRYL._AC_SL1500_.jpg\"><img loading=\"lazy\" decoding=\"async\" class=\"aligncenter wp-image-25120\" src=\"http:\/\/shopvalley.fr\/wp-content\/uploads\/2023\/12\/611Lje1aRYL._AC_SL1500_.jpg\" alt=\"Mochila multifunci\u00f3n de hombro\" width=\"516\" height=\"720\" srcset=\"https:\/\/shopvalley.fr\/wp-content\/uploads\/2023\/12\/611Lje1aRYL._AC_SL1500_.jpg 1011w, https:\/\/shopvalley.fr\/wp-content\/uploads\/2023\/12\/611Lje1aRYL._AC_SL1500_-150x209.jpg 150w, https:\/\/shopvalley.fr\/wp-content\/uploads\/2023\/12\/611Lje1aRYL._AC_SL1500_-700x976.jpg 700w, https:\/\/shopvalley.fr\/wp-content\/uploads\/2023\/12\/611Lje1aRYL._AC_SL1500_-215x300.jpg 215w, https:\/\/shopvalley.fr\/wp-content\/uploads\/2023\/12\/611Lje1aRYL._AC_SL1500_-574x800.jpg 574w, https:\/\/shopvalley.fr\/wp-content\/uploads\/2023\/12\/611Lje1aRYL._AC_SL1500_-768x1070.jpg 768w\" sizes=\"auto, (max-width: 516px) 100vw, 516px\" \/><\/a><\/p>\n<h5><span style=\"font-size: 14pt; color: #000000;\"><strong>\ud83c\udfaf Espacio de almacenamiento inteligente para una organizaci\u00f3n perfecta \ud83e\uddf3<\/strong><\/span><\/h5>\n<p><span style=\"font-size: 14pt; color: #000000;\">Con cinco bolsillos con cremallera, incluido uno principal para un iPad de 9,7 pulgadas, esta bolsa ofrece espacio de almacenamiento multifuncional para todos tus objetos esenciales. Desde la cartera hasta las llaves, todo tiene su sitio, con funciones pr\u00e1cticas como puertos de carga USB externos. <\/span><\/p>\n<p><a href=\"http:\/\/shopvalley.fr\/wp-content\/uploads\/2023\/12\/71mIgXoFwgL._AC_SL1500_.jpg\">                                                        <img loading=\"lazy\" decoding=\"async\" class=\"wp-image-25118 alignnone\" src=\"http:\/\/shopvalley.fr\/wp-content\/uploads\/2023\/12\/71mIgXoFwgL._AC_SL1500_.jpg\" alt=\"\" width=\"531\" height=\"502\" srcset=\"https:\/\/shopvalley.fr\/wp-content\/uploads\/2023\/12\/71mIgXoFwgL._AC_SL1500_.jpg 1500w, https:\/\/shopvalley.fr\/wp-content\/uploads\/2023\/12\/71mIgXoFwgL._AC_SL1500_-150x142.jpg 150w, https:\/\/shopvalley.fr\/wp-content\/uploads\/2023\/12\/71mIgXoFwgL._AC_SL1500_-700x662.jpg 700w, https:\/\/shopvalley.fr\/wp-content\/uploads\/2023\/12\/71mIgXoFwgL._AC_SL1500_-317x300.jpg 317w, https:\/\/shopvalley.fr\/wp-content\/uploads\/2023\/12\/71mIgXoFwgL._AC_SL1500_-846x800.jpg 846w, https:\/\/shopvalley.fr\/wp-content\/uploads\/2023\/12\/71mIgXoFwgL._AC_SL1500_-768x727.jpg 768w\" sizes=\"auto, (max-width: 531px) 100vw, 531px\" \/><\/a><a href=\"http:\/\/shopvalley.fr\/wp-content\/uploads\/2023\/12\/main-image-6.jpeg\"><img loading=\"lazy\" decoding=\"async\" class=\"wp-image-25128 alignnone\" src=\"http:\/\/shopvalley.fr\/wp-content\/uploads\/2023\/12\/main-image-6.jpeg\" alt=\"\" width=\"435\" height=\"498\" srcset=\"https:\/\/shopvalley.fr\/wp-content\/uploads\/2023\/12\/main-image-6.jpeg 800w, https:\/\/shopvalley.fr\/wp-content\/uploads\/2023\/12\/main-image-6-150x172.jpeg 150w, https:\/\/shopvalley.fr\/wp-content\/uploads\/2023\/12\/main-image-6-700x802.jpeg 700w, https:\/\/shopvalley.fr\/wp-content\/uploads\/2023\/12\/main-image-6-262x300.jpeg 262w, https:\/\/shopvalley.fr\/wp-content\/uploads\/2023\/12\/main-image-6-699x800.jpeg 699w, https:\/\/shopvalley.fr\/wp-content\/uploads\/2023\/12\/main-image-6-768x879.jpeg 768w\" sizes=\"auto, (max-width: 435px) 100vw, 435px\" \/><\/a><\/p>\n<h5><span style=\"font-size: 14pt; color: #000000;\"><strong>\ud83d\udee1\ufe0f Dise\u00f1o ergon\u00f3mico para un uso seguro y pr\u00e1ctico \ud83d\udeb6\u200d\u2642\ufe0f<\/strong><\/span><\/h5>\n<p><span style=\"font-size: 14pt; color: #000000;\">La correa ajustable y los tirantes de malla acolchados ofrecen una comodidad \u00f3ptima. El f\u00e1cil acceso a tus pertenencias, combinado con un bolsillo interior seguro, hace que esta mochila bandolera sea pr\u00e1ctica y segura para todas tus aventuras. <\/span><\/p>\n","protected":false},"excerpt":{"rendered":"<p>\ud83c\udf92Explora el mundo con nuestra mochila multifunci\u00f3n USB impermeable\ud83c\udf0d Sum\u00e9rgete en la aventura con nuestra Mochila Multifunci\u00f3n ultraligera, una compa\u00f1era<\/p>\n","protected":false},"featured_media":25092,"comment_status":"closed","ping_status":"closed","template":"","meta":[],"product_brand":[1139],"product_cat":[988],"product_tag":[990],"class_list":{"0":"post-63623","1":"product","2":"type-product","3":"status-publish","4":"has-post-thumbnail","6":"product_brand-shopvalley","7":"product_cat-accesorios","8":"product_tag-noflash-es","10":"first","11":"instock","12":"sale","13":"taxable","14":"shipping-taxable","15":"purchasable","16":"product-type-variable","17":"has-default-attributes"},"yoast_head":"<!-- This site is optimized with the Yoast SEO plugin v27.4 - https:\/\/yoast.com\/product\/yoast-seo-wordpress\/ -->\n<title>Bolso multifunci\u00f3n USB impermeable - ShopValley<\/title>\n<meta name=\"description\" content=\"Sum\u00e9rgete en la aventura con nuestra Mochila Multifunci\u00f3n ultraligera, una compa\u00f1era fiable para todas tus escapadas.\" \/>\n<meta name=\"robots\" content=\"index, follow, max-snippet:-1, max-image-preview:large, max-video-preview:-1\" \/>\n<link rel=\"canonical\" href=\"https:\/\/shopvalley.fr\/es\/produit\/bolso-multifuncion-usb-impermeable\/\" \/>\n<meta property=\"og:locale\" content=\"es_ES\" \/>\n<meta property=\"og:type\" content=\"article\" \/>\n<meta property=\"og:title\" content=\"Bolso multifunci\u00f3n USB impermeable - ShopValley\" \/>\n<meta property=\"og:description\" content=\"Sum\u00e9rgete en la aventura con nuestra Mochila Multifunci\u00f3n ultraligera, una compa\u00f1era fiable para todas tus escapadas.\" \/>\n<meta property=\"og:url\" content=\"https:\/\/shopvalley.fr\/es\/produit\/bolso-multifuncion-usb-impermeable\/\" \/>\n<meta property=\"og:site_name\" content=\"ShopValley\" \/>\n<meta property=\"article:modified_time\" content=\"2026-01-17T21:53:15+00:00\" \/>\n<meta property=\"og:image\" content=\"https:\/\/shopvalley.fr\/wp-content\/uploads\/2023\/12\/78443437-5148-417b-ac50-c27fc60d8319-1.jpg\" \/>\n\t<meta property=\"og:image:width\" content=\"800\" \/>\n\t<meta property=\"og:image:height\" content=\"800\" \/>\n\t<meta property=\"og:image:type\" content=\"image\/jpeg\" \/>\n<script type=\"application\/ld+json\" class=\"yoast-schema-graph\">{\"@context\":\"https:\\\/\\\/schema.org\",\"@graph\":[{\"@type\":\"WebPage\",\"@id\":\"https:\\\/\\\/shopvalley.fr\\\/es\\\/produit\\\/bolso-multifuncion-usb-impermeable\\\/\",\"url\":\"https:\\\/\\\/shopvalley.fr\\\/es\\\/produit\\\/bolso-multifuncion-usb-impermeable\\\/\",\"name\":\"Bolso multifunci\u00f3n USB impermeable - ShopValley\",\"isPartOf\":{\"@id\":\"https:\\\/\\\/shopvalley.fr\\\/es\\\/#website\"},\"primaryImageOfPage\":{\"@id\":\"https:\\\/\\\/shopvalley.fr\\\/es\\\/produit\\\/bolso-multifuncion-usb-impermeable\\\/#primaryimage\"},\"image\":{\"@id\":\"https:\\\/\\\/shopvalley.fr\\\/es\\\/produit\\\/bolso-multifuncion-usb-impermeable\\\/#primaryimage\"},\"thumbnailUrl\":\"https:\\\/\\\/shopvalley.fr\\\/wp-content\\\/uploads\\\/2023\\\/12\\\/78443437-5148-417b-ac50-c27fc60d8319-1.jpg\",\"datePublished\":\"2023-12-17T16:24:42+00:00\",\"dateModified\":\"2026-01-17T21:53:15+00:00\",\"description\":\"Sum\u00e9rgete en la aventura con nuestra Mochila Multifunci\u00f3n ultraligera, una compa\u00f1era fiable para todas tus escapadas.\",\"breadcrumb\":{\"@id\":\"https:\\\/\\\/shopvalley.fr\\\/es\\\/produit\\\/bolso-multifuncion-usb-impermeable\\\/#breadcrumb\"},\"inLanguage\":\"es\",\"potentialAction\":[{\"@type\":\"ReadAction\",\"target\":[\"https:\\\/\\\/shopvalley.fr\\\/es\\\/produit\\\/bolso-multifuncion-usb-impermeable\\\/\"]}]},{\"@type\":\"ImageObject\",\"inLanguage\":\"es\",\"@id\":\"https:\\\/\\\/shopvalley.fr\\\/es\\\/produit\\\/bolso-multifuncion-usb-impermeable\\\/#primaryimage\",\"url\":\"https:\\\/\\\/shopvalley.fr\\\/wp-content\\\/uploads\\\/2023\\\/12\\\/78443437-5148-417b-ac50-c27fc60d8319-1.jpg\",\"contentUrl\":\"https:\\\/\\\/shopvalley.fr\\\/wp-content\\\/uploads\\\/2023\\\/12\\\/78443437-5148-417b-ac50-c27fc60d8319-1.jpg\",\"width\":800,\"height\":800},{\"@type\":\"BreadcrumbList\",\"@id\":\"https:\\\/\\\/shopvalley.fr\\\/es\\\/produit\\\/bolso-multifuncion-usb-impermeable\\\/#breadcrumb\",\"itemListElement\":[{\"@type\":\"ListItem\",\"position\":1,\"name\":\"Accueil\",\"item\":\"https:\\\/\\\/shopvalley.fr\\\/es\\\/\"},{\"@type\":\"ListItem\",\"position\":2,\"name\":\"Todos los productos\",\"item\":\"https:\\\/\\\/shopvalley.fr\\\/es\\\/todos-los-productos\\\/\"},{\"@type\":\"ListItem\",\"position\":3,\"name\":\"Bolso multifunci\u00f3n USB impermeable\"}]},{\"@type\":\"WebSite\",\"@id\":\"https:\\\/\\\/shopvalley.fr\\\/es\\\/#website\",\"url\":\"https:\\\/\\\/shopvalley.fr\\\/es\\\/\",\"name\":\"ShopValley\",\"description\":\"\u00a1Productos de moda a precios bajos!\",\"publisher\":{\"@id\":\"https:\\\/\\\/shopvalley.fr\\\/es\\\/#organization\"},\"potentialAction\":[{\"@type\":\"SearchAction\",\"target\":{\"@type\":\"EntryPoint\",\"urlTemplate\":\"https:\\\/\\\/shopvalley.fr\\\/es\\\/?s={search_term_string}\"},\"query-input\":{\"@type\":\"PropertyValueSpecification\",\"valueRequired\":true,\"valueName\":\"search_term_string\"}}],\"inLanguage\":\"es\"},{\"@type\":\"Organization\",\"@id\":\"https:\\\/\\\/shopvalley.fr\\\/es\\\/#organization\",\"name\":\"Shopvalley\",\"url\":\"https:\\\/\\\/shopvalley.fr\\\/es\\\/\",\"logo\":{\"@type\":\"ImageObject\",\"inLanguage\":\"es\",\"@id\":\"https:\\\/\\\/shopvalley.fr\\\/es\\\/#\\\/schema\\\/logo\\\/image\\\/\",\"url\":\"https:\\\/\\\/shopvalley.fr\\\/wp-content\\\/uploads\\\/2023\\\/11\\\/cropped-Copie-de-Logo-ShopValley-500-x-500-px-1.png\",\"contentUrl\":\"https:\\\/\\\/shopvalley.fr\\\/wp-content\\\/uploads\\\/2023\\\/11\\\/cropped-Copie-de-Logo-ShopValley-500-x-500-px-1.png\",\"width\":512,\"height\":512,\"caption\":\"Shopvalley\"},\"image\":{\"@id\":\"https:\\\/\\\/shopvalley.fr\\\/es\\\/#\\\/schema\\\/logo\\\/image\\\/\"}}]}<\/script>\n<!-- \/ Yoast SEO plugin. -->","yoast_head_json":{"title":"Bolso multifunci\u00f3n USB impermeable - ShopValley","description":"Sum\u00e9rgete en la aventura con nuestra Mochila Multifunci\u00f3n ultraligera, una compa\u00f1era fiable para todas tus escapadas.","robots":{"index":"index","follow":"follow","max-snippet":"max-snippet:-1","max-image-preview":"max-image-preview:large","max-video-preview":"max-video-preview:-1"},"canonical":"https:\/\/shopvalley.fr\/es\/produit\/bolso-multifuncion-usb-impermeable\/","og_locale":"es_ES","og_type":"article","og_title":"Bolso multifunci\u00f3n USB impermeable - ShopValley","og_description":"Sum\u00e9rgete en la aventura con nuestra Mochila Multifunci\u00f3n ultraligera, una compa\u00f1era fiable para todas tus escapadas.","og_url":"https:\/\/shopvalley.fr\/es\/produit\/bolso-multifuncion-usb-impermeable\/","og_site_name":"ShopValley","article_modified_time":"2026-01-17T21:53:15+00:00","og_image":[{"width":800,"height":800,"url":"https:\/\/shopvalley.fr\/wp-content\/uploads\/2023\/12\/78443437-5148-417b-ac50-c27fc60d8319-1.jpg","type":"image\/jpeg"}],"schema":{"@context":"https:\/\/schema.org","@graph":[{"@type":"WebPage","@id":"https:\/\/shopvalley.fr\/es\/produit\/bolso-multifuncion-usb-impermeable\/","url":"https:\/\/shopvalley.fr\/es\/produit\/bolso-multifuncion-usb-impermeable\/","name":"Bolso multifunci\u00f3n USB impermeable - ShopValley","isPartOf":{"@id":"https:\/\/shopvalley.fr\/es\/#website"},"primaryImageOfPage":{"@id":"https:\/\/shopvalley.fr\/es\/produit\/bolso-multifuncion-usb-impermeable\/#primaryimage"},"image":{"@id":"https:\/\/shopvalley.fr\/es\/produit\/bolso-multifuncion-usb-impermeable\/#primaryimage"},"thumbnailUrl":"https:\/\/shopvalley.fr\/wp-content\/uploads\/2023\/12\/78443437-5148-417b-ac50-c27fc60d8319-1.jpg","datePublished":"2023-12-17T16:24:42+00:00","dateModified":"2026-01-17T21:53:15+00:00","description":"Sum\u00e9rgete en la aventura con nuestra Mochila Multifunci\u00f3n ultraligera, una compa\u00f1era fiable para todas tus escapadas.","breadcrumb":{"@id":"https:\/\/shopvalley.fr\/es\/produit\/bolso-multifuncion-usb-impermeable\/#breadcrumb"},"inLanguage":"es","potentialAction":[{"@type":"ReadAction","target":["https:\/\/shopvalley.fr\/es\/produit\/bolso-multifuncion-usb-impermeable\/"]}]},{"@type":"ImageObject","inLanguage":"es","@id":"https:\/\/shopvalley.fr\/es\/produit\/bolso-multifuncion-usb-impermeable\/#primaryimage","url":"https:\/\/shopvalley.fr\/wp-content\/uploads\/2023\/12\/78443437-5148-417b-ac50-c27fc60d8319-1.jpg","contentUrl":"https:\/\/shopvalley.fr\/wp-content\/uploads\/2023\/12\/78443437-5148-417b-ac50-c27fc60d8319-1.jpg","width":800,"height":800},{"@type":"BreadcrumbList","@id":"https:\/\/shopvalley.fr\/es\/produit\/bolso-multifuncion-usb-impermeable\/#breadcrumb","itemListElement":[{"@type":"ListItem","position":1,"name":"Accueil","item":"https:\/\/shopvalley.fr\/es\/"},{"@type":"ListItem","position":2,"name":"Todos los productos","item":"https:\/\/shopvalley.fr\/es\/todos-los-productos\/"},{"@type":"ListItem","position":3,"name":"Bolso multifunci\u00f3n USB impermeable"}]},{"@type":"WebSite","@id":"https:\/\/shopvalley.fr\/es\/#website","url":"https:\/\/shopvalley.fr\/es\/","name":"ShopValley","description":"\u00a1Productos de moda a precios bajos!","publisher":{"@id":"https:\/\/shopvalley.fr\/es\/#organization"},"potentialAction":[{"@type":"SearchAction","target":{"@type":"EntryPoint","urlTemplate":"https:\/\/shopvalley.fr\/es\/?s={search_term_string}"},"query-input":{"@type":"PropertyValueSpecification","valueRequired":true,"valueName":"search_term_string"}}],"inLanguage":"es"},{"@type":"Organization","@id":"https:\/\/shopvalley.fr\/es\/#organization","name":"Shopvalley","url":"https:\/\/shopvalley.fr\/es\/","logo":{"@type":"ImageObject","inLanguage":"es","@id":"https:\/\/shopvalley.fr\/es\/#\/schema\/logo\/image\/","url":"https:\/\/shopvalley.fr\/wp-content\/uploads\/2023\/11\/cropped-Copie-de-Logo-ShopValley-500-x-500-px-1.png","contentUrl":"https:\/\/shopvalley.fr\/wp-content\/uploads\/2023\/11\/cropped-Copie-de-Logo-ShopValley-500-x-500-px-1.png","width":512,"height":512,"caption":"Shopvalley"},"image":{"@id":"https:\/\/shopvalley.fr\/es\/#\/schema\/logo\/image\/"}}]}},"jetpack_sharing_enabled":true,"_links":{"self":[{"href":"https:\/\/shopvalley.fr\/es\/wp-json\/wp\/v2\/product\/63623","targetHints":{"allow":["GET"]}}],"collection":[{"href":"https:\/\/shopvalley.fr\/es\/wp-json\/wp\/v2\/product"}],"about":[{"href":"https:\/\/shopvalley.fr\/es\/wp-json\/wp\/v2\/types\/product"}],"replies":[{"embeddable":true,"href":"https:\/\/shopvalley.fr\/es\/wp-json\/wp\/v2\/comments?post=63623"}],"version-history":[{"count":0,"href":"https:\/\/shopvalley.fr\/es\/wp-json\/wp\/v2\/product\/63623\/revisions"}],"wp:featuredmedia":[{"embeddable":true,"href":"https:\/\/shopvalley.fr\/es\/wp-json\/wp\/v2\/media\/25092"}],"wp:attachment":[{"href":"https:\/\/shopvalley.fr\/es\/wp-json\/wp\/v2\/media?parent=63623"}],"wp:term":[{"taxonomy":"product_brand","embeddable":true,"href":"https:\/\/shopvalley.fr\/es\/wp-json\/wp\/v2\/product_brand?post=63623"},{"taxonomy":"product_cat","embeddable":true,"href":"https:\/\/shopvalley.fr\/es\/wp-json\/wp\/v2\/product_cat?post=63623"},{"taxonomy":"product_tag","embeddable":true,"href":"https:\/\/shopvalley.fr\/es\/wp-json\/wp\/v2\/product_tag?post=63623"}],"curies":[{"name":"wp","href":"https:\/\/api.w.org\/{rel}","templated":true}]}}