{"id":63595,"date":"2025-07-25T22:01:52","date_gmt":"2025-07-25T20:01:52","guid":{"rendered":"https:\/\/shopvalley.fr\/produit\/colchon-hinchable-con-almohada-integrada\/"},"modified":"2026-01-17T22:51:13","modified_gmt":"2026-01-17T21:51:13","slug":"colchon-hinchable-con-almohada-integrada","status":"publish","type":"product","link":"https:\/\/shopvalley.fr\/es\/produit\/colchon-hinchable-con-almohada-integrada\/","title":{"rendered":"Colch\u00f3n Hinchable Con Almohada Integrada"},"content":{"rendered":"<h3 data-start=\"139\" data-end=\"220\"><span style=\"font-size: 14pt; color: #000000;\"><strong data-start=\"139\" data-end=\"218\">\ud83d\udd25 M\u00e1xima comodidad al aire libre: el colch\u00f3n hinchable con almohada incorporada<\/strong><\/span><\/h3>\n<p data-start=\"222\" data-end=\"576\"><span style=\"font-size: 14pt; color: #000000;\">\u00bfSue\u00f1as con dormir pl\u00e1cidamente de acampada, en la playa o incluso de excursi\u00f3n? Descubre el <strong data-start=\"311\" data-end=\"354\">Colch\u00f3n Hinchable con Almohada Integrada<\/strong> de Vinora. Compacto, ligero y dise\u00f1ado para aventureros, te garantiza un sue\u00f1o reparador est\u00e9s donde est\u00e9s. \u00a1Aprovecha <strong data-start=\"507\" data-end=\"534\">hoy mismo<\/strong> nuestra <strong data-start=\"507\" data-end=\"534\">OFERTA ESPECIAL!<\/strong>   <\/span><\/p>\n<p data-start=\"222\" data-end=\"576\"><img loading=\"lazy\" decoding=\"async\" class=\"aligncenter wp-image-47472\" src=\"http:\/\/shopvalley.fr\/wp-content\/uploads\/2025\/07\/47463-matelas-gonflable-avec-oreiller-integre__02996.1746185362.jpg\" alt=\"Colch\u00f3n Hinchable Con Almohada Integrada 5\" width=\"441\" height=\"441\" srcset=\"https:\/\/shopvalley.fr\/wp-content\/uploads\/2025\/07\/47463-matelas-gonflable-avec-oreiller-integre__02996.1746185362.jpg 600w, https:\/\/shopvalley.fr\/wp-content\/uploads\/2025\/07\/47463-matelas-gonflable-avec-oreiller-integre__02996.1746185362-300x300.jpg 300w, https:\/\/shopvalley.fr\/wp-content\/uploads\/2025\/07\/47463-matelas-gonflable-avec-oreiller-integre__02996.1746185362-150x150.jpg 150w, https:\/\/shopvalley.fr\/wp-content\/uploads\/2025\/07\/47463-matelas-gonflable-avec-oreiller-integre__02996.1746185362-146x146.jpg 146w, https:\/\/shopvalley.fr\/wp-content\/uploads\/2025\/07\/47463-matelas-gonflable-avec-oreiller-integre__02996.1746185362-430x430.jpg 430w\" sizes=\"auto, (max-width: 441px) 100vw, 441px\" \/><\/p>\n<h3 data-start=\"583\" data-end=\"622\"><span style=\"font-size: 14pt; color: #000000;\"><strong data-start=\"583\" data-end=\"620\">\u2728 Colch\u00f3n Hinchable con Almohada Integrada: Versatilidad y Confort Reforzado<\/strong><\/span><\/h3>\n<p data-start=\"624\" data-end=\"1130\"><span style=\"font-size: 14pt; color: #000000;\">Dise\u00f1ado para satisfacer las necesidades de los amantes de la naturaleza, este <strong data-start=\"687\" data-end=\"718\">colch\u00f3n hinchable para 4 estaciones<\/strong> ofrece un soporte ergon\u00f3mico gracias a su <strong data-start=\"760\" data-end=\"794\">almohada integrada en forma de U<\/strong> y a su acolchado <strong data-start=\"817\" data-end=\"838\">de 10 cm de grosor<\/strong>. Tanto si vas de excursi\u00f3n, acampada, trekking o simplemente buscas un colch\u00f3n extra, se adapta a cualquier situaci\u00f3n. Su <strong data-start=\"986\" data-end=\"1042\">resistente estructura de nylon 40D+ y TPU de doble capa<\/strong> lo hace excepcionalmente duradero, incluso en los terrenos m\u00e1s dif\u00edciles.  <\/span><\/p>\n<p data-start=\"624\" data-end=\"1130\"><img loading=\"lazy\" decoding=\"async\" class=\"aligncenter wp-image-47478\" src=\"http:\/\/shopvalley.fr\/wp-content\/uploads\/2025\/07\/47463-matelas-gonflable-avec-oreiller-integre__73342.1746185362.jpg\" alt=\"Colch\u00f3n Hinchable Con Almohada Integrada 8\" width=\"433\" height=\"433\" srcset=\"https:\/\/shopvalley.fr\/wp-content\/uploads\/2025\/07\/47463-matelas-gonflable-avec-oreiller-integre__73342.1746185362.jpg 600w, https:\/\/shopvalley.fr\/wp-content\/uploads\/2025\/07\/47463-matelas-gonflable-avec-oreiller-integre__73342.1746185362-300x300.jpg 300w, https:\/\/shopvalley.fr\/wp-content\/uploads\/2025\/07\/47463-matelas-gonflable-avec-oreiller-integre__73342.1746185362-150x150.jpg 150w, https:\/\/shopvalley.fr\/wp-content\/uploads\/2025\/07\/47463-matelas-gonflable-avec-oreiller-integre__73342.1746185362-146x146.jpg 146w, https:\/\/shopvalley.fr\/wp-content\/uploads\/2025\/07\/47463-matelas-gonflable-avec-oreiller-integre__73342.1746185362-430x430.jpg 430w\" sizes=\"auto, (max-width: 433px) 100vw, 433px\" \/><\/p>\n<h3 data-start=\"1137\" data-end=\"1186\"><span style=\"font-size: 14pt; color: #000000;\"><strong data-start=\"1137\" data-end=\"1184\">\ud83d\ude80 Inflado r\u00e1pido y transporte ultra f\u00e1cil<\/strong><\/span><\/h3>\n<p data-start=\"1188\" data-end=\"1569\"><span style=\"font-size: 14pt; color: #000000;\">\u00a1Se acabaron las bombas voluminosas! Gracias a su <strong data-start=\"1230\" data-end=\"1248\">bomba incorporada<\/strong>, este colch\u00f3n se infla r\u00e1pidamente y sin esfuerzo. Est\u00e1 listo para usar en s\u00f3lo unos minutos. \u00bfY c\u00f3mo se guarda? Nada m\u00e1s sencillo: abre la v\u00e1lvula, pli\u00e9galo y m\u00e9telo en su <strong data-start=\"1434\" data-end=\"1475\">compacta bolsa de transporte (28 x 10 cm)<\/strong>. <strong data-start=\"1486\" data-end=\"1520\">Con s\u00f3lo 950 g de peso<\/strong>, es f\u00e1cil de meter en la mochila.     <\/span><\/p>\n<p data-start=\"1188\" data-end=\"1569\"><img loading=\"lazy\" decoding=\"async\" class=\"aligncenter wp-image-47522\" src=\"http:\/\/shopvalley.fr\/wp-content\/uploads\/2025\/07\/56312d4d-a405-47db-b247-03cec8b57a94_trans.webp\" alt=\"\" width=\"428\" height=\"428\" srcset=\"https:\/\/shopvalley.fr\/wp-content\/uploads\/2025\/07\/56312d4d-a405-47db-b247-03cec8b57a94_trans.webp 1600w, https:\/\/shopvalley.fr\/wp-content\/uploads\/2025\/07\/56312d4d-a405-47db-b247-03cec8b57a94_trans-300x300.webp 300w, https:\/\/shopvalley.fr\/wp-content\/uploads\/2025\/07\/56312d4d-a405-47db-b247-03cec8b57a94_trans-800x800.webp 800w, https:\/\/shopvalley.fr\/wp-content\/uploads\/2025\/07\/56312d4d-a405-47db-b247-03cec8b57a94_trans-150x150.webp 150w, https:\/\/shopvalley.fr\/wp-content\/uploads\/2025\/07\/56312d4d-a405-47db-b247-03cec8b57a94_trans-768x768.webp 768w, https:\/\/shopvalley.fr\/wp-content\/uploads\/2025\/07\/56312d4d-a405-47db-b247-03cec8b57a94_trans-1536x1536.webp 1536w, https:\/\/shopvalley.fr\/wp-content\/uploads\/2025\/07\/56312d4d-a405-47db-b247-03cec8b57a94_trans-146x146.webp 146w, https:\/\/shopvalley.fr\/wp-content\/uploads\/2025\/07\/56312d4d-a405-47db-b247-03cec8b57a94_trans-430x430.webp 430w, https:\/\/shopvalley.fr\/wp-content\/uploads\/2025\/07\/56312d4d-a405-47db-b247-03cec8b57a94_trans-700x700.webp 700w\" sizes=\"auto, (max-width: 428px) 100vw, 428px\" \/><\/p>\n<p data-start=\"1188\" data-end=\"1569\"><img loading=\"lazy\" decoding=\"async\" class=\"aligncenter wp-image-47524\" src=\"http:\/\/shopvalley.fr\/wp-content\/uploads\/2025\/07\/matelas-gonflable-avec-oreiller-integre__17213.jpg\" alt=\"\" width=\"454\" height=\"454\" srcset=\"https:\/\/shopvalley.fr\/wp-content\/uploads\/2025\/07\/matelas-gonflable-avec-oreiller-integre__17213.jpg 500w, https:\/\/shopvalley.fr\/wp-content\/uploads\/2025\/07\/matelas-gonflable-avec-oreiller-integre__17213-300x300.jpg 300w, https:\/\/shopvalley.fr\/wp-content\/uploads\/2025\/07\/matelas-gonflable-avec-oreiller-integre__17213-150x150.jpg 150w, https:\/\/shopvalley.fr\/wp-content\/uploads\/2025\/07\/matelas-gonflable-avec-oreiller-integre__17213-146x146.jpg 146w, https:\/\/shopvalley.fr\/wp-content\/uploads\/2025\/07\/matelas-gonflable-avec-oreiller-integre__17213-430x430.jpg 430w\" sizes=\"auto, (max-width: 454px) 100vw, 454px\" \/><\/p>\n<h3 data-start=\"1576\" data-end=\"1627\"><span style=\"font-size: 14pt; color: #000000;\"><strong data-start=\"1576\" data-end=\"1625\">\ud83d\udca1 \u00a1Date un capricho de confort est\u00e9s donde est\u00e9s!<\/strong><\/span><\/h3>\n<p data-start=\"1629\" data-end=\"1907\"><span style=\"font-size: 14pt; color: #000000;\">Con su <strong data-start=\"1637\" data-end=\"1659\">resistencia al agua<\/strong>, sus <strong data-start=\"1665\" data-end=\"1687\">clips de montaje<\/strong> para unir varios colchones y su dise\u00f1o ergon\u00f3mico, el <strong data-start=\"1748\" data-end=\"1783\">Colch\u00f3n Hinchable Con Almohada<\/strong> es tu mejor aliado para todas tus aventuras. Disfruta de la comodidad de una cama de verdad, incluso al aire libre. <\/span><\/p>\n<p data-start=\"1629\" data-end=\"1907\"><img loading=\"lazy\" decoding=\"async\" class=\"aligncenter wp-image-47478\" src=\"http:\/\/shopvalley.fr\/wp-content\/uploads\/2025\/07\/47463-matelas-gonflable-avec-oreiller-integre__73342.1746185362.jpg\" alt=\"Colch\u00f3n Hinchable Con Almohada Integrada 8\" width=\"453\" height=\"453\" srcset=\"https:\/\/shopvalley.fr\/wp-content\/uploads\/2025\/07\/47463-matelas-gonflable-avec-oreiller-integre__73342.1746185362.jpg 600w, https:\/\/shopvalley.fr\/wp-content\/uploads\/2025\/07\/47463-matelas-gonflable-avec-oreiller-integre__73342.1746185362-300x300.jpg 300w, https:\/\/shopvalley.fr\/wp-content\/uploads\/2025\/07\/47463-matelas-gonflable-avec-oreiller-integre__73342.1746185362-150x150.jpg 150w, https:\/\/shopvalley.fr\/wp-content\/uploads\/2025\/07\/47463-matelas-gonflable-avec-oreiller-integre__73342.1746185362-146x146.jpg 146w, https:\/\/shopvalley.fr\/wp-content\/uploads\/2025\/07\/47463-matelas-gonflable-avec-oreiller-integre__73342.1746185362-430x430.jpg 430w\" sizes=\"auto, (max-width: 453px) 100vw, 453px\" \/><\/p>\n","protected":false},"excerpt":{"rendered":"<p data-start=\"139\" data-end=\"220\"><span style=\"font-size: 14pt; color: #000000;\">M\u00e1xima comodidad al aire libre<\/span><\/p>\n","protected":false},"featured_media":47509,"comment_status":"closed","ping_status":"closed","template":"","meta":[],"product_brand":[1139],"product_cat":[988],"product_tag":[990],"class_list":{"0":"post-63595","1":"product","2":"type-product","3":"status-publish","4":"has-post-thumbnail","6":"product_brand-shopvalley","7":"product_cat-accesorios","8":"product_tag-noflash-es","10":"first","11":"instock","12":"sale","13":"taxable","14":"shipping-taxable","15":"purchasable","16":"product-type-variable","17":"has-default-attributes"},"yoast_head":"<!-- This site is optimized with the Yoast SEO plugin v27.4 - https:\/\/yoast.com\/product\/yoast-seo-wordpress\/ -->\n<title>Colch\u00f3n Hinchable Con Almohada Integrada - ShopValley<\/title>\n<meta name=\"description\" content=\"Colchoneta hinchable con almohada incorporada: compacta, ligera, impermeable y c\u00f3moda. Ideal para acampadas, excursiones y viajes. \u00a1Entrega r\u00e1pida!\" \/>\n<meta name=\"robots\" content=\"index, follow, max-snippet:-1, max-image-preview:large, max-video-preview:-1\" \/>\n<link rel=\"canonical\" href=\"https:\/\/shopvalley.fr\/es\/produit\/colchon-hinchable-con-almohada-integrada\/\" \/>\n<meta property=\"og:locale\" content=\"es_ES\" \/>\n<meta property=\"og:type\" content=\"article\" \/>\n<meta property=\"og:title\" content=\"Colch\u00f3n Hinchable Con Almohada Integrada - ShopValley\" \/>\n<meta property=\"og:description\" content=\"Colchoneta hinchable con almohada incorporada: compacta, ligera, impermeable y c\u00f3moda. Ideal para acampadas, excursiones y viajes. \u00a1Entrega r\u00e1pida!\" \/>\n<meta property=\"og:url\" content=\"https:\/\/shopvalley.fr\/es\/produit\/colchon-hinchable-con-almohada-integrada\/\" \/>\n<meta property=\"og:site_name\" content=\"ShopValley\" \/>\n<meta property=\"article:modified_time\" content=\"2026-01-17T21:51:13+00:00\" \/>\n<meta property=\"og:image\" content=\"https:\/\/shopvalley.fr\/wp-content\/uploads\/2025\/07\/47463-matelas-gonflable-avec-oreiller-integre__45324.1746185362.386.513.jpg\" \/>\n\t<meta property=\"og:image:width\" content=\"386\" \/>\n\t<meta property=\"og:image:height\" content=\"386\" \/>\n\t<meta property=\"og:image:type\" content=\"image\/jpeg\" \/>\n<script type=\"application\/ld+json\" class=\"yoast-schema-graph\">{\"@context\":\"https:\\\/\\\/schema.org\",\"@graph\":[{\"@type\":\"WebPage\",\"@id\":\"https:\\\/\\\/shopvalley.fr\\\/es\\\/produit\\\/colchon-hinchable-con-almohada-integrada\\\/\",\"url\":\"https:\\\/\\\/shopvalley.fr\\\/es\\\/produit\\\/colchon-hinchable-con-almohada-integrada\\\/\",\"name\":\"Colch\u00f3n Hinchable Con Almohada Integrada - ShopValley\",\"isPartOf\":{\"@id\":\"https:\\\/\\\/shopvalley.fr\\\/es\\\/#website\"},\"primaryImageOfPage\":{\"@id\":\"https:\\\/\\\/shopvalley.fr\\\/es\\\/produit\\\/colchon-hinchable-con-almohada-integrada\\\/#primaryimage\"},\"image\":{\"@id\":\"https:\\\/\\\/shopvalley.fr\\\/es\\\/produit\\\/colchon-hinchable-con-almohada-integrada\\\/#primaryimage\"},\"thumbnailUrl\":\"https:\\\/\\\/shopvalley.fr\\\/wp-content\\\/uploads\\\/2025\\\/07\\\/47463-matelas-gonflable-avec-oreiller-integre__45324.1746185362.386.513.jpg\",\"datePublished\":\"2025-07-25T20:01:52+00:00\",\"dateModified\":\"2026-01-17T21:51:13+00:00\",\"description\":\"Colchoneta hinchable con almohada incorporada: compacta, ligera, impermeable y c\u00f3moda. Ideal para acampadas, excursiones y viajes. \u00a1Entrega r\u00e1pida!\",\"breadcrumb\":{\"@id\":\"https:\\\/\\\/shopvalley.fr\\\/es\\\/produit\\\/colchon-hinchable-con-almohada-integrada\\\/#breadcrumb\"},\"inLanguage\":\"es\",\"potentialAction\":[{\"@type\":\"ReadAction\",\"target\":[\"https:\\\/\\\/shopvalley.fr\\\/es\\\/produit\\\/colchon-hinchable-con-almohada-integrada\\\/\"]}]},{\"@type\":\"ImageObject\",\"inLanguage\":\"es\",\"@id\":\"https:\\\/\\\/shopvalley.fr\\\/es\\\/produit\\\/colchon-hinchable-con-almohada-integrada\\\/#primaryimage\",\"url\":\"https:\\\/\\\/shopvalley.fr\\\/wp-content\\\/uploads\\\/2025\\\/07\\\/47463-matelas-gonflable-avec-oreiller-integre__45324.1746185362.386.513.jpg\",\"contentUrl\":\"https:\\\/\\\/shopvalley.fr\\\/wp-content\\\/uploads\\\/2025\\\/07\\\/47463-matelas-gonflable-avec-oreiller-integre__45324.1746185362.386.513.jpg\",\"width\":386,\"height\":386},{\"@type\":\"BreadcrumbList\",\"@id\":\"https:\\\/\\\/shopvalley.fr\\\/es\\\/produit\\\/colchon-hinchable-con-almohada-integrada\\\/#breadcrumb\",\"itemListElement\":[{\"@type\":\"ListItem\",\"position\":1,\"name\":\"Accueil\",\"item\":\"https:\\\/\\\/shopvalley.fr\\\/es\\\/\"},{\"@type\":\"ListItem\",\"position\":2,\"name\":\"Todos los productos\",\"item\":\"https:\\\/\\\/shopvalley.fr\\\/es\\\/todos-los-productos\\\/\"},{\"@type\":\"ListItem\",\"position\":3,\"name\":\"Colch\u00f3n Hinchable Con Almohada Integrada\"}]},{\"@type\":\"WebSite\",\"@id\":\"https:\\\/\\\/shopvalley.fr\\\/es\\\/#website\",\"url\":\"https:\\\/\\\/shopvalley.fr\\\/es\\\/\",\"name\":\"ShopValley\",\"description\":\"\u00a1Productos de moda a precios bajos!\",\"publisher\":{\"@id\":\"https:\\\/\\\/shopvalley.fr\\\/es\\\/#organization\"},\"potentialAction\":[{\"@type\":\"SearchAction\",\"target\":{\"@type\":\"EntryPoint\",\"urlTemplate\":\"https:\\\/\\\/shopvalley.fr\\\/es\\\/?s={search_term_string}\"},\"query-input\":{\"@type\":\"PropertyValueSpecification\",\"valueRequired\":true,\"valueName\":\"search_term_string\"}}],\"inLanguage\":\"es\"},{\"@type\":\"Organization\",\"@id\":\"https:\\\/\\\/shopvalley.fr\\\/es\\\/#organization\",\"name\":\"Shopvalley\",\"url\":\"https:\\\/\\\/shopvalley.fr\\\/es\\\/\",\"logo\":{\"@type\":\"ImageObject\",\"inLanguage\":\"es\",\"@id\":\"https:\\\/\\\/shopvalley.fr\\\/es\\\/#\\\/schema\\\/logo\\\/image\\\/\",\"url\":\"https:\\\/\\\/shopvalley.fr\\\/wp-content\\\/uploads\\\/2023\\\/11\\\/cropped-Copie-de-Logo-ShopValley-500-x-500-px-1.png\",\"contentUrl\":\"https:\\\/\\\/shopvalley.fr\\\/wp-content\\\/uploads\\\/2023\\\/11\\\/cropped-Copie-de-Logo-ShopValley-500-x-500-px-1.png\",\"width\":512,\"height\":512,\"caption\":\"Shopvalley\"},\"image\":{\"@id\":\"https:\\\/\\\/shopvalley.fr\\\/es\\\/#\\\/schema\\\/logo\\\/image\\\/\"}}]}<\/script>\n<!-- \/ Yoast SEO plugin. -->","yoast_head_json":{"title":"Colch\u00f3n Hinchable Con Almohada Integrada - ShopValley","description":"Colchoneta hinchable con almohada incorporada: compacta, ligera, impermeable y c\u00f3moda. Ideal para acampadas, excursiones y viajes. \u00a1Entrega r\u00e1pida!","robots":{"index":"index","follow":"follow","max-snippet":"max-snippet:-1","max-image-preview":"max-image-preview:large","max-video-preview":"max-video-preview:-1"},"canonical":"https:\/\/shopvalley.fr\/es\/produit\/colchon-hinchable-con-almohada-integrada\/","og_locale":"es_ES","og_type":"article","og_title":"Colch\u00f3n Hinchable Con Almohada Integrada - ShopValley","og_description":"Colchoneta hinchable con almohada incorporada: compacta, ligera, impermeable y c\u00f3moda. Ideal para acampadas, excursiones y viajes. \u00a1Entrega r\u00e1pida!","og_url":"https:\/\/shopvalley.fr\/es\/produit\/colchon-hinchable-con-almohada-integrada\/","og_site_name":"ShopValley","article_modified_time":"2026-01-17T21:51:13+00:00","og_image":[{"width":386,"height":386,"url":"https:\/\/shopvalley.fr\/wp-content\/uploads\/2025\/07\/47463-matelas-gonflable-avec-oreiller-integre__45324.1746185362.386.513.jpg","type":"image\/jpeg"}],"schema":{"@context":"https:\/\/schema.org","@graph":[{"@type":"WebPage","@id":"https:\/\/shopvalley.fr\/es\/produit\/colchon-hinchable-con-almohada-integrada\/","url":"https:\/\/shopvalley.fr\/es\/produit\/colchon-hinchable-con-almohada-integrada\/","name":"Colch\u00f3n Hinchable Con Almohada Integrada - ShopValley","isPartOf":{"@id":"https:\/\/shopvalley.fr\/es\/#website"},"primaryImageOfPage":{"@id":"https:\/\/shopvalley.fr\/es\/produit\/colchon-hinchable-con-almohada-integrada\/#primaryimage"},"image":{"@id":"https:\/\/shopvalley.fr\/es\/produit\/colchon-hinchable-con-almohada-integrada\/#primaryimage"},"thumbnailUrl":"https:\/\/shopvalley.fr\/wp-content\/uploads\/2025\/07\/47463-matelas-gonflable-avec-oreiller-integre__45324.1746185362.386.513.jpg","datePublished":"2025-07-25T20:01:52+00:00","dateModified":"2026-01-17T21:51:13+00:00","description":"Colchoneta hinchable con almohada incorporada: compacta, ligera, impermeable y c\u00f3moda. Ideal para acampadas, excursiones y viajes. \u00a1Entrega r\u00e1pida!","breadcrumb":{"@id":"https:\/\/shopvalley.fr\/es\/produit\/colchon-hinchable-con-almohada-integrada\/#breadcrumb"},"inLanguage":"es","potentialAction":[{"@type":"ReadAction","target":["https:\/\/shopvalley.fr\/es\/produit\/colchon-hinchable-con-almohada-integrada\/"]}]},{"@type":"ImageObject","inLanguage":"es","@id":"https:\/\/shopvalley.fr\/es\/produit\/colchon-hinchable-con-almohada-integrada\/#primaryimage","url":"https:\/\/shopvalley.fr\/wp-content\/uploads\/2025\/07\/47463-matelas-gonflable-avec-oreiller-integre__45324.1746185362.386.513.jpg","contentUrl":"https:\/\/shopvalley.fr\/wp-content\/uploads\/2025\/07\/47463-matelas-gonflable-avec-oreiller-integre__45324.1746185362.386.513.jpg","width":386,"height":386},{"@type":"BreadcrumbList","@id":"https:\/\/shopvalley.fr\/es\/produit\/colchon-hinchable-con-almohada-integrada\/#breadcrumb","itemListElement":[{"@type":"ListItem","position":1,"name":"Accueil","item":"https:\/\/shopvalley.fr\/es\/"},{"@type":"ListItem","position":2,"name":"Todos los productos","item":"https:\/\/shopvalley.fr\/es\/todos-los-productos\/"},{"@type":"ListItem","position":3,"name":"Colch\u00f3n Hinchable Con Almohada Integrada"}]},{"@type":"WebSite","@id":"https:\/\/shopvalley.fr\/es\/#website","url":"https:\/\/shopvalley.fr\/es\/","name":"ShopValley","description":"\u00a1Productos de moda a precios bajos!","publisher":{"@id":"https:\/\/shopvalley.fr\/es\/#organization"},"potentialAction":[{"@type":"SearchAction","target":{"@type":"EntryPoint","urlTemplate":"https:\/\/shopvalley.fr\/es\/?s={search_term_string}"},"query-input":{"@type":"PropertyValueSpecification","valueRequired":true,"valueName":"search_term_string"}}],"inLanguage":"es"},{"@type":"Organization","@id":"https:\/\/shopvalley.fr\/es\/#organization","name":"Shopvalley","url":"https:\/\/shopvalley.fr\/es\/","logo":{"@type":"ImageObject","inLanguage":"es","@id":"https:\/\/shopvalley.fr\/es\/#\/schema\/logo\/image\/","url":"https:\/\/shopvalley.fr\/wp-content\/uploads\/2023\/11\/cropped-Copie-de-Logo-ShopValley-500-x-500-px-1.png","contentUrl":"https:\/\/shopvalley.fr\/wp-content\/uploads\/2023\/11\/cropped-Copie-de-Logo-ShopValley-500-x-500-px-1.png","width":512,"height":512,"caption":"Shopvalley"},"image":{"@id":"https:\/\/shopvalley.fr\/es\/#\/schema\/logo\/image\/"}}]}},"jetpack_sharing_enabled":true,"_links":{"self":[{"href":"https:\/\/shopvalley.fr\/es\/wp-json\/wp\/v2\/product\/63595","targetHints":{"allow":["GET"]}}],"collection":[{"href":"https:\/\/shopvalley.fr\/es\/wp-json\/wp\/v2\/product"}],"about":[{"href":"https:\/\/shopvalley.fr\/es\/wp-json\/wp\/v2\/types\/product"}],"replies":[{"embeddable":true,"href":"https:\/\/shopvalley.fr\/es\/wp-json\/wp\/v2\/comments?post=63595"}],"version-history":[{"count":0,"href":"https:\/\/shopvalley.fr\/es\/wp-json\/wp\/v2\/product\/63595\/revisions"}],"wp:featuredmedia":[{"embeddable":true,"href":"https:\/\/shopvalley.fr\/es\/wp-json\/wp\/v2\/media\/47509"}],"wp:attachment":[{"href":"https:\/\/shopvalley.fr\/es\/wp-json\/wp\/v2\/media?parent=63595"}],"wp:term":[{"taxonomy":"product_brand","embeddable":true,"href":"https:\/\/shopvalley.fr\/es\/wp-json\/wp\/v2\/product_brand?post=63595"},{"taxonomy":"product_cat","embeddable":true,"href":"https:\/\/shopvalley.fr\/es\/wp-json\/wp\/v2\/product_cat?post=63595"},{"taxonomy":"product_tag","embeddable":true,"href":"https:\/\/shopvalley.fr\/es\/wp-json\/wp\/v2\/product_tag?post=63595"}],"curies":[{"name":"wp","href":"https:\/\/api.w.org\/{rel}","templated":true}]}}