{"id":63522,"date":"2025-12-27T11:51:23","date_gmt":"2025-12-27T10:51:23","guid":{"rendered":"https:\/\/shopvalley.fr\/produit\/termoventilador-electrico-portatil\/"},"modified":"2026-01-17T22:48:33","modified_gmt":"2026-01-17T21:48:33","slug":"termoventilador-electrico-portatil","status":"publish","type":"product","link":"https:\/\/shopvalley.fr\/es\/produit\/termoventilador-electrico-portatil\/","title":{"rendered":"Termoventilador el\u00e9ctrico port\u00e1til"},"content":{"rendered":"<h3 style=\"font-size: 14pt; color: #000000;\"><strong>Calor instant\u00e1neo y compacto \ud83d\udd25<\/strong><\/h3>\n<p style=\"font-size: 14pt; color: #000000;\">Descubre un calefactor potente y discreto dise\u00f1ado para calentar r\u00e1pidamente tus espacios: el <strong>calefactor port\u00e1til con ventilador<\/strong> el\u00e9ctrico proporciona un calor uniforme gracias a su tecnolog\u00eda PTC cer\u00e1mica. Con sus <strong>800 W<\/strong> y dos modos ajustables, combina rendimiento y <strong>eficiencia energ\u00e9tica<\/strong> para calentar estancias de 21 a 30 m\u00b2 sin consumir demasiado. Su tama\u00f1o <strong>compacto<\/strong> (10,5 x 10,1 x 25,8 cm) lo hace ideal para el despacho o el dormitorio.  <\/p>\n<div style=\"text-align: center;\"><img decoding=\"async\" class=\"aligncenter\" style=\"width: 469px;\" src=\"https:\/\/shopvalley.fr\/wp-content\/uploads\/2025\/12\/Chauffage-portatif-ventilateur-electrique-8.jpeg\" alt=\"Calefacci\u00f3n compacta\"><\/div>\n<h3 style=\"font-size: 14pt; color: #000000;\"><strong>Termoventilador el\u00e9ctrico port\u00e1til &#8211; dise\u00f1o pr\u00e1ctico \ud83e\udded<\/strong><\/h3>\n<p style=\"font-size: 14pt; color: #000000;\">El dise\u00f1o cuidadosamente pensado del <strong>Termoventilador El\u00e9ctrico Port\u00e1til<\/strong> hace que sea f\u00e1cil de transportar, con su asa integrada, carcasa de ABS resistente y <strong>carcasa ign\u00edfuga<\/strong> para mayor tranquilidad. Ligero (700 g) y silencioso (45-60 dB seg\u00fan el modelo), cabe perfectamente debajo de un escritorio o en una mesilla de noche. Disfruta de un calentamiento selectivo sin ruido y con una potencia calor\u00edfica constante.  <\/p>\n<div style=\"text-align: center;\"><img loading=\"lazy\" decoding=\"async\" class=\"aligncenter wp-image-57429\" src=\"http:\/\/shopvalley.fr\/wp-content\/uploads\/2025\/12\/Chauffage-portatif-ventilateur-electrique-16-1.jpeg\" alt=\"\" width=\"456\" height=\"456\" srcset=\"https:\/\/shopvalley.fr\/wp-content\/uploads\/2025\/12\/Chauffage-portatif-ventilateur-electrique-16-1.jpeg 1024w, https:\/\/shopvalley.fr\/wp-content\/uploads\/2025\/12\/Chauffage-portatif-ventilateur-electrique-16-1-300x300.jpeg 300w, https:\/\/shopvalley.fr\/wp-content\/uploads\/2025\/12\/Chauffage-portatif-ventilateur-electrique-16-1-800x800.jpeg 800w, https:\/\/shopvalley.fr\/wp-content\/uploads\/2025\/12\/Chauffage-portatif-ventilateur-electrique-16-1-150x150.jpeg 150w, https:\/\/shopvalley.fr\/wp-content\/uploads\/2025\/12\/Chauffage-portatif-ventilateur-electrique-16-1-768x768.jpeg 768w, https:\/\/shopvalley.fr\/wp-content\/uploads\/2025\/12\/Chauffage-portatif-ventilateur-electrique-16-1-146x146.jpeg 146w, https:\/\/shopvalley.fr\/wp-content\/uploads\/2025\/12\/Chauffage-portatif-ventilateur-electrique-16-1-430x430.jpeg 430w, https:\/\/shopvalley.fr\/wp-content\/uploads\/2025\/12\/Chauffage-portatif-ventilateur-electrique-16-1-700x700.jpeg 700w\" sizes=\"auto, (max-width: 456px) 100vw, 456px\" \/><\/div>\n<h3 style=\"font-size: 14pt; color: #000000;\"><strong>Mayor seguridad para el uso diario \ud83d\udee1\ufe0f<\/strong><\/h3>\n<p style=\"font-size: 14pt; color: #000000;\">La seguridad est\u00e1 en el centro del dise\u00f1o: protecci\u00f3n contra <strong>sobrecalentamiento<\/strong>, desconexi\u00f3n autom\u00e1tica en caso de vuelco y protecci\u00f3n contra cortocircuitos. La carcasa ign\u00edfuga y el sistema PTC garantizan un calentamiento estable y seguro, incluso durante un uso prolongado. Ideal para familias, oficinas y estudiantes que buscan un aparato fiable y <strong>seguro<\/strong>.  <\/p>\n<div style=\"text-align: center;\"><img decoding=\"async\" class=\"aligncenter\" style=\"width: 469px;\" src=\"https:\/\/shopvalley.fr\/wp-content\/uploads\/2025\/12\/Chauffage-portatif-ventilateur-electrique-3.jpeg\" alt=\"Seguridad antivuelco\"><\/div>\n<h3 style=\"font-size: 14pt; color: #000000;\"><strong>Calor silencioso y eficiente \ud83d\udd07<\/strong><\/h3>\n<p style=\"font-size: 14pt; color: #000000;\">Benef\u00edciate de un calentamiento r\u00e1pido y <strong>econ\u00f3mico<\/strong>: la resistencia PTC se calienta r\u00e1pidamente sin ruidos molestos, limitando las molestias (ruido declarado 45-60 dB). Es f\u00e1cil de usar, con dos ajustes para adaptar la potencia a tus necesidades y mantener el consumo al m\u00ednimo. Gracias a sus dimensiones compactas, se adapta a cualquier entorno para una comodidad inmediata.  <\/p>\n<div style=\"text-align: center;\"><img loading=\"lazy\" decoding=\"async\" class=\"aligncenter wp-image-57433\" src=\"http:\/\/shopvalley.fr\/wp-content\/uploads\/2025\/12\/Chauffage-portatif-ventilateur-electrique-15-1.jpeg\" alt=\"\" width=\"481\" height=\"481\" srcset=\"https:\/\/shopvalley.fr\/wp-content\/uploads\/2025\/12\/Chauffage-portatif-ventilateur-electrique-15-1.jpeg 1024w, https:\/\/shopvalley.fr\/wp-content\/uploads\/2025\/12\/Chauffage-portatif-ventilateur-electrique-15-1-300x300.jpeg 300w, https:\/\/shopvalley.fr\/wp-content\/uploads\/2025\/12\/Chauffage-portatif-ventilateur-electrique-15-1-800x800.jpeg 800w, https:\/\/shopvalley.fr\/wp-content\/uploads\/2025\/12\/Chauffage-portatif-ventilateur-electrique-15-1-150x150.jpeg 150w, https:\/\/shopvalley.fr\/wp-content\/uploads\/2025\/12\/Chauffage-portatif-ventilateur-electrique-15-1-768x768.jpeg 768w, https:\/\/shopvalley.fr\/wp-content\/uploads\/2025\/12\/Chauffage-portatif-ventilateur-electrique-15-1-146x146.jpeg 146w, https:\/\/shopvalley.fr\/wp-content\/uploads\/2025\/12\/Chauffage-portatif-ventilateur-electrique-15-1-430x430.jpeg 430w, https:\/\/shopvalley.fr\/wp-content\/uploads\/2025\/12\/Chauffage-portatif-ventilateur-electrique-15-1-700x700.jpeg 700w\" sizes=\"auto, (max-width: 481px) 100vw, 481px\" \/><\/div>\n<h3 style=\"font-size: 14pt; color: #000000;\"><strong>Versatilidad y movilidad &#8211; Termoventilador el\u00e9ctrico port\u00e1til \ud83d\udeb6\u200d\u2642\ufe0f<\/strong><\/h3>\n<p style=\"font-size: 14pt; color: #000000;\">Ll\u00e9vate la calefacci\u00f3n a todas partes: a la cocina, al sal\u00f3n, a la oficina, al dormitorio o debajo del escritorio para calentarte las piernas. Su <strong>portabilidad<\/strong> y ligereza facilitan su desplazamiento. El termostato estable y la construcci\u00f3n robusta garantizan un uso diario sin preocupaciones. Compacto y pr\u00e1ctico, es el complemento perfecto para las estaciones fr\u00edas.   <\/p>\n<div style=\"text-align: center;\"><img decoding=\"async\" class=\"aligncenter\" style=\"width: 469px;\" src=\"https:\/\/shopvalley.fr\/wp-content\/uploads\/2025\/12\/Chauffage-portatif-ventilateur-electrique-12.jpeg\" alt=\"Uso vers\u00e1til\"><\/div>\n<h3 style=\"font-size: 14pt; color: #000000;\"><strong>Listo para usar &#8211; P\u00eddelo ahora \u2705<\/strong><\/h3>\n<p style=\"font-size: 14pt; color: #000000;\">No dejes que el fr\u00edo te estropee el d\u00eda: el <strong>Termoventilador El\u00e9ctrico Port\u00e1til<\/strong> viene listo para usar (1 unidad + instrucciones) y es f\u00e1cil de enchufar. A\u00f1\u00e1delo a tu cesta de la compra para disfrutar de un aparato <strong>r\u00e1pido<\/strong>, <strong>seguro<\/strong> y <strong>eficaz<\/strong>. Disfruta de un confort instant\u00e1neo y de una \u00f3ptima relaci\u00f3n calidad-precio.  <\/p>\n","protected":false},"excerpt":{"rendered":"<p><span style=\"font-size: 14pt; color: #000000;\">Calefactor port\u00e1til eficaz y discreto<\/span><\/p>\n","protected":false},"featured_media":57626,"comment_status":"open","ping_status":"closed","template":"","meta":[],"product_brand":[1139],"product_cat":[988],"product_tag":[990],"class_list":{"0":"post-63522","1":"product","2":"type-product","3":"status-publish","4":"has-post-thumbnail","6":"product_brand-shopvalley","7":"product_cat-accesorios","8":"product_tag-noflash-es","10":"first","11":"instock","12":"sale","13":"taxable","14":"shipping-taxable","15":"purchasable","16":"product-type-simple"},"yoast_head":"<!-- This site is optimized with the Yoast SEO plugin v27.4 - https:\/\/yoast.com\/product\/yoast-seo-wordpress\/ -->\n<title>Termoventilador el\u00e9ctrico port\u00e1til - ShopValley<\/title>\n<meta name=\"description\" content=\"Termoventilador el\u00e9ctrico port\u00e1til: 800W PTC compacto, silencioso y seguro para habitaciones de 21-30 m\u00b2.\" \/>\n<meta name=\"robots\" content=\"index, follow, max-snippet:-1, max-image-preview:large, max-video-preview:-1\" \/>\n<link rel=\"canonical\" href=\"https:\/\/shopvalley.fr\/es\/produit\/termoventilador-electrico-portatil\/\" \/>\n<meta property=\"og:locale\" content=\"es_ES\" \/>\n<meta property=\"og:type\" content=\"article\" \/>\n<meta property=\"og:title\" content=\"Termoventilador el\u00e9ctrico port\u00e1til - ShopValley\" \/>\n<meta property=\"og:description\" content=\"Termoventilador el\u00e9ctrico port\u00e1til: 800W PTC compacto, silencioso y seguro para habitaciones de 21-30 m\u00b2.\" \/>\n<meta property=\"og:url\" content=\"https:\/\/shopvalley.fr\/es\/produit\/termoventilador-electrico-portatil\/\" \/>\n<meta property=\"og:site_name\" content=\"ShopValley\" \/>\n<meta property=\"article:modified_time\" content=\"2026-01-17T21:48:33+00:00\" \/>\n<meta property=\"og:image\" content=\"https:\/\/shopvalley.fr\/wp-content\/uploads\/2025\/12\/Generated-Image-December-27-2025-11_59AM.jpeg\" \/>\n\t<meta property=\"og:image:width\" content=\"1024\" \/>\n\t<meta property=\"og:image:height\" content=\"1024\" \/>\n\t<meta property=\"og:image:type\" content=\"image\/jpeg\" \/>\n<script type=\"application\/ld+json\" class=\"yoast-schema-graph\">{\"@context\":\"https:\\\/\\\/schema.org\",\"@graph\":[{\"@type\":\"WebPage\",\"@id\":\"https:\\\/\\\/shopvalley.fr\\\/es\\\/produit\\\/termoventilador-electrico-portatil\\\/\",\"url\":\"https:\\\/\\\/shopvalley.fr\\\/es\\\/produit\\\/termoventilador-electrico-portatil\\\/\",\"name\":\"Termoventilador el\u00e9ctrico port\u00e1til - ShopValley\",\"isPartOf\":{\"@id\":\"https:\\\/\\\/shopvalley.fr\\\/es\\\/#website\"},\"primaryImageOfPage\":{\"@id\":\"https:\\\/\\\/shopvalley.fr\\\/es\\\/produit\\\/termoventilador-electrico-portatil\\\/#primaryimage\"},\"image\":{\"@id\":\"https:\\\/\\\/shopvalley.fr\\\/es\\\/produit\\\/termoventilador-electrico-portatil\\\/#primaryimage\"},\"thumbnailUrl\":\"https:\\\/\\\/shopvalley.fr\\\/wp-content\\\/uploads\\\/2025\\\/12\\\/Generated-Image-December-27-2025-11_59AM.jpeg\",\"datePublished\":\"2025-12-27T10:51:23+00:00\",\"dateModified\":\"2026-01-17T21:48:33+00:00\",\"description\":\"Termoventilador el\u00e9ctrico port\u00e1til: 800W PTC compacto, silencioso y seguro para habitaciones de 21-30 m\u00b2.\",\"breadcrumb\":{\"@id\":\"https:\\\/\\\/shopvalley.fr\\\/es\\\/produit\\\/termoventilador-electrico-portatil\\\/#breadcrumb\"},\"inLanguage\":\"es\",\"potentialAction\":[{\"@type\":\"ReadAction\",\"target\":[\"https:\\\/\\\/shopvalley.fr\\\/es\\\/produit\\\/termoventilador-electrico-portatil\\\/\"]}]},{\"@type\":\"ImageObject\",\"inLanguage\":\"es\",\"@id\":\"https:\\\/\\\/shopvalley.fr\\\/es\\\/produit\\\/termoventilador-electrico-portatil\\\/#primaryimage\",\"url\":\"https:\\\/\\\/shopvalley.fr\\\/wp-content\\\/uploads\\\/2025\\\/12\\\/Generated-Image-December-27-2025-11_59AM.jpeg\",\"contentUrl\":\"https:\\\/\\\/shopvalley.fr\\\/wp-content\\\/uploads\\\/2025\\\/12\\\/Generated-Image-December-27-2025-11_59AM.jpeg\",\"width\":1024,\"height\":1024},{\"@type\":\"BreadcrumbList\",\"@id\":\"https:\\\/\\\/shopvalley.fr\\\/es\\\/produit\\\/termoventilador-electrico-portatil\\\/#breadcrumb\",\"itemListElement\":[{\"@type\":\"ListItem\",\"position\":1,\"name\":\"Accueil\",\"item\":\"https:\\\/\\\/shopvalley.fr\\\/es\\\/\"},{\"@type\":\"ListItem\",\"position\":2,\"name\":\"Todos los productos\",\"item\":\"https:\\\/\\\/shopvalley.fr\\\/es\\\/todos-los-productos\\\/\"},{\"@type\":\"ListItem\",\"position\":3,\"name\":\"Termoventilador el\u00e9ctrico port\u00e1til\"}]},{\"@type\":\"WebSite\",\"@id\":\"https:\\\/\\\/shopvalley.fr\\\/es\\\/#website\",\"url\":\"https:\\\/\\\/shopvalley.fr\\\/es\\\/\",\"name\":\"ShopValley\",\"description\":\"\u00a1Productos de moda a precios bajos!\",\"publisher\":{\"@id\":\"https:\\\/\\\/shopvalley.fr\\\/es\\\/#organization\"},\"potentialAction\":[{\"@type\":\"SearchAction\",\"target\":{\"@type\":\"EntryPoint\",\"urlTemplate\":\"https:\\\/\\\/shopvalley.fr\\\/es\\\/?s={search_term_string}\"},\"query-input\":{\"@type\":\"PropertyValueSpecification\",\"valueRequired\":true,\"valueName\":\"search_term_string\"}}],\"inLanguage\":\"es\"},{\"@type\":\"Organization\",\"@id\":\"https:\\\/\\\/shopvalley.fr\\\/es\\\/#organization\",\"name\":\"Shopvalley\",\"url\":\"https:\\\/\\\/shopvalley.fr\\\/es\\\/\",\"logo\":{\"@type\":\"ImageObject\",\"inLanguage\":\"es\",\"@id\":\"https:\\\/\\\/shopvalley.fr\\\/es\\\/#\\\/schema\\\/logo\\\/image\\\/\",\"url\":\"https:\\\/\\\/shopvalley.fr\\\/wp-content\\\/uploads\\\/2023\\\/11\\\/cropped-Copie-de-Logo-ShopValley-500-x-500-px-1.png\",\"contentUrl\":\"https:\\\/\\\/shopvalley.fr\\\/wp-content\\\/uploads\\\/2023\\\/11\\\/cropped-Copie-de-Logo-ShopValley-500-x-500-px-1.png\",\"width\":512,\"height\":512,\"caption\":\"Shopvalley\"},\"image\":{\"@id\":\"https:\\\/\\\/shopvalley.fr\\\/es\\\/#\\\/schema\\\/logo\\\/image\\\/\"}}]}<\/script>\n<!-- \/ Yoast SEO plugin. -->","yoast_head_json":{"title":"Termoventilador el\u00e9ctrico port\u00e1til - ShopValley","description":"Termoventilador el\u00e9ctrico port\u00e1til: 800W PTC compacto, silencioso y seguro para habitaciones de 21-30 m\u00b2.","robots":{"index":"index","follow":"follow","max-snippet":"max-snippet:-1","max-image-preview":"max-image-preview:large","max-video-preview":"max-video-preview:-1"},"canonical":"https:\/\/shopvalley.fr\/es\/produit\/termoventilador-electrico-portatil\/","og_locale":"es_ES","og_type":"article","og_title":"Termoventilador el\u00e9ctrico port\u00e1til - ShopValley","og_description":"Termoventilador el\u00e9ctrico port\u00e1til: 800W PTC compacto, silencioso y seguro para habitaciones de 21-30 m\u00b2.","og_url":"https:\/\/shopvalley.fr\/es\/produit\/termoventilador-electrico-portatil\/","og_site_name":"ShopValley","article_modified_time":"2026-01-17T21:48:33+00:00","og_image":[{"width":1024,"height":1024,"url":"https:\/\/shopvalley.fr\/wp-content\/uploads\/2025\/12\/Generated-Image-December-27-2025-11_59AM.jpeg","type":"image\/jpeg"}],"schema":{"@context":"https:\/\/schema.org","@graph":[{"@type":"WebPage","@id":"https:\/\/shopvalley.fr\/es\/produit\/termoventilador-electrico-portatil\/","url":"https:\/\/shopvalley.fr\/es\/produit\/termoventilador-electrico-portatil\/","name":"Termoventilador el\u00e9ctrico port\u00e1til - ShopValley","isPartOf":{"@id":"https:\/\/shopvalley.fr\/es\/#website"},"primaryImageOfPage":{"@id":"https:\/\/shopvalley.fr\/es\/produit\/termoventilador-electrico-portatil\/#primaryimage"},"image":{"@id":"https:\/\/shopvalley.fr\/es\/produit\/termoventilador-electrico-portatil\/#primaryimage"},"thumbnailUrl":"https:\/\/shopvalley.fr\/wp-content\/uploads\/2025\/12\/Generated-Image-December-27-2025-11_59AM.jpeg","datePublished":"2025-12-27T10:51:23+00:00","dateModified":"2026-01-17T21:48:33+00:00","description":"Termoventilador el\u00e9ctrico port\u00e1til: 800W PTC compacto, silencioso y seguro para habitaciones de 21-30 m\u00b2.","breadcrumb":{"@id":"https:\/\/shopvalley.fr\/es\/produit\/termoventilador-electrico-portatil\/#breadcrumb"},"inLanguage":"es","potentialAction":[{"@type":"ReadAction","target":["https:\/\/shopvalley.fr\/es\/produit\/termoventilador-electrico-portatil\/"]}]},{"@type":"ImageObject","inLanguage":"es","@id":"https:\/\/shopvalley.fr\/es\/produit\/termoventilador-electrico-portatil\/#primaryimage","url":"https:\/\/shopvalley.fr\/wp-content\/uploads\/2025\/12\/Generated-Image-December-27-2025-11_59AM.jpeg","contentUrl":"https:\/\/shopvalley.fr\/wp-content\/uploads\/2025\/12\/Generated-Image-December-27-2025-11_59AM.jpeg","width":1024,"height":1024},{"@type":"BreadcrumbList","@id":"https:\/\/shopvalley.fr\/es\/produit\/termoventilador-electrico-portatil\/#breadcrumb","itemListElement":[{"@type":"ListItem","position":1,"name":"Accueil","item":"https:\/\/shopvalley.fr\/es\/"},{"@type":"ListItem","position":2,"name":"Todos los productos","item":"https:\/\/shopvalley.fr\/es\/todos-los-productos\/"},{"@type":"ListItem","position":3,"name":"Termoventilador el\u00e9ctrico port\u00e1til"}]},{"@type":"WebSite","@id":"https:\/\/shopvalley.fr\/es\/#website","url":"https:\/\/shopvalley.fr\/es\/","name":"ShopValley","description":"\u00a1Productos de moda a precios bajos!","publisher":{"@id":"https:\/\/shopvalley.fr\/es\/#organization"},"potentialAction":[{"@type":"SearchAction","target":{"@type":"EntryPoint","urlTemplate":"https:\/\/shopvalley.fr\/es\/?s={search_term_string}"},"query-input":{"@type":"PropertyValueSpecification","valueRequired":true,"valueName":"search_term_string"}}],"inLanguage":"es"},{"@type":"Organization","@id":"https:\/\/shopvalley.fr\/es\/#organization","name":"Shopvalley","url":"https:\/\/shopvalley.fr\/es\/","logo":{"@type":"ImageObject","inLanguage":"es","@id":"https:\/\/shopvalley.fr\/es\/#\/schema\/logo\/image\/","url":"https:\/\/shopvalley.fr\/wp-content\/uploads\/2023\/11\/cropped-Copie-de-Logo-ShopValley-500-x-500-px-1.png","contentUrl":"https:\/\/shopvalley.fr\/wp-content\/uploads\/2023\/11\/cropped-Copie-de-Logo-ShopValley-500-x-500-px-1.png","width":512,"height":512,"caption":"Shopvalley"},"image":{"@id":"https:\/\/shopvalley.fr\/es\/#\/schema\/logo\/image\/"}}]}},"jetpack_sharing_enabled":true,"_links":{"self":[{"href":"https:\/\/shopvalley.fr\/es\/wp-json\/wp\/v2\/product\/63522","targetHints":{"allow":["GET"]}}],"collection":[{"href":"https:\/\/shopvalley.fr\/es\/wp-json\/wp\/v2\/product"}],"about":[{"href":"https:\/\/shopvalley.fr\/es\/wp-json\/wp\/v2\/types\/product"}],"replies":[{"embeddable":true,"href":"https:\/\/shopvalley.fr\/es\/wp-json\/wp\/v2\/comments?post=63522"}],"version-history":[{"count":0,"href":"https:\/\/shopvalley.fr\/es\/wp-json\/wp\/v2\/product\/63522\/revisions"}],"wp:featuredmedia":[{"embeddable":true,"href":"https:\/\/shopvalley.fr\/es\/wp-json\/wp\/v2\/media\/57626"}],"wp:attachment":[{"href":"https:\/\/shopvalley.fr\/es\/wp-json\/wp\/v2\/media?parent=63522"}],"wp:term":[{"taxonomy":"product_brand","embeddable":true,"href":"https:\/\/shopvalley.fr\/es\/wp-json\/wp\/v2\/product_brand?post=63522"},{"taxonomy":"product_cat","embeddable":true,"href":"https:\/\/shopvalley.fr\/es\/wp-json\/wp\/v2\/product_cat?post=63522"},{"taxonomy":"product_tag","embeddable":true,"href":"https:\/\/shopvalley.fr\/es\/wp-json\/wp\/v2\/product_tag?post=63522"}],"curies":[{"name":"wp","href":"https:\/\/api.w.org\/{rel}","templated":true}]}}