{"id":61856,"date":"2026-01-02T11:36:41","date_gmt":"2026-01-02T10:36:41","guid":{"rendered":"https:\/\/shopvalley.fr\/produit\/microfono-de-corbata-lavalier-usb-c\/"},"modified":"2026-01-02T23:36:39","modified_gmt":"2026-01-02T22:36:39","slug":"microfono-de-corbata-lavalier-usb-c","status":"publish","type":"product","link":"https:\/\/shopvalley.fr\/es\/produit\/microfono-de-corbata-lavalier-usb-c\/","title":{"rendered":"Micr\u00f3fono de corbata Lavalier USB-C"},"content":{"rendered":"<h3 style=\"font-size: 14pt; color: #000000;\"><strong>Micr\u00f3fono Lavalier Tie USB-C \ud83c\udfa4 &#8211; Claro, discreto y profesional<\/strong><\/h3>\n<p style=\"font-size: 14pt; color: #000000;\">Capta la atenci\u00f3n de inmediato con un sonido cristalino gracias a este <strong>Micr\u00f3fono de corbata Lavalier USB-C<\/strong>. Dise\u00f1ado para creadores, periodistas y profesionales de la web, ofrece una soluci\u00f3n compacta y f\u00e1cil de usar para mejorar la calidad de audio de tus v\u00eddeos, entrevistas y espect\u00e1culos en directo. Su peque\u00f1o tama\u00f1o lo hace casi invisible y su instalaci\u00f3n es instant\u00e1nea: enchufar, enganchar y grabar. Ideal para cualquiera que busque una soluci\u00f3n <strong>plug-and-play<\/strong> fiable. <strong>\u00a1El pack contiene 2 micr\u00f3fonos!<\/strong>   <\/p>\n<p style=\"font-size: 14pt; color: #000000;\"><img loading=\"lazy\" decoding=\"async\" class=\"aligncenter wp-image-61383\" src=\"http:\/\/shopvalley.fr\/wp-content\/uploads\/2026\/01\/file-89.webp\" alt=\"Micr\u00f3fono de corbata Lavalier USB-C\" width=\"472\" height=\"472\" srcset=\"https:\/\/shopvalley.fr\/wp-content\/uploads\/2026\/01\/file-89.webp 1024w, https:\/\/shopvalley.fr\/wp-content\/uploads\/2026\/01\/file-89-300x300.webp 300w, https:\/\/shopvalley.fr\/wp-content\/uploads\/2026\/01\/file-89-800x800.webp 800w, https:\/\/shopvalley.fr\/wp-content\/uploads\/2026\/01\/file-89-150x150.webp 150w, https:\/\/shopvalley.fr\/wp-content\/uploads\/2026\/01\/file-89-768x768.webp 768w, https:\/\/shopvalley.fr\/wp-content\/uploads\/2026\/01\/file-89-146x146.webp 146w, https:\/\/shopvalley.fr\/wp-content\/uploads\/2026\/01\/file-89-430x430.webp 430w, https:\/\/shopvalley.fr\/wp-content\/uploads\/2026\/01\/file-89-700x700.webp 700w\" sizes=\"auto, (max-width: 472px) 100vw, 472px\" \/><\/p>\n<h3 style=\"font-size: 14pt; color: #000000;\"><strong>Sonido profesional, reducci\u00f3n de ruido y transmisi\u00f3n 2.4G \ud83d\udd0a<\/strong><\/h3>\n<p style=\"font-size: 14pt; color: #000000;\">Disfruta de una reproducci\u00f3n de sonido natural gracias a una respuesta en frecuencia de 20 Hz a 20 kHz y una relaci\u00f3n se\u00f1al\/ruido \u226570 dB. La tecnolog\u00eda de reducci\u00f3n de ruido integrada garantiza un habla clara incluso en entornos ruidosos. La conexi\u00f3n inal\u00e1mbrica 2.4G garantiza <strong>una transmisi\u00f3n estable<\/strong> hasta 20 m, para un audio n\u00edtido y sin interferencias en movimiento.  <\/p>\n<p style=\"font-size: 14pt; color: #000000;\"><img loading=\"lazy\" decoding=\"async\" class=\"aligncenter wp-image-61413\" src=\"http:\/\/shopvalley.fr\/wp-content\/uploads\/2026\/01\/file-93.webp\" alt=\"Micr\u00f3fono de corbata Lavalier USB-C\" width=\"470\" height=\"470\" srcset=\"https:\/\/shopvalley.fr\/wp-content\/uploads\/2026\/01\/file-93.webp 1024w, https:\/\/shopvalley.fr\/wp-content\/uploads\/2026\/01\/file-93-300x300.webp 300w, https:\/\/shopvalley.fr\/wp-content\/uploads\/2026\/01\/file-93-800x800.webp 800w, https:\/\/shopvalley.fr\/wp-content\/uploads\/2026\/01\/file-93-150x150.webp 150w, https:\/\/shopvalley.fr\/wp-content\/uploads\/2026\/01\/file-93-768x768.webp 768w, https:\/\/shopvalley.fr\/wp-content\/uploads\/2026\/01\/file-93-146x146.webp 146w, https:\/\/shopvalley.fr\/wp-content\/uploads\/2026\/01\/file-93-430x430.webp 430w, https:\/\/shopvalley.fr\/wp-content\/uploads\/2026\/01\/file-93-700x700.webp 700w\" sizes=\"auto, (max-width: 470px) 100vw, 470px\" \/><\/p>\n<p>&nbsp;<\/p>\n<p><img loading=\"lazy\" decoding=\"async\" class=\"aligncenter wp-image-61364\" src=\"http:\/\/shopvalley.fr\/wp-content\/uploads\/2026\/01\/file-84.webp\" alt=\"Micr\u00f3fono de corbata Lavalier USB-C\" width=\"470\" height=\"470\" srcset=\"https:\/\/shopvalley.fr\/wp-content\/uploads\/2026\/01\/file-84.webp 1024w, https:\/\/shopvalley.fr\/wp-content\/uploads\/2026\/01\/file-84-300x300.webp 300w, https:\/\/shopvalley.fr\/wp-content\/uploads\/2026\/01\/file-84-800x800.webp 800w, https:\/\/shopvalley.fr\/wp-content\/uploads\/2026\/01\/file-84-150x150.webp 150w, https:\/\/shopvalley.fr\/wp-content\/uploads\/2026\/01\/file-84-768x768.webp 768w, https:\/\/shopvalley.fr\/wp-content\/uploads\/2026\/01\/file-84-146x146.webp 146w, https:\/\/shopvalley.fr\/wp-content\/uploads\/2026\/01\/file-84-430x430.webp 430w, https:\/\/shopvalley.fr\/wp-content\/uploads\/2026\/01\/file-84-700x700.webp 700w\" sizes=\"auto, (max-width: 470px) 100vw, 470px\" \/><\/p>\n<h3 style=\"font-size: 14pt; color: #000000;\"><strong>Dise\u00f1o mini, bater\u00eda de larga duraci\u00f3n y facilidad de uso \ud83c\udfa5<\/strong><\/h3>\n<p style=\"font-size: 14pt; color: #000000;\">El micr\u00f3fono es de tama\u00f1o mini, ligero y f\u00e1cil de sujetar a la ropa sin molestias. Con una bater\u00eda de capacidad integrada (300-500 mA), obtienes <strong>entre 8 y 12 horas de autonom\u00eda<\/strong> seg\u00fan el uso, perfecto para filmaciones prolongadas y eventos. La carcasa de ABS garantiza robustez y ligereza, mientras que el kit incluye receptor, cable de carga y paravientos de alta densidad para una grabaci\u00f3n \u00f3ptima.  <\/p>\n<p style=\"font-size: 14pt; color: #000000;\"><img loading=\"lazy\" decoding=\"async\" class=\"aligncenter wp-image-61353\" src=\"http:\/\/shopvalley.fr\/wp-content\/uploads\/2026\/01\/file-81.webp\" alt=\"Micr\u00f3fono de corbata Lavalier USB-C\" width=\"470\" height=\"470\" srcset=\"https:\/\/shopvalley.fr\/wp-content\/uploads\/2026\/01\/file-81.webp 1024w, https:\/\/shopvalley.fr\/wp-content\/uploads\/2026\/01\/file-81-300x300.webp 300w, https:\/\/shopvalley.fr\/wp-content\/uploads\/2026\/01\/file-81-800x800.webp 800w, https:\/\/shopvalley.fr\/wp-content\/uploads\/2026\/01\/file-81-150x150.webp 150w, https:\/\/shopvalley.fr\/wp-content\/uploads\/2026\/01\/file-81-768x768.webp 768w, https:\/\/shopvalley.fr\/wp-content\/uploads\/2026\/01\/file-81-146x146.webp 146w, https:\/\/shopvalley.fr\/wp-content\/uploads\/2026\/01\/file-81-430x430.webp 430w, https:\/\/shopvalley.fr\/wp-content\/uploads\/2026\/01\/file-81-700x700.webp 700w\" sizes=\"auto, (max-width: 470px) 100vw, 470px\" \/><\/p>\n<h3 style=\"font-size: 14pt; color: #000000;\"><strong>Micr\u00f3fono de solapa Tie USB-C \ud83d\udd0b &#8211; Compatibilidad y sencillez<\/strong><\/h3>\n<p style=\"font-size: 14pt; color: #000000;\">Este modelo est\u00e1 disponible en versi\u00f3n USB-C recargable y es compatible con dispositivos Tipo-C e interfaces de 3,5 mm. Empezar es pan comido gracias al emparejamiento autom\u00e1tico: basta con enchufar el transmisor y la conexi\u00f3n se establece autom\u00e1ticamente. Para los dise\u00f1adores exigentes, es la promesa de una soluci\u00f3n <strong>fiable<\/strong> y r\u00e1pida de usar.  <\/p>\n<p style=\"font-size: 14pt; color: #000000;\"><img loading=\"lazy\" decoding=\"async\" class=\"aligncenter wp-image-61403\" src=\"http:\/\/shopvalley.fr\/wp-content\/uploads\/2026\/01\/file-95.webp\" alt=\"Micr\u00f3fono de corbata Lavalier USB-C\" width=\"471\" height=\"471\" srcset=\"https:\/\/shopvalley.fr\/wp-content\/uploads\/2026\/01\/file-95.webp 1024w, https:\/\/shopvalley.fr\/wp-content\/uploads\/2026\/01\/file-95-300x300.webp 300w, https:\/\/shopvalley.fr\/wp-content\/uploads\/2026\/01\/file-95-800x800.webp 800w, https:\/\/shopvalley.fr\/wp-content\/uploads\/2026\/01\/file-95-150x150.webp 150w, https:\/\/shopvalley.fr\/wp-content\/uploads\/2026\/01\/file-95-768x768.webp 768w, https:\/\/shopvalley.fr\/wp-content\/uploads\/2026\/01\/file-95-146x146.webp 146w, https:\/\/shopvalley.fr\/wp-content\/uploads\/2026\/01\/file-95-430x430.webp 430w, https:\/\/shopvalley.fr\/wp-content\/uploads\/2026\/01\/file-95-700x700.webp 700w\" sizes=\"auto, (max-width: 471px) 100vw, 471px\" \/><\/p>\n<p>&nbsp;<\/p>\n<p>&nbsp;<\/p>\n<h3 style=\"font-size: 14pt; color: #000000;\"><strong>\u00bfPor qu\u00e9 adoptarlo ahora? Reg\u00e1late un sonido profesional \u26a1 <\/strong><\/h3>\n<p style=\"font-size: 14pt; color: #000000;\">Mejora inmediatamente la calidad de tus producciones con un equipo dise\u00f1ado para la movilidad y la calidad de audio. El <strong>pack incluye 2 micr\u00f3fono(s)<\/strong>, receptor, cable de carga e instrucciones: todo lo que necesitas para empezar. Este <strong>micr\u00f3fono de solapa<\/strong> es perfecto para YouTube, entrevistas, vlogs y presentaciones. Disfruta de una experiencia de audio superior y haz que tu contenido sea m\u00e1s profesional e impactante.   <\/p>\n<p style=\"font-size: 14pt; color: #000000;\"><img loading=\"lazy\" decoding=\"async\" class=\"aligncenter wp-image-61394\" src=\"http:\/\/shopvalley.fr\/wp-content\/uploads\/2026\/01\/file-88.webp\" alt=\"Micr\u00f3fono de corbata Lavalier USB-C\" width=\"471\" height=\"471\" srcset=\"https:\/\/shopvalley.fr\/wp-content\/uploads\/2026\/01\/file-88.webp 1024w, https:\/\/shopvalley.fr\/wp-content\/uploads\/2026\/01\/file-88-300x300.webp 300w, https:\/\/shopvalley.fr\/wp-content\/uploads\/2026\/01\/file-88-800x800.webp 800w, https:\/\/shopvalley.fr\/wp-content\/uploads\/2026\/01\/file-88-150x150.webp 150w, https:\/\/shopvalley.fr\/wp-content\/uploads\/2026\/01\/file-88-768x768.webp 768w, https:\/\/shopvalley.fr\/wp-content\/uploads\/2026\/01\/file-88-146x146.webp 146w, https:\/\/shopvalley.fr\/wp-content\/uploads\/2026\/01\/file-88-430x430.webp 430w, https:\/\/shopvalley.fr\/wp-content\/uploads\/2026\/01\/file-88-700x700.webp 700w\" sizes=\"auto, (max-width: 471px) 100vw, 471px\" \/><\/p>\n<h3 style=\"font-size: 14pt; color: #000000;\"><strong>Oferta y llamada a la acci\u00f3n \u2705<\/strong><\/h3>\n<p style=\"font-size: 14pt; color: #000000;\">No dejes que el sonido arruine tus v\u00eddeos: pide ahora este micr\u00f3fono y comprueba la diferencia. F\u00e1cil de transportar, <strong>ultracompacto<\/strong> y potente, transforma al instante tus grabaciones. A\u00f1\u00e1delo a tu cesta y obtendr\u00e1s un kit completo listo para usar y una calidad de sonido profesional nada m\u00e1s sacarlo de la caja.  <\/p>\n","protected":false},"excerpt":{"rendered":"<p><span style=\"font-size: 14pt; color: #000000;\">Micr\u00f3fono Lavalier Tie USB-C \ud83c\udfa4 &#8211; Claro, discreto y profesional<\/span><\/p>\n","protected":false},"featured_media":61378,"comment_status":"open","ping_status":"closed","template":"","meta":[],"product_brand":[],"product_cat":[853],"product_tag":[990],"class_list":{"0":"post-61856","1":"product","2":"type-product","3":"status-publish","4":"has-post-thumbnail","6":"product_cat-non-classe","7":"product_tag-noflash-es","9":"first","10":"instock","11":"sale","12":"taxable","13":"shipping-taxable","14":"purchasable","15":"product-type-simple"},"yoast_head":"<!-- This site is optimized with the Yoast SEO plugin v27.4 - https:\/\/yoast.com\/product\/yoast-seo-wordpress\/ -->\n<title>Micr\u00f3fono de corbata Lavalier USB-C - ShopValley<\/title>\n<meta name=\"description\" content=\"Micr\u00f3fono Lavalier Tie USB-C: sonido profesional, discreto y plug-and-play para v\u00eddeos, entrevistas y espect\u00e1culos en directo, 8-12 h de duraci\u00f3n de la bater\u00eda.\" \/>\n<meta name=\"robots\" content=\"index, follow, max-snippet:-1, max-image-preview:large, max-video-preview:-1\" \/>\n<link rel=\"canonical\" href=\"https:\/\/shopvalley.fr\/es\/produit\/microfono-de-corbata-lavalier-usb-c\/\" \/>\n<meta property=\"og:locale\" content=\"es_ES\" \/>\n<meta property=\"og:type\" content=\"article\" \/>\n<meta property=\"og:title\" content=\"Micr\u00f3fono de corbata Lavalier USB-C - ShopValley\" \/>\n<meta property=\"og:description\" content=\"Micr\u00f3fono Lavalier Tie USB-C: sonido profesional, discreto y plug-and-play para v\u00eddeos, entrevistas y espect\u00e1culos en directo, 8-12 h de duraci\u00f3n de la bater\u00eda.\" \/>\n<meta property=\"og:url\" content=\"https:\/\/shopvalley.fr\/es\/produit\/microfono-de-corbata-lavalier-usb-c\/\" \/>\n<meta property=\"og:site_name\" content=\"ShopValley\" \/>\n<meta property=\"article:modified_time\" content=\"2026-01-02T22:36:39+00:00\" \/>\n<meta property=\"og:image\" content=\"https:\/\/shopvalley.fr\/wp-content\/uploads\/2026\/01\/a03601c6-5093-4b19-927b-3649c8710146.webp\" \/>\n\t<meta property=\"og:image:width\" content=\"415\" \/>\n\t<meta property=\"og:image:height\" content=\"429\" \/>\n\t<meta property=\"og:image:type\" content=\"image\/webp\" \/>\n<script type=\"application\/ld+json\" class=\"yoast-schema-graph\">{\"@context\":\"https:\\\/\\\/schema.org\",\"@graph\":[{\"@type\":\"WebPage\",\"@id\":\"https:\\\/\\\/shopvalley.fr\\\/es\\\/produit\\\/microfono-de-corbata-lavalier-usb-c\\\/\",\"url\":\"https:\\\/\\\/shopvalley.fr\\\/es\\\/produit\\\/microfono-de-corbata-lavalier-usb-c\\\/\",\"name\":\"Micr\u00f3fono de corbata Lavalier USB-C - ShopValley\",\"isPartOf\":{\"@id\":\"https:\\\/\\\/shopvalley.fr\\\/es\\\/#website\"},\"primaryImageOfPage\":{\"@id\":\"https:\\\/\\\/shopvalley.fr\\\/es\\\/produit\\\/microfono-de-corbata-lavalier-usb-c\\\/#primaryimage\"},\"image\":{\"@id\":\"https:\\\/\\\/shopvalley.fr\\\/es\\\/produit\\\/microfono-de-corbata-lavalier-usb-c\\\/#primaryimage\"},\"thumbnailUrl\":\"https:\\\/\\\/shopvalley.fr\\\/wp-content\\\/uploads\\\/2026\\\/01\\\/a03601c6-5093-4b19-927b-3649c8710146.webp\",\"datePublished\":\"2026-01-02T10:36:41+00:00\",\"dateModified\":\"2026-01-02T22:36:39+00:00\",\"description\":\"Micr\u00f3fono Lavalier Tie USB-C: sonido profesional, discreto y plug-and-play para v\u00eddeos, entrevistas y espect\u00e1culos en directo, 8-12 h de duraci\u00f3n de la bater\u00eda.\",\"breadcrumb\":{\"@id\":\"https:\\\/\\\/shopvalley.fr\\\/es\\\/produit\\\/microfono-de-corbata-lavalier-usb-c\\\/#breadcrumb\"},\"inLanguage\":\"es\",\"potentialAction\":[{\"@type\":\"ReadAction\",\"target\":[\"https:\\\/\\\/shopvalley.fr\\\/es\\\/produit\\\/microfono-de-corbata-lavalier-usb-c\\\/\"]}]},{\"@type\":\"ImageObject\",\"inLanguage\":\"es\",\"@id\":\"https:\\\/\\\/shopvalley.fr\\\/es\\\/produit\\\/microfono-de-corbata-lavalier-usb-c\\\/#primaryimage\",\"url\":\"https:\\\/\\\/shopvalley.fr\\\/wp-content\\\/uploads\\\/2026\\\/01\\\/a03601c6-5093-4b19-927b-3649c8710146.webp\",\"contentUrl\":\"https:\\\/\\\/shopvalley.fr\\\/wp-content\\\/uploads\\\/2026\\\/01\\\/a03601c6-5093-4b19-927b-3649c8710146.webp\",\"width\":415,\"height\":429},{\"@type\":\"BreadcrumbList\",\"@id\":\"https:\\\/\\\/shopvalley.fr\\\/es\\\/produit\\\/microfono-de-corbata-lavalier-usb-c\\\/#breadcrumb\",\"itemListElement\":[{\"@type\":\"ListItem\",\"position\":1,\"name\":\"Accueil\",\"item\":\"https:\\\/\\\/shopvalley.fr\\\/es\\\/\"},{\"@type\":\"ListItem\",\"position\":2,\"name\":\"Todos los productos\",\"item\":\"https:\\\/\\\/shopvalley.fr\\\/es\\\/todos-los-productos\\\/\"},{\"@type\":\"ListItem\",\"position\":3,\"name\":\"Micr\u00f3fono de corbata Lavalier USB-C\"}]},{\"@type\":\"WebSite\",\"@id\":\"https:\\\/\\\/shopvalley.fr\\\/es\\\/#website\",\"url\":\"https:\\\/\\\/shopvalley.fr\\\/es\\\/\",\"name\":\"ShopValley\",\"description\":\"\u00a1Productos de moda a precios bajos!\",\"publisher\":{\"@id\":\"https:\\\/\\\/shopvalley.fr\\\/es\\\/#organization\"},\"potentialAction\":[{\"@type\":\"SearchAction\",\"target\":{\"@type\":\"EntryPoint\",\"urlTemplate\":\"https:\\\/\\\/shopvalley.fr\\\/es\\\/?s={search_term_string}\"},\"query-input\":{\"@type\":\"PropertyValueSpecification\",\"valueRequired\":true,\"valueName\":\"search_term_string\"}}],\"inLanguage\":\"es\"},{\"@type\":\"Organization\",\"@id\":\"https:\\\/\\\/shopvalley.fr\\\/es\\\/#organization\",\"name\":\"Shopvalley\",\"url\":\"https:\\\/\\\/shopvalley.fr\\\/es\\\/\",\"logo\":{\"@type\":\"ImageObject\",\"inLanguage\":\"es\",\"@id\":\"https:\\\/\\\/shopvalley.fr\\\/es\\\/#\\\/schema\\\/logo\\\/image\\\/\",\"url\":\"https:\\\/\\\/shopvalley.fr\\\/wp-content\\\/uploads\\\/2023\\\/11\\\/cropped-Copie-de-Logo-ShopValley-500-x-500-px-1.png\",\"contentUrl\":\"https:\\\/\\\/shopvalley.fr\\\/wp-content\\\/uploads\\\/2023\\\/11\\\/cropped-Copie-de-Logo-ShopValley-500-x-500-px-1.png\",\"width\":512,\"height\":512,\"caption\":\"Shopvalley\"},\"image\":{\"@id\":\"https:\\\/\\\/shopvalley.fr\\\/es\\\/#\\\/schema\\\/logo\\\/image\\\/\"}}]}<\/script>\n<!-- \/ Yoast SEO plugin. -->","yoast_head_json":{"title":"Micr\u00f3fono de corbata Lavalier USB-C - ShopValley","description":"Micr\u00f3fono Lavalier Tie USB-C: sonido profesional, discreto y plug-and-play para v\u00eddeos, entrevistas y espect\u00e1culos en directo, 8-12 h de duraci\u00f3n de la bater\u00eda.","robots":{"index":"index","follow":"follow","max-snippet":"max-snippet:-1","max-image-preview":"max-image-preview:large","max-video-preview":"max-video-preview:-1"},"canonical":"https:\/\/shopvalley.fr\/es\/produit\/microfono-de-corbata-lavalier-usb-c\/","og_locale":"es_ES","og_type":"article","og_title":"Micr\u00f3fono de corbata Lavalier USB-C - ShopValley","og_description":"Micr\u00f3fono Lavalier Tie USB-C: sonido profesional, discreto y plug-and-play para v\u00eddeos, entrevistas y espect\u00e1culos en directo, 8-12 h de duraci\u00f3n de la bater\u00eda.","og_url":"https:\/\/shopvalley.fr\/es\/produit\/microfono-de-corbata-lavalier-usb-c\/","og_site_name":"ShopValley","article_modified_time":"2026-01-02T22:36:39+00:00","og_image":[{"width":415,"height":429,"url":"https:\/\/shopvalley.fr\/wp-content\/uploads\/2026\/01\/a03601c6-5093-4b19-927b-3649c8710146.webp","type":"image\/webp"}],"schema":{"@context":"https:\/\/schema.org","@graph":[{"@type":"WebPage","@id":"https:\/\/shopvalley.fr\/es\/produit\/microfono-de-corbata-lavalier-usb-c\/","url":"https:\/\/shopvalley.fr\/es\/produit\/microfono-de-corbata-lavalier-usb-c\/","name":"Micr\u00f3fono de corbata Lavalier USB-C - ShopValley","isPartOf":{"@id":"https:\/\/shopvalley.fr\/es\/#website"},"primaryImageOfPage":{"@id":"https:\/\/shopvalley.fr\/es\/produit\/microfono-de-corbata-lavalier-usb-c\/#primaryimage"},"image":{"@id":"https:\/\/shopvalley.fr\/es\/produit\/microfono-de-corbata-lavalier-usb-c\/#primaryimage"},"thumbnailUrl":"https:\/\/shopvalley.fr\/wp-content\/uploads\/2026\/01\/a03601c6-5093-4b19-927b-3649c8710146.webp","datePublished":"2026-01-02T10:36:41+00:00","dateModified":"2026-01-02T22:36:39+00:00","description":"Micr\u00f3fono Lavalier Tie USB-C: sonido profesional, discreto y plug-and-play para v\u00eddeos, entrevistas y espect\u00e1culos en directo, 8-12 h de duraci\u00f3n de la bater\u00eda.","breadcrumb":{"@id":"https:\/\/shopvalley.fr\/es\/produit\/microfono-de-corbata-lavalier-usb-c\/#breadcrumb"},"inLanguage":"es","potentialAction":[{"@type":"ReadAction","target":["https:\/\/shopvalley.fr\/es\/produit\/microfono-de-corbata-lavalier-usb-c\/"]}]},{"@type":"ImageObject","inLanguage":"es","@id":"https:\/\/shopvalley.fr\/es\/produit\/microfono-de-corbata-lavalier-usb-c\/#primaryimage","url":"https:\/\/shopvalley.fr\/wp-content\/uploads\/2026\/01\/a03601c6-5093-4b19-927b-3649c8710146.webp","contentUrl":"https:\/\/shopvalley.fr\/wp-content\/uploads\/2026\/01\/a03601c6-5093-4b19-927b-3649c8710146.webp","width":415,"height":429},{"@type":"BreadcrumbList","@id":"https:\/\/shopvalley.fr\/es\/produit\/microfono-de-corbata-lavalier-usb-c\/#breadcrumb","itemListElement":[{"@type":"ListItem","position":1,"name":"Accueil","item":"https:\/\/shopvalley.fr\/es\/"},{"@type":"ListItem","position":2,"name":"Todos los productos","item":"https:\/\/shopvalley.fr\/es\/todos-los-productos\/"},{"@type":"ListItem","position":3,"name":"Micr\u00f3fono de corbata Lavalier USB-C"}]},{"@type":"WebSite","@id":"https:\/\/shopvalley.fr\/es\/#website","url":"https:\/\/shopvalley.fr\/es\/","name":"ShopValley","description":"\u00a1Productos de moda a precios bajos!","publisher":{"@id":"https:\/\/shopvalley.fr\/es\/#organization"},"potentialAction":[{"@type":"SearchAction","target":{"@type":"EntryPoint","urlTemplate":"https:\/\/shopvalley.fr\/es\/?s={search_term_string}"},"query-input":{"@type":"PropertyValueSpecification","valueRequired":true,"valueName":"search_term_string"}}],"inLanguage":"es"},{"@type":"Organization","@id":"https:\/\/shopvalley.fr\/es\/#organization","name":"Shopvalley","url":"https:\/\/shopvalley.fr\/es\/","logo":{"@type":"ImageObject","inLanguage":"es","@id":"https:\/\/shopvalley.fr\/es\/#\/schema\/logo\/image\/","url":"https:\/\/shopvalley.fr\/wp-content\/uploads\/2023\/11\/cropped-Copie-de-Logo-ShopValley-500-x-500-px-1.png","contentUrl":"https:\/\/shopvalley.fr\/wp-content\/uploads\/2023\/11\/cropped-Copie-de-Logo-ShopValley-500-x-500-px-1.png","width":512,"height":512,"caption":"Shopvalley"},"image":{"@id":"https:\/\/shopvalley.fr\/es\/#\/schema\/logo\/image\/"}}]}},"jetpack_sharing_enabled":true,"_links":{"self":[{"href":"https:\/\/shopvalley.fr\/es\/wp-json\/wp\/v2\/product\/61856","targetHints":{"allow":["GET"]}}],"collection":[{"href":"https:\/\/shopvalley.fr\/es\/wp-json\/wp\/v2\/product"}],"about":[{"href":"https:\/\/shopvalley.fr\/es\/wp-json\/wp\/v2\/types\/product"}],"replies":[{"embeddable":true,"href":"https:\/\/shopvalley.fr\/es\/wp-json\/wp\/v2\/comments?post=61856"}],"version-history":[{"count":0,"href":"https:\/\/shopvalley.fr\/es\/wp-json\/wp\/v2\/product\/61856\/revisions"}],"wp:featuredmedia":[{"embeddable":true,"href":"https:\/\/shopvalley.fr\/es\/wp-json\/wp\/v2\/media\/61378"}],"wp:attachment":[{"href":"https:\/\/shopvalley.fr\/es\/wp-json\/wp\/v2\/media?parent=61856"}],"wp:term":[{"taxonomy":"product_brand","embeddable":true,"href":"https:\/\/shopvalley.fr\/es\/wp-json\/wp\/v2\/product_brand?post=61856"},{"taxonomy":"product_cat","embeddable":true,"href":"https:\/\/shopvalley.fr\/es\/wp-json\/wp\/v2\/product_cat?post=61856"},{"taxonomy":"product_tag","embeddable":true,"href":"https:\/\/shopvalley.fr\/es\/wp-json\/wp\/v2\/product_tag?post=61856"}],"curies":[{"name":"wp","href":"https:\/\/api.w.org\/{rel}","templated":true}]}}