{"id":59378,"date":"2025-12-26T22:13:38","date_gmt":"2025-12-26T21:13:38","guid":{"rendered":"https:\/\/shopvalley.fr\/produit\/raspador-dental-ultrasonico-con-camara\/"},"modified":"2026-02-19T23:31:30","modified_gmt":"2026-02-19T22:31:30","slug":"raspador-dental-ultrasonico-con-camara","status":"publish","type":"product","link":"https:\/\/shopvalley.fr\/es\/produit\/raspador-dental-ultrasonico-con-camara\/","title":{"rendered":"Raspador dental ultras\u00f3nico con c\u00e1mara"},"content":{"rendered":"<h3 style=\"font-size: 14pt; color: #000000;\"><strong>\ud83e\uddb7 Raspador dental ultras\u00f3nico con c\u00e1mara<\/strong><\/h3>\n<p style=\"font-size: 14pt; color: #000000;\">Reg\u00e1late una sonrisa m\u00e1s sana con una herramienta de cuidado bucal dise\u00f1ada para el uso diario. Este <strong>raspador dental<\/strong> combina la potencia de las ondas <strong>ultras\u00f3nicas<\/strong> con una <strong>c\u00e1mara de<\/strong> inspecci\u00f3n para eliminar eficazmente la placa y el sarro sin da\u00f1ar las enc\u00edas. Ideal para las personas preocupadas por su higiene bucal, les permite anticiparse a los problemas y conseguir una limpieza precisa en casa.  <\/p>\n<div style=\"text-align: center;\"><img loading=\"lazy\" decoding=\"async\" class=\"aligncenter wp-image-56862\" src=\"http:\/\/shopvalley.fr\/wp-content\/uploads\/2025\/12\/Detartreur-dentaire-a-Ultrasons-avec-camera-20-1.jpeg\" alt=\"\" width=\"420\" height=\"420\" srcset=\"https:\/\/shopvalley.fr\/wp-content\/uploads\/2025\/12\/Detartreur-dentaire-a-Ultrasons-avec-camera-20-1.jpeg 1024w, https:\/\/shopvalley.fr\/wp-content\/uploads\/2025\/12\/Detartreur-dentaire-a-Ultrasons-avec-camera-20-1-300x300.jpeg 300w, https:\/\/shopvalley.fr\/wp-content\/uploads\/2025\/12\/Detartreur-dentaire-a-Ultrasons-avec-camera-20-1-800x800.jpeg 800w, https:\/\/shopvalley.fr\/wp-content\/uploads\/2025\/12\/Detartreur-dentaire-a-Ultrasons-avec-camera-20-1-150x150.jpeg 150w, https:\/\/shopvalley.fr\/wp-content\/uploads\/2025\/12\/Detartreur-dentaire-a-Ultrasons-avec-camera-20-1-768x768.jpeg 768w, https:\/\/shopvalley.fr\/wp-content\/uploads\/2025\/12\/Detartreur-dentaire-a-Ultrasons-avec-camera-20-1-146x146.jpeg 146w, https:\/\/shopvalley.fr\/wp-content\/uploads\/2025\/12\/Detartreur-dentaire-a-Ultrasons-avec-camera-20-1-430x430.jpeg 430w, https:\/\/shopvalley.fr\/wp-content\/uploads\/2025\/12\/Detartreur-dentaire-a-Ultrasons-avec-camera-20-1-700x700.jpeg 700w\" sizes=\"auto, (max-width: 420px) 100vw, 420px\" \/><\/div>\n<h3 style=\"font-size: 14pt; color: #000000;\"><strong>\u2728 Visi\u00f3n precisa y control total<\/strong><\/h3>\n<p style=\"font-size: 14pt; color: #000000;\">El sistema incorpora una <strong>c\u00e1mara HD<\/strong> e iluminaci\u00f3n <strong>LED<\/strong> para visualizar todos los rincones de la boca: dientes, cuellos y espacios interdentales. El escarificador dental por ultrasonidos con c\u00e1mara facilita la identificaci\u00f3n de las zonas a tratar y permite realizar limpiezas espec\u00edficas, limitando los riesgos y mejorando los resultados est\u00e9ticos. Las im\u00e1genes n\u00edtidas tambi\u00e9n te ayudan a hacer un seguimiento de tu higiene a lo largo del tiempo.  <\/p>\n<div style=\"text-align: center;\"><img loading=\"lazy\" decoding=\"async\" class=\"aligncenter wp-image-56888\" src=\"http:\/\/shopvalley.fr\/wp-content\/uploads\/2025\/12\/Detartreur-dentaire-a-Ultrasons-avec-camera-33-1.jpeg\" alt=\"\" width=\"433\" height=\"433\" srcset=\"https:\/\/shopvalley.fr\/wp-content\/uploads\/2025\/12\/Detartreur-dentaire-a-Ultrasons-avec-camera-33-1.jpeg 1024w, https:\/\/shopvalley.fr\/wp-content\/uploads\/2025\/12\/Detartreur-dentaire-a-Ultrasons-avec-camera-33-1-300x300.jpeg 300w, https:\/\/shopvalley.fr\/wp-content\/uploads\/2025\/12\/Detartreur-dentaire-a-Ultrasons-avec-camera-33-1-800x800.jpeg 800w, https:\/\/shopvalley.fr\/wp-content\/uploads\/2025\/12\/Detartreur-dentaire-a-Ultrasons-avec-camera-33-1-150x150.jpeg 150w, https:\/\/shopvalley.fr\/wp-content\/uploads\/2025\/12\/Detartreur-dentaire-a-Ultrasons-avec-camera-33-1-768x768.jpeg 768w, https:\/\/shopvalley.fr\/wp-content\/uploads\/2025\/12\/Detartreur-dentaire-a-Ultrasons-avec-camera-33-1-146x146.jpeg 146w, https:\/\/shopvalley.fr\/wp-content\/uploads\/2025\/12\/Detartreur-dentaire-a-Ultrasons-avec-camera-33-1-430x430.jpeg 430w, https:\/\/shopvalley.fr\/wp-content\/uploads\/2025\/12\/Detartreur-dentaire-a-Ultrasons-avec-camera-33-1-700x700.jpeg 700w\" sizes=\"auto, (max-width: 433px) 100vw, 433px\" \/><\/div>\n<h3 style=\"font-size: 14pt; color: #000000;\"><strong>\u2699\ufe0f Tecnolog\u00eda segura y accesorios completos<\/strong><\/h3>\n<p style=\"font-size: 14pt; color: #000000;\">Dise\u00f1ado con un cabezal de limpieza fabricado con materiales <strong>m\u00e9dicos<\/strong>, antibacterianos e <strong>inoxidables<\/strong>, el aparato ofrece 3 modos de limpieza y una frecuencia ultras\u00f3nica de hasta 30KHZ para disolver eficazmente los dep\u00f3sitos. Incluye una l\u00e1mpara <strong>UV<\/strong> para la desinfecci\u00f3n durante la carga, un cable USB, diferentes picos (puntiagudos y planos), un espejo dental y una llave de mantenimiento para un mantenimiento sencillo e higi\u00e9nico. <\/p>\n<p><img loading=\"lazy\" decoding=\"async\" class=\"aligncenter wp-image-56874\" src=\"http:\/\/shopvalley.fr\/wp-content\/uploads\/2025\/12\/Detartreur-dentaire-a-Ultrasons-avec-camera-22-1.jpeg\" alt=\"\" width=\"473\" height=\"473\" srcset=\"https:\/\/shopvalley.fr\/wp-content\/uploads\/2025\/12\/Detartreur-dentaire-a-Ultrasons-avec-camera-22-1.jpeg 1024w, https:\/\/shopvalley.fr\/wp-content\/uploads\/2025\/12\/Detartreur-dentaire-a-Ultrasons-avec-camera-22-1-300x300.jpeg 300w, https:\/\/shopvalley.fr\/wp-content\/uploads\/2025\/12\/Detartreur-dentaire-a-Ultrasons-avec-camera-22-1-800x800.jpeg 800w, https:\/\/shopvalley.fr\/wp-content\/uploads\/2025\/12\/Detartreur-dentaire-a-Ultrasons-avec-camera-22-1-150x150.jpeg 150w, https:\/\/shopvalley.fr\/wp-content\/uploads\/2025\/12\/Detartreur-dentaire-a-Ultrasons-avec-camera-22-1-768x768.jpeg 768w, https:\/\/shopvalley.fr\/wp-content\/uploads\/2025\/12\/Detartreur-dentaire-a-Ultrasons-avec-camera-22-1-146x146.jpeg 146w, https:\/\/shopvalley.fr\/wp-content\/uploads\/2025\/12\/Detartreur-dentaire-a-Ultrasons-avec-camera-22-1-430x430.jpeg 430w, https:\/\/shopvalley.fr\/wp-content\/uploads\/2025\/12\/Detartreur-dentaire-a-Ultrasons-avec-camera-22-1-700x700.jpeg 700w\" sizes=\"auto, (max-width: 473px) 100vw, 473px\" \/><\/p>\n<p><img loading=\"lazy\" decoding=\"async\" class=\"aligncenter wp-image-56854\" src=\"http:\/\/shopvalley.fr\/wp-content\/uploads\/2025\/12\/Detartreur-dentaire-a-Ultrasons-avec-camera-11-1.jpeg\" alt=\"\" width=\"473\" height=\"473\" srcset=\"https:\/\/shopvalley.fr\/wp-content\/uploads\/2025\/12\/Detartreur-dentaire-a-Ultrasons-avec-camera-11-1.jpeg 1024w, https:\/\/shopvalley.fr\/wp-content\/uploads\/2025\/12\/Detartreur-dentaire-a-Ultrasons-avec-camera-11-1-300x300.jpeg 300w, https:\/\/shopvalley.fr\/wp-content\/uploads\/2025\/12\/Detartreur-dentaire-a-Ultrasons-avec-camera-11-1-800x800.jpeg 800w, https:\/\/shopvalley.fr\/wp-content\/uploads\/2025\/12\/Detartreur-dentaire-a-Ultrasons-avec-camera-11-1-150x150.jpeg 150w, https:\/\/shopvalley.fr\/wp-content\/uploads\/2025\/12\/Detartreur-dentaire-a-Ultrasons-avec-camera-11-1-768x768.jpeg 768w, https:\/\/shopvalley.fr\/wp-content\/uploads\/2025\/12\/Detartreur-dentaire-a-Ultrasons-avec-camera-11-1-146x146.jpeg 146w, https:\/\/shopvalley.fr\/wp-content\/uploads\/2025\/12\/Detartreur-dentaire-a-Ultrasons-avec-camera-11-1-430x430.jpeg 430w, https:\/\/shopvalley.fr\/wp-content\/uploads\/2025\/12\/Detartreur-dentaire-a-Ultrasons-avec-camera-11-1-700x700.jpeg 700w\" sizes=\"auto, (max-width: 473px) 100vw, 473px\" \/><\/p>\n<div style=\"text-align: center;\"><\/div>\n<h3 style=\"font-size: 14pt; color: #000000;\"><strong>\ud83d\udd0b Autonom\u00eda y rendimiento optimizados &#8211; Raspador dental ultras\u00f3nico con c\u00e1mara<\/strong><\/h3>\n<p style=\"font-size: 14pt; color: #000000;\">Disfruta de un uso c\u00f3modo gracias a una <strong>bater\u00eda de 500 mAh<\/strong> (carga de 3-4 horas) y una fuente de alimentaci\u00f3n de 3,7 V apta para uso dom\u00e9stico. Es ergon\u00f3mico de sujetar, ligero y fiable para sesiones regulares. Al combinar <strong>potencia<\/strong> y seguridad, el aparato reduce la decoloraci\u00f3n, disminuye el mal aliento y protege las enc\u00edas.  <\/p>\n<div style=\"text-align: center;\"><img loading=\"lazy\" decoding=\"async\" class=\"aligncenter wp-image-56842\" src=\"http:\/\/shopvalley.fr\/wp-content\/uploads\/2025\/12\/Detartreur-dentaire-a-Ultrasons-avec-camera-10-1.jpeg\" alt=\"\" width=\"484\" height=\"484\" srcset=\"https:\/\/shopvalley.fr\/wp-content\/uploads\/2025\/12\/Detartreur-dentaire-a-Ultrasons-avec-camera-10-1.jpeg 1024w, https:\/\/shopvalley.fr\/wp-content\/uploads\/2025\/12\/Detartreur-dentaire-a-Ultrasons-avec-camera-10-1-300x300.jpeg 300w, https:\/\/shopvalley.fr\/wp-content\/uploads\/2025\/12\/Detartreur-dentaire-a-Ultrasons-avec-camera-10-1-800x800.jpeg 800w, https:\/\/shopvalley.fr\/wp-content\/uploads\/2025\/12\/Detartreur-dentaire-a-Ultrasons-avec-camera-10-1-150x150.jpeg 150w, https:\/\/shopvalley.fr\/wp-content\/uploads\/2025\/12\/Detartreur-dentaire-a-Ultrasons-avec-camera-10-1-768x768.jpeg 768w, https:\/\/shopvalley.fr\/wp-content\/uploads\/2025\/12\/Detartreur-dentaire-a-Ultrasons-avec-camera-10-1-146x146.jpeg 146w, https:\/\/shopvalley.fr\/wp-content\/uploads\/2025\/12\/Detartreur-dentaire-a-Ultrasons-avec-camera-10-1-430x430.jpeg 430w, https:\/\/shopvalley.fr\/wp-content\/uploads\/2025\/12\/Detartreur-dentaire-a-Ultrasons-avec-camera-10-1-700x700.jpeg 700w\" sizes=\"auto, (max-width: 484px) 100vw, 484px\" \/><\/div>\n<div><\/div>\n<div><img loading=\"lazy\" decoding=\"async\" class=\"aligncenter wp-image-56878\" src=\"http:\/\/shopvalley.fr\/wp-content\/uploads\/2025\/12\/Detartreur-dentaire-a-Ultrasons-avec-camera-21-1.jpeg\" alt=\"\" width=\"485\" height=\"485\" srcset=\"https:\/\/shopvalley.fr\/wp-content\/uploads\/2025\/12\/Detartreur-dentaire-a-Ultrasons-avec-camera-21-1.jpeg 1024w, https:\/\/shopvalley.fr\/wp-content\/uploads\/2025\/12\/Detartreur-dentaire-a-Ultrasons-avec-camera-21-1-300x300.jpeg 300w, https:\/\/shopvalley.fr\/wp-content\/uploads\/2025\/12\/Detartreur-dentaire-a-Ultrasons-avec-camera-21-1-800x800.jpeg 800w, https:\/\/shopvalley.fr\/wp-content\/uploads\/2025\/12\/Detartreur-dentaire-a-Ultrasons-avec-camera-21-1-150x150.jpeg 150w, https:\/\/shopvalley.fr\/wp-content\/uploads\/2025\/12\/Detartreur-dentaire-a-Ultrasons-avec-camera-21-1-768x768.jpeg 768w, https:\/\/shopvalley.fr\/wp-content\/uploads\/2025\/12\/Detartreur-dentaire-a-Ultrasons-avec-camera-21-1-146x146.jpeg 146w, https:\/\/shopvalley.fr\/wp-content\/uploads\/2025\/12\/Detartreur-dentaire-a-Ultrasons-avec-camera-21-1-430x430.jpeg 430w, https:\/\/shopvalley.fr\/wp-content\/uploads\/2025\/12\/Detartreur-dentaire-a-Ultrasons-avec-camera-21-1-700x700.jpeg 700w\" sizes=\"auto, (max-width: 485px) 100vw, 485px\" \/><\/div>\n<h3 style=\"font-size: 14pt; color: #000000;\"><strong>\u2705 Resultados visibles y consejos de utilizaci\u00f3n<\/strong><\/h3>\n<p style=\"font-size: 14pt; color: #000000;\">F\u00e1cil de mantener y suministrado con un manual, este limpiador dental es adecuado para uso familiar. Sigue las instrucciones de seguridad, elige el modo adecuado y enjuaga el cabezal despu\u00e9s de cada uso. Su combinaci\u00f3n de <strong>c\u00e1mara<\/strong>, <strong>LED<\/strong>, <strong>ultrasonidos<\/strong> y <strong>desinfecci\u00f3n<\/strong> UV promete unos dientes m\u00e1s limpios, una sonrisa m\u00e1s brillante y una mejor prevenci\u00f3n de los problemas bucales. El pack incluye: cabezal puntiagudo, cabezal plano, espejo, cable de carga y un pr\u00e1ctico estuche.   <\/p>\n","protected":false},"excerpt":{"rendered":"<p style=\"font-size: 14pt; color: #000000;\"><span style=\"color: #000000;\">Ultrasonidos, c\u00e1mara, limpieza, precisi\u00f3n, seguridad, autonom\u00eda<\/span><\/p>\n","protected":false},"featured_media":56811,"comment_status":"open","ping_status":"closed","template":"","meta":[],"product_brand":[1139],"product_cat":[1006,1085],"product_tag":[1008],"class_list":{"0":"post-59378","1":"product","2":"type-product","3":"status-publish","4":"has-post-thumbnail","6":"product_brand-shopvalley","7":"product_cat-salud-e-higiene","8":"product_cat-shopping_es-es","9":"product_tag-flash-es","11":"first","12":"instock","13":"sale","14":"taxable","15":"shipping-taxable","16":"purchasable","17":"product-type-variable","18":"has-default-attributes"},"yoast_head":"<!-- This site is optimized with the Yoast SEO plugin v27.4 - https:\/\/yoast.com\/product\/yoast-seo-wordpress\/ -->\n<title>Raspador dental ultras\u00f3nico con c\u00e1mara - ShopValley<\/title>\n<meta name=\"description\" content=\"Raspador dental ultras\u00f3nico con c\u00e1mara: limpieza precisa en casa, LED\/UV, c\u00e1mara HD, sonrisa sana\" \/>\n<meta name=\"robots\" content=\"index, follow, max-snippet:-1, max-image-preview:large, max-video-preview:-1\" \/>\n<link rel=\"canonical\" href=\"https:\/\/shopvalley.fr\/es\/produit\/raspador-dental-ultrasonico-con-camara\/\" \/>\n<meta property=\"og:locale\" content=\"es_ES\" \/>\n<meta property=\"og:type\" content=\"article\" \/>\n<meta property=\"og:title\" content=\"Raspador dental ultras\u00f3nico con c\u00e1mara - ShopValley\" \/>\n<meta property=\"og:description\" content=\"Raspador dental ultras\u00f3nico con c\u00e1mara: limpieza precisa en casa, LED\/UV, c\u00e1mara HD, sonrisa sana\" \/>\n<meta property=\"og:url\" content=\"https:\/\/shopvalley.fr\/es\/produit\/raspador-dental-ultrasonico-con-camara\/\" \/>\n<meta property=\"og:site_name\" content=\"ShopValley\" \/>\n<meta property=\"article:modified_time\" content=\"2026-02-19T22:31:30+00:00\" \/>\n<meta property=\"og:image\" content=\"http:\/\/shopvalley.fr\/wp-content\/uploads\/2025\/12\/Detartreur-dentaire-a-Ultrasons-avec-camera-32.jpeg\" \/>\n\t<meta property=\"og:image:width\" content=\"800\" \/>\n\t<meta property=\"og:image:height\" content=\"800\" \/>\n\t<meta property=\"og:image:type\" content=\"image\/jpeg\" \/>\n<script type=\"application\/ld+json\" class=\"yoast-schema-graph\">{\"@context\":\"https:\\\/\\\/schema.org\",\"@graph\":[{\"@type\":\"WebPage\",\"@id\":\"https:\\\/\\\/shopvalley.fr\\\/es\\\/produit\\\/raspador-dental-ultrasonico-con-camara\\\/\",\"url\":\"https:\\\/\\\/shopvalley.fr\\\/es\\\/produit\\\/raspador-dental-ultrasonico-con-camara\\\/\",\"name\":\"Raspador dental ultras\u00f3nico con c\u00e1mara - ShopValley\",\"isPartOf\":{\"@id\":\"https:\\\/\\\/shopvalley.fr\\\/es\\\/#website\"},\"primaryImageOfPage\":{\"@id\":\"https:\\\/\\\/shopvalley.fr\\\/es\\\/produit\\\/raspador-dental-ultrasonico-con-camara\\\/#primaryimage\"},\"image\":{\"@id\":\"https:\\\/\\\/shopvalley.fr\\\/es\\\/produit\\\/raspador-dental-ultrasonico-con-camara\\\/#primaryimage\"},\"thumbnailUrl\":\"https:\\\/\\\/shopvalley.fr\\\/wp-content\\\/uploads\\\/2025\\\/12\\\/Detartreur-dentaire-a-Ultrasons-avec-camera-32.jpeg\",\"datePublished\":\"2025-12-26T21:13:38+00:00\",\"dateModified\":\"2026-02-19T22:31:30+00:00\",\"description\":\"Raspador dental ultras\u00f3nico con c\u00e1mara: limpieza precisa en casa, LED\\\/UV, c\u00e1mara HD, sonrisa sana\",\"breadcrumb\":{\"@id\":\"https:\\\/\\\/shopvalley.fr\\\/es\\\/produit\\\/raspador-dental-ultrasonico-con-camara\\\/#breadcrumb\"},\"inLanguage\":\"es\",\"potentialAction\":[{\"@type\":\"ReadAction\",\"target\":[\"https:\\\/\\\/shopvalley.fr\\\/es\\\/produit\\\/raspador-dental-ultrasonico-con-camara\\\/\"]}]},{\"@type\":\"ImageObject\",\"inLanguage\":\"es\",\"@id\":\"https:\\\/\\\/shopvalley.fr\\\/es\\\/produit\\\/raspador-dental-ultrasonico-con-camara\\\/#primaryimage\",\"url\":\"https:\\\/\\\/shopvalley.fr\\\/wp-content\\\/uploads\\\/2025\\\/12\\\/Detartreur-dentaire-a-Ultrasons-avec-camera-32.jpeg\",\"contentUrl\":\"https:\\\/\\\/shopvalley.fr\\\/wp-content\\\/uploads\\\/2025\\\/12\\\/Detartreur-dentaire-a-Ultrasons-avec-camera-32.jpeg\",\"width\":800,\"height\":800},{\"@type\":\"BreadcrumbList\",\"@id\":\"https:\\\/\\\/shopvalley.fr\\\/es\\\/produit\\\/raspador-dental-ultrasonico-con-camara\\\/#breadcrumb\",\"itemListElement\":[{\"@type\":\"ListItem\",\"position\":1,\"name\":\"Accueil\",\"item\":\"https:\\\/\\\/shopvalley.fr\\\/es\\\/\"},{\"@type\":\"ListItem\",\"position\":2,\"name\":\"Todos los productos\",\"item\":\"https:\\\/\\\/shopvalley.fr\\\/es\\\/todos-los-productos\\\/\"},{\"@type\":\"ListItem\",\"position\":3,\"name\":\"Salud e higiene\",\"item\":\"https:\\\/\\\/shopvalley.fr\\\/es\\\/categorie-produit\\\/salud-e-higiene\\\/\"},{\"@type\":\"ListItem\",\"position\":4,\"name\":\"Raspador dental ultras\u00f3nico con c\u00e1mara\"}]},{\"@type\":\"WebSite\",\"@id\":\"https:\\\/\\\/shopvalley.fr\\\/es\\\/#website\",\"url\":\"https:\\\/\\\/shopvalley.fr\\\/es\\\/\",\"name\":\"ShopValley\",\"description\":\"\u00a1Productos de moda a precios bajos!\",\"publisher\":{\"@id\":\"https:\\\/\\\/shopvalley.fr\\\/es\\\/#organization\"},\"potentialAction\":[{\"@type\":\"SearchAction\",\"target\":{\"@type\":\"EntryPoint\",\"urlTemplate\":\"https:\\\/\\\/shopvalley.fr\\\/es\\\/?s={search_term_string}\"},\"query-input\":{\"@type\":\"PropertyValueSpecification\",\"valueRequired\":true,\"valueName\":\"search_term_string\"}}],\"inLanguage\":\"es\"},{\"@type\":\"Organization\",\"@id\":\"https:\\\/\\\/shopvalley.fr\\\/es\\\/#organization\",\"name\":\"Shopvalley\",\"url\":\"https:\\\/\\\/shopvalley.fr\\\/es\\\/\",\"logo\":{\"@type\":\"ImageObject\",\"inLanguage\":\"es\",\"@id\":\"https:\\\/\\\/shopvalley.fr\\\/es\\\/#\\\/schema\\\/logo\\\/image\\\/\",\"url\":\"https:\\\/\\\/shopvalley.fr\\\/wp-content\\\/uploads\\\/2023\\\/11\\\/cropped-Copie-de-Logo-ShopValley-500-x-500-px-1.png\",\"contentUrl\":\"https:\\\/\\\/shopvalley.fr\\\/wp-content\\\/uploads\\\/2023\\\/11\\\/cropped-Copie-de-Logo-ShopValley-500-x-500-px-1.png\",\"width\":512,\"height\":512,\"caption\":\"Shopvalley\"},\"image\":{\"@id\":\"https:\\\/\\\/shopvalley.fr\\\/es\\\/#\\\/schema\\\/logo\\\/image\\\/\"}}]}<\/script>\n<!-- \/ Yoast SEO plugin. -->","yoast_head_json":{"title":"Raspador dental ultras\u00f3nico con c\u00e1mara - ShopValley","description":"Raspador dental ultras\u00f3nico con c\u00e1mara: limpieza precisa en casa, LED\/UV, c\u00e1mara HD, sonrisa sana","robots":{"index":"index","follow":"follow","max-snippet":"max-snippet:-1","max-image-preview":"max-image-preview:large","max-video-preview":"max-video-preview:-1"},"canonical":"https:\/\/shopvalley.fr\/es\/produit\/raspador-dental-ultrasonico-con-camara\/","og_locale":"es_ES","og_type":"article","og_title":"Raspador dental ultras\u00f3nico con c\u00e1mara - ShopValley","og_description":"Raspador dental ultras\u00f3nico con c\u00e1mara: limpieza precisa en casa, LED\/UV, c\u00e1mara HD, sonrisa sana","og_url":"https:\/\/shopvalley.fr\/es\/produit\/raspador-dental-ultrasonico-con-camara\/","og_site_name":"ShopValley","article_modified_time":"2026-02-19T22:31:30+00:00","og_image":[{"width":800,"height":800,"url":"http:\/\/shopvalley.fr\/wp-content\/uploads\/2025\/12\/Detartreur-dentaire-a-Ultrasons-avec-camera-32.jpeg","type":"image\/jpeg"}],"schema":{"@context":"https:\/\/schema.org","@graph":[{"@type":"WebPage","@id":"https:\/\/shopvalley.fr\/es\/produit\/raspador-dental-ultrasonico-con-camara\/","url":"https:\/\/shopvalley.fr\/es\/produit\/raspador-dental-ultrasonico-con-camara\/","name":"Raspador dental ultras\u00f3nico con c\u00e1mara - ShopValley","isPartOf":{"@id":"https:\/\/shopvalley.fr\/es\/#website"},"primaryImageOfPage":{"@id":"https:\/\/shopvalley.fr\/es\/produit\/raspador-dental-ultrasonico-con-camara\/#primaryimage"},"image":{"@id":"https:\/\/shopvalley.fr\/es\/produit\/raspador-dental-ultrasonico-con-camara\/#primaryimage"},"thumbnailUrl":"https:\/\/shopvalley.fr\/wp-content\/uploads\/2025\/12\/Detartreur-dentaire-a-Ultrasons-avec-camera-32.jpeg","datePublished":"2025-12-26T21:13:38+00:00","dateModified":"2026-02-19T22:31:30+00:00","description":"Raspador dental ultras\u00f3nico con c\u00e1mara: limpieza precisa en casa, LED\/UV, c\u00e1mara HD, sonrisa sana","breadcrumb":{"@id":"https:\/\/shopvalley.fr\/es\/produit\/raspador-dental-ultrasonico-con-camara\/#breadcrumb"},"inLanguage":"es","potentialAction":[{"@type":"ReadAction","target":["https:\/\/shopvalley.fr\/es\/produit\/raspador-dental-ultrasonico-con-camara\/"]}]},{"@type":"ImageObject","inLanguage":"es","@id":"https:\/\/shopvalley.fr\/es\/produit\/raspador-dental-ultrasonico-con-camara\/#primaryimage","url":"https:\/\/shopvalley.fr\/wp-content\/uploads\/2025\/12\/Detartreur-dentaire-a-Ultrasons-avec-camera-32.jpeg","contentUrl":"https:\/\/shopvalley.fr\/wp-content\/uploads\/2025\/12\/Detartreur-dentaire-a-Ultrasons-avec-camera-32.jpeg","width":800,"height":800},{"@type":"BreadcrumbList","@id":"https:\/\/shopvalley.fr\/es\/produit\/raspador-dental-ultrasonico-con-camara\/#breadcrumb","itemListElement":[{"@type":"ListItem","position":1,"name":"Accueil","item":"https:\/\/shopvalley.fr\/es\/"},{"@type":"ListItem","position":2,"name":"Todos los productos","item":"https:\/\/shopvalley.fr\/es\/todos-los-productos\/"},{"@type":"ListItem","position":3,"name":"Salud e higiene","item":"https:\/\/shopvalley.fr\/es\/categorie-produit\/salud-e-higiene\/"},{"@type":"ListItem","position":4,"name":"Raspador dental ultras\u00f3nico con c\u00e1mara"}]},{"@type":"WebSite","@id":"https:\/\/shopvalley.fr\/es\/#website","url":"https:\/\/shopvalley.fr\/es\/","name":"ShopValley","description":"\u00a1Productos de moda a precios bajos!","publisher":{"@id":"https:\/\/shopvalley.fr\/es\/#organization"},"potentialAction":[{"@type":"SearchAction","target":{"@type":"EntryPoint","urlTemplate":"https:\/\/shopvalley.fr\/es\/?s={search_term_string}"},"query-input":{"@type":"PropertyValueSpecification","valueRequired":true,"valueName":"search_term_string"}}],"inLanguage":"es"},{"@type":"Organization","@id":"https:\/\/shopvalley.fr\/es\/#organization","name":"Shopvalley","url":"https:\/\/shopvalley.fr\/es\/","logo":{"@type":"ImageObject","inLanguage":"es","@id":"https:\/\/shopvalley.fr\/es\/#\/schema\/logo\/image\/","url":"https:\/\/shopvalley.fr\/wp-content\/uploads\/2023\/11\/cropped-Copie-de-Logo-ShopValley-500-x-500-px-1.png","contentUrl":"https:\/\/shopvalley.fr\/wp-content\/uploads\/2023\/11\/cropped-Copie-de-Logo-ShopValley-500-x-500-px-1.png","width":512,"height":512,"caption":"Shopvalley"},"image":{"@id":"https:\/\/shopvalley.fr\/es\/#\/schema\/logo\/image\/"}}]}},"jetpack_sharing_enabled":true,"_links":{"self":[{"href":"https:\/\/shopvalley.fr\/es\/wp-json\/wp\/v2\/product\/59378","targetHints":{"allow":["GET"]}}],"collection":[{"href":"https:\/\/shopvalley.fr\/es\/wp-json\/wp\/v2\/product"}],"about":[{"href":"https:\/\/shopvalley.fr\/es\/wp-json\/wp\/v2\/types\/product"}],"replies":[{"embeddable":true,"href":"https:\/\/shopvalley.fr\/es\/wp-json\/wp\/v2\/comments?post=59378"}],"version-history":[{"count":0,"href":"https:\/\/shopvalley.fr\/es\/wp-json\/wp\/v2\/product\/59378\/revisions"}],"wp:featuredmedia":[{"embeddable":true,"href":"https:\/\/shopvalley.fr\/es\/wp-json\/wp\/v2\/media\/56811"}],"wp:attachment":[{"href":"https:\/\/shopvalley.fr\/es\/wp-json\/wp\/v2\/media?parent=59378"}],"wp:term":[{"taxonomy":"product_brand","embeddable":true,"href":"https:\/\/shopvalley.fr\/es\/wp-json\/wp\/v2\/product_brand?post=59378"},{"taxonomy":"product_cat","embeddable":true,"href":"https:\/\/shopvalley.fr\/es\/wp-json\/wp\/v2\/product_cat?post=59378"},{"taxonomy":"product_tag","embeddable":true,"href":"https:\/\/shopvalley.fr\/es\/wp-json\/wp\/v2\/product_tag?post=59378"}],"curies":[{"name":"wp","href":"https:\/\/api.w.org\/{rel}","templated":true}]}}