{"id":51617,"date":"2023-01-16T21:55:52","date_gmt":"2023-01-16T20:55:52","guid":{"rendered":"https:\/\/shopvalley.fr\/produit\/cinturon-de-descarga-lumbar\/"},"modified":"2025-11-18T20:56:17","modified_gmt":"2025-11-18T19:56:17","slug":"cinturon-de-descarga-lumbar","status":"publish","type":"product","link":"https:\/\/shopvalley.fr\/es\/produit\/cinturon-de-descarga-lumbar\/","title":{"rendered":"Cintur\u00f3n de descarga lumbar"},"content":{"rendered":"<h5><span style=\"font-family: georgia, palatino, serif; color: #000000;\"><strong><span style=\"font-size: 14pt;\">Alivio instant\u00e1neo y tratamiento de calidad cl\u00ednica<\/span><\/strong><\/span><\/h5>\n<p><span style=\"font-size: 14pt; color: #000000;\">Nuestro Cintur\u00f3n de Descarga Lumbar proporciona un tratamiento de tracci\u00f3n y descompresi\u00f3n vertebral de grado cl\u00ednico que ayuda a extender la parte superior del cuerpo al tiempo que alivia la presi\u00f3n en la parte inferior de la espalda. Permite que los m\u00fasculos se relajen y alivia la presi\u00f3n nerviosa. <\/span><\/p>\n<p><span style=\"color: #000000;\"><img loading=\"lazy\" decoding=\"async\" class=\"wp-image-16117 size-full aligncenter\" src=\"http:\/\/shopvalley.fr\/wp-content\/uploads\/2023\/06\/ceinture.gif\" alt=\"Cintur\u00f3n de descarga lumbar\" width=\"320\" height=\"320\"><\/span><\/p>\n<h5><span style=\"color: #000000;\"><strong><span style=\"font-size: 14pt;\">Reduce la presi\u00f3n y dale un descanso a tu espalda con nuestro Cintur\u00f3n de Descarga Lumbar<\/span><\/strong><\/span><\/h5>\n<p><span style=\"font-size: 14pt; color: #000000;\">Reducir la presi\u00f3n alrededor de los ligamentos. Proporcionar descanso al anillo fibroso lumbar da\u00f1ado. Estirar y aliviar los m\u00fasculos comprimidos de la zona lumbar.  <\/span><\/p>\n<p><span style=\"color: #000000;\"><img loading=\"lazy\" decoding=\"async\" class=\"wp-image-16115 alignnone\" src=\"http:\/\/shopvalley.fr\/wp-content\/uploads\/2023\/06\/ImgActionCeinture.webp\" alt=\"Cintur\u00f3n de descarga lumbar\" width=\"421\" height=\"371\" srcset=\"https:\/\/shopvalley.fr\/wp-content\/uploads\/2023\/06\/ImgActionCeinture.webp 479w, https:\/\/shopvalley.fr\/wp-content\/uploads\/2023\/06\/ImgActionCeinture-150x132.webp 150w, https:\/\/shopvalley.fr\/wp-content\/uploads\/2023\/06\/ImgActionCeinture-340x300.webp 340w\" sizes=\"auto, (max-width: 421px) 100vw, 421px\" \/>                                         <img loading=\"lazy\" decoding=\"async\" class=\"alignnone wp-image-16119 \" src=\"http:\/\/shopvalley.fr\/wp-content\/uploads\/2023\/06\/ceinture2.gif\" alt=\"\" width=\"365\" height=\"365\"><\/span><\/p>\n<h5><span style=\"color: #000000;\"><strong><span style=\"font-size: 14pt;\">Prevenir y aliviar el dolor asociado a diversas afecciones<\/span><\/strong><\/span><\/h5>\n<p><span style=\"font-size: 14pt; color: #000000;\">Previene o alivia el dolor asociado a discos degenerativos, sedestaci\u00f3n prolongada, escoliosis y otros problemas. Puede utilizarse durante actividades como caminar, jardiner\u00eda, golf, trabajo, conducci\u00f3n, etc., o durante un momento de relax sentado o tumbado. <\/span><\/p>\n<p><span style=\"color: #000000;\"><img loading=\"lazy\" decoding=\"async\" class=\"aligncenter wp-image-16112 \" src=\"http:\/\/shopvalley.fr\/wp-content\/uploads\/2023\/06\/0ab1025f-0f9d-48b4-b4c0-cf9d67592295-1.jpg\" alt=\"Cintur\u00f3n de descarga lumbar\" width=\"520\" height=\"520\" srcset=\"https:\/\/shopvalley.fr\/wp-content\/uploads\/2023\/06\/0ab1025f-0f9d-48b4-b4c0-cf9d67592295-1.jpg 850w, https:\/\/shopvalley.fr\/wp-content\/uploads\/2023\/06\/0ab1025f-0f9d-48b4-b4c0-cf9d67592295-1-430x430.jpg 430w, https:\/\/shopvalley.fr\/wp-content\/uploads\/2023\/06\/0ab1025f-0f9d-48b4-b4c0-cf9d67592295-1-150x150.jpg 150w, https:\/\/shopvalley.fr\/wp-content\/uploads\/2023\/06\/0ab1025f-0f9d-48b4-b4c0-cf9d67592295-1-700x700.jpg 700w, https:\/\/shopvalley.fr\/wp-content\/uploads\/2023\/06\/0ab1025f-0f9d-48b4-b4c0-cf9d67592295-1-300x300.jpg 300w, https:\/\/shopvalley.fr\/wp-content\/uploads\/2023\/06\/0ab1025f-0f9d-48b4-b4c0-cf9d67592295-1-800x800.jpg 800w, https:\/\/shopvalley.fr\/wp-content\/uploads\/2023\/06\/0ab1025f-0f9d-48b4-b4c0-cf9d67592295-1-768x768.jpg 768w\" sizes=\"auto, (max-width: 520px) 100vw, 520px\" \/><\/span><\/p>\n<p><img loading=\"lazy\" decoding=\"async\" class=\"aligncenter wp-image-28627\" src=\"http:\/\/shopvalley.fr\/wp-content\/uploads\/2023\/01\/25c2e06e-cf18-43ef-b7f4-69010a93eec4.jpg\" alt=\"\" width=\"632\" height=\"632\" srcset=\"https:\/\/shopvalley.fr\/wp-content\/uploads\/2023\/01\/25c2e06e-cf18-43ef-b7f4-69010a93eec4.jpg 1000w, https:\/\/shopvalley.fr\/wp-content\/uploads\/2023\/01\/25c2e06e-cf18-43ef-b7f4-69010a93eec4-430x430.jpg 430w, https:\/\/shopvalley.fr\/wp-content\/uploads\/2023\/01\/25c2e06e-cf18-43ef-b7f4-69010a93eec4-150x150.jpg 150w, https:\/\/shopvalley.fr\/wp-content\/uploads\/2023\/01\/25c2e06e-cf18-43ef-b7f4-69010a93eec4-700x700.jpg 700w, https:\/\/shopvalley.fr\/wp-content\/uploads\/2023\/01\/25c2e06e-cf18-43ef-b7f4-69010a93eec4-300x300.jpg 300w, https:\/\/shopvalley.fr\/wp-content\/uploads\/2023\/01\/25c2e06e-cf18-43ef-b7f4-69010a93eec4-800x800.jpg 800w, https:\/\/shopvalley.fr\/wp-content\/uploads\/2023\/01\/25c2e06e-cf18-43ef-b7f4-69010a93eec4-768x768.jpg 768w\" sizes=\"auto, (max-width: 632px) 100vw, 632px\" \/><\/p>\n<h5><span style=\"color: #000000;\"><strong><span style=\"font-size: 14pt;\">Terapia natural de descompresi\u00f3n espinal<\/span><\/strong><\/span><\/h5>\n<ul>\n<li><span style=\"font-size: 14pt; color: #000000;\">Ofrece terapia de descompresi\u00f3n espinal para aliviar el dolor de forma natural.  <\/span><\/li>\n<li><span style=\"font-size: 14pt; color: #000000;\">Alivia de forma natural la presi\u00f3n dolorosa durante varias horas\/d\u00edas tras su uso.  <\/span><\/li>\n<li><span style=\"font-size: 14pt; color: #000000;\">Estabiliza la zona lumbar para mejorar la postura.  <\/span><\/li>\n<li><span style=\"font-size: 14pt; color: #000000;\">Mejora la fuerza central para mantener una columna vertebral recta y sana.  <\/span><\/li>\n<li><span style=\"font-size: 14pt; color: #000000;\">Estira los m\u00fasculos tensos para aliviar la rigidez y el dolor.<\/span><\/li>\n<\/ul>\n<p><span style=\"color: #000000;\"><a style=\"color: #000000;\" href=\"http:\/\/shopvalley.fr\/wp-content\/uploads\/2023\/01\/Hb1fa1978dea840caab58b530eb96e8a1u.jpg\"><img loading=\"lazy\" decoding=\"async\" class=\"aligncenter wp-image-24250\" src=\"http:\/\/shopvalley.fr\/wp-content\/uploads\/2023\/01\/Hb1fa1978dea840caab58b530eb96e8a1u.jpg\" alt=\"\" width=\"497\" height=\"498\" srcset=\"https:\/\/shopvalley.fr\/wp-content\/uploads\/2023\/01\/Hb1fa1978dea840caab58b530eb96e8a1u.jpg 1000w, https:\/\/shopvalley.fr\/wp-content\/uploads\/2023\/01\/Hb1fa1978dea840caab58b530eb96e8a1u-430x430.jpg 430w, https:\/\/shopvalley.fr\/wp-content\/uploads\/2023\/01\/Hb1fa1978dea840caab58b530eb96e8a1u-150x150.jpg 150w, https:\/\/shopvalley.fr\/wp-content\/uploads\/2023\/01\/Hb1fa1978dea840caab58b530eb96e8a1u-700x701.jpg 700w, https:\/\/shopvalley.fr\/wp-content\/uploads\/2023\/01\/Hb1fa1978dea840caab58b530eb96e8a1u-300x300.jpg 300w, https:\/\/shopvalley.fr\/wp-content\/uploads\/2023\/01\/Hb1fa1978dea840caab58b530eb96e8a1u-799x800.jpg 799w, https:\/\/shopvalley.fr\/wp-content\/uploads\/2023\/01\/Hb1fa1978dea840caab58b530eb96e8a1u-768x769.jpg 768w, https:\/\/shopvalley.fr\/wp-content\/uploads\/2023\/01\/Hb1fa1978dea840caab58b530eb96e8a1u-860x860.jpg 860w, https:\/\/shopvalley.fr\/wp-content\/uploads\/2023\/01\/Hb1fa1978dea840caab58b530eb96e8a1u-146x146.jpg 146w\" sizes=\"auto, (max-width: 497px) 100vw, 497px\" \/><\/a><\/span><\/p>\n<p><img loading=\"lazy\" decoding=\"async\" class=\"aligncenter wp-image-28628\" src=\"http:\/\/shopvalley.fr\/wp-content\/uploads\/2023\/01\/96962352-b8c9-4784-abb7-bf6c5578c819.jpg\" alt=\"\" width=\"528\" height=\"528\" srcset=\"https:\/\/shopvalley.fr\/wp-content\/uploads\/2023\/01\/96962352-b8c9-4784-abb7-bf6c5578c819.jpg 1000w, https:\/\/shopvalley.fr\/wp-content\/uploads\/2023\/01\/96962352-b8c9-4784-abb7-bf6c5578c819-430x430.jpg 430w, https:\/\/shopvalley.fr\/wp-content\/uploads\/2023\/01\/96962352-b8c9-4784-abb7-bf6c5578c819-150x150.jpg 150w, https:\/\/shopvalley.fr\/wp-content\/uploads\/2023\/01\/96962352-b8c9-4784-abb7-bf6c5578c819-700x700.jpg 700w, https:\/\/shopvalley.fr\/wp-content\/uploads\/2023\/01\/96962352-b8c9-4784-abb7-bf6c5578c819-300x300.jpg 300w, https:\/\/shopvalley.fr\/wp-content\/uploads\/2023\/01\/96962352-b8c9-4784-abb7-bf6c5578c819-800x800.jpg 800w, https:\/\/shopvalley.fr\/wp-content\/uploads\/2023\/01\/96962352-b8c9-4784-abb7-bf6c5578c819-768x768.jpg 768w\" sizes=\"auto, (max-width: 528px) 100vw, 528px\" \/><\/p>\n<p><span style=\"color: #000000;\"><strong><span style=\"font-size: 14pt;\">LARGO DEL CINTUR\u00d3N: 115 cm<\/span><\/strong><\/span><\/p>\n<p><span style=\"color: #000000;\"><strong><span style=\"font-size: 14pt;\">ANCHURA DEL CINTUR\u00d3N DESINFLADO: 13 CM<\/span><\/strong><\/span><\/p>\n<p><span style=\"color: #000000;\"><strong><span style=\"font-size: 14pt;\">ANCHURA DEL CINTUR\u00d3N INFLADO: 20 CM<\/span><\/strong><\/span><\/p>\n<p><span style=\"font-size: 14pt; color: #000000;\">Si lo deseas, podemos a\u00f1adir bandas de extensi\u00f3n para un ajuste perfecto. S\u00f3lo tienes que dec\u00edrnoslo cuando hagas tu pedido en las \u00abnotas del pedido\u00bb. <\/span><\/p>\n<h5><span style=\"color: #000000;\"><strong><span style=\"font-size: 14pt;\">Beneficios para tu espalda y tu bienestar<\/span><\/strong><\/span><\/h5>\n<p><span style=\"font-size: 14pt; color: #000000;\">Fortalece la espalda y el tronco.<\/span><\/p>\n<p><span style=\"font-size: 14pt; color: #000000;\">Alivia el dolor y la rigidez de la zona lumbar.  <\/span><\/p>\n<p><span style=\"font-size: 14pt; color: #000000;\">Mejora el flujo de nutrientes por tu columna vertebral.  <\/span><\/p>\n<p><span style=\"font-size: 14pt; color: #000000;\">El cintur\u00f3n transfiere el peso de tu columna vertebral.  <\/span><\/p>\n<p><span style=\"font-size: 14pt; color: #000000;\">Levanta el peso desde la parte superior del cuerpo hasta la parte inferior de la espalda.  <\/span><\/p>\n<p><span style=\"font-size: 14pt; color: #000000;\">Reduce el dolor y la presi\u00f3n sobre los nervios pinzados.  <\/span><\/p>\n<p><span style=\"font-size: 14pt; color: #000000;\">Descomprime las articulaciones de la zona lumbar y los discos vertebrales.  <\/span><\/p>\n<p><span style=\"font-size: 14pt; color: #000000;\">Estabiliza la zona lumbar y mejora la postura.  <\/span><\/p>\n<p><span style=\"font-size: 14pt; color: #000000;\">Descomprime la columna vertebral, permitiendo que los discos vuelvan a la normalidad.  <\/span><\/p>\n<p><span style=\"font-size: 14pt; color: #000000;\">Ayuda a aliviar la presi\u00f3n sobre los nervios pinzados.<\/span><\/p>\n<h5><span style=\"color: #000000;\"><strong><span style=\"font-size: 14pt;\">Invierte en tu bienestar<\/span><\/strong><\/span><\/h5>\n<p><span style=\"font-size: 14pt; color: #000000;\">Invierte en tu bienestar con nuestro Cintur\u00f3n Lumbar Alivio Espinal y descubre un alivio duradero y natural para tu dolor de espalda. \u00a1Mejora tu calidad de vida hoy mismo! <\/span><\/p>\n<p><img loading=\"lazy\" decoding=\"async\" class=\"aligncenter wp-image-28626\" src=\"http:\/\/shopvalley.fr\/wp-content\/uploads\/2023\/01\/1_b9782ec4-a682-4e4c-9e9d-f164f0c6dc60.png\" alt=\"\" width=\"543\" height=\"543\" srcset=\"https:\/\/shopvalley.fr\/wp-content\/uploads\/2023\/01\/1_b9782ec4-a682-4e4c-9e9d-f164f0c6dc60.png 900w, https:\/\/shopvalley.fr\/wp-content\/uploads\/2023\/01\/1_b9782ec4-a682-4e4c-9e9d-f164f0c6dc60-430x430.png 430w, https:\/\/shopvalley.fr\/wp-content\/uploads\/2023\/01\/1_b9782ec4-a682-4e4c-9e9d-f164f0c6dc60-150x150.png 150w, https:\/\/shopvalley.fr\/wp-content\/uploads\/2023\/01\/1_b9782ec4-a682-4e4c-9e9d-f164f0c6dc60-700x700.png 700w, https:\/\/shopvalley.fr\/wp-content\/uploads\/2023\/01\/1_b9782ec4-a682-4e4c-9e9d-f164f0c6dc60-300x300.png 300w, https:\/\/shopvalley.fr\/wp-content\/uploads\/2023\/01\/1_b9782ec4-a682-4e4c-9e9d-f164f0c6dc60-800x800.png 800w, https:\/\/shopvalley.fr\/wp-content\/uploads\/2023\/01\/1_b9782ec4-a682-4e4c-9e9d-f164f0c6dc60-768x768.png 768w\" sizes=\"auto, (max-width: 543px) 100vw, 543px\" \/><\/p>\n","protected":false},"excerpt":{"rendered":"<p><span style=\"font-size: 14pt; color: #000000;\">\u00a1Alivia tu espalda y mejora tu postura con nuestro Cintur\u00f3n Lumbar Alivio Espinal!<\/span><\/p>\n","protected":false},"featured_media":35742,"comment_status":"closed","ping_status":"closed","template":"","meta":[],"product_brand":[1139],"product_cat":[1006,1085],"product_tag":[990],"class_list":{"0":"post-51617","1":"product","2":"type-product","3":"status-publish","4":"has-post-thumbnail","6":"product_brand-shopvalley","7":"product_cat-salud-e-higiene","8":"product_cat-shopping_es-es","9":"product_tag-noflash-es","11":"first","12":"instock","13":"sale","14":"taxable","15":"shipping-taxable","16":"purchasable","17":"product-type-variable","18":"has-default-attributes"},"yoast_head":"<!-- This site is optimized with the Yoast SEO plugin v27.4 - https:\/\/yoast.com\/product\/yoast-seo-wordpress\/ -->\n<title>Cintur\u00f3n de descarga lumbar - ShopValley<\/title>\n<meta name=\"description\" content=\"Proporciona tratamiento y descompresi\u00f3n de la columna vertebral de grado cl\u00ednico para ayudar a extender la parte superior del cuerpo a la vez que alivia la presi\u00f3n en la parte inferior de la espalda\" \/>\n<meta name=\"robots\" content=\"index, follow, max-snippet:-1, max-image-preview:large, max-video-preview:-1\" \/>\n<link rel=\"canonical\" href=\"https:\/\/shopvalley.fr\/es\/produit\/cinturon-de-descarga-lumbar\/\" \/>\n<meta property=\"og:locale\" content=\"es_ES\" \/>\n<meta property=\"og:type\" content=\"article\" \/>\n<meta property=\"og:title\" content=\"Cintur\u00f3n de descarga lumbar - ShopValley\" \/>\n<meta property=\"og:description\" content=\"Proporciona tratamiento y descompresi\u00f3n de la columna vertebral de grado cl\u00ednico para ayudar a extender la parte superior del cuerpo a la vez que alivia la presi\u00f3n en la parte inferior de la espalda\" \/>\n<meta property=\"og:url\" content=\"https:\/\/shopvalley.fr\/es\/produit\/cinturon-de-descarga-lumbar\/\" \/>\n<meta property=\"og:site_name\" content=\"ShopValley\" \/>\n<meta property=\"article:modified_time\" content=\"2025-11-18T19:56:17+00:00\" \/>\n<meta property=\"og:image\" content=\"http:\/\/shopvalley.fr\/wp-content\/uploads\/2023\/06\/ceinture.png\" \/>\n\t<meta property=\"og:image:width\" content=\"500\" \/>\n\t<meta property=\"og:image:height\" content=\"500\" \/>\n\t<meta property=\"og:image:type\" content=\"image\/png\" \/>\n<script type=\"application\/ld+json\" class=\"yoast-schema-graph\">{\"@context\":\"https:\\\/\\\/schema.org\",\"@graph\":[{\"@type\":\"WebPage\",\"@id\":\"https:\\\/\\\/shopvalley.fr\\\/es\\\/produit\\\/cinturon-de-descarga-lumbar\\\/\",\"url\":\"https:\\\/\\\/shopvalley.fr\\\/es\\\/produit\\\/cinturon-de-descarga-lumbar\\\/\",\"name\":\"Cintur\u00f3n de descarga lumbar - ShopValley\",\"isPartOf\":{\"@id\":\"https:\\\/\\\/shopvalley.fr\\\/es\\\/#website\"},\"primaryImageOfPage\":{\"@id\":\"https:\\\/\\\/shopvalley.fr\\\/es\\\/produit\\\/cinturon-de-descarga-lumbar\\\/#primaryimage\"},\"image\":{\"@id\":\"https:\\\/\\\/shopvalley.fr\\\/es\\\/produit\\\/cinturon-de-descarga-lumbar\\\/#primaryimage\"},\"thumbnailUrl\":\"https:\\\/\\\/shopvalley.fr\\\/wp-content\\\/uploads\\\/2023\\\/06\\\/ceinture.png\",\"datePublished\":\"2023-01-16T20:55:52+00:00\",\"dateModified\":\"2025-11-18T19:56:17+00:00\",\"description\":\"Proporciona tratamiento y descompresi\u00f3n de la columna vertebral de grado cl\u00ednico para ayudar a extender la parte superior del cuerpo a la vez que alivia la presi\u00f3n en la parte inferior de la espalda\",\"breadcrumb\":{\"@id\":\"https:\\\/\\\/shopvalley.fr\\\/es\\\/produit\\\/cinturon-de-descarga-lumbar\\\/#breadcrumb\"},\"inLanguage\":\"es\",\"potentialAction\":[{\"@type\":\"ReadAction\",\"target\":[\"https:\\\/\\\/shopvalley.fr\\\/es\\\/produit\\\/cinturon-de-descarga-lumbar\\\/\"]}]},{\"@type\":\"ImageObject\",\"inLanguage\":\"es\",\"@id\":\"https:\\\/\\\/shopvalley.fr\\\/es\\\/produit\\\/cinturon-de-descarga-lumbar\\\/#primaryimage\",\"url\":\"https:\\\/\\\/shopvalley.fr\\\/wp-content\\\/uploads\\\/2023\\\/06\\\/ceinture.png\",\"contentUrl\":\"https:\\\/\\\/shopvalley.fr\\\/wp-content\\\/uploads\\\/2023\\\/06\\\/ceinture.png\",\"width\":500,\"height\":500},{\"@type\":\"BreadcrumbList\",\"@id\":\"https:\\\/\\\/shopvalley.fr\\\/es\\\/produit\\\/cinturon-de-descarga-lumbar\\\/#breadcrumb\",\"itemListElement\":[{\"@type\":\"ListItem\",\"position\":1,\"name\":\"Accueil\",\"item\":\"https:\\\/\\\/shopvalley.fr\\\/es\\\/\"},{\"@type\":\"ListItem\",\"position\":2,\"name\":\"Todos los productos\",\"item\":\"https:\\\/\\\/shopvalley.fr\\\/es\\\/todos-los-productos\\\/\"},{\"@type\":\"ListItem\",\"position\":3,\"name\":\"Salud e higiene\",\"item\":\"https:\\\/\\\/shopvalley.fr\\\/es\\\/categorie-produit\\\/salud-e-higiene\\\/\"},{\"@type\":\"ListItem\",\"position\":4,\"name\":\"Cintur\u00f3n de descarga lumbar\"}]},{\"@type\":\"WebSite\",\"@id\":\"https:\\\/\\\/shopvalley.fr\\\/es\\\/#website\",\"url\":\"https:\\\/\\\/shopvalley.fr\\\/es\\\/\",\"name\":\"ShopValley\",\"description\":\"\u00a1Productos de moda a precios bajos!\",\"publisher\":{\"@id\":\"https:\\\/\\\/shopvalley.fr\\\/es\\\/#organization\"},\"potentialAction\":[{\"@type\":\"SearchAction\",\"target\":{\"@type\":\"EntryPoint\",\"urlTemplate\":\"https:\\\/\\\/shopvalley.fr\\\/es\\\/?s={search_term_string}\"},\"query-input\":{\"@type\":\"PropertyValueSpecification\",\"valueRequired\":true,\"valueName\":\"search_term_string\"}}],\"inLanguage\":\"es\"},{\"@type\":\"Organization\",\"@id\":\"https:\\\/\\\/shopvalley.fr\\\/es\\\/#organization\",\"name\":\"Shopvalley\",\"url\":\"https:\\\/\\\/shopvalley.fr\\\/es\\\/\",\"logo\":{\"@type\":\"ImageObject\",\"inLanguage\":\"es\",\"@id\":\"https:\\\/\\\/shopvalley.fr\\\/es\\\/#\\\/schema\\\/logo\\\/image\\\/\",\"url\":\"https:\\\/\\\/shopvalley.fr\\\/wp-content\\\/uploads\\\/2023\\\/11\\\/cropped-Copie-de-Logo-ShopValley-500-x-500-px-1.png\",\"contentUrl\":\"https:\\\/\\\/shopvalley.fr\\\/wp-content\\\/uploads\\\/2023\\\/11\\\/cropped-Copie-de-Logo-ShopValley-500-x-500-px-1.png\",\"width\":512,\"height\":512,\"caption\":\"Shopvalley\"},\"image\":{\"@id\":\"https:\\\/\\\/shopvalley.fr\\\/es\\\/#\\\/schema\\\/logo\\\/image\\\/\"}}]}<\/script>\n<!-- \/ Yoast SEO plugin. -->","yoast_head_json":{"title":"Cintur\u00f3n de descarga lumbar - ShopValley","description":"Proporciona tratamiento y descompresi\u00f3n de la columna vertebral de grado cl\u00ednico para ayudar a extender la parte superior del cuerpo a la vez que alivia la presi\u00f3n en la parte inferior de la espalda","robots":{"index":"index","follow":"follow","max-snippet":"max-snippet:-1","max-image-preview":"max-image-preview:large","max-video-preview":"max-video-preview:-1"},"canonical":"https:\/\/shopvalley.fr\/es\/produit\/cinturon-de-descarga-lumbar\/","og_locale":"es_ES","og_type":"article","og_title":"Cintur\u00f3n de descarga lumbar - ShopValley","og_description":"Proporciona tratamiento y descompresi\u00f3n de la columna vertebral de grado cl\u00ednico para ayudar a extender la parte superior del cuerpo a la vez que alivia la presi\u00f3n en la parte inferior de la espalda","og_url":"https:\/\/shopvalley.fr\/es\/produit\/cinturon-de-descarga-lumbar\/","og_site_name":"ShopValley","article_modified_time":"2025-11-18T19:56:17+00:00","og_image":[{"width":500,"height":500,"url":"http:\/\/shopvalley.fr\/wp-content\/uploads\/2023\/06\/ceinture.png","type":"image\/png"}],"schema":{"@context":"https:\/\/schema.org","@graph":[{"@type":"WebPage","@id":"https:\/\/shopvalley.fr\/es\/produit\/cinturon-de-descarga-lumbar\/","url":"https:\/\/shopvalley.fr\/es\/produit\/cinturon-de-descarga-lumbar\/","name":"Cintur\u00f3n de descarga lumbar - ShopValley","isPartOf":{"@id":"https:\/\/shopvalley.fr\/es\/#website"},"primaryImageOfPage":{"@id":"https:\/\/shopvalley.fr\/es\/produit\/cinturon-de-descarga-lumbar\/#primaryimage"},"image":{"@id":"https:\/\/shopvalley.fr\/es\/produit\/cinturon-de-descarga-lumbar\/#primaryimage"},"thumbnailUrl":"https:\/\/shopvalley.fr\/wp-content\/uploads\/2023\/06\/ceinture.png","datePublished":"2023-01-16T20:55:52+00:00","dateModified":"2025-11-18T19:56:17+00:00","description":"Proporciona tratamiento y descompresi\u00f3n de la columna vertebral de grado cl\u00ednico para ayudar a extender la parte superior del cuerpo a la vez que alivia la presi\u00f3n en la parte inferior de la espalda","breadcrumb":{"@id":"https:\/\/shopvalley.fr\/es\/produit\/cinturon-de-descarga-lumbar\/#breadcrumb"},"inLanguage":"es","potentialAction":[{"@type":"ReadAction","target":["https:\/\/shopvalley.fr\/es\/produit\/cinturon-de-descarga-lumbar\/"]}]},{"@type":"ImageObject","inLanguage":"es","@id":"https:\/\/shopvalley.fr\/es\/produit\/cinturon-de-descarga-lumbar\/#primaryimage","url":"https:\/\/shopvalley.fr\/wp-content\/uploads\/2023\/06\/ceinture.png","contentUrl":"https:\/\/shopvalley.fr\/wp-content\/uploads\/2023\/06\/ceinture.png","width":500,"height":500},{"@type":"BreadcrumbList","@id":"https:\/\/shopvalley.fr\/es\/produit\/cinturon-de-descarga-lumbar\/#breadcrumb","itemListElement":[{"@type":"ListItem","position":1,"name":"Accueil","item":"https:\/\/shopvalley.fr\/es\/"},{"@type":"ListItem","position":2,"name":"Todos los productos","item":"https:\/\/shopvalley.fr\/es\/todos-los-productos\/"},{"@type":"ListItem","position":3,"name":"Salud e higiene","item":"https:\/\/shopvalley.fr\/es\/categorie-produit\/salud-e-higiene\/"},{"@type":"ListItem","position":4,"name":"Cintur\u00f3n de descarga lumbar"}]},{"@type":"WebSite","@id":"https:\/\/shopvalley.fr\/es\/#website","url":"https:\/\/shopvalley.fr\/es\/","name":"ShopValley","description":"\u00a1Productos de moda a precios bajos!","publisher":{"@id":"https:\/\/shopvalley.fr\/es\/#organization"},"potentialAction":[{"@type":"SearchAction","target":{"@type":"EntryPoint","urlTemplate":"https:\/\/shopvalley.fr\/es\/?s={search_term_string}"},"query-input":{"@type":"PropertyValueSpecification","valueRequired":true,"valueName":"search_term_string"}}],"inLanguage":"es"},{"@type":"Organization","@id":"https:\/\/shopvalley.fr\/es\/#organization","name":"Shopvalley","url":"https:\/\/shopvalley.fr\/es\/","logo":{"@type":"ImageObject","inLanguage":"es","@id":"https:\/\/shopvalley.fr\/es\/#\/schema\/logo\/image\/","url":"https:\/\/shopvalley.fr\/wp-content\/uploads\/2023\/11\/cropped-Copie-de-Logo-ShopValley-500-x-500-px-1.png","contentUrl":"https:\/\/shopvalley.fr\/wp-content\/uploads\/2023\/11\/cropped-Copie-de-Logo-ShopValley-500-x-500-px-1.png","width":512,"height":512,"caption":"Shopvalley"},"image":{"@id":"https:\/\/shopvalley.fr\/es\/#\/schema\/logo\/image\/"}}]}},"jetpack_sharing_enabled":true,"_links":{"self":[{"href":"https:\/\/shopvalley.fr\/es\/wp-json\/wp\/v2\/product\/51617","targetHints":{"allow":["GET"]}}],"collection":[{"href":"https:\/\/shopvalley.fr\/es\/wp-json\/wp\/v2\/product"}],"about":[{"href":"https:\/\/shopvalley.fr\/es\/wp-json\/wp\/v2\/types\/product"}],"replies":[{"embeddable":true,"href":"https:\/\/shopvalley.fr\/es\/wp-json\/wp\/v2\/comments?post=51617"}],"version-history":[{"count":0,"href":"https:\/\/shopvalley.fr\/es\/wp-json\/wp\/v2\/product\/51617\/revisions"}],"wp:featuredmedia":[{"embeddable":true,"href":"https:\/\/shopvalley.fr\/es\/wp-json\/wp\/v2\/media\/35742"}],"wp:attachment":[{"href":"https:\/\/shopvalley.fr\/es\/wp-json\/wp\/v2\/media?parent=51617"}],"wp:term":[{"taxonomy":"product_brand","embeddable":true,"href":"https:\/\/shopvalley.fr\/es\/wp-json\/wp\/v2\/product_brand?post=51617"},{"taxonomy":"product_cat","embeddable":true,"href":"https:\/\/shopvalley.fr\/es\/wp-json\/wp\/v2\/product_cat?post=51617"},{"taxonomy":"product_tag","embeddable":true,"href":"https:\/\/shopvalley.fr\/es\/wp-json\/wp\/v2\/product_tag?post=51617"}],"curies":[{"name":"wp","href":"https:\/\/api.w.org\/{rel}","templated":true}]}}