{"id":51614,"date":"2024-01-25T22:03:52","date_gmt":"2024-01-25T21:03:52","guid":{"rendered":"https:\/\/shopvalley.fr\/produit\/baby-fly-aspirador-nasal-electrico-nosecare\/"},"modified":"2025-11-18T20:55:21","modified_gmt":"2025-11-18T19:55:21","slug":"baby-fly-aspirador-nasal-electrico-nosecare","status":"publish","type":"product","link":"https:\/\/shopvalley.fr\/es\/produit\/baby-fly-aspirador-nasal-electrico-nosecare\/","title":{"rendered":"Baby Fly | Aspirador nasal el\u00e9ctrico NoseCare"},"content":{"rendered":"<h5><span style=\"font-size: 14pt; color: #000000;\"><strong>\ud83c\udf1f Calidad m\u00e9dica para tu beb\u00e9 \ud83c\udf1f<\/strong><\/span><\/h5>\n<p><span style=\"font-size: 14pt; color: #000000;\">Descubre nuestra Nariz de Beb\u00e9, el Aspirador Nasal El\u00e9ctrico NoseCare, dise\u00f1ado seg\u00fan rigurosas normas de seguridad de succi\u00f3n para <strong>proteger la delicada mucosa nasal de tu beb\u00e9<\/strong>. Las puntas de silicona de grado m\u00e9dico,<strong> sin BPA ni l\u00e1tex<\/strong>, garantizan una experiencia segura y suave. <\/span><\/p>\n<p><a href=\"http:\/\/shopvalley.fr\/wp-content\/uploads\/2024\/01\/Aspirateur-Nasal.gif\"><img loading=\"lazy\" decoding=\"async\" class=\"aligncenter wp-image-26103\" src=\"http:\/\/shopvalley.fr\/wp-content\/uploads\/2024\/01\/Aspirateur-Nasal.gif\" alt=\"\" width=\"469\" height=\"264\"><\/a><\/p>\n<p><a href=\"http:\/\/shopvalley.fr\/wp-content\/uploads\/2024\/01\/Aspirateur_Nasal-14.jpg\"><img loading=\"lazy\" decoding=\"async\" class=\"aligncenter wp-image-26088\" src=\"http:\/\/shopvalley.fr\/wp-content\/uploads\/2024\/01\/Aspirateur_Nasal-14.jpg\" alt=\"\" width=\"467\" height=\"467\" srcset=\"https:\/\/shopvalley.fr\/wp-content\/uploads\/2024\/01\/Aspirateur_Nasal-14.jpg 1000w, https:\/\/shopvalley.fr\/wp-content\/uploads\/2024\/01\/Aspirateur_Nasal-14-430x430.jpg 430w, https:\/\/shopvalley.fr\/wp-content\/uploads\/2024\/01\/Aspirateur_Nasal-14-150x150.jpg 150w, https:\/\/shopvalley.fr\/wp-content\/uploads\/2024\/01\/Aspirateur_Nasal-14-700x700.jpg 700w, https:\/\/shopvalley.fr\/wp-content\/uploads\/2024\/01\/Aspirateur_Nasal-14-300x300.jpg 300w, https:\/\/shopvalley.fr\/wp-content\/uploads\/2024\/01\/Aspirateur_Nasal-14-800x800.jpg 800w, https:\/\/shopvalley.fr\/wp-content\/uploads\/2024\/01\/Aspirateur_Nasal-14-768x768.jpg 768w, https:\/\/shopvalley.fr\/wp-content\/uploads\/2024\/01\/Aspirateur_Nasal-14-860x860.jpg 860w\" sizes=\"auto, (max-width: 467px) 100vw, 467px\" \/><\/a><\/p>\n<p>&nbsp;<\/p>\n<h5><span style=\"font-size: 14pt; color: #000000;\"><strong>\ud83d\udc76 Tres niveles de succi\u00f3n para un confort \u00f3ptimo \ud83d\udc76<\/strong><\/span><\/h5>\n<p><span style=\"font-size: 14pt; color: #000000;\">Con tres niveles de succi\u00f3n de hasta 65 kPa, nuestro aspirador nasal es <strong>adecuado para todos los lactantes peque\u00f1os<\/strong>. Las puntas de silicona, disponibles en tres tama\u00f1os, garantizan un <strong>ajuste perfecto para<\/strong> todos los tama\u00f1os de mucosidad nasal. Util\u00edzalo con un aerosol salino para obtener resultados \u00f3ptimos.  <\/span><\/p>\n<p><a href=\"http:\/\/shopvalley.fr\/wp-content\/uploads\/2024\/01\/Aspirateur_Nasal-4.jpg\"><img loading=\"lazy\" decoding=\"async\" class=\"aligncenter wp-image-26099\" src=\"http:\/\/shopvalley.fr\/wp-content\/uploads\/2024\/01\/Aspirateur_Nasal-4.jpg\" alt=\"\" width=\"448\" height=\"448\" srcset=\"https:\/\/shopvalley.fr\/wp-content\/uploads\/2024\/01\/Aspirateur_Nasal-4.jpg 1000w, https:\/\/shopvalley.fr\/wp-content\/uploads\/2024\/01\/Aspirateur_Nasal-4-430x430.jpg 430w, https:\/\/shopvalley.fr\/wp-content\/uploads\/2024\/01\/Aspirateur_Nasal-4-150x150.jpg 150w, https:\/\/shopvalley.fr\/wp-content\/uploads\/2024\/01\/Aspirateur_Nasal-4-700x700.jpg 700w, https:\/\/shopvalley.fr\/wp-content\/uploads\/2024\/01\/Aspirateur_Nasal-4-300x300.jpg 300w, https:\/\/shopvalley.fr\/wp-content\/uploads\/2024\/01\/Aspirateur_Nasal-4-800x800.jpg 800w, https:\/\/shopvalley.fr\/wp-content\/uploads\/2024\/01\/Aspirateur_Nasal-4-768x768.jpg 768w, https:\/\/shopvalley.fr\/wp-content\/uploads\/2024\/01\/Aspirateur_Nasal-4-860x860.jpg 860w\" sizes=\"auto, (max-width: 448px) 100vw, 448px\" \/><\/a><\/p>\n<h5><span style=\"font-size: 14pt; color: #000000;\"><strong>\ud83c\udfb6 Calma y confort para noches tranquilas \ud83c\udfb6<\/strong><\/span><\/h5>\n<p><span style=\"font-size: 14pt; color: #000000;\">El <strong>funcionamiento silencioso<\/strong> de nuestro aspirador nasal, combinado con <strong>una suave melod\u00eda tranquilizadora<\/strong>, ofrece a tu beb\u00e9 una comodidad inigualable durante el proceso de limpieza. Ayuda a tu peque\u00f1o a dormir bien asegur\u00e1ndole una respiraci\u00f3n f\u00e1cil. <\/span><\/p>\n<p><a href=\"http:\/\/shopvalley.fr\/wp-content\/uploads\/2024\/01\/Aspirateur_Nasal-1.jpg\"><img loading=\"lazy\" decoding=\"async\" class=\"aligncenter wp-image-26094\" src=\"http:\/\/shopvalley.fr\/wp-content\/uploads\/2024\/01\/Aspirateur_Nasal-1.jpg\" alt=\"\" width=\"437\" height=\"437\" srcset=\"https:\/\/shopvalley.fr\/wp-content\/uploads\/2024\/01\/Aspirateur_Nasal-1.jpg 1000w, https:\/\/shopvalley.fr\/wp-content\/uploads\/2024\/01\/Aspirateur_Nasal-1-430x430.jpg 430w, https:\/\/shopvalley.fr\/wp-content\/uploads\/2024\/01\/Aspirateur_Nasal-1-150x150.jpg 150w, https:\/\/shopvalley.fr\/wp-content\/uploads\/2024\/01\/Aspirateur_Nasal-1-700x700.jpg 700w, https:\/\/shopvalley.fr\/wp-content\/uploads\/2024\/01\/Aspirateur_Nasal-1-300x300.jpg 300w, https:\/\/shopvalley.fr\/wp-content\/uploads\/2024\/01\/Aspirateur_Nasal-1-800x800.jpg 800w, https:\/\/shopvalley.fr\/wp-content\/uploads\/2024\/01\/Aspirateur_Nasal-1-768x768.jpg 768w, https:\/\/shopvalley.fr\/wp-content\/uploads\/2024\/01\/Aspirateur_Nasal-1-860x860.jpg 860w\" sizes=\"auto, (max-width: 437px) 100vw, 437px\" \/><\/a><\/p>\n<h5><span style=\"font-size: 14pt; color: #000000;\"><strong>\ud83d\udd0b Recargable y listo para viajar \ud83d\udd0b<\/strong><\/span><\/h5>\n<p><span style=\"font-size: 14pt; color: #000000;\">Con una bater\u00eda de 500 mAh, nuestro aspirador nasal <strong>puede recargarse mediante USB<\/strong>, para que siempre est\u00e9 listo para usar. Disfruta de <g id=\"gid_1\">una portabilidad total<\/g>, ideal para viajes y emergencias nocturnas. (Nota: No funciona mientras se est\u00e1 cargando).  <\/span><\/p>\n<p><a href=\"http:\/\/shopvalley.fr\/wp-content\/uploads\/2024\/01\/Aspirateur_Nasal-17.jpg\"><img loading=\"lazy\" decoding=\"async\" class=\"aligncenter wp-image-26091\" src=\"http:\/\/shopvalley.fr\/wp-content\/uploads\/2024\/01\/Aspirateur_Nasal-17.jpg\" alt=\"\" width=\"445\" height=\"445\" srcset=\"https:\/\/shopvalley.fr\/wp-content\/uploads\/2024\/01\/Aspirateur_Nasal-17.jpg 1000w, https:\/\/shopvalley.fr\/wp-content\/uploads\/2024\/01\/Aspirateur_Nasal-17-430x430.jpg 430w, https:\/\/shopvalley.fr\/wp-content\/uploads\/2024\/01\/Aspirateur_Nasal-17-150x150.jpg 150w, https:\/\/shopvalley.fr\/wp-content\/uploads\/2024\/01\/Aspirateur_Nasal-17-700x700.jpg 700w, https:\/\/shopvalley.fr\/wp-content\/uploads\/2024\/01\/Aspirateur_Nasal-17-300x300.jpg 300w, https:\/\/shopvalley.fr\/wp-content\/uploads\/2024\/01\/Aspirateur_Nasal-17-800x800.jpg 800w, https:\/\/shopvalley.fr\/wp-content\/uploads\/2024\/01\/Aspirateur_Nasal-17-768x768.jpg 768w, https:\/\/shopvalley.fr\/wp-content\/uploads\/2024\/01\/Aspirateur_Nasal-17-860x860.jpg 860w\" sizes=\"auto, (max-width: 445px) 100vw, 445px\" \/><\/a><\/p>\n<h5><span style=\"font-size: 14pt; color: #000000;\"><strong>\ud83c\udf2c\ufe0f F\u00e1cil de usar, f\u00e1cil de limpiar \ud83c\udf2c\ufe0f<\/strong><\/span><\/h5>\n<p><span style=\"font-size: 14pt; color: #000000;\">Con una <strong>pantalla LCD de f\u00e1cil manejo<\/strong>, nuestro aspirador nasal el\u00e9ctrico simplifica el proceso de limpieza nasal. Despu\u00e9s de usarlo, limpiarlo es un juego de ni\u00f1os gracias a su dise\u00f1o, que es f\u00e1cil de desmontar y enjuagar con agua tibia jabonosa. <\/span><\/p>\n<p><a href=\"http:\/\/shopvalley.fr\/wp-content\/uploads\/2024\/01\/Aspirateur_Nasal-5.jpg\"><img loading=\"lazy\" decoding=\"async\" class=\"aligncenter wp-image-26100\" src=\"http:\/\/shopvalley.fr\/wp-content\/uploads\/2024\/01\/Aspirateur_Nasal-5.jpg\" alt=\"\" width=\"443\" height=\"443\" srcset=\"https:\/\/shopvalley.fr\/wp-content\/uploads\/2024\/01\/Aspirateur_Nasal-5.jpg 1414w, https:\/\/shopvalley.fr\/wp-content\/uploads\/2024\/01\/Aspirateur_Nasal-5-430x430.jpg 430w, https:\/\/shopvalley.fr\/wp-content\/uploads\/2024\/01\/Aspirateur_Nasal-5-150x150.jpg 150w, https:\/\/shopvalley.fr\/wp-content\/uploads\/2024\/01\/Aspirateur_Nasal-5-700x700.jpg 700w, https:\/\/shopvalley.fr\/wp-content\/uploads\/2024\/01\/Aspirateur_Nasal-5-300x300.jpg 300w, https:\/\/shopvalley.fr\/wp-content\/uploads\/2024\/01\/Aspirateur_Nasal-5-800x800.jpg 800w, https:\/\/shopvalley.fr\/wp-content\/uploads\/2024\/01\/Aspirateur_Nasal-5-768x768.jpg 768w, https:\/\/shopvalley.fr\/wp-content\/uploads\/2024\/01\/Aspirateur_Nasal-5-860x860.jpg 860w\" sizes=\"auto, (max-width: 443px) 100vw, 443px\" \/><\/a><\/p>\n<p><span style=\"font-size: 14pt; color: #000000;\"><strong>Invierte en el bienestar de tu beb\u00e9<\/strong>con NoseCare, el aspirador nasal el\u00e9ctrico que combina <strong>calidad m\u00e9dica, practicidad y delicadeza<\/strong> para un cuidado sin estr\u00e9s. \u00a1Pide el tuyo hoy mismo! <\/span><\/p>\n<p><span style=\"font-size: 14pt; color: #000000;\">Dimensiones del producto: 208*46 * 43MM<\/span><\/p>\n","protected":false},"excerpt":{"rendered":"<p><span style=\"font-size: 14pt; color: #000000;\">Calidad m\u00e9dica para tu beb\u00e9<\/span><\/p>\n","protected":false},"featured_media":39374,"comment_status":"closed","ping_status":"closed","template":"","meta":[],"product_brand":[1139],"product_cat":[1006,1085],"product_tag":[990],"class_list":{"0":"post-51614","1":"product","2":"type-product","3":"status-publish","4":"has-post-thumbnail","6":"product_brand-shopvalley","7":"product_cat-salud-e-higiene","8":"product_cat-shopping_es-es","9":"product_tag-noflash-es","11":"first","12":"instock","13":"sale","14":"taxable","15":"shipping-taxable","16":"purchasable","17":"product-type-variable","18":"has-default-attributes"},"yoast_head":"<!-- This site is optimized with the Yoast SEO plugin v27.4 - https:\/\/yoast.com\/product\/yoast-seo-wordpress\/ -->\n<title>Baby Fly | Aspirador nasal el\u00e9ctrico NoseCare - ShopValley<\/title>\n<meta name=\"description\" content=\"Descubre nuestro Aspirador Nasal El\u00e9ctrico NoseCare, para proteger la delicada mucosa nasal de tu beb\u00e9.\" \/>\n<meta name=\"robots\" content=\"index, follow, max-snippet:-1, max-image-preview:large, max-video-preview:-1\" \/>\n<link rel=\"canonical\" href=\"https:\/\/shopvalley.fr\/es\/produit\/baby-fly-aspirador-nasal-electrico-nosecare\/\" \/>\n<meta property=\"og:locale\" content=\"es_ES\" \/>\n<meta property=\"og:type\" content=\"article\" \/>\n<meta property=\"og:title\" content=\"Baby Fly | Aspirador nasal el\u00e9ctrico NoseCare - ShopValley\" \/>\n<meta property=\"og:description\" content=\"Descubre nuestro Aspirador Nasal El\u00e9ctrico NoseCare, para proteger la delicada mucosa nasal de tu beb\u00e9.\" \/>\n<meta property=\"og:url\" content=\"https:\/\/shopvalley.fr\/es\/produit\/baby-fly-aspirador-nasal-electrico-nosecare\/\" \/>\n<meta property=\"og:site_name\" content=\"ShopValley\" \/>\n<meta property=\"article:modified_time\" content=\"2025-11-18T19:55:21+00:00\" \/>\n<meta property=\"og:image\" content=\"http:\/\/shopvalley.fr\/wp-content\/uploads\/2024\/01\/Aspirateur_Nasale_NoseCare.webp\" \/>\n\t<meta property=\"og:image:width\" content=\"791\" \/>\n\t<meta property=\"og:image:height\" content=\"737\" \/>\n\t<meta property=\"og:image:type\" content=\"image\/webp\" \/>\n<script type=\"application\/ld+json\" class=\"yoast-schema-graph\">{\"@context\":\"https:\\\/\\\/schema.org\",\"@graph\":[{\"@type\":\"WebPage\",\"@id\":\"https:\\\/\\\/shopvalley.fr\\\/es\\\/produit\\\/baby-fly-aspirador-nasal-electrico-nosecare\\\/\",\"url\":\"https:\\\/\\\/shopvalley.fr\\\/es\\\/produit\\\/baby-fly-aspirador-nasal-electrico-nosecare\\\/\",\"name\":\"Baby Fly | Aspirador nasal el\u00e9ctrico NoseCare - ShopValley\",\"isPartOf\":{\"@id\":\"https:\\\/\\\/shopvalley.fr\\\/es\\\/#website\"},\"primaryImageOfPage\":{\"@id\":\"https:\\\/\\\/shopvalley.fr\\\/es\\\/produit\\\/baby-fly-aspirador-nasal-electrico-nosecare\\\/#primaryimage\"},\"image\":{\"@id\":\"https:\\\/\\\/shopvalley.fr\\\/es\\\/produit\\\/baby-fly-aspirador-nasal-electrico-nosecare\\\/#primaryimage\"},\"thumbnailUrl\":\"https:\\\/\\\/shopvalley.fr\\\/wp-content\\\/uploads\\\/2024\\\/01\\\/Aspirateur_Nasale_NoseCare.webp\",\"datePublished\":\"2024-01-25T21:03:52+00:00\",\"dateModified\":\"2025-11-18T19:55:21+00:00\",\"description\":\"Descubre nuestro Aspirador Nasal El\u00e9ctrico NoseCare, para proteger la delicada mucosa nasal de tu beb\u00e9.\",\"breadcrumb\":{\"@id\":\"https:\\\/\\\/shopvalley.fr\\\/es\\\/produit\\\/baby-fly-aspirador-nasal-electrico-nosecare\\\/#breadcrumb\"},\"inLanguage\":\"es\",\"potentialAction\":[{\"@type\":\"ReadAction\",\"target\":[\"https:\\\/\\\/shopvalley.fr\\\/es\\\/produit\\\/baby-fly-aspirador-nasal-electrico-nosecare\\\/\"]}]},{\"@type\":\"ImageObject\",\"inLanguage\":\"es\",\"@id\":\"https:\\\/\\\/shopvalley.fr\\\/es\\\/produit\\\/baby-fly-aspirador-nasal-electrico-nosecare\\\/#primaryimage\",\"url\":\"https:\\\/\\\/shopvalley.fr\\\/wp-content\\\/uploads\\\/2024\\\/01\\\/Aspirateur_Nasale_NoseCare.webp\",\"contentUrl\":\"https:\\\/\\\/shopvalley.fr\\\/wp-content\\\/uploads\\\/2024\\\/01\\\/Aspirateur_Nasale_NoseCare.webp\",\"width\":791,\"height\":737},{\"@type\":\"BreadcrumbList\",\"@id\":\"https:\\\/\\\/shopvalley.fr\\\/es\\\/produit\\\/baby-fly-aspirador-nasal-electrico-nosecare\\\/#breadcrumb\",\"itemListElement\":[{\"@type\":\"ListItem\",\"position\":1,\"name\":\"Accueil\",\"item\":\"https:\\\/\\\/shopvalley.fr\\\/es\\\/\"},{\"@type\":\"ListItem\",\"position\":2,\"name\":\"Todos los productos\",\"item\":\"https:\\\/\\\/shopvalley.fr\\\/es\\\/todos-los-productos\\\/\"},{\"@type\":\"ListItem\",\"position\":3,\"name\":\"Salud e higiene\",\"item\":\"https:\\\/\\\/shopvalley.fr\\\/es\\\/categorie-produit\\\/salud-e-higiene\\\/\"},{\"@type\":\"ListItem\",\"position\":4,\"name\":\"Baby Fly | Aspirador nasal el\u00e9ctrico NoseCare\"}]},{\"@type\":\"WebSite\",\"@id\":\"https:\\\/\\\/shopvalley.fr\\\/es\\\/#website\",\"url\":\"https:\\\/\\\/shopvalley.fr\\\/es\\\/\",\"name\":\"ShopValley\",\"description\":\"\u00a1Productos de moda a precios bajos!\",\"publisher\":{\"@id\":\"https:\\\/\\\/shopvalley.fr\\\/es\\\/#organization\"},\"potentialAction\":[{\"@type\":\"SearchAction\",\"target\":{\"@type\":\"EntryPoint\",\"urlTemplate\":\"https:\\\/\\\/shopvalley.fr\\\/es\\\/?s={search_term_string}\"},\"query-input\":{\"@type\":\"PropertyValueSpecification\",\"valueRequired\":true,\"valueName\":\"search_term_string\"}}],\"inLanguage\":\"es\"},{\"@type\":\"Organization\",\"@id\":\"https:\\\/\\\/shopvalley.fr\\\/es\\\/#organization\",\"name\":\"Shopvalley\",\"url\":\"https:\\\/\\\/shopvalley.fr\\\/es\\\/\",\"logo\":{\"@type\":\"ImageObject\",\"inLanguage\":\"es\",\"@id\":\"https:\\\/\\\/shopvalley.fr\\\/es\\\/#\\\/schema\\\/logo\\\/image\\\/\",\"url\":\"https:\\\/\\\/shopvalley.fr\\\/wp-content\\\/uploads\\\/2023\\\/11\\\/cropped-Copie-de-Logo-ShopValley-500-x-500-px-1.png\",\"contentUrl\":\"https:\\\/\\\/shopvalley.fr\\\/wp-content\\\/uploads\\\/2023\\\/11\\\/cropped-Copie-de-Logo-ShopValley-500-x-500-px-1.png\",\"width\":512,\"height\":512,\"caption\":\"Shopvalley\"},\"image\":{\"@id\":\"https:\\\/\\\/shopvalley.fr\\\/es\\\/#\\\/schema\\\/logo\\\/image\\\/\"}}]}<\/script>\n<!-- \/ Yoast SEO plugin. -->","yoast_head_json":{"title":"Baby Fly | Aspirador nasal el\u00e9ctrico NoseCare - ShopValley","description":"Descubre nuestro Aspirador Nasal El\u00e9ctrico NoseCare, para proteger la delicada mucosa nasal de tu beb\u00e9.","robots":{"index":"index","follow":"follow","max-snippet":"max-snippet:-1","max-image-preview":"max-image-preview:large","max-video-preview":"max-video-preview:-1"},"canonical":"https:\/\/shopvalley.fr\/es\/produit\/baby-fly-aspirador-nasal-electrico-nosecare\/","og_locale":"es_ES","og_type":"article","og_title":"Baby Fly | Aspirador nasal el\u00e9ctrico NoseCare - ShopValley","og_description":"Descubre nuestro Aspirador Nasal El\u00e9ctrico NoseCare, para proteger la delicada mucosa nasal de tu beb\u00e9.","og_url":"https:\/\/shopvalley.fr\/es\/produit\/baby-fly-aspirador-nasal-electrico-nosecare\/","og_site_name":"ShopValley","article_modified_time":"2025-11-18T19:55:21+00:00","og_image":[{"width":791,"height":737,"url":"http:\/\/shopvalley.fr\/wp-content\/uploads\/2024\/01\/Aspirateur_Nasale_NoseCare.webp","type":"image\/webp"}],"schema":{"@context":"https:\/\/schema.org","@graph":[{"@type":"WebPage","@id":"https:\/\/shopvalley.fr\/es\/produit\/baby-fly-aspirador-nasal-electrico-nosecare\/","url":"https:\/\/shopvalley.fr\/es\/produit\/baby-fly-aspirador-nasal-electrico-nosecare\/","name":"Baby Fly | Aspirador nasal el\u00e9ctrico NoseCare - ShopValley","isPartOf":{"@id":"https:\/\/shopvalley.fr\/es\/#website"},"primaryImageOfPage":{"@id":"https:\/\/shopvalley.fr\/es\/produit\/baby-fly-aspirador-nasal-electrico-nosecare\/#primaryimage"},"image":{"@id":"https:\/\/shopvalley.fr\/es\/produit\/baby-fly-aspirador-nasal-electrico-nosecare\/#primaryimage"},"thumbnailUrl":"https:\/\/shopvalley.fr\/wp-content\/uploads\/2024\/01\/Aspirateur_Nasale_NoseCare.webp","datePublished":"2024-01-25T21:03:52+00:00","dateModified":"2025-11-18T19:55:21+00:00","description":"Descubre nuestro Aspirador Nasal El\u00e9ctrico NoseCare, para proteger la delicada mucosa nasal de tu beb\u00e9.","breadcrumb":{"@id":"https:\/\/shopvalley.fr\/es\/produit\/baby-fly-aspirador-nasal-electrico-nosecare\/#breadcrumb"},"inLanguage":"es","potentialAction":[{"@type":"ReadAction","target":["https:\/\/shopvalley.fr\/es\/produit\/baby-fly-aspirador-nasal-electrico-nosecare\/"]}]},{"@type":"ImageObject","inLanguage":"es","@id":"https:\/\/shopvalley.fr\/es\/produit\/baby-fly-aspirador-nasal-electrico-nosecare\/#primaryimage","url":"https:\/\/shopvalley.fr\/wp-content\/uploads\/2024\/01\/Aspirateur_Nasale_NoseCare.webp","contentUrl":"https:\/\/shopvalley.fr\/wp-content\/uploads\/2024\/01\/Aspirateur_Nasale_NoseCare.webp","width":791,"height":737},{"@type":"BreadcrumbList","@id":"https:\/\/shopvalley.fr\/es\/produit\/baby-fly-aspirador-nasal-electrico-nosecare\/#breadcrumb","itemListElement":[{"@type":"ListItem","position":1,"name":"Accueil","item":"https:\/\/shopvalley.fr\/es\/"},{"@type":"ListItem","position":2,"name":"Todos los productos","item":"https:\/\/shopvalley.fr\/es\/todos-los-productos\/"},{"@type":"ListItem","position":3,"name":"Salud e higiene","item":"https:\/\/shopvalley.fr\/es\/categorie-produit\/salud-e-higiene\/"},{"@type":"ListItem","position":4,"name":"Baby Fly | Aspirador nasal el\u00e9ctrico NoseCare"}]},{"@type":"WebSite","@id":"https:\/\/shopvalley.fr\/es\/#website","url":"https:\/\/shopvalley.fr\/es\/","name":"ShopValley","description":"\u00a1Productos de moda a precios bajos!","publisher":{"@id":"https:\/\/shopvalley.fr\/es\/#organization"},"potentialAction":[{"@type":"SearchAction","target":{"@type":"EntryPoint","urlTemplate":"https:\/\/shopvalley.fr\/es\/?s={search_term_string}"},"query-input":{"@type":"PropertyValueSpecification","valueRequired":true,"valueName":"search_term_string"}}],"inLanguage":"es"},{"@type":"Organization","@id":"https:\/\/shopvalley.fr\/es\/#organization","name":"Shopvalley","url":"https:\/\/shopvalley.fr\/es\/","logo":{"@type":"ImageObject","inLanguage":"es","@id":"https:\/\/shopvalley.fr\/es\/#\/schema\/logo\/image\/","url":"https:\/\/shopvalley.fr\/wp-content\/uploads\/2023\/11\/cropped-Copie-de-Logo-ShopValley-500-x-500-px-1.png","contentUrl":"https:\/\/shopvalley.fr\/wp-content\/uploads\/2023\/11\/cropped-Copie-de-Logo-ShopValley-500-x-500-px-1.png","width":512,"height":512,"caption":"Shopvalley"},"image":{"@id":"https:\/\/shopvalley.fr\/es\/#\/schema\/logo\/image\/"}}]}},"jetpack_sharing_enabled":true,"_links":{"self":[{"href":"https:\/\/shopvalley.fr\/es\/wp-json\/wp\/v2\/product\/51614","targetHints":{"allow":["GET"]}}],"collection":[{"href":"https:\/\/shopvalley.fr\/es\/wp-json\/wp\/v2\/product"}],"about":[{"href":"https:\/\/shopvalley.fr\/es\/wp-json\/wp\/v2\/types\/product"}],"replies":[{"embeddable":true,"href":"https:\/\/shopvalley.fr\/es\/wp-json\/wp\/v2\/comments?post=51614"}],"version-history":[{"count":0,"href":"https:\/\/shopvalley.fr\/es\/wp-json\/wp\/v2\/product\/51614\/revisions"}],"wp:featuredmedia":[{"embeddable":true,"href":"https:\/\/shopvalley.fr\/es\/wp-json\/wp\/v2\/media\/39374"}],"wp:attachment":[{"href":"https:\/\/shopvalley.fr\/es\/wp-json\/wp\/v2\/media?parent=51614"}],"wp:term":[{"taxonomy":"product_brand","embeddable":true,"href":"https:\/\/shopvalley.fr\/es\/wp-json\/wp\/v2\/product_brand?post=51614"},{"taxonomy":"product_cat","embeddable":true,"href":"https:\/\/shopvalley.fr\/es\/wp-json\/wp\/v2\/product_cat?post=51614"},{"taxonomy":"product_tag","embeddable":true,"href":"https:\/\/shopvalley.fr\/es\/wp-json\/wp\/v2\/product_tag?post=51614"}],"curies":[{"name":"wp","href":"https:\/\/api.w.org\/{rel}","templated":true}]}}