{"id":49483,"date":"2025-10-05T21:58:54","date_gmt":"2025-10-05T19:58:54","guid":{"rendered":"https:\/\/shopvalley.fr\/?post_type=product&#038;p=49483"},"modified":"2025-11-18T20:55:25","modified_gmt":"2025-11-18T19:55:25","slug":"sobreguantes-impermeables-para-ciclismo-proteccion-contra-la-lluvia-para-ciclismo","status":"publish","type":"product","link":"https:\/\/shopvalley.fr\/es\/produit\/sobreguantes-impermeables-para-ciclismo-proteccion-contra-la-lluvia-para-ciclismo\/","title":{"rendered":"Sobreguantes impermeables para ciclismo &#8211; Protecci\u00f3n contra la lluvia para ciclismo"},"content":{"rendered":"<h3 data-start=\"169\" data-end=\"600\"><span style=\"font-size: 14pt; color: #000000;\"><strong data-start=\"169\" data-end=\"240\">\ud83d\udeb4\u200d\u2642\ufe0f \u00a1Protege tus zapatos y pies de los elementos!<\/strong><\/span><\/h3>\n<p data-start=\"169\" data-end=\"600\"><span style=\"font-size: 14pt; color: #000000;\">\u00bfCansado de mojarte o congelarte los pies cuando sales en bici? Las zapatillas de ciclismo PU impermeables con forro polar t\u00e9rmico son la soluci\u00f3n ideal. Dise\u00f1ados para hacer frente a la lluvia, el viento y el fr\u00edo, ofrecen la m\u00e1xima comodidad y garantizan un rendimiento \u00f3ptimo en carretera y en bicicleta de monta\u00f1a. <\/span><\/p>\n<p data-start=\"169\" data-end=\"600\"><img loading=\"lazy\" decoding=\"async\" class=\"aligncenter wp-image-49470\" src=\"http:\/\/shopvalley.fr\/wp-content\/uploads\/2025\/10\/Couvre-Chaussures-1.png\" alt=\"Sobreguantes de ciclismo\" width=\"477\" height=\"507\" srcset=\"https:\/\/shopvalley.fr\/wp-content\/uploads\/2025\/10\/Couvre-Chaussures-1.png 744w, https:\/\/shopvalley.fr\/wp-content\/uploads\/2025\/10\/Couvre-Chaussures-1-282x300.png 282w, https:\/\/shopvalley.fr\/wp-content\/uploads\/2025\/10\/Couvre-Chaussures-1-137x146.png 137w, https:\/\/shopvalley.fr\/wp-content\/uploads\/2025\/10\/Couvre-Chaussures-1-700x745.png 700w, https:\/\/shopvalley.fr\/wp-content\/uploads\/2025\/10\/Couvre-Chaussures-1-150x160.png 150w\" sizes=\"auto, (max-width: 477px) 100vw, 477px\" \/><\/p>\n<h3 data-start=\"602\" data-end=\"990\"><span style=\"font-size: 14pt; color: #000000;\"><strong data-start=\"602\" data-end=\"655\">\ud83c\udf27\ufe0f Una barrera eficaz contra el viento y el agua<\/strong><\/span><\/h3>\n<p data-start=\"602\" data-end=\"990\"><span style=\"font-size: 14pt; color: #000000;\">Gracias a su cubierta de <strong data-start=\"680\" data-end=\"703\">PU de alta calidad<\/strong> y a <strong data-start=\"713\" data-end=\"748\">sus cremalleras impermeables<\/strong>, estos chanclos bloquean eficazmente el agua, el viento y la suciedad. Se acabaron los zapatos estropeados o empapados de agua despu\u00e9s de un viaje bajo la lluvia: tus pies permanecen <strong data-start=\"920\" data-end=\"940\">secos y protegidos<\/strong>, haga el tiempo que haga.<\/span><\/p>\n<p data-start=\"602\" data-end=\"990\"><img loading=\"lazy\" decoding=\"async\" class=\"aligncenter wp-image-49468\" src=\"http:\/\/shopvalley.fr\/wp-content\/uploads\/2025\/10\/Couvre-Chaussures-1.jpg\" alt=\"Sobreguantes de ciclismo\" width=\"506\" height=\"506\" srcset=\"https:\/\/shopvalley.fr\/wp-content\/uploads\/2025\/10\/Couvre-Chaussures-1.jpg 800w, https:\/\/shopvalley.fr\/wp-content\/uploads\/2025\/10\/Couvre-Chaussures-1-300x300.jpg 300w, https:\/\/shopvalley.fr\/wp-content\/uploads\/2025\/10\/Couvre-Chaussures-1-150x150.jpg 150w, https:\/\/shopvalley.fr\/wp-content\/uploads\/2025\/10\/Couvre-Chaussures-1-768x768.jpg 768w, https:\/\/shopvalley.fr\/wp-content\/uploads\/2025\/10\/Couvre-Chaussures-1-146x146.jpg 146w, https:\/\/shopvalley.fr\/wp-content\/uploads\/2025\/10\/Couvre-Chaussures-1-430x430.jpg 430w, https:\/\/shopvalley.fr\/wp-content\/uploads\/2025\/10\/Couvre-Chaussures-1-700x700.jpg 700w\" sizes=\"auto, (max-width: 506px) 100vw, 506px\" \/><\/p>\n<h3 data-start=\"992\" data-end=\"1330\"><span style=\"font-size: 14pt; color: #000000;\"><strong data-start=\"992\" data-end=\"1050\">\ud83d\udd25 Calor y comodidad garantizados por el forro polar<\/strong><\/span><\/h3>\n<p data-start=\"992\" data-end=\"1330\"><span style=\"font-size: 14pt; color: #000000;\">El interior tiene un <strong data-start=\"1082\" data-end=\"1115\">forro polar t\u00e9rmico<\/strong> para mantener tus pies calientes incluso en las salidas m\u00e1s fr\u00edas del invierno. El resultado es un aislamiento perfecto sin sensaci\u00f3n de bulto, para que puedas pedalear suave y c\u00f3modamente.<\/span><\/p>\n<p data-start=\"992\" data-end=\"1330\"><img loading=\"lazy\" decoding=\"async\" class=\"aligncenter wp-image-49474\" src=\"http:\/\/shopvalley.fr\/wp-content\/uploads\/2025\/10\/Couvre-Chaussures-2.jpg\" alt=\"\" width=\"559\" height=\"559\" srcset=\"https:\/\/shopvalley.fr\/wp-content\/uploads\/2025\/10\/Couvre-Chaussures-2.jpg 800w, https:\/\/shopvalley.fr\/wp-content\/uploads\/2025\/10\/Couvre-Chaussures-2-300x300.jpg 300w, https:\/\/shopvalley.fr\/wp-content\/uploads\/2025\/10\/Couvre-Chaussures-2-150x150.jpg 150w, https:\/\/shopvalley.fr\/wp-content\/uploads\/2025\/10\/Couvre-Chaussures-2-768x768.jpg 768w, https:\/\/shopvalley.fr\/wp-content\/uploads\/2025\/10\/Couvre-Chaussures-2-146x146.jpg 146w, https:\/\/shopvalley.fr\/wp-content\/uploads\/2025\/10\/Couvre-Chaussures-2-430x430.jpg 430w, https:\/\/shopvalley.fr\/wp-content\/uploads\/2025\/10\/Couvre-Chaussures-2-700x700.jpg 700w\" sizes=\"auto, (max-width: 559px) 100vw, 559px\" \/><\/p>\n<h3 data-start=\"1332\" data-end=\"1780\"><span style=\"font-size: 14pt; color: #000000;\"><strong data-start=\"1332\" data-end=\"1376\">\ud83d\udca1 Dise\u00f1o inteligente y seguridad mejorada<\/strong><\/span><\/h3>\n<p data-start=\"1332\" data-end=\"1780\"><span style=\"font-size: 14pt; color: #000000;\">Estas zapatillas no son s\u00f3lo pr\u00e1cticas: est\u00e1n dise\u00f1adas pensando en tu seguridad. La <strong data-start=\"1481\" data-end=\"1514\">tira reflectante en el tal\u00f3n<\/strong> mejora tu visibilidad cuando conduces de noche, mientras que el <strong data-start=\"1584\" data-end=\"1612\">pu\u00f1o el\u00e1stico ajustado<\/strong> evita que resbalen durante el ejercicio. Ligeros pero resistentes, tambi\u00e9n est\u00e1n reforzados con una suela de <strong data-start=\"1727\" data-end=\"1748\">Kevlar resistente al desgaste<\/strong> para una m\u00e1xima durabilidad. <\/span><\/p>\n<p data-start=\"1332\" data-end=\"1780\"><img loading=\"lazy\" decoding=\"async\" class=\"aligncenter wp-image-49476\" src=\"http:\/\/shopvalley.fr\/wp-content\/uploads\/2025\/10\/Couvre-Chaussures-2.webp\" alt=\"Sobreguantes de ciclismo\" width=\"541\" height=\"527\" srcset=\"https:\/\/shopvalley.fr\/wp-content\/uploads\/2025\/10\/Couvre-Chaussures-2.webp 750w, https:\/\/shopvalley.fr\/wp-content\/uploads\/2025\/10\/Couvre-Chaussures-2-308x300.webp 308w, https:\/\/shopvalley.fr\/wp-content\/uploads\/2025\/10\/Couvre-Chaussures-2-150x146.webp 150w, https:\/\/shopvalley.fr\/wp-content\/uploads\/2025\/10\/Couvre-Chaussures-2-700x681.webp 700w\" sizes=\"auto, (max-width: 541px) 100vw, 541px\" \/><\/p>\n<h3 data-start=\"1782\" data-end=\"1842\"><span style=\"font-size: 14pt; color: #000000;\"><strong data-start=\"1782\" data-end=\"1840\">\u2705 \u00bfPor qu\u00e9 elegir nuestros cubrezapatillas de ciclismo?<\/strong><\/span><\/h3>\n<ul>\n<li data-start=\"1845\" data-end=\"1885\"><span style=\"font-size: 14pt; color: #000000;\">Impermeable, cortaviento y transpirable<\/span><\/li>\n<li data-start=\"1886\" data-end=\"1942\">\n<p data-start=\"1888\" data-end=\"1942\"><span style=\"font-size: 14pt; color: #000000;\">Forro polar t\u00e9rmico para un calor \u00f3ptimo<\/span><\/p>\n<\/li>\n<li data-start=\"1943\" data-end=\"1988\">\n<p data-start=\"1945\" data-end=\"1988\"><span style=\"font-size: 14pt; color: #000000;\">Ajuste perfecto en bicicletas de carretera y de monta\u00f1a<\/span><\/p>\n<\/li>\n<li data-start=\"1989\" data-end=\"2036\">\n<p data-start=\"1991\" data-end=\"2036\"><span style=\"font-size: 14pt; color: #000000;\">Cierres duraderos y f\u00e1ciles de colocar<\/span><\/p>\n<\/li>\n<li data-start=\"2037\" data-end=\"2093\">\n<p data-start=\"2039\" data-end=\"2093\"><span style=\"font-size: 14pt; color: #000000;\">Elemento reflectante para la seguridad nocturna<\/span><\/p>\n<\/li>\n<\/ul>\n<h3 data-start=\"2095\" data-end=\"2372\"><span style=\"font-size: 14pt; color: #000000;\"><strong data-start=\"2095\" data-end=\"2166\">\ud83d\uded2 \u00a1Dale a tus pies la comodidad y protecci\u00f3n que se merecen!<\/strong><\/span><\/h3>\n<p data-start=\"2095\" data-end=\"2372\"><span style=\"font-size: 14pt; color: #000000;\">No dejes que el tiempo estropee tus salidas en bicicleta. Pide ahora tus <strong data-start=\"2248\" data-end=\"2326\">sobreguantes de ciclismo impermeables con forro polar t\u00e9rmico<\/strong> y pedalea con comodidad, en verano o en invierno. <\/span><\/p>\n","protected":false},"excerpt":{"rendered":"<p><span style=\"font-size: 14pt; color: #000000;\">No dejes que el tiempo estropee tus salidas en bicicleta<\/span><\/p>\n","protected":false},"featured_media":49447,"comment_status":"closed","ping_status":"closed","template":"","meta":[],"product_brand":[1139],"product_cat":[988,1085],"product_tag":[990],"class_list":{"0":"post-49483","1":"product","2":"type-product","3":"status-publish","4":"has-post-thumbnail","6":"product_brand-shopvalley","7":"product_cat-accesorios","8":"product_cat-shopping_es-es","9":"product_tag-noflash-es","11":"first","12":"instock","13":"sale","14":"taxable","15":"shipping-taxable","16":"purchasable","17":"product-type-variable","18":"has-default-attributes"},"yoast_head":"<!-- This site is optimized with the Yoast SEO plugin v27.4 - https:\/\/yoast.com\/product\/yoast-seo-wordpress\/ -->\n<title>Sobreguantes impermeables para ciclismo - Protecci\u00f3n contra la lluvia para ciclismo - ShopValley<\/title>\n<meta name=\"description\" content=\"Sobrecalzado de ciclismo impermeable con forro polar: protecci\u00f3n contra la lluvia, el viento y el fr\u00edo para tus salidas en bicicleta de carretera y de monta\u00f1a\" \/>\n<meta name=\"robots\" content=\"index, follow, max-snippet:-1, max-image-preview:large, max-video-preview:-1\" \/>\n<link rel=\"canonical\" href=\"https:\/\/shopvalley.fr\/es\/produit\/sobreguantes-impermeables-para-ciclismo-proteccion-contra-la-lluvia-para-ciclismo\/\" \/>\n<meta property=\"og:locale\" content=\"es_ES\" \/>\n<meta property=\"og:type\" content=\"article\" \/>\n<meta property=\"og:title\" content=\"Sobreguantes impermeables para ciclismo - Protecci\u00f3n contra la lluvia para ciclismo - ShopValley\" \/>\n<meta property=\"og:description\" content=\"Sobrecalzado de ciclismo impermeable con forro polar: protecci\u00f3n contra la lluvia, el viento y el fr\u00edo para tus salidas en bicicleta de carretera y de monta\u00f1a\" \/>\n<meta property=\"og:url\" content=\"https:\/\/shopvalley.fr\/es\/produit\/sobreguantes-impermeables-para-ciclismo-proteccion-contra-la-lluvia-para-ciclismo\/\" \/>\n<meta property=\"og:site_name\" content=\"ShopValley\" \/>\n<meta property=\"article:modified_time\" content=\"2025-11-18T19:55:25+00:00\" \/>\n<meta property=\"og:image\" content=\"http:\/\/shopvalley.fr\/wp-content\/uploads\/2025\/10\/22965b9d-0c9e-4575-86d7-41245b8ea038.jpg\" \/>\n\t<meta property=\"og:image:width\" content=\"800\" \/>\n\t<meta property=\"og:image:height\" content=\"800\" \/>\n\t<meta property=\"og:image:type\" content=\"image\/jpeg\" \/>\n<script type=\"application\/ld+json\" class=\"yoast-schema-graph\">{\"@context\":\"https:\\\/\\\/schema.org\",\"@graph\":[{\"@type\":\"WebPage\",\"@id\":\"https:\\\/\\\/shopvalley.fr\\\/es\\\/produit\\\/sobreguantes-impermeables-para-ciclismo-proteccion-contra-la-lluvia-para-ciclismo\\\/\",\"url\":\"https:\\\/\\\/shopvalley.fr\\\/es\\\/produit\\\/sobreguantes-impermeables-para-ciclismo-proteccion-contra-la-lluvia-para-ciclismo\\\/\",\"name\":\"Sobreguantes impermeables para ciclismo - Protecci\u00f3n contra la lluvia para ciclismo - ShopValley\",\"isPartOf\":{\"@id\":\"https:\\\/\\\/shopvalley.fr\\\/es\\\/#website\"},\"primaryImageOfPage\":{\"@id\":\"https:\\\/\\\/shopvalley.fr\\\/es\\\/produit\\\/sobreguantes-impermeables-para-ciclismo-proteccion-contra-la-lluvia-para-ciclismo\\\/#primaryimage\"},\"image\":{\"@id\":\"https:\\\/\\\/shopvalley.fr\\\/es\\\/produit\\\/sobreguantes-impermeables-para-ciclismo-proteccion-contra-la-lluvia-para-ciclismo\\\/#primaryimage\"},\"thumbnailUrl\":\"https:\\\/\\\/shopvalley.fr\\\/wp-content\\\/uploads\\\/2025\\\/10\\\/22965b9d-0c9e-4575-86d7-41245b8ea038.jpg\",\"datePublished\":\"2025-10-05T19:58:54+00:00\",\"dateModified\":\"2025-11-18T19:55:25+00:00\",\"description\":\"Sobrecalzado de ciclismo impermeable con forro polar: protecci\u00f3n contra la lluvia, el viento y el fr\u00edo para tus salidas en bicicleta de carretera y de monta\u00f1a\",\"breadcrumb\":{\"@id\":\"https:\\\/\\\/shopvalley.fr\\\/es\\\/produit\\\/sobreguantes-impermeables-para-ciclismo-proteccion-contra-la-lluvia-para-ciclismo\\\/#breadcrumb\"},\"inLanguage\":\"es\",\"potentialAction\":[{\"@type\":\"ReadAction\",\"target\":[\"https:\\\/\\\/shopvalley.fr\\\/es\\\/produit\\\/sobreguantes-impermeables-para-ciclismo-proteccion-contra-la-lluvia-para-ciclismo\\\/\"]}]},{\"@type\":\"ImageObject\",\"inLanguage\":\"es\",\"@id\":\"https:\\\/\\\/shopvalley.fr\\\/es\\\/produit\\\/sobreguantes-impermeables-para-ciclismo-proteccion-contra-la-lluvia-para-ciclismo\\\/#primaryimage\",\"url\":\"https:\\\/\\\/shopvalley.fr\\\/wp-content\\\/uploads\\\/2025\\\/10\\\/22965b9d-0c9e-4575-86d7-41245b8ea038.jpg\",\"contentUrl\":\"https:\\\/\\\/shopvalley.fr\\\/wp-content\\\/uploads\\\/2025\\\/10\\\/22965b9d-0c9e-4575-86d7-41245b8ea038.jpg\",\"width\":800,\"height\":800},{\"@type\":\"BreadcrumbList\",\"@id\":\"https:\\\/\\\/shopvalley.fr\\\/es\\\/produit\\\/sobreguantes-impermeables-para-ciclismo-proteccion-contra-la-lluvia-para-ciclismo\\\/#breadcrumb\",\"itemListElement\":[{\"@type\":\"ListItem\",\"position\":1,\"name\":\"Accueil\",\"item\":\"https:\\\/\\\/shopvalley.fr\\\/es\\\/\"},{\"@type\":\"ListItem\",\"position\":2,\"name\":\"Todos los productos\",\"item\":\"https:\\\/\\\/shopvalley.fr\\\/es\\\/todos-los-productos\\\/\"},{\"@type\":\"ListItem\",\"position\":3,\"name\":\"Accessoires\",\"item\":\"https:\\\/\\\/shopvalley.fr\\\/categorie-produit\\\/accessoires\\\/\"},{\"@type\":\"ListItem\",\"position\":4,\"name\":\"Sobreguantes impermeables para ciclismo &#8211; Protecci\u00f3n contra la lluvia para ciclismo\"}]},{\"@type\":\"WebSite\",\"@id\":\"https:\\\/\\\/shopvalley.fr\\\/es\\\/#website\",\"url\":\"https:\\\/\\\/shopvalley.fr\\\/es\\\/\",\"name\":\"ShopValley\",\"description\":\"\u00a1Productos de moda a precios bajos!\",\"publisher\":{\"@id\":\"https:\\\/\\\/shopvalley.fr\\\/es\\\/#organization\"},\"potentialAction\":[{\"@type\":\"SearchAction\",\"target\":{\"@type\":\"EntryPoint\",\"urlTemplate\":\"https:\\\/\\\/shopvalley.fr\\\/es\\\/?s={search_term_string}\"},\"query-input\":{\"@type\":\"PropertyValueSpecification\",\"valueRequired\":true,\"valueName\":\"search_term_string\"}}],\"inLanguage\":\"es\"},{\"@type\":\"Organization\",\"@id\":\"https:\\\/\\\/shopvalley.fr\\\/es\\\/#organization\",\"name\":\"Shopvalley\",\"url\":\"https:\\\/\\\/shopvalley.fr\\\/es\\\/\",\"logo\":{\"@type\":\"ImageObject\",\"inLanguage\":\"es\",\"@id\":\"https:\\\/\\\/shopvalley.fr\\\/es\\\/#\\\/schema\\\/logo\\\/image\\\/\",\"url\":\"https:\\\/\\\/shopvalley.fr\\\/wp-content\\\/uploads\\\/2023\\\/11\\\/cropped-Copie-de-Logo-ShopValley-500-x-500-px-1.png\",\"contentUrl\":\"https:\\\/\\\/shopvalley.fr\\\/wp-content\\\/uploads\\\/2023\\\/11\\\/cropped-Copie-de-Logo-ShopValley-500-x-500-px-1.png\",\"width\":512,\"height\":512,\"caption\":\"Shopvalley\"},\"image\":{\"@id\":\"https:\\\/\\\/shopvalley.fr\\\/es\\\/#\\\/schema\\\/logo\\\/image\\\/\"}}]}<\/script>\n<!-- \/ Yoast SEO plugin. -->","yoast_head_json":{"title":"Sobreguantes impermeables para ciclismo - Protecci\u00f3n contra la lluvia para ciclismo - ShopValley","description":"Sobrecalzado de ciclismo impermeable con forro polar: protecci\u00f3n contra la lluvia, el viento y el fr\u00edo para tus salidas en bicicleta de carretera y de monta\u00f1a","robots":{"index":"index","follow":"follow","max-snippet":"max-snippet:-1","max-image-preview":"max-image-preview:large","max-video-preview":"max-video-preview:-1"},"canonical":"https:\/\/shopvalley.fr\/es\/produit\/sobreguantes-impermeables-para-ciclismo-proteccion-contra-la-lluvia-para-ciclismo\/","og_locale":"es_ES","og_type":"article","og_title":"Sobreguantes impermeables para ciclismo - Protecci\u00f3n contra la lluvia para ciclismo - ShopValley","og_description":"Sobrecalzado de ciclismo impermeable con forro polar: protecci\u00f3n contra la lluvia, el viento y el fr\u00edo para tus salidas en bicicleta de carretera y de monta\u00f1a","og_url":"https:\/\/shopvalley.fr\/es\/produit\/sobreguantes-impermeables-para-ciclismo-proteccion-contra-la-lluvia-para-ciclismo\/","og_site_name":"ShopValley","article_modified_time":"2025-11-18T19:55:25+00:00","og_image":[{"width":800,"height":800,"url":"http:\/\/shopvalley.fr\/wp-content\/uploads\/2025\/10\/22965b9d-0c9e-4575-86d7-41245b8ea038.jpg","type":"image\/jpeg"}],"schema":{"@context":"https:\/\/schema.org","@graph":[{"@type":"WebPage","@id":"https:\/\/shopvalley.fr\/es\/produit\/sobreguantes-impermeables-para-ciclismo-proteccion-contra-la-lluvia-para-ciclismo\/","url":"https:\/\/shopvalley.fr\/es\/produit\/sobreguantes-impermeables-para-ciclismo-proteccion-contra-la-lluvia-para-ciclismo\/","name":"Sobreguantes impermeables para ciclismo - Protecci\u00f3n contra la lluvia para ciclismo - ShopValley","isPartOf":{"@id":"https:\/\/shopvalley.fr\/es\/#website"},"primaryImageOfPage":{"@id":"https:\/\/shopvalley.fr\/es\/produit\/sobreguantes-impermeables-para-ciclismo-proteccion-contra-la-lluvia-para-ciclismo\/#primaryimage"},"image":{"@id":"https:\/\/shopvalley.fr\/es\/produit\/sobreguantes-impermeables-para-ciclismo-proteccion-contra-la-lluvia-para-ciclismo\/#primaryimage"},"thumbnailUrl":"https:\/\/shopvalley.fr\/wp-content\/uploads\/2025\/10\/22965b9d-0c9e-4575-86d7-41245b8ea038.jpg","datePublished":"2025-10-05T19:58:54+00:00","dateModified":"2025-11-18T19:55:25+00:00","description":"Sobrecalzado de ciclismo impermeable con forro polar: protecci\u00f3n contra la lluvia, el viento y el fr\u00edo para tus salidas en bicicleta de carretera y de monta\u00f1a","breadcrumb":{"@id":"https:\/\/shopvalley.fr\/es\/produit\/sobreguantes-impermeables-para-ciclismo-proteccion-contra-la-lluvia-para-ciclismo\/#breadcrumb"},"inLanguage":"es","potentialAction":[{"@type":"ReadAction","target":["https:\/\/shopvalley.fr\/es\/produit\/sobreguantes-impermeables-para-ciclismo-proteccion-contra-la-lluvia-para-ciclismo\/"]}]},{"@type":"ImageObject","inLanguage":"es","@id":"https:\/\/shopvalley.fr\/es\/produit\/sobreguantes-impermeables-para-ciclismo-proteccion-contra-la-lluvia-para-ciclismo\/#primaryimage","url":"https:\/\/shopvalley.fr\/wp-content\/uploads\/2025\/10\/22965b9d-0c9e-4575-86d7-41245b8ea038.jpg","contentUrl":"https:\/\/shopvalley.fr\/wp-content\/uploads\/2025\/10\/22965b9d-0c9e-4575-86d7-41245b8ea038.jpg","width":800,"height":800},{"@type":"BreadcrumbList","@id":"https:\/\/shopvalley.fr\/es\/produit\/sobreguantes-impermeables-para-ciclismo-proteccion-contra-la-lluvia-para-ciclismo\/#breadcrumb","itemListElement":[{"@type":"ListItem","position":1,"name":"Accueil","item":"https:\/\/shopvalley.fr\/es\/"},{"@type":"ListItem","position":2,"name":"Todos los productos","item":"https:\/\/shopvalley.fr\/es\/todos-los-productos\/"},{"@type":"ListItem","position":3,"name":"Accessoires","item":"https:\/\/shopvalley.fr\/categorie-produit\/accessoires\/"},{"@type":"ListItem","position":4,"name":"Sobreguantes impermeables para ciclismo &#8211; Protecci\u00f3n contra la lluvia para ciclismo"}]},{"@type":"WebSite","@id":"https:\/\/shopvalley.fr\/es\/#website","url":"https:\/\/shopvalley.fr\/es\/","name":"ShopValley","description":"\u00a1Productos de moda a precios bajos!","publisher":{"@id":"https:\/\/shopvalley.fr\/es\/#organization"},"potentialAction":[{"@type":"SearchAction","target":{"@type":"EntryPoint","urlTemplate":"https:\/\/shopvalley.fr\/es\/?s={search_term_string}"},"query-input":{"@type":"PropertyValueSpecification","valueRequired":true,"valueName":"search_term_string"}}],"inLanguage":"es"},{"@type":"Organization","@id":"https:\/\/shopvalley.fr\/es\/#organization","name":"Shopvalley","url":"https:\/\/shopvalley.fr\/es\/","logo":{"@type":"ImageObject","inLanguage":"es","@id":"https:\/\/shopvalley.fr\/es\/#\/schema\/logo\/image\/","url":"https:\/\/shopvalley.fr\/wp-content\/uploads\/2023\/11\/cropped-Copie-de-Logo-ShopValley-500-x-500-px-1.png","contentUrl":"https:\/\/shopvalley.fr\/wp-content\/uploads\/2023\/11\/cropped-Copie-de-Logo-ShopValley-500-x-500-px-1.png","width":512,"height":512,"caption":"Shopvalley"},"image":{"@id":"https:\/\/shopvalley.fr\/es\/#\/schema\/logo\/image\/"}}]}},"jetpack_sharing_enabled":true,"_links":{"self":[{"href":"https:\/\/shopvalley.fr\/es\/wp-json\/wp\/v2\/product\/49483","targetHints":{"allow":["GET"]}}],"collection":[{"href":"https:\/\/shopvalley.fr\/es\/wp-json\/wp\/v2\/product"}],"about":[{"href":"https:\/\/shopvalley.fr\/es\/wp-json\/wp\/v2\/types\/product"}],"replies":[{"embeddable":true,"href":"https:\/\/shopvalley.fr\/es\/wp-json\/wp\/v2\/comments?post=49483"}],"version-history":[{"count":5,"href":"https:\/\/shopvalley.fr\/es\/wp-json\/wp\/v2\/product\/49483\/revisions"}],"predecessor-version":[{"id":51603,"href":"https:\/\/shopvalley.fr\/es\/wp-json\/wp\/v2\/product\/49483\/revisions\/51603"}],"wp:featuredmedia":[{"embeddable":true,"href":"https:\/\/shopvalley.fr\/es\/wp-json\/wp\/v2\/media\/49447"}],"wp:attachment":[{"href":"https:\/\/shopvalley.fr\/es\/wp-json\/wp\/v2\/media?parent=49483"}],"wp:term":[{"taxonomy":"product_brand","embeddable":true,"href":"https:\/\/shopvalley.fr\/es\/wp-json\/wp\/v2\/product_brand?post=49483"},{"taxonomy":"product_cat","embeddable":true,"href":"https:\/\/shopvalley.fr\/es\/wp-json\/wp\/v2\/product_cat?post=49483"},{"taxonomy":"product_tag","embeddable":true,"href":"https:\/\/shopvalley.fr\/es\/wp-json\/wp\/v2\/product_tag?post=49483"}],"curies":[{"name":"wp","href":"https:\/\/api.w.org\/{rel}","templated":true}]}}