{"id":49203,"date":"2023-10-18T21:38:57","date_gmt":"2023-10-18T19:38:57","guid":{"rendered":"https:\/\/shopvalley.fr\/produit\/kit-de-pedicura-profesional-footcare\/"},"modified":"2025-11-18T20:55:31","modified_gmt":"2025-11-18T19:55:31","slug":"kit-de-pedicura-profesional-footcare","status":"publish","type":"product","link":"https:\/\/shopvalley.fr\/es\/produit\/kit-de-pedicura-profesional-footcare\/","title":{"rendered":"Kit de pedicura profesional FootCare"},"content":{"rendered":"<h5><strong><span style=\"font-size: 14pt; color: #000000;\">Descubre el kit de pedicura profesional FootCare para unos pies suaves y lisos en casa<\/span><\/strong><\/h5>\n<p><span style=\"font-size: 14pt; color: #000000;\">\u00bfCansada de los caros tratamientos de los salones de belleza, las piedras p\u00f3mez a menudo ineficaces y los dolorosos raspadores de pies? \u00bfSue\u00f1as con unos pies suaves y lisos sin dolor ni esfuerzo? Entonces, \u00a1no busques m\u00e1s! Descubre nuestro Kit de Pedicura Profesional FootCare, la soluci\u00f3n revolucionaria para unos pies impecables. <\/span><\/p>\n<p><img loading=\"lazy\" decoding=\"async\" class=\"aligncenter wp-image-22511\" src=\"http:\/\/shopvalley.fr\/wp-content\/uploads\/2023\/10\/Kit-de-Pedicure-Professionnel-FootCare10.jpg\" alt=\"Kit de pedicura profesional FootCare\" width=\"316\" height=\"316\" srcset=\"https:\/\/shopvalley.fr\/wp-content\/uploads\/2023\/10\/Kit-de-Pedicure-Professionnel-FootCare10.jpg 500w, https:\/\/shopvalley.fr\/wp-content\/uploads\/2023\/10\/Kit-de-Pedicure-Professionnel-FootCare10-430x430.jpg 430w, https:\/\/shopvalley.fr\/wp-content\/uploads\/2023\/10\/Kit-de-Pedicure-Professionnel-FootCare10-150x150.jpg 150w, https:\/\/shopvalley.fr\/wp-content\/uploads\/2023\/10\/Kit-de-Pedicure-Professionnel-FootCare10-300x300.jpg 300w\" sizes=\"auto, (max-width: 316px) 100vw, 316px\" \/><img loading=\"lazy\" decoding=\"async\" class=\"aligncenter wp-image-22504\" src=\"http:\/\/shopvalley.fr\/wp-content\/uploads\/2023\/10\/Kit-de-Pedicure-Professionnel-FootCare3.webp\" alt=\"Kit de pedicura profesional FootCare\" width=\"307\" height=\"307\" srcset=\"https:\/\/shopvalley.fr\/wp-content\/uploads\/2023\/10\/Kit-de-Pedicure-Professionnel-FootCare3.webp 480w, https:\/\/shopvalley.fr\/wp-content\/uploads\/2023\/10\/Kit-de-Pedicure-Professionnel-FootCare3-430x430.webp 430w, https:\/\/shopvalley.fr\/wp-content\/uploads\/2023\/10\/Kit-de-Pedicure-Professionnel-FootCare3-150x150.webp 150w, https:\/\/shopvalley.fr\/wp-content\/uploads\/2023\/10\/Kit-de-Pedicure-Professionnel-FootCare3-300x300.webp 300w\" sizes=\"auto, (max-width: 307px) 100vw, 307px\" \/><\/p>\n<h5><strong><span style=\"font-size: 14pt; color: #000000;\">Pedicura de calidad Salon \u00e0 la Maison<\/span><\/strong><\/h5>\n<p><span style=\"font-size: 14pt; color: #000000;\">Nuestro kit ofrece una pedicura de calidad de sal\u00f3n en casa, sin dolor ni esfuerzo. Elimina f\u00e1cilmente incluso los callos m\u00e1s dif\u00edciles, y te garantiza resultados en pocos minutos. <\/span><\/p>\n<p><img loading=\"lazy\" decoding=\"async\" class=\"aligncenter wp-image-22517\" src=\"http:\/\/shopvalley.fr\/wp-content\/uploads\/2023\/10\/Kit-de-Pedicure-Professionnel-FootCare16.jpg\" alt=\"\" width=\"387\" height=\"387\" srcset=\"https:\/\/shopvalley.fr\/wp-content\/uploads\/2023\/10\/Kit-de-Pedicure-Professionnel-FootCare16.jpg 500w, https:\/\/shopvalley.fr\/wp-content\/uploads\/2023\/10\/Kit-de-Pedicure-Professionnel-FootCare16-430x430.jpg 430w, https:\/\/shopvalley.fr\/wp-content\/uploads\/2023\/10\/Kit-de-Pedicure-Professionnel-FootCare16-150x150.jpg 150w, https:\/\/shopvalley.fr\/wp-content\/uploads\/2023\/10\/Kit-de-Pedicure-Professionnel-FootCare16-300x300.jpg 300w\" sizes=\"auto, (max-width: 387px) 100vw, 387px\" \/><\/p>\n<p><img loading=\"lazy\" decoding=\"async\" class=\"aligncenter wp-image-22513\" src=\"http:\/\/shopvalley.fr\/wp-content\/uploads\/2023\/10\/Kit-de-Pedicure-Professionnel-FootCare12.jpg\" alt=\"Kit de pedicura profesional FootCare\" width=\"373\" height=\"382\" srcset=\"https:\/\/shopvalley.fr\/wp-content\/uploads\/2023\/10\/Kit-de-Pedicure-Professionnel-FootCare12.jpg 500w, https:\/\/shopvalley.fr\/wp-content\/uploads\/2023\/10\/Kit-de-Pedicure-Professionnel-FootCare12-150x154.jpg 150w, https:\/\/shopvalley.fr\/wp-content\/uploads\/2023\/10\/Kit-de-Pedicure-Professionnel-FootCare12-292x300.jpg 292w\" sizes=\"auto, (max-width: 373px) 100vw, 373px\" \/><\/p>\n<h5><strong><span style=\"font-size: 14pt; color: #000000;\">Tecnolog\u00eda punta para resultados instant\u00e1neos<\/span><\/strong><\/h5>\n<p><span style=\"font-size: 14pt; color: #000000;\">Equipado con un rodillo de pedicura que gira hasta a 2.000 rpm gracias a su revolucionario y potente motor, nuestro kit es una aut\u00e9ntica innovaci\u00f3n. El rodillo, compuesto por nanocristales de cuarzo esmerilado, elimina las callosidades en un abrir y cerrar de ojos, dejando tus pies suaves como la seda. <\/span><\/p>\n<p><img loading=\"lazy\" decoding=\"async\" class=\"aligncenter wp-image-22508\" src=\"http:\/\/shopvalley.fr\/wp-content\/uploads\/2023\/10\/Kit-de-Pedicure-Professionnel-FootCare7.jpg\" alt=\"Kit de pedicura profesional FootCare\" width=\"354\" height=\"442\" srcset=\"https:\/\/shopvalley.fr\/wp-content\/uploads\/2023\/10\/Kit-de-Pedicure-Professionnel-FootCare7.jpg 1000w, https:\/\/shopvalley.fr\/wp-content\/uploads\/2023\/10\/Kit-de-Pedicure-Professionnel-FootCare7-150x187.jpg 150w, https:\/\/shopvalley.fr\/wp-content\/uploads\/2023\/10\/Kit-de-Pedicure-Professionnel-FootCare7-700x873.jpg 700w, https:\/\/shopvalley.fr\/wp-content\/uploads\/2023\/10\/Kit-de-Pedicure-Professionnel-FootCare7-241x300.jpg 241w, https:\/\/shopvalley.fr\/wp-content\/uploads\/2023\/10\/Kit-de-Pedicure-Professionnel-FootCare7-642x800.jpg 642w, https:\/\/shopvalley.fr\/wp-content\/uploads\/2023\/10\/Kit-de-Pedicure-Professionnel-FootCare7-768x958.jpg 768w\" sizes=\"auto, (max-width: 354px) 100vw, 354px\" \/><\/p>\n<h5><strong><span style=\"font-size: 14pt; color: #000000;\">Ventajas incontestables<\/span><\/strong><\/h5>\n<ul>\n<li><span style=\"font-size: 14pt; color: #000000;\"><strong>Resultados garantizados en pocos minutos<\/strong><\/span><\/li>\n<li><span style=\"font-size: 14pt; color: #000000;\"><strong>Pedicura en casa con calidad de sal\u00f3n<\/strong><\/span><\/li>\n<li><span style=\"font-size: 14pt; color: #000000;\"><strong>Sin dolor, sin esfuerzo<\/strong><\/span><\/li>\n<li><span style=\"font-size: 14pt; color: #000000;\"><strong>Elimina f\u00e1cilmente los callos m\u00e1s duros<\/strong><\/span><\/li>\n<\/ul>\n<p><span style=\"font-size: 14pt; color: #000000;\">Imagina poder regalarte una pedicura profesional en la comodidad de tu propia casa, ahorrando tiempo y dinero. El kit incluye un cepillo de pedicura, un rodillo fino para pulido o mantenimiento diario, un rodillo grueso para eliminar los callos m\u00e1s rebeldes, un cable de carga USB y un cepillo de limpieza. <\/span><\/p>\n<p><img loading=\"lazy\" decoding=\"async\" class=\"aligncenter wp-image-22502\" src=\"http:\/\/shopvalley.fr\/wp-content\/uploads\/2023\/10\/Kit-de-Pedicure-Professionnel-FootCare1.jpg\" alt=\"Kit de pedicura profesional FootCare\" width=\"434\" height=\"543\" srcset=\"https:\/\/shopvalley.fr\/wp-content\/uploads\/2023\/10\/Kit-de-Pedicure-Professionnel-FootCare1.jpg 1000w, https:\/\/shopvalley.fr\/wp-content\/uploads\/2023\/10\/Kit-de-Pedicure-Professionnel-FootCare1-150x188.jpg 150w, https:\/\/shopvalley.fr\/wp-content\/uploads\/2023\/10\/Kit-de-Pedicure-Professionnel-FootCare1-700x876.jpg 700w, https:\/\/shopvalley.fr\/wp-content\/uploads\/2023\/10\/Kit-de-Pedicure-Professionnel-FootCare1-240x300.jpg 240w, https:\/\/shopvalley.fr\/wp-content\/uploads\/2023\/10\/Kit-de-Pedicure-Professionnel-FootCare1-639x800.jpg 639w, https:\/\/shopvalley.fr\/wp-content\/uploads\/2023\/10\/Kit-de-Pedicure-Professionnel-FootCare1-768x962.jpg 768w\" sizes=\"auto, (max-width: 434px) 100vw, 434px\" \/><\/p>\n<h5><strong><span style=\"font-size: 14pt; color: #000000;\">Instrucciones de uso sencillas y eficaces<\/span><\/strong><\/h5>\n<p><span style=\"font-size: 14pt; color: #000000;\">Gracias a su innovadora tecnolog\u00eda, puedes eliminar incluso los callos m\u00e1s duros en segundos. F\u00e1cil de usar, s\u00f3lo tienes que introducir el rodillo adecuado, seleccionar la velocidad y aplicar una ligera presi\u00f3n sobre la piel para un lijado suave. En s\u00f3lo unos segundos, tendr\u00e1s unos pies perfectamente lisos. <\/span><\/p>\n<p><img loading=\"lazy\" decoding=\"async\" class=\"aligncenter wp-image-22506\" src=\"http:\/\/shopvalley.fr\/wp-content\/uploads\/2023\/10\/Kit-de-Pedicure-Professionnel-FootCare5.jpg\" alt=\"\" width=\"465\" height=\"581\" srcset=\"https:\/\/shopvalley.fr\/wp-content\/uploads\/2023\/10\/Kit-de-Pedicure-Professionnel-FootCare5.jpg 1000w, https:\/\/shopvalley.fr\/wp-content\/uploads\/2023\/10\/Kit-de-Pedicure-Professionnel-FootCare5-150x187.jpg 150w, https:\/\/shopvalley.fr\/wp-content\/uploads\/2023\/10\/Kit-de-Pedicure-Professionnel-FootCare5-700x874.jpg 700w, https:\/\/shopvalley.fr\/wp-content\/uploads\/2023\/10\/Kit-de-Pedicure-Professionnel-FootCare5-240x300.jpg 240w, https:\/\/shopvalley.fr\/wp-content\/uploads\/2023\/10\/Kit-de-Pedicure-Professionnel-FootCare5-641x800.jpg 641w, https:\/\/shopvalley.fr\/wp-content\/uploads\/2023\/10\/Kit-de-Pedicure-Professionnel-FootCare5-768x959.jpg 768w\" sizes=\"auto, (max-width: 465px) 100vw, 465px\" \/><\/p>\n<h5><strong><span style=\"font-size: 14pt; color: #000000;\">Cuida tus pies hoy<\/span><\/strong><\/h5>\n<p><span style=\"font-size: 14pt; color: #000000;\">No esperes m\u00e1s, transforma el modo en que cuidas tus pies con nuestro Kit de Pedicura Profesional Anti-Callos. Ahora es el momento perfecto para pasar a la acci\u00f3n y dar a tus pies la atenci\u00f3n que se merecen. <\/span><\/p>\n<p><img loading=\"lazy\" decoding=\"async\" class=\"aligncenter wp-image-22519\" src=\"http:\/\/shopvalley.fr\/wp-content\/uploads\/2023\/10\/Kit-de-Pedicure-Professionnel-FootCare19.jpg\" alt=\"\" width=\"402\" height=\"402\" srcset=\"https:\/\/shopvalley.fr\/wp-content\/uploads\/2023\/10\/Kit-de-Pedicure-Professionnel-FootCare19.jpg 500w, https:\/\/shopvalley.fr\/wp-content\/uploads\/2023\/10\/Kit-de-Pedicure-Professionnel-FootCare19-430x430.jpg 430w, https:\/\/shopvalley.fr\/wp-content\/uploads\/2023\/10\/Kit-de-Pedicure-Professionnel-FootCare19-150x150.jpg 150w, https:\/\/shopvalley.fr\/wp-content\/uploads\/2023\/10\/Kit-de-Pedicure-Professionnel-FootCare19-300x300.jpg 300w\" sizes=\"auto, (max-width: 402px) 100vw, 402px\" \/><\/p>\n<h5><strong><span style=\"font-size: 14pt; color: #000000;\">Instrucciones de seguridad y mantenimiento<\/span><\/strong><\/h5>\n<p><span style=\"font-size: 14pt; color: #000000;\"><strong>Instrucciones de uso :<\/strong><\/span><\/p>\n<ol>\n<li><span style=\"font-size: 14pt; color: #000000;\">Carga completamente el aparato antes de cada uso. Util\u00edzalo sobre la piel limpia y seca. <\/span><\/li>\n<li><span style=\"font-size: 14pt; color: #000000;\">Introduce el rodillo de pedicura adecuado, el rodillo fino para pulir o para el mantenimiento diario, y el rodillo grueso para eliminar las callosidades rebeldes o la piel seca y \u00e1spera.<\/span><\/li>\n<li><span style=\"font-size: 14pt; color: #000000;\">Elige velocidad baja (1500 rpm) para pulir, o velocidad alta (2000 rpm) para lijar. Te recomendamos que empieces con la velocidad m\u00e1s baja antes de subir. <\/span><\/li>\n<li><span style=\"font-size: 14pt; color: #000000;\">Aplica una ligera presi\u00f3n sobre la piel para un lijado suave. Mueve el rodillo lentamente hacia delante y hacia atr\u00e1s (durante 2 \u00f3 3 segundos) hasta que tus pies est\u00e9n perfectamente lisos. <\/span><\/li>\n<\/ol>\n<p><span style=\"font-size: 14pt; color: #000000;\"><strong>Entrevista:<\/strong><\/span><\/p>\n<p><span style=\"font-size: 14pt; color: #000000;\">Limpia el rodillo con el cepillo y acl\u00e1ralo con agua despu\u00e9s de cada uso.<\/span><\/p>\n<p><span style=\"font-size: 14pt; color: #000000;\">Atr\u00e1s quedaron los d\u00edas de las piedras p\u00f3mez, los rascadores y el elevado coste de los tratamientos de belleza en el sal\u00f3n. Es hora de pasar a una soluci\u00f3n m\u00e1s c\u00f3moda, f\u00e1cil y eficaz para el cuidado de tus pies sensibles. Pide hoy mismo tu Kit de Pedicura Profesional FootCare y descubre unos pies suaves y lisos como nunca has tenido. <\/span><\/p>\n","protected":false},"excerpt":{"rendered":"<p><span style=\"font-size: 14pt;\">Descubre nuestro Kit de Pedicura Profesional FootCare, la soluci\u00f3n revolucionaria para unos pies impecables<\/span><\/p>\n","protected":false},"featured_media":38136,"comment_status":"closed","ping_status":"closed","template":"","meta":[],"product_brand":[],"product_cat":[853],"product_tag":[990],"class_list":{"0":"post-49203","1":"product","2":"type-product","3":"status-publish","4":"has-post-thumbnail","6":"product_cat-non-classe","7":"product_tag-noflash-es","9":"first","10":"instock","11":"sale","12":"taxable","13":"shipping-taxable","14":"purchasable","15":"product-type-simple"},"yoast_head":"<!-- This site is optimized with the Yoast SEO plugin v27.4 - https:\/\/yoast.com\/product\/yoast-seo-wordpress\/ -->\n<title>Kit de pedicura profesional FootCare - ShopValley<\/title>\n<meta name=\"description\" content=\"Descubre nuestro Kit de Pedicura Profesional FootCare, para unos pies suaves y tersos como nunca has tenido.\" \/>\n<meta name=\"robots\" content=\"index, follow, max-snippet:-1, max-image-preview:large, max-video-preview:-1\" \/>\n<link rel=\"canonical\" href=\"https:\/\/shopvalley.fr\/es\/produit\/kit-de-pedicura-profesional-footcare\/\" \/>\n<meta property=\"og:locale\" content=\"es_ES\" \/>\n<meta property=\"og:type\" content=\"article\" \/>\n<meta property=\"og:title\" content=\"Kit de pedicura profesional FootCare - ShopValley\" \/>\n<meta property=\"og:description\" content=\"Descubre nuestro Kit de Pedicura Profesional FootCare, para unos pies suaves y tersos como nunca has tenido.\" \/>\n<meta property=\"og:url\" content=\"https:\/\/shopvalley.fr\/es\/produit\/kit-de-pedicura-profesional-footcare\/\" \/>\n<meta property=\"og:site_name\" content=\"ShopValley\" \/>\n<meta property=\"article:modified_time\" content=\"2025-11-18T19:55:31+00:00\" \/>\n<meta property=\"og:image\" content=\"https:\/\/shopvalley.fr\/wp-content\/uploads\/2023\/10\/Kit-de-Pedicure-Professionnel-FootCare4.webp\" \/>\n\t<meta property=\"og:image:width\" content=\"480\" \/>\n\t<meta property=\"og:image:height\" content=\"480\" \/>\n\t<meta property=\"og:image:type\" content=\"image\/webp\" \/>\n<script type=\"application\/ld+json\" class=\"yoast-schema-graph\">{\"@context\":\"https:\\\/\\\/schema.org\",\"@graph\":[{\"@type\":\"WebPage\",\"@id\":\"https:\\\/\\\/shopvalley.fr\\\/es\\\/produit\\\/kit-de-pedicura-profesional-footcare\\\/\",\"url\":\"https:\\\/\\\/shopvalley.fr\\\/es\\\/produit\\\/kit-de-pedicura-profesional-footcare\\\/\",\"name\":\"Kit de pedicura profesional FootCare - ShopValley\",\"isPartOf\":{\"@id\":\"https:\\\/\\\/shopvalley.fr\\\/es\\\/#website\"},\"primaryImageOfPage\":{\"@id\":\"https:\\\/\\\/shopvalley.fr\\\/es\\\/produit\\\/kit-de-pedicura-profesional-footcare\\\/#primaryimage\"},\"image\":{\"@id\":\"https:\\\/\\\/shopvalley.fr\\\/es\\\/produit\\\/kit-de-pedicura-profesional-footcare\\\/#primaryimage\"},\"thumbnailUrl\":\"https:\\\/\\\/shopvalley.fr\\\/wp-content\\\/uploads\\\/2023\\\/10\\\/Kit-de-Pedicure-Professionnel-FootCare4.webp\",\"datePublished\":\"2023-10-18T19:38:57+00:00\",\"dateModified\":\"2025-11-18T19:55:31+00:00\",\"description\":\"Descubre nuestro Kit de Pedicura Profesional FootCare, para unos pies suaves y tersos como nunca has tenido.\",\"breadcrumb\":{\"@id\":\"https:\\\/\\\/shopvalley.fr\\\/es\\\/produit\\\/kit-de-pedicura-profesional-footcare\\\/#breadcrumb\"},\"inLanguage\":\"es\",\"potentialAction\":[{\"@type\":\"ReadAction\",\"target\":[\"https:\\\/\\\/shopvalley.fr\\\/es\\\/produit\\\/kit-de-pedicura-profesional-footcare\\\/\"]}]},{\"@type\":\"ImageObject\",\"inLanguage\":\"es\",\"@id\":\"https:\\\/\\\/shopvalley.fr\\\/es\\\/produit\\\/kit-de-pedicura-profesional-footcare\\\/#primaryimage\",\"url\":\"https:\\\/\\\/shopvalley.fr\\\/wp-content\\\/uploads\\\/2023\\\/10\\\/Kit-de-Pedicure-Professionnel-FootCare4.webp\",\"contentUrl\":\"https:\\\/\\\/shopvalley.fr\\\/wp-content\\\/uploads\\\/2023\\\/10\\\/Kit-de-Pedicure-Professionnel-FootCare4.webp\",\"width\":480,\"height\":480},{\"@type\":\"BreadcrumbList\",\"@id\":\"https:\\\/\\\/shopvalley.fr\\\/es\\\/produit\\\/kit-de-pedicura-profesional-footcare\\\/#breadcrumb\",\"itemListElement\":[{\"@type\":\"ListItem\",\"position\":1,\"name\":\"Accueil\",\"item\":\"https:\\\/\\\/shopvalley.fr\\\/es\\\/\"},{\"@type\":\"ListItem\",\"position\":2,\"name\":\"Todos los productos\",\"item\":\"https:\\\/\\\/shopvalley.fr\\\/es\\\/todos-los-productos\\\/\"},{\"@type\":\"ListItem\",\"position\":3,\"name\":\"Kit de pedicura profesional FootCare\"}]},{\"@type\":\"WebSite\",\"@id\":\"https:\\\/\\\/shopvalley.fr\\\/es\\\/#website\",\"url\":\"https:\\\/\\\/shopvalley.fr\\\/es\\\/\",\"name\":\"ShopValley\",\"description\":\"\u00a1Productos de moda a precios bajos!\",\"publisher\":{\"@id\":\"https:\\\/\\\/shopvalley.fr\\\/es\\\/#organization\"},\"potentialAction\":[{\"@type\":\"SearchAction\",\"target\":{\"@type\":\"EntryPoint\",\"urlTemplate\":\"https:\\\/\\\/shopvalley.fr\\\/es\\\/?s={search_term_string}\"},\"query-input\":{\"@type\":\"PropertyValueSpecification\",\"valueRequired\":true,\"valueName\":\"search_term_string\"}}],\"inLanguage\":\"es\"},{\"@type\":\"Organization\",\"@id\":\"https:\\\/\\\/shopvalley.fr\\\/es\\\/#organization\",\"name\":\"Shopvalley\",\"url\":\"https:\\\/\\\/shopvalley.fr\\\/es\\\/\",\"logo\":{\"@type\":\"ImageObject\",\"inLanguage\":\"es\",\"@id\":\"https:\\\/\\\/shopvalley.fr\\\/es\\\/#\\\/schema\\\/logo\\\/image\\\/\",\"url\":\"https:\\\/\\\/shopvalley.fr\\\/wp-content\\\/uploads\\\/2023\\\/11\\\/cropped-Copie-de-Logo-ShopValley-500-x-500-px-1.png\",\"contentUrl\":\"https:\\\/\\\/shopvalley.fr\\\/wp-content\\\/uploads\\\/2023\\\/11\\\/cropped-Copie-de-Logo-ShopValley-500-x-500-px-1.png\",\"width\":512,\"height\":512,\"caption\":\"Shopvalley\"},\"image\":{\"@id\":\"https:\\\/\\\/shopvalley.fr\\\/es\\\/#\\\/schema\\\/logo\\\/image\\\/\"}}]}<\/script>\n<!-- \/ Yoast SEO plugin. -->","yoast_head_json":{"title":"Kit de pedicura profesional FootCare - ShopValley","description":"Descubre nuestro Kit de Pedicura Profesional FootCare, para unos pies suaves y tersos como nunca has tenido.","robots":{"index":"index","follow":"follow","max-snippet":"max-snippet:-1","max-image-preview":"max-image-preview:large","max-video-preview":"max-video-preview:-1"},"canonical":"https:\/\/shopvalley.fr\/es\/produit\/kit-de-pedicura-profesional-footcare\/","og_locale":"es_ES","og_type":"article","og_title":"Kit de pedicura profesional FootCare - ShopValley","og_description":"Descubre nuestro Kit de Pedicura Profesional FootCare, para unos pies suaves y tersos como nunca has tenido.","og_url":"https:\/\/shopvalley.fr\/es\/produit\/kit-de-pedicura-profesional-footcare\/","og_site_name":"ShopValley","article_modified_time":"2025-11-18T19:55:31+00:00","og_image":[{"width":480,"height":480,"url":"https:\/\/shopvalley.fr\/wp-content\/uploads\/2023\/10\/Kit-de-Pedicure-Professionnel-FootCare4.webp","type":"image\/webp"}],"schema":{"@context":"https:\/\/schema.org","@graph":[{"@type":"WebPage","@id":"https:\/\/shopvalley.fr\/es\/produit\/kit-de-pedicura-profesional-footcare\/","url":"https:\/\/shopvalley.fr\/es\/produit\/kit-de-pedicura-profesional-footcare\/","name":"Kit de pedicura profesional FootCare - ShopValley","isPartOf":{"@id":"https:\/\/shopvalley.fr\/es\/#website"},"primaryImageOfPage":{"@id":"https:\/\/shopvalley.fr\/es\/produit\/kit-de-pedicura-profesional-footcare\/#primaryimage"},"image":{"@id":"https:\/\/shopvalley.fr\/es\/produit\/kit-de-pedicura-profesional-footcare\/#primaryimage"},"thumbnailUrl":"https:\/\/shopvalley.fr\/wp-content\/uploads\/2023\/10\/Kit-de-Pedicure-Professionnel-FootCare4.webp","datePublished":"2023-10-18T19:38:57+00:00","dateModified":"2025-11-18T19:55:31+00:00","description":"Descubre nuestro Kit de Pedicura Profesional FootCare, para unos pies suaves y tersos como nunca has tenido.","breadcrumb":{"@id":"https:\/\/shopvalley.fr\/es\/produit\/kit-de-pedicura-profesional-footcare\/#breadcrumb"},"inLanguage":"es","potentialAction":[{"@type":"ReadAction","target":["https:\/\/shopvalley.fr\/es\/produit\/kit-de-pedicura-profesional-footcare\/"]}]},{"@type":"ImageObject","inLanguage":"es","@id":"https:\/\/shopvalley.fr\/es\/produit\/kit-de-pedicura-profesional-footcare\/#primaryimage","url":"https:\/\/shopvalley.fr\/wp-content\/uploads\/2023\/10\/Kit-de-Pedicure-Professionnel-FootCare4.webp","contentUrl":"https:\/\/shopvalley.fr\/wp-content\/uploads\/2023\/10\/Kit-de-Pedicure-Professionnel-FootCare4.webp","width":480,"height":480},{"@type":"BreadcrumbList","@id":"https:\/\/shopvalley.fr\/es\/produit\/kit-de-pedicura-profesional-footcare\/#breadcrumb","itemListElement":[{"@type":"ListItem","position":1,"name":"Accueil","item":"https:\/\/shopvalley.fr\/es\/"},{"@type":"ListItem","position":2,"name":"Todos los productos","item":"https:\/\/shopvalley.fr\/es\/todos-los-productos\/"},{"@type":"ListItem","position":3,"name":"Kit de pedicura profesional FootCare"}]},{"@type":"WebSite","@id":"https:\/\/shopvalley.fr\/es\/#website","url":"https:\/\/shopvalley.fr\/es\/","name":"ShopValley","description":"\u00a1Productos de moda a precios bajos!","publisher":{"@id":"https:\/\/shopvalley.fr\/es\/#organization"},"potentialAction":[{"@type":"SearchAction","target":{"@type":"EntryPoint","urlTemplate":"https:\/\/shopvalley.fr\/es\/?s={search_term_string}"},"query-input":{"@type":"PropertyValueSpecification","valueRequired":true,"valueName":"search_term_string"}}],"inLanguage":"es"},{"@type":"Organization","@id":"https:\/\/shopvalley.fr\/es\/#organization","name":"Shopvalley","url":"https:\/\/shopvalley.fr\/es\/","logo":{"@type":"ImageObject","inLanguage":"es","@id":"https:\/\/shopvalley.fr\/es\/#\/schema\/logo\/image\/","url":"https:\/\/shopvalley.fr\/wp-content\/uploads\/2023\/11\/cropped-Copie-de-Logo-ShopValley-500-x-500-px-1.png","contentUrl":"https:\/\/shopvalley.fr\/wp-content\/uploads\/2023\/11\/cropped-Copie-de-Logo-ShopValley-500-x-500-px-1.png","width":512,"height":512,"caption":"Shopvalley"},"image":{"@id":"https:\/\/shopvalley.fr\/es\/#\/schema\/logo\/image\/"}}]}},"jetpack_sharing_enabled":true,"_links":{"self":[{"href":"https:\/\/shopvalley.fr\/es\/wp-json\/wp\/v2\/product\/49203","targetHints":{"allow":["GET"]}}],"collection":[{"href":"https:\/\/shopvalley.fr\/es\/wp-json\/wp\/v2\/product"}],"about":[{"href":"https:\/\/shopvalley.fr\/es\/wp-json\/wp\/v2\/types\/product"}],"replies":[{"embeddable":true,"href":"https:\/\/shopvalley.fr\/es\/wp-json\/wp\/v2\/comments?post=49203"}],"version-history":[{"count":2,"href":"https:\/\/shopvalley.fr\/es\/wp-json\/wp\/v2\/product\/49203\/revisions"}],"predecessor-version":[{"id":51563,"href":"https:\/\/shopvalley.fr\/es\/wp-json\/wp\/v2\/product\/49203\/revisions\/51563"}],"wp:featuredmedia":[{"embeddable":true,"href":"https:\/\/shopvalley.fr\/es\/wp-json\/wp\/v2\/media\/38136"}],"wp:attachment":[{"href":"https:\/\/shopvalley.fr\/es\/wp-json\/wp\/v2\/media?parent=49203"}],"wp:term":[{"taxonomy":"product_brand","embeddable":true,"href":"https:\/\/shopvalley.fr\/es\/wp-json\/wp\/v2\/product_brand?post=49203"},{"taxonomy":"product_cat","embeddable":true,"href":"https:\/\/shopvalley.fr\/es\/wp-json\/wp\/v2\/product_cat?post=49203"},{"taxonomy":"product_tag","embeddable":true,"href":"https:\/\/shopvalley.fr\/es\/wp-json\/wp\/v2\/product_tag?post=49203"}],"curies":[{"name":"wp","href":"https:\/\/api.w.org\/{rel}","templated":true}]}}