{"id":49161,"date":"2025-09-28T11:05:43","date_gmt":"2025-09-28T09:05:43","guid":{"rendered":"https:\/\/shopvalley.fr\/produit\/comodo-cojin-para-embarazadas\/"},"modified":"2025-11-18T20:55:58","modified_gmt":"2025-11-18T19:55:58","slug":"comodo-cojin-para-embarazadas","status":"publish","type":"product","link":"https:\/\/shopvalley.fr\/es\/produit\/comodo-cojin-para-embarazadas\/","title":{"rendered":"C\u00f3modo coj\u00edn para embarazadas"},"content":{"rendered":"<article class=\"productView-description\">\n<div class=\"productView-description\">\n<h3><span style=\"font-size: 14pt; color: #000000;\"><strong>Almohada para embarazadas c\u00f3moda y vers\u00e1til<\/strong><\/span><\/h3>\n<p><span style=\"font-size: 14pt; color: #000000;\">Este C\u00f3modo Coj\u00edn para Embarazadas se ha dise\u00f1ado espec\u00edficamente para proporcionar un mayor apoyo a tu espalda, vientre y costados, ayud\u00e1ndote en las distintas fases del embarazo.<\/span><\/p>\n<p><span style=\"font-size: 14pt; color: #000000;\">Este apoyo espec\u00edfico pretende mejorar tu comodidad diaria.<\/span><\/p>\n<h3><span style=\"font-size: 14pt; color: #000000;\"><strong>Coj\u00edn c\u00f3modo para embarazadas: apoyo confortable<\/strong><\/span><\/h3>\n<p><span style=\"font-size: 14pt; color: #000000;\">El coj\u00edn ayuda a mantener una postura correcta al dormir, reduciendo la tendencia a dormir boca arriba, lo que favorece una mejor calidad del descanso.<\/span><\/p>\n<p style=\"text-align: center;\"><span style=\"font-size: 14pt; color: #000000;\"><img loading=\"lazy\" decoding=\"async\" class=\"alignnone\" src=\"https:\/\/cdn11.bigcommerce.com\/s-2rkezxqh4s\/product_images\/uploaded_images\/moved-46744114a8b48a174bb1d3bfe673bdc6.jpeg\" alt=\"C\u00f3modo coj\u00edn para embarazadas\" width=\"480\" height=\"480\" \/><\/span><\/p>\n<h3><span style=\"font-size: 14pt; color: #000000;\"><strong>C\u00f3moda almohada para embarazadas: alivia las molestias<\/strong><\/span><\/h3>\n<p><span style=\"font-size: 14pt; color: #000000;\">Dise\u00f1ado para ayudar a reducir los dolores comunes de espalda, cadera y pelvis, nuestro coj\u00edn se adapta a los cambios de tu cuerpo.<\/span><\/p>\n<p><span style=\"font-size: 14pt; color: #000000;\"><strong>Coj\u00edn C\u00f3modo para Embarazadas: Adaptabilidad<\/strong><\/span><\/p>\n<p><span style=\"font-size: 14pt; color: #000000;\">Con su longitud ajustable, crece con tu barriga, proporcion\u00e1ndote un ajuste personalizado en todo momento.<\/span><\/p>\n<p style=\"text-align: center;\"><span style=\"font-size: 14pt; color: #000000;\"><img decoding=\"async\" src=\"https:\/\/cdn11.bigcommerce.com\/s-2rkezxqh4s\/product_images\/uploaded_images\/moved-02844bd18fabba1a2f66ac811fe00b60.jpeg\" \/><\/span><\/p>\n<h3><span style=\"font-size: 14pt; color: #000000;\"><strong>Funda transpirable de alta calidad<\/strong><\/span><\/h3>\n<p><span style=\"font-size: 14pt; color: #000000;\">Disfruta de una funda muy transpirable fabricada con una mezcla especial de bamb\u00fa y poli\u00e9ster. F\u00e1cil de quitar y lavable a m\u00e1quina, incorpora un escudo antibacteriano para mantener un entorno de descanso sano y uniforme. <\/span><\/p>\n<h3><span style=\"font-size: 14pt; color: #000000;\"><strong>C\u00f3modo coj\u00edn para embarazadas: versatilidad postparto<\/strong><\/span><\/h3>\n<p><span style=\"font-size: 14pt; color: #000000;\">M\u00e1s all\u00e1 del embarazo, transforma este coj\u00edn en un pr\u00e1ctico apoyo para tus piernas o espalda, o incluso en un colch\u00f3n de seguridad para tu beb\u00e9, para evitar cualquier movimiento indeseado.<\/span><\/p>\n<p style=\"text-align: center;\"><span style=\"font-size: 14pt; color: #000000;\"><img loading=\"lazy\" decoding=\"async\" class=\"alignnone\" src=\"https:\/\/cdn11.bigcommerce.com\/s-2rkezxqh4s\/product_images\/uploaded_images\/moved-80742f4b3859b2a35b8e058bd3660511.jpeg\" alt=\"C\u00f3modo coj\u00edn para embarazadas\" width=\"480\" height=\"480\" \/><\/span><\/p>\n<p><span style=\"font-size: 14pt; color: #000000;\"><strong>Confort t\u00e1ctil<\/strong><\/span><\/p>\n<p><span style=\"font-size: 14pt; color: #000000;\"> Su dise\u00f1o ergon\u00f3mico te permite cambiar de postura sin que el coj\u00edn resbale, lo que facilita el sue\u00f1o sin perturbar el de tu pareja.<\/span><\/p>\n<p><span style=\"font-size: 14pt; color: #000000;\"><strong>Soporte abdominal ajustable<\/strong><\/span><\/p>\n<p><span style=\"font-size: 14pt; color: #000000;\">Personaliza el nivel de apoyo a medida que tu vientre se ensancha, gracias a un pr\u00e1ctico sistema de fijaci\u00f3n que te permite ajustar la distancia entre las almohadas.<\/span><\/p>\n<p><span style=\"font-size: 14pt; color: #000000;\"><strong>Apoyo espec\u00edfico para la espalda y las caderas<\/strong><\/span><\/p>\n<p><span style=\"font-size: 14pt; color: #000000;\">El coj\u00edn envuelve estrat\u00e9gicamente el est\u00f3mago y la espalda para proporcionar un alivio espec\u00edfico, minimizando la presi\u00f3n mientras descansas.<\/span><\/p>\n<p style=\"text-align: center;\"><span style=\"color: #000000; font-size: 14pt;\"><img decoding=\"async\" src=\"https:\/\/cdn11.bigcommerce.com\/s-2rkezxqh4s\/product_images\/uploaded_images\/moved-bc9c55ad2e222bf952c9c1b8311d2fa4.jpeg\" \/><\/span><\/p>\n<h3><span style=\"font-size: 14pt; color: #000000;\"><strong>Adaptabilidad a la lactancia materna<\/strong><\/span><\/h3>\n<p><span style=\"font-size: 14pt; color: #000000;\">Este coj\u00edn puede utilizarse en diversas posiciones de lactancia, apoyando c\u00f3modamente tanto a la madre como al beb\u00e9 durante estos preciosos momentos.<\/span><\/p>\n<p><span style=\"font-size: 14pt; color: #000000;\">Invierte en tu comodidad y en la de tu beb\u00e9 con nuestra vers\u00e1til almohada para embarazadas.<\/span><\/p>\n<p style=\"text-align: center;\"><span style=\"color: #000000; font-size: 14pt;\"><img loading=\"lazy\" decoding=\"async\" class=\"alignnone\" src=\"https:\/\/cdn11.bigcommerce.com\/s-2rkezxqh4s\/product_images\/uploaded_images\/moved-c4973dd40890532166a54824f71f0c7f.jpeg\" alt=\"C\u00f3modo coj\u00edn para embarazadas\" width=\"480\" height=\"406\" \/><\/span><\/p>\n<p><span style=\"font-size: 14pt; color: #000000;\">Empieza a disfrutar ahora mismo de los beneficios de nuestra almohada para embarazadas. Cu\u00eddate y vive la maternidad con la comodidad y el apoyo que te mereces. <\/span><\/p>\n<\/div>\n<\/article>\n","protected":false},"excerpt":{"rendered":"<p><span style=\"font-size: 14pt; color: #000000;\">Apoya mejor tu espalda<\/span><\/p>\n","protected":false},"featured_media":49148,"comment_status":"closed","ping_status":"closed","template":"","meta":[],"product_brand":[1139],"product_cat":[988,1085],"product_tag":[990],"class_list":{"0":"post-49161","1":"product","2":"type-product","3":"status-publish","4":"has-post-thumbnail","6":"product_brand-shopvalley","7":"product_cat-accesorios","8":"product_cat-shopping_es-es","9":"product_tag-noflash-es","11":"first","12":"instock","13":"sale","14":"taxable","15":"shipping-taxable","16":"purchasable","17":"product-type-variable","18":"has-default-attributes"},"yoast_head":"<!-- This site is optimized with the Yoast SEO plugin v27.4 - https:\/\/yoast.com\/product\/yoast-seo-wordpress\/ -->\n<title>C\u00f3modo coj\u00edn para embarazadas - ShopValley<\/title>\n<meta name=\"description\" content=\"C\u00f3modo y vers\u00e1til coj\u00edn para embarazadas que proporciona un mayor apoyo a tu espalda, vientre y costados.\" \/>\n<meta name=\"robots\" content=\"index, follow, max-snippet:-1, max-image-preview:large, max-video-preview:-1\" \/>\n<link rel=\"canonical\" href=\"https:\/\/shopvalley.fr\/es\/produit\/comodo-cojin-para-embarazadas\/\" \/>\n<meta property=\"og:locale\" content=\"es_ES\" \/>\n<meta property=\"og:type\" content=\"article\" \/>\n<meta property=\"og:title\" content=\"C\u00f3modo coj\u00edn para embarazadas - ShopValley\" \/>\n<meta property=\"og:description\" content=\"C\u00f3modo y vers\u00e1til coj\u00edn para embarazadas que proporciona un mayor apoyo a tu espalda, vientre y costados.\" \/>\n<meta property=\"og:url\" content=\"https:\/\/shopvalley.fr\/es\/produit\/comodo-cojin-para-embarazadas\/\" \/>\n<meta property=\"og:site_name\" content=\"ShopValley\" \/>\n<meta property=\"article:modified_time\" content=\"2025-11-18T19:55:58+00:00\" \/>\n<meta property=\"og:image\" content=\"http:\/\/shopvalley.fr\/wp-content\/uploads\/2025\/09\/49117-coussin-de-grossesse__09585.1731463758.386.513.jpg\" \/>\n\t<meta property=\"og:image:width\" content=\"386\" \/>\n\t<meta property=\"og:image:height\" content=\"386\" \/>\n\t<meta property=\"og:image:type\" content=\"image\/jpeg\" \/>\n<script type=\"application\/ld+json\" class=\"yoast-schema-graph\">{\"@context\":\"https:\\\/\\\/schema.org\",\"@graph\":[{\"@type\":\"WebPage\",\"@id\":\"https:\\\/\\\/shopvalley.fr\\\/es\\\/produit\\\/comodo-cojin-para-embarazadas\\\/\",\"url\":\"https:\\\/\\\/shopvalley.fr\\\/es\\\/produit\\\/comodo-cojin-para-embarazadas\\\/\",\"name\":\"C\u00f3modo coj\u00edn para embarazadas - ShopValley\",\"isPartOf\":{\"@id\":\"https:\\\/\\\/shopvalley.fr\\\/es\\\/#website\"},\"primaryImageOfPage\":{\"@id\":\"https:\\\/\\\/shopvalley.fr\\\/es\\\/produit\\\/comodo-cojin-para-embarazadas\\\/#primaryimage\"},\"image\":{\"@id\":\"https:\\\/\\\/shopvalley.fr\\\/es\\\/produit\\\/comodo-cojin-para-embarazadas\\\/#primaryimage\"},\"thumbnailUrl\":\"https:\\\/\\\/shopvalley.fr\\\/wp-content\\\/uploads\\\/2025\\\/09\\\/49117-coussin-de-grossesse__09585.1731463758.386.513.jpg\",\"datePublished\":\"2025-09-28T09:05:43+00:00\",\"dateModified\":\"2025-11-18T19:55:58+00:00\",\"description\":\"C\u00f3modo y vers\u00e1til coj\u00edn para embarazadas que proporciona un mayor apoyo a tu espalda, vientre y costados.\",\"breadcrumb\":{\"@id\":\"https:\\\/\\\/shopvalley.fr\\\/es\\\/produit\\\/comodo-cojin-para-embarazadas\\\/#breadcrumb\"},\"inLanguage\":\"es\",\"potentialAction\":[{\"@type\":\"ReadAction\",\"target\":[\"https:\\\/\\\/shopvalley.fr\\\/es\\\/produit\\\/comodo-cojin-para-embarazadas\\\/\"]}]},{\"@type\":\"ImageObject\",\"inLanguage\":\"es\",\"@id\":\"https:\\\/\\\/shopvalley.fr\\\/es\\\/produit\\\/comodo-cojin-para-embarazadas\\\/#primaryimage\",\"url\":\"https:\\\/\\\/shopvalley.fr\\\/wp-content\\\/uploads\\\/2025\\\/09\\\/49117-coussin-de-grossesse__09585.1731463758.386.513.jpg\",\"contentUrl\":\"https:\\\/\\\/shopvalley.fr\\\/wp-content\\\/uploads\\\/2025\\\/09\\\/49117-coussin-de-grossesse__09585.1731463758.386.513.jpg\",\"width\":386,\"height\":386,\"caption\":\"Coussin De Grossesse\"},{\"@type\":\"BreadcrumbList\",\"@id\":\"https:\\\/\\\/shopvalley.fr\\\/es\\\/produit\\\/comodo-cojin-para-embarazadas\\\/#breadcrumb\",\"itemListElement\":[{\"@type\":\"ListItem\",\"position\":1,\"name\":\"Accueil\",\"item\":\"https:\\\/\\\/shopvalley.fr\\\/es\\\/\"},{\"@type\":\"ListItem\",\"position\":2,\"name\":\"Todos los productos\",\"item\":\"https:\\\/\\\/shopvalley.fr\\\/es\\\/todos-los-productos\\\/\"},{\"@type\":\"ListItem\",\"position\":3,\"name\":\"Accesorios\",\"item\":\"https:\\\/\\\/shopvalley.fr\\\/es\\\/categorie-produit\\\/accesorios\\\/\"},{\"@type\":\"ListItem\",\"position\":4,\"name\":\"C\u00f3modo coj\u00edn para embarazadas\"}]},{\"@type\":\"WebSite\",\"@id\":\"https:\\\/\\\/shopvalley.fr\\\/es\\\/#website\",\"url\":\"https:\\\/\\\/shopvalley.fr\\\/es\\\/\",\"name\":\"ShopValley\",\"description\":\"\u00a1Productos de moda a precios bajos!\",\"publisher\":{\"@id\":\"https:\\\/\\\/shopvalley.fr\\\/es\\\/#organization\"},\"potentialAction\":[{\"@type\":\"SearchAction\",\"target\":{\"@type\":\"EntryPoint\",\"urlTemplate\":\"https:\\\/\\\/shopvalley.fr\\\/es\\\/?s={search_term_string}\"},\"query-input\":{\"@type\":\"PropertyValueSpecification\",\"valueRequired\":true,\"valueName\":\"search_term_string\"}}],\"inLanguage\":\"es\"},{\"@type\":\"Organization\",\"@id\":\"https:\\\/\\\/shopvalley.fr\\\/es\\\/#organization\",\"name\":\"Shopvalley\",\"url\":\"https:\\\/\\\/shopvalley.fr\\\/es\\\/\",\"logo\":{\"@type\":\"ImageObject\",\"inLanguage\":\"es\",\"@id\":\"https:\\\/\\\/shopvalley.fr\\\/es\\\/#\\\/schema\\\/logo\\\/image\\\/\",\"url\":\"https:\\\/\\\/shopvalley.fr\\\/wp-content\\\/uploads\\\/2023\\\/11\\\/cropped-Copie-de-Logo-ShopValley-500-x-500-px-1.png\",\"contentUrl\":\"https:\\\/\\\/shopvalley.fr\\\/wp-content\\\/uploads\\\/2023\\\/11\\\/cropped-Copie-de-Logo-ShopValley-500-x-500-px-1.png\",\"width\":512,\"height\":512,\"caption\":\"Shopvalley\"},\"image\":{\"@id\":\"https:\\\/\\\/shopvalley.fr\\\/es\\\/#\\\/schema\\\/logo\\\/image\\\/\"}}]}<\/script>\n<!-- \/ Yoast SEO plugin. -->","yoast_head_json":{"title":"C\u00f3modo coj\u00edn para embarazadas - ShopValley","description":"C\u00f3modo y vers\u00e1til coj\u00edn para embarazadas que proporciona un mayor apoyo a tu espalda, vientre y costados.","robots":{"index":"index","follow":"follow","max-snippet":"max-snippet:-1","max-image-preview":"max-image-preview:large","max-video-preview":"max-video-preview:-1"},"canonical":"https:\/\/shopvalley.fr\/es\/produit\/comodo-cojin-para-embarazadas\/","og_locale":"es_ES","og_type":"article","og_title":"C\u00f3modo coj\u00edn para embarazadas - ShopValley","og_description":"C\u00f3modo y vers\u00e1til coj\u00edn para embarazadas que proporciona un mayor apoyo a tu espalda, vientre y costados.","og_url":"https:\/\/shopvalley.fr\/es\/produit\/comodo-cojin-para-embarazadas\/","og_site_name":"ShopValley","article_modified_time":"2025-11-18T19:55:58+00:00","og_image":[{"width":386,"height":386,"url":"http:\/\/shopvalley.fr\/wp-content\/uploads\/2025\/09\/49117-coussin-de-grossesse__09585.1731463758.386.513.jpg","type":"image\/jpeg"}],"schema":{"@context":"https:\/\/schema.org","@graph":[{"@type":"WebPage","@id":"https:\/\/shopvalley.fr\/es\/produit\/comodo-cojin-para-embarazadas\/","url":"https:\/\/shopvalley.fr\/es\/produit\/comodo-cojin-para-embarazadas\/","name":"C\u00f3modo coj\u00edn para embarazadas - ShopValley","isPartOf":{"@id":"https:\/\/shopvalley.fr\/es\/#website"},"primaryImageOfPage":{"@id":"https:\/\/shopvalley.fr\/es\/produit\/comodo-cojin-para-embarazadas\/#primaryimage"},"image":{"@id":"https:\/\/shopvalley.fr\/es\/produit\/comodo-cojin-para-embarazadas\/#primaryimage"},"thumbnailUrl":"https:\/\/shopvalley.fr\/wp-content\/uploads\/2025\/09\/49117-coussin-de-grossesse__09585.1731463758.386.513.jpg","datePublished":"2025-09-28T09:05:43+00:00","dateModified":"2025-11-18T19:55:58+00:00","description":"C\u00f3modo y vers\u00e1til coj\u00edn para embarazadas que proporciona un mayor apoyo a tu espalda, vientre y costados.","breadcrumb":{"@id":"https:\/\/shopvalley.fr\/es\/produit\/comodo-cojin-para-embarazadas\/#breadcrumb"},"inLanguage":"es","potentialAction":[{"@type":"ReadAction","target":["https:\/\/shopvalley.fr\/es\/produit\/comodo-cojin-para-embarazadas\/"]}]},{"@type":"ImageObject","inLanguage":"es","@id":"https:\/\/shopvalley.fr\/es\/produit\/comodo-cojin-para-embarazadas\/#primaryimage","url":"https:\/\/shopvalley.fr\/wp-content\/uploads\/2025\/09\/49117-coussin-de-grossesse__09585.1731463758.386.513.jpg","contentUrl":"https:\/\/shopvalley.fr\/wp-content\/uploads\/2025\/09\/49117-coussin-de-grossesse__09585.1731463758.386.513.jpg","width":386,"height":386,"caption":"Coussin De Grossesse"},{"@type":"BreadcrumbList","@id":"https:\/\/shopvalley.fr\/es\/produit\/comodo-cojin-para-embarazadas\/#breadcrumb","itemListElement":[{"@type":"ListItem","position":1,"name":"Accueil","item":"https:\/\/shopvalley.fr\/es\/"},{"@type":"ListItem","position":2,"name":"Todos los productos","item":"https:\/\/shopvalley.fr\/es\/todos-los-productos\/"},{"@type":"ListItem","position":3,"name":"Accesorios","item":"https:\/\/shopvalley.fr\/es\/categorie-produit\/accesorios\/"},{"@type":"ListItem","position":4,"name":"C\u00f3modo coj\u00edn para embarazadas"}]},{"@type":"WebSite","@id":"https:\/\/shopvalley.fr\/es\/#website","url":"https:\/\/shopvalley.fr\/es\/","name":"ShopValley","description":"\u00a1Productos de moda a precios bajos!","publisher":{"@id":"https:\/\/shopvalley.fr\/es\/#organization"},"potentialAction":[{"@type":"SearchAction","target":{"@type":"EntryPoint","urlTemplate":"https:\/\/shopvalley.fr\/es\/?s={search_term_string}"},"query-input":{"@type":"PropertyValueSpecification","valueRequired":true,"valueName":"search_term_string"}}],"inLanguage":"es"},{"@type":"Organization","@id":"https:\/\/shopvalley.fr\/es\/#organization","name":"Shopvalley","url":"https:\/\/shopvalley.fr\/es\/","logo":{"@type":"ImageObject","inLanguage":"es","@id":"https:\/\/shopvalley.fr\/es\/#\/schema\/logo\/image\/","url":"https:\/\/shopvalley.fr\/wp-content\/uploads\/2023\/11\/cropped-Copie-de-Logo-ShopValley-500-x-500-px-1.png","contentUrl":"https:\/\/shopvalley.fr\/wp-content\/uploads\/2023\/11\/cropped-Copie-de-Logo-ShopValley-500-x-500-px-1.png","width":512,"height":512,"caption":"Shopvalley"},"image":{"@id":"https:\/\/shopvalley.fr\/es\/#\/schema\/logo\/image\/"}}]}},"jetpack_sharing_enabled":true,"_links":{"self":[{"href":"https:\/\/shopvalley.fr\/es\/wp-json\/wp\/v2\/product\/49161","targetHints":{"allow":["GET"]}}],"collection":[{"href":"https:\/\/shopvalley.fr\/es\/wp-json\/wp\/v2\/product"}],"about":[{"href":"https:\/\/shopvalley.fr\/es\/wp-json\/wp\/v2\/types\/product"}],"replies":[{"embeddable":true,"href":"https:\/\/shopvalley.fr\/es\/wp-json\/wp\/v2\/comments?post=49161"}],"version-history":[{"count":2,"href":"https:\/\/shopvalley.fr\/es\/wp-json\/wp\/v2\/product\/49161\/revisions"}],"predecessor-version":[{"id":51499,"href":"https:\/\/shopvalley.fr\/es\/wp-json\/wp\/v2\/product\/49161\/revisions\/51499"}],"wp:featuredmedia":[{"embeddable":true,"href":"https:\/\/shopvalley.fr\/es\/wp-json\/wp\/v2\/media\/49148"}],"wp:attachment":[{"href":"https:\/\/shopvalley.fr\/es\/wp-json\/wp\/v2\/media?parent=49161"}],"wp:term":[{"taxonomy":"product_brand","embeddable":true,"href":"https:\/\/shopvalley.fr\/es\/wp-json\/wp\/v2\/product_brand?post=49161"},{"taxonomy":"product_cat","embeddable":true,"href":"https:\/\/shopvalley.fr\/es\/wp-json\/wp\/v2\/product_cat?post=49161"},{"taxonomy":"product_tag","embeddable":true,"href":"https:\/\/shopvalley.fr\/es\/wp-json\/wp\/v2\/product_tag?post=49161"}],"curies":[{"name":"wp","href":"https:\/\/api.w.org\/{rel}","templated":true}]}}