{"id":47166,"date":"2025-07-15T21:35:55","date_gmt":"2025-07-15T19:35:55","guid":{"rendered":"https:\/\/shopvalley.fr\/produit\/comprobador-de-ph-y-cloro-2-en-1\/"},"modified":"2025-11-18T20:55:24","modified_gmt":"2025-11-18T19:55:24","slug":"comprobador-de-ph-y-cloro-2-en-1","status":"publish","type":"product","link":"https:\/\/shopvalley.fr\/es\/produit\/comprobador-de-ph-y-cloro-2-en-1\/","title":{"rendered":"Comprobador de PH y Cloro 2 en 1"},"content":{"rendered":"<h3 data-start=\"222\" data-end=\"285\"><span style=\"font-size: 14pt; color: #000000;\">\ud83d\udd0d Medidor de PH y Cloro: <strong data-start=\"229\" data-end=\"285\">\u00a1Comprueba la calidad del agua en un abrir y cerrar de ojos!<\/strong><\/span><\/h3>\n<p data-start=\"287\" data-end=\"667\"><span style=\"font-size: 14pt; color: #000000;\">Protege tu salud y la de los tuyos con el <strong data-start=\"341\" data-end=\"378\">Comprobador de pH y Cloro 2 en 1<\/strong>. Este dispositivo esencial te permite analizar con precisi\u00f3n los niveles de <strong data-start=\"460\" data-end=\"476\">cloro (Cl2)<\/strong> y <strong data-start=\"483\" data-end=\"489\">pH<\/strong> de tu piscina o spa, sin utilizar productos qu\u00edmicos. Sencillo, r\u00e1pido y fiable, este comprobador es el aliado ideal para mantener el agua limpia, clara y segura. <\/span><\/p>\n<p data-start=\"287\" data-end=\"667\"><img loading=\"lazy\" decoding=\"async\" class=\"aligncenter wp-image-47163\" src=\"http:\/\/shopvalley.fr\/wp-content\/uploads\/2025\/07\/Taille_Pied-1.jpg\" alt=\"\" width=\"570\" height=\"353\" \/><\/p>\n<h3 data-start=\"674\" data-end=\"723\"><span style=\"font-size: 14pt; color: #000000;\">\ud83d\udca1 <strong data-start=\"681\" data-end=\"723\">\u00bfPor qu\u00e9 es esencial este Comprobador?<\/strong><\/span><\/h3>\n<p data-start=\"725\" data-end=\"1013\"><span style=\"font-size: 14pt; color: #000000;\">\u00bfSab\u00edas que un mal equilibrio del cloro o del pH puede provocar irritaciones cut\u00e1neas, infecciones o incluso la proliferaci\u00f3n de bacterias peligrosas? Gracias a este <strong data-start=\"901\" data-end=\"935\">comprobador el\u00e9ctrico inteligente<\/strong>, puedes evitar estos problemas y garantizar una desinfecci\u00f3n \u00f3ptima del agua. <\/span><\/p>\n<p data-start=\"1015\" data-end=\"1040\"><span style=\"font-size: 14pt; color: #000000;\">Niveles recomendados :<\/span><\/p>\n<ul data-start=\"1041\" data-end=\"1090\">\n<li data-start=\"1041\" data-end=\"1069\">\n<p data-start=\"1043\" data-end=\"1069\"><span style=\"font-size: 14pt; color: #000000;\"><strong data-start=\"1043\" data-end=\"1069\">Cloro: 1,2 a 1,7 ppm<\/strong><\/span><\/p>\n<\/li>\n<li data-start=\"1070\" data-end=\"1090\">\n<p data-start=\"1072\" data-end=\"1090\"><span style=\"font-size: 14pt; color: #000000;\"><strong data-start=\"1072\" data-end=\"1090\">pH: de 7,2 a 7,8<\/strong><\/span><\/p>\n<\/li>\n<\/ul>\n<p data-start=\"1092\" data-end=\"1215\"><span style=\"font-size: 14pt; color: #000000;\">Con un solo toque, obtienes una lectura clara y precisa para que puedas ajustar r\u00e1pidamente el tratamiento de tu piscina o spa.<\/span><\/p>\n<p data-start=\"1092\" data-end=\"1215\"><img loading=\"lazy\" decoding=\"async\" class=\"aligncenter wp-image-47149\" src=\"http:\/\/shopvalley.fr\/wp-content\/uploads\/2025\/07\/main_imageS0fb1f7113a8b412fa8c531f172a8731fd-2.jpg\" alt=\"\" width=\"584\" height=\"584\" \/><\/p>\n<h3 data-start=\"1222\" data-end=\"1289\"><span style=\"font-size: 14pt; color: #000000;\">\ud83d\udebf Medidor de PH y Cloro: <strong data-start=\"1229\" data-end=\"1289\">Dise\u00f1o ligero, sin productos qu\u00edmicos, f\u00e1cil de usar<\/strong><\/span><\/h3>\n<p data-start=\"1291\" data-end=\"1702\"><span style=\"font-size: 14pt; color: #000000;\">\u00a1Se acabaron las tiras o kits complicados! Este comprobador funciona <strong data-start=\"1359\" data-end=\"1393\">sin a\u00f1adir productos qu\u00edmicos<\/strong>, por lo que no s\u00f3lo es econ\u00f3mico, sino tambi\u00e9n respetuoso con el medio ambiente. Es <strong data-start=\"1485\" data-end=\"1496\">compacto<\/strong>, <strong data-start=\"1498\" data-end=\"1507\">ligero<\/strong> y <strong data-start=\"1512\" data-end=\"1536\">f\u00e1cil de transportar<\/strong>, por lo que resulta ideal para su uso habitual en casa o de viaje. Funciona con <strong data-start=\"1624\" data-end=\"1653\">una pila AA (no incluida)<\/strong> y es f\u00e1cil de guardar en un caj\u00f3n o bolso. <\/span><\/p>\n<p data-start=\"1291\" data-end=\"1702\"><img loading=\"lazy\" decoding=\"async\" class=\"aligncenter wp-image-47151\" src=\"http:\/\/shopvalley.fr\/wp-content\/uploads\/2025\/07\/main_imageS1f9c1c01ea3a4861a4aabcac65441ad4g-2.jpg\" alt=\"\" width=\"561\" height=\"561\" \/><\/p>\n<h3 data-start=\"1709\" data-end=\"1774\"><span style=\"font-size: 14pt; color: #000000;\">\u2705 <strong data-start=\"1715\" data-end=\"1774\">Una inversi\u00f3n inteligente para ahorrar tiempo y dinero<\/strong><\/span><\/h3>\n<p data-start=\"1776\" data-end=\"1813\"><span style=\"font-size: 14pt; color: #000000;\">Con este <strong data-start=\"1787\" data-end=\"1805\">comprobador 2 en 1<\/strong>, puedes :<\/span><\/p>\n<ul data-start=\"1814\" data-end=\"2011\">\n<li data-start=\"1814\" data-end=\"1868\">\n<p data-start=\"1816\" data-end=\"1868\"><span style=\"font-size: 14pt; color: #000000;\">Ahorra tiempo en el mantenimiento de la piscina\/spa<\/span><\/p>\n<\/li>\n<li data-start=\"1869\" data-end=\"1924\">\n<p data-start=\"1871\" data-end=\"1924\"><span style=\"font-size: 14pt; color: #000000;\">Evita costosas sobredosis de productos de limpieza<\/span><\/p>\n<\/li>\n<li data-start=\"1925\" data-end=\"2011\">\n<p data-start=\"1927\" data-end=\"2011\"><span style=\"font-size: 14pt; color: #000000;\">Prolonga la vida de tu equipo con agua perfectamente equilibrada<\/span><\/p>\n<\/li>\n<li data-start=\"1925\" data-end=\"2011\"><img loading=\"lazy\" decoding=\"async\" class=\"aligncenter wp-image-47153\" src=\"http:\/\/shopvalley.fr\/wp-content\/uploads\/2025\/07\/main_imageS6a5fd3eef3aa496781c0d6bc91fbf696O-2.jpg\" alt=\"\" width=\"564\" height=\"564\" \/><\/li>\n<\/ul>\n<h3 data-start=\"2018\" data-end=\"2094\"><span style=\"font-size: 14pt; color: #000000;\">\ud83d\uded2 <strong data-start=\"2025\" data-end=\"2094\">\u00a1Haz tu pedido ahora y simplifica el mantenimiento de tu piscina!<\/strong><\/span><\/h3>\n<p data-start=\"2096\" data-end=\"2336\"><span style=\"font-size: 14pt; color: #000000;\">\u00a1No esperes a que el agua se vuelva turbia o irritante! <strong data-start=\"2154\" data-end=\"2217\">A\u00f1ade<\/strong> ahora <strong data-start=\"2154\" data-end=\"2217\">a tu cesta este Medidor de pH y Cloro 2 en 1<\/strong> para un control r\u00e1pido, preciso y sin complicaciones. Una peque\u00f1a herramienta de gran comodidad, \u00a1tanto en verano como en invierno! <\/span><\/p>\n<p data-start=\"2343\" data-end=\"2465\"><span style=\"font-size: 14pt; color: #000000;\"><strong data-start=\"2343\" data-end=\"2372\">Incluido en el embalaje:<\/strong><\/span><br data-start=\"2372\" data-end=\"2375\" \/><span style=\"font-size: 14pt; color: #000000;\">\u2714 1 comprobador de pH y Cloro (pila AA no incluida)<\/span><br data-start=\"2423\" data-end=\"2426\" \/><span style=\"font-size: 14pt; color: #000000;\">\u2714 Instrucciones de uso claras y sencillas<\/span><\/p>\n<p data-start=\"2467\" data-end=\"2495\"><span style=\"font-size: 14pt; color: #000000;\"><strong data-start=\"2467\" data-end=\"2495\">Modo de empleo :<\/strong><\/span><\/p>\n<ul data-start=\"2496\" data-end=\"2633\">\n<li data-start=\"2496\" data-end=\"2551\">\n<p data-start=\"2498\" data-end=\"2551\"><span style=\"font-size: 14pt; color: #000000;\">Utilizar s\u00f3lo en el agua de piscinas o spas<\/span><\/p>\n<\/li>\n<li data-start=\"2552\" data-end=\"2591\">\n<p data-start=\"2554\" data-end=\"2591\"><span style=\"font-size: 14pt; color: #000000;\">Gu\u00e1rdalo en un lugar fresco y seco<\/span><\/p>\n<\/li>\n<li data-start=\"2592\" data-end=\"2633\">\n<p data-start=\"2594\" data-end=\"2633\"><span style=\"font-size: 14pt; color: #000000;\">No sumerjas completamente el aparato<\/span><\/p>\n<\/li>\n<\/ul>\n","protected":false},"excerpt":{"rendered":"<p data-start=\"2018\" data-end=\"2094\"><span style=\"font-size: 14pt; color: #000000;\">\u00a1Simplifica el mantenimiento de tu piscina!<\/span><\/p>\n","protected":false},"featured_media":47140,"comment_status":"closed","ping_status":"closed","template":"","meta":[],"product_brand":[1139],"product_cat":[988,1085],"product_tag":[990],"class_list":{"0":"post-47166","1":"product","2":"type-product","3":"status-publish","4":"has-post-thumbnail","6":"product_brand-shopvalley","7":"product_cat-accesorios","8":"product_cat-shopping_es-es","9":"product_tag-noflash-es","11":"first","12":"instock","13":"sale","14":"taxable","15":"shipping-taxable","16":"purchasable","17":"product-type-simple"},"yoast_head":"<!-- This site is optimized with the Yoast SEO plugin v27.4 - https:\/\/yoast.com\/product\/yoast-seo-wordpress\/ -->\n<title>Comprobador de PH y Cloro 2 en 1 - ShopValley<\/title>\n<meta name=\"description\" content=\"Comprobador 2 en 1 de pH y cloro para piscinas y spas. An\u00e1lisis r\u00e1pido, preciso y sin productos qu\u00edmicos. Comprueba la calidad de tu agua con facilidad.\" \/>\n<meta name=\"robots\" content=\"index, follow, max-snippet:-1, max-image-preview:large, max-video-preview:-1\" \/>\n<link rel=\"canonical\" href=\"https:\/\/shopvalley.fr\/es\/produit\/comprobador-de-ph-y-cloro-2-en-1\/\" \/>\n<meta property=\"og:locale\" content=\"es_ES\" \/>\n<meta property=\"og:type\" content=\"article\" \/>\n<meta property=\"og:title\" content=\"Comprobador de PH y Cloro 2 en 1 - ShopValley\" \/>\n<meta property=\"og:description\" content=\"Comprobador 2 en 1 de pH y cloro para piscinas y spas. An\u00e1lisis r\u00e1pido, preciso y sin productos qu\u00edmicos. Comprueba la calidad de tu agua con facilidad.\" \/>\n<meta property=\"og:url\" content=\"https:\/\/shopvalley.fr\/es\/produit\/comprobador-de-ph-y-cloro-2-en-1\/\" \/>\n<meta property=\"og:site_name\" content=\"ShopValley\" \/>\n<meta property=\"article:modified_time\" content=\"2025-11-18T19:55:24+00:00\" \/>\n<meta property=\"og:image\" content=\"https:\/\/shopvalley.fr\/wp-content\/uploads\/2025\/07\/main_imageSf0c502be344f4d6290ef31c005923cd0H.jpg\" \/>\n\t<meta property=\"og:image:width\" content=\"1000\" \/>\n\t<meta property=\"og:image:height\" content=\"1000\" \/>\n\t<meta property=\"og:image:type\" content=\"image\/jpeg\" \/>\n<script type=\"application\/ld+json\" class=\"yoast-schema-graph\">{\"@context\":\"https:\\\/\\\/schema.org\",\"@graph\":[{\"@type\":\"WebPage\",\"@id\":\"https:\\\/\\\/shopvalley.fr\\\/es\\\/produit\\\/comprobador-de-ph-y-cloro-2-en-1\\\/\",\"url\":\"https:\\\/\\\/shopvalley.fr\\\/es\\\/produit\\\/comprobador-de-ph-y-cloro-2-en-1\\\/\",\"name\":\"Comprobador de PH y Cloro 2 en 1 - ShopValley\",\"isPartOf\":{\"@id\":\"https:\\\/\\\/shopvalley.fr\\\/es\\\/#website\"},\"primaryImageOfPage\":{\"@id\":\"https:\\\/\\\/shopvalley.fr\\\/es\\\/produit\\\/comprobador-de-ph-y-cloro-2-en-1\\\/#primaryimage\"},\"image\":{\"@id\":\"https:\\\/\\\/shopvalley.fr\\\/es\\\/produit\\\/comprobador-de-ph-y-cloro-2-en-1\\\/#primaryimage\"},\"thumbnailUrl\":\"https:\\\/\\\/shopvalley.fr\\\/wp-content\\\/uploads\\\/2025\\\/07\\\/main_imageSf0c502be344f4d6290ef31c005923cd0H.jpg\",\"datePublished\":\"2025-07-15T19:35:55+00:00\",\"dateModified\":\"2025-11-18T19:55:24+00:00\",\"description\":\"Comprobador 2 en 1 de pH y cloro para piscinas y spas. An\u00e1lisis r\u00e1pido, preciso y sin productos qu\u00edmicos. Comprueba la calidad de tu agua con facilidad.\",\"breadcrumb\":{\"@id\":\"https:\\\/\\\/shopvalley.fr\\\/es\\\/produit\\\/comprobador-de-ph-y-cloro-2-en-1\\\/#breadcrumb\"},\"inLanguage\":\"es\",\"potentialAction\":[{\"@type\":\"ReadAction\",\"target\":[\"https:\\\/\\\/shopvalley.fr\\\/es\\\/produit\\\/comprobador-de-ph-y-cloro-2-en-1\\\/\"]}]},{\"@type\":\"ImageObject\",\"inLanguage\":\"es\",\"@id\":\"https:\\\/\\\/shopvalley.fr\\\/es\\\/produit\\\/comprobador-de-ph-y-cloro-2-en-1\\\/#primaryimage\",\"url\":\"https:\\\/\\\/shopvalley.fr\\\/wp-content\\\/uploads\\\/2025\\\/07\\\/main_imageSf0c502be344f4d6290ef31c005923cd0H.jpg\",\"contentUrl\":\"https:\\\/\\\/shopvalley.fr\\\/wp-content\\\/uploads\\\/2025\\\/07\\\/main_imageSf0c502be344f4d6290ef31c005923cd0H.jpg\",\"width\":1000,\"height\":1000},{\"@type\":\"BreadcrumbList\",\"@id\":\"https:\\\/\\\/shopvalley.fr\\\/es\\\/produit\\\/comprobador-de-ph-y-cloro-2-en-1\\\/#breadcrumb\",\"itemListElement\":[{\"@type\":\"ListItem\",\"position\":1,\"name\":\"Accueil\",\"item\":\"https:\\\/\\\/shopvalley.fr\\\/es\\\/\"},{\"@type\":\"ListItem\",\"position\":2,\"name\":\"Todos los productos\",\"item\":\"https:\\\/\\\/shopvalley.fr\\\/es\\\/todos-los-productos\\\/\"},{\"@type\":\"ListItem\",\"position\":3,\"name\":\"Accessoires\",\"item\":\"https:\\\/\\\/shopvalley.fr\\\/categorie-produit\\\/accessoires\\\/\"},{\"@type\":\"ListItem\",\"position\":4,\"name\":\"Comprobador de PH y Cloro 2 en 1\"}]},{\"@type\":\"WebSite\",\"@id\":\"https:\\\/\\\/shopvalley.fr\\\/es\\\/#website\",\"url\":\"https:\\\/\\\/shopvalley.fr\\\/es\\\/\",\"name\":\"ShopValley\",\"description\":\"\u00a1Productos de moda a precios bajos!\",\"publisher\":{\"@id\":\"https:\\\/\\\/shopvalley.fr\\\/es\\\/#organization\"},\"potentialAction\":[{\"@type\":\"SearchAction\",\"target\":{\"@type\":\"EntryPoint\",\"urlTemplate\":\"https:\\\/\\\/shopvalley.fr\\\/es\\\/?s={search_term_string}\"},\"query-input\":{\"@type\":\"PropertyValueSpecification\",\"valueRequired\":true,\"valueName\":\"search_term_string\"}}],\"inLanguage\":\"es\"},{\"@type\":\"Organization\",\"@id\":\"https:\\\/\\\/shopvalley.fr\\\/es\\\/#organization\",\"name\":\"Shopvalley\",\"url\":\"https:\\\/\\\/shopvalley.fr\\\/es\\\/\",\"logo\":{\"@type\":\"ImageObject\",\"inLanguage\":\"es\",\"@id\":\"https:\\\/\\\/shopvalley.fr\\\/es\\\/#\\\/schema\\\/logo\\\/image\\\/\",\"url\":\"https:\\\/\\\/shopvalley.fr\\\/wp-content\\\/uploads\\\/2023\\\/11\\\/cropped-Copie-de-Logo-ShopValley-500-x-500-px-1.png\",\"contentUrl\":\"https:\\\/\\\/shopvalley.fr\\\/wp-content\\\/uploads\\\/2023\\\/11\\\/cropped-Copie-de-Logo-ShopValley-500-x-500-px-1.png\",\"width\":512,\"height\":512,\"caption\":\"Shopvalley\"},\"image\":{\"@id\":\"https:\\\/\\\/shopvalley.fr\\\/es\\\/#\\\/schema\\\/logo\\\/image\\\/\"}}]}<\/script>\n<!-- \/ Yoast SEO plugin. -->","yoast_head_json":{"title":"Comprobador de PH y Cloro 2 en 1 - ShopValley","description":"Comprobador 2 en 1 de pH y cloro para piscinas y spas. An\u00e1lisis r\u00e1pido, preciso y sin productos qu\u00edmicos. Comprueba la calidad de tu agua con facilidad.","robots":{"index":"index","follow":"follow","max-snippet":"max-snippet:-1","max-image-preview":"max-image-preview:large","max-video-preview":"max-video-preview:-1"},"canonical":"https:\/\/shopvalley.fr\/es\/produit\/comprobador-de-ph-y-cloro-2-en-1\/","og_locale":"es_ES","og_type":"article","og_title":"Comprobador de PH y Cloro 2 en 1 - ShopValley","og_description":"Comprobador 2 en 1 de pH y cloro para piscinas y spas. An\u00e1lisis r\u00e1pido, preciso y sin productos qu\u00edmicos. Comprueba la calidad de tu agua con facilidad.","og_url":"https:\/\/shopvalley.fr\/es\/produit\/comprobador-de-ph-y-cloro-2-en-1\/","og_site_name":"ShopValley","article_modified_time":"2025-11-18T19:55:24+00:00","og_image":[{"width":1000,"height":1000,"url":"https:\/\/shopvalley.fr\/wp-content\/uploads\/2025\/07\/main_imageSf0c502be344f4d6290ef31c005923cd0H.jpg","type":"image\/jpeg"}],"schema":{"@context":"https:\/\/schema.org","@graph":[{"@type":"WebPage","@id":"https:\/\/shopvalley.fr\/es\/produit\/comprobador-de-ph-y-cloro-2-en-1\/","url":"https:\/\/shopvalley.fr\/es\/produit\/comprobador-de-ph-y-cloro-2-en-1\/","name":"Comprobador de PH y Cloro 2 en 1 - ShopValley","isPartOf":{"@id":"https:\/\/shopvalley.fr\/es\/#website"},"primaryImageOfPage":{"@id":"https:\/\/shopvalley.fr\/es\/produit\/comprobador-de-ph-y-cloro-2-en-1\/#primaryimage"},"image":{"@id":"https:\/\/shopvalley.fr\/es\/produit\/comprobador-de-ph-y-cloro-2-en-1\/#primaryimage"},"thumbnailUrl":"https:\/\/shopvalley.fr\/wp-content\/uploads\/2025\/07\/main_imageSf0c502be344f4d6290ef31c005923cd0H.jpg","datePublished":"2025-07-15T19:35:55+00:00","dateModified":"2025-11-18T19:55:24+00:00","description":"Comprobador 2 en 1 de pH y cloro para piscinas y spas. An\u00e1lisis r\u00e1pido, preciso y sin productos qu\u00edmicos. Comprueba la calidad de tu agua con facilidad.","breadcrumb":{"@id":"https:\/\/shopvalley.fr\/es\/produit\/comprobador-de-ph-y-cloro-2-en-1\/#breadcrumb"},"inLanguage":"es","potentialAction":[{"@type":"ReadAction","target":["https:\/\/shopvalley.fr\/es\/produit\/comprobador-de-ph-y-cloro-2-en-1\/"]}]},{"@type":"ImageObject","inLanguage":"es","@id":"https:\/\/shopvalley.fr\/es\/produit\/comprobador-de-ph-y-cloro-2-en-1\/#primaryimage","url":"https:\/\/shopvalley.fr\/wp-content\/uploads\/2025\/07\/main_imageSf0c502be344f4d6290ef31c005923cd0H.jpg","contentUrl":"https:\/\/shopvalley.fr\/wp-content\/uploads\/2025\/07\/main_imageSf0c502be344f4d6290ef31c005923cd0H.jpg","width":1000,"height":1000},{"@type":"BreadcrumbList","@id":"https:\/\/shopvalley.fr\/es\/produit\/comprobador-de-ph-y-cloro-2-en-1\/#breadcrumb","itemListElement":[{"@type":"ListItem","position":1,"name":"Accueil","item":"https:\/\/shopvalley.fr\/es\/"},{"@type":"ListItem","position":2,"name":"Todos los productos","item":"https:\/\/shopvalley.fr\/es\/todos-los-productos\/"},{"@type":"ListItem","position":3,"name":"Accessoires","item":"https:\/\/shopvalley.fr\/categorie-produit\/accessoires\/"},{"@type":"ListItem","position":4,"name":"Comprobador de PH y Cloro 2 en 1"}]},{"@type":"WebSite","@id":"https:\/\/shopvalley.fr\/es\/#website","url":"https:\/\/shopvalley.fr\/es\/","name":"ShopValley","description":"\u00a1Productos de moda a precios bajos!","publisher":{"@id":"https:\/\/shopvalley.fr\/es\/#organization"},"potentialAction":[{"@type":"SearchAction","target":{"@type":"EntryPoint","urlTemplate":"https:\/\/shopvalley.fr\/es\/?s={search_term_string}"},"query-input":{"@type":"PropertyValueSpecification","valueRequired":true,"valueName":"search_term_string"}}],"inLanguage":"es"},{"@type":"Organization","@id":"https:\/\/shopvalley.fr\/es\/#organization","name":"Shopvalley","url":"https:\/\/shopvalley.fr\/es\/","logo":{"@type":"ImageObject","inLanguage":"es","@id":"https:\/\/shopvalley.fr\/es\/#\/schema\/logo\/image\/","url":"https:\/\/shopvalley.fr\/wp-content\/uploads\/2023\/11\/cropped-Copie-de-Logo-ShopValley-500-x-500-px-1.png","contentUrl":"https:\/\/shopvalley.fr\/wp-content\/uploads\/2023\/11\/cropped-Copie-de-Logo-ShopValley-500-x-500-px-1.png","width":512,"height":512,"caption":"Shopvalley"},"image":{"@id":"https:\/\/shopvalley.fr\/es\/#\/schema\/logo\/image\/"}}]}},"jetpack_sharing_enabled":true,"_links":{"self":[{"href":"https:\/\/shopvalley.fr\/es\/wp-json\/wp\/v2\/product\/47166","targetHints":{"allow":["GET"]}}],"collection":[{"href":"https:\/\/shopvalley.fr\/es\/wp-json\/wp\/v2\/product"}],"about":[{"href":"https:\/\/shopvalley.fr\/es\/wp-json\/wp\/v2\/types\/product"}],"replies":[{"embeddable":true,"href":"https:\/\/shopvalley.fr\/es\/wp-json\/wp\/v2\/comments?post=47166"}],"version-history":[{"count":2,"href":"https:\/\/shopvalley.fr\/es\/wp-json\/wp\/v2\/product\/47166\/revisions"}],"predecessor-version":[{"id":51501,"href":"https:\/\/shopvalley.fr\/es\/wp-json\/wp\/v2\/product\/47166\/revisions\/51501"}],"wp:featuredmedia":[{"embeddable":true,"href":"https:\/\/shopvalley.fr\/es\/wp-json\/wp\/v2\/media\/47140"}],"wp:attachment":[{"href":"https:\/\/shopvalley.fr\/es\/wp-json\/wp\/v2\/media?parent=47166"}],"wp:term":[{"taxonomy":"product_brand","embeddable":true,"href":"https:\/\/shopvalley.fr\/es\/wp-json\/wp\/v2\/product_brand?post=47166"},{"taxonomy":"product_cat","embeddable":true,"href":"https:\/\/shopvalley.fr\/es\/wp-json\/wp\/v2\/product_cat?post=47166"},{"taxonomy":"product_tag","embeddable":true,"href":"https:\/\/shopvalley.fr\/es\/wp-json\/wp\/v2\/product_tag?post=47166"}],"curies":[{"name":"wp","href":"https:\/\/api.w.org\/{rel}","templated":true}]}}