{"id":46993,"date":"2025-07-13T16:12:02","date_gmt":"2025-07-13T14:12:02","guid":{"rendered":"https:\/\/shopvalley.fr\/produit\/bascula-electronica-de-equipaje-bascula-de-viaje-portatil\/"},"modified":"2025-11-18T20:56:05","modified_gmt":"2025-11-18T19:56:05","slug":"bascula-electronica-de-equipaje-bascula-de-viaje-portatil","status":"publish","type":"product","link":"https:\/\/shopvalley.fr\/es\/produit\/bascula-electronica-de-equipaje-bascula-de-viaje-portatil\/","title":{"rendered":"B\u00e1scula electr\u00f3nica de equipaje &#8211; B\u00e1scula de viaje port\u00e1til"},"content":{"rendered":"<h3 data-start=\"317\" data-end=\"378\"><span style=\"font-size: 14pt; color: #000000;\">\u2708\ufe0f <strong data-start=\"324\" data-end=\"378\">\u00a1No vuelvas a pagar de m\u00e1s por las tasas de equipaje!<\/strong><\/span><\/h3>\n<p data-start=\"380\" data-end=\"765\"><span style=\"font-size: 14pt; color: #000000;\">Evita sorpresas desagradables en el aeropuerto con nuestra <strong data-start=\"438\" data-end=\"475\">B\u00e1scula electr\u00f3nica de equipaje port\u00e1til<\/strong>. Compacta, precisa y f\u00e1cil de usar, esta B\u00e1scula Electr\u00f3nica de Equipaje se est\u00e1 convirtiendo r\u00e1pidamente en un accesorio esencial para todos los viajeros inteligentes. Se acabaron los recargos y el p\u00e1nico al abrir la maleta en el mostrador de facturaci\u00f3n: puedes controlar el peso de tu equipaje en casa, con total tranquilidad. <\/span><\/p>\n<p data-start=\"380\" data-end=\"765\"><img loading=\"lazy\" decoding=\"async\" class=\"aligncenter wp-image-46989\" src=\"http:\/\/shopvalley.fr\/wp-content\/uploads\/2025\/07\/porteBagage.gif\" alt=\"\" width=\"498\" height=\"280\" \/><\/p>\n<h3 data-start=\"772\" data-end=\"830\"><span style=\"font-size: 14pt; color: #000000;\">\ud83c\udfaf B\u00e1scula electr\u00f3nica de equipaje: <strong data-start=\"779\" data-end=\"830\">Una b\u00e1scula de viaje dise\u00f1ada para tu comodidad<\/strong><\/span><\/h3>\n<p data-start=\"832\" data-end=\"1179\"><span style=\"font-size: 14pt; color: #000000;\">Fabricada en <strong data-start=\"845\" data-end=\"886\">acero inoxidable 304 de alta calidad<\/strong>, esta b\u00e1scula de color plateado tiene un <strong data-start=\"925\" data-end=\"948\">mango ergon\u00f3mico<\/strong> para un agarre excelente. Se mantiene perfectamente erguida a 90\u00b0, lo que facilita la lectura del peso y garantiza un pesaje fiable. Su dise\u00f1o elegante y s\u00f3lido resiste el desgaste, incluso despu\u00e9s de muchos viajes. <\/span><\/p>\n<p data-start=\"832\" data-end=\"1179\"><img loading=\"lazy\" decoding=\"async\" class=\"aligncenter wp-image-46985\" src=\"http:\/\/shopvalley.fr\/wp-content\/uploads\/2025\/07\/61B3BLP2TL._SL1500_.jpg\" alt=\"\" width=\"514\" height=\"514\" srcset=\"https:\/\/shopvalley.fr\/wp-content\/uploads\/2025\/07\/61B3BLP2TL._SL1500_.jpg 1500w, https:\/\/shopvalley.fr\/wp-content\/uploads\/2025\/07\/61B3BLP2TL._SL1500_-300x300.jpg 300w, https:\/\/shopvalley.fr\/wp-content\/uploads\/2025\/07\/61B3BLP2TL._SL1500_-800x800.jpg 800w, https:\/\/shopvalley.fr\/wp-content\/uploads\/2025\/07\/61B3BLP2TL._SL1500_-150x150.jpg 150w, https:\/\/shopvalley.fr\/wp-content\/uploads\/2025\/07\/61B3BLP2TL._SL1500_-768x768.jpg 768w, https:\/\/shopvalley.fr\/wp-content\/uploads\/2025\/07\/61B3BLP2TL._SL1500_-146x146.jpg 146w, https:\/\/shopvalley.fr\/wp-content\/uploads\/2025\/07\/61B3BLP2TL._SL1500_-430x430.jpg 430w, https:\/\/shopvalley.fr\/wp-content\/uploads\/2025\/07\/61B3BLP2TL._SL1500_-700x700.jpg 700w\" sizes=\"auto, (max-width: 514px) 100vw, 514px\" \/><\/p>\n<h3 data-start=\"1186\" data-end=\"1243\"><span style=\"font-size: 14pt; color: #000000;\">\ud83d\udd0b <strong data-start=\"1193\" data-end=\"1243\">Preciso, multifuncional y f\u00e1cil de usar<\/strong><\/span><\/h3>\n<p data-start=\"1245\" data-end=\"1706\"><span style=\"font-size: 14pt; color: #000000;\">Gracias a su <strong data-start=\"1257\" data-end=\"1284\">sensor de alta precisi\u00f3n<\/strong>, esta b\u00e1scula electr\u00f3nica de equipajes puede medir hasta <strong data-start=\"1322\" data-end=\"1340\">50 kg<\/strong> con una lectura estable y r\u00e1pida. Su <strong data-start=\"1380\" data-end=\"1406\">pantalla LCD retroiluminada<\/strong> garantiza una legibilidad perfecta, incluso en la oscuridad. Cambia f\u00e1cilmente las unidades de medida (kg, lb, g, oz) con un solo clic. Tambi\u00e9n dispone de funci\u00f3n de tara, <strong data-start=\"1576\" data-end=\"1609\">indicaci\u00f3n de bater\u00eda baja<\/strong>, <strong data-start=\"1614\" data-end=\"1651\">bloqueo autom\u00e1tico del peso<\/strong> y <strong data-start=\"1658\" data-end=\"1679\">apagado autom\u00e1tico<\/strong> para ahorrar energ\u00eda. <\/span><\/p>\n<p data-start=\"1245\" data-end=\"1706\"><img loading=\"lazy\" decoding=\"async\" class=\"aligncenter wp-image-46980\" src=\"http:\/\/shopvalley.fr\/wp-content\/uploads\/2025\/07\/main_imageS340e64b52079447b91c2edc3ef59abd3l-2-1.jpg\" alt=\"\" width=\"549\" height=\"549\" srcset=\"https:\/\/shopvalley.fr\/wp-content\/uploads\/2025\/07\/main_imageS340e64b52079447b91c2edc3ef59abd3l-2-1.jpg 900w, https:\/\/shopvalley.fr\/wp-content\/uploads\/2025\/07\/main_imageS340e64b52079447b91c2edc3ef59abd3l-2-1-300x300.jpg 300w, https:\/\/shopvalley.fr\/wp-content\/uploads\/2025\/07\/main_imageS340e64b52079447b91c2edc3ef59abd3l-2-1-800x800.jpg 800w, https:\/\/shopvalley.fr\/wp-content\/uploads\/2025\/07\/main_imageS340e64b52079447b91c2edc3ef59abd3l-2-1-150x150.jpg 150w, https:\/\/shopvalley.fr\/wp-content\/uploads\/2025\/07\/main_imageS340e64b52079447b91c2edc3ef59abd3l-2-1-768x768.jpg 768w, https:\/\/shopvalley.fr\/wp-content\/uploads\/2025\/07\/main_imageS340e64b52079447b91c2edc3ef59abd3l-2-1-146x146.jpg 146w, https:\/\/shopvalley.fr\/wp-content\/uploads\/2025\/07\/main_imageS340e64b52079447b91c2edc3ef59abd3l-2-1-430x430.jpg 430w, https:\/\/shopvalley.fr\/wp-content\/uploads\/2025\/07\/main_imageS340e64b52079447b91c2edc3ef59abd3l-2-1-700x700.jpg 700w\" sizes=\"auto, (max-width: 549px) 100vw, 549px\" \/><\/p>\n<h3 data-start=\"1713\" data-end=\"1767\"><span style=\"font-size: 14pt; color: #000000;\">\ud83e\uddf3 B\u00e1scula electr\u00f3nica de equipaje: <strong data-start=\"1720\" data-end=\"1767\">ligera, compacta y siempre a mano<\/strong><\/span><\/h3>\n<p data-start=\"1769\" data-end=\"2081\"><span style=\"font-size: 14pt; color: #000000;\">Con su <strong data-start=\"1777\" data-end=\"1807\">resistente correa de nailon<\/strong>, esta b\u00e1scula electr\u00f3nica de equipaje es f\u00e1cil de sujetar a cualquier tipo de maleta o paquete. Su formato <strong data-start=\"1876\" data-end=\"1894\">ultraport\u00e1til<\/strong> te permite deslizarla en cualquier bolsa de cabina o bolsillo lateral. Tanto si viajas por negocios como por placer, este peque\u00f1o accesorio te seguir\u00e1 a todas partes sin ocupar espacio. <\/span><\/p>\n<p data-start=\"1769\" data-end=\"2081\"><img loading=\"lazy\" decoding=\"async\" class=\"aligncenter wp-image-46988\" src=\"http:\/\/shopvalley.fr\/wp-content\/uploads\/2025\/07\/61z10tdw6iL._SL1500_-2.jpg\" alt=\"\" width=\"608\" height=\"608\" srcset=\"https:\/\/shopvalley.fr\/wp-content\/uploads\/2025\/07\/61z10tdw6iL._SL1500_-2.jpg 1414w, https:\/\/shopvalley.fr\/wp-content\/uploads\/2025\/07\/61z10tdw6iL._SL1500_-2-300x300.jpg 300w, https:\/\/shopvalley.fr\/wp-content\/uploads\/2025\/07\/61z10tdw6iL._SL1500_-2-800x800.jpg 800w, https:\/\/shopvalley.fr\/wp-content\/uploads\/2025\/07\/61z10tdw6iL._SL1500_-2-150x150.jpg 150w, https:\/\/shopvalley.fr\/wp-content\/uploads\/2025\/07\/61z10tdw6iL._SL1500_-2-768x768.jpg 768w, https:\/\/shopvalley.fr\/wp-content\/uploads\/2025\/07\/61z10tdw6iL._SL1500_-2-146x146.jpg 146w, https:\/\/shopvalley.fr\/wp-content\/uploads\/2025\/07\/61z10tdw6iL._SL1500_-2-430x430.jpg 430w, https:\/\/shopvalley.fr\/wp-content\/uploads\/2025\/07\/61z10tdw6iL._SL1500_-2-700x700.jpg 700w\" sizes=\"auto, (max-width: 608px) 100vw, 608px\" \/><\/p>\n<p data-start=\"1769\" data-end=\"2081\"><img loading=\"lazy\" decoding=\"async\" class=\"aligncenter wp-image-46978\" src=\"http:\/\/shopvalley.fr\/wp-content\/uploads\/2025\/07\/main_imageS6b3ce5db46854bbfbab0336bdf6d00408-2.jpg\" alt=\"\" width=\"576\" height=\"576\" srcset=\"https:\/\/shopvalley.fr\/wp-content\/uploads\/2025\/07\/main_imageS6b3ce5db46854bbfbab0336bdf6d00408-2.jpg 900w, https:\/\/shopvalley.fr\/wp-content\/uploads\/2025\/07\/main_imageS6b3ce5db46854bbfbab0336bdf6d00408-2-300x300.jpg 300w, https:\/\/shopvalley.fr\/wp-content\/uploads\/2025\/07\/main_imageS6b3ce5db46854bbfbab0336bdf6d00408-2-800x800.jpg 800w, https:\/\/shopvalley.fr\/wp-content\/uploads\/2025\/07\/main_imageS6b3ce5db46854bbfbab0336bdf6d00408-2-150x150.jpg 150w, https:\/\/shopvalley.fr\/wp-content\/uploads\/2025\/07\/main_imageS6b3ce5db46854bbfbab0336bdf6d00408-2-768x768.jpg 768w, https:\/\/shopvalley.fr\/wp-content\/uploads\/2025\/07\/main_imageS6b3ce5db46854bbfbab0336bdf6d00408-2-146x146.jpg 146w, https:\/\/shopvalley.fr\/wp-content\/uploads\/2025\/07\/main_imageS6b3ce5db46854bbfbab0336bdf6d00408-2-430x430.jpg 430w, https:\/\/shopvalley.fr\/wp-content\/uploads\/2025\/07\/main_imageS6b3ce5db46854bbfbab0336bdf6d00408-2-700x700.jpg 700w\" sizes=\"auto, (max-width: 576px) 100vw, 576px\" \/><\/p>\n<h3 data-start=\"2088\" data-end=\"2147\"><span style=\"font-size: 14pt; color: #000000;\">\ud83d\ude80 <strong data-start=\"2095\" data-end=\"2147\">\u00a1Haz tu pedido ahora y viaja tranquilo!<\/strong><\/span><\/h3>\n<p data-start=\"2149\" data-end=\"2469\"><span style=\"font-size: 14pt; color: #000000;\">No dejes el exceso de equipaje al azar. Invierte en tranquilidad con nuestra <strong data-start=\"2256\" data-end=\"2293\">b\u00e1scula electr\u00f3nica port\u00e1til para equipajes<\/strong>. <strong data-start=\"2295\" data-end=\"2315\">Entrega r\u00e1pida<\/strong> y <strong data-start=\"2319\" data-end=\"2344\">satisfacci\u00f3n garantizada<\/strong> en nuestra tienda online. Haz clic en <strong data-start=\"2386\" data-end=\"2409\">\u00abA\u00f1adir a la cesta\u00bb<\/strong> ahora y \u00a1prepara tu equipaje con confianza! <\/span><\/p>\n","protected":false},"excerpt":{"rendered":"<p data-start=\"2088\" data-end=\"2147\"><span style=\"font-size: 14pt; color: #000000;\">\u00a1Viaja con la cabeza despejada!<\/span><\/p>\n","protected":false},"featured_media":47000,"comment_status":"closed","ping_status":"closed","template":"","meta":[],"product_brand":[1139],"product_cat":[988,1085],"product_tag":[990],"class_list":{"0":"post-46993","1":"product","2":"type-product","3":"status-publish","4":"has-post-thumbnail","6":"product_brand-shopvalley","7":"product_cat-accesorios","8":"product_cat-shopping_es-es","9":"product_tag-noflash-es","11":"first","12":"instock","13":"sale","14":"taxable","15":"shipping-taxable","16":"purchasable","17":"product-type-variable","18":"has-default-attributes"},"yoast_head":"<!-- This site is optimized with the Yoast SEO plugin v27.4 - https:\/\/yoast.com\/product\/yoast-seo-wordpress\/ -->\n<title>B\u00e1scula electr\u00f3nica de equipaje - B\u00e1scula de viaje port\u00e1til - ShopValley<\/title>\n<meta name=\"description\" content=\"\u00a1Evita los cargos por exceso! Nuestra b\u00e1scula electr\u00f3nica port\u00e1til para equipajes es precisa, ligera e ideal para todos tus viajes. \u00a1P\u00eddela ya!\" \/>\n<meta name=\"robots\" content=\"index, follow, max-snippet:-1, max-image-preview:large, max-video-preview:-1\" \/>\n<link rel=\"canonical\" href=\"https:\/\/shopvalley.fr\/es\/produit\/bascula-electronica-de-equipaje-bascula-de-viaje-portatil\/\" \/>\n<meta property=\"og:locale\" content=\"es_ES\" \/>\n<meta property=\"og:type\" content=\"article\" \/>\n<meta property=\"og:title\" content=\"B\u00e1scula electr\u00f3nica de equipaje - B\u00e1scula de viaje port\u00e1til - ShopValley\" \/>\n<meta property=\"og:description\" content=\"\u00a1Evita los cargos por exceso! Nuestra b\u00e1scula electr\u00f3nica port\u00e1til para equipajes es precisa, ligera e ideal para todos tus viajes. \u00a1P\u00eddela ya!\" \/>\n<meta property=\"og:url\" content=\"https:\/\/shopvalley.fr\/es\/produit\/bascula-electronica-de-equipaje-bascula-de-viaje-portatil\/\" \/>\n<meta property=\"og:site_name\" content=\"ShopValley\" \/>\n<meta property=\"article:modified_time\" content=\"2025-11-18T19:56:05+00:00\" \/>\n<meta property=\"og:image\" content=\"http:\/\/shopvalley.fr\/wp-content\/uploads\/2025\/07\/main_imageS689a271b0b784da585a2e0118bb8afa7J.jpg\" \/>\n\t<meta property=\"og:image:width\" content=\"900\" \/>\n\t<meta property=\"og:image:height\" content=\"900\" \/>\n\t<meta property=\"og:image:type\" content=\"image\/jpeg\" \/>\n<script type=\"application\/ld+json\" class=\"yoast-schema-graph\">{\"@context\":\"https:\\\/\\\/schema.org\",\"@graph\":[{\"@type\":\"WebPage\",\"@id\":\"https:\\\/\\\/shopvalley.fr\\\/es\\\/produit\\\/bascula-electronica-de-equipaje-bascula-de-viaje-portatil\\\/\",\"url\":\"https:\\\/\\\/shopvalley.fr\\\/es\\\/produit\\\/bascula-electronica-de-equipaje-bascula-de-viaje-portatil\\\/\",\"name\":\"B\u00e1scula electr\u00f3nica de equipaje - B\u00e1scula de viaje port\u00e1til - ShopValley\",\"isPartOf\":{\"@id\":\"https:\\\/\\\/shopvalley.fr\\\/es\\\/#website\"},\"primaryImageOfPage\":{\"@id\":\"https:\\\/\\\/shopvalley.fr\\\/es\\\/produit\\\/bascula-electronica-de-equipaje-bascula-de-viaje-portatil\\\/#primaryimage\"},\"image\":{\"@id\":\"https:\\\/\\\/shopvalley.fr\\\/es\\\/produit\\\/bascula-electronica-de-equipaje-bascula-de-viaje-portatil\\\/#primaryimage\"},\"thumbnailUrl\":\"https:\\\/\\\/shopvalley.fr\\\/wp-content\\\/uploads\\\/2025\\\/07\\\/main_imageS689a271b0b784da585a2e0118bb8afa7J.jpg\",\"datePublished\":\"2025-07-13T14:12:02+00:00\",\"dateModified\":\"2025-11-18T19:56:05+00:00\",\"description\":\"\u00a1Evita los cargos por exceso! Nuestra b\u00e1scula electr\u00f3nica port\u00e1til para equipajes es precisa, ligera e ideal para todos tus viajes. \u00a1P\u00eddela ya!\",\"breadcrumb\":{\"@id\":\"https:\\\/\\\/shopvalley.fr\\\/es\\\/produit\\\/bascula-electronica-de-equipaje-bascula-de-viaje-portatil\\\/#breadcrumb\"},\"inLanguage\":\"es\",\"potentialAction\":[{\"@type\":\"ReadAction\",\"target\":[\"https:\\\/\\\/shopvalley.fr\\\/es\\\/produit\\\/bascula-electronica-de-equipaje-bascula-de-viaje-portatil\\\/\"]}]},{\"@type\":\"ImageObject\",\"inLanguage\":\"es\",\"@id\":\"https:\\\/\\\/shopvalley.fr\\\/es\\\/produit\\\/bascula-electronica-de-equipaje-bascula-de-viaje-portatil\\\/#primaryimage\",\"url\":\"https:\\\/\\\/shopvalley.fr\\\/wp-content\\\/uploads\\\/2025\\\/07\\\/main_imageS689a271b0b784da585a2e0118bb8afa7J.jpg\",\"contentUrl\":\"https:\\\/\\\/shopvalley.fr\\\/wp-content\\\/uploads\\\/2025\\\/07\\\/main_imageS689a271b0b784da585a2e0118bb8afa7J.jpg\",\"width\":900,\"height\":900},{\"@type\":\"BreadcrumbList\",\"@id\":\"https:\\\/\\\/shopvalley.fr\\\/es\\\/produit\\\/bascula-electronica-de-equipaje-bascula-de-viaje-portatil\\\/#breadcrumb\",\"itemListElement\":[{\"@type\":\"ListItem\",\"position\":1,\"name\":\"Accueil\",\"item\":\"https:\\\/\\\/shopvalley.fr\\\/es\\\/\"},{\"@type\":\"ListItem\",\"position\":2,\"name\":\"Todos los productos\",\"item\":\"https:\\\/\\\/shopvalley.fr\\\/es\\\/todos-los-productos\\\/\"},{\"@type\":\"ListItem\",\"position\":3,\"name\":\"Accessoires\",\"item\":\"https:\\\/\\\/shopvalley.fr\\\/categorie-produit\\\/accessoires\\\/\"},{\"@type\":\"ListItem\",\"position\":4,\"name\":\"B\u00e1scula electr\u00f3nica de equipaje &#8211; B\u00e1scula de viaje port\u00e1til\"}]},{\"@type\":\"WebSite\",\"@id\":\"https:\\\/\\\/shopvalley.fr\\\/es\\\/#website\",\"url\":\"https:\\\/\\\/shopvalley.fr\\\/es\\\/\",\"name\":\"ShopValley\",\"description\":\"\u00a1Productos de moda a precios bajos!\",\"publisher\":{\"@id\":\"https:\\\/\\\/shopvalley.fr\\\/es\\\/#organization\"},\"potentialAction\":[{\"@type\":\"SearchAction\",\"target\":{\"@type\":\"EntryPoint\",\"urlTemplate\":\"https:\\\/\\\/shopvalley.fr\\\/es\\\/?s={search_term_string}\"},\"query-input\":{\"@type\":\"PropertyValueSpecification\",\"valueRequired\":true,\"valueName\":\"search_term_string\"}}],\"inLanguage\":\"es\"},{\"@type\":\"Organization\",\"@id\":\"https:\\\/\\\/shopvalley.fr\\\/es\\\/#organization\",\"name\":\"Shopvalley\",\"url\":\"https:\\\/\\\/shopvalley.fr\\\/es\\\/\",\"logo\":{\"@type\":\"ImageObject\",\"inLanguage\":\"es\",\"@id\":\"https:\\\/\\\/shopvalley.fr\\\/es\\\/#\\\/schema\\\/logo\\\/image\\\/\",\"url\":\"https:\\\/\\\/shopvalley.fr\\\/wp-content\\\/uploads\\\/2023\\\/11\\\/cropped-Copie-de-Logo-ShopValley-500-x-500-px-1.png\",\"contentUrl\":\"https:\\\/\\\/shopvalley.fr\\\/wp-content\\\/uploads\\\/2023\\\/11\\\/cropped-Copie-de-Logo-ShopValley-500-x-500-px-1.png\",\"width\":512,\"height\":512,\"caption\":\"Shopvalley\"},\"image\":{\"@id\":\"https:\\\/\\\/shopvalley.fr\\\/es\\\/#\\\/schema\\\/logo\\\/image\\\/\"}}]}<\/script>\n<!-- \/ Yoast SEO plugin. -->","yoast_head_json":{"title":"B\u00e1scula electr\u00f3nica de equipaje - B\u00e1scula de viaje port\u00e1til - ShopValley","description":"\u00a1Evita los cargos por exceso! Nuestra b\u00e1scula electr\u00f3nica port\u00e1til para equipajes es precisa, ligera e ideal para todos tus viajes. \u00a1P\u00eddela ya!","robots":{"index":"index","follow":"follow","max-snippet":"max-snippet:-1","max-image-preview":"max-image-preview:large","max-video-preview":"max-video-preview:-1"},"canonical":"https:\/\/shopvalley.fr\/es\/produit\/bascula-electronica-de-equipaje-bascula-de-viaje-portatil\/","og_locale":"es_ES","og_type":"article","og_title":"B\u00e1scula electr\u00f3nica de equipaje - B\u00e1scula de viaje port\u00e1til - ShopValley","og_description":"\u00a1Evita los cargos por exceso! Nuestra b\u00e1scula electr\u00f3nica port\u00e1til para equipajes es precisa, ligera e ideal para todos tus viajes. \u00a1P\u00eddela ya!","og_url":"https:\/\/shopvalley.fr\/es\/produit\/bascula-electronica-de-equipaje-bascula-de-viaje-portatil\/","og_site_name":"ShopValley","article_modified_time":"2025-11-18T19:56:05+00:00","og_image":[{"width":900,"height":900,"url":"http:\/\/shopvalley.fr\/wp-content\/uploads\/2025\/07\/main_imageS689a271b0b784da585a2e0118bb8afa7J.jpg","type":"image\/jpeg"}],"schema":{"@context":"https:\/\/schema.org","@graph":[{"@type":"WebPage","@id":"https:\/\/shopvalley.fr\/es\/produit\/bascula-electronica-de-equipaje-bascula-de-viaje-portatil\/","url":"https:\/\/shopvalley.fr\/es\/produit\/bascula-electronica-de-equipaje-bascula-de-viaje-portatil\/","name":"B\u00e1scula electr\u00f3nica de equipaje - B\u00e1scula de viaje port\u00e1til - ShopValley","isPartOf":{"@id":"https:\/\/shopvalley.fr\/es\/#website"},"primaryImageOfPage":{"@id":"https:\/\/shopvalley.fr\/es\/produit\/bascula-electronica-de-equipaje-bascula-de-viaje-portatil\/#primaryimage"},"image":{"@id":"https:\/\/shopvalley.fr\/es\/produit\/bascula-electronica-de-equipaje-bascula-de-viaje-portatil\/#primaryimage"},"thumbnailUrl":"https:\/\/shopvalley.fr\/wp-content\/uploads\/2025\/07\/main_imageS689a271b0b784da585a2e0118bb8afa7J.jpg","datePublished":"2025-07-13T14:12:02+00:00","dateModified":"2025-11-18T19:56:05+00:00","description":"\u00a1Evita los cargos por exceso! Nuestra b\u00e1scula electr\u00f3nica port\u00e1til para equipajes es precisa, ligera e ideal para todos tus viajes. \u00a1P\u00eddela ya!","breadcrumb":{"@id":"https:\/\/shopvalley.fr\/es\/produit\/bascula-electronica-de-equipaje-bascula-de-viaje-portatil\/#breadcrumb"},"inLanguage":"es","potentialAction":[{"@type":"ReadAction","target":["https:\/\/shopvalley.fr\/es\/produit\/bascula-electronica-de-equipaje-bascula-de-viaje-portatil\/"]}]},{"@type":"ImageObject","inLanguage":"es","@id":"https:\/\/shopvalley.fr\/es\/produit\/bascula-electronica-de-equipaje-bascula-de-viaje-portatil\/#primaryimage","url":"https:\/\/shopvalley.fr\/wp-content\/uploads\/2025\/07\/main_imageS689a271b0b784da585a2e0118bb8afa7J.jpg","contentUrl":"https:\/\/shopvalley.fr\/wp-content\/uploads\/2025\/07\/main_imageS689a271b0b784da585a2e0118bb8afa7J.jpg","width":900,"height":900},{"@type":"BreadcrumbList","@id":"https:\/\/shopvalley.fr\/es\/produit\/bascula-electronica-de-equipaje-bascula-de-viaje-portatil\/#breadcrumb","itemListElement":[{"@type":"ListItem","position":1,"name":"Accueil","item":"https:\/\/shopvalley.fr\/es\/"},{"@type":"ListItem","position":2,"name":"Todos los productos","item":"https:\/\/shopvalley.fr\/es\/todos-los-productos\/"},{"@type":"ListItem","position":3,"name":"Accessoires","item":"https:\/\/shopvalley.fr\/categorie-produit\/accessoires\/"},{"@type":"ListItem","position":4,"name":"B\u00e1scula electr\u00f3nica de equipaje &#8211; B\u00e1scula de viaje port\u00e1til"}]},{"@type":"WebSite","@id":"https:\/\/shopvalley.fr\/es\/#website","url":"https:\/\/shopvalley.fr\/es\/","name":"ShopValley","description":"\u00a1Productos de moda a precios bajos!","publisher":{"@id":"https:\/\/shopvalley.fr\/es\/#organization"},"potentialAction":[{"@type":"SearchAction","target":{"@type":"EntryPoint","urlTemplate":"https:\/\/shopvalley.fr\/es\/?s={search_term_string}"},"query-input":{"@type":"PropertyValueSpecification","valueRequired":true,"valueName":"search_term_string"}}],"inLanguage":"es"},{"@type":"Organization","@id":"https:\/\/shopvalley.fr\/es\/#organization","name":"Shopvalley","url":"https:\/\/shopvalley.fr\/es\/","logo":{"@type":"ImageObject","inLanguage":"es","@id":"https:\/\/shopvalley.fr\/es\/#\/schema\/logo\/image\/","url":"https:\/\/shopvalley.fr\/wp-content\/uploads\/2023\/11\/cropped-Copie-de-Logo-ShopValley-500-x-500-px-1.png","contentUrl":"https:\/\/shopvalley.fr\/wp-content\/uploads\/2023\/11\/cropped-Copie-de-Logo-ShopValley-500-x-500-px-1.png","width":512,"height":512,"caption":"Shopvalley"},"image":{"@id":"https:\/\/shopvalley.fr\/es\/#\/schema\/logo\/image\/"}}]}},"jetpack_sharing_enabled":true,"_links":{"self":[{"href":"https:\/\/shopvalley.fr\/es\/wp-json\/wp\/v2\/product\/46993","targetHints":{"allow":["GET"]}}],"collection":[{"href":"https:\/\/shopvalley.fr\/es\/wp-json\/wp\/v2\/product"}],"about":[{"href":"https:\/\/shopvalley.fr\/es\/wp-json\/wp\/v2\/types\/product"}],"replies":[{"embeddable":true,"href":"https:\/\/shopvalley.fr\/es\/wp-json\/wp\/v2\/comments?post=46993"}],"version-history":[{"count":2,"href":"https:\/\/shopvalley.fr\/es\/wp-json\/wp\/v2\/product\/46993\/revisions"}],"predecessor-version":[{"id":51503,"href":"https:\/\/shopvalley.fr\/es\/wp-json\/wp\/v2\/product\/46993\/revisions\/51503"}],"wp:featuredmedia":[{"embeddable":true,"href":"https:\/\/shopvalley.fr\/es\/wp-json\/wp\/v2\/media\/47000"}],"wp:attachment":[{"href":"https:\/\/shopvalley.fr\/es\/wp-json\/wp\/v2\/media?parent=46993"}],"wp:term":[{"taxonomy":"product_brand","embeddable":true,"href":"https:\/\/shopvalley.fr\/es\/wp-json\/wp\/v2\/product_brand?post=46993"},{"taxonomy":"product_cat","embeddable":true,"href":"https:\/\/shopvalley.fr\/es\/wp-json\/wp\/v2\/product_cat?post=46993"},{"taxonomy":"product_tag","embeddable":true,"href":"https:\/\/shopvalley.fr\/es\/wp-json\/wp\/v2\/product_tag?post=46993"}],"curies":[{"name":"wp","href":"https:\/\/api.w.org\/{rel}","templated":true}]}}