{"id":46789,"date":"2025-07-12T19:31:28","date_gmt":"2025-07-12T17:31:28","guid":{"rendered":"https:\/\/shopvalley.fr\/produit\/bolsa-impermeable-para-platanos-de-gran-capacidad\/"},"modified":"2025-11-17T20:55:51","modified_gmt":"2025-11-17T19:55:51","slug":"bolsa-impermeable-para-platanos-de-gran-capacidad","status":"publish","type":"product","link":"https:\/\/shopvalley.fr\/es\/produit\/bolsa-impermeable-para-platanos-de-gran-capacidad\/","title":{"rendered":"Bolsa impermeable para pl\u00e1tanos de gran capacidad"},"content":{"rendered":"<h3 data-start=\"233\" data-end=\"309\"><span style=\"font-size: 14pt; color: #000000;\"><strong data-start=\"233\" data-end=\"309\">\ud83c\udfaf Ri\u00f1onera impermeable: \u00a1Convi\u00e9rtete en el centro de todas las miradas con esta ri\u00f1onera impermeable de gran capacidad!<\/strong><\/span><\/h3>\n<p data-start=\"311\" data-end=\"774\"><span style=\"font-size: 14pt; color: #000000;\">\u00bfBuscas un accesorio pr\u00e1ctico, elegante y resistente para todas tus actividades al aire libre? <strong>La Mochila Impermeable de gran capacidad<\/strong> es exactamente lo que necesitas. Tanto si vas de excursi\u00f3n, de viaje, en bicicleta o simplemente de paseo por la ciudad, esta mochila se convertir\u00e1 r\u00e1pidamente en tu compa\u00f1era imprescindible. Con su dise\u00f1o moderno y ergon\u00f3mico, es una mezcla perfecta de funcionalidad y est\u00e9tica. No elijas entre estilo y practicidad: \u00a1opta por ambos! <\/span><\/p>\n<p data-start=\"311\" data-end=\"774\"><img loading=\"lazy\" decoding=\"async\" class=\"aligncenter size-full wp-image-46786\" src=\"http:\/\/shopvalley.fr\/wp-content\/uploads\/2025\/07\/5000125112931-ezgif.com-optimize-1.gif\" alt=\"\" width=\"320\" height=\"320\" \/><\/p>\n<h3 data-start=\"781\" data-end=\"855\"><span style=\"font-size: 14pt; color: #000000;\"><strong data-start=\"781\" data-end=\"855\">\ud83d\udd0d Comodidad y confort cotidianos, dise\u00f1ados pensando en ti<\/strong><\/span><\/h3>\n<p data-start=\"857\" data-end=\"1397\"><span style=\"font-size: 14pt; color: #000000;\">Gracias a su <strong data-start=\"868\" data-end=\"887\">gran capacidad<\/strong> (31 cm de alto, 17 cm de ancho y 6 cm de grosor), esta ri\u00f1onera te permite llevar f\u00e1cilmente todos tus objetos esenciales: smartphone, cartera, llaves, gafas, cargador, pasaporte y mucho m\u00e1s. Fabricada con tejido <strong data-start=\"1121\" data-end=\"1131\">Oxford<\/strong> de alta calidad, ofrece <strong data-start=\"1163\" data-end=\"1196\">una excelente resistencia al agua<\/strong> y protege tus pertenencias incluso en caso de lluvia o salpicaduras. Su <strong data-start=\"1265\" data-end=\"1284\">correa ajustable<\/strong> se adapta a todas las formas del cuerpo, por lo que puedes llevarla c\u00f3modamente sobre el hombro, alrededor de la cintura o cruzada sobre el torso. <\/span><\/p>\n<p data-start=\"857\" data-end=\"1397\"><img loading=\"lazy\" decoding=\"async\" class=\"aligncenter wp-image-46764\" src=\"http:\/\/shopvalley.fr\/wp-content\/uploads\/2025\/07\/6d7bf41fc9644c0babb95d3af3cbee3c-goods.webp\" alt=\"Ri\u00f1onera impermeable\" width=\"472\" height=\"472\" srcset=\"https:\/\/shopvalley.fr\/wp-content\/uploads\/2025\/07\/6d7bf41fc9644c0babb95d3af3cbee3c-goods.webp 800w, https:\/\/shopvalley.fr\/wp-content\/uploads\/2025\/07\/6d7bf41fc9644c0babb95d3af3cbee3c-goods-300x300.webp 300w, https:\/\/shopvalley.fr\/wp-content\/uploads\/2025\/07\/6d7bf41fc9644c0babb95d3af3cbee3c-goods-150x150.webp 150w, https:\/\/shopvalley.fr\/wp-content\/uploads\/2025\/07\/6d7bf41fc9644c0babb95d3af3cbee3c-goods-768x768.webp 768w, https:\/\/shopvalley.fr\/wp-content\/uploads\/2025\/07\/6d7bf41fc9644c0babb95d3af3cbee3c-goods-146x146.webp 146w, https:\/\/shopvalley.fr\/wp-content\/uploads\/2025\/07\/6d7bf41fc9644c0babb95d3af3cbee3c-goods-430x430.webp 430w, https:\/\/shopvalley.fr\/wp-content\/uploads\/2025\/07\/6d7bf41fc9644c0babb95d3af3cbee3c-goods-700x700.webp 700w\" sizes=\"auto, (max-width: 472px) 100vw, 472px\" \/><\/p>\n<h3 data-start=\"1404\" data-end=\"1464\"><span style=\"font-size: 14pt; color: #000000;\"><strong data-start=\"1404\" data-end=\"1464\">\ud83d\udeb4\u200d\u2642\ufe0f Ri\u00f1onera impermeable: ideal para aventureros urbanos y entusiastas del deporte<\/strong><\/span><\/h3>\n<p data-start=\"1466\" data-end=\"1927\"><span style=\"font-size: 14pt; color: #000000;\">Tanto si eres <strong data-start=\"1484\" data-end=\"1506\">un ciclista entusiasta<\/strong>, un <strong data-start=\"1511\" data-end=\"1533\">excursionista experimentado<\/strong> o un <strong data-start=\"1540\" data-end=\"1557\">trotamundos<\/strong>, esta ri\u00f1onera impermeable est\u00e1 hecha para ti. Ligera (s\u00f3lo <strong data-start=\"1610\" data-end=\"1621\">0,28 kg<\/strong>) pero ultrarresistente, te acompa\u00f1a a todas partes sin agobiarte. Sus materiales duraderos y su dise\u00f1o inteligente te garantizan un uso duradero, incluso en las condiciones m\u00e1s exigentes. Es el accesorio ideal para tener tus pertenencias a mano mientras mantienes las manos libres. <\/span><\/p>\n<p data-start=\"1466\" data-end=\"1927\"><img loading=\"lazy\" decoding=\"async\" class=\"aligncenter wp-image-46776\" src=\"http:\/\/shopvalley.fr\/wp-content\/uploads\/2025\/07\/88da0c12cea84037ae43105d7776eaf0-goods.webp\" alt=\"\" width=\"507\" height=\"507\" srcset=\"https:\/\/shopvalley.fr\/wp-content\/uploads\/2025\/07\/88da0c12cea84037ae43105d7776eaf0-goods.webp 800w, https:\/\/shopvalley.fr\/wp-content\/uploads\/2025\/07\/88da0c12cea84037ae43105d7776eaf0-goods-300x300.webp 300w, https:\/\/shopvalley.fr\/wp-content\/uploads\/2025\/07\/88da0c12cea84037ae43105d7776eaf0-goods-150x150.webp 150w, https:\/\/shopvalley.fr\/wp-content\/uploads\/2025\/07\/88da0c12cea84037ae43105d7776eaf0-goods-768x768.webp 768w, https:\/\/shopvalley.fr\/wp-content\/uploads\/2025\/07\/88da0c12cea84037ae43105d7776eaf0-goods-146x146.webp 146w, https:\/\/shopvalley.fr\/wp-content\/uploads\/2025\/07\/88da0c12cea84037ae43105d7776eaf0-goods-430x430.webp 430w, https:\/\/shopvalley.fr\/wp-content\/uploads\/2025\/07\/88da0c12cea84037ae43105d7776eaf0-goods-700x700.webp 700w\" sizes=\"auto, (max-width: 507px) 100vw, 507px\" \/><\/p>\n<h3 data-start=\"1934\" data-end=\"1993\"><span style=\"font-size: 14pt; color: #000000;\"><strong data-start=\"1934\" data-end=\"1993\">\ud83d\uded2 No esperes m\u00e1s, \u00a1act\u00faa ya!<\/strong><\/span><\/h3>\n<p data-start=\"1995\" data-end=\"2403\"><span style=\"font-size: 14pt; color: #000000;\">Esta <strong data-start=\"1998\" data-end=\"2036\">ri\u00f1onera impermeable de gran capacidad<\/strong> es un gran \u00e9xito entre los entusiastas de las actividades al aire libre. No pierdas la oportunidad de equiparte con un producto que te hace la vida m\u00e1s f\u00e1cil y se adapta a todas tus necesidades. Ya est\u00e1 disponible en nuestra tienda online, \u00a1te est\u00e1 esperando! <strong data-start=\"2299\" data-end=\"2327\">P\u00eddela hoy<\/strong> y benef\u00edciate de una entrega y un servicio de atenci\u00f3n al cliente r\u00e1pidos. <\/span><\/p>\n<p data-start=\"1995\" data-end=\"2403\"><img loading=\"lazy\" decoding=\"async\" class=\"aligncenter wp-image-46774\" src=\"http:\/\/shopvalley.fr\/wp-content\/uploads\/2025\/07\/50b2e74ae0d6479892ba300f902f9708-goods.webp\" alt=\"Ri\u00f1onera impermeable\" width=\"531\" height=\"531\" srcset=\"https:\/\/shopvalley.fr\/wp-content\/uploads\/2025\/07\/50b2e74ae0d6479892ba300f902f9708-goods.webp 800w, https:\/\/shopvalley.fr\/wp-content\/uploads\/2025\/07\/50b2e74ae0d6479892ba300f902f9708-goods-300x300.webp 300w, https:\/\/shopvalley.fr\/wp-content\/uploads\/2025\/07\/50b2e74ae0d6479892ba300f902f9708-goods-150x150.webp 150w, https:\/\/shopvalley.fr\/wp-content\/uploads\/2025\/07\/50b2e74ae0d6479892ba300f902f9708-goods-768x768.webp 768w, https:\/\/shopvalley.fr\/wp-content\/uploads\/2025\/07\/50b2e74ae0d6479892ba300f902f9708-goods-146x146.webp 146w, https:\/\/shopvalley.fr\/wp-content\/uploads\/2025\/07\/50b2e74ae0d6479892ba300f902f9708-goods-430x430.webp 430w, https:\/\/shopvalley.fr\/wp-content\/uploads\/2025\/07\/50b2e74ae0d6479892ba300f902f9708-goods-700x700.webp 700w\" sizes=\"auto, (max-width: 531px) 100vw, 531px\" \/><\/p>\n","protected":false},"excerpt":{"rendered":"<p data-start=\"1404\" data-end=\"1464\"><span style=\"font-size: 14pt; color: #000000;\">Para aventureros urbanos y entusiastas del deporte<\/span><\/p>\n","protected":false},"featured_media":46746,"comment_status":"closed","ping_status":"closed","template":"","meta":[],"product_brand":[1139],"product_cat":[988,1085],"product_tag":[990],"class_list":{"0":"post-46789","1":"product","2":"type-product","3":"status-publish","4":"has-post-thumbnail","6":"product_brand-shopvalley","7":"product_cat-accesorios","8":"product_cat-shopping_es-es","9":"product_tag-noflash-es","11":"first","12":"instock","13":"sale","14":"taxable","15":"shipping-taxable","16":"purchasable","17":"product-type-variable","18":"has-default-attributes"},"yoast_head":"<!-- This site is optimized with the Yoast SEO plugin v27.4 - https:\/\/yoast.com\/product\/yoast-seo-wordpress\/ -->\n<title>Bolsa impermeable para pl\u00e1tanos de gran capacidad - ShopValley<\/title>\n<meta name=\"description\" content=\"Ri\u00f1onera impermeable de gran capacidad para hombre. Ideal para viajes, deporte, senderismo o ciclismo. Ligera, duradera, c\u00f3moda e impermeable.\" \/>\n<meta name=\"robots\" content=\"index, follow, max-snippet:-1, max-image-preview:large, max-video-preview:-1\" \/>\n<link rel=\"canonical\" href=\"https:\/\/shopvalley.fr\/es\/produit\/bolsa-impermeable-para-platanos-de-gran-capacidad\/\" \/>\n<meta property=\"og:locale\" content=\"es_ES\" \/>\n<meta property=\"og:type\" content=\"article\" \/>\n<meta property=\"og:title\" content=\"Bolsa impermeable para pl\u00e1tanos de gran capacidad - ShopValley\" \/>\n<meta property=\"og:description\" content=\"Ri\u00f1onera impermeable de gran capacidad para hombre. Ideal para viajes, deporte, senderismo o ciclismo. Ligera, duradera, c\u00f3moda e impermeable.\" \/>\n<meta property=\"og:url\" content=\"https:\/\/shopvalley.fr\/es\/produit\/bolsa-impermeable-para-platanos-de-gran-capacidad\/\" \/>\n<meta property=\"og:site_name\" content=\"ShopValley\" \/>\n<meta property=\"article:modified_time\" content=\"2025-11-17T19:55:51+00:00\" \/>\n<meta property=\"og:image\" content=\"http:\/\/shopvalley.fr\/wp-content\/uploads\/2025\/07\/ebe9bae4-84a3-4910-bea0-77ccd6c7263c.jpg\" \/>\n\t<meta property=\"og:image:width\" content=\"750\" \/>\n\t<meta property=\"og:image:height\" content=\"750\" \/>\n\t<meta property=\"og:image:type\" content=\"image\/jpeg\" \/>\n<script type=\"application\/ld+json\" class=\"yoast-schema-graph\">{\"@context\":\"https:\\\/\\\/schema.org\",\"@graph\":[{\"@type\":\"WebPage\",\"@id\":\"https:\\\/\\\/shopvalley.fr\\\/es\\\/produit\\\/bolsa-impermeable-para-platanos-de-gran-capacidad\\\/\",\"url\":\"https:\\\/\\\/shopvalley.fr\\\/es\\\/produit\\\/bolsa-impermeable-para-platanos-de-gran-capacidad\\\/\",\"name\":\"Bolsa impermeable para pl\u00e1tanos de gran capacidad - ShopValley\",\"isPartOf\":{\"@id\":\"https:\\\/\\\/shopvalley.fr\\\/es\\\/#website\"},\"primaryImageOfPage\":{\"@id\":\"https:\\\/\\\/shopvalley.fr\\\/es\\\/produit\\\/bolsa-impermeable-para-platanos-de-gran-capacidad\\\/#primaryimage\"},\"image\":{\"@id\":\"https:\\\/\\\/shopvalley.fr\\\/es\\\/produit\\\/bolsa-impermeable-para-platanos-de-gran-capacidad\\\/#primaryimage\"},\"thumbnailUrl\":\"https:\\\/\\\/shopvalley.fr\\\/wp-content\\\/uploads\\\/2025\\\/07\\\/ebe9bae4-84a3-4910-bea0-77ccd6c7263c.jpg\",\"datePublished\":\"2025-07-12T17:31:28+00:00\",\"dateModified\":\"2025-11-17T19:55:51+00:00\",\"description\":\"Ri\u00f1onera impermeable de gran capacidad para hombre. Ideal para viajes, deporte, senderismo o ciclismo. Ligera, duradera, c\u00f3moda e impermeable.\",\"breadcrumb\":{\"@id\":\"https:\\\/\\\/shopvalley.fr\\\/es\\\/produit\\\/bolsa-impermeable-para-platanos-de-gran-capacidad\\\/#breadcrumb\"},\"inLanguage\":\"es\",\"potentialAction\":[{\"@type\":\"ReadAction\",\"target\":[\"https:\\\/\\\/shopvalley.fr\\\/es\\\/produit\\\/bolsa-impermeable-para-platanos-de-gran-capacidad\\\/\"]}]},{\"@type\":\"ImageObject\",\"inLanguage\":\"es\",\"@id\":\"https:\\\/\\\/shopvalley.fr\\\/es\\\/produit\\\/bolsa-impermeable-para-platanos-de-gran-capacidad\\\/#primaryimage\",\"url\":\"https:\\\/\\\/shopvalley.fr\\\/wp-content\\\/uploads\\\/2025\\\/07\\\/ebe9bae4-84a3-4910-bea0-77ccd6c7263c.jpg\",\"contentUrl\":\"https:\\\/\\\/shopvalley.fr\\\/wp-content\\\/uploads\\\/2025\\\/07\\\/ebe9bae4-84a3-4910-bea0-77ccd6c7263c.jpg\",\"width\":750,\"height\":750},{\"@type\":\"BreadcrumbList\",\"@id\":\"https:\\\/\\\/shopvalley.fr\\\/es\\\/produit\\\/bolsa-impermeable-para-platanos-de-gran-capacidad\\\/#breadcrumb\",\"itemListElement\":[{\"@type\":\"ListItem\",\"position\":1,\"name\":\"Accueil\",\"item\":\"https:\\\/\\\/shopvalley.fr\\\/es\\\/\"},{\"@type\":\"ListItem\",\"position\":2,\"name\":\"Todos los productos\",\"item\":\"https:\\\/\\\/shopvalley.fr\\\/es\\\/todos-los-productos\\\/\"},{\"@type\":\"ListItem\",\"position\":3,\"name\":\"Accessoires\",\"item\":\"https:\\\/\\\/shopvalley.fr\\\/categorie-produit\\\/accessoires\\\/\"},{\"@type\":\"ListItem\",\"position\":4,\"name\":\"Bolsa impermeable para pl\u00e1tanos de gran capacidad\"}]},{\"@type\":\"WebSite\",\"@id\":\"https:\\\/\\\/shopvalley.fr\\\/es\\\/#website\",\"url\":\"https:\\\/\\\/shopvalley.fr\\\/es\\\/\",\"name\":\"ShopValley\",\"description\":\"\u00a1Productos de moda a precios bajos!\",\"publisher\":{\"@id\":\"https:\\\/\\\/shopvalley.fr\\\/es\\\/#organization\"},\"potentialAction\":[{\"@type\":\"SearchAction\",\"target\":{\"@type\":\"EntryPoint\",\"urlTemplate\":\"https:\\\/\\\/shopvalley.fr\\\/es\\\/?s={search_term_string}\"},\"query-input\":{\"@type\":\"PropertyValueSpecification\",\"valueRequired\":true,\"valueName\":\"search_term_string\"}}],\"inLanguage\":\"es\"},{\"@type\":\"Organization\",\"@id\":\"https:\\\/\\\/shopvalley.fr\\\/es\\\/#organization\",\"name\":\"Shopvalley\",\"url\":\"https:\\\/\\\/shopvalley.fr\\\/es\\\/\",\"logo\":{\"@type\":\"ImageObject\",\"inLanguage\":\"es\",\"@id\":\"https:\\\/\\\/shopvalley.fr\\\/es\\\/#\\\/schema\\\/logo\\\/image\\\/\",\"url\":\"https:\\\/\\\/shopvalley.fr\\\/wp-content\\\/uploads\\\/2023\\\/11\\\/cropped-Copie-de-Logo-ShopValley-500-x-500-px-1.png\",\"contentUrl\":\"https:\\\/\\\/shopvalley.fr\\\/wp-content\\\/uploads\\\/2023\\\/11\\\/cropped-Copie-de-Logo-ShopValley-500-x-500-px-1.png\",\"width\":512,\"height\":512,\"caption\":\"Shopvalley\"},\"image\":{\"@id\":\"https:\\\/\\\/shopvalley.fr\\\/es\\\/#\\\/schema\\\/logo\\\/image\\\/\"}}]}<\/script>\n<!-- \/ Yoast SEO plugin. -->","yoast_head_json":{"title":"Bolsa impermeable para pl\u00e1tanos de gran capacidad - ShopValley","description":"Ri\u00f1onera impermeable de gran capacidad para hombre. Ideal para viajes, deporte, senderismo o ciclismo. Ligera, duradera, c\u00f3moda e impermeable.","robots":{"index":"index","follow":"follow","max-snippet":"max-snippet:-1","max-image-preview":"max-image-preview:large","max-video-preview":"max-video-preview:-1"},"canonical":"https:\/\/shopvalley.fr\/es\/produit\/bolsa-impermeable-para-platanos-de-gran-capacidad\/","og_locale":"es_ES","og_type":"article","og_title":"Bolsa impermeable para pl\u00e1tanos de gran capacidad - ShopValley","og_description":"Ri\u00f1onera impermeable de gran capacidad para hombre. Ideal para viajes, deporte, senderismo o ciclismo. Ligera, duradera, c\u00f3moda e impermeable.","og_url":"https:\/\/shopvalley.fr\/es\/produit\/bolsa-impermeable-para-platanos-de-gran-capacidad\/","og_site_name":"ShopValley","article_modified_time":"2025-11-17T19:55:51+00:00","og_image":[{"width":750,"height":750,"url":"http:\/\/shopvalley.fr\/wp-content\/uploads\/2025\/07\/ebe9bae4-84a3-4910-bea0-77ccd6c7263c.jpg","type":"image\/jpeg"}],"schema":{"@context":"https:\/\/schema.org","@graph":[{"@type":"WebPage","@id":"https:\/\/shopvalley.fr\/es\/produit\/bolsa-impermeable-para-platanos-de-gran-capacidad\/","url":"https:\/\/shopvalley.fr\/es\/produit\/bolsa-impermeable-para-platanos-de-gran-capacidad\/","name":"Bolsa impermeable para pl\u00e1tanos de gran capacidad - ShopValley","isPartOf":{"@id":"https:\/\/shopvalley.fr\/es\/#website"},"primaryImageOfPage":{"@id":"https:\/\/shopvalley.fr\/es\/produit\/bolsa-impermeable-para-platanos-de-gran-capacidad\/#primaryimage"},"image":{"@id":"https:\/\/shopvalley.fr\/es\/produit\/bolsa-impermeable-para-platanos-de-gran-capacidad\/#primaryimage"},"thumbnailUrl":"https:\/\/shopvalley.fr\/wp-content\/uploads\/2025\/07\/ebe9bae4-84a3-4910-bea0-77ccd6c7263c.jpg","datePublished":"2025-07-12T17:31:28+00:00","dateModified":"2025-11-17T19:55:51+00:00","description":"Ri\u00f1onera impermeable de gran capacidad para hombre. Ideal para viajes, deporte, senderismo o ciclismo. Ligera, duradera, c\u00f3moda e impermeable.","breadcrumb":{"@id":"https:\/\/shopvalley.fr\/es\/produit\/bolsa-impermeable-para-platanos-de-gran-capacidad\/#breadcrumb"},"inLanguage":"es","potentialAction":[{"@type":"ReadAction","target":["https:\/\/shopvalley.fr\/es\/produit\/bolsa-impermeable-para-platanos-de-gran-capacidad\/"]}]},{"@type":"ImageObject","inLanguage":"es","@id":"https:\/\/shopvalley.fr\/es\/produit\/bolsa-impermeable-para-platanos-de-gran-capacidad\/#primaryimage","url":"https:\/\/shopvalley.fr\/wp-content\/uploads\/2025\/07\/ebe9bae4-84a3-4910-bea0-77ccd6c7263c.jpg","contentUrl":"https:\/\/shopvalley.fr\/wp-content\/uploads\/2025\/07\/ebe9bae4-84a3-4910-bea0-77ccd6c7263c.jpg","width":750,"height":750},{"@type":"BreadcrumbList","@id":"https:\/\/shopvalley.fr\/es\/produit\/bolsa-impermeable-para-platanos-de-gran-capacidad\/#breadcrumb","itemListElement":[{"@type":"ListItem","position":1,"name":"Accueil","item":"https:\/\/shopvalley.fr\/es\/"},{"@type":"ListItem","position":2,"name":"Todos los productos","item":"https:\/\/shopvalley.fr\/es\/todos-los-productos\/"},{"@type":"ListItem","position":3,"name":"Accessoires","item":"https:\/\/shopvalley.fr\/categorie-produit\/accessoires\/"},{"@type":"ListItem","position":4,"name":"Bolsa impermeable para pl\u00e1tanos de gran capacidad"}]},{"@type":"WebSite","@id":"https:\/\/shopvalley.fr\/es\/#website","url":"https:\/\/shopvalley.fr\/es\/","name":"ShopValley","description":"\u00a1Productos de moda a precios bajos!","publisher":{"@id":"https:\/\/shopvalley.fr\/es\/#organization"},"potentialAction":[{"@type":"SearchAction","target":{"@type":"EntryPoint","urlTemplate":"https:\/\/shopvalley.fr\/es\/?s={search_term_string}"},"query-input":{"@type":"PropertyValueSpecification","valueRequired":true,"valueName":"search_term_string"}}],"inLanguage":"es"},{"@type":"Organization","@id":"https:\/\/shopvalley.fr\/es\/#organization","name":"Shopvalley","url":"https:\/\/shopvalley.fr\/es\/","logo":{"@type":"ImageObject","inLanguage":"es","@id":"https:\/\/shopvalley.fr\/es\/#\/schema\/logo\/image\/","url":"https:\/\/shopvalley.fr\/wp-content\/uploads\/2023\/11\/cropped-Copie-de-Logo-ShopValley-500-x-500-px-1.png","contentUrl":"https:\/\/shopvalley.fr\/wp-content\/uploads\/2023\/11\/cropped-Copie-de-Logo-ShopValley-500-x-500-px-1.png","width":512,"height":512,"caption":"Shopvalley"},"image":{"@id":"https:\/\/shopvalley.fr\/es\/#\/schema\/logo\/image\/"}}]}},"jetpack_sharing_enabled":true,"_links":{"self":[{"href":"https:\/\/shopvalley.fr\/es\/wp-json\/wp\/v2\/product\/46789","targetHints":{"allow":["GET"]}}],"collection":[{"href":"https:\/\/shopvalley.fr\/es\/wp-json\/wp\/v2\/product"}],"about":[{"href":"https:\/\/shopvalley.fr\/es\/wp-json\/wp\/v2\/types\/product"}],"replies":[{"embeddable":true,"href":"https:\/\/shopvalley.fr\/es\/wp-json\/wp\/v2\/comments?post=46789"}],"version-history":[{"count":2,"href":"https:\/\/shopvalley.fr\/es\/wp-json\/wp\/v2\/product\/46789\/revisions"}],"predecessor-version":[{"id":51505,"href":"https:\/\/shopvalley.fr\/es\/wp-json\/wp\/v2\/product\/46789\/revisions\/51505"}],"wp:featuredmedia":[{"embeddable":true,"href":"https:\/\/shopvalley.fr\/es\/wp-json\/wp\/v2\/media\/46746"}],"wp:attachment":[{"href":"https:\/\/shopvalley.fr\/es\/wp-json\/wp\/v2\/media?parent=46789"}],"wp:term":[{"taxonomy":"product_brand","embeddable":true,"href":"https:\/\/shopvalley.fr\/es\/wp-json\/wp\/v2\/product_brand?post=46789"},{"taxonomy":"product_cat","embeddable":true,"href":"https:\/\/shopvalley.fr\/es\/wp-json\/wp\/v2\/product_cat?post=46789"},{"taxonomy":"product_tag","embeddable":true,"href":"https:\/\/shopvalley.fr\/es\/wp-json\/wp\/v2\/product_tag?post=46789"}],"curies":[{"name":"wp","href":"https:\/\/api.w.org\/{rel}","templated":true}]}}