{"id":46659,"date":"2025-07-12T11:35:32","date_gmt":"2025-07-12T09:35:32","guid":{"rendered":"https:\/\/shopvalley.fr\/produit\/sandalias-de-goma-transpirables-de-verano-para-hombre\/"},"modified":"2025-11-18T20:54:57","modified_gmt":"2025-11-18T19:54:57","slug":"sandalias-de-goma-transpirables-de-verano-para-hombre","status":"publish","type":"product","link":"https:\/\/shopvalley.fr\/es\/produit\/sandalias-de-goma-transpirables-de-verano-para-hombre\/","title":{"rendered":"Sandalias de goma transpirables de verano para hombre"},"content":{"rendered":"<h3 data-start=\"257\" data-end=\"341\"><span style=\"font-size: 14pt; color: #000000;\">\ud83d\udd25 Sandalias de verano transpirables: <strong data-start=\"264\" data-end=\"341\">M\u00e1xima comodidad para el verano: descubre las sandalias transpirables para hombre<\/strong><\/span><\/h3>\n<p data-start=\"343\" data-end=\"741\"><span style=\"font-size: 14pt; color: #000000;\">Prep\u00e1rate para el verano con estilo y comodidad con estas <strong data-start=\"405\" data-end=\"460\">sandalias de goma transpirables de verano para hombre<\/strong>. Dise\u00f1adas para los amantes de la relajaci\u00f3n, los paseos veraniegos y los d\u00edas de playa, estos elegantes zuecos negros se convertir\u00e1n r\u00e1pidamente en tu aliado imprescindible en cuanto aparezcan los primeros rayos de sol. Su estilo moderno y su funcionalidad las convierten en imprescindibles esta temporada.  <\/span><\/p>\n<p data-start=\"343\" data-end=\"741\"><img loading=\"lazy\" decoding=\"async\" class=\"aligncenter wp-image-46654\" src=\"http:\/\/shopvalley.fr\/wp-content\/uploads\/2025\/07\/Capture-decran-2025-07-12-120910.jpg\" alt=\"\" width=\"524\" height=\"516\" srcset=\"https:\/\/shopvalley.fr\/wp-content\/uploads\/2025\/07\/Capture-decran-2025-07-12-120910.jpg 762w, https:\/\/shopvalley.fr\/wp-content\/uploads\/2025\/07\/Capture-decran-2025-07-12-120910-305x300.jpg 305w, https:\/\/shopvalley.fr\/wp-content\/uploads\/2025\/07\/Capture-decran-2025-07-12-120910-148x146.jpg 148w, https:\/\/shopvalley.fr\/wp-content\/uploads\/2025\/07\/Capture-decran-2025-07-12-120910-700x689.jpg 700w, https:\/\/shopvalley.fr\/wp-content\/uploads\/2025\/07\/Capture-decran-2025-07-12-120910-150x148.jpg 150w\" sizes=\"auto, (max-width: 524px) 100vw, 524px\" \/><\/p>\n<h3 data-start=\"748\" data-end=\"825\"><span style=\"font-size: 14pt; color: #000000;\">\ud83d\udc5f <strong data-start=\"755\" data-end=\"825\">Transpirabilidad y sujeci\u00f3n \u00f3ptima para una comodidad durante todo el d\u00eda<\/strong><\/span><\/h3>\n<p data-start=\"827\" data-end=\"1207\"><span style=\"font-size: 14pt; color: #000000;\">Gracias a su <strong data-start=\"840\" data-end=\"861\">parte superior ventilada<\/strong>, estas sandalias garantizan una excelente <strong data-start=\"900\" data-end=\"924\">circulaci\u00f3n del aire<\/strong>, evitando la transpiraci\u00f3n excesiva, incluso en los d\u00edas m\u00e1s calurosos. La <strong data-start=\"1011\" data-end=\"1030\">correa ajustable<\/strong> te permite llevarlas en modo informal o de apoyo, seg\u00fan prefieras. La parte superior sint\u00e9tica a\u00f1ade un toque de elegancia y durabilidad.  <\/span><\/p>\n<p data-start=\"827\" data-end=\"1207\"><img loading=\"lazy\" decoding=\"async\" class=\"aligncenter wp-image-46648\" src=\"http:\/\/shopvalley.fr\/wp-content\/uploads\/2025\/07\/Scea3a1340eb946e6abc8e5ede1e35a9de-1.png\" alt=\"\" width=\"477\" height=\"477\" srcset=\"https:\/\/shopvalley.fr\/wp-content\/uploads\/2025\/07\/Scea3a1340eb946e6abc8e5ede1e35a9de-1.png 800w, https:\/\/shopvalley.fr\/wp-content\/uploads\/2025\/07\/Scea3a1340eb946e6abc8e5ede1e35a9de-1-300x300.png 300w, https:\/\/shopvalley.fr\/wp-content\/uploads\/2025\/07\/Scea3a1340eb946e6abc8e5ede1e35a9de-1-150x150.png 150w, https:\/\/shopvalley.fr\/wp-content\/uploads\/2025\/07\/Scea3a1340eb946e6abc8e5ede1e35a9de-1-768x768.png 768w, https:\/\/shopvalley.fr\/wp-content\/uploads\/2025\/07\/Scea3a1340eb946e6abc8e5ede1e35a9de-1-146x146.png 146w, https:\/\/shopvalley.fr\/wp-content\/uploads\/2025\/07\/Scea3a1340eb946e6abc8e5ede1e35a9de-1-430x430.png 430w, https:\/\/shopvalley.fr\/wp-content\/uploads\/2025\/07\/Scea3a1340eb946e6abc8e5ede1e35a9de-1-700x700.png 700w\" sizes=\"auto, (max-width: 477px) 100vw, 477px\" \/><\/p>\n<h3 data-start=\"1214\" data-end=\"1283\"><span style=\"font-size: 14pt; color: #000000;\">\ud83c\udfd6\ufe0f Sandalias de verano transpirables: <strong data-start=\"1222\" data-end=\"1283\">Dise\u00f1adas para todas las aventuras: de la playa al jard\u00edn<\/strong><\/span><\/h3>\n<p data-start=\"1285\" data-end=\"1757\"><span style=\"font-size: 14pt; color: #000000;\">Estas sandalias no son s\u00f3lo para relajarse. Su <strong data-start=\"1350\" data-end=\"1399\">suela de goma antideslizante<\/strong> te proporciona un agarre excelente en todo tipo de superficies, ya sea arena h\u00fameda, hierba o baldosas mojadas. La <strong data-start=\"1537\" data-end=\"1570\">puntera cerrada<\/strong> te proporciona la m\u00e1xima seguridad durante tus actividades veraniegas. Tambi\u00e9n son perfectas para usarlas en casa, en el jard\u00edn o en fiestas informales al aire libre.   <\/span><\/p>\n<p data-start=\"1285\" data-end=\"1757\"><img loading=\"lazy\" decoding=\"async\" class=\"aligncenter wp-image-46656\" src=\"http:\/\/shopvalley.fr\/wp-content\/uploads\/2025\/07\/Capture-decran-2025-07-12-121050.jpg\" alt=\"\" width=\"524\" height=\"423\" srcset=\"https:\/\/shopvalley.fr\/wp-content\/uploads\/2025\/07\/Capture-decran-2025-07-12-121050.jpg 777w, https:\/\/shopvalley.fr\/wp-content\/uploads\/2025\/07\/Capture-decran-2025-07-12-121050-372x300.jpg 372w, https:\/\/shopvalley.fr\/wp-content\/uploads\/2025\/07\/Capture-decran-2025-07-12-121050-768x620.jpg 768w, https:\/\/shopvalley.fr\/wp-content\/uploads\/2025\/07\/Capture-decran-2025-07-12-121050-181x146.jpg 181w, https:\/\/shopvalley.fr\/wp-content\/uploads\/2025\/07\/Capture-decran-2025-07-12-121050-700x565.jpg 700w, https:\/\/shopvalley.fr\/wp-content\/uploads\/2025\/07\/Capture-decran-2025-07-12-121050-150x121.jpg 150w\" sizes=\"auto, (max-width: 524px) 100vw, 524px\" \/><\/p>\n<h3 data-start=\"1764\" data-end=\"1828\"><span style=\"font-size: 14pt; color: #000000;\">\ud83d\udcaa <strong data-start=\"1771\" data-end=\"1828\">Durabilidad, ligereza y sujeci\u00f3n del arco<\/strong><\/span><\/h3>\n<p data-start=\"1830\" data-end=\"2233\"><span style=\"font-size: 14pt; color: #000000;\">Estas sandalias de verano para hombre no s\u00f3lo son bonitas. Son <strong data-start=\"1907\" data-end=\"1955\">ligeras, resistentes y extremadamente c\u00f3modas<\/strong>. Su <strong data-start=\"1962\" data-end=\"1976\">buena amortiguaci\u00f3n<\/strong> y su <strong data-start=\"1985\" data-end=\"2027\">eficaz sujeci\u00f3n del arco del pie<\/strong> hacen que sea un placer llevarlas todo el d\u00eda, incluso en largas caminatas. Y gracias a su dise\u00f1o slip-on, son <strong data-start=\"2171\" data-end=\"2204\">f\u00e1ciles de poner y quitar<\/strong>, sin sacrificar la durabilidad.   <\/span><\/p>\n<p data-start=\"1830\" data-end=\"2233\"><img loading=\"lazy\" decoding=\"async\" class=\"aligncenter wp-image-46644\" src=\"http:\/\/shopvalley.fr\/wp-content\/uploads\/2025\/07\/5_1614741762439.png\" alt=\"\" width=\"573\" height=\"573\" srcset=\"https:\/\/shopvalley.fr\/wp-content\/uploads\/2025\/07\/5_1614741762439.png 800w, https:\/\/shopvalley.fr\/wp-content\/uploads\/2025\/07\/5_1614741762439-300x300.png 300w, https:\/\/shopvalley.fr\/wp-content\/uploads\/2025\/07\/5_1614741762439-150x150.png 150w, https:\/\/shopvalley.fr\/wp-content\/uploads\/2025\/07\/5_1614741762439-768x768.png 768w, https:\/\/shopvalley.fr\/wp-content\/uploads\/2025\/07\/5_1614741762439-146x146.png 146w, https:\/\/shopvalley.fr\/wp-content\/uploads\/2025\/07\/5_1614741762439-430x430.png 430w, https:\/\/shopvalley.fr\/wp-content\/uploads\/2025\/07\/5_1614741762439-700x700.png 700w\" sizes=\"auto, (max-width: 573px) 100vw, 573px\" \/><\/p>\n<h3 data-start=\"2240\" data-end=\"2308\"><span style=\"font-size: 14pt; color: #000000;\">\u2705 <strong data-start=\"2246\" data-end=\"2308\">Ad\u00f3ptalos ahora y disfruta del verano con estilo<\/strong><\/span><\/h3>\n<p data-start=\"2310\" data-end=\"2707\"><span style=\"font-size: 14pt; color: #000000;\">Tanto si buscas calzado para tus vacaciones, tus d\u00edas en casa o tus salidas al aire libre, estas sandalias est\u00e1n hechas para ti. <strong data-start=\"2463\" data-end=\"2499\">No dejes pasar la oportunidad<\/strong> de combinar negocios y placer con un calzado pr\u00e1ctico, elegante y resistente. Ya disponibles, s\u00f3lo tienes que elegir tu talla y disfrutar de una comodidad inigualable. <\/span><\/p>\n","protected":false},"excerpt":{"rendered":"<p><span style=\"font-size: 14pt; color: #000000;\">ligero, resistente y extremadamente c\u00f3modo<\/span><\/p>\n","protected":false},"featured_media":46643,"comment_status":"closed","ping_status":"closed","template":"","meta":[],"product_brand":[],"product_cat":[853],"product_tag":[990],"class_list":{"0":"post-46659","1":"product","2":"type-product","3":"status-publish","4":"has-post-thumbnail","6":"product_cat-non-classe","7":"product_tag-noflash-es","9":"first","10":"instock","11":"sale","12":"taxable","13":"shipping-taxable","14":"purchasable","15":"product-type-variable","16":"has-default-attributes"},"yoast_head":"<!-- This site is optimized with the Yoast SEO plugin v27.4 - https:\/\/yoast.com\/product\/yoast-seo-wordpress\/ -->\n<title>Sandalias de goma transpirables de verano para hombre - ShopValley<\/title>\n<meta name=\"description\" content=\"Descubre nuestras sandalias de verano transpirables para hombre: c\u00f3modas, ligeras y antideslizantes. \u00a1Ideales para la playa, el jard\u00edn y los paseos!\" \/>\n<meta name=\"robots\" content=\"index, follow, max-snippet:-1, max-image-preview:large, max-video-preview:-1\" \/>\n<link rel=\"canonical\" href=\"https:\/\/shopvalley.fr\/es\/produit\/sandalias-de-goma-transpirables-de-verano-para-hombre\/\" \/>\n<meta property=\"og:locale\" content=\"es_ES\" \/>\n<meta property=\"og:type\" content=\"article\" \/>\n<meta property=\"og:title\" content=\"Sandalias de goma transpirables de verano para hombre - ShopValley\" \/>\n<meta property=\"og:description\" content=\"Descubre nuestras sandalias de verano transpirables para hombre: c\u00f3modas, ligeras y antideslizantes. \u00a1Ideales para la playa, el jard\u00edn y los paseos!\" \/>\n<meta property=\"og:url\" content=\"https:\/\/shopvalley.fr\/es\/produit\/sandalias-de-goma-transpirables-de-verano-para-hombre\/\" \/>\n<meta property=\"og:site_name\" content=\"ShopValley\" \/>\n<meta property=\"article:modified_time\" content=\"2025-11-18T19:54:57+00:00\" \/>\n<meta property=\"og:image\" content=\"https:\/\/shopvalley.fr\/wp-content\/uploads\/2025\/07\/4_1614741762438.png\" \/>\n\t<meta property=\"og:image:width\" content=\"800\" \/>\n\t<meta property=\"og:image:height\" content=\"800\" \/>\n\t<meta property=\"og:image:type\" content=\"image\/png\" \/>\n<script type=\"application\/ld+json\" class=\"yoast-schema-graph\">{\"@context\":\"https:\\\/\\\/schema.org\",\"@graph\":[{\"@type\":\"WebPage\",\"@id\":\"https:\\\/\\\/shopvalley.fr\\\/es\\\/produit\\\/sandalias-de-goma-transpirables-de-verano-para-hombre\\\/\",\"url\":\"https:\\\/\\\/shopvalley.fr\\\/es\\\/produit\\\/sandalias-de-goma-transpirables-de-verano-para-hombre\\\/\",\"name\":\"Sandalias de goma transpirables de verano para hombre - ShopValley\",\"isPartOf\":{\"@id\":\"https:\\\/\\\/shopvalley.fr\\\/es\\\/#website\"},\"primaryImageOfPage\":{\"@id\":\"https:\\\/\\\/shopvalley.fr\\\/es\\\/produit\\\/sandalias-de-goma-transpirables-de-verano-para-hombre\\\/#primaryimage\"},\"image\":{\"@id\":\"https:\\\/\\\/shopvalley.fr\\\/es\\\/produit\\\/sandalias-de-goma-transpirables-de-verano-para-hombre\\\/#primaryimage\"},\"thumbnailUrl\":\"https:\\\/\\\/shopvalley.fr\\\/wp-content\\\/uploads\\\/2025\\\/07\\\/4_1614741762438.png\",\"datePublished\":\"2025-07-12T09:35:32+00:00\",\"dateModified\":\"2025-11-18T19:54:57+00:00\",\"description\":\"Descubre nuestras sandalias de verano transpirables para hombre: c\u00f3modas, ligeras y antideslizantes. \u00a1Ideales para la playa, el jard\u00edn y los paseos!\",\"breadcrumb\":{\"@id\":\"https:\\\/\\\/shopvalley.fr\\\/es\\\/produit\\\/sandalias-de-goma-transpirables-de-verano-para-hombre\\\/#breadcrumb\"},\"inLanguage\":\"es\",\"potentialAction\":[{\"@type\":\"ReadAction\",\"target\":[\"https:\\\/\\\/shopvalley.fr\\\/es\\\/produit\\\/sandalias-de-goma-transpirables-de-verano-para-hombre\\\/\"]}]},{\"@type\":\"ImageObject\",\"inLanguage\":\"es\",\"@id\":\"https:\\\/\\\/shopvalley.fr\\\/es\\\/produit\\\/sandalias-de-goma-transpirables-de-verano-para-hombre\\\/#primaryimage\",\"url\":\"https:\\\/\\\/shopvalley.fr\\\/wp-content\\\/uploads\\\/2025\\\/07\\\/4_1614741762438.png\",\"contentUrl\":\"https:\\\/\\\/shopvalley.fr\\\/wp-content\\\/uploads\\\/2025\\\/07\\\/4_1614741762438.png\",\"width\":800,\"height\":800},{\"@type\":\"BreadcrumbList\",\"@id\":\"https:\\\/\\\/shopvalley.fr\\\/es\\\/produit\\\/sandalias-de-goma-transpirables-de-verano-para-hombre\\\/#breadcrumb\",\"itemListElement\":[{\"@type\":\"ListItem\",\"position\":1,\"name\":\"Accueil\",\"item\":\"https:\\\/\\\/shopvalley.fr\\\/es\\\/\"},{\"@type\":\"ListItem\",\"position\":2,\"name\":\"Todos los productos\",\"item\":\"https:\\\/\\\/shopvalley.fr\\\/es\\\/todos-los-productos\\\/\"},{\"@type\":\"ListItem\",\"position\":3,\"name\":\"Chaussures\",\"item\":\"https:\\\/\\\/shopvalley.fr\\\/categorie-produit\\\/chaussures\\\/\"},{\"@type\":\"ListItem\",\"position\":4,\"name\":\"Sandalias de goma transpirables de verano para hombre\"}]},{\"@type\":\"WebSite\",\"@id\":\"https:\\\/\\\/shopvalley.fr\\\/es\\\/#website\",\"url\":\"https:\\\/\\\/shopvalley.fr\\\/es\\\/\",\"name\":\"ShopValley\",\"description\":\"\u00a1Productos de moda a precios bajos!\",\"publisher\":{\"@id\":\"https:\\\/\\\/shopvalley.fr\\\/es\\\/#organization\"},\"potentialAction\":[{\"@type\":\"SearchAction\",\"target\":{\"@type\":\"EntryPoint\",\"urlTemplate\":\"https:\\\/\\\/shopvalley.fr\\\/es\\\/?s={search_term_string}\"},\"query-input\":{\"@type\":\"PropertyValueSpecification\",\"valueRequired\":true,\"valueName\":\"search_term_string\"}}],\"inLanguage\":\"es\"},{\"@type\":\"Organization\",\"@id\":\"https:\\\/\\\/shopvalley.fr\\\/es\\\/#organization\",\"name\":\"Shopvalley\",\"url\":\"https:\\\/\\\/shopvalley.fr\\\/es\\\/\",\"logo\":{\"@type\":\"ImageObject\",\"inLanguage\":\"es\",\"@id\":\"https:\\\/\\\/shopvalley.fr\\\/es\\\/#\\\/schema\\\/logo\\\/image\\\/\",\"url\":\"https:\\\/\\\/shopvalley.fr\\\/wp-content\\\/uploads\\\/2023\\\/11\\\/cropped-Copie-de-Logo-ShopValley-500-x-500-px-1.png\",\"contentUrl\":\"https:\\\/\\\/shopvalley.fr\\\/wp-content\\\/uploads\\\/2023\\\/11\\\/cropped-Copie-de-Logo-ShopValley-500-x-500-px-1.png\",\"width\":512,\"height\":512,\"caption\":\"Shopvalley\"},\"image\":{\"@id\":\"https:\\\/\\\/shopvalley.fr\\\/es\\\/#\\\/schema\\\/logo\\\/image\\\/\"}}]}<\/script>\n<!-- \/ Yoast SEO plugin. -->","yoast_head_json":{"title":"Sandalias de goma transpirables de verano para hombre - ShopValley","description":"Descubre nuestras sandalias de verano transpirables para hombre: c\u00f3modas, ligeras y antideslizantes. \u00a1Ideales para la playa, el jard\u00edn y los paseos!","robots":{"index":"index","follow":"follow","max-snippet":"max-snippet:-1","max-image-preview":"max-image-preview:large","max-video-preview":"max-video-preview:-1"},"canonical":"https:\/\/shopvalley.fr\/es\/produit\/sandalias-de-goma-transpirables-de-verano-para-hombre\/","og_locale":"es_ES","og_type":"article","og_title":"Sandalias de goma transpirables de verano para hombre - ShopValley","og_description":"Descubre nuestras sandalias de verano transpirables para hombre: c\u00f3modas, ligeras y antideslizantes. \u00a1Ideales para la playa, el jard\u00edn y los paseos!","og_url":"https:\/\/shopvalley.fr\/es\/produit\/sandalias-de-goma-transpirables-de-verano-para-hombre\/","og_site_name":"ShopValley","article_modified_time":"2025-11-18T19:54:57+00:00","og_image":[{"width":800,"height":800,"url":"https:\/\/shopvalley.fr\/wp-content\/uploads\/2025\/07\/4_1614741762438.png","type":"image\/png"}],"schema":{"@context":"https:\/\/schema.org","@graph":[{"@type":"WebPage","@id":"https:\/\/shopvalley.fr\/es\/produit\/sandalias-de-goma-transpirables-de-verano-para-hombre\/","url":"https:\/\/shopvalley.fr\/es\/produit\/sandalias-de-goma-transpirables-de-verano-para-hombre\/","name":"Sandalias de goma transpirables de verano para hombre - ShopValley","isPartOf":{"@id":"https:\/\/shopvalley.fr\/es\/#website"},"primaryImageOfPage":{"@id":"https:\/\/shopvalley.fr\/es\/produit\/sandalias-de-goma-transpirables-de-verano-para-hombre\/#primaryimage"},"image":{"@id":"https:\/\/shopvalley.fr\/es\/produit\/sandalias-de-goma-transpirables-de-verano-para-hombre\/#primaryimage"},"thumbnailUrl":"https:\/\/shopvalley.fr\/wp-content\/uploads\/2025\/07\/4_1614741762438.png","datePublished":"2025-07-12T09:35:32+00:00","dateModified":"2025-11-18T19:54:57+00:00","description":"Descubre nuestras sandalias de verano transpirables para hombre: c\u00f3modas, ligeras y antideslizantes. \u00a1Ideales para la playa, el jard\u00edn y los paseos!","breadcrumb":{"@id":"https:\/\/shopvalley.fr\/es\/produit\/sandalias-de-goma-transpirables-de-verano-para-hombre\/#breadcrumb"},"inLanguage":"es","potentialAction":[{"@type":"ReadAction","target":["https:\/\/shopvalley.fr\/es\/produit\/sandalias-de-goma-transpirables-de-verano-para-hombre\/"]}]},{"@type":"ImageObject","inLanguage":"es","@id":"https:\/\/shopvalley.fr\/es\/produit\/sandalias-de-goma-transpirables-de-verano-para-hombre\/#primaryimage","url":"https:\/\/shopvalley.fr\/wp-content\/uploads\/2025\/07\/4_1614741762438.png","contentUrl":"https:\/\/shopvalley.fr\/wp-content\/uploads\/2025\/07\/4_1614741762438.png","width":800,"height":800},{"@type":"BreadcrumbList","@id":"https:\/\/shopvalley.fr\/es\/produit\/sandalias-de-goma-transpirables-de-verano-para-hombre\/#breadcrumb","itemListElement":[{"@type":"ListItem","position":1,"name":"Accueil","item":"https:\/\/shopvalley.fr\/es\/"},{"@type":"ListItem","position":2,"name":"Todos los productos","item":"https:\/\/shopvalley.fr\/es\/todos-los-productos\/"},{"@type":"ListItem","position":3,"name":"Chaussures","item":"https:\/\/shopvalley.fr\/categorie-produit\/chaussures\/"},{"@type":"ListItem","position":4,"name":"Sandalias de goma transpirables de verano para hombre"}]},{"@type":"WebSite","@id":"https:\/\/shopvalley.fr\/es\/#website","url":"https:\/\/shopvalley.fr\/es\/","name":"ShopValley","description":"\u00a1Productos de moda a precios bajos!","publisher":{"@id":"https:\/\/shopvalley.fr\/es\/#organization"},"potentialAction":[{"@type":"SearchAction","target":{"@type":"EntryPoint","urlTemplate":"https:\/\/shopvalley.fr\/es\/?s={search_term_string}"},"query-input":{"@type":"PropertyValueSpecification","valueRequired":true,"valueName":"search_term_string"}}],"inLanguage":"es"},{"@type":"Organization","@id":"https:\/\/shopvalley.fr\/es\/#organization","name":"Shopvalley","url":"https:\/\/shopvalley.fr\/es\/","logo":{"@type":"ImageObject","inLanguage":"es","@id":"https:\/\/shopvalley.fr\/es\/#\/schema\/logo\/image\/","url":"https:\/\/shopvalley.fr\/wp-content\/uploads\/2023\/11\/cropped-Copie-de-Logo-ShopValley-500-x-500-px-1.png","contentUrl":"https:\/\/shopvalley.fr\/wp-content\/uploads\/2023\/11\/cropped-Copie-de-Logo-ShopValley-500-x-500-px-1.png","width":512,"height":512,"caption":"Shopvalley"},"image":{"@id":"https:\/\/shopvalley.fr\/es\/#\/schema\/logo\/image\/"}}]}},"jetpack_sharing_enabled":true,"_links":{"self":[{"href":"https:\/\/shopvalley.fr\/es\/wp-json\/wp\/v2\/product\/46659","targetHints":{"allow":["GET"]}}],"collection":[{"href":"https:\/\/shopvalley.fr\/es\/wp-json\/wp\/v2\/product"}],"about":[{"href":"https:\/\/shopvalley.fr\/es\/wp-json\/wp\/v2\/types\/product"}],"replies":[{"embeddable":true,"href":"https:\/\/shopvalley.fr\/es\/wp-json\/wp\/v2\/comments?post=46659"}],"version-history":[{"count":1,"href":"https:\/\/shopvalley.fr\/es\/wp-json\/wp\/v2\/product\/46659\/revisions"}],"predecessor-version":[{"id":49249,"href":"https:\/\/shopvalley.fr\/es\/wp-json\/wp\/v2\/product\/46659\/revisions\/49249"}],"wp:featuredmedia":[{"embeddable":true,"href":"https:\/\/shopvalley.fr\/es\/wp-json\/wp\/v2\/media\/46643"}],"wp:attachment":[{"href":"https:\/\/shopvalley.fr\/es\/wp-json\/wp\/v2\/media?parent=46659"}],"wp:term":[{"taxonomy":"product_brand","embeddable":true,"href":"https:\/\/shopvalley.fr\/es\/wp-json\/wp\/v2\/product_brand?post=46659"},{"taxonomy":"product_cat","embeddable":true,"href":"https:\/\/shopvalley.fr\/es\/wp-json\/wp\/v2\/product_cat?post=46659"},{"taxonomy":"product_tag","embeddable":true,"href":"https:\/\/shopvalley.fr\/es\/wp-json\/wp\/v2\/product_tag?post=46659"}],"curies":[{"name":"wp","href":"https:\/\/api.w.org\/{rel}","templated":true}]}}