{"id":45298,"date":"2025-05-20T07:15:52","date_gmt":"2025-05-20T05:15:52","guid":{"rendered":"https:\/\/shopvalley.fr\/produit\/ventilador-portatil-sin-aspas-airfresh\/"},"modified":"2025-11-18T20:55:47","modified_gmt":"2025-11-18T19:55:47","slug":"ventilador-portatil-sin-aspas-airfresh","status":"publish","type":"product","link":"https:\/\/shopvalley.fr\/es\/produit\/ventilador-portatil-sin-aspas-airfresh\/","title":{"rendered":"Ventilador port\u00e1til sin aspas AirFresh"},"content":{"rendered":"<h3 data-start=\"240\" data-end=\"336\"><span style=\"font-size: 14pt; color: #000000;\">\ud83d\udd25 <\/span><span style=\"font-size: 14pt; color: #000000;\">Ventilador port\u00e1til sin aspas AirFresh: <\/span><span style=\"font-size: 14pt; color: #000000;\"><strong data-start=\"247\" data-end=\"336\">Refr\u00e9scate con seguridad<\/strong><\/span><\/h3>\n<p data-start=\"338\" data-end=\"488\"><span style=\"font-size: 14pt; color: #000000;\"><span class=\"relative -mx-px my-[-0.2rem] rounded px-px py-[0.2rem] transition-colors duration-100 ease-in-out\">Disfruta de una brisa refrescante sin los inconvenientes de los ventiladores tradicionales.<\/span> <span class=\"relative -mx-px my-[-0.2rem] rounded px-px py-[0.2rem] transition-colors duration-100 ease-in-out\">El ventilador port\u00e1til sin aspas AirFresh ofrece una soluci\u00f3n innovadora para mantenerse fresco en casa, en la oficina o en movimiento.<\/span> <span class=\"relative -mx-px my-[-0.2rem] rounded px-px py-[0.2rem] transition-colors duration-100 ease-in-out\">Su dise\u00f1o sin cuchillas garantiza un uso seguro, ideal para hogares con ni\u00f1os y mascotas.<\/span><\/span><\/p>\n<p data-start=\"338\" data-end=\"488\"><img loading=\"lazy\" decoding=\"async\" class=\"aligncenter wp-image-45245\" src=\"http:\/\/shopvalley.fr\/wp-content\/uploads\/2025\/05\/45222-ventilateur-portable-sans-pales__93990.1744807819.jpg\" alt=\"Ventilador port\u00e1til sin aspas 12\" width=\"492\" height=\"492\" srcset=\"https:\/\/shopvalley.fr\/wp-content\/uploads\/2025\/05\/45222-ventilateur-portable-sans-pales__93990.1744807819.jpg 600w, https:\/\/shopvalley.fr\/wp-content\/uploads\/2025\/05\/45222-ventilateur-portable-sans-pales__93990.1744807819-300x300.jpg 300w, https:\/\/shopvalley.fr\/wp-content\/uploads\/2025\/05\/45222-ventilateur-portable-sans-pales__93990.1744807819-150x150.jpg 150w, https:\/\/shopvalley.fr\/wp-content\/uploads\/2025\/05\/45222-ventilateur-portable-sans-pales__93990.1744807819-146x146.jpg 146w, https:\/\/shopvalley.fr\/wp-content\/uploads\/2025\/05\/45222-ventilateur-portable-sans-pales__93990.1744807819-430x430.jpg 430w\" sizes=\"auto, (max-width: 492px) 100vw, 492px\" \/><\/p>\n<h3 data-start=\"495\" data-end=\"550\"><span style=\"font-size: 14pt; color: #000000;\">\ud83c\udf2c\ufe0f Ventilador port\u00e1til sin aspas AirFresh: <strong data-start=\"503\" data-end=\"550\">tecnolog\u00eda avanzada para un confort \u00f3ptimo<\/strong><\/span><\/h3>\n<p data-start=\"552\" data-end=\"671\"><span style=\"font-size: 14pt; color: #000000;\"><span class=\"relative -mx-px my-[-0.2rem] rounded px-px py-[0.2rem] transition-colors duration-100 ease-in-out\">Equipado con un motor de turbina de alto rendimiento, este ventilador genera un potente caudal de aire de hasta 15 metros.<\/span> <span class=\"relative -mx-px my-[-0.2rem] rounded px-px py-[0.2rem] transition-colors duration-100 ease-in-out\">Con sus 5 velocidades de ventilador, puedes ajustar la intensidad a tus necesidades, garantizando un confort personalizado durante todo el d\u00eda.<\/span><\/span><\/p>\n<p data-start=\"552\" data-end=\"671\"><img loading=\"lazy\" decoding=\"async\" class=\"aligncenter wp-image-45253\" src=\"http:\/\/shopvalley.fr\/wp-content\/uploads\/2025\/05\/45222-ventilateur-portable-sans-pales__68883.1744807810.jpg\" alt=\"Ventilador port\u00e1til sin aspas 16\" width=\"501\" height=\"501\" srcset=\"https:\/\/shopvalley.fr\/wp-content\/uploads\/2025\/05\/45222-ventilateur-portable-sans-pales__68883.1744807810.jpg 600w, https:\/\/shopvalley.fr\/wp-content\/uploads\/2025\/05\/45222-ventilateur-portable-sans-pales__68883.1744807810-300x300.jpg 300w, https:\/\/shopvalley.fr\/wp-content\/uploads\/2025\/05\/45222-ventilateur-portable-sans-pales__68883.1744807810-150x150.jpg 150w, https:\/\/shopvalley.fr\/wp-content\/uploads\/2025\/05\/45222-ventilateur-portable-sans-pales__68883.1744807810-146x146.jpg 146w, https:\/\/shopvalley.fr\/wp-content\/uploads\/2025\/05\/45222-ventilateur-portable-sans-pales__68883.1744807810-430x430.jpg 430w\" sizes=\"auto, (max-width: 501px) 100vw, 501px\" \/><\/p>\n<h3 data-start=\"678\" data-end=\"729\"><span style=\"font-size: 14pt; color: #000000;\">\ud83d\udd0b <strong data-start=\"685\" data-end=\"729\">Autonom\u00eda y portabilidad excepcionales<\/strong><\/span><\/h3>\n<p data-start=\"731\" data-end=\"849\"><span style=\"font-size: 14pt; color: #000000;\"><span class=\"relative -mx-px my-[-0.2rem] rounded px-px py-[0.2rem] transition-colors duration-100 ease-in-out\">Gracias a su bater\u00eda recargable, puedes llevar el Ventilador contigo dondequiera que vayas.<\/span> <span class=\"relative -mx-px my-[-0.2rem] rounded px-px py-[0.2rem] transition-colors duration-100 ease-in-out\">Su formato compacto y ligero hace que sea f\u00e1cil de transportar, mientras que su bater\u00eda de larga duraci\u00f3n te permite utilizarla durante largos periodos sin necesidad de recargarla con frecuencia.<\/span><\/span><\/p>\n<p data-start=\"731\" data-end=\"849\"><img loading=\"lazy\" decoding=\"async\" class=\"aligncenter wp-image-45243\" src=\"http:\/\/shopvalley.fr\/wp-content\/uploads\/2025\/05\/45222-ventilateur-portable-sans-pales__84025.1744807821.jpg\" alt=\"Ventilador port\u00e1til sin aspas 11\" width=\"533\" height=\"533\" srcset=\"https:\/\/shopvalley.fr\/wp-content\/uploads\/2025\/05\/45222-ventilateur-portable-sans-pales__84025.1744807821.jpg 600w, https:\/\/shopvalley.fr\/wp-content\/uploads\/2025\/05\/45222-ventilateur-portable-sans-pales__84025.1744807821-300x300.jpg 300w, https:\/\/shopvalley.fr\/wp-content\/uploads\/2025\/05\/45222-ventilateur-portable-sans-pales__84025.1744807821-150x150.jpg 150w, https:\/\/shopvalley.fr\/wp-content\/uploads\/2025\/05\/45222-ventilateur-portable-sans-pales__84025.1744807821-146x146.jpg 146w, https:\/\/shopvalley.fr\/wp-content\/uploads\/2025\/05\/45222-ventilateur-portable-sans-pales__84025.1744807821-430x430.jpg 430w\" sizes=\"auto, (max-width: 533px) 100vw, 533px\" \/><\/p>\n<h3 data-start=\"856\" data-end=\"910\"><span style=\"font-size: 14pt; color: #000000;\">\ud83c\udf1f Ventilador port\u00e1til sin aspas AirFresh: <strong data-start=\"863\" data-end=\"910\">dise\u00f1o moderno y funciones pr\u00e1cticas<\/strong><\/span><\/h3>\n<p data-start=\"912\" data-end=\"1030\"><span style=\"font-size: 14pt; color: #000000;\"><span class=\"relative -mx-px my-[-0.2rem] rounded px-px py-[0.2rem] transition-colors duration-100 ease-in-out\">Su pantalla t\u00e1ctil con indicador LED proporciona una interfaz de usuario intuitiva, que te permite controlar f\u00e1cilmente los ajustes.<\/span> <span class=\"relative -mx-px my-[-0.2rem] rounded px-px py-[0.2rem] transition-colors duration-100 ease-in-out\">El dise\u00f1o elegante y moderno del ventilador se integra armoniosamente en cualquier interior, a\u00f1adiendo un toque de elegancia a tu espacio.<\/span><\/span><\/p>\n<p data-start=\"912\" data-end=\"1030\"><img loading=\"lazy\" decoding=\"async\" class=\"aligncenter wp-image-45231\" src=\"http:\/\/shopvalley.fr\/wp-content\/uploads\/2025\/05\/45222-ventilateur-portable-sans-pales__30084.1744807816.jpg\" alt=\"Ventilador port\u00e1til sin aspas 5\" width=\"530\" height=\"530\" srcset=\"https:\/\/shopvalley.fr\/wp-content\/uploads\/2025\/05\/45222-ventilateur-portable-sans-pales__30084.1744807816.jpg 600w, https:\/\/shopvalley.fr\/wp-content\/uploads\/2025\/05\/45222-ventilateur-portable-sans-pales__30084.1744807816-300x300.jpg 300w, https:\/\/shopvalley.fr\/wp-content\/uploads\/2025\/05\/45222-ventilateur-portable-sans-pales__30084.1744807816-150x150.jpg 150w, https:\/\/shopvalley.fr\/wp-content\/uploads\/2025\/05\/45222-ventilateur-portable-sans-pales__30084.1744807816-146x146.jpg 146w, https:\/\/shopvalley.fr\/wp-content\/uploads\/2025\/05\/45222-ventilateur-portable-sans-pales__30084.1744807816-430x430.jpg 430w\" sizes=\"auto, (max-width: 530px) 100vw, 530px\" \/><\/p>\n<h3 data-start=\"1037\" data-end=\"1077\"><span style=\"font-size: 14pt; color: #000000;\">\u2705 <strong data-start=\"1043\" data-end=\"1077\">Caracter\u00edsticas principales:<\/strong><\/span><\/h3>\n<ul data-start=\"1079\" data-end=\"1411\">\n<li data-start=\"1079\" data-end=\"1120\">\n<p data-start=\"1081\" data-end=\"1120\"><span class=\"relative -mx-px my-[-0.2rem] rounded px-px py-[0.2rem] transition-colors duration-100 ease-in-out\" style=\"font-size: 14pt; color: #000000;\">Tecnolog\u00eda sin cuchillas para mayor seguridad<\/span><\/p>\n<\/li>\n<li data-start=\"1121\" data-end=\"1162\">\n<p data-start=\"1123\" data-end=\"1162\"><span class=\"relative -mx-px my-[-0.2rem] rounded px-px py-[0.2rem] transition-colors duration-100 ease-in-out\" style=\"font-size: 14pt; color: #000000;\">Potente caudal de aire de hasta 15 metros<\/span><\/p>\n<\/li>\n<li data-start=\"1163\" data-end=\"1204\">\n<p data-start=\"1165\" data-end=\"1204\"><span class=\"relative -mx-px my-[-0.2rem] rounded px-px py-[0.2rem] transition-colors duration-100 ease-in-out\" style=\"font-size: 14pt; color: #000000;\">5 velocidades de ventilador ajustables<\/span><\/p>\n<\/li>\n<li data-start=\"1205\" data-end=\"1246\">\n<p data-start=\"1207\" data-end=\"1246\"><span class=\"relative -mx-px my-[-0.2rem] rounded px-px py-[0.2rem] transition-colors duration-100 ease-in-out\" style=\"font-size: 14pt; color: #000000;\">Motor de turbina energ\u00e9ticamente eficiente<\/span><\/p>\n<\/li>\n<li data-start=\"1247\" data-end=\"1288\">\n<p data-start=\"1249\" data-end=\"1288\"><span class=\"relative -mx-px my-[-0.2rem] rounded px-px py-[0.2rem] transition-colors duration-100 ease-in-out\" style=\"font-size: 14pt; color: #000000;\">Pantalla t\u00e1ctil con indicador LED<\/span><\/p>\n<\/li>\n<li style=\"font-weight: 400 !important;\"><span style=\"font-size: 14pt; color: #000000;\">Capacidad de la bater\u00eda: 3600mAh<\/span><\/li>\n<li data-start=\"1289\" data-end=\"1330\">\n<p data-start=\"1291\" data-end=\"1330\"><span class=\"relative -mx-px my-[-0.2rem] rounded px-px py-[0.2rem] transition-colors duration-100 ease-in-out\" style=\"font-size: 14pt; color: #000000;\">Dise\u00f1o compacto y port\u00e1til<\/span><\/p>\n<\/li>\n<li data-start=\"1331\" data-end=\"1411\">\n<p data-start=\"1333\" data-end=\"1411\"><span class=\"relative -mx-px my-[-0.2rem] rounded px-px py-[0.2rem] transition-colors duration-100 ease-in-out\" style=\"font-size: 14pt; color: #000000;\">Bater\u00eda recargable para uso inal\u00e1mbrico<\/span><\/p>\n<\/li>\n<\/ul>\n<p><img loading=\"lazy\" decoding=\"async\" class=\"aligncenter wp-image-45251\" src=\"http:\/\/shopvalley.fr\/wp-content\/uploads\/2025\/05\/45222-ventilateur-portable-sans-pales__50176.1744807808.jpg\" alt=\"Ventilador port\u00e1til sin aspas 15\" width=\"534\" height=\"534\" srcset=\"https:\/\/shopvalley.fr\/wp-content\/uploads\/2025\/05\/45222-ventilateur-portable-sans-pales__50176.1744807808.jpg 600w, https:\/\/shopvalley.fr\/wp-content\/uploads\/2025\/05\/45222-ventilateur-portable-sans-pales__50176.1744807808-300x300.jpg 300w, https:\/\/shopvalley.fr\/wp-content\/uploads\/2025\/05\/45222-ventilateur-portable-sans-pales__50176.1744807808-150x150.jpg 150w, https:\/\/shopvalley.fr\/wp-content\/uploads\/2025\/05\/45222-ventilateur-portable-sans-pales__50176.1744807808-146x146.jpg 146w, https:\/\/shopvalley.fr\/wp-content\/uploads\/2025\/05\/45222-ventilateur-portable-sans-pales__50176.1744807808-430x430.jpg 430w\" sizes=\"auto, (max-width: 534px) 100vw, 534px\" \/><\/p>\n<h3 data-start=\"1418\" data-end=\"1492\"><span style=\"font-size: 14pt; color: #000000;\">\ud83d\uded2 <strong data-start=\"1425\" data-end=\"1492\">Haz tu pedido ahora y aprovecha una oferta excepcional<\/strong><\/span><\/h3>\n<p data-start=\"1494\" data-end=\"1654\"><span style=\"font-size: 14pt; color: #000000;\"><span class=\"relative -mx-px my-[-0.2rem] rounded px-px py-[0.2rem] transition-colors duration-100 ease-in-out\">No pierdas la oportunidad de comprar el Ventilador port\u00e1til sin aspas AirFresh a un precio reducido por tiempo limitado.<\/span> <span class=\"relative -mx-px my-[-0.2rem] rounded px-px py-[0.2rem] transition-colors duration-100 ease-in-out\">Benef\u00edciate del env\u00edo r\u00e1pido en 48 horas y de la garant\u00eda de devoluci\u00f3n del dinero.<\/span><\/span><\/p>\n","protected":false},"excerpt":{"rendered":"<p><span style=\"font-size: 14pt; color: #000000;\">\u00a1Desp\u00eddete del calor sofocante!<\/span><\/p>\n","protected":false},"featured_media":45086,"comment_status":"closed","ping_status":"closed","template":"","meta":[],"product_brand":[1139],"product_cat":[988,1085],"product_tag":[990],"class_list":{"0":"post-45298","1":"product","2":"type-product","3":"status-publish","4":"has-post-thumbnail","6":"product_brand-shopvalley","7":"product_cat-accesorios","8":"product_cat-shopping_es-es","9":"product_tag-noflash-es","11":"first","12":"instock","13":"sale","14":"taxable","15":"shipping-taxable","16":"purchasable","17":"product-type-variable","18":"has-default-attributes"},"yoast_head":"<!-- This site is optimized with the Yoast SEO plugin v27.4 - https:\/\/yoast.com\/product\/yoast-seo-wordpress\/ -->\n<title>Ventilador port\u00e1til sin aspas AirFresh - ShopValley<\/title>\n<meta name=\"description\" content=\"El ventilador port\u00e1til sin aspas AirFresh ofrece una soluci\u00f3n innovadora para mantenerse fresco en casa, en la oficina o en movimiento.\" \/>\n<meta name=\"robots\" content=\"index, follow, max-snippet:-1, max-image-preview:large, max-video-preview:-1\" \/>\n<link rel=\"canonical\" href=\"https:\/\/shopvalley.fr\/es\/produit\/ventilador-portatil-sin-aspas-airfresh\/\" \/>\n<meta property=\"og:locale\" content=\"es_ES\" \/>\n<meta property=\"og:type\" content=\"article\" \/>\n<meta property=\"og:title\" content=\"Ventilador port\u00e1til sin aspas AirFresh - ShopValley\" \/>\n<meta property=\"og:description\" content=\"El ventilador port\u00e1til sin aspas AirFresh ofrece una soluci\u00f3n innovadora para mantenerse fresco en casa, en la oficina o en movimiento.\" \/>\n<meta property=\"og:url\" content=\"https:\/\/shopvalley.fr\/es\/produit\/ventilador-portatil-sin-aspas-airfresh\/\" \/>\n<meta property=\"og:site_name\" content=\"ShopValley\" \/>\n<meta property=\"article:modified_time\" content=\"2025-11-18T19:55:47+00:00\" \/>\n<meta property=\"og:image\" content=\"http:\/\/shopvalley.fr\/wp-content\/uploads\/2025\/05\/45084-ventilateur-portable-sans-pales__43301.1744810158.386.513.jpg\" \/>\n\t<meta property=\"og:image:width\" content=\"386\" \/>\n\t<meta property=\"og:image:height\" content=\"386\" \/>\n\t<meta property=\"og:image:type\" content=\"image\/jpeg\" \/>\n<script type=\"application\/ld+json\" class=\"yoast-schema-graph\">{\"@context\":\"https:\\\/\\\/schema.org\",\"@graph\":[{\"@type\":\"WebPage\",\"@id\":\"https:\\\/\\\/shopvalley.fr\\\/es\\\/produit\\\/ventilador-portatil-sin-aspas-airfresh\\\/\",\"url\":\"https:\\\/\\\/shopvalley.fr\\\/es\\\/produit\\\/ventilador-portatil-sin-aspas-airfresh\\\/\",\"name\":\"Ventilador port\u00e1til sin aspas AirFresh - ShopValley\",\"isPartOf\":{\"@id\":\"https:\\\/\\\/shopvalley.fr\\\/es\\\/#website\"},\"primaryImageOfPage\":{\"@id\":\"https:\\\/\\\/shopvalley.fr\\\/es\\\/produit\\\/ventilador-portatil-sin-aspas-airfresh\\\/#primaryimage\"},\"image\":{\"@id\":\"https:\\\/\\\/shopvalley.fr\\\/es\\\/produit\\\/ventilador-portatil-sin-aspas-airfresh\\\/#primaryimage\"},\"thumbnailUrl\":\"https:\\\/\\\/shopvalley.fr\\\/wp-content\\\/uploads\\\/2025\\\/05\\\/45084-ventilateur-portable-sans-pales__43301.1744810158.386.513.jpg\",\"datePublished\":\"2025-05-20T05:15:52+00:00\",\"dateModified\":\"2025-11-18T19:55:47+00:00\",\"description\":\"El ventilador port\u00e1til sin aspas AirFresh ofrece una soluci\u00f3n innovadora para mantenerse fresco en casa, en la oficina o en movimiento.\",\"breadcrumb\":{\"@id\":\"https:\\\/\\\/shopvalley.fr\\\/es\\\/produit\\\/ventilador-portatil-sin-aspas-airfresh\\\/#breadcrumb\"},\"inLanguage\":\"es\",\"potentialAction\":[{\"@type\":\"ReadAction\",\"target\":[\"https:\\\/\\\/shopvalley.fr\\\/es\\\/produit\\\/ventilador-portatil-sin-aspas-airfresh\\\/\"]}]},{\"@type\":\"ImageObject\",\"inLanguage\":\"es\",\"@id\":\"https:\\\/\\\/shopvalley.fr\\\/es\\\/produit\\\/ventilador-portatil-sin-aspas-airfresh\\\/#primaryimage\",\"url\":\"https:\\\/\\\/shopvalley.fr\\\/wp-content\\\/uploads\\\/2025\\\/05\\\/45084-ventilateur-portable-sans-pales__43301.1744810158.386.513.jpg\",\"contentUrl\":\"https:\\\/\\\/shopvalley.fr\\\/wp-content\\\/uploads\\\/2025\\\/05\\\/45084-ventilateur-portable-sans-pales__43301.1744810158.386.513.jpg\",\"width\":386,\"height\":386},{\"@type\":\"BreadcrumbList\",\"@id\":\"https:\\\/\\\/shopvalley.fr\\\/es\\\/produit\\\/ventilador-portatil-sin-aspas-airfresh\\\/#breadcrumb\",\"itemListElement\":[{\"@type\":\"ListItem\",\"position\":1,\"name\":\"Accueil\",\"item\":\"https:\\\/\\\/shopvalley.fr\\\/es\\\/\"},{\"@type\":\"ListItem\",\"position\":2,\"name\":\"Todos los productos\",\"item\":\"https:\\\/\\\/shopvalley.fr\\\/es\\\/todos-los-productos\\\/\"},{\"@type\":\"ListItem\",\"position\":3,\"name\":\"Accessoires\",\"item\":\"https:\\\/\\\/shopvalley.fr\\\/categorie-produit\\\/accessoires\\\/\"},{\"@type\":\"ListItem\",\"position\":4,\"name\":\"Ventilador port\u00e1til sin aspas AirFresh\"}]},{\"@type\":\"WebSite\",\"@id\":\"https:\\\/\\\/shopvalley.fr\\\/es\\\/#website\",\"url\":\"https:\\\/\\\/shopvalley.fr\\\/es\\\/\",\"name\":\"ShopValley\",\"description\":\"\u00a1Productos de moda a precios bajos!\",\"publisher\":{\"@id\":\"https:\\\/\\\/shopvalley.fr\\\/es\\\/#organization\"},\"potentialAction\":[{\"@type\":\"SearchAction\",\"target\":{\"@type\":\"EntryPoint\",\"urlTemplate\":\"https:\\\/\\\/shopvalley.fr\\\/es\\\/?s={search_term_string}\"},\"query-input\":{\"@type\":\"PropertyValueSpecification\",\"valueRequired\":true,\"valueName\":\"search_term_string\"}}],\"inLanguage\":\"es\"},{\"@type\":\"Organization\",\"@id\":\"https:\\\/\\\/shopvalley.fr\\\/es\\\/#organization\",\"name\":\"Shopvalley\",\"url\":\"https:\\\/\\\/shopvalley.fr\\\/es\\\/\",\"logo\":{\"@type\":\"ImageObject\",\"inLanguage\":\"es\",\"@id\":\"https:\\\/\\\/shopvalley.fr\\\/es\\\/#\\\/schema\\\/logo\\\/image\\\/\",\"url\":\"https:\\\/\\\/shopvalley.fr\\\/wp-content\\\/uploads\\\/2023\\\/11\\\/cropped-Copie-de-Logo-ShopValley-500-x-500-px-1.png\",\"contentUrl\":\"https:\\\/\\\/shopvalley.fr\\\/wp-content\\\/uploads\\\/2023\\\/11\\\/cropped-Copie-de-Logo-ShopValley-500-x-500-px-1.png\",\"width\":512,\"height\":512,\"caption\":\"Shopvalley\"},\"image\":{\"@id\":\"https:\\\/\\\/shopvalley.fr\\\/es\\\/#\\\/schema\\\/logo\\\/image\\\/\"}}]}<\/script>\n<!-- \/ Yoast SEO plugin. -->","yoast_head_json":{"title":"Ventilador port\u00e1til sin aspas AirFresh - ShopValley","description":"El ventilador port\u00e1til sin aspas AirFresh ofrece una soluci\u00f3n innovadora para mantenerse fresco en casa, en la oficina o en movimiento.","robots":{"index":"index","follow":"follow","max-snippet":"max-snippet:-1","max-image-preview":"max-image-preview:large","max-video-preview":"max-video-preview:-1"},"canonical":"https:\/\/shopvalley.fr\/es\/produit\/ventilador-portatil-sin-aspas-airfresh\/","og_locale":"es_ES","og_type":"article","og_title":"Ventilador port\u00e1til sin aspas AirFresh - ShopValley","og_description":"El ventilador port\u00e1til sin aspas AirFresh ofrece una soluci\u00f3n innovadora para mantenerse fresco en casa, en la oficina o en movimiento.","og_url":"https:\/\/shopvalley.fr\/es\/produit\/ventilador-portatil-sin-aspas-airfresh\/","og_site_name":"ShopValley","article_modified_time":"2025-11-18T19:55:47+00:00","og_image":[{"width":386,"height":386,"url":"http:\/\/shopvalley.fr\/wp-content\/uploads\/2025\/05\/45084-ventilateur-portable-sans-pales__43301.1744810158.386.513.jpg","type":"image\/jpeg"}],"schema":{"@context":"https:\/\/schema.org","@graph":[{"@type":"WebPage","@id":"https:\/\/shopvalley.fr\/es\/produit\/ventilador-portatil-sin-aspas-airfresh\/","url":"https:\/\/shopvalley.fr\/es\/produit\/ventilador-portatil-sin-aspas-airfresh\/","name":"Ventilador port\u00e1til sin aspas AirFresh - ShopValley","isPartOf":{"@id":"https:\/\/shopvalley.fr\/es\/#website"},"primaryImageOfPage":{"@id":"https:\/\/shopvalley.fr\/es\/produit\/ventilador-portatil-sin-aspas-airfresh\/#primaryimage"},"image":{"@id":"https:\/\/shopvalley.fr\/es\/produit\/ventilador-portatil-sin-aspas-airfresh\/#primaryimage"},"thumbnailUrl":"https:\/\/shopvalley.fr\/wp-content\/uploads\/2025\/05\/45084-ventilateur-portable-sans-pales__43301.1744810158.386.513.jpg","datePublished":"2025-05-20T05:15:52+00:00","dateModified":"2025-11-18T19:55:47+00:00","description":"El ventilador port\u00e1til sin aspas AirFresh ofrece una soluci\u00f3n innovadora para mantenerse fresco en casa, en la oficina o en movimiento.","breadcrumb":{"@id":"https:\/\/shopvalley.fr\/es\/produit\/ventilador-portatil-sin-aspas-airfresh\/#breadcrumb"},"inLanguage":"es","potentialAction":[{"@type":"ReadAction","target":["https:\/\/shopvalley.fr\/es\/produit\/ventilador-portatil-sin-aspas-airfresh\/"]}]},{"@type":"ImageObject","inLanguage":"es","@id":"https:\/\/shopvalley.fr\/es\/produit\/ventilador-portatil-sin-aspas-airfresh\/#primaryimage","url":"https:\/\/shopvalley.fr\/wp-content\/uploads\/2025\/05\/45084-ventilateur-portable-sans-pales__43301.1744810158.386.513.jpg","contentUrl":"https:\/\/shopvalley.fr\/wp-content\/uploads\/2025\/05\/45084-ventilateur-portable-sans-pales__43301.1744810158.386.513.jpg","width":386,"height":386},{"@type":"BreadcrumbList","@id":"https:\/\/shopvalley.fr\/es\/produit\/ventilador-portatil-sin-aspas-airfresh\/#breadcrumb","itemListElement":[{"@type":"ListItem","position":1,"name":"Accueil","item":"https:\/\/shopvalley.fr\/es\/"},{"@type":"ListItem","position":2,"name":"Todos los productos","item":"https:\/\/shopvalley.fr\/es\/todos-los-productos\/"},{"@type":"ListItem","position":3,"name":"Accessoires","item":"https:\/\/shopvalley.fr\/categorie-produit\/accessoires\/"},{"@type":"ListItem","position":4,"name":"Ventilador port\u00e1til sin aspas AirFresh"}]},{"@type":"WebSite","@id":"https:\/\/shopvalley.fr\/es\/#website","url":"https:\/\/shopvalley.fr\/es\/","name":"ShopValley","description":"\u00a1Productos de moda a precios bajos!","publisher":{"@id":"https:\/\/shopvalley.fr\/es\/#organization"},"potentialAction":[{"@type":"SearchAction","target":{"@type":"EntryPoint","urlTemplate":"https:\/\/shopvalley.fr\/es\/?s={search_term_string}"},"query-input":{"@type":"PropertyValueSpecification","valueRequired":true,"valueName":"search_term_string"}}],"inLanguage":"es"},{"@type":"Organization","@id":"https:\/\/shopvalley.fr\/es\/#organization","name":"Shopvalley","url":"https:\/\/shopvalley.fr\/es\/","logo":{"@type":"ImageObject","inLanguage":"es","@id":"https:\/\/shopvalley.fr\/es\/#\/schema\/logo\/image\/","url":"https:\/\/shopvalley.fr\/wp-content\/uploads\/2023\/11\/cropped-Copie-de-Logo-ShopValley-500-x-500-px-1.png","contentUrl":"https:\/\/shopvalley.fr\/wp-content\/uploads\/2023\/11\/cropped-Copie-de-Logo-ShopValley-500-x-500-px-1.png","width":512,"height":512,"caption":"Shopvalley"},"image":{"@id":"https:\/\/shopvalley.fr\/es\/#\/schema\/logo\/image\/"}}]}},"jetpack_sharing_enabled":true,"_links":{"self":[{"href":"https:\/\/shopvalley.fr\/es\/wp-json\/wp\/v2\/product\/45298","targetHints":{"allow":["GET"]}}],"collection":[{"href":"https:\/\/shopvalley.fr\/es\/wp-json\/wp\/v2\/product"}],"about":[{"href":"https:\/\/shopvalley.fr\/es\/wp-json\/wp\/v2\/types\/product"}],"replies":[{"embeddable":true,"href":"https:\/\/shopvalley.fr\/es\/wp-json\/wp\/v2\/comments?post=45298"}],"version-history":[{"count":2,"href":"https:\/\/shopvalley.fr\/es\/wp-json\/wp\/v2\/product\/45298\/revisions"}],"predecessor-version":[{"id":51507,"href":"https:\/\/shopvalley.fr\/es\/wp-json\/wp\/v2\/product\/45298\/revisions\/51507"}],"wp:featuredmedia":[{"embeddable":true,"href":"https:\/\/shopvalley.fr\/es\/wp-json\/wp\/v2\/media\/45086"}],"wp:attachment":[{"href":"https:\/\/shopvalley.fr\/es\/wp-json\/wp\/v2\/media?parent=45298"}],"wp:term":[{"taxonomy":"product_brand","embeddable":true,"href":"https:\/\/shopvalley.fr\/es\/wp-json\/wp\/v2\/product_brand?post=45298"},{"taxonomy":"product_cat","embeddable":true,"href":"https:\/\/shopvalley.fr\/es\/wp-json\/wp\/v2\/product_cat?post=45298"},{"taxonomy":"product_tag","embeddable":true,"href":"https:\/\/shopvalley.fr\/es\/wp-json\/wp\/v2\/product_tag?post=45298"}],"curies":[{"name":"wp","href":"https:\/\/api.w.org\/{rel}","templated":true}]}}