{"id":45037,"date":"2023-01-08T22:01:13","date_gmt":"2023-01-08T21:01:13","guid":{"rendered":"https:\/\/shopvalley.fr\/produit\/bebedero-antidesbordamiento-para-perros-y-gatos-15l\/"},"modified":"2025-11-17T20:58:35","modified_gmt":"2025-11-17T19:58:35","slug":"bebedero-antidesbordamiento-para-perros-y-gatos-15l","status":"publish","type":"product","link":"https:\/\/shopvalley.fr\/es\/produit\/bebedero-antidesbordamiento-para-perros-y-gatos-15l\/","title":{"rendered":"Bebedero antidesbordamiento para perros y gatos 1,5l"},"content":{"rendered":"<p><span style=\"font-size: 14pt; color: #000000;\">\u00bfCansado de los desbordamientos de agua provocados por tu mascota? Descubre nuestra Cubeta de agua antiderrames de 1,5 l, dise\u00f1ada para ofrecer una soluci\u00f3n pr\u00e1ctica y eficaz. Gracias a su ingenioso dise\u00f1o y a su material de alta calidad, podr\u00e1s decir adi\u00f3s a la molestia de limpiar las salpicaduras de agua en el suelo. <\/span><\/p>\n<p><span style=\"color: #000000;\"><img loading=\"lazy\" decoding=\"async\" class=\"aligncenter wp-image-16708\" src=\"http:\/\/shopvalley.fr\/wp-content\/uploads\/2023\/07\/Gamelle.gif\" alt=\"Recipiente de agua a prueba de derrames 1,5l\" width=\"517\" height=\"291\" \/><\/span><\/p>\n<p>&nbsp;<\/p>\n<p><span style=\"color: #000000;\"><img loading=\"lazy\" decoding=\"async\" class=\"aligncenter wp-image-16712 \" src=\"http:\/\/shopvalley.fr\/wp-content\/uploads\/2023\/07\/4_e9f649ee-7190-4974-ab0c-48213afd0e45.png\" alt=\"\" width=\"488\" height=\"488\" srcset=\"https:\/\/shopvalley.fr\/wp-content\/uploads\/2023\/07\/4_e9f649ee-7190-4974-ab0c-48213afd0e45.png 800w, https:\/\/shopvalley.fr\/wp-content\/uploads\/2023\/07\/4_e9f649ee-7190-4974-ab0c-48213afd0e45-430x430.png 430w, https:\/\/shopvalley.fr\/wp-content\/uploads\/2023\/07\/4_e9f649ee-7190-4974-ab0c-48213afd0e45-150x150.png 150w, https:\/\/shopvalley.fr\/wp-content\/uploads\/2023\/07\/4_e9f649ee-7190-4974-ab0c-48213afd0e45-700x700.png 700w, https:\/\/shopvalley.fr\/wp-content\/uploads\/2023\/07\/4_e9f649ee-7190-4974-ab0c-48213afd0e45-300x300.png 300w, https:\/\/shopvalley.fr\/wp-content\/uploads\/2023\/07\/4_e9f649ee-7190-4974-ab0c-48213afd0e45-768x768.png 768w\" sizes=\"auto, (max-width: 488px) 100vw, 488px\" \/><\/span><\/p>\n<p>&nbsp;<\/p>\n<h5><span style=\"font-size: 14pt; color: #000000;\"><strong>Material de alta calidad para un uso sin problemas<\/strong><\/span><\/h5>\n<p><span style=\"font-size: 14pt; color: #000000;\">Fabricado con ABS y PP de alta calidad, nuestro bebedero es duradero y resistente. Est\u00e1 dise\u00f1ado para dejar al descubierto la cantidad justa de agua en el cuenco, evitando que tu mascota derrame agua por el suelo mientras bebe. <\/span><\/p>\n<p><span style=\"color: #000000;\"><img loading=\"lazy\" decoding=\"async\" class=\"aligncenter wp-image-16711\" src=\"http:\/\/shopvalley.fr\/wp-content\/uploads\/2023\/07\/5qo4gamelle-chien-Distributeur-d-eau-Portable-sans-d-versement-bol-flottant-pour-chien-et-chat-pas-1.jpg\" alt=\"Recipiente de agua a prueba de derrames 1,5l\" width=\"382\" height=\"382\" srcset=\"https:\/\/shopvalley.fr\/wp-content\/uploads\/2023\/07\/5qo4gamelle-chien-Distributeur-d-eau-Portable-sans-d-versement-bol-flottant-pour-chien-et-chat-pas-1.jpg 800w, https:\/\/shopvalley.fr\/wp-content\/uploads\/2023\/07\/5qo4gamelle-chien-Distributeur-d-eau-Portable-sans-d-versement-bol-flottant-pour-chien-et-chat-pas-1-430x430.jpg 430w, https:\/\/shopvalley.fr\/wp-content\/uploads\/2023\/07\/5qo4gamelle-chien-Distributeur-d-eau-Portable-sans-d-versement-bol-flottant-pour-chien-et-chat-pas-1-150x150.jpg 150w, https:\/\/shopvalley.fr\/wp-content\/uploads\/2023\/07\/5qo4gamelle-chien-Distributeur-d-eau-Portable-sans-d-versement-bol-flottant-pour-chien-et-chat-pas-1-700x700.jpg 700w, https:\/\/shopvalley.fr\/wp-content\/uploads\/2023\/07\/5qo4gamelle-chien-Distributeur-d-eau-Portable-sans-d-versement-bol-flottant-pour-chien-et-chat-pas-1-300x300.jpg 300w, https:\/\/shopvalley.fr\/wp-content\/uploads\/2023\/07\/5qo4gamelle-chien-Distributeur-d-eau-Portable-sans-d-versement-bol-flottant-pour-chien-et-chat-pas-1-768x768.jpg 768w\" sizes=\"auto, (max-width: 382px) 100vw, 382px\" \/><\/span><\/p>\n<h5><span style=\"font-size: 14pt; color: #000000;\"><strong>Dise\u00f1o ingenioso para un consumo controlado<\/strong><\/span><\/h5>\n<p><span style=\"font-size: 14pt; color: #000000;\">Gracias al plato flotante y al orificio arqueado, nuestro comedero controla autom\u00e1ticamente la cantidad de agua. El disco flotante ralentiza la velocidad de bebida de tu mascota, evitando que se atasque y salpique. Cuando la lengua de tu mascota toca el disco flotante, la velocidad de bebida se reduce, garantizando una experiencia agradable a tu amigo de cuatro patas. <\/span><\/p>\n<p><span style=\"color: #000000;\"><img loading=\"lazy\" decoding=\"async\" class=\"aligncenter wp-image-16709 \" src=\"http:\/\/shopvalley.fr\/wp-content\/uploads\/2023\/07\/SNISgamelle-chien-Distributeur-d-eau-Portable-sans-d-versement-bol-flottant-pour-chien-et-chat-pas-1.jpg\" alt=\"Recipiente de agua a prueba de derrames 1,5l\" width=\"501\" height=\"501\" srcset=\"https:\/\/shopvalley.fr\/wp-content\/uploads\/2023\/07\/SNISgamelle-chien-Distributeur-d-eau-Portable-sans-d-versement-bol-flottant-pour-chien-et-chat-pas-1.jpg 800w, https:\/\/shopvalley.fr\/wp-content\/uploads\/2023\/07\/SNISgamelle-chien-Distributeur-d-eau-Portable-sans-d-versement-bol-flottant-pour-chien-et-chat-pas-1-430x430.jpg 430w, https:\/\/shopvalley.fr\/wp-content\/uploads\/2023\/07\/SNISgamelle-chien-Distributeur-d-eau-Portable-sans-d-versement-bol-flottant-pour-chien-et-chat-pas-1-150x150.jpg 150w, https:\/\/shopvalley.fr\/wp-content\/uploads\/2023\/07\/SNISgamelle-chien-Distributeur-d-eau-Portable-sans-d-versement-bol-flottant-pour-chien-et-chat-pas-1-700x700.jpg 700w, https:\/\/shopvalley.fr\/wp-content\/uploads\/2023\/07\/SNISgamelle-chien-Distributeur-d-eau-Portable-sans-d-versement-bol-flottant-pour-chien-et-chat-pas-1-300x300.jpg 300w, https:\/\/shopvalley.fr\/wp-content\/uploads\/2023\/07\/SNISgamelle-chien-Distributeur-d-eau-Portable-sans-d-versement-bol-flottant-pour-chien-et-chat-pas-1-768x768.jpg 768w\" sizes=\"auto, (max-width: 501px) 100vw, 501px\" \/><\/span><\/p>\n<p><span style=\"font-size: 14pt; color: #000000;\"><strong>Gran capacidad para un d\u00eda sin problemas<\/strong><\/span><\/p>\n<p><span style=\"font-size: 14pt; color: #000000;\">Con sus generosas dimensiones de 22,5 x 18,5 x 7,8 cm, nuestro cuenco ofrece una gran capacidad de 1,5 L. No tendr\u00e1s que preocuparte de rellenar el cuenco varias veces al d\u00eda, ya que cubrir\u00e1 las necesidades de agua potable de tu mascota durante todo un d\u00eda.<\/span><\/p>\n<p><span style=\"color: #000000;\"><img loading=\"lazy\" decoding=\"async\" class=\"aligncenter wp-image-16710 \" src=\"http:\/\/shopvalley.fr\/wp-content\/uploads\/2023\/07\/5_24f3239f-797f-4d20-bb7f-ff4a763fe599.png\" alt=\"Recipiente de agua a prueba de derrames 1,5l\" width=\"369\" height=\"369\" srcset=\"https:\/\/shopvalley.fr\/wp-content\/uploads\/2023\/07\/5_24f3239f-797f-4d20-bb7f-ff4a763fe599.png 800w, https:\/\/shopvalley.fr\/wp-content\/uploads\/2023\/07\/5_24f3239f-797f-4d20-bb7f-ff4a763fe599-430x430.png 430w, https:\/\/shopvalley.fr\/wp-content\/uploads\/2023\/07\/5_24f3239f-797f-4d20-bb7f-ff4a763fe599-150x150.png 150w, https:\/\/shopvalley.fr\/wp-content\/uploads\/2023\/07\/5_24f3239f-797f-4d20-bb7f-ff4a763fe599-700x700.png 700w, https:\/\/shopvalley.fr\/wp-content\/uploads\/2023\/07\/5_24f3239f-797f-4d20-bb7f-ff4a763fe599-300x300.png 300w, https:\/\/shopvalley.fr\/wp-content\/uploads\/2023\/07\/5_24f3239f-797f-4d20-bb7f-ff4a763fe599-768x768.png 768w\" sizes=\"auto, (max-width: 369px) 100vw, 369px\" \/><\/span><\/p>\n<h5><span style=\"font-size: 14pt; color: #000000;\"><strong>Agua m\u00e1s limpia para animales m\u00e1s felices<\/strong>:<\/span><\/h5>\n<p><span style=\"font-size: 14pt; color: #000000;\">Nuestro cuenco para perros est\u00e1 dise\u00f1ado para evitar que el polvo, la suciedad y el pelo de las mascotas caigan en el agua, garantizando agua limpia y fresca durante todo el d\u00eda. A tus gatitos, gatos, cachorros y perros les encantar\u00e1, y podr\u00e1s ofrecerles una hidrataci\u00f3n sana e higi\u00e9nica. <\/span><\/p>\n<p><span style=\"font-size: 14pt; color: #000000;\">\u00a1Di adi\u00f3s a los derrames de agua y a los suelos mojados! Ofrece a tu mascota una experiencia de beber agradable y sin complicaciones con nuestra Cubeta de agua antiderrames de 1,5 l. Haz tu pedido ahora y disfruta de un entorno limpio y saludable para ti y tu adorable compa\u00f1ero. <\/span><\/p>\n<p><span style=\"color: #000000;\"><img loading=\"lazy\" decoding=\"async\" class=\"alignnone wp-image-16689 \" src=\"http:\/\/shopvalley.fr\/wp-content\/uploads\/2023\/07\/1614651331941-1.jpg\" alt=\"Recipiente de agua a prueba de derrames 1,5l\" width=\"363\" height=\"363\" srcset=\"https:\/\/shopvalley.fr\/wp-content\/uploads\/2023\/07\/1614651331941-1.jpg 800w, https:\/\/shopvalley.fr\/wp-content\/uploads\/2023\/07\/1614651331941-1-430x430.jpg 430w, https:\/\/shopvalley.fr\/wp-content\/uploads\/2023\/07\/1614651331941-1-150x150.jpg 150w, https:\/\/shopvalley.fr\/wp-content\/uploads\/2023\/07\/1614651331941-1-700x700.jpg 700w, https:\/\/shopvalley.fr\/wp-content\/uploads\/2023\/07\/1614651331941-1-300x300.jpg 300w, https:\/\/shopvalley.fr\/wp-content\/uploads\/2023\/07\/1614651331941-1-768x768.jpg 768w\" sizes=\"auto, (max-width: 363px) 100vw, 363px\" \/> <img loading=\"lazy\" decoding=\"async\" class=\"alignnone wp-image-16683 \" src=\"http:\/\/shopvalley.fr\/wp-content\/uploads\/2023\/07\/83639716-b526-4a95-b703-d3ea0bae0c4c-1.jpg\" alt=\"Recipiente de agua a prueba de derrames 1,5l\" width=\"377\" height=\"377\" srcset=\"https:\/\/shopvalley.fr\/wp-content\/uploads\/2023\/07\/83639716-b526-4a95-b703-d3ea0bae0c4c-1.jpg 800w, https:\/\/shopvalley.fr\/wp-content\/uploads\/2023\/07\/83639716-b526-4a95-b703-d3ea0bae0c4c-1-430x430.jpg 430w, https:\/\/shopvalley.fr\/wp-content\/uploads\/2023\/07\/83639716-b526-4a95-b703-d3ea0bae0c4c-1-150x150.jpg 150w, https:\/\/shopvalley.fr\/wp-content\/uploads\/2023\/07\/83639716-b526-4a95-b703-d3ea0bae0c4c-1-700x700.jpg 700w, https:\/\/shopvalley.fr\/wp-content\/uploads\/2023\/07\/83639716-b526-4a95-b703-d3ea0bae0c4c-1-300x300.jpg 300w, https:\/\/shopvalley.fr\/wp-content\/uploads\/2023\/07\/83639716-b526-4a95-b703-d3ea0bae0c4c-1-768x768.jpg 768w\" sizes=\"auto, (max-width: 377px) 100vw, 377px\" \/><\/span><\/p>\n","protected":false},"excerpt":{"rendered":"<p><span style=\"font-size: 14pt; color: #000000;\">\u00a1Una soluci\u00f3n pr\u00e1ctica para mantener el suelo limpio y a tu mascota hidratada!<\/span><\/p>\n","protected":false},"featured_media":35939,"comment_status":"closed","ping_status":"closed","template":"","meta":[],"product_brand":[],"product_cat":[853],"product_tag":[990],"class_list":{"0":"post-45037","1":"product","2":"type-product","3":"status-publish","4":"has-post-thumbnail","6":"product_cat-non-classe","7":"product_tag-noflash-es","9":"first","10":"instock","11":"taxable","12":"shipping-taxable","13":"purchasable","14":"product-type-variable","15":"has-default-attributes"},"yoast_head":"<!-- This site is optimized with the Yoast SEO plugin v27.4 - https:\/\/yoast.com\/product\/yoast-seo-wordpress\/ -->\n<title>Bebedero antidesbordamiento para perros y gatos 1,5l - ShopValley<\/title>\n<meta name=\"description\" content=\"\u00bfCansado de los derrames de agua causados por tu mascota? Descubre nuestro bebedero antidesbordamiento de 1,5 l,\" \/>\n<meta name=\"robots\" content=\"index, follow, max-snippet:-1, max-image-preview:large, max-video-preview:-1\" \/>\n<link rel=\"canonical\" href=\"https:\/\/shopvalley.fr\/es\/produit\/bebedero-antidesbordamiento-para-perros-y-gatos-15l\/\" \/>\n<meta property=\"og:locale\" content=\"es_ES\" \/>\n<meta property=\"og:type\" content=\"article\" \/>\n<meta property=\"og:title\" content=\"Bebedero antidesbordamiento para perros y gatos 1,5l - ShopValley\" \/>\n<meta property=\"og:description\" content=\"\u00bfCansado de los derrames de agua causados por tu mascota? Descubre nuestro bebedero antidesbordamiento de 1,5 l,\" \/>\n<meta property=\"og:url\" content=\"https:\/\/shopvalley.fr\/es\/produit\/bebedero-antidesbordamiento-para-perros-y-gatos-15l\/\" \/>\n<meta property=\"og:site_name\" content=\"ShopValley\" \/>\n<meta property=\"article:modified_time\" content=\"2025-11-17T19:58:35+00:00\" \/>\n<meta property=\"og:image\" content=\"http:\/\/shopvalley.fr\/wp-content\/uploads\/2023\/07\/1_83639716-b526-4a95-b703-d3ea0bae0c4c-removebg-preview.png\" \/>\n\t<meta property=\"og:image:width\" content=\"500\" \/>\n\t<meta property=\"og:image:height\" content=\"500\" \/>\n\t<meta property=\"og:image:type\" content=\"image\/png\" \/>\n<script type=\"application\/ld+json\" class=\"yoast-schema-graph\">{\"@context\":\"https:\\\/\\\/schema.org\",\"@graph\":[{\"@type\":\"WebPage\",\"@id\":\"https:\\\/\\\/shopvalley.fr\\\/es\\\/produit\\\/bebedero-antidesbordamiento-para-perros-y-gatos-15l\\\/\",\"url\":\"https:\\\/\\\/shopvalley.fr\\\/es\\\/produit\\\/bebedero-antidesbordamiento-para-perros-y-gatos-15l\\\/\",\"name\":\"Bebedero antidesbordamiento para perros y gatos 1,5l - ShopValley\",\"isPartOf\":{\"@id\":\"https:\\\/\\\/shopvalley.fr\\\/es\\\/#website\"},\"primaryImageOfPage\":{\"@id\":\"https:\\\/\\\/shopvalley.fr\\\/es\\\/produit\\\/bebedero-antidesbordamiento-para-perros-y-gatos-15l\\\/#primaryimage\"},\"image\":{\"@id\":\"https:\\\/\\\/shopvalley.fr\\\/es\\\/produit\\\/bebedero-antidesbordamiento-para-perros-y-gatos-15l\\\/#primaryimage\"},\"thumbnailUrl\":\"https:\\\/\\\/shopvalley.fr\\\/wp-content\\\/uploads\\\/2023\\\/07\\\/1_83639716-b526-4a95-b703-d3ea0bae0c4c-removebg-preview.png\",\"datePublished\":\"2023-01-08T21:01:13+00:00\",\"dateModified\":\"2025-11-17T19:58:35+00:00\",\"description\":\"\u00bfCansado de los derrames de agua causados por tu mascota? Descubre nuestro bebedero antidesbordamiento de 1,5 l,\",\"breadcrumb\":{\"@id\":\"https:\\\/\\\/shopvalley.fr\\\/es\\\/produit\\\/bebedero-antidesbordamiento-para-perros-y-gatos-15l\\\/#breadcrumb\"},\"inLanguage\":\"es\",\"potentialAction\":[{\"@type\":\"ReadAction\",\"target\":[\"https:\\\/\\\/shopvalley.fr\\\/es\\\/produit\\\/bebedero-antidesbordamiento-para-perros-y-gatos-15l\\\/\"]}]},{\"@type\":\"ImageObject\",\"inLanguage\":\"es\",\"@id\":\"https:\\\/\\\/shopvalley.fr\\\/es\\\/produit\\\/bebedero-antidesbordamiento-para-perros-y-gatos-15l\\\/#primaryimage\",\"url\":\"https:\\\/\\\/shopvalley.fr\\\/wp-content\\\/uploads\\\/2023\\\/07\\\/1_83639716-b526-4a95-b703-d3ea0bae0c4c-removebg-preview.png\",\"contentUrl\":\"https:\\\/\\\/shopvalley.fr\\\/wp-content\\\/uploads\\\/2023\\\/07\\\/1_83639716-b526-4a95-b703-d3ea0bae0c4c-removebg-preview.png\",\"width\":500,\"height\":500},{\"@type\":\"BreadcrumbList\",\"@id\":\"https:\\\/\\\/shopvalley.fr\\\/es\\\/produit\\\/bebedero-antidesbordamiento-para-perros-y-gatos-15l\\\/#breadcrumb\",\"itemListElement\":[{\"@type\":\"ListItem\",\"position\":1,\"name\":\"Accueil\",\"item\":\"https:\\\/\\\/shopvalley.fr\\\/es\\\/\"},{\"@type\":\"ListItem\",\"position\":2,\"name\":\"Todos los productos\",\"item\":\"https:\\\/\\\/shopvalley.fr\\\/es\\\/todos-los-productos\\\/\"},{\"@type\":\"ListItem\",\"position\":3,\"name\":\"Animaux\",\"item\":\"https:\\\/\\\/shopvalley.fr\\\/categorie-produit\\\/animaux\\\/\"},{\"@type\":\"ListItem\",\"position\":4,\"name\":\"Bebedero antidesbordamiento para perros y gatos 1,5l\"}]},{\"@type\":\"WebSite\",\"@id\":\"https:\\\/\\\/shopvalley.fr\\\/es\\\/#website\",\"url\":\"https:\\\/\\\/shopvalley.fr\\\/es\\\/\",\"name\":\"ShopValley\",\"description\":\"\u00a1Productos de moda a precios bajos!\",\"publisher\":{\"@id\":\"https:\\\/\\\/shopvalley.fr\\\/es\\\/#organization\"},\"potentialAction\":[{\"@type\":\"SearchAction\",\"target\":{\"@type\":\"EntryPoint\",\"urlTemplate\":\"https:\\\/\\\/shopvalley.fr\\\/es\\\/?s={search_term_string}\"},\"query-input\":{\"@type\":\"PropertyValueSpecification\",\"valueRequired\":true,\"valueName\":\"search_term_string\"}}],\"inLanguage\":\"es\"},{\"@type\":\"Organization\",\"@id\":\"https:\\\/\\\/shopvalley.fr\\\/es\\\/#organization\",\"name\":\"Shopvalley\",\"url\":\"https:\\\/\\\/shopvalley.fr\\\/es\\\/\",\"logo\":{\"@type\":\"ImageObject\",\"inLanguage\":\"es\",\"@id\":\"https:\\\/\\\/shopvalley.fr\\\/es\\\/#\\\/schema\\\/logo\\\/image\\\/\",\"url\":\"https:\\\/\\\/shopvalley.fr\\\/wp-content\\\/uploads\\\/2023\\\/11\\\/cropped-Copie-de-Logo-ShopValley-500-x-500-px-1.png\",\"contentUrl\":\"https:\\\/\\\/shopvalley.fr\\\/wp-content\\\/uploads\\\/2023\\\/11\\\/cropped-Copie-de-Logo-ShopValley-500-x-500-px-1.png\",\"width\":512,\"height\":512,\"caption\":\"Shopvalley\"},\"image\":{\"@id\":\"https:\\\/\\\/shopvalley.fr\\\/es\\\/#\\\/schema\\\/logo\\\/image\\\/\"}}]}<\/script>\n<!-- \/ Yoast SEO plugin. -->","yoast_head_json":{"title":"Bebedero antidesbordamiento para perros y gatos 1,5l - ShopValley","description":"\u00bfCansado de los derrames de agua causados por tu mascota? Descubre nuestro bebedero antidesbordamiento de 1,5 l,","robots":{"index":"index","follow":"follow","max-snippet":"max-snippet:-1","max-image-preview":"max-image-preview:large","max-video-preview":"max-video-preview:-1"},"canonical":"https:\/\/shopvalley.fr\/es\/produit\/bebedero-antidesbordamiento-para-perros-y-gatos-15l\/","og_locale":"es_ES","og_type":"article","og_title":"Bebedero antidesbordamiento para perros y gatos 1,5l - ShopValley","og_description":"\u00bfCansado de los derrames de agua causados por tu mascota? Descubre nuestro bebedero antidesbordamiento de 1,5 l,","og_url":"https:\/\/shopvalley.fr\/es\/produit\/bebedero-antidesbordamiento-para-perros-y-gatos-15l\/","og_site_name":"ShopValley","article_modified_time":"2025-11-17T19:58:35+00:00","og_image":[{"width":500,"height":500,"url":"http:\/\/shopvalley.fr\/wp-content\/uploads\/2023\/07\/1_83639716-b526-4a95-b703-d3ea0bae0c4c-removebg-preview.png","type":"image\/png"}],"schema":{"@context":"https:\/\/schema.org","@graph":[{"@type":"WebPage","@id":"https:\/\/shopvalley.fr\/es\/produit\/bebedero-antidesbordamiento-para-perros-y-gatos-15l\/","url":"https:\/\/shopvalley.fr\/es\/produit\/bebedero-antidesbordamiento-para-perros-y-gatos-15l\/","name":"Bebedero antidesbordamiento para perros y gatos 1,5l - ShopValley","isPartOf":{"@id":"https:\/\/shopvalley.fr\/es\/#website"},"primaryImageOfPage":{"@id":"https:\/\/shopvalley.fr\/es\/produit\/bebedero-antidesbordamiento-para-perros-y-gatos-15l\/#primaryimage"},"image":{"@id":"https:\/\/shopvalley.fr\/es\/produit\/bebedero-antidesbordamiento-para-perros-y-gatos-15l\/#primaryimage"},"thumbnailUrl":"https:\/\/shopvalley.fr\/wp-content\/uploads\/2023\/07\/1_83639716-b526-4a95-b703-d3ea0bae0c4c-removebg-preview.png","datePublished":"2023-01-08T21:01:13+00:00","dateModified":"2025-11-17T19:58:35+00:00","description":"\u00bfCansado de los derrames de agua causados por tu mascota? Descubre nuestro bebedero antidesbordamiento de 1,5 l,","breadcrumb":{"@id":"https:\/\/shopvalley.fr\/es\/produit\/bebedero-antidesbordamiento-para-perros-y-gatos-15l\/#breadcrumb"},"inLanguage":"es","potentialAction":[{"@type":"ReadAction","target":["https:\/\/shopvalley.fr\/es\/produit\/bebedero-antidesbordamiento-para-perros-y-gatos-15l\/"]}]},{"@type":"ImageObject","inLanguage":"es","@id":"https:\/\/shopvalley.fr\/es\/produit\/bebedero-antidesbordamiento-para-perros-y-gatos-15l\/#primaryimage","url":"https:\/\/shopvalley.fr\/wp-content\/uploads\/2023\/07\/1_83639716-b526-4a95-b703-d3ea0bae0c4c-removebg-preview.png","contentUrl":"https:\/\/shopvalley.fr\/wp-content\/uploads\/2023\/07\/1_83639716-b526-4a95-b703-d3ea0bae0c4c-removebg-preview.png","width":500,"height":500},{"@type":"BreadcrumbList","@id":"https:\/\/shopvalley.fr\/es\/produit\/bebedero-antidesbordamiento-para-perros-y-gatos-15l\/#breadcrumb","itemListElement":[{"@type":"ListItem","position":1,"name":"Accueil","item":"https:\/\/shopvalley.fr\/es\/"},{"@type":"ListItem","position":2,"name":"Todos los productos","item":"https:\/\/shopvalley.fr\/es\/todos-los-productos\/"},{"@type":"ListItem","position":3,"name":"Animaux","item":"https:\/\/shopvalley.fr\/categorie-produit\/animaux\/"},{"@type":"ListItem","position":4,"name":"Bebedero antidesbordamiento para perros y gatos 1,5l"}]},{"@type":"WebSite","@id":"https:\/\/shopvalley.fr\/es\/#website","url":"https:\/\/shopvalley.fr\/es\/","name":"ShopValley","description":"\u00a1Productos de moda a precios bajos!","publisher":{"@id":"https:\/\/shopvalley.fr\/es\/#organization"},"potentialAction":[{"@type":"SearchAction","target":{"@type":"EntryPoint","urlTemplate":"https:\/\/shopvalley.fr\/es\/?s={search_term_string}"},"query-input":{"@type":"PropertyValueSpecification","valueRequired":true,"valueName":"search_term_string"}}],"inLanguage":"es"},{"@type":"Organization","@id":"https:\/\/shopvalley.fr\/es\/#organization","name":"Shopvalley","url":"https:\/\/shopvalley.fr\/es\/","logo":{"@type":"ImageObject","inLanguage":"es","@id":"https:\/\/shopvalley.fr\/es\/#\/schema\/logo\/image\/","url":"https:\/\/shopvalley.fr\/wp-content\/uploads\/2023\/11\/cropped-Copie-de-Logo-ShopValley-500-x-500-px-1.png","contentUrl":"https:\/\/shopvalley.fr\/wp-content\/uploads\/2023\/11\/cropped-Copie-de-Logo-ShopValley-500-x-500-px-1.png","width":512,"height":512,"caption":"Shopvalley"},"image":{"@id":"https:\/\/shopvalley.fr\/es\/#\/schema\/logo\/image\/"}}]}},"jetpack_sharing_enabled":true,"_links":{"self":[{"href":"https:\/\/shopvalley.fr\/es\/wp-json\/wp\/v2\/product\/45037","targetHints":{"allow":["GET"]}}],"collection":[{"href":"https:\/\/shopvalley.fr\/es\/wp-json\/wp\/v2\/product"}],"about":[{"href":"https:\/\/shopvalley.fr\/es\/wp-json\/wp\/v2\/types\/product"}],"replies":[{"embeddable":true,"href":"https:\/\/shopvalley.fr\/es\/wp-json\/wp\/v2\/comments?post=45037"}],"version-history":[{"count":1,"href":"https:\/\/shopvalley.fr\/es\/wp-json\/wp\/v2\/product\/45037\/revisions"}],"predecessor-version":[{"id":51580,"href":"https:\/\/shopvalley.fr\/es\/wp-json\/wp\/v2\/product\/45037\/revisions\/51580"}],"wp:featuredmedia":[{"embeddable":true,"href":"https:\/\/shopvalley.fr\/es\/wp-json\/wp\/v2\/media\/35939"}],"wp:attachment":[{"href":"https:\/\/shopvalley.fr\/es\/wp-json\/wp\/v2\/media?parent=45037"}],"wp:term":[{"taxonomy":"product_brand","embeddable":true,"href":"https:\/\/shopvalley.fr\/es\/wp-json\/wp\/v2\/product_brand?post=45037"},{"taxonomy":"product_cat","embeddable":true,"href":"https:\/\/shopvalley.fr\/es\/wp-json\/wp\/v2\/product_cat?post=45037"},{"taxonomy":"product_tag","embeddable":true,"href":"https:\/\/shopvalley.fr\/es\/wp-json\/wp\/v2\/product_tag?post=45037"}],"curies":[{"name":"wp","href":"https:\/\/api.w.org\/{rel}","templated":true}]}}