{"id":44996,"date":"2023-01-15T22:36:34","date_gmt":"2023-01-15T21:36:34","guid":{"rendered":"https:\/\/shopvalley.fr\/produit\/sandalias-ortopedicas-de-verano-con-puntera-abierta-para-mujer\/"},"modified":"2025-11-18T20:55:42","modified_gmt":"2025-11-18T19:55:42","slug":"sandalias-ortopedicas-de-verano-con-puntera-abierta-para-mujer","status":"publish","type":"product","link":"https:\/\/shopvalley.fr\/es\/produit\/sandalias-ortopedicas-de-verano-con-puntera-abierta-para-mujer\/","title":{"rendered":"Sandalias ortop\u00e9dicas de verano con puntera abierta para mujer"},"content":{"rendered":"<h5><span style=\"font-size: 14pt; color: #ff0000;\"><em>(Te aconsejamos que cojas una talla m\u00e1s para este art\u00edculo)<\/em><\/span><\/h5>\n<p><span style=\"font-size: 14pt; color: #000000;\">Descubre nuestras nuevas sandalias ortop\u00e9dicas de verano para mujer, perfectas para los d\u00edas soleados en la playa o las actividades de ocio al aire libre. Dise\u00f1adas para aliviar el dolor de pies y mejorar tu postura, estas sandalias ofrecen una sujeci\u00f3n \u00f3ptima y una comodidad excepcional. <\/span><\/p>\n<h5><span style=\"color: #000000;\"><strong><span style=\"font-size: 14pt;\">Alivia el dolor de pies con nuestras sandalias ortop\u00e9dicas de verano<\/span><\/strong><\/span><\/h5>\n<p><span style=\"font-size: 14pt; color: #000000;\">Si sufres dolor de tal\u00f3n o afecciones como la fascitis plantar, nuestras sandalias ortop\u00e9dicas de verano para mujer son para ti. Antes de acudir al m\u00e9dico, prueba estas c\u00f3modas sandalias especialmente dise\u00f1adas para<strong> realinear tu postura al estar de pie y al caminar<\/strong>. Ofrecen <strong>un apoyo \u00f3ptimo<\/strong> y ayudan a <strong>aliviar el dolor de pies, rodillas y talones<\/strong>. No dejes que el dolor te impida disfrutar de los d\u00edas soleados. <\/span><\/p>\n<p><span style=\"color: #000000;\"><img loading=\"lazy\" decoding=\"async\" class=\"aligncenter wp-image-15899 \" src=\"http:\/\/shopvalley.fr\/wp-content\/uploads\/2023\/06\/sandales2.gif\" alt=\"Sandalias ortop\u00e9dicas de verano para mujer\" width=\"434\" height=\"434\" \/><\/span><\/p>\n<h5><span style=\"color: #000000;\"><strong><span style=\"font-size: 14pt;\">Realinea tu postura con estilo<\/span><\/strong><\/span><\/h5>\n<p><span style=\"font-size: 14pt; color: #000000;\">Nuestras sandalias ortop\u00e9dicas de verano son la elecci\u00f3n adecuada para realinear tu postura y, al mismo tiempo, estar a la \u00faltima moda. Tanto si est\u00e1s de pie como caminando, estas sandalias te proporcionar\u00e1n un apoyo y una comodidad inigualables. Pueden ajustarse para <strong>adaptarse perfecta y c\u00f3modamente a tus pies<\/strong>, ya sean planos, con arcos bajos o altos. Deja que nuestras sandalias cuiden de tus pies y te den el apoyo que necesitas. <\/span><\/p>\n<p><span style=\"color: #000000;\"><img loading=\"lazy\" decoding=\"async\" class=\"alignnone wp-image-15900 \" src=\"http:\/\/shopvalley.fr\/wp-content\/uploads\/2023\/06\/sandales-1.gif\" alt=\"Sandalias ortop\u00e9dicas de verano para mujer\" width=\"410\" height=\"410\" \/> <img loading=\"lazy\" decoding=\"async\" class=\"alignnone wp-image-15888 \" src=\"http:\/\/shopvalley.fr\/wp-content\/uploads\/2023\/06\/1620291228309.jpg\" alt=\"Sandalias ortop\u00e9dicas de verano para mujer\" width=\"409\" height=\"409\" srcset=\"https:\/\/shopvalley.fr\/wp-content\/uploads\/2023\/06\/1620291228309.jpg 800w, https:\/\/shopvalley.fr\/wp-content\/uploads\/2023\/06\/1620291228309-430x430.jpg 430w, https:\/\/shopvalley.fr\/wp-content\/uploads\/2023\/06\/1620291228309-150x150.jpg 150w, https:\/\/shopvalley.fr\/wp-content\/uploads\/2023\/06\/1620291228309-700x700.jpg 700w, https:\/\/shopvalley.fr\/wp-content\/uploads\/2023\/06\/1620291228309-300x300.jpg 300w, https:\/\/shopvalley.fr\/wp-content\/uploads\/2023\/06\/1620291228309-768x768.jpg 768w\" sizes=\"auto, (max-width: 409px) 100vw, 409px\" \/> <img loading=\"lazy\" decoding=\"async\" class=\"wp-image-15887 aligncenter\" src=\"http:\/\/shopvalley.fr\/wp-content\/uploads\/2023\/06\/1620291228297.jpg\" alt=\"Sandalias ortop\u00e9dicas de verano para mujer\" width=\"410\" height=\"410\" srcset=\"https:\/\/shopvalley.fr\/wp-content\/uploads\/2023\/06\/1620291228297.jpg 800w, https:\/\/shopvalley.fr\/wp-content\/uploads\/2023\/06\/1620291228297-430x430.jpg 430w, https:\/\/shopvalley.fr\/wp-content\/uploads\/2023\/06\/1620291228297-150x150.jpg 150w, https:\/\/shopvalley.fr\/wp-content\/uploads\/2023\/06\/1620291228297-700x700.jpg 700w, https:\/\/shopvalley.fr\/wp-content\/uploads\/2023\/06\/1620291228297-300x300.jpg 300w, https:\/\/shopvalley.fr\/wp-content\/uploads\/2023\/06\/1620291228297-768x768.jpg 768w\" sizes=\"auto, (max-width: 410px) 100vw, 410px\" \/><\/span><\/p>\n<h5><span style=\"color: #000000;\"><strong><span style=\"font-size: 14pt;\">Confort \u00f3ptimo para aliviar el dolor de pies<\/span><\/strong><\/span><\/h5>\n<p><span style=\"font-size: 14pt; color: #000000;\">Nuestras sandalias ortop\u00e9dicas est\u00e1n especialmente dise\u00f1adas para proporcionar <strong>soporte al arco plantar<\/strong>, a la vez que son blandas y flexibles para absorber los impactos, amortiguar los golpes y mantenerte c\u00f3modo. Son ideales para personas con pie de corredor, pie plano, tendinitis de Aquiles, dolor de espinillas y otros problemas en los pies. Camina c\u00f3modamente mientras alivias el dolor con nuestras sandalias ortop\u00e9dicas. <\/span><\/p>\n<p><span style=\"color: #000000;\"><img loading=\"lazy\" decoding=\"async\" class=\"aligncenter wp-image-15892 \" src=\"http:\/\/shopvalley.fr\/wp-content\/uploads\/2023\/06\/GxEjSandales-orthop-diques-d-t-D2-pour-femmes-tongs-de-plage-soulagement-de-la-douleur-des.jpg\" alt=\"Sandalias ortop\u00e9dicas de verano para mujer\" width=\"464\" height=\"464\" srcset=\"https:\/\/shopvalley.fr\/wp-content\/uploads\/2023\/06\/GxEjSandales-orthop-diques-d-t-D2-pour-femmes-tongs-de-plage-soulagement-de-la-douleur-des.jpg 800w, https:\/\/shopvalley.fr\/wp-content\/uploads\/2023\/06\/GxEjSandales-orthop-diques-d-t-D2-pour-femmes-tongs-de-plage-soulagement-de-la-douleur-des-430x430.jpg 430w, https:\/\/shopvalley.fr\/wp-content\/uploads\/2023\/06\/GxEjSandales-orthop-diques-d-t-D2-pour-femmes-tongs-de-plage-soulagement-de-la-douleur-des-150x150.jpg 150w, https:\/\/shopvalley.fr\/wp-content\/uploads\/2023\/06\/GxEjSandales-orthop-diques-d-t-D2-pour-femmes-tongs-de-plage-soulagement-de-la-douleur-des-700x700.jpg 700w, https:\/\/shopvalley.fr\/wp-content\/uploads\/2023\/06\/GxEjSandales-orthop-diques-d-t-D2-pour-femmes-tongs-de-plage-soulagement-de-la-douleur-des-300x300.jpg 300w, https:\/\/shopvalley.fr\/wp-content\/uploads\/2023\/06\/GxEjSandales-orthop-diques-d-t-D2-pour-femmes-tongs-de-plage-soulagement-de-la-douleur-des-768x768.jpg 768w\" sizes=\"auto, (max-width: 464px) 100vw, 464px\" \/><\/span><\/p>\n<p><img loading=\"lazy\" decoding=\"async\" class=\"aligncenter size-full wp-image-31111\" src=\"http:\/\/shopvalley.fr\/wp-content\/uploads\/2023\/01\/969249b3-8ef6-4df8-a3f8-a667d8cf8535.webp\" alt=\"\" width=\"480\" height=\"383\" srcset=\"https:\/\/shopvalley.fr\/wp-content\/uploads\/2023\/01\/969249b3-8ef6-4df8-a3f8-a667d8cf8535.webp 480w, https:\/\/shopvalley.fr\/wp-content\/uploads\/2023\/01\/969249b3-8ef6-4df8-a3f8-a667d8cf8535-150x120.webp 150w, https:\/\/shopvalley.fr\/wp-content\/uploads\/2023\/01\/969249b3-8ef6-4df8-a3f8-a667d8cf8535-376x300.webp 376w\" sizes=\"auto, (max-width: 480px) 100vw, 480px\" \/><\/p>\n<h5><span style=\"color: #000000;\"><strong><span style=\"font-size: 14pt;\">Vers\u00e1til y elegante para todas las ocasiones<\/span><\/strong><\/span><\/h5>\n<p><span style=\"font-size: 14pt; color: #000000;\">Nuestras sandalias ortop\u00e9dicas de verano para mujer no s\u00f3lo son funcionales, sino tambi\u00e9n elegantes para una gran variedad de ocasiones veraniegas. Ya sea un paseo por la playa, una excursi\u00f3n a la ciudad o un d\u00eda de relax en casa, estas sandalias combinan estilo y comodidad. Te ayudan a mantener la posici\u00f3n correcta del pie, protegiendo el tal\u00f3n durante los aterrizajes de alto impacto al caminar o correr. Adem\u00e1s, te ayudan a estabilizar el pie para que te sientas segura a cada paso. <\/span><\/p>\n<p><span style=\"color: #000000;\"><img loading=\"lazy\" decoding=\"async\" class=\"aligncenter wp-image-15894 \" src=\"http:\/\/shopvalley.fr\/wp-content\/uploads\/2023\/06\/PmfhSandales-orthop-diques-d-t-D2-pour-femmes-tongs-de-plage-soulagement-de-la-douleur-des.jpg\" alt=\"\" width=\"435\" height=\"435\" srcset=\"https:\/\/shopvalley.fr\/wp-content\/uploads\/2023\/06\/PmfhSandales-orthop-diques-d-t-D2-pour-femmes-tongs-de-plage-soulagement-de-la-douleur-des.jpg 800w, https:\/\/shopvalley.fr\/wp-content\/uploads\/2023\/06\/PmfhSandales-orthop-diques-d-t-D2-pour-femmes-tongs-de-plage-soulagement-de-la-douleur-des-430x430.jpg 430w, https:\/\/shopvalley.fr\/wp-content\/uploads\/2023\/06\/PmfhSandales-orthop-diques-d-t-D2-pour-femmes-tongs-de-plage-soulagement-de-la-douleur-des-150x150.jpg 150w, https:\/\/shopvalley.fr\/wp-content\/uploads\/2023\/06\/PmfhSandales-orthop-diques-d-t-D2-pour-femmes-tongs-de-plage-soulagement-de-la-douleur-des-700x700.jpg 700w, https:\/\/shopvalley.fr\/wp-content\/uploads\/2023\/06\/PmfhSandales-orthop-diques-d-t-D2-pour-femmes-tongs-de-plage-soulagement-de-la-douleur-des-300x300.jpg 300w, https:\/\/shopvalley.fr\/wp-content\/uploads\/2023\/06\/PmfhSandales-orthop-diques-d-t-D2-pour-femmes-tongs-de-plage-soulagement-de-la-douleur-des-768x768.jpg 768w\" sizes=\"auto, (max-width: 435px) 100vw, 435px\" \/><\/span><\/p>\n<p>&nbsp;<\/p>\n<p>&nbsp;<\/p>\n<p style=\"text-align: center;\"><strong><span style=\"font-size: 18pt; color: #ff0000;\">Antes de hacer tu pedido, te recomendamos encarecidamente que midas la longitud de tus pies y la cotejes con nuestra \u00abGU\u00cdA DE TALLAS\u00bb de la parte superior de la p\u00e1gina para elegir la talla que mejor se adapte a ti.<\/span><\/strong><\/p>\n<p>&nbsp;<\/p>\n<p><a href=\"http:\/\/shopvalley.fr\/wp-content\/uploads\/2025\/02\/Taille_Pied-1.png\"><img loading=\"lazy\" decoding=\"async\" class=\"aligncenter wp-image-26241\" src=\"http:\/\/shopvalley.fr\/wp-content\/uploads\/2025\/02\/Taille_Pied-1.png\" alt=\"\" width=\"493\" height=\"379\" \/><\/a><\/p>\n<p>&nbsp;<\/p>\n<p><span style=\"font-size: 14pt; color: #000000;\">No dejes que el dolor de pies te estropee el verano. Elige ahora nuestras sandalias ortop\u00e9dicas de verano para mujer y <strong>disfruta de una comodidad y un alivio del dolor excepcionales<\/strong>. Haz tu pedido hoy y descubre el placer de caminar sin molestias. Tus pies te lo agradecer\u00e1n. <\/span><\/p>\n","protected":false},"excerpt":{"rendered":"<p><span style=\"font-size: 14pt; color: #000000;\">Descubre nuestras nuevas sandalias ortop\u00e9dicas de verano para mujer, perfectas para los d\u00edas soleados en la playa o las actividades de ocio al aire libre.<\/span><\/p>\n","protected":false},"featured_media":35608,"comment_status":"closed","ping_status":"closed","template":"","meta":[],"product_brand":[],"product_cat":[853],"product_tag":[990],"class_list":{"0":"post-44996","1":"product","2":"type-product","3":"status-publish","4":"has-post-thumbnail","6":"product_cat-non-classe","7":"product_tag-noflash-es","9":"first","10":"instock","11":"sale","12":"taxable","13":"shipping-taxable","14":"purchasable","15":"product-type-variable","16":"has-default-attributes"},"yoast_head":"<!-- This site is optimized with the Yoast SEO plugin v27.4 - https:\/\/yoast.com\/product\/yoast-seo-wordpress\/ -->\n<title>Sandalias ortop\u00e9dicas de verano con puntera abierta para mujer - ShopValley<\/title>\n<meta name=\"description\" content=\"Descubre nuestras nuevas sandalias ortop\u00e9dicas de verano para mujer, para los d\u00edas soleados en la playa o las actividades de ocio al aire libre.\" \/>\n<meta name=\"robots\" content=\"index, follow, max-snippet:-1, max-image-preview:large, max-video-preview:-1\" \/>\n<link rel=\"canonical\" href=\"https:\/\/shopvalley.fr\/es\/produit\/sandalias-ortopedicas-de-verano-con-puntera-abierta-para-mujer\/\" \/>\n<meta property=\"og:locale\" content=\"es_ES\" \/>\n<meta property=\"og:type\" content=\"article\" \/>\n<meta property=\"og:title\" content=\"Sandalias ortop\u00e9dicas de verano con puntera abierta para mujer - ShopValley\" \/>\n<meta property=\"og:description\" content=\"Descubre nuestras nuevas sandalias ortop\u00e9dicas de verano para mujer, para los d\u00edas soleados en la playa o las actividades de ocio al aire libre.\" \/>\n<meta property=\"og:url\" content=\"https:\/\/shopvalley.fr\/es\/produit\/sandalias-ortopedicas-de-verano-con-puntera-abierta-para-mujer\/\" \/>\n<meta property=\"og:site_name\" content=\"ShopValley\" \/>\n<meta property=\"article:modified_time\" content=\"2025-11-18T19:55:42+00:00\" \/>\n<meta property=\"og:image\" content=\"http:\/\/shopvalley.fr\/wp-content\/uploads\/2023\/06\/1620306936537.jpg\" \/>\n\t<meta property=\"og:image:width\" content=\"800\" \/>\n\t<meta property=\"og:image:height\" content=\"800\" \/>\n\t<meta property=\"og:image:type\" content=\"image\/jpeg\" \/>\n<script type=\"application\/ld+json\" class=\"yoast-schema-graph\">{\"@context\":\"https:\\\/\\\/schema.org\",\"@graph\":[{\"@type\":\"WebPage\",\"@id\":\"https:\\\/\\\/shopvalley.fr\\\/es\\\/produit\\\/sandalias-ortopedicas-de-verano-con-puntera-abierta-para-mujer\\\/\",\"url\":\"https:\\\/\\\/shopvalley.fr\\\/es\\\/produit\\\/sandalias-ortopedicas-de-verano-con-puntera-abierta-para-mujer\\\/\",\"name\":\"Sandalias ortop\u00e9dicas de verano con puntera abierta para mujer - ShopValley\",\"isPartOf\":{\"@id\":\"https:\\\/\\\/shopvalley.fr\\\/es\\\/#website\"},\"primaryImageOfPage\":{\"@id\":\"https:\\\/\\\/shopvalley.fr\\\/es\\\/produit\\\/sandalias-ortopedicas-de-verano-con-puntera-abierta-para-mujer\\\/#primaryimage\"},\"image\":{\"@id\":\"https:\\\/\\\/shopvalley.fr\\\/es\\\/produit\\\/sandalias-ortopedicas-de-verano-con-puntera-abierta-para-mujer\\\/#primaryimage\"},\"thumbnailUrl\":\"https:\\\/\\\/shopvalley.fr\\\/wp-content\\\/uploads\\\/2023\\\/06\\\/1620306936537.jpg\",\"datePublished\":\"2023-01-15T21:36:34+00:00\",\"dateModified\":\"2025-11-18T19:55:42+00:00\",\"description\":\"Descubre nuestras nuevas sandalias ortop\u00e9dicas de verano para mujer, para los d\u00edas soleados en la playa o las actividades de ocio al aire libre.\",\"breadcrumb\":{\"@id\":\"https:\\\/\\\/shopvalley.fr\\\/es\\\/produit\\\/sandalias-ortopedicas-de-verano-con-puntera-abierta-para-mujer\\\/#breadcrumb\"},\"inLanguage\":\"es\",\"potentialAction\":[{\"@type\":\"ReadAction\",\"target\":[\"https:\\\/\\\/shopvalley.fr\\\/es\\\/produit\\\/sandalias-ortopedicas-de-verano-con-puntera-abierta-para-mujer\\\/\"]}]},{\"@type\":\"ImageObject\",\"inLanguage\":\"es\",\"@id\":\"https:\\\/\\\/shopvalley.fr\\\/es\\\/produit\\\/sandalias-ortopedicas-de-verano-con-puntera-abierta-para-mujer\\\/#primaryimage\",\"url\":\"https:\\\/\\\/shopvalley.fr\\\/wp-content\\\/uploads\\\/2023\\\/06\\\/1620306936537.jpg\",\"contentUrl\":\"https:\\\/\\\/shopvalley.fr\\\/wp-content\\\/uploads\\\/2023\\\/06\\\/1620306936537.jpg\",\"width\":800,\"height\":800},{\"@type\":\"BreadcrumbList\",\"@id\":\"https:\\\/\\\/shopvalley.fr\\\/es\\\/produit\\\/sandalias-ortopedicas-de-verano-con-puntera-abierta-para-mujer\\\/#breadcrumb\",\"itemListElement\":[{\"@type\":\"ListItem\",\"position\":1,\"name\":\"Accueil\",\"item\":\"https:\\\/\\\/shopvalley.fr\\\/es\\\/\"},{\"@type\":\"ListItem\",\"position\":2,\"name\":\"Todos los productos\",\"item\":\"https:\\\/\\\/shopvalley.fr\\\/es\\\/todos-los-productos\\\/\"},{\"@type\":\"ListItem\",\"position\":3,\"name\":\"Chaussures\",\"item\":\"https:\\\/\\\/shopvalley.fr\\\/categorie-produit\\\/chaussures\\\/\"},{\"@type\":\"ListItem\",\"position\":4,\"name\":\"Sandalias ortop\u00e9dicas de verano con puntera abierta para mujer\"}]},{\"@type\":\"WebSite\",\"@id\":\"https:\\\/\\\/shopvalley.fr\\\/es\\\/#website\",\"url\":\"https:\\\/\\\/shopvalley.fr\\\/es\\\/\",\"name\":\"ShopValley\",\"description\":\"\u00a1Productos de moda a precios bajos!\",\"publisher\":{\"@id\":\"https:\\\/\\\/shopvalley.fr\\\/es\\\/#organization\"},\"potentialAction\":[{\"@type\":\"SearchAction\",\"target\":{\"@type\":\"EntryPoint\",\"urlTemplate\":\"https:\\\/\\\/shopvalley.fr\\\/es\\\/?s={search_term_string}\"},\"query-input\":{\"@type\":\"PropertyValueSpecification\",\"valueRequired\":true,\"valueName\":\"search_term_string\"}}],\"inLanguage\":\"es\"},{\"@type\":\"Organization\",\"@id\":\"https:\\\/\\\/shopvalley.fr\\\/es\\\/#organization\",\"name\":\"Shopvalley\",\"url\":\"https:\\\/\\\/shopvalley.fr\\\/es\\\/\",\"logo\":{\"@type\":\"ImageObject\",\"inLanguage\":\"es\",\"@id\":\"https:\\\/\\\/shopvalley.fr\\\/es\\\/#\\\/schema\\\/logo\\\/image\\\/\",\"url\":\"https:\\\/\\\/shopvalley.fr\\\/wp-content\\\/uploads\\\/2023\\\/11\\\/cropped-Copie-de-Logo-ShopValley-500-x-500-px-1.png\",\"contentUrl\":\"https:\\\/\\\/shopvalley.fr\\\/wp-content\\\/uploads\\\/2023\\\/11\\\/cropped-Copie-de-Logo-ShopValley-500-x-500-px-1.png\",\"width\":512,\"height\":512,\"caption\":\"Shopvalley\"},\"image\":{\"@id\":\"https:\\\/\\\/shopvalley.fr\\\/es\\\/#\\\/schema\\\/logo\\\/image\\\/\"}}]}<\/script>\n<!-- \/ Yoast SEO plugin. -->","yoast_head_json":{"title":"Sandalias ortop\u00e9dicas de verano con puntera abierta para mujer - ShopValley","description":"Descubre nuestras nuevas sandalias ortop\u00e9dicas de verano para mujer, para los d\u00edas soleados en la playa o las actividades de ocio al aire libre.","robots":{"index":"index","follow":"follow","max-snippet":"max-snippet:-1","max-image-preview":"max-image-preview:large","max-video-preview":"max-video-preview:-1"},"canonical":"https:\/\/shopvalley.fr\/es\/produit\/sandalias-ortopedicas-de-verano-con-puntera-abierta-para-mujer\/","og_locale":"es_ES","og_type":"article","og_title":"Sandalias ortop\u00e9dicas de verano con puntera abierta para mujer - ShopValley","og_description":"Descubre nuestras nuevas sandalias ortop\u00e9dicas de verano para mujer, para los d\u00edas soleados en la playa o las actividades de ocio al aire libre.","og_url":"https:\/\/shopvalley.fr\/es\/produit\/sandalias-ortopedicas-de-verano-con-puntera-abierta-para-mujer\/","og_site_name":"ShopValley","article_modified_time":"2025-11-18T19:55:42+00:00","og_image":[{"width":800,"height":800,"url":"http:\/\/shopvalley.fr\/wp-content\/uploads\/2023\/06\/1620306936537.jpg","type":"image\/jpeg"}],"schema":{"@context":"https:\/\/schema.org","@graph":[{"@type":"WebPage","@id":"https:\/\/shopvalley.fr\/es\/produit\/sandalias-ortopedicas-de-verano-con-puntera-abierta-para-mujer\/","url":"https:\/\/shopvalley.fr\/es\/produit\/sandalias-ortopedicas-de-verano-con-puntera-abierta-para-mujer\/","name":"Sandalias ortop\u00e9dicas de verano con puntera abierta para mujer - ShopValley","isPartOf":{"@id":"https:\/\/shopvalley.fr\/es\/#website"},"primaryImageOfPage":{"@id":"https:\/\/shopvalley.fr\/es\/produit\/sandalias-ortopedicas-de-verano-con-puntera-abierta-para-mujer\/#primaryimage"},"image":{"@id":"https:\/\/shopvalley.fr\/es\/produit\/sandalias-ortopedicas-de-verano-con-puntera-abierta-para-mujer\/#primaryimage"},"thumbnailUrl":"https:\/\/shopvalley.fr\/wp-content\/uploads\/2023\/06\/1620306936537.jpg","datePublished":"2023-01-15T21:36:34+00:00","dateModified":"2025-11-18T19:55:42+00:00","description":"Descubre nuestras nuevas sandalias ortop\u00e9dicas de verano para mujer, para los d\u00edas soleados en la playa o las actividades de ocio al aire libre.","breadcrumb":{"@id":"https:\/\/shopvalley.fr\/es\/produit\/sandalias-ortopedicas-de-verano-con-puntera-abierta-para-mujer\/#breadcrumb"},"inLanguage":"es","potentialAction":[{"@type":"ReadAction","target":["https:\/\/shopvalley.fr\/es\/produit\/sandalias-ortopedicas-de-verano-con-puntera-abierta-para-mujer\/"]}]},{"@type":"ImageObject","inLanguage":"es","@id":"https:\/\/shopvalley.fr\/es\/produit\/sandalias-ortopedicas-de-verano-con-puntera-abierta-para-mujer\/#primaryimage","url":"https:\/\/shopvalley.fr\/wp-content\/uploads\/2023\/06\/1620306936537.jpg","contentUrl":"https:\/\/shopvalley.fr\/wp-content\/uploads\/2023\/06\/1620306936537.jpg","width":800,"height":800},{"@type":"BreadcrumbList","@id":"https:\/\/shopvalley.fr\/es\/produit\/sandalias-ortopedicas-de-verano-con-puntera-abierta-para-mujer\/#breadcrumb","itemListElement":[{"@type":"ListItem","position":1,"name":"Accueil","item":"https:\/\/shopvalley.fr\/es\/"},{"@type":"ListItem","position":2,"name":"Todos los productos","item":"https:\/\/shopvalley.fr\/es\/todos-los-productos\/"},{"@type":"ListItem","position":3,"name":"Chaussures","item":"https:\/\/shopvalley.fr\/categorie-produit\/chaussures\/"},{"@type":"ListItem","position":4,"name":"Sandalias ortop\u00e9dicas de verano con puntera abierta para mujer"}]},{"@type":"WebSite","@id":"https:\/\/shopvalley.fr\/es\/#website","url":"https:\/\/shopvalley.fr\/es\/","name":"ShopValley","description":"\u00a1Productos de moda a precios bajos!","publisher":{"@id":"https:\/\/shopvalley.fr\/es\/#organization"},"potentialAction":[{"@type":"SearchAction","target":{"@type":"EntryPoint","urlTemplate":"https:\/\/shopvalley.fr\/es\/?s={search_term_string}"},"query-input":{"@type":"PropertyValueSpecification","valueRequired":true,"valueName":"search_term_string"}}],"inLanguage":"es"},{"@type":"Organization","@id":"https:\/\/shopvalley.fr\/es\/#organization","name":"Shopvalley","url":"https:\/\/shopvalley.fr\/es\/","logo":{"@type":"ImageObject","inLanguage":"es","@id":"https:\/\/shopvalley.fr\/es\/#\/schema\/logo\/image\/","url":"https:\/\/shopvalley.fr\/wp-content\/uploads\/2023\/11\/cropped-Copie-de-Logo-ShopValley-500-x-500-px-1.png","contentUrl":"https:\/\/shopvalley.fr\/wp-content\/uploads\/2023\/11\/cropped-Copie-de-Logo-ShopValley-500-x-500-px-1.png","width":512,"height":512,"caption":"Shopvalley"},"image":{"@id":"https:\/\/shopvalley.fr\/es\/#\/schema\/logo\/image\/"}}]}},"jetpack_sharing_enabled":true,"_links":{"self":[{"href":"https:\/\/shopvalley.fr\/es\/wp-json\/wp\/v2\/product\/44996","targetHints":{"allow":["GET"]}}],"collection":[{"href":"https:\/\/shopvalley.fr\/es\/wp-json\/wp\/v2\/product"}],"about":[{"href":"https:\/\/shopvalley.fr\/es\/wp-json\/wp\/v2\/types\/product"}],"replies":[{"embeddable":true,"href":"https:\/\/shopvalley.fr\/es\/wp-json\/wp\/v2\/comments?post=44996"}],"version-history":[{"count":2,"href":"https:\/\/shopvalley.fr\/es\/wp-json\/wp\/v2\/product\/44996\/revisions"}],"predecessor-version":[{"id":51578,"href":"https:\/\/shopvalley.fr\/es\/wp-json\/wp\/v2\/product\/44996\/revisions\/51578"}],"wp:featuredmedia":[{"embeddable":true,"href":"https:\/\/shopvalley.fr\/es\/wp-json\/wp\/v2\/media\/35608"}],"wp:attachment":[{"href":"https:\/\/shopvalley.fr\/es\/wp-json\/wp\/v2\/media?parent=44996"}],"wp:term":[{"taxonomy":"product_brand","embeddable":true,"href":"https:\/\/shopvalley.fr\/es\/wp-json\/wp\/v2\/product_brand?post=44996"},{"taxonomy":"product_cat","embeddable":true,"href":"https:\/\/shopvalley.fr\/es\/wp-json\/wp\/v2\/product_cat?post=44996"},{"taxonomy":"product_tag","embeddable":true,"href":"https:\/\/shopvalley.fr\/es\/wp-json\/wp\/v2\/product_tag?post=44996"}],"curies":[{"name":"wp","href":"https:\/\/api.w.org\/{rel}","templated":true}]}}