{"id":44520,"date":"2025-03-03T21:32:58","date_gmt":"2025-03-03T20:32:58","guid":{"rendered":"https:\/\/shopvalley.fr\/produit\/camara-de-vigilancia-inalambrica-solar\/"},"modified":"2025-11-17T20:58:40","modified_gmt":"2025-11-17T19:58:40","slug":"camara-de-vigilancia-inalambrica-solar","status":"publish","type":"product","link":"https:\/\/shopvalley.fr\/es\/produit\/camara-de-vigilancia-inalambrica-solar\/","title":{"rendered":"C\u00e1mara de vigilancia inal\u00e1mbrica solar"},"content":{"rendered":"<h3 data-start=\"0\" data-end=\"90\"><span style=\"font-size: 14pt; color: #000000;\">\ud83d\udd12 <strong data-start=\"7\" data-end=\"88\">Asegura tu casa con una c\u00e1mara solar inal\u00e1mbrica<\/strong><\/span><\/h3>\n<p data-start=\"92\" data-end=\"366\"><span style=\"font-size: 14pt; color: #000000;\">Protege tu casa 24 horas al d\u00eda, 7 d\u00edas a la semana, con nuestra <strong data-start=\"162\" data-end=\"205\">C\u00e1mara de vigilancia inal\u00e1mbrica solar<\/strong>. Equipada con un <strong data-start=\"220\" data-end=\"247\">panel solar integrado<\/strong>, funciona de forma aut\u00f3noma, sin cables ni electricidad, \u00a1para una vigilancia <strong data-start=\"334\" data-end=\"362\">econ\u00f3mica y respetuosa con el medio ambiente<\/strong>! <\/span><\/p>\n<p data-start=\"92\" data-end=\"366\"><img loading=\"lazy\" decoding=\"async\" class=\"aligncenter wp-image-43536\" src=\"http:\/\/shopvalley.fr\/wp-content\/uploads\/2025\/03\/43527-camera-de-surveillance-sans-fil-solaire-camesafe__34116.1665564938.jpg\" alt=\"C\u00e1mara de vigilancia inal\u00e1mbrica solar CameSafe\u2122 5\" width=\"500\" height=\"500\" srcset=\"https:\/\/shopvalley.fr\/wp-content\/uploads\/2025\/03\/43527-camera-de-surveillance-sans-fil-solaire-camesafe__34116.1665564938.jpg 600w, https:\/\/shopvalley.fr\/wp-content\/uploads\/2025\/03\/43527-camera-de-surveillance-sans-fil-solaire-camesafe__34116.1665564938-300x300.jpg 300w, https:\/\/shopvalley.fr\/wp-content\/uploads\/2025\/03\/43527-camera-de-surveillance-sans-fil-solaire-camesafe__34116.1665564938-150x150.jpg 150w, https:\/\/shopvalley.fr\/wp-content\/uploads\/2025\/03\/43527-camera-de-surveillance-sans-fil-solaire-camesafe__34116.1665564938-146x146.jpg 146w, https:\/\/shopvalley.fr\/wp-content\/uploads\/2025\/03\/43527-camera-de-surveillance-sans-fil-solaire-camesafe__34116.1665564938-430x430.jpg 430w\" sizes=\"auto, (max-width: 500px) 100vw, 500px\" \/><\/p>\n<h3 data-start=\"373\" data-end=\"431\"><span style=\"font-size: 14pt; color: #000000;\">\u2600\ufe0f C\u00e1mara de vigilancia inal\u00e1mbrica solar: <strong data-start=\"380\" data-end=\"429\">Autonom\u00eda ilimitada gracias a la energ\u00eda solar<\/strong><\/span><\/h3>\n<p data-start=\"432\" data-end=\"700\"><span style=\"font-size: 14pt; color: #000000;\">\u00a1Se acabaron las pilas que recargar y los cables voluminosos! Gracias a su <strong data-start=\"503\" data-end=\"540\">panel solar de alto rendimiento<\/strong>, esta c\u00e1mara se recarga autom\u00e1ticamente para <strong data-start=\"592\" data-end=\"616\">un uso continuo<\/strong>. Incluso en d\u00edas nublados, su bater\u00eda de larga duraci\u00f3n garantiza una protecci\u00f3n \u00f3ptima. <\/span><\/p>\n<p data-start=\"432\" data-end=\"700\"><img loading=\"lazy\" decoding=\"async\" class=\"aligncenter wp-image-43540\" src=\"http:\/\/shopvalley.fr\/wp-content\/uploads\/2025\/03\/43527-camera-de-surveillance-sans-fil-solaire-camesafe__05129.1665570323.jpg\" alt=\"C\u00e1mara de vigilancia inal\u00e1mbrica solar CameSafe\u2122 7\" width=\"521\" height=\"522\" srcset=\"https:\/\/shopvalley.fr\/wp-content\/uploads\/2025\/03\/43527-camera-de-surveillance-sans-fil-solaire-camesafe__05129.1665570323.jpg 600w, https:\/\/shopvalley.fr\/wp-content\/uploads\/2025\/03\/43527-camera-de-surveillance-sans-fil-solaire-camesafe__05129.1665570323-300x300.jpg 300w, https:\/\/shopvalley.fr\/wp-content\/uploads\/2025\/03\/43527-camera-de-surveillance-sans-fil-solaire-camesafe__05129.1665570323-150x150.jpg 150w, https:\/\/shopvalley.fr\/wp-content\/uploads\/2025\/03\/43527-camera-de-surveillance-sans-fil-solaire-camesafe__05129.1665570323-146x146.jpg 146w, https:\/\/shopvalley.fr\/wp-content\/uploads\/2025\/03\/43527-camera-de-surveillance-sans-fil-solaire-camesafe__05129.1665570323-430x430.jpg 430w\" sizes=\"auto, (max-width: 521px) 100vw, 521px\" \/><\/p>\n<h3 data-start=\"707\" data-end=\"776\"><span style=\"font-size: 14pt; color: #000000;\">\ud83d\udcf7 <strong data-start=\"714\" data-end=\"774\">Vigilancia de alto rendimiento d\u00eda y noche<\/strong><\/span><\/h3>\n<p data-start=\"777\" data-end=\"1039\"><span style=\"font-size: 14pt; color: #000000;\">Con <strong data-start=\"789\" data-end=\"812\">resoluci\u00f3n HD 1080P<\/strong> y <strong data-start=\"822\" data-end=\"852\">visi\u00f3n nocturna por infrarrojos<\/strong>, esta c\u00e1mara capta <strong data-start=\"873\" data-end=\"890\">cada detalle<\/strong> con incre\u00edble claridad, incluso en la oscuridad total. \u00a1Recibe alertas instant\u00e1neas en tu smartphone en cuanto detecte cualquier movimiento! <\/span><\/p>\n<p data-start=\"777\" data-end=\"1039\"><img loading=\"lazy\" decoding=\"async\" class=\"aligncenter wp-image-43544\" src=\"http:\/\/shopvalley.fr\/wp-content\/uploads\/2025\/03\/43527-camera-de-surveillance-sans-fil-solaire-camesafe__54765.1665566021.jpg\" alt=\"C\u00e1mara de vigilancia inal\u00e1mbrica solar CameSafe\u2122 9\" width=\"541\" height=\"531\" srcset=\"https:\/\/shopvalley.fr\/wp-content\/uploads\/2025\/03\/43527-camera-de-surveillance-sans-fil-solaire-camesafe__54765.1665566021.jpg 600w, https:\/\/shopvalley.fr\/wp-content\/uploads\/2025\/03\/43527-camera-de-surveillance-sans-fil-solaire-camesafe__54765.1665566021-306x300.jpg 306w, https:\/\/shopvalley.fr\/wp-content\/uploads\/2025\/03\/43527-camera-de-surveillance-sans-fil-solaire-camesafe__54765.1665566021-149x146.jpg 149w, https:\/\/shopvalley.fr\/wp-content\/uploads\/2025\/03\/43527-camera-de-surveillance-sans-fil-solaire-camesafe__54765.1665566021-150x147.jpg 150w\" sizes=\"auto, (max-width: 541px) 100vw, 541px\" \/><\/p>\n<h3 data-start=\"1046\" data-end=\"1106\"><span style=\"font-size: 14pt; color: #000000;\">\ud83d\udce1 C\u00e1mara de vigilancia inal\u00e1mbrica solar: <strong data-start=\"1053\" data-end=\"1104\">instalaci\u00f3n 100% inal\u00e1mbrica y conectividad WiFi<\/strong><\/span><\/h3>\n<p data-start=\"1107\" data-end=\"1363\"><span style=\"font-size: 14pt; color: #000000;\">\u00a1No hace falta llamar a un profesional! <strong data-start=\"1155\" data-end=\"1201\">Instala tu c\u00e1mara en s\u00f3lo unos minutos<\/strong>, gracias a su <strong data-start=\"1214\" data-end=\"1233\">dise\u00f1o inal\u00e1mbrico<\/strong>, y con\u00e9ctala mediante WiFi a tu aplicaci\u00f3n m\u00f3vil. Podr\u00e1s ver tu casa <strong data-start=\"1324\" data-end=\"1360\">en tiempo real, est\u00e9s donde est\u00e9s<\/strong>. <\/span><\/p>\n<p data-start=\"1107\" data-end=\"1363\"><img loading=\"lazy\" decoding=\"async\" class=\"aligncenter size-full wp-image-43568\" src=\"http:\/\/shopvalley.fr\/wp-content\/uploads\/2025\/03\/gif2-9a21e044-68ad-47a8-ac52-8b7d3f100616-480x480-2.gif\" alt=\"\" width=\"480\" height=\"270\" \/><\/p>\n<h3 data-start=\"1370\" data-end=\"1429\"><span style=\"font-size: 14pt; color: #000000;\">\ud83d\udd14 <strong data-start=\"1377\" data-end=\"1427\">Detecci\u00f3n inteligente y alertas instant\u00e1neas<\/strong><\/span><\/h3>\n<p data-start=\"1430\" data-end=\"1654\"><span style=\"font-size: 14pt; color: #000000;\">Gracias a su <strong data-start=\"1442\" data-end=\"1481\">sensor de movimiento ultrasensible<\/strong>, la c\u00e1mara env\u00eda una <strong data-start=\"1504\" data-end=\"1539\">alerta push a tu tel\u00e9fono<\/strong> en cuanto detecta una presencia sospechosa. Mantente <strong data-start=\"1590\" data-end=\"1610\">informado en todo momento<\/strong> y act\u00faa con rapidez en caso de intrusi\u00f3n. <\/span><\/p>\n<p data-start=\"1430\" data-end=\"1654\"><img loading=\"lazy\" decoding=\"async\" class=\"aligncenter wp-image-43548\" src=\"http:\/\/shopvalley.fr\/wp-content\/uploads\/2025\/03\/43527-camera-de-surveillance-sans-fil-solaire-camesafe__01783.1665566487.jpg\" alt=\"C\u00e1mara de vigilancia inal\u00e1mbrica solar CameSafe\u2122 11\" width=\"533\" height=\"520\" srcset=\"https:\/\/shopvalley.fr\/wp-content\/uploads\/2025\/03\/43527-camera-de-surveillance-sans-fil-solaire-camesafe__01783.1665566487.jpg 600w, https:\/\/shopvalley.fr\/wp-content\/uploads\/2025\/03\/43527-camera-de-surveillance-sans-fil-solaire-camesafe__01783.1665566487-307x300.jpg 307w, https:\/\/shopvalley.fr\/wp-content\/uploads\/2025\/03\/43527-camera-de-surveillance-sans-fil-solaire-camesafe__01783.1665566487-149x146.jpg 149w, https:\/\/shopvalley.fr\/wp-content\/uploads\/2025\/03\/43527-camera-de-surveillance-sans-fil-solaire-camesafe__01783.1665566487-150x147.jpg 150w\" sizes=\"auto, (max-width: 533px) 100vw, 533px\" \/><\/p>\n<h3 data-start=\"1661\" data-end=\"1725\"><span style=\"font-size: 14pt; color: #000000;\">\ud83c\udfa4 <strong data-start=\"1668\" data-end=\"1723\">Audio bidireccional: escucha y habla a distancia<\/strong><\/span><\/h3>\n<p data-start=\"1726\" data-end=\"1886\"><span style=\"font-size: 14pt; color: #000000;\">Con su <strong data-start=\"1735\" data-end=\"1774\">micr\u00f3fono y altavoz integrados<\/strong>, puedes <strong data-start=\"1788\" data-end=\"1813\">comunicarte en directo<\/strong> con tus visitas o disuadir a los intrusos en caso de intento de robo.<\/span><\/p>\n<p data-start=\"1726\" data-end=\"1886\"><img loading=\"lazy\" decoding=\"async\" class=\"aligncenter wp-image-43542\" src=\"http:\/\/shopvalley.fr\/wp-content\/uploads\/2025\/03\/43527-camera-de-surveillance-sans-fil-solaire-camesafe__95450.1665567604.jpg\" alt=\"C\u00e1mara de vigilancia inal\u00e1mbrica solar CameSafe\u2122 8\" width=\"528\" height=\"511\" srcset=\"https:\/\/shopvalley.fr\/wp-content\/uploads\/2025\/03\/43527-camera-de-surveillance-sans-fil-solaire-camesafe__95450.1665567604.jpg 600w, https:\/\/shopvalley.fr\/wp-content\/uploads\/2025\/03\/43527-camera-de-surveillance-sans-fil-solaire-camesafe__95450.1665567604-310x300.jpg 310w, https:\/\/shopvalley.fr\/wp-content\/uploads\/2025\/03\/43527-camera-de-surveillance-sans-fil-solaire-camesafe__95450.1665567604-151x146.jpg 151w, https:\/\/shopvalley.fr\/wp-content\/uploads\/2025\/03\/43527-camera-de-surveillance-sans-fil-solaire-camesafe__95450.1665567604-150x145.jpg 150w\" sizes=\"auto, (max-width: 528px) 100vw, 528px\" \/><\/p>\n<h3 data-start=\"1893\" data-end=\"1967\"><span style=\"font-size: 14pt; color: #000000;\">\ud83c\udf27\ufe0f <strong data-start=\"1901\" data-end=\"1965\">Resistente a la intemperie para una protecci\u00f3n durante todo el a\u00f1o<\/strong><\/span><\/h3>\n<p data-start=\"1968\" data-end=\"2163\"><span style=\"font-size: 14pt; color: #000000;\">Con certificaci\u00f3n de <strong data-start=\"1978\" data-end=\"1994\">estanqueidad IP66<\/strong>, esta c\u00e1mara est\u00e1 dise\u00f1ada para resistir la lluvia, el viento y las condiciones meteorol\u00f3gicas extremas. Ideal para su uso <strong data-start=\"2125\" data-end=\"2138\">en exteriores<\/strong>, \u00a1sin riesgo de aver\u00eda! <\/span><\/p>\n<p data-start=\"1968\" data-end=\"2163\"><img loading=\"lazy\" decoding=\"async\" class=\"aligncenter wp-image-43554\" src=\"http:\/\/shopvalley.fr\/wp-content\/uploads\/2025\/03\/43527-camera-de-surveillance-sans-fil-solaire-camesafe__32324.1665568369.jpg\" alt=\"C\u00e1mara de vigilancia inal\u00e1mbrica solar CameSafe\u2122 14\" width=\"516\" height=\"513\" srcset=\"https:\/\/shopvalley.fr\/wp-content\/uploads\/2025\/03\/43527-camera-de-surveillance-sans-fil-solaire-camesafe__32324.1665568369.jpg 600w, https:\/\/shopvalley.fr\/wp-content\/uploads\/2025\/03\/43527-camera-de-surveillance-sans-fil-solaire-camesafe__32324.1665568369-302x300.jpg 302w, https:\/\/shopvalley.fr\/wp-content\/uploads\/2025\/03\/43527-camera-de-surveillance-sans-fil-solaire-camesafe__32324.1665568369-150x149.jpg 150w, https:\/\/shopvalley.fr\/wp-content\/uploads\/2025\/03\/43527-camera-de-surveillance-sans-fil-solaire-camesafe__32324.1665568369-147x146.jpg 147w\" sizes=\"auto, (max-width: 516px) 100vw, 516px\" \/><\/p>\n","protected":false},"excerpt":{"rendered":"<p><span style=\"font-size: 14pt; color: #000000;\">No dejes tu casa sin vigilancia<\/span><\/p>\n","protected":false},"featured_media":43565,"comment_status":"closed","ping_status":"closed","template":"","meta":[],"product_brand":[1139],"product_cat":[988,1085],"product_tag":[990],"class_list":{"0":"post-44520","1":"product","2":"type-product","3":"status-publish","4":"has-post-thumbnail","6":"product_brand-shopvalley","7":"product_cat-accesorios","8":"product_cat-shopping_es-es","9":"product_tag-noflash-es","11":"first","12":"instock","13":"sale","14":"taxable","15":"shipping-taxable","16":"purchasable","17":"product-type-simple"},"yoast_head":"<!-- This site is optimized with the Yoast SEO plugin v27.4 - https:\/\/yoast.com\/product\/yoast-seo-wordpress\/ -->\n<title>C\u00e1mara de vigilancia inal\u00e1mbrica solar - ShopValley<\/title>\n<meta name=\"description\" content=\"No dejes tu casa desatendida con la C\u00e1mara de vigilancia inal\u00e1mbrica solar. Aprov\u00e9chate de una soluci\u00f3n fiable y f\u00e1cil de instalar.\" \/>\n<meta name=\"robots\" content=\"index, follow, max-snippet:-1, max-image-preview:large, max-video-preview:-1\" \/>\n<link rel=\"canonical\" href=\"https:\/\/shopvalley.fr\/es\/produit\/camara-de-vigilancia-inalambrica-solar\/\" \/>\n<meta property=\"og:locale\" content=\"es_ES\" \/>\n<meta property=\"og:type\" content=\"article\" \/>\n<meta property=\"og:title\" content=\"C\u00e1mara de vigilancia inal\u00e1mbrica solar - ShopValley\" \/>\n<meta property=\"og:description\" content=\"No dejes tu casa desatendida con la C\u00e1mara de vigilancia inal\u00e1mbrica solar. Aprov\u00e9chate de una soluci\u00f3n fiable y f\u00e1cil de instalar.\" \/>\n<meta property=\"og:url\" content=\"https:\/\/shopvalley.fr\/es\/produit\/camara-de-vigilancia-inalambrica-solar\/\" \/>\n<meta property=\"og:site_name\" content=\"ShopValley\" \/>\n<meta property=\"article:modified_time\" content=\"2025-11-17T19:58:40+00:00\" \/>\n<meta property=\"og:image\" content=\"http:\/\/shopvalley.fr\/wp-content\/uploads\/2025\/03\/43527-camera-de-surveillance-sans-fil-solaire-camesafe__47003.1665575372.386.513.jpg\" \/>\n\t<meta property=\"og:image:width\" content=\"386\" \/>\n\t<meta property=\"og:image:height\" content=\"420\" \/>\n\t<meta property=\"og:image:type\" content=\"image\/jpeg\" \/>\n<script type=\"application\/ld+json\" class=\"yoast-schema-graph\">{\"@context\":\"https:\\\/\\\/schema.org\",\"@graph\":[{\"@type\":\"WebPage\",\"@id\":\"https:\\\/\\\/shopvalley.fr\\\/es\\\/produit\\\/camara-de-vigilancia-inalambrica-solar\\\/\",\"url\":\"https:\\\/\\\/shopvalley.fr\\\/es\\\/produit\\\/camara-de-vigilancia-inalambrica-solar\\\/\",\"name\":\"C\u00e1mara de vigilancia inal\u00e1mbrica solar - ShopValley\",\"isPartOf\":{\"@id\":\"https:\\\/\\\/shopvalley.fr\\\/es\\\/#website\"},\"primaryImageOfPage\":{\"@id\":\"https:\\\/\\\/shopvalley.fr\\\/es\\\/produit\\\/camara-de-vigilancia-inalambrica-solar\\\/#primaryimage\"},\"image\":{\"@id\":\"https:\\\/\\\/shopvalley.fr\\\/es\\\/produit\\\/camara-de-vigilancia-inalambrica-solar\\\/#primaryimage\"},\"thumbnailUrl\":\"https:\\\/\\\/shopvalley.fr\\\/wp-content\\\/uploads\\\/2025\\\/03\\\/43527-camera-de-surveillance-sans-fil-solaire-camesafe__47003.1665575372.386.513.jpg\",\"datePublished\":\"2025-03-03T20:32:58+00:00\",\"dateModified\":\"2025-11-17T19:58:40+00:00\",\"description\":\"No dejes tu casa desatendida con la C\u00e1mara de vigilancia inal\u00e1mbrica solar. Aprov\u00e9chate de una soluci\u00f3n fiable y f\u00e1cil de instalar.\",\"breadcrumb\":{\"@id\":\"https:\\\/\\\/shopvalley.fr\\\/es\\\/produit\\\/camara-de-vigilancia-inalambrica-solar\\\/#breadcrumb\"},\"inLanguage\":\"es\",\"potentialAction\":[{\"@type\":\"ReadAction\",\"target\":[\"https:\\\/\\\/shopvalley.fr\\\/es\\\/produit\\\/camara-de-vigilancia-inalambrica-solar\\\/\"]}]},{\"@type\":\"ImageObject\",\"inLanguage\":\"es\",\"@id\":\"https:\\\/\\\/shopvalley.fr\\\/es\\\/produit\\\/camara-de-vigilancia-inalambrica-solar\\\/#primaryimage\",\"url\":\"https:\\\/\\\/shopvalley.fr\\\/wp-content\\\/uploads\\\/2025\\\/03\\\/43527-camera-de-surveillance-sans-fil-solaire-camesafe__47003.1665575372.386.513.jpg\",\"contentUrl\":\"https:\\\/\\\/shopvalley.fr\\\/wp-content\\\/uploads\\\/2025\\\/03\\\/43527-camera-de-surveillance-sans-fil-solaire-camesafe__47003.1665575372.386.513.jpg\",\"width\":386,\"height\":420,\"caption\":\"Cam\u00e9ra De Surveillance Sans Fil Solaire\"},{\"@type\":\"BreadcrumbList\",\"@id\":\"https:\\\/\\\/shopvalley.fr\\\/es\\\/produit\\\/camara-de-vigilancia-inalambrica-solar\\\/#breadcrumb\",\"itemListElement\":[{\"@type\":\"ListItem\",\"position\":1,\"name\":\"Accueil\",\"item\":\"https:\\\/\\\/shopvalley.fr\\\/es\\\/\"},{\"@type\":\"ListItem\",\"position\":2,\"name\":\"Todos los productos\",\"item\":\"https:\\\/\\\/shopvalley.fr\\\/es\\\/todos-los-productos\\\/\"},{\"@type\":\"ListItem\",\"position\":3,\"name\":\"Accesorios\",\"item\":\"https:\\\/\\\/shopvalley.fr\\\/es\\\/categorie-produit\\\/accesorios\\\/\"},{\"@type\":\"ListItem\",\"position\":4,\"name\":\"C\u00e1mara de vigilancia inal\u00e1mbrica solar\"}]},{\"@type\":\"WebSite\",\"@id\":\"https:\\\/\\\/shopvalley.fr\\\/es\\\/#website\",\"url\":\"https:\\\/\\\/shopvalley.fr\\\/es\\\/\",\"name\":\"ShopValley\",\"description\":\"\u00a1Productos de moda a precios bajos!\",\"publisher\":{\"@id\":\"https:\\\/\\\/shopvalley.fr\\\/es\\\/#organization\"},\"potentialAction\":[{\"@type\":\"SearchAction\",\"target\":{\"@type\":\"EntryPoint\",\"urlTemplate\":\"https:\\\/\\\/shopvalley.fr\\\/es\\\/?s={search_term_string}\"},\"query-input\":{\"@type\":\"PropertyValueSpecification\",\"valueRequired\":true,\"valueName\":\"search_term_string\"}}],\"inLanguage\":\"es\"},{\"@type\":\"Organization\",\"@id\":\"https:\\\/\\\/shopvalley.fr\\\/es\\\/#organization\",\"name\":\"Shopvalley\",\"url\":\"https:\\\/\\\/shopvalley.fr\\\/es\\\/\",\"logo\":{\"@type\":\"ImageObject\",\"inLanguage\":\"es\",\"@id\":\"https:\\\/\\\/shopvalley.fr\\\/es\\\/#\\\/schema\\\/logo\\\/image\\\/\",\"url\":\"https:\\\/\\\/shopvalley.fr\\\/wp-content\\\/uploads\\\/2023\\\/11\\\/cropped-Copie-de-Logo-ShopValley-500-x-500-px-1.png\",\"contentUrl\":\"https:\\\/\\\/shopvalley.fr\\\/wp-content\\\/uploads\\\/2023\\\/11\\\/cropped-Copie-de-Logo-ShopValley-500-x-500-px-1.png\",\"width\":512,\"height\":512,\"caption\":\"Shopvalley\"},\"image\":{\"@id\":\"https:\\\/\\\/shopvalley.fr\\\/es\\\/#\\\/schema\\\/logo\\\/image\\\/\"}}]}<\/script>\n<!-- \/ Yoast SEO plugin. -->","yoast_head_json":{"title":"C\u00e1mara de vigilancia inal\u00e1mbrica solar - ShopValley","description":"No dejes tu casa desatendida con la C\u00e1mara de vigilancia inal\u00e1mbrica solar. Aprov\u00e9chate de una soluci\u00f3n fiable y f\u00e1cil de instalar.","robots":{"index":"index","follow":"follow","max-snippet":"max-snippet:-1","max-image-preview":"max-image-preview:large","max-video-preview":"max-video-preview:-1"},"canonical":"https:\/\/shopvalley.fr\/es\/produit\/camara-de-vigilancia-inalambrica-solar\/","og_locale":"es_ES","og_type":"article","og_title":"C\u00e1mara de vigilancia inal\u00e1mbrica solar - ShopValley","og_description":"No dejes tu casa desatendida con la C\u00e1mara de vigilancia inal\u00e1mbrica solar. Aprov\u00e9chate de una soluci\u00f3n fiable y f\u00e1cil de instalar.","og_url":"https:\/\/shopvalley.fr\/es\/produit\/camara-de-vigilancia-inalambrica-solar\/","og_site_name":"ShopValley","article_modified_time":"2025-11-17T19:58:40+00:00","og_image":[{"width":386,"height":420,"url":"http:\/\/shopvalley.fr\/wp-content\/uploads\/2025\/03\/43527-camera-de-surveillance-sans-fil-solaire-camesafe__47003.1665575372.386.513.jpg","type":"image\/jpeg"}],"schema":{"@context":"https:\/\/schema.org","@graph":[{"@type":"WebPage","@id":"https:\/\/shopvalley.fr\/es\/produit\/camara-de-vigilancia-inalambrica-solar\/","url":"https:\/\/shopvalley.fr\/es\/produit\/camara-de-vigilancia-inalambrica-solar\/","name":"C\u00e1mara de vigilancia inal\u00e1mbrica solar - ShopValley","isPartOf":{"@id":"https:\/\/shopvalley.fr\/es\/#website"},"primaryImageOfPage":{"@id":"https:\/\/shopvalley.fr\/es\/produit\/camara-de-vigilancia-inalambrica-solar\/#primaryimage"},"image":{"@id":"https:\/\/shopvalley.fr\/es\/produit\/camara-de-vigilancia-inalambrica-solar\/#primaryimage"},"thumbnailUrl":"https:\/\/shopvalley.fr\/wp-content\/uploads\/2025\/03\/43527-camera-de-surveillance-sans-fil-solaire-camesafe__47003.1665575372.386.513.jpg","datePublished":"2025-03-03T20:32:58+00:00","dateModified":"2025-11-17T19:58:40+00:00","description":"No dejes tu casa desatendida con la C\u00e1mara de vigilancia inal\u00e1mbrica solar. Aprov\u00e9chate de una soluci\u00f3n fiable y f\u00e1cil de instalar.","breadcrumb":{"@id":"https:\/\/shopvalley.fr\/es\/produit\/camara-de-vigilancia-inalambrica-solar\/#breadcrumb"},"inLanguage":"es","potentialAction":[{"@type":"ReadAction","target":["https:\/\/shopvalley.fr\/es\/produit\/camara-de-vigilancia-inalambrica-solar\/"]}]},{"@type":"ImageObject","inLanguage":"es","@id":"https:\/\/shopvalley.fr\/es\/produit\/camara-de-vigilancia-inalambrica-solar\/#primaryimage","url":"https:\/\/shopvalley.fr\/wp-content\/uploads\/2025\/03\/43527-camera-de-surveillance-sans-fil-solaire-camesafe__47003.1665575372.386.513.jpg","contentUrl":"https:\/\/shopvalley.fr\/wp-content\/uploads\/2025\/03\/43527-camera-de-surveillance-sans-fil-solaire-camesafe__47003.1665575372.386.513.jpg","width":386,"height":420,"caption":"Cam\u00e9ra De Surveillance Sans Fil Solaire"},{"@type":"BreadcrumbList","@id":"https:\/\/shopvalley.fr\/es\/produit\/camara-de-vigilancia-inalambrica-solar\/#breadcrumb","itemListElement":[{"@type":"ListItem","position":1,"name":"Accueil","item":"https:\/\/shopvalley.fr\/es\/"},{"@type":"ListItem","position":2,"name":"Todos los productos","item":"https:\/\/shopvalley.fr\/es\/todos-los-productos\/"},{"@type":"ListItem","position":3,"name":"Accesorios","item":"https:\/\/shopvalley.fr\/es\/categorie-produit\/accesorios\/"},{"@type":"ListItem","position":4,"name":"C\u00e1mara de vigilancia inal\u00e1mbrica solar"}]},{"@type":"WebSite","@id":"https:\/\/shopvalley.fr\/es\/#website","url":"https:\/\/shopvalley.fr\/es\/","name":"ShopValley","description":"\u00a1Productos de moda a precios bajos!","publisher":{"@id":"https:\/\/shopvalley.fr\/es\/#organization"},"potentialAction":[{"@type":"SearchAction","target":{"@type":"EntryPoint","urlTemplate":"https:\/\/shopvalley.fr\/es\/?s={search_term_string}"},"query-input":{"@type":"PropertyValueSpecification","valueRequired":true,"valueName":"search_term_string"}}],"inLanguage":"es"},{"@type":"Organization","@id":"https:\/\/shopvalley.fr\/es\/#organization","name":"Shopvalley","url":"https:\/\/shopvalley.fr\/es\/","logo":{"@type":"ImageObject","inLanguage":"es","@id":"https:\/\/shopvalley.fr\/es\/#\/schema\/logo\/image\/","url":"https:\/\/shopvalley.fr\/wp-content\/uploads\/2023\/11\/cropped-Copie-de-Logo-ShopValley-500-x-500-px-1.png","contentUrl":"https:\/\/shopvalley.fr\/wp-content\/uploads\/2023\/11\/cropped-Copie-de-Logo-ShopValley-500-x-500-px-1.png","width":512,"height":512,"caption":"Shopvalley"},"image":{"@id":"https:\/\/shopvalley.fr\/es\/#\/schema\/logo\/image\/"}}]}},"jetpack_sharing_enabled":true,"_links":{"self":[{"href":"https:\/\/shopvalley.fr\/es\/wp-json\/wp\/v2\/product\/44520","targetHints":{"allow":["GET"]}}],"collection":[{"href":"https:\/\/shopvalley.fr\/es\/wp-json\/wp\/v2\/product"}],"about":[{"href":"https:\/\/shopvalley.fr\/es\/wp-json\/wp\/v2\/types\/product"}],"replies":[{"embeddable":true,"href":"https:\/\/shopvalley.fr\/es\/wp-json\/wp\/v2\/comments?post=44520"}],"version-history":[{"count":2,"href":"https:\/\/shopvalley.fr\/es\/wp-json\/wp\/v2\/product\/44520\/revisions"}],"predecessor-version":[{"id":51518,"href":"https:\/\/shopvalley.fr\/es\/wp-json\/wp\/v2\/product\/44520\/revisions\/51518"}],"wp:featuredmedia":[{"embeddable":true,"href":"https:\/\/shopvalley.fr\/es\/wp-json\/wp\/v2\/media\/43565"}],"wp:attachment":[{"href":"https:\/\/shopvalley.fr\/es\/wp-json\/wp\/v2\/media?parent=44520"}],"wp:term":[{"taxonomy":"product_brand","embeddable":true,"href":"https:\/\/shopvalley.fr\/es\/wp-json\/wp\/v2\/product_brand?post=44520"},{"taxonomy":"product_cat","embeddable":true,"href":"https:\/\/shopvalley.fr\/es\/wp-json\/wp\/v2\/product_cat?post=44520"},{"taxonomy":"product_tag","embeddable":true,"href":"https:\/\/shopvalley.fr\/es\/wp-json\/wp\/v2\/product_tag?post=44520"}],"curies":[{"name":"wp","href":"https:\/\/api.w.org\/{rel}","templated":true}]}}