{"id":42333,"date":"2025-01-25T13:43:54","date_gmt":"2025-01-25T12:43:54","guid":{"rendered":"https:\/\/shopvalley.fr\/produit\/cargador-rapido-usb-8-puertos-3-0-pantalla-lcd\/"},"modified":"2025-11-18T20:56:14","modified_gmt":"2025-11-18T19:56:14","slug":"cargador-rapido-usb-8-puertos-3-0-pantalla-lcd","status":"publish","type":"product","link":"https:\/\/shopvalley.fr\/es\/produit\/cargador-rapido-usb-8-puertos-3-0-pantalla-lcd\/","title":{"rendered":"Cargador r\u00e1pido USB 8 puertos 3.0 Pantalla LCD"},"content":{"rendered":"<article class=\"productView-description\">\n<div class=\"productView-description\">\n<p><span style=\"font-size: 14pt; color: #000000;\"><strong>Cargador r\u00e1pido USB: \u00bfNecesitas cargar varios dispositivos al mismo tiempo? <\/strong><\/span><span style=\"color: #000000; font-size: 14pt;\">Este cargador r\u00e1pido USB es un accesorio esencial para tu vida diaria. Es un dispositivo que te permite recargar varios aparatos simult\u00e1neamente. <\/span><\/p>\n<p style=\"text-align: center;\"><span style=\"color: #000000; font-size: 14pt;\"><img loading=\"lazy\" decoding=\"async\" class=\"alignnone\" src=\"https:\/\/cdn.shopify.com\/s\/files\/1\/0193\/9623\/1268\/files\/c2_970629d3-6291-4823-90c3-07b5f25eaa2c_480x480.jpg?v=1578319536\" alt=\"Cargador r\u00e1pido USB\" width=\"480\" height=\"480\" \/><\/span><\/p>\n<p><span style=\"color: #000000; font-size: 14pt;\">El cargador r\u00e1pido USB tiene una carcasa de PC resistente al fuego y un cable 100% de cobre. Es ampliamente compatible, por lo que puedes recargar cualquier dispositivo. \u00a1Recarga tus dispositivos simult\u00e1neamente desde una sola toma de corriente! <\/span><\/p>\n<p style=\"text-align: center;\"><span style=\"color: #000000; font-size: 14pt;\"><img loading=\"lazy\" decoding=\"async\" class=\"alignnone\" src=\"https:\/\/cdn.shopify.com\/s\/files\/1\/0193\/9623\/1268\/files\/c3_442d1b2d-a719-4447-b033-4420d683e42c_480x480.jpg?v=1578319556\" alt=\"Cargador r\u00e1pido USB\" width=\"480\" height=\"480\" \/><\/span><\/p>\n<p><span style=\"font-size: 14pt; color: #000000;\"><strong>Di adi\u00f3s a los cargadores voluminosos con el Cargador r\u00e1pido USB de 8 puertos:<\/strong><\/span><\/p>\n<p><span style=\"color: #000000; font-size: 14pt;\">&gt; UNA ENCHUFETA: \u00a1carga hasta 8 dispositivos simult\u00e1neamente!<\/span><\/p>\n<p style=\"text-align: center;\"><span style=\"font-size: 14pt; color: #000000;\"><img decoding=\"async\" src=\"https:\/\/cdn.shopify.com\/s\/files\/1\/0193\/9623\/1268\/files\/gifcharg_480x480.gif?v=1579686910\" alt=\"\" \/><\/span><\/p>\n<p style=\"text-align: left;\"><span style=\"color: #000000; font-size: 14pt;\">Cuando te desplazas, llevar contigo todos los cargadores puede resultar engorroso.<\/span><\/p>\n<p style=\"text-align: left;\"><span style=\"color: #000000; font-size: 14pt;\">El Cargador R\u00e1pido USB es sencillo, funcional y compatible con todos los dispositivos con carga USB.<\/span><\/p>\n<p style=\"text-align: center;\"><span style=\"font-size: 14pt; color: #000000;\"><img loading=\"lazy\" decoding=\"async\" class=\"alignnone\" src=\"https:\/\/cdn.shopify.com\/s\/files\/1\/0193\/9623\/1268\/files\/dc1_323e8a35-6c56-41f8-a25e-c12c51998ec4_480x480.jpg?v=1578319494\" alt=\"Cargador r\u00e1pido USB\" width=\"480\" height=\"402\" \/><\/span><\/p>\n<p style=\"text-align: left;\"><span style=\"font-size: 14pt; color: #000000;\"><strong>PRESTACIONES : <\/strong><\/span><\/p>\n<p style=\"text-align: left;\"><span style=\"font-size: 14pt; color: #000000;\"><strong>ULTRA POTENTE :<\/strong><\/span><\/p>\n<p style=\"text-align: left;\"><span style=\"font-size: 14pt; color: #000000;\">8 puertos USB con 40 vatios de potencia. Carga hasta 8 dispositivos simult\u00e1neamente a toda velocidad. Incorpora la tecnolog\u00eda de carga r\u00e1pida QC 3.0 y est\u00e1 equipado con un puerto de carga de tipo C. Compatible con todos los dispositivos con carga USB, como iPad, iPhone, Samsung, smartphones; as\u00ed como auriculares Bluetooth y otros dispositivos. <\/span><\/p>\n<p style=\"text-align: left;\"><span style=\"font-size: 14pt; color: #000000;\"><strong>VELOCIDAD DE CARGA R\u00c1PIDA :<\/strong><\/span><\/p>\n<p style=\"text-align: left;\"><span style=\"font-size: 14pt; color: #000000;\">Los puertos USB inteligentes detectan autom\u00e1ticamente tus dispositivos. Estos puertos USB proporcionan una velocidad de carga r\u00e1pida. Los 6 puertos USB normales ofrecen velocidades de carga de hasta 2,4 amperios, mejorando la eficiencia de carga en un 30%. Hasta 4 veces m\u00e1s r\u00e1pido que los cargadores est\u00e1ndar. <\/span><\/p>\n<p style=\"text-align: left;\"><span style=\"font-size: 14pt; color: #000000;\"><strong>PANTALLA LCD : <\/strong><\/span><\/p>\n<p style=\"text-align: left;\"><span style=\"font-size: 14pt; color: #000000;\">Equipado con una pantalla LCD digital, el Cargador R\u00e1pido USB muestra en la pantalla el nivel actual y el estado de carga de cada puerto de carga. Su dise\u00f1o ligero y compacto es ideal para su uso en casa o en la oficina. La amplia gama de voltajes de entrada, de 100 a 240 V CA, permite utilizarlo en cualquier parte del mundo. <\/span><\/p>\n<p style=\"text-align: left;\"><span style=\"font-size: 14pt; color: #000000;\"><strong>ALTO NIVEL DE SEGURIDAD : <\/strong><\/span><\/p>\n<p style=\"text-align: left;\"><span style=\"font-size: 14pt; color: #000000;\">Fabricado con carcasa de PC ign\u00edfuga y cable 100% de cobre. Tiene un sistema de gesti\u00f3n profesional y est\u00e1 certificado por la FCC y la RoHS. Protege autom\u00e1ticamente tus dispositivos contra sobrecalentamiento, sobrecarga, sobretensi\u00f3n y cortocircuitos. Prolonga significativamente la duraci\u00f3n de la bater\u00eda. <\/span><\/p>\n<p style=\"text-align: left;\"><span style=\"font-size: 14pt; color: #000000;\"><strong>EL PAQUETE INCLUYE : <\/strong><\/span><\/p>\n<ul>\n<li><span style=\"font-size: 14pt; color: #000000;\">1 potente concentrador de carga r\u00e1pida USB de 8 puertos<\/span><\/li>\n<li><span style=\"font-size: 14pt; color: #000000;\">1 cable de alimentaci\u00f3n desmontable de 1,5 m.<\/span><\/li>\n<\/ul>\n<\/div>\n<\/article>\n","protected":false},"excerpt":{"rendered":"<p><strong><span style=\"font-size: 14pt; color: #000000;\">\u00a1Un accesorio esencial para tu vida diaria!<\/span><\/strong><\/p>\n","protected":false},"featured_media":42281,"comment_status":"closed","ping_status":"closed","template":"","meta":[],"product_brand":[1139],"product_cat":[988,1085],"product_tag":[990],"class_list":{"0":"post-42333","1":"product","2":"type-product","3":"status-publish","4":"has-post-thumbnail","6":"product_brand-shopvalley","7":"product_cat-accesorios","8":"product_cat-shopping_es-es","9":"product_tag-noflash-es","11":"first","12":"instock","13":"sale","14":"taxable","15":"shipping-taxable","16":"purchasable","17":"product-type-simple"},"yoast_head":"<!-- This site is optimized with the Yoast SEO plugin v27.4 - https:\/\/yoast.com\/product\/yoast-seo-wordpress\/ -->\n<title>Cargador r\u00e1pido USB 8 puertos 3.0 Pantalla LCD - ShopValley<\/title>\n<meta name=\"description\" content=\"El Cargador R\u00e1pido USB es sencillo, funcional y compatible con todos los dispositivos con carga USB. Carga tus dispositivos simult\u00e1neamente.\" \/>\n<meta name=\"robots\" content=\"index, follow, max-snippet:-1, max-image-preview:large, max-video-preview:-1\" \/>\n<link rel=\"canonical\" href=\"https:\/\/shopvalley.fr\/es\/produit\/cargador-rapido-usb-8-puertos-3-0-pantalla-lcd\/\" \/>\n<meta property=\"og:locale\" content=\"es_ES\" \/>\n<meta property=\"og:type\" content=\"article\" \/>\n<meta property=\"og:title\" content=\"Cargador r\u00e1pido USB 8 puertos 3.0 Pantalla LCD - ShopValley\" \/>\n<meta property=\"og:description\" content=\"El Cargador R\u00e1pido USB es sencillo, funcional y compatible con todos los dispositivos con carga USB. Carga tus dispositivos simult\u00e1neamente.\" \/>\n<meta property=\"og:url\" content=\"https:\/\/shopvalley.fr\/es\/produit\/cargador-rapido-usb-8-puertos-3-0-pantalla-lcd\/\" \/>\n<meta property=\"og:site_name\" content=\"ShopValley\" \/>\n<meta property=\"article:modified_time\" content=\"2025-11-18T19:56:14+00:00\" \/>\n<meta property=\"og:image\" content=\"https:\/\/shopvalley.fr\/wp-content\/uploads\/2025\/01\/42266-chargeur-rapide-usb-8-ports-3.0-affichage-lcd__09166.1721345394.jpg\" \/>\n\t<meta property=\"og:image:width\" content=\"600\" \/>\n\t<meta property=\"og:image:height\" content=\"638\" \/>\n\t<meta property=\"og:image:type\" content=\"image\/jpeg\" \/>\n<script type=\"application\/ld+json\" class=\"yoast-schema-graph\">{\"@context\":\"https:\\\/\\\/schema.org\",\"@graph\":[{\"@type\":\"WebPage\",\"@id\":\"https:\\\/\\\/shopvalley.fr\\\/es\\\/produit\\\/cargador-rapido-usb-8-puertos-3-0-pantalla-lcd\\\/\",\"url\":\"https:\\\/\\\/shopvalley.fr\\\/es\\\/produit\\\/cargador-rapido-usb-8-puertos-3-0-pantalla-lcd\\\/\",\"name\":\"Cargador r\u00e1pido USB 8 puertos 3.0 Pantalla LCD - ShopValley\",\"isPartOf\":{\"@id\":\"https:\\\/\\\/shopvalley.fr\\\/es\\\/#website\"},\"primaryImageOfPage\":{\"@id\":\"https:\\\/\\\/shopvalley.fr\\\/es\\\/produit\\\/cargador-rapido-usb-8-puertos-3-0-pantalla-lcd\\\/#primaryimage\"},\"image\":{\"@id\":\"https:\\\/\\\/shopvalley.fr\\\/es\\\/produit\\\/cargador-rapido-usb-8-puertos-3-0-pantalla-lcd\\\/#primaryimage\"},\"thumbnailUrl\":\"https:\\\/\\\/shopvalley.fr\\\/wp-content\\\/uploads\\\/2025\\\/01\\\/42266-chargeur-rapide-usb-8-ports-3.0-affichage-lcd__09166.1721345394.jpg\",\"datePublished\":\"2025-01-25T12:43:54+00:00\",\"dateModified\":\"2025-11-18T19:56:14+00:00\",\"description\":\"El Cargador R\u00e1pido USB es sencillo, funcional y compatible con todos los dispositivos con carga USB. Carga tus dispositivos simult\u00e1neamente.\",\"breadcrumb\":{\"@id\":\"https:\\\/\\\/shopvalley.fr\\\/es\\\/produit\\\/cargador-rapido-usb-8-puertos-3-0-pantalla-lcd\\\/#breadcrumb\"},\"inLanguage\":\"es\",\"potentialAction\":[{\"@type\":\"ReadAction\",\"target\":[\"https:\\\/\\\/shopvalley.fr\\\/es\\\/produit\\\/cargador-rapido-usb-8-puertos-3-0-pantalla-lcd\\\/\"]}]},{\"@type\":\"ImageObject\",\"inLanguage\":\"es\",\"@id\":\"https:\\\/\\\/shopvalley.fr\\\/es\\\/produit\\\/cargador-rapido-usb-8-puertos-3-0-pantalla-lcd\\\/#primaryimage\",\"url\":\"https:\\\/\\\/shopvalley.fr\\\/wp-content\\\/uploads\\\/2025\\\/01\\\/42266-chargeur-rapide-usb-8-ports-3.0-affichage-lcd__09166.1721345394.jpg\",\"contentUrl\":\"https:\\\/\\\/shopvalley.fr\\\/wp-content\\\/uploads\\\/2025\\\/01\\\/42266-chargeur-rapide-usb-8-ports-3.0-affichage-lcd__09166.1721345394.jpg\",\"width\":600,\"height\":638,\"caption\":\"Chargeur Rapide USB 8 Ports 3.0 Affichage LCD 8\"},{\"@type\":\"BreadcrumbList\",\"@id\":\"https:\\\/\\\/shopvalley.fr\\\/es\\\/produit\\\/cargador-rapido-usb-8-puertos-3-0-pantalla-lcd\\\/#breadcrumb\",\"itemListElement\":[{\"@type\":\"ListItem\",\"position\":1,\"name\":\"Accueil\",\"item\":\"https:\\\/\\\/shopvalley.fr\\\/es\\\/\"},{\"@type\":\"ListItem\",\"position\":2,\"name\":\"Todos los productos\",\"item\":\"https:\\\/\\\/shopvalley.fr\\\/es\\\/todos-los-productos\\\/\"},{\"@type\":\"ListItem\",\"position\":3,\"name\":\"Accessoires\",\"item\":\"https:\\\/\\\/shopvalley.fr\\\/categorie-produit\\\/accessoires\\\/\"},{\"@type\":\"ListItem\",\"position\":4,\"name\":\"Cargador r\u00e1pido USB 8 puertos 3.0 Pantalla LCD\"}]},{\"@type\":\"WebSite\",\"@id\":\"https:\\\/\\\/shopvalley.fr\\\/es\\\/#website\",\"url\":\"https:\\\/\\\/shopvalley.fr\\\/es\\\/\",\"name\":\"ShopValley\",\"description\":\"\u00a1Productos de moda a precios bajos!\",\"publisher\":{\"@id\":\"https:\\\/\\\/shopvalley.fr\\\/es\\\/#organization\"},\"potentialAction\":[{\"@type\":\"SearchAction\",\"target\":{\"@type\":\"EntryPoint\",\"urlTemplate\":\"https:\\\/\\\/shopvalley.fr\\\/es\\\/?s={search_term_string}\"},\"query-input\":{\"@type\":\"PropertyValueSpecification\",\"valueRequired\":true,\"valueName\":\"search_term_string\"}}],\"inLanguage\":\"es\"},{\"@type\":\"Organization\",\"@id\":\"https:\\\/\\\/shopvalley.fr\\\/es\\\/#organization\",\"name\":\"Shopvalley\",\"url\":\"https:\\\/\\\/shopvalley.fr\\\/es\\\/\",\"logo\":{\"@type\":\"ImageObject\",\"inLanguage\":\"es\",\"@id\":\"https:\\\/\\\/shopvalley.fr\\\/es\\\/#\\\/schema\\\/logo\\\/image\\\/\",\"url\":\"https:\\\/\\\/shopvalley.fr\\\/wp-content\\\/uploads\\\/2023\\\/11\\\/cropped-Copie-de-Logo-ShopValley-500-x-500-px-1.png\",\"contentUrl\":\"https:\\\/\\\/shopvalley.fr\\\/wp-content\\\/uploads\\\/2023\\\/11\\\/cropped-Copie-de-Logo-ShopValley-500-x-500-px-1.png\",\"width\":512,\"height\":512,\"caption\":\"Shopvalley\"},\"image\":{\"@id\":\"https:\\\/\\\/shopvalley.fr\\\/es\\\/#\\\/schema\\\/logo\\\/image\\\/\"}}]}<\/script>\n<!-- \/ Yoast SEO plugin. -->","yoast_head_json":{"title":"Cargador r\u00e1pido USB 8 puertos 3.0 Pantalla LCD - ShopValley","description":"El Cargador R\u00e1pido USB es sencillo, funcional y compatible con todos los dispositivos con carga USB. Carga tus dispositivos simult\u00e1neamente.","robots":{"index":"index","follow":"follow","max-snippet":"max-snippet:-1","max-image-preview":"max-image-preview:large","max-video-preview":"max-video-preview:-1"},"canonical":"https:\/\/shopvalley.fr\/es\/produit\/cargador-rapido-usb-8-puertos-3-0-pantalla-lcd\/","og_locale":"es_ES","og_type":"article","og_title":"Cargador r\u00e1pido USB 8 puertos 3.0 Pantalla LCD - ShopValley","og_description":"El Cargador R\u00e1pido USB es sencillo, funcional y compatible con todos los dispositivos con carga USB. Carga tus dispositivos simult\u00e1neamente.","og_url":"https:\/\/shopvalley.fr\/es\/produit\/cargador-rapido-usb-8-puertos-3-0-pantalla-lcd\/","og_site_name":"ShopValley","article_modified_time":"2025-11-18T19:56:14+00:00","og_image":[{"width":600,"height":638,"url":"https:\/\/shopvalley.fr\/wp-content\/uploads\/2025\/01\/42266-chargeur-rapide-usb-8-ports-3.0-affichage-lcd__09166.1721345394.jpg","type":"image\/jpeg"}],"schema":{"@context":"https:\/\/schema.org","@graph":[{"@type":"WebPage","@id":"https:\/\/shopvalley.fr\/es\/produit\/cargador-rapido-usb-8-puertos-3-0-pantalla-lcd\/","url":"https:\/\/shopvalley.fr\/es\/produit\/cargador-rapido-usb-8-puertos-3-0-pantalla-lcd\/","name":"Cargador r\u00e1pido USB 8 puertos 3.0 Pantalla LCD - ShopValley","isPartOf":{"@id":"https:\/\/shopvalley.fr\/es\/#website"},"primaryImageOfPage":{"@id":"https:\/\/shopvalley.fr\/es\/produit\/cargador-rapido-usb-8-puertos-3-0-pantalla-lcd\/#primaryimage"},"image":{"@id":"https:\/\/shopvalley.fr\/es\/produit\/cargador-rapido-usb-8-puertos-3-0-pantalla-lcd\/#primaryimage"},"thumbnailUrl":"https:\/\/shopvalley.fr\/wp-content\/uploads\/2025\/01\/42266-chargeur-rapide-usb-8-ports-3.0-affichage-lcd__09166.1721345394.jpg","datePublished":"2025-01-25T12:43:54+00:00","dateModified":"2025-11-18T19:56:14+00:00","description":"El Cargador R\u00e1pido USB es sencillo, funcional y compatible con todos los dispositivos con carga USB. Carga tus dispositivos simult\u00e1neamente.","breadcrumb":{"@id":"https:\/\/shopvalley.fr\/es\/produit\/cargador-rapido-usb-8-puertos-3-0-pantalla-lcd\/#breadcrumb"},"inLanguage":"es","potentialAction":[{"@type":"ReadAction","target":["https:\/\/shopvalley.fr\/es\/produit\/cargador-rapido-usb-8-puertos-3-0-pantalla-lcd\/"]}]},{"@type":"ImageObject","inLanguage":"es","@id":"https:\/\/shopvalley.fr\/es\/produit\/cargador-rapido-usb-8-puertos-3-0-pantalla-lcd\/#primaryimage","url":"https:\/\/shopvalley.fr\/wp-content\/uploads\/2025\/01\/42266-chargeur-rapide-usb-8-ports-3.0-affichage-lcd__09166.1721345394.jpg","contentUrl":"https:\/\/shopvalley.fr\/wp-content\/uploads\/2025\/01\/42266-chargeur-rapide-usb-8-ports-3.0-affichage-lcd__09166.1721345394.jpg","width":600,"height":638,"caption":"Chargeur Rapide USB 8 Ports 3.0 Affichage LCD 8"},{"@type":"BreadcrumbList","@id":"https:\/\/shopvalley.fr\/es\/produit\/cargador-rapido-usb-8-puertos-3-0-pantalla-lcd\/#breadcrumb","itemListElement":[{"@type":"ListItem","position":1,"name":"Accueil","item":"https:\/\/shopvalley.fr\/es\/"},{"@type":"ListItem","position":2,"name":"Todos los productos","item":"https:\/\/shopvalley.fr\/es\/todos-los-productos\/"},{"@type":"ListItem","position":3,"name":"Accessoires","item":"https:\/\/shopvalley.fr\/categorie-produit\/accessoires\/"},{"@type":"ListItem","position":4,"name":"Cargador r\u00e1pido USB 8 puertos 3.0 Pantalla LCD"}]},{"@type":"WebSite","@id":"https:\/\/shopvalley.fr\/es\/#website","url":"https:\/\/shopvalley.fr\/es\/","name":"ShopValley","description":"\u00a1Productos de moda a precios bajos!","publisher":{"@id":"https:\/\/shopvalley.fr\/es\/#organization"},"potentialAction":[{"@type":"SearchAction","target":{"@type":"EntryPoint","urlTemplate":"https:\/\/shopvalley.fr\/es\/?s={search_term_string}"},"query-input":{"@type":"PropertyValueSpecification","valueRequired":true,"valueName":"search_term_string"}}],"inLanguage":"es"},{"@type":"Organization","@id":"https:\/\/shopvalley.fr\/es\/#organization","name":"Shopvalley","url":"https:\/\/shopvalley.fr\/es\/","logo":{"@type":"ImageObject","inLanguage":"es","@id":"https:\/\/shopvalley.fr\/es\/#\/schema\/logo\/image\/","url":"https:\/\/shopvalley.fr\/wp-content\/uploads\/2023\/11\/cropped-Copie-de-Logo-ShopValley-500-x-500-px-1.png","contentUrl":"https:\/\/shopvalley.fr\/wp-content\/uploads\/2023\/11\/cropped-Copie-de-Logo-ShopValley-500-x-500-px-1.png","width":512,"height":512,"caption":"Shopvalley"},"image":{"@id":"https:\/\/shopvalley.fr\/es\/#\/schema\/logo\/image\/"}}]}},"jetpack_sharing_enabled":true,"_links":{"self":[{"href":"https:\/\/shopvalley.fr\/es\/wp-json\/wp\/v2\/product\/42333","targetHints":{"allow":["GET"]}}],"collection":[{"href":"https:\/\/shopvalley.fr\/es\/wp-json\/wp\/v2\/product"}],"about":[{"href":"https:\/\/shopvalley.fr\/es\/wp-json\/wp\/v2\/types\/product"}],"replies":[{"embeddable":true,"href":"https:\/\/shopvalley.fr\/es\/wp-json\/wp\/v2\/comments?post=42333"}],"version-history":[{"count":2,"href":"https:\/\/shopvalley.fr\/es\/wp-json\/wp\/v2\/product\/42333\/revisions"}],"predecessor-version":[{"id":51511,"href":"https:\/\/shopvalley.fr\/es\/wp-json\/wp\/v2\/product\/42333\/revisions\/51511"}],"wp:featuredmedia":[{"embeddable":true,"href":"https:\/\/shopvalley.fr\/es\/wp-json\/wp\/v2\/media\/42281"}],"wp:attachment":[{"href":"https:\/\/shopvalley.fr\/es\/wp-json\/wp\/v2\/media?parent=42333"}],"wp:term":[{"taxonomy":"product_brand","embeddable":true,"href":"https:\/\/shopvalley.fr\/es\/wp-json\/wp\/v2\/product_brand?post=42333"},{"taxonomy":"product_cat","embeddable":true,"href":"https:\/\/shopvalley.fr\/es\/wp-json\/wp\/v2\/product_cat?post=42333"},{"taxonomy":"product_tag","embeddable":true,"href":"https:\/\/shopvalley.fr\/es\/wp-json\/wp\/v2\/product_tag?post=42333"}],"curies":[{"name":"wp","href":"https:\/\/api.w.org\/{rel}","templated":true}]}}