{"id":41662,"date":"2023-11-29T19:47:06","date_gmt":"2023-11-29T18:47:06","guid":{"rendered":"https:\/\/shopvalley.fr\/produit\/rizador-automatico-portatil-haircare\/"},"modified":"2025-11-18T20:55:27","modified_gmt":"2025-11-18T19:55:27","slug":"rizador-automatico-portatil-haircare","status":"publish","type":"product","link":"https:\/\/shopvalley.fr\/es\/produit\/rizador-automatico-portatil-haircare\/","title":{"rendered":"Rizador autom\u00e1tico port\u00e1til HairCare"},"content":{"rendered":"<h5><span style=\"font-size: 14pt; color: #000000;\"><strong>Rizos de estrella en segundos<\/strong><\/span><\/h5>\n<p><span style=\"font-size: 14pt; color: #000000;\">\u00bfSue\u00f1as con unos rizos al estilo Hollywood, pero a menudo te falta tiempo? El rizador autom\u00e1tico port\u00e1til HairCare es tu soluci\u00f3n para conseguir unos rizos preciosos, r\u00e1pidamente. <\/span><\/p>\n<p><a href=\"http:\/\/shopvalley.fr\/wp-content\/uploads\/2023\/11\/Fer_A_Lisser-35.jpg\"><img loading=\"lazy\" decoding=\"async\" class=\"aligncenter wp-image-27282\" src=\"http:\/\/shopvalley.fr\/wp-content\/uploads\/2023\/11\/Fer_A_Friser.gif\" alt=\"\" width=\"502\" height=\"285\" \/><\/a><\/p>\n<p><img loading=\"lazy\" decoding=\"async\" class=\"aligncenter wp-image-27284\" src=\"http:\/\/shopvalley.fr\/wp-content\/uploads\/2023\/11\/Fer_A_Friser2.gif\" alt=\"\" width=\"503\" height=\"283\" \/><\/p>\n<p>&nbsp;<\/p>\n<h5><span style=\"font-size: 14pt; color: #000000;\"><strong>La revoluci\u00f3n de la peluquer\u00eda autom\u00e1tica<\/strong><\/span><\/h5>\n<p><span style=\"font-size: 14pt; color: #000000;\">Dise\u00f1ado por profesionales, nuestro rizador autom\u00e1tico revolucionar\u00e1 tu rutina capilar. Consigue rizos profesionales sin esfuerzo. <\/span><\/p>\n<p><a href=\"http:\/\/shopvalley.fr\/wp-content\/uploads\/2023\/11\/Fer_A_Lisser-24.jpg\"><img loading=\"lazy\" decoding=\"async\" class=\"aligncenter wp-image-24680\" src=\"http:\/\/shopvalley.fr\/wp-content\/uploads\/2023\/11\/Fer_A_Lisser-24.jpg\" alt=\"Rizador autom\u00e1tico port\u00e1til\" width=\"405\" height=\"405\" srcset=\"https:\/\/shopvalley.fr\/wp-content\/uploads\/2023\/11\/Fer_A_Lisser-24.jpg 800w, https:\/\/shopvalley.fr\/wp-content\/uploads\/2023\/11\/Fer_A_Lisser-24-430x430.jpg 430w, https:\/\/shopvalley.fr\/wp-content\/uploads\/2023\/11\/Fer_A_Lisser-24-150x150.jpg 150w, https:\/\/shopvalley.fr\/wp-content\/uploads\/2023\/11\/Fer_A_Lisser-24-700x700.jpg 700w, https:\/\/shopvalley.fr\/wp-content\/uploads\/2023\/11\/Fer_A_Lisser-24-300x300.jpg 300w, https:\/\/shopvalley.fr\/wp-content\/uploads\/2023\/11\/Fer_A_Lisser-24-768x768.jpg 768w\" sizes=\"auto, (max-width: 405px) 100vw, 405px\" \/><\/a><\/p>\n<h5><span style=\"font-size: 14pt; color: #000000;\"><strong>Libertad inal\u00e1mbrica<\/strong><\/span><\/h5>\n<p><span style=\"font-size: 14pt; color: #000000;\">\u00a1Di adi\u00f3s a los cables voluminosos! El rizador autom\u00e1tico es inal\u00e1mbrico, para que puedas crear rizos est\u00e9s donde est\u00e9s. Dise\u00f1o inteligente para un rendimiento excepcional. <\/span><\/p>\n<p><a href=\"http:\/\/shopvalley.fr\/wp-content\/uploads\/2023\/11\/Fer_A_Lisser-30.jpg\"><img loading=\"lazy\" decoding=\"async\" class=\"aligncenter wp-image-24660\" src=\"http:\/\/shopvalley.fr\/wp-content\/uploads\/2023\/11\/Fer_A_Lisser-30.jpg\" alt=\"Rizador autom\u00e1tico port\u00e1til\" width=\"416\" height=\"422\" srcset=\"https:\/\/shopvalley.fr\/wp-content\/uploads\/2023\/11\/Fer_A_Lisser-30.jpg 790w, https:\/\/shopvalley.fr\/wp-content\/uploads\/2023\/11\/Fer_A_Lisser-30-150x152.jpg 150w, https:\/\/shopvalley.fr\/wp-content\/uploads\/2023\/11\/Fer_A_Lisser-30-700x710.jpg 700w, https:\/\/shopvalley.fr\/wp-content\/uploads\/2023\/11\/Fer_A_Lisser-30-296x300.jpg 296w, https:\/\/shopvalley.fr\/wp-content\/uploads\/2023\/11\/Fer_A_Lisser-30-768x779.jpg 768w\" sizes=\"auto, (max-width: 416px) 100vw, 416px\" \/><\/a><\/p>\n<h5><span style=\"font-size: 14pt; color: #000000;\"><strong>Hebillas personalizadas bajo demanda<\/strong><\/span><\/h5>\n<p><span style=\"font-size: 14pt; color: #000000;\">Ajusta la temperatura de 150\u00b0C a 200\u00b0C para todo tipo de cabello. Los temporizadores ajustables de 8 a 18 segundos te dan la libertad de crear rizos sueltos o apretados, a la vez que ahorras tiempo. <\/span><\/p>\n<p><a href=\"http:\/\/shopvalley.fr\/wp-content\/uploads\/2023\/11\/Fer_A_Lisser-29.jpg\"><img loading=\"lazy\" decoding=\"async\" class=\"aligncenter wp-image-24659\" src=\"http:\/\/shopvalley.fr\/wp-content\/uploads\/2023\/11\/Fer_A_Lisser-29.jpg\" alt=\"Rizador autom\u00e1tico port\u00e1til\" width=\"418\" height=\"468\" srcset=\"https:\/\/shopvalley.fr\/wp-content\/uploads\/2023\/11\/Fer_A_Lisser-29.jpg 790w, https:\/\/shopvalley.fr\/wp-content\/uploads\/2023\/11\/Fer_A_Lisser-29-150x168.jpg 150w, https:\/\/shopvalley.fr\/wp-content\/uploads\/2023\/11\/Fer_A_Lisser-29-700x784.jpg 700w, https:\/\/shopvalley.fr\/wp-content\/uploads\/2023\/11\/Fer_A_Lisser-29-268x300.jpg 268w, https:\/\/shopvalley.fr\/wp-content\/uploads\/2023\/11\/Fer_A_Lisser-29-714x800.jpg 714w, https:\/\/shopvalley.fr\/wp-content\/uploads\/2023\/11\/Fer_A_Lisser-29-768x860.jpg 768w\" sizes=\"auto, (max-width: 418px) 100vw, 418px\" \/><\/a><\/p>\n<h5><span style=\"font-size: 14pt; color: #000000;\"><strong>Autonom\u00eda sin compromiso<\/strong><\/span><\/h5>\n<p><span style=\"font-size: 14pt; color: #000000;\">Disfruta de hasta 45 minutos de autonom\u00eda inal\u00e1mbrica. C\u00e1rgala f\u00e1cilmente con el cable USB tipo C incluido. Un compa\u00f1ero fiable para tus necesidades capilares sobre la marcha. <\/span><\/p>\n<p><a href=\"http:\/\/shopvalley.fr\/wp-content\/uploads\/2023\/11\/Fer_A_Lisser-27.jpg\"><img loading=\"lazy\" decoding=\"async\" class=\"aligncenter wp-image-24658\" src=\"http:\/\/shopvalley.fr\/wp-content\/uploads\/2023\/11\/Fer_A_Lisser-27.jpg\" alt=\"\" width=\"459\" height=\"512\" srcset=\"https:\/\/shopvalley.fr\/wp-content\/uploads\/2023\/11\/Fer_A_Lisser-27.jpg 790w, https:\/\/shopvalley.fr\/wp-content\/uploads\/2023\/11\/Fer_A_Lisser-27-150x167.jpg 150w, https:\/\/shopvalley.fr\/wp-content\/uploads\/2023\/11\/Fer_A_Lisser-27-700x781.jpg 700w, https:\/\/shopvalley.fr\/wp-content\/uploads\/2023\/11\/Fer_A_Lisser-27-269x300.jpg 269w, https:\/\/shopvalley.fr\/wp-content\/uploads\/2023\/11\/Fer_A_Lisser-27-717x800.jpg 717w, https:\/\/shopvalley.fr\/wp-content\/uploads\/2023\/11\/Fer_A_Lisser-27-768x856.jpg 768w\" sizes=\"auto, (max-width: 459px) 100vw, 459px\" \/><\/a><\/p>\n<h5><span style=\"font-size: 14pt; color: #000000;\"><strong>F\u00e1cil y sin complicaciones<\/strong><\/span><\/h5>\n<p><span style=\"font-size: 14pt; color: #000000;\">\u00a1No necesitas habilidades profesionales! Sustituye tu rizador tradicional por esta varita inteligente para conseguir siempre unos rizos perfectos. <\/span><\/p>\n<p><a href=\"http:\/\/shopvalley.fr\/wp-content\/uploads\/2023\/11\/Fer_A_Lisser-4.webp\"><img loading=\"lazy\" decoding=\"async\" class=\"aligncenter wp-image-24671\" src=\"http:\/\/shopvalley.fr\/wp-content\/uploads\/2023\/11\/Fer_A_Lisser-4.webp\" alt=\"\" width=\"441\" height=\"441\" srcset=\"https:\/\/shopvalley.fr\/wp-content\/uploads\/2023\/11\/Fer_A_Lisser-4.webp 800w, https:\/\/shopvalley.fr\/wp-content\/uploads\/2023\/11\/Fer_A_Lisser-4-430x430.webp 430w, https:\/\/shopvalley.fr\/wp-content\/uploads\/2023\/11\/Fer_A_Lisser-4-150x150.webp 150w, https:\/\/shopvalley.fr\/wp-content\/uploads\/2023\/11\/Fer_A_Lisser-4-700x700.webp 700w, https:\/\/shopvalley.fr\/wp-content\/uploads\/2023\/11\/Fer_A_Lisser-4-300x300.webp 300w, https:\/\/shopvalley.fr\/wp-content\/uploads\/2023\/11\/Fer_A_Lisser-4-768x768.webp 768w\" sizes=\"auto, (max-width: 441px) 100vw, 441px\" \/><\/a><\/p>\n<h5><span style=\"font-size: 14pt; color: #000000;\"><strong>Bucle multidireccional sin nudos<\/strong><\/span><\/h5>\n<p><span style=\"font-size: 14pt; color: #000000;\">Con acci\u00f3n de rizado multidireccional, evita los molestos enredos. El rizador autom\u00e1tico HairCare garantiza una experiencia sin enredos para unos rizos impecables. <\/span><\/p>\n","protected":false},"excerpt":{"rendered":"<p><span style=\"font-size: 14pt; color: #000000;\">Rizos de estrella en segundos<\/span><\/p>\n","protected":false},"featured_media":38982,"comment_status":"closed","ping_status":"closed","template":"","meta":[],"product_brand":[],"product_cat":[853],"product_tag":[990],"class_list":{"0":"post-41662","1":"product","2":"type-product","3":"status-publish","4":"has-post-thumbnail","6":"product_cat-non-classe","7":"product_tag-noflash-es","9":"first","10":"instock","11":"sale","12":"taxable","13":"shipping-taxable","14":"purchasable","15":"product-type-variable","16":"has-default-attributes"},"yoast_head":"<!-- This site is optimized with the Yoast SEO plugin v27.4 - https:\/\/yoast.com\/product\/yoast-seo-wordpress\/ -->\n<title>Rizador autom\u00e1tico port\u00e1til HairCare - ShopValley<\/title>\n<meta name=\"description\" content=\"Dise\u00f1ado por profesionales, nuestro rizador autom\u00e1tico port\u00e1til revolucionar\u00e1 tu rutina capilar. Consigue rizos de sal\u00f3n.\" \/>\n<meta name=\"robots\" content=\"index, follow, max-snippet:-1, max-image-preview:large, max-video-preview:-1\" \/>\n<link rel=\"canonical\" href=\"https:\/\/shopvalley.fr\/es\/produit\/rizador-automatico-portatil-haircare\/\" \/>\n<meta property=\"og:locale\" content=\"es_ES\" \/>\n<meta property=\"og:type\" content=\"article\" \/>\n<meta property=\"og:title\" content=\"Rizador autom\u00e1tico port\u00e1til HairCare - ShopValley\" \/>\n<meta property=\"og:description\" content=\"Dise\u00f1ado por profesionales, nuestro rizador autom\u00e1tico port\u00e1til revolucionar\u00e1 tu rutina capilar. Consigue rizos de sal\u00f3n.\" \/>\n<meta property=\"og:url\" content=\"https:\/\/shopvalley.fr\/es\/produit\/rizador-automatico-portatil-haircare\/\" \/>\n<meta property=\"og:site_name\" content=\"ShopValley\" \/>\n<meta property=\"article:modified_time\" content=\"2025-11-18T19:55:27+00:00\" \/>\n<meta property=\"og:image\" content=\"http:\/\/shopvalley.fr\/wp-content\/uploads\/2023\/11\/c20134e0-109c-4db8-a8d8-74f28e66f78d.jpg\" \/>\n\t<meta property=\"og:image:width\" content=\"1000\" \/>\n\t<meta property=\"og:image:height\" content=\"1000\" \/>\n\t<meta property=\"og:image:type\" content=\"image\/jpeg\" \/>\n<script type=\"application\/ld+json\" class=\"yoast-schema-graph\">{\"@context\":\"https:\\\/\\\/schema.org\",\"@graph\":[{\"@type\":\"WebPage\",\"@id\":\"https:\\\/\\\/shopvalley.fr\\\/es\\\/produit\\\/rizador-automatico-portatil-haircare\\\/\",\"url\":\"https:\\\/\\\/shopvalley.fr\\\/es\\\/produit\\\/rizador-automatico-portatil-haircare\\\/\",\"name\":\"Rizador autom\u00e1tico port\u00e1til HairCare - ShopValley\",\"isPartOf\":{\"@id\":\"https:\\\/\\\/shopvalley.fr\\\/es\\\/#website\"},\"primaryImageOfPage\":{\"@id\":\"https:\\\/\\\/shopvalley.fr\\\/es\\\/produit\\\/rizador-automatico-portatil-haircare\\\/#primaryimage\"},\"image\":{\"@id\":\"https:\\\/\\\/shopvalley.fr\\\/es\\\/produit\\\/rizador-automatico-portatil-haircare\\\/#primaryimage\"},\"thumbnailUrl\":\"https:\\\/\\\/shopvalley.fr\\\/wp-content\\\/uploads\\\/2023\\\/11\\\/c20134e0-109c-4db8-a8d8-74f28e66f78d.jpg\",\"datePublished\":\"2023-11-29T18:47:06+00:00\",\"dateModified\":\"2025-11-18T19:55:27+00:00\",\"description\":\"Dise\u00f1ado por profesionales, nuestro rizador autom\u00e1tico port\u00e1til revolucionar\u00e1 tu rutina capilar. Consigue rizos de sal\u00f3n.\",\"breadcrumb\":{\"@id\":\"https:\\\/\\\/shopvalley.fr\\\/es\\\/produit\\\/rizador-automatico-portatil-haircare\\\/#breadcrumb\"},\"inLanguage\":\"es\",\"potentialAction\":[{\"@type\":\"ReadAction\",\"target\":[\"https:\\\/\\\/shopvalley.fr\\\/es\\\/produit\\\/rizador-automatico-portatil-haircare\\\/\"]}]},{\"@type\":\"ImageObject\",\"inLanguage\":\"es\",\"@id\":\"https:\\\/\\\/shopvalley.fr\\\/es\\\/produit\\\/rizador-automatico-portatil-haircare\\\/#primaryimage\",\"url\":\"https:\\\/\\\/shopvalley.fr\\\/wp-content\\\/uploads\\\/2023\\\/11\\\/c20134e0-109c-4db8-a8d8-74f28e66f78d.jpg\",\"contentUrl\":\"https:\\\/\\\/shopvalley.fr\\\/wp-content\\\/uploads\\\/2023\\\/11\\\/c20134e0-109c-4db8-a8d8-74f28e66f78d.jpg\",\"width\":1000,\"height\":1000},{\"@type\":\"BreadcrumbList\",\"@id\":\"https:\\\/\\\/shopvalley.fr\\\/es\\\/produit\\\/rizador-automatico-portatil-haircare\\\/#breadcrumb\",\"itemListElement\":[{\"@type\":\"ListItem\",\"position\":1,\"name\":\"Accueil\",\"item\":\"https:\\\/\\\/shopvalley.fr\\\/es\\\/\"},{\"@type\":\"ListItem\",\"position\":2,\"name\":\"Todos los productos\",\"item\":\"https:\\\/\\\/shopvalley.fr\\\/es\\\/todos-los-productos\\\/\"},{\"@type\":\"ListItem\",\"position\":3,\"name\":\"Hygi\u00e8ne et Sant\u00e9\",\"item\":\"https:\\\/\\\/shopvalley.fr\\\/categorie-produit\\\/hygiene-et-sante\\\/\"},{\"@type\":\"ListItem\",\"position\":4,\"name\":\"Rizador autom\u00e1tico port\u00e1til HairCare\"}]},{\"@type\":\"WebSite\",\"@id\":\"https:\\\/\\\/shopvalley.fr\\\/es\\\/#website\",\"url\":\"https:\\\/\\\/shopvalley.fr\\\/es\\\/\",\"name\":\"ShopValley\",\"description\":\"\u00a1Productos de moda a precios bajos!\",\"publisher\":{\"@id\":\"https:\\\/\\\/shopvalley.fr\\\/es\\\/#organization\"},\"potentialAction\":[{\"@type\":\"SearchAction\",\"target\":{\"@type\":\"EntryPoint\",\"urlTemplate\":\"https:\\\/\\\/shopvalley.fr\\\/es\\\/?s={search_term_string}\"},\"query-input\":{\"@type\":\"PropertyValueSpecification\",\"valueRequired\":true,\"valueName\":\"search_term_string\"}}],\"inLanguage\":\"es\"},{\"@type\":\"Organization\",\"@id\":\"https:\\\/\\\/shopvalley.fr\\\/es\\\/#organization\",\"name\":\"Shopvalley\",\"url\":\"https:\\\/\\\/shopvalley.fr\\\/es\\\/\",\"logo\":{\"@type\":\"ImageObject\",\"inLanguage\":\"es\",\"@id\":\"https:\\\/\\\/shopvalley.fr\\\/es\\\/#\\\/schema\\\/logo\\\/image\\\/\",\"url\":\"https:\\\/\\\/shopvalley.fr\\\/wp-content\\\/uploads\\\/2023\\\/11\\\/cropped-Copie-de-Logo-ShopValley-500-x-500-px-1.png\",\"contentUrl\":\"https:\\\/\\\/shopvalley.fr\\\/wp-content\\\/uploads\\\/2023\\\/11\\\/cropped-Copie-de-Logo-ShopValley-500-x-500-px-1.png\",\"width\":512,\"height\":512,\"caption\":\"Shopvalley\"},\"image\":{\"@id\":\"https:\\\/\\\/shopvalley.fr\\\/es\\\/#\\\/schema\\\/logo\\\/image\\\/\"}}]}<\/script>\n<!-- \/ Yoast SEO plugin. -->","yoast_head_json":{"title":"Rizador autom\u00e1tico port\u00e1til HairCare - ShopValley","description":"Dise\u00f1ado por profesionales, nuestro rizador autom\u00e1tico port\u00e1til revolucionar\u00e1 tu rutina capilar. Consigue rizos de sal\u00f3n.","robots":{"index":"index","follow":"follow","max-snippet":"max-snippet:-1","max-image-preview":"max-image-preview:large","max-video-preview":"max-video-preview:-1"},"canonical":"https:\/\/shopvalley.fr\/es\/produit\/rizador-automatico-portatil-haircare\/","og_locale":"es_ES","og_type":"article","og_title":"Rizador autom\u00e1tico port\u00e1til HairCare - ShopValley","og_description":"Dise\u00f1ado por profesionales, nuestro rizador autom\u00e1tico port\u00e1til revolucionar\u00e1 tu rutina capilar. Consigue rizos de sal\u00f3n.","og_url":"https:\/\/shopvalley.fr\/es\/produit\/rizador-automatico-portatil-haircare\/","og_site_name":"ShopValley","article_modified_time":"2025-11-18T19:55:27+00:00","og_image":[{"width":1000,"height":1000,"url":"http:\/\/shopvalley.fr\/wp-content\/uploads\/2023\/11\/c20134e0-109c-4db8-a8d8-74f28e66f78d.jpg","type":"image\/jpeg"}],"schema":{"@context":"https:\/\/schema.org","@graph":[{"@type":"WebPage","@id":"https:\/\/shopvalley.fr\/es\/produit\/rizador-automatico-portatil-haircare\/","url":"https:\/\/shopvalley.fr\/es\/produit\/rizador-automatico-portatil-haircare\/","name":"Rizador autom\u00e1tico port\u00e1til HairCare - ShopValley","isPartOf":{"@id":"https:\/\/shopvalley.fr\/es\/#website"},"primaryImageOfPage":{"@id":"https:\/\/shopvalley.fr\/es\/produit\/rizador-automatico-portatil-haircare\/#primaryimage"},"image":{"@id":"https:\/\/shopvalley.fr\/es\/produit\/rizador-automatico-portatil-haircare\/#primaryimage"},"thumbnailUrl":"https:\/\/shopvalley.fr\/wp-content\/uploads\/2023\/11\/c20134e0-109c-4db8-a8d8-74f28e66f78d.jpg","datePublished":"2023-11-29T18:47:06+00:00","dateModified":"2025-11-18T19:55:27+00:00","description":"Dise\u00f1ado por profesionales, nuestro rizador autom\u00e1tico port\u00e1til revolucionar\u00e1 tu rutina capilar. Consigue rizos de sal\u00f3n.","breadcrumb":{"@id":"https:\/\/shopvalley.fr\/es\/produit\/rizador-automatico-portatil-haircare\/#breadcrumb"},"inLanguage":"es","potentialAction":[{"@type":"ReadAction","target":["https:\/\/shopvalley.fr\/es\/produit\/rizador-automatico-portatil-haircare\/"]}]},{"@type":"ImageObject","inLanguage":"es","@id":"https:\/\/shopvalley.fr\/es\/produit\/rizador-automatico-portatil-haircare\/#primaryimage","url":"https:\/\/shopvalley.fr\/wp-content\/uploads\/2023\/11\/c20134e0-109c-4db8-a8d8-74f28e66f78d.jpg","contentUrl":"https:\/\/shopvalley.fr\/wp-content\/uploads\/2023\/11\/c20134e0-109c-4db8-a8d8-74f28e66f78d.jpg","width":1000,"height":1000},{"@type":"BreadcrumbList","@id":"https:\/\/shopvalley.fr\/es\/produit\/rizador-automatico-portatil-haircare\/#breadcrumb","itemListElement":[{"@type":"ListItem","position":1,"name":"Accueil","item":"https:\/\/shopvalley.fr\/es\/"},{"@type":"ListItem","position":2,"name":"Todos los productos","item":"https:\/\/shopvalley.fr\/es\/todos-los-productos\/"},{"@type":"ListItem","position":3,"name":"Hygi\u00e8ne et Sant\u00e9","item":"https:\/\/shopvalley.fr\/categorie-produit\/hygiene-et-sante\/"},{"@type":"ListItem","position":4,"name":"Rizador autom\u00e1tico port\u00e1til HairCare"}]},{"@type":"WebSite","@id":"https:\/\/shopvalley.fr\/es\/#website","url":"https:\/\/shopvalley.fr\/es\/","name":"ShopValley","description":"\u00a1Productos de moda a precios bajos!","publisher":{"@id":"https:\/\/shopvalley.fr\/es\/#organization"},"potentialAction":[{"@type":"SearchAction","target":{"@type":"EntryPoint","urlTemplate":"https:\/\/shopvalley.fr\/es\/?s={search_term_string}"},"query-input":{"@type":"PropertyValueSpecification","valueRequired":true,"valueName":"search_term_string"}}],"inLanguage":"es"},{"@type":"Organization","@id":"https:\/\/shopvalley.fr\/es\/#organization","name":"Shopvalley","url":"https:\/\/shopvalley.fr\/es\/","logo":{"@type":"ImageObject","inLanguage":"es","@id":"https:\/\/shopvalley.fr\/es\/#\/schema\/logo\/image\/","url":"https:\/\/shopvalley.fr\/wp-content\/uploads\/2023\/11\/cropped-Copie-de-Logo-ShopValley-500-x-500-px-1.png","contentUrl":"https:\/\/shopvalley.fr\/wp-content\/uploads\/2023\/11\/cropped-Copie-de-Logo-ShopValley-500-x-500-px-1.png","width":512,"height":512,"caption":"Shopvalley"},"image":{"@id":"https:\/\/shopvalley.fr\/es\/#\/schema\/logo\/image\/"}}]}},"jetpack_sharing_enabled":true,"_links":{"self":[{"href":"https:\/\/shopvalley.fr\/es\/wp-json\/wp\/v2\/product\/41662","targetHints":{"allow":["GET"]}}],"collection":[{"href":"https:\/\/shopvalley.fr\/es\/wp-json\/wp\/v2\/product"}],"about":[{"href":"https:\/\/shopvalley.fr\/es\/wp-json\/wp\/v2\/types\/product"}],"replies":[{"embeddable":true,"href":"https:\/\/shopvalley.fr\/es\/wp-json\/wp\/v2\/comments?post=41662"}],"version-history":[{"count":1,"href":"https:\/\/shopvalley.fr\/es\/wp-json\/wp\/v2\/product\/41662\/revisions"}],"predecessor-version":[{"id":51552,"href":"https:\/\/shopvalley.fr\/es\/wp-json\/wp\/v2\/product\/41662\/revisions\/51552"}],"wp:featuredmedia":[{"embeddable":true,"href":"https:\/\/shopvalley.fr\/es\/wp-json\/wp\/v2\/media\/38982"}],"wp:attachment":[{"href":"https:\/\/shopvalley.fr\/es\/wp-json\/wp\/v2\/media?parent=41662"}],"wp:term":[{"taxonomy":"product_brand","embeddable":true,"href":"https:\/\/shopvalley.fr\/es\/wp-json\/wp\/v2\/product_brand?post=41662"},{"taxonomy":"product_cat","embeddable":true,"href":"https:\/\/shopvalley.fr\/es\/wp-json\/wp\/v2\/product_cat?post=41662"},{"taxonomy":"product_tag","embeddable":true,"href":"https:\/\/shopvalley.fr\/es\/wp-json\/wp\/v2\/product_tag?post=41662"}],"curies":[{"name":"wp","href":"https:\/\/api.w.org\/{rel}","templated":true}]}}