{"id":41170,"date":"2024-02-02T11:38:12","date_gmt":"2024-02-02T10:38:12","guid":{"rendered":"https:\/\/shopvalley.fr\/produit\/panuelo-termico-usb\/"},"modified":"2025-11-18T20:54:54","modified_gmt":"2025-11-18T19:54:54","slug":"panuelo-termico-usb","status":"publish","type":"product","link":"https:\/\/shopvalley.fr\/es\/produit\/panuelo-termico-usb\/","title":{"rendered":"Pa\u00f1uelo T\u00e9rmico USB"},"content":{"rendered":"<h5><span style=\"font-size: 14pt; color: #000000;\"><strong>\ud83c\udf2c\ufe0f Calor personalizado en un clic<\/strong><\/span><\/h5>\n<p><span style=\"font-size: 14pt; color: #000000;\">Sum\u00e9rgete en el confort invernal con nuestra bufanda el\u00e9ctrica calefactora USB. Ajusta la temperatura a tu gusto, con tres opciones para un calor a medida. <\/span><\/p>\n<p><a href=\"http:\/\/shopvalley.fr\/wp-content\/uploads\/2024\/02\/Echarpe.gif\"><img loading=\"lazy\" decoding=\"async\" class=\"aligncenter size-full wp-image-26270\" src=\"http:\/\/shopvalley.fr\/wp-content\/uploads\/2024\/02\/Echarpe.gif\" alt=\"\" width=\"569\" height=\"320\" \/><\/a><\/p>\n<h5><span style=\"font-size: 14pt; color: #000000;\"><strong>\ud83d\udd25 Ingeniosa tecnolog\u00eda de calentamiento USB<\/strong><\/span><\/h5>\n<p><span style=\"font-size: 14pt; color: #000000;\">Di adi\u00f3s al fr\u00edo con nuestra bufanda calefactada alimentada por USB. Con\u00e9ctala directamente a tu Power Bank (no incluida), ordenador o adaptador de corriente para obtener calor instant\u00e1neo, est\u00e9s donde est\u00e9s. <\/span><\/p>\n<p><a href=\"http:\/\/shopvalley.fr\/wp-content\/uploads\/2024\/02\/Echarpe_Chauffante_USB-29.jpg\"><img loading=\"lazy\" decoding=\"async\" class=\"aligncenter wp-image-26282\" src=\"http:\/\/shopvalley.fr\/wp-content\/uploads\/2024\/02\/Echarpe_Chauffante_USB-29.jpg\" alt=\"\" width=\"554\" height=\"554\" srcset=\"https:\/\/shopvalley.fr\/wp-content\/uploads\/2024\/02\/Echarpe_Chauffante_USB-29.jpg 1600w, https:\/\/shopvalley.fr\/wp-content\/uploads\/2024\/02\/Echarpe_Chauffante_USB-29-430x430.jpg 430w, https:\/\/shopvalley.fr\/wp-content\/uploads\/2024\/02\/Echarpe_Chauffante_USB-29-150x150.jpg 150w, https:\/\/shopvalley.fr\/wp-content\/uploads\/2024\/02\/Echarpe_Chauffante_USB-29-700x700.jpg 700w, https:\/\/shopvalley.fr\/wp-content\/uploads\/2024\/02\/Echarpe_Chauffante_USB-29-300x300.jpg 300w, https:\/\/shopvalley.fr\/wp-content\/uploads\/2024\/02\/Echarpe_Chauffante_USB-29-800x800.jpg 800w, https:\/\/shopvalley.fr\/wp-content\/uploads\/2024\/02\/Echarpe_Chauffante_USB-29-768x768.jpg 768w, https:\/\/shopvalley.fr\/wp-content\/uploads\/2024\/02\/Echarpe_Chauffante_USB-29-1536x1536.jpg 1536w, https:\/\/shopvalley.fr\/wp-content\/uploads\/2024\/02\/Echarpe_Chauffante_USB-29-860x860.jpg 860w\" sizes=\"auto, (max-width: 554px) 100vw, 554px\" \/><\/a><\/p>\n<h5><span style=\"font-size: 14pt; color: #000000;\"><strong>\ud83e\udde3 Confort y estilo reunidos<\/strong><\/span><\/h5>\n<p><span style=\"font-size: 14pt; color: #000000;\">Confeccionada con vell\u00f3n de vis\u00f3n de alta calidad, esta bufanda no s\u00f3lo es c\u00e1lida, sino tambi\u00e9n suave con la piel y decididamente a la moda. Un accesorio acogedor que realza tu estilo invernal. <\/span><\/p>\n<p><a href=\"http:\/\/shopvalley.fr\/wp-content\/uploads\/2024\/02\/Echarpe_Chauffante_USB-4.webp\"><img loading=\"lazy\" decoding=\"async\" class=\"aligncenter wp-image-26289 size-full\" src=\"http:\/\/shopvalley.fr\/wp-content\/uploads\/2024\/02\/Echarpe_Chauffante_USB-4.webp\" alt=\"Bufanda t\u00e9rmica USB\" width=\"480\" height=\"480\" srcset=\"https:\/\/shopvalley.fr\/wp-content\/uploads\/2024\/02\/Echarpe_Chauffante_USB-4.webp 480w, https:\/\/shopvalley.fr\/wp-content\/uploads\/2024\/02\/Echarpe_Chauffante_USB-4-430x430.webp 430w, https:\/\/shopvalley.fr\/wp-content\/uploads\/2024\/02\/Echarpe_Chauffante_USB-4-150x150.webp 150w, https:\/\/shopvalley.fr\/wp-content\/uploads\/2024\/02\/Echarpe_Chauffante_USB-4-300x300.webp 300w\" sizes=\"auto, (max-width: 480px) 100vw, 480px\" \/><\/a><\/p>\n<h5><span style=\"font-size: 14pt; color: #000000;\"><strong>\ud83c\udf27\ufe0f Resistente al agua, f\u00e1cil de mantener<\/strong><\/span><\/h5>\n<p><span style=\"font-size: 14pt; color: #000000;\">\u00bfUn poco de lluvia? \u00a1No hay problema! Esta bufanda es parcialmente impermeable y f\u00e1cil de lavar. No hace falta desmontarla, se puede limpiar como una bufanda normal. <\/span><\/p>\n<p><a href=\"http:\/\/shopvalley.fr\/wp-content\/uploads\/2024\/02\/Echarpe_Chauffante_USB-12.jpg\"><img loading=\"lazy\" decoding=\"async\" class=\"aligncenter wp-image-26276\" src=\"http:\/\/shopvalley.fr\/wp-content\/uploads\/2024\/02\/Echarpe_Chauffante_USB-12.jpg\" alt=\"\" width=\"532\" height=\"532\" srcset=\"https:\/\/shopvalley.fr\/wp-content\/uploads\/2024\/02\/Echarpe_Chauffante_USB-12.jpg 1001w, https:\/\/shopvalley.fr\/wp-content\/uploads\/2024\/02\/Echarpe_Chauffante_USB-12-430x430.jpg 430w, https:\/\/shopvalley.fr\/wp-content\/uploads\/2024\/02\/Echarpe_Chauffante_USB-12-150x150.jpg 150w, https:\/\/shopvalley.fr\/wp-content\/uploads\/2024\/02\/Echarpe_Chauffante_USB-12-700x700.jpg 700w, https:\/\/shopvalley.fr\/wp-content\/uploads\/2024\/02\/Echarpe_Chauffante_USB-12-300x300.jpg 300w, https:\/\/shopvalley.fr\/wp-content\/uploads\/2024\/02\/Echarpe_Chauffante_USB-12-800x800.jpg 800w, https:\/\/shopvalley.fr\/wp-content\/uploads\/2024\/02\/Echarpe_Chauffante_USB-12-768x768.jpg 768w, https:\/\/shopvalley.fr\/wp-content\/uploads\/2024\/02\/Echarpe_Chauffante_USB-12-860x860.jpg 860w\" sizes=\"auto, (max-width: 532px) 100vw, 532px\" \/><\/a><\/p>\n<h5><span style=\"font-size: 14pt; color: #000000;\"><strong> \ud83d\ude80 Calor n\u00f3mada<\/strong><\/span><\/h5>\n<p><span style=\"font-size: 14pt; color: #000000;\">Ligera y port\u00e1til, nuestra bufanda t\u00e9rmica es tu compa\u00f1era ideal para las actividades invernales. Tanto si est\u00e1s de acampada como si simplemente tienes fr\u00edo, esta bufanda te proporciona calor instant\u00e1neo est\u00e9s donde est\u00e9s. <\/span><\/p>\n<p><a href=\"http:\/\/shopvalley.fr\/wp-content\/uploads\/2024\/02\/Echarpe_Chauffante_USB-6.jpg\"><img loading=\"lazy\" decoding=\"async\" class=\"aligncenter wp-image-26272\" src=\"http:\/\/shopvalley.fr\/wp-content\/uploads\/2024\/02\/Echarpe_Chauffante_USB-6.jpg\" alt=\"Bufanda t\u00e9rmica USB\" width=\"521\" height=\"521\" srcset=\"https:\/\/shopvalley.fr\/wp-content\/uploads\/2024\/02\/Echarpe_Chauffante_USB-6.jpg 1001w, https:\/\/shopvalley.fr\/wp-content\/uploads\/2024\/02\/Echarpe_Chauffante_USB-6-430x430.jpg 430w, https:\/\/shopvalley.fr\/wp-content\/uploads\/2024\/02\/Echarpe_Chauffante_USB-6-150x150.jpg 150w, https:\/\/shopvalley.fr\/wp-content\/uploads\/2024\/02\/Echarpe_Chauffante_USB-6-700x700.jpg 700w, https:\/\/shopvalley.fr\/wp-content\/uploads\/2024\/02\/Echarpe_Chauffante_USB-6-300x300.jpg 300w, https:\/\/shopvalley.fr\/wp-content\/uploads\/2024\/02\/Echarpe_Chauffante_USB-6-800x800.jpg 800w, https:\/\/shopvalley.fr\/wp-content\/uploads\/2024\/02\/Echarpe_Chauffante_USB-6-768x768.jpg 768w, https:\/\/shopvalley.fr\/wp-content\/uploads\/2024\/02\/Echarpe_Chauffante_USB-6-860x860.jpg 860w\" sizes=\"auto, (max-width: 521px) 100vw, 521px\" \/><\/a><\/p>\n<h5><span style=\"font-size: 14pt; color: #000000;\"><strong>\u26a1 Potencia regulable, f\u00e1cil de usar<\/strong><\/span><\/h5>\n<p><span style=\"font-size: 14pt; color: #000000;\">Una tecla, tres velocidades. Control de temperatura m\u00e1s f\u00e1cil. El arn\u00e9s se conecta f\u00e1cilmente a cualquier fuente USB, ofreciendo confort instant\u00e1neo con s\u00f3lo pulsar un bot\u00f3n. <\/span><\/p>\n<p><a href=\"http:\/\/shopvalley.fr\/wp-content\/uploads\/2024\/02\/Echarpe_Chauffante_USB-3.jpg\"><img loading=\"lazy\" decoding=\"async\" class=\"aligncenter wp-image-26287\" src=\"http:\/\/shopvalley.fr\/wp-content\/uploads\/2024\/02\/Echarpe_Chauffante_USB-3.jpg\" alt=\"Bufanda t\u00e9rmica USB\" width=\"548\" height=\"548\" srcset=\"https:\/\/shopvalley.fr\/wp-content\/uploads\/2024\/02\/Echarpe_Chauffante_USB-3.jpg 1001w, https:\/\/shopvalley.fr\/wp-content\/uploads\/2024\/02\/Echarpe_Chauffante_USB-3-430x430.jpg 430w, https:\/\/shopvalley.fr\/wp-content\/uploads\/2024\/02\/Echarpe_Chauffante_USB-3-150x150.jpg 150w, https:\/\/shopvalley.fr\/wp-content\/uploads\/2024\/02\/Echarpe_Chauffante_USB-3-700x700.jpg 700w, https:\/\/shopvalley.fr\/wp-content\/uploads\/2024\/02\/Echarpe_Chauffante_USB-3-300x300.jpg 300w, https:\/\/shopvalley.fr\/wp-content\/uploads\/2024\/02\/Echarpe_Chauffante_USB-3-800x800.jpg 800w, https:\/\/shopvalley.fr\/wp-content\/uploads\/2024\/02\/Echarpe_Chauffante_USB-3-768x768.jpg 768w, https:\/\/shopvalley.fr\/wp-content\/uploads\/2024\/02\/Echarpe_Chauffante_USB-3-860x860.jpg 860w\" sizes=\"auto, (max-width: 548px) 100vw, 548px\" \/><\/a><\/p>\n<h5><span style=\"font-size: 14pt; color: #000000;\"><strong>\ud83d\udccf Tama\u00f1o compacto, m\u00e1ximo calor<\/strong><\/span><\/h5>\n<p><span style=\"font-size: 14pt; color: #000000;\">Con unas medidas de 80&#215;10 cm, esta c\u00e1lida bufanda no compromete el estilo por el calor. Ligera, port\u00e1til y eficaz, es tu aliada imprescindible contra el fr\u00edo invernal. <\/span><\/p>\n<p><a href=\"http:\/\/shopvalley.fr\/wp-content\/uploads\/2024\/02\/Echarpe_Chauffante_USB-13.jpg\"><img loading=\"lazy\" decoding=\"async\" class=\"aligncenter wp-image-26277\" src=\"http:\/\/shopvalley.fr\/wp-content\/uploads\/2024\/02\/Echarpe_Chauffante_USB-13.jpg\" alt=\"Bufanda t\u00e9rmica USB\" width=\"579\" height=\"471\" srcset=\"https:\/\/shopvalley.fr\/wp-content\/uploads\/2024\/02\/Echarpe_Chauffante_USB-13.jpg 800w, https:\/\/shopvalley.fr\/wp-content\/uploads\/2024\/02\/Echarpe_Chauffante_USB-13-150x122.jpg 150w, https:\/\/shopvalley.fr\/wp-content\/uploads\/2024\/02\/Echarpe_Chauffante_USB-13-700x570.jpg 700w, https:\/\/shopvalley.fr\/wp-content\/uploads\/2024\/02\/Echarpe_Chauffante_USB-13-369x300.jpg 369w, https:\/\/shopvalley.fr\/wp-content\/uploads\/2024\/02\/Echarpe_Chauffante_USB-13-768x625.jpg 768w\" sizes=\"auto, (max-width: 579px) 100vw, 579px\" \/><\/a><\/p>\n<p><span style=\"font-size: 14pt; color: #000000;\">Sum\u00e9rgete en la comodidad, \u00a1adopta ya la bufanda calefactada USB! \ud83c\udf1f<\/span><\/p>\n","protected":false},"excerpt":{"rendered":"<p><span style=\"font-size: 14pt; color: #000000;\">Desp\u00eddete del fr\u00edo con nuestra bufanda t\u00e9rmica <\/span><\/p>\n","protected":false},"featured_media":39391,"comment_status":"closed","ping_status":"closed","template":"","meta":[],"product_brand":[],"product_cat":[1012,1085],"product_tag":[990],"class_list":{"0":"post-41170","1":"product","2":"type-product","3":"status-publish","4":"has-post-thumbnail","6":"product_cat-ropa","7":"product_cat-shopping_es-es","8":"product_tag-noflash-es","10":"first","11":"instock","12":"sale","13":"purchasable","14":"product-type-variable","15":"has-default-attributes"},"yoast_head":"<!-- This site is optimized with the Yoast SEO plugin v27.1.1 - https:\/\/yoast.com\/product\/yoast-seo-wordpress\/ -->\n<title>Pa\u00f1uelo T\u00e9rmico USB - ShopValley<\/title>\n<meta name=\"description\" content=\"Di adi\u00f3s al fr\u00edo con nuestra bufanda calefactora USB. Ench\u00fafala directamente a tu banco de energ\u00eda para obtener calor instant\u00e1neo, est\u00e9s donde est\u00e9s.\" \/>\n<meta name=\"robots\" content=\"index, follow, max-snippet:-1, max-image-preview:large, max-video-preview:-1\" \/>\n<link rel=\"canonical\" href=\"https:\/\/shopvalley.fr\/es\/produit\/panuelo-termico-usb\/\" \/>\n<meta property=\"og:locale\" content=\"es_ES\" \/>\n<meta property=\"og:type\" content=\"article\" \/>\n<meta property=\"og:title\" content=\"Pa\u00f1uelo T\u00e9rmico USB - ShopValley\" \/>\n<meta property=\"og:description\" content=\"Di adi\u00f3s al fr\u00edo con nuestra bufanda calefactora USB. Ench\u00fafala directamente a tu banco de energ\u00eda para obtener calor instant\u00e1neo, est\u00e9s donde est\u00e9s.\" \/>\n<meta property=\"og:url\" content=\"https:\/\/shopvalley.fr\/es\/produit\/panuelo-termico-usb\/\" \/>\n<meta property=\"og:site_name\" content=\"ShopValley\" \/>\n<meta property=\"article:modified_time\" content=\"2025-11-18T19:54:54+00:00\" \/>\n<meta property=\"og:image\" content=\"http:\/\/shopvalley.fr\/wp-content\/uploads\/2024\/02\/Echarpe_Chauffante_USB-5.webp\" \/>\n\t<meta property=\"og:image:width\" content=\"500\" \/>\n\t<meta property=\"og:image:height\" content=\"500\" \/>\n\t<meta property=\"og:image:type\" content=\"image\/webp\" \/>\n<script type=\"application\/ld+json\" class=\"yoast-schema-graph\">{\"@context\":\"https:\/\/schema.org\",\"@graph\":[{\"@type\":\"WebPage\",\"@id\":\"https:\/\/shopvalley.fr\/es\/produit\/panuelo-termico-usb\/\",\"url\":\"https:\/\/shopvalley.fr\/es\/produit\/panuelo-termico-usb\/\",\"name\":\"Pa\u00f1uelo T\u00e9rmico USB - ShopValley\",\"isPartOf\":{\"@id\":\"https:\/\/shopvalley.fr\/es\/#website\"},\"primaryImageOfPage\":{\"@id\":\"https:\/\/shopvalley.fr\/es\/produit\/panuelo-termico-usb\/#primaryimage\"},\"image\":{\"@id\":\"https:\/\/shopvalley.fr\/es\/produit\/panuelo-termico-usb\/#primaryimage\"},\"thumbnailUrl\":\"https:\/\/shopvalley.fr\/wp-content\/uploads\/2024\/02\/Echarpe_Chauffante_USB-5.webp\",\"datePublished\":\"2024-02-02T10:38:12+00:00\",\"dateModified\":\"2025-11-18T19:54:54+00:00\",\"description\":\"Di adi\u00f3s al fr\u00edo con nuestra bufanda calefactora USB. Ench\u00fafala directamente a tu banco de energ\u00eda para obtener calor instant\u00e1neo, est\u00e9s donde est\u00e9s.\",\"breadcrumb\":{\"@id\":\"https:\/\/shopvalley.fr\/es\/produit\/panuelo-termico-usb\/#breadcrumb\"},\"inLanguage\":\"es\",\"potentialAction\":[{\"@type\":\"ReadAction\",\"target\":[\"https:\/\/shopvalley.fr\/es\/produit\/panuelo-termico-usb\/\"]}]},{\"@type\":\"ImageObject\",\"inLanguage\":\"es\",\"@id\":\"https:\/\/shopvalley.fr\/es\/produit\/panuelo-termico-usb\/#primaryimage\",\"url\":\"https:\/\/shopvalley.fr\/wp-content\/uploads\/2024\/02\/Echarpe_Chauffante_USB-5.webp\",\"contentUrl\":\"https:\/\/shopvalley.fr\/wp-content\/uploads\/2024\/02\/Echarpe_Chauffante_USB-5.webp\",\"width\":500,\"height\":500},{\"@type\":\"BreadcrumbList\",\"@id\":\"https:\/\/shopvalley.fr\/es\/produit\/panuelo-termico-usb\/#breadcrumb\",\"itemListElement\":[{\"@type\":\"ListItem\",\"position\":1,\"name\":\"Accueil\",\"item\":\"https:\/\/shopvalley.fr\/es\/\"},{\"@type\":\"ListItem\",\"position\":2,\"name\":\"Todos los productos\",\"item\":\"https:\/\/shopvalley.fr\/es\/todos-los-productos\/\"},{\"@type\":\"ListItem\",\"position\":3,\"name\":\"V\u00eatements\",\"item\":\"https:\/\/shopvalley.fr\/categorie-produit\/vetements\/\"},{\"@type\":\"ListItem\",\"position\":4,\"name\":\"Pa\u00f1uelo T\u00e9rmico USB\"}]},{\"@type\":\"WebSite\",\"@id\":\"https:\/\/shopvalley.fr\/es\/#website\",\"url\":\"https:\/\/shopvalley.fr\/es\/\",\"name\":\"ShopValley\",\"description\":\"\u00a1Productos de moda a precios bajos!\",\"publisher\":{\"@id\":\"https:\/\/shopvalley.fr\/es\/#organization\"},\"potentialAction\":[{\"@type\":\"SearchAction\",\"target\":{\"@type\":\"EntryPoint\",\"urlTemplate\":\"https:\/\/shopvalley.fr\/es\/?s={search_term_string}\"},\"query-input\":{\"@type\":\"PropertyValueSpecification\",\"valueRequired\":true,\"valueName\":\"search_term_string\"}}],\"inLanguage\":\"es\"},{\"@type\":\"Organization\",\"@id\":\"https:\/\/shopvalley.fr\/es\/#organization\",\"name\":\"Shopvalley\",\"url\":\"https:\/\/shopvalley.fr\/es\/\",\"logo\":{\"@type\":\"ImageObject\",\"inLanguage\":\"es\",\"@id\":\"https:\/\/shopvalley.fr\/es\/#\/schema\/logo\/image\/\",\"url\":\"https:\/\/shopvalley.fr\/wp-content\/uploads\/2023\/11\/cropped-Copie-de-Logo-ShopValley-500-x-500-px-1.png\",\"contentUrl\":\"https:\/\/shopvalley.fr\/wp-content\/uploads\/2023\/11\/cropped-Copie-de-Logo-ShopValley-500-x-500-px-1.png\",\"width\":512,\"height\":512,\"caption\":\"Shopvalley\"},\"image\":{\"@id\":\"https:\/\/shopvalley.fr\/es\/#\/schema\/logo\/image\/\"}}]}<\/script>\n<!-- \/ Yoast SEO plugin. -->","yoast_head_json":{"title":"Pa\u00f1uelo T\u00e9rmico USB - ShopValley","description":"Di adi\u00f3s al fr\u00edo con nuestra bufanda calefactora USB. Ench\u00fafala directamente a tu banco de energ\u00eda para obtener calor instant\u00e1neo, est\u00e9s donde est\u00e9s.","robots":{"index":"index","follow":"follow","max-snippet":"max-snippet:-1","max-image-preview":"max-image-preview:large","max-video-preview":"max-video-preview:-1"},"canonical":"https:\/\/shopvalley.fr\/es\/produit\/panuelo-termico-usb\/","og_locale":"es_ES","og_type":"article","og_title":"Pa\u00f1uelo T\u00e9rmico USB - ShopValley","og_description":"Di adi\u00f3s al fr\u00edo con nuestra bufanda calefactora USB. Ench\u00fafala directamente a tu banco de energ\u00eda para obtener calor instant\u00e1neo, est\u00e9s donde est\u00e9s.","og_url":"https:\/\/shopvalley.fr\/es\/produit\/panuelo-termico-usb\/","og_site_name":"ShopValley","article_modified_time":"2025-11-18T19:54:54+00:00","og_image":[{"width":500,"height":500,"url":"http:\/\/shopvalley.fr\/wp-content\/uploads\/2024\/02\/Echarpe_Chauffante_USB-5.webp","type":"image\/webp"}],"schema":{"@context":"https:\/\/schema.org","@graph":[{"@type":"WebPage","@id":"https:\/\/shopvalley.fr\/es\/produit\/panuelo-termico-usb\/","url":"https:\/\/shopvalley.fr\/es\/produit\/panuelo-termico-usb\/","name":"Pa\u00f1uelo T\u00e9rmico USB - ShopValley","isPartOf":{"@id":"https:\/\/shopvalley.fr\/es\/#website"},"primaryImageOfPage":{"@id":"https:\/\/shopvalley.fr\/es\/produit\/panuelo-termico-usb\/#primaryimage"},"image":{"@id":"https:\/\/shopvalley.fr\/es\/produit\/panuelo-termico-usb\/#primaryimage"},"thumbnailUrl":"https:\/\/shopvalley.fr\/wp-content\/uploads\/2024\/02\/Echarpe_Chauffante_USB-5.webp","datePublished":"2024-02-02T10:38:12+00:00","dateModified":"2025-11-18T19:54:54+00:00","description":"Di adi\u00f3s al fr\u00edo con nuestra bufanda calefactora USB. Ench\u00fafala directamente a tu banco de energ\u00eda para obtener calor instant\u00e1neo, est\u00e9s donde est\u00e9s.","breadcrumb":{"@id":"https:\/\/shopvalley.fr\/es\/produit\/panuelo-termico-usb\/#breadcrumb"},"inLanguage":"es","potentialAction":[{"@type":"ReadAction","target":["https:\/\/shopvalley.fr\/es\/produit\/panuelo-termico-usb\/"]}]},{"@type":"ImageObject","inLanguage":"es","@id":"https:\/\/shopvalley.fr\/es\/produit\/panuelo-termico-usb\/#primaryimage","url":"https:\/\/shopvalley.fr\/wp-content\/uploads\/2024\/02\/Echarpe_Chauffante_USB-5.webp","contentUrl":"https:\/\/shopvalley.fr\/wp-content\/uploads\/2024\/02\/Echarpe_Chauffante_USB-5.webp","width":500,"height":500},{"@type":"BreadcrumbList","@id":"https:\/\/shopvalley.fr\/es\/produit\/panuelo-termico-usb\/#breadcrumb","itemListElement":[{"@type":"ListItem","position":1,"name":"Accueil","item":"https:\/\/shopvalley.fr\/es\/"},{"@type":"ListItem","position":2,"name":"Todos los productos","item":"https:\/\/shopvalley.fr\/es\/todos-los-productos\/"},{"@type":"ListItem","position":3,"name":"V\u00eatements","item":"https:\/\/shopvalley.fr\/categorie-produit\/vetements\/"},{"@type":"ListItem","position":4,"name":"Pa\u00f1uelo T\u00e9rmico USB"}]},{"@type":"WebSite","@id":"https:\/\/shopvalley.fr\/es\/#website","url":"https:\/\/shopvalley.fr\/es\/","name":"ShopValley","description":"\u00a1Productos de moda a precios bajos!","publisher":{"@id":"https:\/\/shopvalley.fr\/es\/#organization"},"potentialAction":[{"@type":"SearchAction","target":{"@type":"EntryPoint","urlTemplate":"https:\/\/shopvalley.fr\/es\/?s={search_term_string}"},"query-input":{"@type":"PropertyValueSpecification","valueRequired":true,"valueName":"search_term_string"}}],"inLanguage":"es"},{"@type":"Organization","@id":"https:\/\/shopvalley.fr\/es\/#organization","name":"Shopvalley","url":"https:\/\/shopvalley.fr\/es\/","logo":{"@type":"ImageObject","inLanguage":"es","@id":"https:\/\/shopvalley.fr\/es\/#\/schema\/logo\/image\/","url":"https:\/\/shopvalley.fr\/wp-content\/uploads\/2023\/11\/cropped-Copie-de-Logo-ShopValley-500-x-500-px-1.png","contentUrl":"https:\/\/shopvalley.fr\/wp-content\/uploads\/2023\/11\/cropped-Copie-de-Logo-ShopValley-500-x-500-px-1.png","width":512,"height":512,"caption":"Shopvalley"},"image":{"@id":"https:\/\/shopvalley.fr\/es\/#\/schema\/logo\/image\/"}}]}},"jetpack_sharing_enabled":true,"_links":{"self":[{"href":"https:\/\/shopvalley.fr\/es\/wp-json\/wp\/v2\/product\/41170","targetHints":{"allow":["GET"]}}],"collection":[{"href":"https:\/\/shopvalley.fr\/es\/wp-json\/wp\/v2\/product"}],"about":[{"href":"https:\/\/shopvalley.fr\/es\/wp-json\/wp\/v2\/types\/product"}],"replies":[{"embeddable":true,"href":"https:\/\/shopvalley.fr\/es\/wp-json\/wp\/v2\/comments?post=41170"}],"version-history":[{"count":2,"href":"https:\/\/shopvalley.fr\/es\/wp-json\/wp\/v2\/product\/41170\/revisions"}],"predecessor-version":[{"id":51546,"href":"https:\/\/shopvalley.fr\/es\/wp-json\/wp\/v2\/product\/41170\/revisions\/51546"}],"wp:featuredmedia":[{"embeddable":true,"href":"https:\/\/shopvalley.fr\/es\/wp-json\/wp\/v2\/media\/39391"}],"wp:attachment":[{"href":"https:\/\/shopvalley.fr\/es\/wp-json\/wp\/v2\/media?parent=41170"}],"wp:term":[{"taxonomy":"product_brand","embeddable":true,"href":"https:\/\/shopvalley.fr\/es\/wp-json\/wp\/v2\/product_brand?post=41170"},{"taxonomy":"product_cat","embeddable":true,"href":"https:\/\/shopvalley.fr\/es\/wp-json\/wp\/v2\/product_cat?post=41170"},{"taxonomy":"product_tag","embeddable":true,"href":"https:\/\/shopvalley.fr\/es\/wp-json\/wp\/v2\/product_tag?post=41170"}],"curies":[{"name":"wp","href":"https:\/\/api.w.org\/{rel}","templated":true}]}}