{"id":41132,"date":"2024-10-29T21:11:12","date_gmt":"2024-10-29T20:11:12","guid":{"rendered":"https:\/\/shopvalley.fr\/produit\/auricular-inalambrico-bluetooth-para-smartphone\/"},"modified":"2025-11-18T20:55:13","modified_gmt":"2025-11-18T19:55:13","slug":"auricular-inalambrico-bluetooth-para-smartphone","status":"publish","type":"product","link":"https:\/\/shopvalley.fr\/es\/produit\/auricular-inalambrico-bluetooth-para-smartphone\/","title":{"rendered":"Auricular inal\u00e1mbrico Bluetooth para smartphone"},"content":{"rendered":"<h3><span style=\"font-size: 14pt; color: #000000;\"><strong>\ud83c\udfa7 \u00a1Descubre el sonido puro con los discretos auriculares inal\u00e1mbricos Bluetooth!<\/strong><\/span><\/h3>\n<p><span style=\"font-size: 14pt; color: #000000;\">Sum\u00e9rgete en una <strong>experiencia de audio envolvente<\/strong> con los auriculares inal\u00e1mbricos Bluetooth Discreet, dise\u00f1ados para combinar <strong>calidad de sonido<\/strong> con <strong>elegancia minimalista<\/strong>. Ya est\u00e9s en movimiento, en el trabajo o durante tus sesiones deportivas, disfruta de una libertad total sin cables voluminosos. Descubre por qu\u00e9 estos auriculares son la elecci\u00f3n ideal para todos los amantes de la m\u00fasica y los que buscan comodidad. <\/span><\/p>\n<p><span style=\"color: #000000;\"><img loading=\"lazy\" decoding=\"async\" class=\"aligncenter wp-image-33588\" src=\"http:\/\/shopvalley.fr\/wp-content\/uploads\/2024\/10\/Ecouteurs-Sans-Fil-Bluetooth-Discrets-pour-Smartphone-5.png\" alt=\"\" width=\"572\" height=\"572\" srcset=\"https:\/\/shopvalley.fr\/wp-content\/uploads\/2024\/10\/Ecouteurs-Sans-Fil-Bluetooth-Discrets-pour-Smartphone-5.png 800w, https:\/\/shopvalley.fr\/wp-content\/uploads\/2024\/10\/Ecouteurs-Sans-Fil-Bluetooth-Discrets-pour-Smartphone-5-430x430.png 430w, https:\/\/shopvalley.fr\/wp-content\/uploads\/2024\/10\/Ecouteurs-Sans-Fil-Bluetooth-Discrets-pour-Smartphone-5-150x150.png 150w, https:\/\/shopvalley.fr\/wp-content\/uploads\/2024\/10\/Ecouteurs-Sans-Fil-Bluetooth-Discrets-pour-Smartphone-5-700x700.png 700w, https:\/\/shopvalley.fr\/wp-content\/uploads\/2024\/10\/Ecouteurs-Sans-Fil-Bluetooth-Discrets-pour-Smartphone-5-300x300.png 300w, https:\/\/shopvalley.fr\/wp-content\/uploads\/2024\/10\/Ecouteurs-Sans-Fil-Bluetooth-Discrets-pour-Smartphone-5-768x768.png 768w\" sizes=\"auto, (max-width: 572px) 100vw, 572px\" \/><\/span><\/p>\n<h3><span style=\"font-size: 14pt; color: #000000;\"><strong>\ud83d\udcaa Dise\u00f1o elegante y c\u00f3modo para el uso diario<\/strong><\/span><\/h3>\n<p><span style=\"font-size: 14pt; color: #000000;\">Estos <strong>discretos auriculares inal\u00e1mbricos<\/strong> Bluetooth presentan un dise\u00f1o compacto y ergon\u00f3mico para llevarlos de forma c\u00f3moda y discreta. Su peso ligero los hace ideales para un uso prolongado, garantiz\u00e1ndote una comodidad perfecta a medida que pasan las horas. Y con su <strong>color neutro y moderno<\/strong>, \u00a1son perfectos para cualquier estilo u ocasi\u00f3n! <\/span><\/p>\n<p><span style=\"color: #000000;\"><img loading=\"lazy\" decoding=\"async\" class=\"aligncenter wp-image-33585\" src=\"http:\/\/shopvalley.fr\/wp-content\/uploads\/2024\/10\/Ecouteurs-Sans-Fil-Bluetooth-Discrets-pour-Smartphone-2.png\" alt=\"\" width=\"490\" height=\"490\" srcset=\"https:\/\/shopvalley.fr\/wp-content\/uploads\/2024\/10\/Ecouteurs-Sans-Fil-Bluetooth-Discrets-pour-Smartphone-2.png 790w, https:\/\/shopvalley.fr\/wp-content\/uploads\/2024\/10\/Ecouteurs-Sans-Fil-Bluetooth-Discrets-pour-Smartphone-2-430x430.png 430w, https:\/\/shopvalley.fr\/wp-content\/uploads\/2024\/10\/Ecouteurs-Sans-Fil-Bluetooth-Discrets-pour-Smartphone-2-150x150.png 150w, https:\/\/shopvalley.fr\/wp-content\/uploads\/2024\/10\/Ecouteurs-Sans-Fil-Bluetooth-Discrets-pour-Smartphone-2-700x700.png 700w, https:\/\/shopvalley.fr\/wp-content\/uploads\/2024\/10\/Ecouteurs-Sans-Fil-Bluetooth-Discrets-pour-Smartphone-2-300x300.png 300w, https:\/\/shopvalley.fr\/wp-content\/uploads\/2024\/10\/Ecouteurs-Sans-Fil-Bluetooth-Discrets-pour-Smartphone-2-768x768.png 768w\" sizes=\"auto, (max-width: 490px) 100vw, 490px\" \/><\/span><\/p>\n<h3><span style=\"font-size: 14pt; color: #000000;\"><strong>\ud83d\udd0b Autonom\u00eda a largo plazo para acompa\u00f1ar tu jornada<\/strong><\/span><\/h3>\n<p><span style=\"font-size: 14pt;\">\u00a1No vuelvas a preocuparte por la bater\u00eda! Gracias a la impresionante duraci\u00f3n de su bater\u00eda, estos auriculares inal\u00e1mbricos te acompa\u00f1ar\u00e1n all\u00e1 donde vayas, de la ma\u00f1ana a la noche. Disfruta de horas de m\u00fasica o conversaci\u00f3n con una sola carga, y rec\u00e1rgalos f\u00e1cilmente con el estuche de carga incluido. Ideales para largas jornadas y viajes frecuentes. <\/span><\/p>\n<p><span style=\"color: #000000;\"><img loading=\"lazy\" decoding=\"async\" class=\"aligncenter wp-image-33710\" src=\"http:\/\/shopvalley.fr\/wp-content\/uploads\/2024\/10\/tt4hSb6d385978a954af6a5976467b247c0f8m.jpg\" alt=\"\" width=\"536\" height=\"536\" srcset=\"https:\/\/shopvalley.fr\/wp-content\/uploads\/2024\/10\/tt4hSb6d385978a954af6a5976467b247c0f8m.jpg 800w, https:\/\/shopvalley.fr\/wp-content\/uploads\/2024\/10\/tt4hSb6d385978a954af6a5976467b247c0f8m-430x430.jpg 430w, https:\/\/shopvalley.fr\/wp-content\/uploads\/2024\/10\/tt4hSb6d385978a954af6a5976467b247c0f8m-150x150.jpg 150w, https:\/\/shopvalley.fr\/wp-content\/uploads\/2024\/10\/tt4hSb6d385978a954af6a5976467b247c0f8m-700x700.jpg 700w, https:\/\/shopvalley.fr\/wp-content\/uploads\/2024\/10\/tt4hSb6d385978a954af6a5976467b247c0f8m-300x300.jpg 300w, https:\/\/shopvalley.fr\/wp-content\/uploads\/2024\/10\/tt4hSb6d385978a954af6a5976467b247c0f8m-768x768.jpg 768w\" sizes=\"auto, (max-width: 536px) 100vw, 536px\" \/><\/span><\/p>\n<h3><span style=\"font-size: 14pt; color: #000000;\"><strong>\ud83c\udfb6 Calidad de audio superior para un sonido claro y n\u00edtido<\/strong><\/span><\/h3>\n<p><span style=\"font-size: 14pt; color: #000000;\">Con estos auriculares, cada nota y cada ritmo son claros y precisos. Incorporan <strong>una avanzada tecnolog\u00eda de audio<\/strong> que reduce el ruido exterior, para que disfrutes al m\u00e1ximo de tu m\u00fasica y podcasts favoritos. Redescubre tus canciones favoritas con graves profundos y agudos cristalinos, incluso en los entornos m\u00e1s ruidosos. <\/span><\/p>\n<p><span style=\"color: #000000;\"><img loading=\"lazy\" decoding=\"async\" class=\"aligncenter wp-image-33586\" src=\"http:\/\/shopvalley.fr\/wp-content\/uploads\/2024\/10\/Ecouteurs-Sans-Fil-Bluetooth-Discrets-pour-Smartphone-3.png\" alt=\"\" width=\"526\" height=\"526\" srcset=\"https:\/\/shopvalley.fr\/wp-content\/uploads\/2024\/10\/Ecouteurs-Sans-Fil-Bluetooth-Discrets-pour-Smartphone-3.png 800w, https:\/\/shopvalley.fr\/wp-content\/uploads\/2024\/10\/Ecouteurs-Sans-Fil-Bluetooth-Discrets-pour-Smartphone-3-430x430.png 430w, https:\/\/shopvalley.fr\/wp-content\/uploads\/2024\/10\/Ecouteurs-Sans-Fil-Bluetooth-Discrets-pour-Smartphone-3-150x150.png 150w, https:\/\/shopvalley.fr\/wp-content\/uploads\/2024\/10\/Ecouteurs-Sans-Fil-Bluetooth-Discrets-pour-Smartphone-3-700x700.png 700w, https:\/\/shopvalley.fr\/wp-content\/uploads\/2024\/10\/Ecouteurs-Sans-Fil-Bluetooth-Discrets-pour-Smartphone-3-300x300.png 300w, https:\/\/shopvalley.fr\/wp-content\/uploads\/2024\/10\/Ecouteurs-Sans-Fil-Bluetooth-Discrets-pour-Smartphone-3-768x768.png 768w\" sizes=\"auto, (max-width: 526px) 100vw, 526px\" \/><\/span><\/p>\n<h3><span style=\"font-size: 14pt; color: #000000;\"><strong>\ud83d\udcf2 Conectividad Bluetooth fiable y f\u00e1cil de usar<\/strong><\/span><\/h3>\n<p><span style=\"font-size: 14pt; color: #000000;\">Los auriculares inal\u00e1mbricos Bluetooth Discreet incorporan la <strong>\u00faltima tecnolog\u00eda Bluetooth<\/strong>, que garantiza una conexi\u00f3n r\u00e1pida y estable con tu smartphone, sin interrupciones. F\u00e1ciles de conectar y configurar, se emparejan autom\u00e1ticamente con tu dispositivo nada m\u00e1s sacarlos de la funda. Disfruta de la sencillez y rapidez de conexi\u00f3n para un uso sin complicaciones. <\/span><\/p>\n<p><span style=\"color: #000000;\"><img loading=\"lazy\" decoding=\"async\" class=\"aligncenter wp-image-33711\" src=\"http:\/\/shopvalley.fr\/wp-content\/uploads\/2024\/10\/qXM4Sc440e0b1663b4cbf8a11f749912652bev.jpg\" alt=\"\" width=\"520\" height=\"520\" srcset=\"https:\/\/shopvalley.fr\/wp-content\/uploads\/2024\/10\/qXM4Sc440e0b1663b4cbf8a11f749912652bev.jpg 800w, https:\/\/shopvalley.fr\/wp-content\/uploads\/2024\/10\/qXM4Sc440e0b1663b4cbf8a11f749912652bev-430x430.jpg 430w, https:\/\/shopvalley.fr\/wp-content\/uploads\/2024\/10\/qXM4Sc440e0b1663b4cbf8a11f749912652bev-150x150.jpg 150w, https:\/\/shopvalley.fr\/wp-content\/uploads\/2024\/10\/qXM4Sc440e0b1663b4cbf8a11f749912652bev-700x700.jpg 700w, https:\/\/shopvalley.fr\/wp-content\/uploads\/2024\/10\/qXM4Sc440e0b1663b4cbf8a11f749912652bev-300x300.jpg 300w, https:\/\/shopvalley.fr\/wp-content\/uploads\/2024\/10\/qXM4Sc440e0b1663b4cbf8a11f749912652bev-768x768.jpg 768w\" sizes=\"auto, (max-width: 520px) 100vw, 520px\" \/><\/span><\/p>\n<h3><span style=\"font-size: 14pt; color: #000000;\"><strong>Especificaciones t\u00e9cnicas :<\/strong><\/span><\/h3>\n<ul>\n<li><span style=\"font-size: 14pt; color: #000000;\"><strong>Tipo de producto<\/strong>: Auriculares inal\u00e1mbricos Bluetooth<\/span><\/li>\n<li><span style=\"font-size: 14pt; color: #000000;\"><strong>Color<\/strong>: Negro<\/span><\/li>\n<li><span style=\"font-size: 14pt; color: #000000;\"><strong>Duraci\u00f3n de la bater\u00eda<\/strong>: hasta 24 horas con el estuche de carga<\/span><\/li>\n<li><span style=\"font-size: 14pt; color: #000000;\"><strong>Alcance Bluetooth<\/strong>: 10 metros<\/span><\/li>\n<li><span style=\"font-size: 14pt; color: #000000;\"><strong>Compatibilidad<\/strong>: iOS y Android<\/span><\/li>\n<li><span style=\"font-size: 14pt; color: #000000;\"><strong>Caracter\u00edsticas adicionales<\/strong>: Reducci\u00f3n de ruido, micr\u00f3fono incorporado<\/span><\/li>\n<\/ul>\n<p>&nbsp;<\/p>\n<p><span style=\"font-size: 14pt; color: #000000;\">Descubre m\u00e1s productos en nuestra categor\u00eda <a style=\"color: #000000;\" href=\"https:\/\/shopvalley.fr\/categorie-produit\/accessoires\/\"><strong>Accesorios<\/strong><\/a>. Elige <strong>unos auriculares inal\u00e1mbricos Bluetooth discretos<\/strong> que cumplan tus expectativas en cuanto a rendimiento y estilo. \u00a1A\u00f1\u00e1delos ahora a tu cesta para disfrutar de un sonido excepcional vayas donde vayas! <\/span><\/p>\n","protected":false},"excerpt":{"rendered":"<p><span style=\"font-size: 14pt; color: #000000;\">\u00a1Sonido claro y elegante!<\/span><\/p>\n","protected":false},"featured_media":40355,"comment_status":"closed","ping_status":"closed","template":"","meta":[],"product_brand":[1139],"product_cat":[988,1085],"product_tag":[990],"class_list":{"0":"post-41132","1":"product","2":"type-product","3":"status-publish","4":"has-post-thumbnail","6":"product_brand-shopvalley","7":"product_cat-accesorios","8":"product_cat-shopping_es-es","9":"product_tag-noflash-es","11":"first","12":"instock","13":"sale","14":"taxable","15":"shipping-taxable","16":"purchasable","17":"product-type-simple"},"yoast_head":"<!-- This site is optimized with the Yoast SEO plugin v27.4 - https:\/\/yoast.com\/product\/yoast-seo-wordpress\/ -->\n<title>Auricular inal\u00e1mbrico Bluetooth para smartphone - ShopValley<\/title>\n<meta name=\"description\" content=\"Descubre los discretos auriculares inal\u00e1mbricos Bluetooth que ofrecen comodidad, una calidad de sonido excepcional y una bater\u00eda de larga duraci\u00f3n para escuchar con total libertad.\" \/>\n<meta name=\"robots\" content=\"index, follow, max-snippet:-1, max-image-preview:large, max-video-preview:-1\" \/>\n<link rel=\"canonical\" href=\"https:\/\/shopvalley.fr\/es\/produit\/auricular-inalambrico-bluetooth-para-smartphone\/\" \/>\n<meta property=\"og:locale\" content=\"es_ES\" \/>\n<meta property=\"og:type\" content=\"article\" \/>\n<meta property=\"og:title\" content=\"Auricular inal\u00e1mbrico Bluetooth para smartphone - ShopValley\" \/>\n<meta property=\"og:description\" content=\"Descubre los discretos auriculares inal\u00e1mbricos Bluetooth que ofrecen comodidad, una calidad de sonido excepcional y una bater\u00eda de larga duraci\u00f3n para escuchar con total libertad.\" \/>\n<meta property=\"og:url\" content=\"https:\/\/shopvalley.fr\/es\/produit\/auricular-inalambrico-bluetooth-para-smartphone\/\" \/>\n<meta property=\"og:site_name\" content=\"ShopValley\" \/>\n<meta property=\"article:modified_time\" content=\"2025-11-18T19:55:13+00:00\" \/>\n<meta property=\"og:image\" content=\"http:\/\/shopvalley.fr\/wp-content\/uploads\/2024\/10\/Ecouteurs-Sans-Fil-Bluetooth-Discrets-pour-Smartphone-2.png\" \/>\n\t<meta property=\"og:image:width\" content=\"790\" \/>\n\t<meta property=\"og:image:height\" content=\"790\" \/>\n\t<meta property=\"og:image:type\" content=\"image\/png\" \/>\n<script type=\"application\/ld+json\" class=\"yoast-schema-graph\">{\"@context\":\"https:\\\/\\\/schema.org\",\"@graph\":[{\"@type\":\"WebPage\",\"@id\":\"https:\\\/\\\/shopvalley.fr\\\/es\\\/produit\\\/auricular-inalambrico-bluetooth-para-smartphone\\\/\",\"url\":\"https:\\\/\\\/shopvalley.fr\\\/es\\\/produit\\\/auricular-inalambrico-bluetooth-para-smartphone\\\/\",\"name\":\"Auricular inal\u00e1mbrico Bluetooth para smartphone - ShopValley\",\"isPartOf\":{\"@id\":\"https:\\\/\\\/shopvalley.fr\\\/es\\\/#website\"},\"primaryImageOfPage\":{\"@id\":\"https:\\\/\\\/shopvalley.fr\\\/es\\\/produit\\\/auricular-inalambrico-bluetooth-para-smartphone\\\/#primaryimage\"},\"image\":{\"@id\":\"https:\\\/\\\/shopvalley.fr\\\/es\\\/produit\\\/auricular-inalambrico-bluetooth-para-smartphone\\\/#primaryimage\"},\"thumbnailUrl\":\"https:\\\/\\\/shopvalley.fr\\\/wp-content\\\/uploads\\\/2024\\\/10\\\/Ecouteurs-Sans-Fil-Bluetooth-Discrets-pour-Smartphone-2.png\",\"datePublished\":\"2024-10-29T20:11:12+00:00\",\"dateModified\":\"2025-11-18T19:55:13+00:00\",\"description\":\"Descubre los discretos auriculares inal\u00e1mbricos Bluetooth que ofrecen comodidad, una calidad de sonido excepcional y una bater\u00eda de larga duraci\u00f3n para escuchar con total libertad.\",\"breadcrumb\":{\"@id\":\"https:\\\/\\\/shopvalley.fr\\\/es\\\/produit\\\/auricular-inalambrico-bluetooth-para-smartphone\\\/#breadcrumb\"},\"inLanguage\":\"es\",\"potentialAction\":[{\"@type\":\"ReadAction\",\"target\":[\"https:\\\/\\\/shopvalley.fr\\\/es\\\/produit\\\/auricular-inalambrico-bluetooth-para-smartphone\\\/\"]}]},{\"@type\":\"ImageObject\",\"inLanguage\":\"es\",\"@id\":\"https:\\\/\\\/shopvalley.fr\\\/es\\\/produit\\\/auricular-inalambrico-bluetooth-para-smartphone\\\/#primaryimage\",\"url\":\"https:\\\/\\\/shopvalley.fr\\\/wp-content\\\/uploads\\\/2024\\\/10\\\/Ecouteurs-Sans-Fil-Bluetooth-Discrets-pour-Smartphone-2.png\",\"contentUrl\":\"https:\\\/\\\/shopvalley.fr\\\/wp-content\\\/uploads\\\/2024\\\/10\\\/Ecouteurs-Sans-Fil-Bluetooth-Discrets-pour-Smartphone-2.png\",\"width\":790,\"height\":790},{\"@type\":\"BreadcrumbList\",\"@id\":\"https:\\\/\\\/shopvalley.fr\\\/es\\\/produit\\\/auricular-inalambrico-bluetooth-para-smartphone\\\/#breadcrumb\",\"itemListElement\":[{\"@type\":\"ListItem\",\"position\":1,\"name\":\"Accueil\",\"item\":\"https:\\\/\\\/shopvalley.fr\\\/es\\\/\"},{\"@type\":\"ListItem\",\"position\":2,\"name\":\"Todos los productos\",\"item\":\"https:\\\/\\\/shopvalley.fr\\\/es\\\/todos-los-productos\\\/\"},{\"@type\":\"ListItem\",\"position\":3,\"name\":\"Accesorios\",\"item\":\"https:\\\/\\\/shopvalley.fr\\\/es\\\/categorie-produit\\\/accesorios\\\/\"},{\"@type\":\"ListItem\",\"position\":4,\"name\":\"Auricular inal\u00e1mbrico Bluetooth para smartphone\"}]},{\"@type\":\"WebSite\",\"@id\":\"https:\\\/\\\/shopvalley.fr\\\/es\\\/#website\",\"url\":\"https:\\\/\\\/shopvalley.fr\\\/es\\\/\",\"name\":\"ShopValley\",\"description\":\"\u00a1Productos de moda a precios bajos!\",\"publisher\":{\"@id\":\"https:\\\/\\\/shopvalley.fr\\\/es\\\/#organization\"},\"potentialAction\":[{\"@type\":\"SearchAction\",\"target\":{\"@type\":\"EntryPoint\",\"urlTemplate\":\"https:\\\/\\\/shopvalley.fr\\\/es\\\/?s={search_term_string}\"},\"query-input\":{\"@type\":\"PropertyValueSpecification\",\"valueRequired\":true,\"valueName\":\"search_term_string\"}}],\"inLanguage\":\"es\"},{\"@type\":\"Organization\",\"@id\":\"https:\\\/\\\/shopvalley.fr\\\/es\\\/#organization\",\"name\":\"Shopvalley\",\"url\":\"https:\\\/\\\/shopvalley.fr\\\/es\\\/\",\"logo\":{\"@type\":\"ImageObject\",\"inLanguage\":\"es\",\"@id\":\"https:\\\/\\\/shopvalley.fr\\\/es\\\/#\\\/schema\\\/logo\\\/image\\\/\",\"url\":\"https:\\\/\\\/shopvalley.fr\\\/wp-content\\\/uploads\\\/2023\\\/11\\\/cropped-Copie-de-Logo-ShopValley-500-x-500-px-1.png\",\"contentUrl\":\"https:\\\/\\\/shopvalley.fr\\\/wp-content\\\/uploads\\\/2023\\\/11\\\/cropped-Copie-de-Logo-ShopValley-500-x-500-px-1.png\",\"width\":512,\"height\":512,\"caption\":\"Shopvalley\"},\"image\":{\"@id\":\"https:\\\/\\\/shopvalley.fr\\\/es\\\/#\\\/schema\\\/logo\\\/image\\\/\"}}]}<\/script>\n<!-- \/ Yoast SEO plugin. -->","yoast_head_json":{"title":"Auricular inal\u00e1mbrico Bluetooth para smartphone - ShopValley","description":"Descubre los discretos auriculares inal\u00e1mbricos Bluetooth que ofrecen comodidad, una calidad de sonido excepcional y una bater\u00eda de larga duraci\u00f3n para escuchar con total libertad.","robots":{"index":"index","follow":"follow","max-snippet":"max-snippet:-1","max-image-preview":"max-image-preview:large","max-video-preview":"max-video-preview:-1"},"canonical":"https:\/\/shopvalley.fr\/es\/produit\/auricular-inalambrico-bluetooth-para-smartphone\/","og_locale":"es_ES","og_type":"article","og_title":"Auricular inal\u00e1mbrico Bluetooth para smartphone - ShopValley","og_description":"Descubre los discretos auriculares inal\u00e1mbricos Bluetooth que ofrecen comodidad, una calidad de sonido excepcional y una bater\u00eda de larga duraci\u00f3n para escuchar con total libertad.","og_url":"https:\/\/shopvalley.fr\/es\/produit\/auricular-inalambrico-bluetooth-para-smartphone\/","og_site_name":"ShopValley","article_modified_time":"2025-11-18T19:55:13+00:00","og_image":[{"width":790,"height":790,"url":"http:\/\/shopvalley.fr\/wp-content\/uploads\/2024\/10\/Ecouteurs-Sans-Fil-Bluetooth-Discrets-pour-Smartphone-2.png","type":"image\/png"}],"schema":{"@context":"https:\/\/schema.org","@graph":[{"@type":"WebPage","@id":"https:\/\/shopvalley.fr\/es\/produit\/auricular-inalambrico-bluetooth-para-smartphone\/","url":"https:\/\/shopvalley.fr\/es\/produit\/auricular-inalambrico-bluetooth-para-smartphone\/","name":"Auricular inal\u00e1mbrico Bluetooth para smartphone - ShopValley","isPartOf":{"@id":"https:\/\/shopvalley.fr\/es\/#website"},"primaryImageOfPage":{"@id":"https:\/\/shopvalley.fr\/es\/produit\/auricular-inalambrico-bluetooth-para-smartphone\/#primaryimage"},"image":{"@id":"https:\/\/shopvalley.fr\/es\/produit\/auricular-inalambrico-bluetooth-para-smartphone\/#primaryimage"},"thumbnailUrl":"https:\/\/shopvalley.fr\/wp-content\/uploads\/2024\/10\/Ecouteurs-Sans-Fil-Bluetooth-Discrets-pour-Smartphone-2.png","datePublished":"2024-10-29T20:11:12+00:00","dateModified":"2025-11-18T19:55:13+00:00","description":"Descubre los discretos auriculares inal\u00e1mbricos Bluetooth que ofrecen comodidad, una calidad de sonido excepcional y una bater\u00eda de larga duraci\u00f3n para escuchar con total libertad.","breadcrumb":{"@id":"https:\/\/shopvalley.fr\/es\/produit\/auricular-inalambrico-bluetooth-para-smartphone\/#breadcrumb"},"inLanguage":"es","potentialAction":[{"@type":"ReadAction","target":["https:\/\/shopvalley.fr\/es\/produit\/auricular-inalambrico-bluetooth-para-smartphone\/"]}]},{"@type":"ImageObject","inLanguage":"es","@id":"https:\/\/shopvalley.fr\/es\/produit\/auricular-inalambrico-bluetooth-para-smartphone\/#primaryimage","url":"https:\/\/shopvalley.fr\/wp-content\/uploads\/2024\/10\/Ecouteurs-Sans-Fil-Bluetooth-Discrets-pour-Smartphone-2.png","contentUrl":"https:\/\/shopvalley.fr\/wp-content\/uploads\/2024\/10\/Ecouteurs-Sans-Fil-Bluetooth-Discrets-pour-Smartphone-2.png","width":790,"height":790},{"@type":"BreadcrumbList","@id":"https:\/\/shopvalley.fr\/es\/produit\/auricular-inalambrico-bluetooth-para-smartphone\/#breadcrumb","itemListElement":[{"@type":"ListItem","position":1,"name":"Accueil","item":"https:\/\/shopvalley.fr\/es\/"},{"@type":"ListItem","position":2,"name":"Todos los productos","item":"https:\/\/shopvalley.fr\/es\/todos-los-productos\/"},{"@type":"ListItem","position":3,"name":"Accesorios","item":"https:\/\/shopvalley.fr\/es\/categorie-produit\/accesorios\/"},{"@type":"ListItem","position":4,"name":"Auricular inal\u00e1mbrico Bluetooth para smartphone"}]},{"@type":"WebSite","@id":"https:\/\/shopvalley.fr\/es\/#website","url":"https:\/\/shopvalley.fr\/es\/","name":"ShopValley","description":"\u00a1Productos de moda a precios bajos!","publisher":{"@id":"https:\/\/shopvalley.fr\/es\/#organization"},"potentialAction":[{"@type":"SearchAction","target":{"@type":"EntryPoint","urlTemplate":"https:\/\/shopvalley.fr\/es\/?s={search_term_string}"},"query-input":{"@type":"PropertyValueSpecification","valueRequired":true,"valueName":"search_term_string"}}],"inLanguage":"es"},{"@type":"Organization","@id":"https:\/\/shopvalley.fr\/es\/#organization","name":"Shopvalley","url":"https:\/\/shopvalley.fr\/es\/","logo":{"@type":"ImageObject","inLanguage":"es","@id":"https:\/\/shopvalley.fr\/es\/#\/schema\/logo\/image\/","url":"https:\/\/shopvalley.fr\/wp-content\/uploads\/2023\/11\/cropped-Copie-de-Logo-ShopValley-500-x-500-px-1.png","contentUrl":"https:\/\/shopvalley.fr\/wp-content\/uploads\/2023\/11\/cropped-Copie-de-Logo-ShopValley-500-x-500-px-1.png","width":512,"height":512,"caption":"Shopvalley"},"image":{"@id":"https:\/\/shopvalley.fr\/es\/#\/schema\/logo\/image\/"}}]}},"jetpack_sharing_enabled":true,"_links":{"self":[{"href":"https:\/\/shopvalley.fr\/es\/wp-json\/wp\/v2\/product\/41132","targetHints":{"allow":["GET"]}}],"collection":[{"href":"https:\/\/shopvalley.fr\/es\/wp-json\/wp\/v2\/product"}],"about":[{"href":"https:\/\/shopvalley.fr\/es\/wp-json\/wp\/v2\/types\/product"}],"replies":[{"embeddable":true,"href":"https:\/\/shopvalley.fr\/es\/wp-json\/wp\/v2\/comments?post=41132"}],"version-history":[{"count":2,"href":"https:\/\/shopvalley.fr\/es\/wp-json\/wp\/v2\/product\/41132\/revisions"}],"predecessor-version":[{"id":51519,"href":"https:\/\/shopvalley.fr\/es\/wp-json\/wp\/v2\/product\/41132\/revisions\/51519"}],"wp:featuredmedia":[{"embeddable":true,"href":"https:\/\/shopvalley.fr\/es\/wp-json\/wp\/v2\/media\/40355"}],"wp:attachment":[{"href":"https:\/\/shopvalley.fr\/es\/wp-json\/wp\/v2\/media?parent=41132"}],"wp:term":[{"taxonomy":"product_brand","embeddable":true,"href":"https:\/\/shopvalley.fr\/es\/wp-json\/wp\/v2\/product_brand?post=41132"},{"taxonomy":"product_cat","embeddable":true,"href":"https:\/\/shopvalley.fr\/es\/wp-json\/wp\/v2\/product_cat?post=41132"},{"taxonomy":"product_tag","embeddable":true,"href":"https:\/\/shopvalley.fr\/es\/wp-json\/wp\/v2\/product_tag?post=41132"}],"curies":[{"name":"wp","href":"https:\/\/api.w.org\/{rel}","templated":true}]}}