{"id":41127,"date":"2024-06-17T21:33:41","date_gmt":"2024-06-17T19:33:41","guid":{"rendered":"https:\/\/shopvalley.fr\/produit\/ventilador-acondicionador-de-aire-portatil-usb-airfresh\/"},"modified":"2025-11-18T20:55:16","modified_gmt":"2025-11-18T19:55:16","slug":"ventilador-acondicionador-de-aire-portatil-usb-airfresh","status":"publish","type":"product","link":"https:\/\/shopvalley.fr\/es\/produit\/ventilador-acondicionador-de-aire-portatil-usb-airfresh\/","title":{"rendered":"Ventilador Acondicionador de Aire Port\u00e1til USB AirFresh"},"content":{"rendered":"<p><span style=\"font-size: 14pt; color: #000000;\">\u00bfBuscas una <strong>soluci\u00f3n compacta y vers\u00e1til<\/strong> para mantenerte fresco este verano? \u00a1Descubre nuestro ventilador climatizador USB port\u00e1til! Ideal para espacios personales, esta peque\u00f1a joya te acompa\u00f1a a todas partes: en casa, en la oficina o de viaje. <\/span><\/p>\n<p><strong><span style=\"font-size: 14pt; color: #000000;\">Compatible con las botellas de agua disponibles en el mercado<\/span><\/strong><\/p>\n<p><img loading=\"lazy\" decoding=\"async\" class=\"aligncenter size-full wp-image-30598\" src=\"http:\/\/shopvalley.fr\/wp-content\/uploads\/2024\/06\/Ventilateur-climatiseur-Portable-1.gif\" alt=\"\" width=\"346\" height=\"346\" \/><\/p>\n<h2><span style=\"font-size: 14pt; color: #000000;\"><strong>\ud83d\udd0c Fuente de alimentaci\u00f3n USB para una m\u00e1xima versatilidad<\/strong><\/span><\/h2>\n<p><span style=\"font-size: 14pt; color: #000000;\">Disfruta de la comodidad de la alimentaci\u00f3n USB. Con\u00e9ctalo a tu port\u00e1til, a una bater\u00eda externa o a un adaptador USB para <strong>refrescarte al instante<\/strong> est\u00e9s donde est\u00e9s. <\/span><\/p>\n<p><img loading=\"lazy\" decoding=\"async\" class=\"aligncenter wp-image-30612\" src=\"http:\/\/shopvalley.fr\/wp-content\/uploads\/2024\/06\/Ventilateur-climatiseur-Portable-6.webp\" alt=\"Ventilador de aire acondicionado port\u00e1til\" width=\"415\" height=\"415\" srcset=\"https:\/\/shopvalley.fr\/wp-content\/uploads\/2024\/06\/Ventilateur-climatiseur-Portable-6.webp 510w, https:\/\/shopvalley.fr\/wp-content\/uploads\/2024\/06\/Ventilateur-climatiseur-Portable-6-430x430.webp 430w, https:\/\/shopvalley.fr\/wp-content\/uploads\/2024\/06\/Ventilateur-climatiseur-Portable-6-150x150.webp 150w, https:\/\/shopvalley.fr\/wp-content\/uploads\/2024\/06\/Ventilateur-climatiseur-Portable-6-300x300.webp 300w\" sizes=\"auto, (max-width: 415px) 100vw, 415px\" \/><\/p>\n<h2><span style=\"font-size: 14pt; color: #000000;\"><strong>\ud83d\udcbc Ventilador port\u00e1til para aire acondicionado: ligero y port\u00e1til, perfecto para ir de un sitio a otro<\/strong><\/span><\/h2>\n<p><span style=\"font-size: 14pt; color: #000000;\">Su <strong>dise\u00f1o compacto y su peso ligero<\/strong> facilitan su transporte en la mochila o el malet\u00edn. Ideal para usar al aire libre en los calurosos d\u00edas de verano. <\/span><\/p>\n<p><img loading=\"lazy\" decoding=\"async\" class=\"aligncenter wp-image-30611\" src=\"http:\/\/shopvalley.fr\/wp-content\/uploads\/2024\/06\/Ventilateur-climatiseur-Portable-10.webp\" alt=\"\" width=\"453\" height=\"453\" srcset=\"https:\/\/shopvalley.fr\/wp-content\/uploads\/2024\/06\/Ventilateur-climatiseur-Portable-10.webp 400w, https:\/\/shopvalley.fr\/wp-content\/uploads\/2024\/06\/Ventilateur-climatiseur-Portable-10-150x150.webp 150w, https:\/\/shopvalley.fr\/wp-content\/uploads\/2024\/06\/Ventilateur-climatiseur-Portable-10-300x300.webp 300w\" sizes=\"auto, (max-width: 453px) 100vw, 453px\" \/><\/p>\n<h2><span style=\"font-size: 14pt; color: #000000;\"><strong>\ud83c\udf00 Modos de funcionamiento variados para tu comodidad<\/strong><\/span><\/h2>\n<p><span style=\"font-size: 14pt; color: #000000;\">Elige entre varias velocidades del ventilador y aprovecha el modo de aire acondicionado opcional. \u00c9ste utiliza un <strong>dep\u00f3sito de agua para difundir aire m\u00e1s fr\u00edo por evaporaci\u00f3n<\/strong>, perfecto para un confort \u00f3ptimo. <\/span><\/p>\n<p><img loading=\"lazy\" decoding=\"async\" class=\"aligncenter wp-image-30609\" src=\"http:\/\/shopvalley.fr\/wp-content\/uploads\/2024\/06\/Ventilateur-climatiseur-Portable-8.webp\" alt=\"\" width=\"453\" height=\"453\" srcset=\"https:\/\/shopvalley.fr\/wp-content\/uploads\/2024\/06\/Ventilateur-climatiseur-Portable-8.webp 510w, https:\/\/shopvalley.fr\/wp-content\/uploads\/2024\/06\/Ventilateur-climatiseur-Portable-8-430x430.webp 430w, https:\/\/shopvalley.fr\/wp-content\/uploads\/2024\/06\/Ventilateur-climatiseur-Portable-8-150x150.webp 150w, https:\/\/shopvalley.fr\/wp-content\/uploads\/2024\/06\/Ventilateur-climatiseur-Portable-8-300x300.webp 300w\" sizes=\"auto, (max-width: 453px) 100vw, 453px\" \/><\/p>\n<h2><span style=\"font-size: 14pt; color: #000000;\"><strong>\ud83e\udd2b Funcionamiento silencioso para un entorno tranquilo<\/strong><\/span><\/h2>\n<p><span style=\"font-size: 14pt; color: #000000;\">Dise\u00f1ado para ser discreto, nuestro ventilador-refrigerador port\u00e1til es ideal para entornos en los que se requiere silencio, como oficinas o bibliotecas.<\/span><\/p>\n<p><img loading=\"lazy\" decoding=\"async\" class=\"aligncenter wp-image-30608\" src=\"http:\/\/shopvalley.fr\/wp-content\/uploads\/2024\/06\/Ventilateur-climatiseur-Portable-7.webp\" alt=\"\" width=\"437\" height=\"437\" srcset=\"https:\/\/shopvalley.fr\/wp-content\/uploads\/2024\/06\/Ventilateur-climatiseur-Portable-7.webp 800w, https:\/\/shopvalley.fr\/wp-content\/uploads\/2024\/06\/Ventilateur-climatiseur-Portable-7-430x430.webp 430w, https:\/\/shopvalley.fr\/wp-content\/uploads\/2024\/06\/Ventilateur-climatiseur-Portable-7-150x150.webp 150w, https:\/\/shopvalley.fr\/wp-content\/uploads\/2024\/06\/Ventilateur-climatiseur-Portable-7-700x700.webp 700w, https:\/\/shopvalley.fr\/wp-content\/uploads\/2024\/06\/Ventilateur-climatiseur-Portable-7-300x300.webp 300w, https:\/\/shopvalley.fr\/wp-content\/uploads\/2024\/06\/Ventilateur-climatiseur-Portable-7-768x768.webp 768w\" sizes=\"auto, (max-width: 437px) 100vw, 437px\" \/><\/p>\n<h2><span style=\"font-size: 14pt; color: #000000;\"><strong>\ud83c\udf3f Acondicionador de aire port\u00e1til con ventilador: Ahorra energ\u00eda sin comprometer el confort<\/strong><\/span><\/h2>\n<p><span style=\"font-size: 14pt; color: #000000;\">Reduce tu consumo de energ\u00eda en verano con nuestro ventilador-refrigerador USB. Disfruta <strong>del confort de la refrigeraci\u00f3n<\/strong> mientras ahorras en tus facturas de electricidad. <\/span><\/p>\n<p><img loading=\"lazy\" decoding=\"async\" class=\"aligncenter wp-image-30604\" src=\"http:\/\/shopvalley.fr\/wp-content\/uploads\/2024\/06\/Ventilateur-climatiseur-Portable-2.webp\" alt=\"Ventilador de aire acondicionado port\u00e1til\" width=\"466\" height=\"466\" srcset=\"https:\/\/shopvalley.fr\/wp-content\/uploads\/2024\/06\/Ventilateur-climatiseur-Portable-2.webp 510w, https:\/\/shopvalley.fr\/wp-content\/uploads\/2024\/06\/Ventilateur-climatiseur-Portable-2-430x430.webp 430w, https:\/\/shopvalley.fr\/wp-content\/uploads\/2024\/06\/Ventilateur-climatiseur-Portable-2-150x150.webp 150w, https:\/\/shopvalley.fr\/wp-content\/uploads\/2024\/06\/Ventilateur-climatiseur-Portable-2-300x300.webp 300w\" sizes=\"auto, (max-width: 466px) 100vw, 466px\" \/><\/p>\n<h2><span style=\"font-size: 14pt; color: #000000;\"><strong>\ud83d\udd27 F\u00e1cil de instalar y utilizar<\/strong><\/span><\/h2>\n<p><span style=\"font-size: 14pt; color: #000000;\">No requiere una instalaci\u00f3n compleja. S\u00f3lo tienes que enchufarlo y <strong>disfrutar de aire fresco de inmediato<\/strong>. Llenar el dep\u00f3sito de agua es r\u00e1pido y f\u00e1cil. <\/span><\/p>\n<p><img loading=\"lazy\" decoding=\"async\" class=\"aligncenter size-full wp-image-30600\" src=\"http:\/\/shopvalley.fr\/wp-content\/uploads\/2024\/06\/Ventilateur-climatiseur-Portable-11.webp\" alt=\"\" width=\"510\" height=\"510\" srcset=\"https:\/\/shopvalley.fr\/wp-content\/uploads\/2024\/06\/Ventilateur-climatiseur-Portable-11.webp 510w, https:\/\/shopvalley.fr\/wp-content\/uploads\/2024\/06\/Ventilateur-climatiseur-Portable-11-430x430.webp 430w, https:\/\/shopvalley.fr\/wp-content\/uploads\/2024\/06\/Ventilateur-climatiseur-Portable-11-150x150.webp 150w, https:\/\/shopvalley.fr\/wp-content\/uploads\/2024\/06\/Ventilateur-climatiseur-Portable-11-300x300.webp 300w\" sizes=\"auto, (max-width: 510px) 100vw, 510px\" \/><\/p>\n<h2><span style=\"font-size: 14pt; color: #000000;\"><strong>\ud83d\udca7 Mantenimiento sencillo para un rendimiento \u00f3ptimo<\/strong><\/span><\/h2>\n<p><span style=\"font-size: 14pt; color: #000000;\">Mant\u00e9n tu aparato en \u00f3ptimas condiciones con un mantenimiento regular. Limpia los filtros y vac\u00eda f\u00e1cilmente el dep\u00f3sito de agua para garantizar un rendimiento duradero. <\/span><\/p>\n<p><img loading=\"lazy\" decoding=\"async\" class=\"aligncenter wp-image-30603\" src=\"http:\/\/shopvalley.fr\/wp-content\/uploads\/2024\/06\/Ventilateur-climatiseur-Portable-2.jpg\" alt=\"\" width=\"328\" height=\"538\" srcset=\"https:\/\/shopvalley.fr\/wp-content\/uploads\/2024\/06\/Ventilateur-climatiseur-Portable-2.jpg 772w, https:\/\/shopvalley.fr\/wp-content\/uploads\/2024\/06\/Ventilateur-climatiseur-Portable-2-150x246.jpg 150w, https:\/\/shopvalley.fr\/wp-content\/uploads\/2024\/06\/Ventilateur-climatiseur-Portable-2-700x1149.jpg 700w, https:\/\/shopvalley.fr\/wp-content\/uploads\/2024\/06\/Ventilateur-climatiseur-Portable-2-183x300.jpg 183w, https:\/\/shopvalley.fr\/wp-content\/uploads\/2024\/06\/Ventilateur-climatiseur-Portable-2-487x800.jpg 487w, https:\/\/shopvalley.fr\/wp-content\/uploads\/2024\/06\/Ventilateur-climatiseur-Portable-2-768x1260.jpg 768w\" sizes=\"auto, (max-width: 328px) 100vw, 328px\" \/><\/p>\n<h2><span style=\"font-size: 14pt; color: #000000;\"><strong>\ud83c\udfe0 Acondicionador de aire port\u00e1til con ventilador: perfecto para espacios personales<\/strong><\/span><\/h2>\n<p><span style=\"font-size: 14pt; color: #000000;\">Dirige un chorro de aire fr\u00edo exactamente donde lo necesites. Ideal para personas o espacios de trabajo peque\u00f1os que necesitan refrigeraci\u00f3n espec\u00edfica. <\/span><\/p>\n<p><span style=\"font-size: 14pt; color: #000000;\"><strong>\ud83d\udccf Especificaciones t\u00e9cnicas<\/strong><\/span><\/p>\n<ul>\n<li><span style=\"font-size: 14pt; color: #000000;\">Dimensiones: 12&#215;12,5&#215;15,5 cm<\/span><\/li>\n<li><span style=\"font-size: 14pt; color: #000000;\">Bater\u00eda: 1200mAh<\/span><\/li>\n<li><span style=\"font-size: 14pt; color: #000000;\">Ajuste de la velocidad del viento: 3 velocidades<\/span><\/li>\n<li><span style=\"font-size: 14pt; color: #000000;\">Modo de pulverizaci\u00f3n: 2 velocidades (continua o intermitente)<\/span><\/li>\n<li><span style=\"font-size: 14pt; color: #000000;\">Regulaci\u00f3n del chorro: 2 velocidades (continua o intermitente)<\/span><\/li>\n<li><span style=\"font-size: 14pt; color: #000000;\">Direcci\u00f3n del viento ajustable de arriba a abajo<\/span><\/li>\n<\/ul>\n<p><span style=\"font-size: 14pt; color: #000000;\">Descubre c\u00f3mo nuestro ventilador port\u00e1til USB puede transformar tu confort personal. Perfecto para usar en casa, de viaje o en la oficina. \u00a1A\u00f1ade un toque de frescor est\u00e9s donde est\u00e9s! <\/span><\/p>\n","protected":false},"excerpt":{"rendered":"<p><span style=\"font-size: 14pt; color: #000000;\">Refresca tu espacio con nuestro ventilador-refrigerador port\u00e1til USB<\/span><\/p>\n","protected":false},"featured_media":40087,"comment_status":"closed","ping_status":"closed","template":"","meta":[],"product_brand":[1139],"product_cat":[988,1085],"product_tag":[990],"class_list":{"0":"post-41127","1":"product","2":"type-product","3":"status-publish","4":"has-post-thumbnail","6":"product_brand-shopvalley","7":"product_cat-accesorios","8":"product_cat-shopping_es-es","9":"product_tag-noflash-es","11":"first","12":"instock","13":"sale","14":"taxable","15":"shipping-taxable","16":"purchasable","17":"product-type-variable","18":"has-default-attributes"},"yoast_head":"<!-- This site is optimized with the Yoast SEO plugin v27.4 - https:\/\/yoast.com\/product\/yoast-seo-wordpress\/ -->\n<title>Ventilador Acondicionador de Aire Port\u00e1til USB AirFresh - ShopValley<\/title>\n<meta name=\"description\" content=\"\u00bfBuscas una soluci\u00f3n compacta y vers\u00e1til para mantenerte fresco este verano? \u00a1Echa un vistazo a nuestro ventilador port\u00e1til USB con aire acondicionado!\" \/>\n<meta name=\"robots\" content=\"index, follow, max-snippet:-1, max-image-preview:large, max-video-preview:-1\" \/>\n<link rel=\"canonical\" href=\"https:\/\/shopvalley.fr\/es\/produit\/ventilador-acondicionador-de-aire-portatil-usb-airfresh\/\" \/>\n<meta property=\"og:locale\" content=\"es_ES\" \/>\n<meta property=\"og:type\" content=\"article\" \/>\n<meta property=\"og:title\" content=\"Ventilador Acondicionador de Aire Port\u00e1til USB AirFresh - ShopValley\" \/>\n<meta property=\"og:description\" content=\"\u00bfBuscas una soluci\u00f3n compacta y vers\u00e1til para mantenerte fresco este verano? \u00a1Echa un vistazo a nuestro ventilador port\u00e1til USB con aire acondicionado!\" \/>\n<meta property=\"og:url\" content=\"https:\/\/shopvalley.fr\/es\/produit\/ventilador-acondicionador-de-aire-portatil-usb-airfresh\/\" \/>\n<meta property=\"og:site_name\" content=\"ShopValley\" \/>\n<meta property=\"article:modified_time\" content=\"2025-11-18T19:55:16+00:00\" \/>\n<meta property=\"og:image\" content=\"http:\/\/shopvalley.fr\/wp-content\/uploads\/2024\/06\/Ventilateur-climatiseur-Portable-3.webp\" \/>\n\t<meta property=\"og:image:width\" content=\"750\" \/>\n\t<meta property=\"og:image:height\" content=\"750\" \/>\n\t<meta property=\"og:image:type\" content=\"image\/webp\" \/>\n<script type=\"application\/ld+json\" class=\"yoast-schema-graph\">{\"@context\":\"https:\\\/\\\/schema.org\",\"@graph\":[{\"@type\":\"WebPage\",\"@id\":\"https:\\\/\\\/shopvalley.fr\\\/es\\\/produit\\\/ventilador-acondicionador-de-aire-portatil-usb-airfresh\\\/\",\"url\":\"https:\\\/\\\/shopvalley.fr\\\/es\\\/produit\\\/ventilador-acondicionador-de-aire-portatil-usb-airfresh\\\/\",\"name\":\"Ventilador Acondicionador de Aire Port\u00e1til USB AirFresh - ShopValley\",\"isPartOf\":{\"@id\":\"https:\\\/\\\/shopvalley.fr\\\/es\\\/#website\"},\"primaryImageOfPage\":{\"@id\":\"https:\\\/\\\/shopvalley.fr\\\/es\\\/produit\\\/ventilador-acondicionador-de-aire-portatil-usb-airfresh\\\/#primaryimage\"},\"image\":{\"@id\":\"https:\\\/\\\/shopvalley.fr\\\/es\\\/produit\\\/ventilador-acondicionador-de-aire-portatil-usb-airfresh\\\/#primaryimage\"},\"thumbnailUrl\":\"https:\\\/\\\/shopvalley.fr\\\/wp-content\\\/uploads\\\/2024\\\/06\\\/Ventilateur-climatiseur-Portable-3.webp\",\"datePublished\":\"2024-06-17T19:33:41+00:00\",\"dateModified\":\"2025-11-18T19:55:16+00:00\",\"description\":\"\u00bfBuscas una soluci\u00f3n compacta y vers\u00e1til para mantenerte fresco este verano? \u00a1Echa un vistazo a nuestro ventilador port\u00e1til USB con aire acondicionado!\",\"breadcrumb\":{\"@id\":\"https:\\\/\\\/shopvalley.fr\\\/es\\\/produit\\\/ventilador-acondicionador-de-aire-portatil-usb-airfresh\\\/#breadcrumb\"},\"inLanguage\":\"es\",\"potentialAction\":[{\"@type\":\"ReadAction\",\"target\":[\"https:\\\/\\\/shopvalley.fr\\\/es\\\/produit\\\/ventilador-acondicionador-de-aire-portatil-usb-airfresh\\\/\"]}]},{\"@type\":\"ImageObject\",\"inLanguage\":\"es\",\"@id\":\"https:\\\/\\\/shopvalley.fr\\\/es\\\/produit\\\/ventilador-acondicionador-de-aire-portatil-usb-airfresh\\\/#primaryimage\",\"url\":\"https:\\\/\\\/shopvalley.fr\\\/wp-content\\\/uploads\\\/2024\\\/06\\\/Ventilateur-climatiseur-Portable-3.webp\",\"contentUrl\":\"https:\\\/\\\/shopvalley.fr\\\/wp-content\\\/uploads\\\/2024\\\/06\\\/Ventilateur-climatiseur-Portable-3.webp\",\"width\":750,\"height\":750},{\"@type\":\"BreadcrumbList\",\"@id\":\"https:\\\/\\\/shopvalley.fr\\\/es\\\/produit\\\/ventilador-acondicionador-de-aire-portatil-usb-airfresh\\\/#breadcrumb\",\"itemListElement\":[{\"@type\":\"ListItem\",\"position\":1,\"name\":\"Accueil\",\"item\":\"https:\\\/\\\/shopvalley.fr\\\/es\\\/\"},{\"@type\":\"ListItem\",\"position\":2,\"name\":\"Todos los productos\",\"item\":\"https:\\\/\\\/shopvalley.fr\\\/es\\\/todos-los-productos\\\/\"},{\"@type\":\"ListItem\",\"position\":3,\"name\":\"Accessoires\",\"item\":\"https:\\\/\\\/shopvalley.fr\\\/categorie-produit\\\/accessoires\\\/\"},{\"@type\":\"ListItem\",\"position\":4,\"name\":\"Ventilador Acondicionador de Aire Port\u00e1til USB AirFresh\"}]},{\"@type\":\"WebSite\",\"@id\":\"https:\\\/\\\/shopvalley.fr\\\/es\\\/#website\",\"url\":\"https:\\\/\\\/shopvalley.fr\\\/es\\\/\",\"name\":\"ShopValley\",\"description\":\"\u00a1Productos de moda a precios bajos!\",\"publisher\":{\"@id\":\"https:\\\/\\\/shopvalley.fr\\\/es\\\/#organization\"},\"potentialAction\":[{\"@type\":\"SearchAction\",\"target\":{\"@type\":\"EntryPoint\",\"urlTemplate\":\"https:\\\/\\\/shopvalley.fr\\\/es\\\/?s={search_term_string}\"},\"query-input\":{\"@type\":\"PropertyValueSpecification\",\"valueRequired\":true,\"valueName\":\"search_term_string\"}}],\"inLanguage\":\"es\"},{\"@type\":\"Organization\",\"@id\":\"https:\\\/\\\/shopvalley.fr\\\/es\\\/#organization\",\"name\":\"Shopvalley\",\"url\":\"https:\\\/\\\/shopvalley.fr\\\/es\\\/\",\"logo\":{\"@type\":\"ImageObject\",\"inLanguage\":\"es\",\"@id\":\"https:\\\/\\\/shopvalley.fr\\\/es\\\/#\\\/schema\\\/logo\\\/image\\\/\",\"url\":\"https:\\\/\\\/shopvalley.fr\\\/wp-content\\\/uploads\\\/2023\\\/11\\\/cropped-Copie-de-Logo-ShopValley-500-x-500-px-1.png\",\"contentUrl\":\"https:\\\/\\\/shopvalley.fr\\\/wp-content\\\/uploads\\\/2023\\\/11\\\/cropped-Copie-de-Logo-ShopValley-500-x-500-px-1.png\",\"width\":512,\"height\":512,\"caption\":\"Shopvalley\"},\"image\":{\"@id\":\"https:\\\/\\\/shopvalley.fr\\\/es\\\/#\\\/schema\\\/logo\\\/image\\\/\"}}]}<\/script>\n<!-- \/ Yoast SEO plugin. -->","yoast_head_json":{"title":"Ventilador Acondicionador de Aire Port\u00e1til USB AirFresh - ShopValley","description":"\u00bfBuscas una soluci\u00f3n compacta y vers\u00e1til para mantenerte fresco este verano? \u00a1Echa un vistazo a nuestro ventilador port\u00e1til USB con aire acondicionado!","robots":{"index":"index","follow":"follow","max-snippet":"max-snippet:-1","max-image-preview":"max-image-preview:large","max-video-preview":"max-video-preview:-1"},"canonical":"https:\/\/shopvalley.fr\/es\/produit\/ventilador-acondicionador-de-aire-portatil-usb-airfresh\/","og_locale":"es_ES","og_type":"article","og_title":"Ventilador Acondicionador de Aire Port\u00e1til USB AirFresh - ShopValley","og_description":"\u00bfBuscas una soluci\u00f3n compacta y vers\u00e1til para mantenerte fresco este verano? \u00a1Echa un vistazo a nuestro ventilador port\u00e1til USB con aire acondicionado!","og_url":"https:\/\/shopvalley.fr\/es\/produit\/ventilador-acondicionador-de-aire-portatil-usb-airfresh\/","og_site_name":"ShopValley","article_modified_time":"2025-11-18T19:55:16+00:00","og_image":[{"width":750,"height":750,"url":"http:\/\/shopvalley.fr\/wp-content\/uploads\/2024\/06\/Ventilateur-climatiseur-Portable-3.webp","type":"image\/webp"}],"schema":{"@context":"https:\/\/schema.org","@graph":[{"@type":"WebPage","@id":"https:\/\/shopvalley.fr\/es\/produit\/ventilador-acondicionador-de-aire-portatil-usb-airfresh\/","url":"https:\/\/shopvalley.fr\/es\/produit\/ventilador-acondicionador-de-aire-portatil-usb-airfresh\/","name":"Ventilador Acondicionador de Aire Port\u00e1til USB AirFresh - ShopValley","isPartOf":{"@id":"https:\/\/shopvalley.fr\/es\/#website"},"primaryImageOfPage":{"@id":"https:\/\/shopvalley.fr\/es\/produit\/ventilador-acondicionador-de-aire-portatil-usb-airfresh\/#primaryimage"},"image":{"@id":"https:\/\/shopvalley.fr\/es\/produit\/ventilador-acondicionador-de-aire-portatil-usb-airfresh\/#primaryimage"},"thumbnailUrl":"https:\/\/shopvalley.fr\/wp-content\/uploads\/2024\/06\/Ventilateur-climatiseur-Portable-3.webp","datePublished":"2024-06-17T19:33:41+00:00","dateModified":"2025-11-18T19:55:16+00:00","description":"\u00bfBuscas una soluci\u00f3n compacta y vers\u00e1til para mantenerte fresco este verano? \u00a1Echa un vistazo a nuestro ventilador port\u00e1til USB con aire acondicionado!","breadcrumb":{"@id":"https:\/\/shopvalley.fr\/es\/produit\/ventilador-acondicionador-de-aire-portatil-usb-airfresh\/#breadcrumb"},"inLanguage":"es","potentialAction":[{"@type":"ReadAction","target":["https:\/\/shopvalley.fr\/es\/produit\/ventilador-acondicionador-de-aire-portatil-usb-airfresh\/"]}]},{"@type":"ImageObject","inLanguage":"es","@id":"https:\/\/shopvalley.fr\/es\/produit\/ventilador-acondicionador-de-aire-portatil-usb-airfresh\/#primaryimage","url":"https:\/\/shopvalley.fr\/wp-content\/uploads\/2024\/06\/Ventilateur-climatiseur-Portable-3.webp","contentUrl":"https:\/\/shopvalley.fr\/wp-content\/uploads\/2024\/06\/Ventilateur-climatiseur-Portable-3.webp","width":750,"height":750},{"@type":"BreadcrumbList","@id":"https:\/\/shopvalley.fr\/es\/produit\/ventilador-acondicionador-de-aire-portatil-usb-airfresh\/#breadcrumb","itemListElement":[{"@type":"ListItem","position":1,"name":"Accueil","item":"https:\/\/shopvalley.fr\/es\/"},{"@type":"ListItem","position":2,"name":"Todos los productos","item":"https:\/\/shopvalley.fr\/es\/todos-los-productos\/"},{"@type":"ListItem","position":3,"name":"Accessoires","item":"https:\/\/shopvalley.fr\/categorie-produit\/accessoires\/"},{"@type":"ListItem","position":4,"name":"Ventilador Acondicionador de Aire Port\u00e1til USB AirFresh"}]},{"@type":"WebSite","@id":"https:\/\/shopvalley.fr\/es\/#website","url":"https:\/\/shopvalley.fr\/es\/","name":"ShopValley","description":"\u00a1Productos de moda a precios bajos!","publisher":{"@id":"https:\/\/shopvalley.fr\/es\/#organization"},"potentialAction":[{"@type":"SearchAction","target":{"@type":"EntryPoint","urlTemplate":"https:\/\/shopvalley.fr\/es\/?s={search_term_string}"},"query-input":{"@type":"PropertyValueSpecification","valueRequired":true,"valueName":"search_term_string"}}],"inLanguage":"es"},{"@type":"Organization","@id":"https:\/\/shopvalley.fr\/es\/#organization","name":"Shopvalley","url":"https:\/\/shopvalley.fr\/es\/","logo":{"@type":"ImageObject","inLanguage":"es","@id":"https:\/\/shopvalley.fr\/es\/#\/schema\/logo\/image\/","url":"https:\/\/shopvalley.fr\/wp-content\/uploads\/2023\/11\/cropped-Copie-de-Logo-ShopValley-500-x-500-px-1.png","contentUrl":"https:\/\/shopvalley.fr\/wp-content\/uploads\/2023\/11\/cropped-Copie-de-Logo-ShopValley-500-x-500-px-1.png","width":512,"height":512,"caption":"Shopvalley"},"image":{"@id":"https:\/\/shopvalley.fr\/es\/#\/schema\/logo\/image\/"}}]}},"jetpack_sharing_enabled":true,"_links":{"self":[{"href":"https:\/\/shopvalley.fr\/es\/wp-json\/wp\/v2\/product\/41127","targetHints":{"allow":["GET"]}}],"collection":[{"href":"https:\/\/shopvalley.fr\/es\/wp-json\/wp\/v2\/product"}],"about":[{"href":"https:\/\/shopvalley.fr\/es\/wp-json\/wp\/v2\/types\/product"}],"replies":[{"embeddable":true,"href":"https:\/\/shopvalley.fr\/es\/wp-json\/wp\/v2\/comments?post=41127"}],"version-history":[{"count":2,"href":"https:\/\/shopvalley.fr\/es\/wp-json\/wp\/v2\/product\/41127\/revisions"}],"predecessor-version":[{"id":51528,"href":"https:\/\/shopvalley.fr\/es\/wp-json\/wp\/v2\/product\/41127\/revisions\/51528"}],"wp:featuredmedia":[{"embeddable":true,"href":"https:\/\/shopvalley.fr\/es\/wp-json\/wp\/v2\/media\/40087"}],"wp:attachment":[{"href":"https:\/\/shopvalley.fr\/es\/wp-json\/wp\/v2\/media?parent=41127"}],"wp:term":[{"taxonomy":"product_brand","embeddable":true,"href":"https:\/\/shopvalley.fr\/es\/wp-json\/wp\/v2\/product_brand?post=41127"},{"taxonomy":"product_cat","embeddable":true,"href":"https:\/\/shopvalley.fr\/es\/wp-json\/wp\/v2\/product_cat?post=41127"},{"taxonomy":"product_tag","embeddable":true,"href":"https:\/\/shopvalley.fr\/es\/wp-json\/wp\/v2\/product_tag?post=41127"}],"curies":[{"name":"wp","href":"https:\/\/api.w.org\/{rel}","templated":true}]}}