{"id":41123,"date":"2023-01-07T20:00:00","date_gmt":"2023-01-07T19:00:00","guid":{"rendered":"https:\/\/shopvalley.fr\/produit\/cantimplora-de-viaje-para-perros-con-cuenco-hermetico-plegable-gran-capacidad-800-ml\/"},"modified":"2025-11-18T20:56:13","modified_gmt":"2025-11-18T19:56:13","slug":"cantimplora-de-viaje-para-perros-con-cuenco-hermetico-plegable-gran-capacidad-800-ml","status":"publish","type":"product","link":"https:\/\/shopvalley.fr\/es\/produit\/cantimplora-de-viaje-para-perros-con-cuenco-hermetico-plegable-gran-capacidad-800-ml\/","title":{"rendered":"Cantimplora de viaje para perros con cuenco herm\u00e9tico plegable, gran capacidad 800 ml"},"content":{"rendered":"<h5><span style=\"font-size: 14pt; color: #000000;\"><strong>Un cuenco plegable integrado para una practicidad \u00f3ptima<\/strong><\/span><\/h5>\n<p><span style=\"font-size: 14pt; color: #000000;\">Nuestra botella de agua de viaje para perros est\u00e1 especialmente dise\u00f1ada para las aventuras al aire libre. Gracias a su cuenco plegable integrado, puedes ofrecer agua fresca a tu perro en cualquier momento, sin necesidad de llevar un cuenco adicional. S\u00f3lo tienes que desplegarla y llenarla de agua, y plegarla una vez que tu perro haya terminado de beber. <\/span><\/p>\n<p><span style=\"color: #000000;\"><img loading=\"lazy\" decoding=\"async\" class=\"alignnone wp-image-16045 \" src=\"http:\/\/shopvalley.fr\/wp-content\/uploads\/2023\/06\/gourde.gif\" alt=\"Cantimplora de viaje para perros con cuenco herm\u00e9tico plegable, gran capacidad 800 ml\" width=\"631\" height=\"355\" \/> <img loading=\"lazy\" decoding=\"async\" class=\"alignnone wp-image-16028 \" src=\"http:\/\/shopvalley.fr\/wp-content\/uploads\/2023\/06\/ir2LBouteille-d-eau-Portable-pour-chien-fournitures-de-sortie-pour-voyage-en-plein-air-dispositif-boire.jpg\" alt=\"Cantimplora de viaje para perros con cuenco herm\u00e9tico plegable, gran capacidad 800 ml\" width=\"333\" height=\"333\" srcset=\"https:\/\/shopvalley.fr\/wp-content\/uploads\/2023\/06\/ir2LBouteille-d-eau-Portable-pour-chien-fournitures-de-sortie-pour-voyage-en-plein-air-dispositif-boire.jpg 800w, https:\/\/shopvalley.fr\/wp-content\/uploads\/2023\/06\/ir2LBouteille-d-eau-Portable-pour-chien-fournitures-de-sortie-pour-voyage-en-plein-air-dispositif-boire-430x430.jpg 430w, https:\/\/shopvalley.fr\/wp-content\/uploads\/2023\/06\/ir2LBouteille-d-eau-Portable-pour-chien-fournitures-de-sortie-pour-voyage-en-plein-air-dispositif-boire-150x150.jpg 150w, https:\/\/shopvalley.fr\/wp-content\/uploads\/2023\/06\/ir2LBouteille-d-eau-Portable-pour-chien-fournitures-de-sortie-pour-voyage-en-plein-air-dispositif-boire-700x700.jpg 700w, https:\/\/shopvalley.fr\/wp-content\/uploads\/2023\/06\/ir2LBouteille-d-eau-Portable-pour-chien-fournitures-de-sortie-pour-voyage-en-plein-air-dispositif-boire-300x300.jpg 300w, https:\/\/shopvalley.fr\/wp-content\/uploads\/2023\/06\/ir2LBouteille-d-eau-Portable-pour-chien-fournitures-de-sortie-pour-voyage-en-plein-air-dispositif-boire-768x768.jpg 768w\" sizes=\"auto, (max-width: 333px) 100vw, 333px\" \/><\/span><\/p>\n<h5><span style=\"font-size: 14pt; color: #000000;\"><strong>F\u00e1cil manejo con una sola mano para un uso c\u00f3modo<\/strong><\/span><\/h5>\n<p><span style=\"font-size: 14pt; color: #000000;\">Entendemos que tus manos pueden estar ocupadas cuando paseas o viajas con tu perro. Por eso nuestra botella de agua de viaje est\u00e1 dise\u00f1ada para que puedas manejarla f\u00e1cilmente con una sola mano. As\u00ed puedes llevar a tu perro con correa mientras le ofreces agua fresca e hidratante. <\/span><\/p>\n<p><span style=\"color: #000000;\"><img loading=\"lazy\" decoding=\"async\" class=\"wp-image-15325 alignnone\" src=\"http:\/\/shopvalley.fr\/wp-content\/uploads\/2023\/06\/gourde_chien.gif\" alt=\"Cantimplora de viaje para perros con cuenco herm\u00e9tico plegable, gran capacidad 800 ml\" width=\"422\" height=\"236\" \/> <img loading=\"lazy\" decoding=\"async\" class=\"wp-image-16034 alignnone\" src=\"http:\/\/shopvalley.fr\/wp-content\/uploads\/2023\/06\/Hcc15ae0a8e9c4e73a00349d85a9dce33B.jpg\" alt=\"\" width=\"413\" height=\"413\" srcset=\"https:\/\/shopvalley.fr\/wp-content\/uploads\/2023\/06\/Hcc15ae0a8e9c4e73a00349d85a9dce33B.jpg 1100w, https:\/\/shopvalley.fr\/wp-content\/uploads\/2023\/06\/Hcc15ae0a8e9c4e73a00349d85a9dce33B-430x430.jpg 430w, https:\/\/shopvalley.fr\/wp-content\/uploads\/2023\/06\/Hcc15ae0a8e9c4e73a00349d85a9dce33B-150x150.jpg 150w, https:\/\/shopvalley.fr\/wp-content\/uploads\/2023\/06\/Hcc15ae0a8e9c4e73a00349d85a9dce33B-700x700.jpg 700w, https:\/\/shopvalley.fr\/wp-content\/uploads\/2023\/06\/Hcc15ae0a8e9c4e73a00349d85a9dce33B-300x300.jpg 300w, https:\/\/shopvalley.fr\/wp-content\/uploads\/2023\/06\/Hcc15ae0a8e9c4e73a00349d85a9dce33B-800x800.jpg 800w, https:\/\/shopvalley.fr\/wp-content\/uploads\/2023\/06\/Hcc15ae0a8e9c4e73a00349d85a9dce33B-768x768.jpg 768w, https:\/\/shopvalley.fr\/wp-content\/uploads\/2023\/06\/Hcc15ae0a8e9c4e73a00349d85a9dce33B-860x860.jpg 860w\" sizes=\"auto, (max-width: 413px) 100vw, 413px\" \/><\/span><\/p>\n<p>&nbsp;<\/p>\n<h5><span style=\"font-size: 14pt; color: #000000;\"><strong>Dise\u00f1o a prueba de fugas para mantener seca tu mochila<\/strong><\/span><\/h5>\n<p><span style=\"font-size: 14pt; color: #000000;\">No tienes que preocuparte de que el agua se filtre en tu mochila o bolsa de viaje. Nuestra botella de agua de viaje para perros tiene un eficaz mecanismo antifugas, que garantiza que el agua permanezca dentro de la botella hasta que pulses el bot\u00f3n para liberarla en el recipiente. As\u00ed puedes llevar la botella con confianza, sin preocuparte por accidentes. <\/span><\/p>\n<p><span style=\"color: #000000;\"><img loading=\"lazy\" decoding=\"async\" class=\"wp-image-15291 alignnone\" src=\"http:\/\/shopvalley.fr\/wp-content\/uploads\/2023\/06\/5df4f4aa-58a6-4ffd-b83d-f96f85013569-1.jpg\" alt=\"\" width=\"406\" height=\"406\" srcset=\"https:\/\/shopvalley.fr\/wp-content\/uploads\/2023\/06\/5df4f4aa-58a6-4ffd-b83d-f96f85013569-1.jpg 800w, https:\/\/shopvalley.fr\/wp-content\/uploads\/2023\/06\/5df4f4aa-58a6-4ffd-b83d-f96f85013569-1-430x430.jpg 430w, https:\/\/shopvalley.fr\/wp-content\/uploads\/2023\/06\/5df4f4aa-58a6-4ffd-b83d-f96f85013569-1-150x150.jpg 150w, https:\/\/shopvalley.fr\/wp-content\/uploads\/2023\/06\/5df4f4aa-58a6-4ffd-b83d-f96f85013569-1-700x700.jpg 700w, https:\/\/shopvalley.fr\/wp-content\/uploads\/2023\/06\/5df4f4aa-58a6-4ffd-b83d-f96f85013569-1-300x300.jpg 300w, https:\/\/shopvalley.fr\/wp-content\/uploads\/2023\/06\/5df4f4aa-58a6-4ffd-b83d-f96f85013569-1-768x768.jpg 768w\" sizes=\"auto, (max-width: 406px) 100vw, 406px\" \/> <img loading=\"lazy\" decoding=\"async\" class=\"alignnone wp-image-16027 \" src=\"http:\/\/shopvalley.fr\/wp-content\/uploads\/2023\/06\/bFwUBouteille-d-eau-Portable-pour-chien-fournitures-de-sortie-pour-voyage-en-plein-air-dispositif-boire.jpg\" alt=\"Cantimplora de viaje para perros con cuenco herm\u00e9tico plegable, gran capacidad 800 ml\" width=\"407\" height=\"407\" srcset=\"https:\/\/shopvalley.fr\/wp-content\/uploads\/2023\/06\/bFwUBouteille-d-eau-Portable-pour-chien-fournitures-de-sortie-pour-voyage-en-plein-air-dispositif-boire.jpg 1100w, https:\/\/shopvalley.fr\/wp-content\/uploads\/2023\/06\/bFwUBouteille-d-eau-Portable-pour-chien-fournitures-de-sortie-pour-voyage-en-plein-air-dispositif-boire-430x430.jpg 430w, https:\/\/shopvalley.fr\/wp-content\/uploads\/2023\/06\/bFwUBouteille-d-eau-Portable-pour-chien-fournitures-de-sortie-pour-voyage-en-plein-air-dispositif-boire-150x150.jpg 150w, https:\/\/shopvalley.fr\/wp-content\/uploads\/2023\/06\/bFwUBouteille-d-eau-Portable-pour-chien-fournitures-de-sortie-pour-voyage-en-plein-air-dispositif-boire-700x700.jpg 700w, https:\/\/shopvalley.fr\/wp-content\/uploads\/2023\/06\/bFwUBouteille-d-eau-Portable-pour-chien-fournitures-de-sortie-pour-voyage-en-plein-air-dispositif-boire-300x300.jpg 300w, https:\/\/shopvalley.fr\/wp-content\/uploads\/2023\/06\/bFwUBouteille-d-eau-Portable-pour-chien-fournitures-de-sortie-pour-voyage-en-plein-air-dispositif-boire-800x800.jpg 800w, https:\/\/shopvalley.fr\/wp-content\/uploads\/2023\/06\/bFwUBouteille-d-eau-Portable-pour-chien-fournitures-de-sortie-pour-voyage-en-plein-air-dispositif-boire-768x768.jpg 768w, https:\/\/shopvalley.fr\/wp-content\/uploads\/2023\/06\/bFwUBouteille-d-eau-Portable-pour-chien-fournitures-de-sortie-pour-voyage-en-plein-air-dispositif-boire-860x860.jpg 860w\" sizes=\"auto, (max-width: 407px) 100vw, 407px\" \/><\/span><\/p>\n<h5><span style=\"font-size: 14pt; color: #000000;\"><strong>Materiales respetuosos con el medio ambiente para un uso seguro<\/strong><\/span><\/h5>\n<p><span style=\"font-size: 14pt; color: #000000;\">Tu perro se merece lo mejor, y nuestro planeta tambi\u00e9n. Nuestra botella de agua de viaje para perros est\u00e1 fabricada con ABS de calidad alimentaria, un material respetuoso con el medio ambiente y seguro para la salud de tu mascota. As\u00ed podr\u00e1s ofrecer a tu perro agua limpia y saludable, al tiempo que ayudas a preservar nuestro ecosistema. <\/span><\/p>\n<p><span style=\"color: #000000;\"><img loading=\"lazy\" decoding=\"async\" class=\"aligncenter wp-image-15310 \" src=\"http:\/\/shopvalley.fr\/wp-content\/uploads\/2023\/06\/9_d7b37db2-4844-48fc-8c3e-6813ec19cbd7.png\" alt=\"Cantimplora de viaje para perros con cuenco herm\u00e9tico plegable, gran capacidad 800 ml\" width=\"473\" height=\"473\" srcset=\"https:\/\/shopvalley.fr\/wp-content\/uploads\/2023\/06\/9_d7b37db2-4844-48fc-8c3e-6813ec19cbd7.png 800w, https:\/\/shopvalley.fr\/wp-content\/uploads\/2023\/06\/9_d7b37db2-4844-48fc-8c3e-6813ec19cbd7-430x430.png 430w, https:\/\/shopvalley.fr\/wp-content\/uploads\/2023\/06\/9_d7b37db2-4844-48fc-8c3e-6813ec19cbd7-150x150.png 150w, https:\/\/shopvalley.fr\/wp-content\/uploads\/2023\/06\/9_d7b37db2-4844-48fc-8c3e-6813ec19cbd7-700x700.png 700w, https:\/\/shopvalley.fr\/wp-content\/uploads\/2023\/06\/9_d7b37db2-4844-48fc-8c3e-6813ec19cbd7-300x300.png 300w, https:\/\/shopvalley.fr\/wp-content\/uploads\/2023\/06\/9_d7b37db2-4844-48fc-8c3e-6813ec19cbd7-768x768.png 768w\" sizes=\"auto, (max-width: 473px) 100vw, 473px\" \/><\/span><\/p>\n<p><span style=\"font-size: 14pt; color: #000000;\">Elige nuestra botella de agua de viaje para perros, \u00a1y ofrece a tu fiel compa\u00f1ero una forma pr\u00e1ctica e higi\u00e9nica de mantenerse hidratado durante vuestras aventuras juntos!<\/span><\/p>\n","protected":false},"excerpt":{"rendered":"<p><span style=\"font-size: 14pt; color: #000000;\">\u00a1Dale a tu perro una hidrataci\u00f3n pr\u00e1ctica y sin preocupaciones cuando est\u00e9s de viaje con nuestra botella de agua de viaje para perros!<\/span><\/p>\n","protected":false},"featured_media":35484,"comment_status":"closed","ping_status":"closed","template":"","meta":[],"product_brand":[],"product_cat":[1010,1085],"product_tag":[990],"class_list":{"0":"post-41123","1":"product","2":"type-product","3":"status-publish","4":"has-post-thumbnail","6":"product_cat-animales","7":"product_cat-shopping_es-es","8":"product_tag-noflash-es","10":"first","11":"instock","12":"taxable","13":"shipping-taxable","14":"purchasable","15":"product-type-variable","16":"has-default-attributes"},"yoast_head":"<!-- This site is optimized with the Yoast SEO plugin v27.4 - https:\/\/yoast.com\/product\/yoast-seo-wordpress\/ -->\n<title>Cantimplora de viaje para perros con cuenco herm\u00e9tico plegable 800 ml<\/title>\n<meta name=\"description\" content=\"\u00a1Dale a tu perro una hidrataci\u00f3n pr\u00e1ctica y sin preocupaciones cuando est\u00e9s de viaje con nuestra botella de agua de viaje para perros!\" \/>\n<meta name=\"robots\" content=\"index, follow, max-snippet:-1, max-image-preview:large, max-video-preview:-1\" \/>\n<link rel=\"canonical\" href=\"https:\/\/shopvalley.fr\/es\/produit\/cantimplora-de-viaje-para-perros-con-cuenco-hermetico-plegable-gran-capacidad-800-ml\/\" \/>\n<meta property=\"og:locale\" content=\"es_ES\" \/>\n<meta property=\"og:type\" content=\"article\" \/>\n<meta property=\"og:title\" content=\"Cantimplora de viaje para perros con cuenco herm\u00e9tico plegable 800 ml\" \/>\n<meta property=\"og:description\" content=\"\u00a1Dale a tu perro una hidrataci\u00f3n pr\u00e1ctica y sin preocupaciones cuando est\u00e9s de viaje con nuestra botella de agua de viaje para perros!\" \/>\n<meta property=\"og:url\" content=\"https:\/\/shopvalley.fr\/es\/produit\/cantimplora-de-viaje-para-perros-con-cuenco-hermetico-plegable-gran-capacidad-800-ml\/\" \/>\n<meta property=\"og:site_name\" content=\"ShopValley\" \/>\n<meta property=\"article:modified_time\" content=\"2025-11-18T19:56:13+00:00\" \/>\n<meta property=\"og:image\" content=\"http:\/\/shopvalley.fr\/wp-content\/uploads\/2023\/06\/7_520c38b8-df27-4e56-8e87-fc000f2a8ed5.png\" \/>\n\t<meta property=\"og:image:width\" content=\"800\" \/>\n\t<meta property=\"og:image:height\" content=\"800\" \/>\n\t<meta property=\"og:image:type\" content=\"image\/png\" \/>\n<script type=\"application\/ld+json\" class=\"yoast-schema-graph\">{\"@context\":\"https:\\\/\\\/schema.org\",\"@graph\":[{\"@type\":\"WebPage\",\"@id\":\"https:\\\/\\\/shopvalley.fr\\\/es\\\/produit\\\/cantimplora-de-viaje-para-perros-con-cuenco-hermetico-plegable-gran-capacidad-800-ml\\\/\",\"url\":\"https:\\\/\\\/shopvalley.fr\\\/es\\\/produit\\\/cantimplora-de-viaje-para-perros-con-cuenco-hermetico-plegable-gran-capacidad-800-ml\\\/\",\"name\":\"Cantimplora de viaje para perros con cuenco herm\u00e9tico plegable 800 ml\",\"isPartOf\":{\"@id\":\"https:\\\/\\\/shopvalley.fr\\\/es\\\/#website\"},\"primaryImageOfPage\":{\"@id\":\"https:\\\/\\\/shopvalley.fr\\\/es\\\/produit\\\/cantimplora-de-viaje-para-perros-con-cuenco-hermetico-plegable-gran-capacidad-800-ml\\\/#primaryimage\"},\"image\":{\"@id\":\"https:\\\/\\\/shopvalley.fr\\\/es\\\/produit\\\/cantimplora-de-viaje-para-perros-con-cuenco-hermetico-plegable-gran-capacidad-800-ml\\\/#primaryimage\"},\"thumbnailUrl\":\"https:\\\/\\\/shopvalley.fr\\\/wp-content\\\/uploads\\\/2023\\\/06\\\/7_520c38b8-df27-4e56-8e87-fc000f2a8ed5.png\",\"datePublished\":\"2023-01-07T19:00:00+00:00\",\"dateModified\":\"2025-11-18T19:56:13+00:00\",\"description\":\"\u00a1Dale a tu perro una hidrataci\u00f3n pr\u00e1ctica y sin preocupaciones cuando est\u00e9s de viaje con nuestra botella de agua de viaje para perros!\",\"breadcrumb\":{\"@id\":\"https:\\\/\\\/shopvalley.fr\\\/es\\\/produit\\\/cantimplora-de-viaje-para-perros-con-cuenco-hermetico-plegable-gran-capacidad-800-ml\\\/#breadcrumb\"},\"inLanguage\":\"es\",\"potentialAction\":[{\"@type\":\"ReadAction\",\"target\":[\"https:\\\/\\\/shopvalley.fr\\\/es\\\/produit\\\/cantimplora-de-viaje-para-perros-con-cuenco-hermetico-plegable-gran-capacidad-800-ml\\\/\"]}]},{\"@type\":\"ImageObject\",\"inLanguage\":\"es\",\"@id\":\"https:\\\/\\\/shopvalley.fr\\\/es\\\/produit\\\/cantimplora-de-viaje-para-perros-con-cuenco-hermetico-plegable-gran-capacidad-800-ml\\\/#primaryimage\",\"url\":\"https:\\\/\\\/shopvalley.fr\\\/wp-content\\\/uploads\\\/2023\\\/06\\\/7_520c38b8-df27-4e56-8e87-fc000f2a8ed5.png\",\"contentUrl\":\"https:\\\/\\\/shopvalley.fr\\\/wp-content\\\/uploads\\\/2023\\\/06\\\/7_520c38b8-df27-4e56-8e87-fc000f2a8ed5.png\",\"width\":800,\"height\":800},{\"@type\":\"BreadcrumbList\",\"@id\":\"https:\\\/\\\/shopvalley.fr\\\/es\\\/produit\\\/cantimplora-de-viaje-para-perros-con-cuenco-hermetico-plegable-gran-capacidad-800-ml\\\/#breadcrumb\",\"itemListElement\":[{\"@type\":\"ListItem\",\"position\":1,\"name\":\"Accueil\",\"item\":\"https:\\\/\\\/shopvalley.fr\\\/es\\\/\"},{\"@type\":\"ListItem\",\"position\":2,\"name\":\"Todos los productos\",\"item\":\"https:\\\/\\\/shopvalley.fr\\\/es\\\/todos-los-productos\\\/\"},{\"@type\":\"ListItem\",\"position\":3,\"name\":\"Animales\",\"item\":\"https:\\\/\\\/shopvalley.fr\\\/es\\\/categorie-produit\\\/animales\\\/\"},{\"@type\":\"ListItem\",\"position\":4,\"name\":\"Cantimplora de viaje para perros con cuenco herm\u00e9tico plegable, gran capacidad 800 ml\"}]},{\"@type\":\"WebSite\",\"@id\":\"https:\\\/\\\/shopvalley.fr\\\/es\\\/#website\",\"url\":\"https:\\\/\\\/shopvalley.fr\\\/es\\\/\",\"name\":\"ShopValley\",\"description\":\"\u00a1Productos de moda a precios bajos!\",\"publisher\":{\"@id\":\"https:\\\/\\\/shopvalley.fr\\\/es\\\/#organization\"},\"potentialAction\":[{\"@type\":\"SearchAction\",\"target\":{\"@type\":\"EntryPoint\",\"urlTemplate\":\"https:\\\/\\\/shopvalley.fr\\\/es\\\/?s={search_term_string}\"},\"query-input\":{\"@type\":\"PropertyValueSpecification\",\"valueRequired\":true,\"valueName\":\"search_term_string\"}}],\"inLanguage\":\"es\"},{\"@type\":\"Organization\",\"@id\":\"https:\\\/\\\/shopvalley.fr\\\/es\\\/#organization\",\"name\":\"Shopvalley\",\"url\":\"https:\\\/\\\/shopvalley.fr\\\/es\\\/\",\"logo\":{\"@type\":\"ImageObject\",\"inLanguage\":\"es\",\"@id\":\"https:\\\/\\\/shopvalley.fr\\\/es\\\/#\\\/schema\\\/logo\\\/image\\\/\",\"url\":\"https:\\\/\\\/shopvalley.fr\\\/wp-content\\\/uploads\\\/2023\\\/11\\\/cropped-Copie-de-Logo-ShopValley-500-x-500-px-1.png\",\"contentUrl\":\"https:\\\/\\\/shopvalley.fr\\\/wp-content\\\/uploads\\\/2023\\\/11\\\/cropped-Copie-de-Logo-ShopValley-500-x-500-px-1.png\",\"width\":512,\"height\":512,\"caption\":\"Shopvalley\"},\"image\":{\"@id\":\"https:\\\/\\\/shopvalley.fr\\\/es\\\/#\\\/schema\\\/logo\\\/image\\\/\"}}]}<\/script>\n<!-- \/ Yoast SEO plugin. -->","yoast_head_json":{"title":"Cantimplora de viaje para perros con cuenco herm\u00e9tico plegable 800 ml","description":"\u00a1Dale a tu perro una hidrataci\u00f3n pr\u00e1ctica y sin preocupaciones cuando est\u00e9s de viaje con nuestra botella de agua de viaje para perros!","robots":{"index":"index","follow":"follow","max-snippet":"max-snippet:-1","max-image-preview":"max-image-preview:large","max-video-preview":"max-video-preview:-1"},"canonical":"https:\/\/shopvalley.fr\/es\/produit\/cantimplora-de-viaje-para-perros-con-cuenco-hermetico-plegable-gran-capacidad-800-ml\/","og_locale":"es_ES","og_type":"article","og_title":"Cantimplora de viaje para perros con cuenco herm\u00e9tico plegable 800 ml","og_description":"\u00a1Dale a tu perro una hidrataci\u00f3n pr\u00e1ctica y sin preocupaciones cuando est\u00e9s de viaje con nuestra botella de agua de viaje para perros!","og_url":"https:\/\/shopvalley.fr\/es\/produit\/cantimplora-de-viaje-para-perros-con-cuenco-hermetico-plegable-gran-capacidad-800-ml\/","og_site_name":"ShopValley","article_modified_time":"2025-11-18T19:56:13+00:00","og_image":[{"width":800,"height":800,"url":"http:\/\/shopvalley.fr\/wp-content\/uploads\/2023\/06\/7_520c38b8-df27-4e56-8e87-fc000f2a8ed5.png","type":"image\/png"}],"schema":{"@context":"https:\/\/schema.org","@graph":[{"@type":"WebPage","@id":"https:\/\/shopvalley.fr\/es\/produit\/cantimplora-de-viaje-para-perros-con-cuenco-hermetico-plegable-gran-capacidad-800-ml\/","url":"https:\/\/shopvalley.fr\/es\/produit\/cantimplora-de-viaje-para-perros-con-cuenco-hermetico-plegable-gran-capacidad-800-ml\/","name":"Cantimplora de viaje para perros con cuenco herm\u00e9tico plegable 800 ml","isPartOf":{"@id":"https:\/\/shopvalley.fr\/es\/#website"},"primaryImageOfPage":{"@id":"https:\/\/shopvalley.fr\/es\/produit\/cantimplora-de-viaje-para-perros-con-cuenco-hermetico-plegable-gran-capacidad-800-ml\/#primaryimage"},"image":{"@id":"https:\/\/shopvalley.fr\/es\/produit\/cantimplora-de-viaje-para-perros-con-cuenco-hermetico-plegable-gran-capacidad-800-ml\/#primaryimage"},"thumbnailUrl":"https:\/\/shopvalley.fr\/wp-content\/uploads\/2023\/06\/7_520c38b8-df27-4e56-8e87-fc000f2a8ed5.png","datePublished":"2023-01-07T19:00:00+00:00","dateModified":"2025-11-18T19:56:13+00:00","description":"\u00a1Dale a tu perro una hidrataci\u00f3n pr\u00e1ctica y sin preocupaciones cuando est\u00e9s de viaje con nuestra botella de agua de viaje para perros!","breadcrumb":{"@id":"https:\/\/shopvalley.fr\/es\/produit\/cantimplora-de-viaje-para-perros-con-cuenco-hermetico-plegable-gran-capacidad-800-ml\/#breadcrumb"},"inLanguage":"es","potentialAction":[{"@type":"ReadAction","target":["https:\/\/shopvalley.fr\/es\/produit\/cantimplora-de-viaje-para-perros-con-cuenco-hermetico-plegable-gran-capacidad-800-ml\/"]}]},{"@type":"ImageObject","inLanguage":"es","@id":"https:\/\/shopvalley.fr\/es\/produit\/cantimplora-de-viaje-para-perros-con-cuenco-hermetico-plegable-gran-capacidad-800-ml\/#primaryimage","url":"https:\/\/shopvalley.fr\/wp-content\/uploads\/2023\/06\/7_520c38b8-df27-4e56-8e87-fc000f2a8ed5.png","contentUrl":"https:\/\/shopvalley.fr\/wp-content\/uploads\/2023\/06\/7_520c38b8-df27-4e56-8e87-fc000f2a8ed5.png","width":800,"height":800},{"@type":"BreadcrumbList","@id":"https:\/\/shopvalley.fr\/es\/produit\/cantimplora-de-viaje-para-perros-con-cuenco-hermetico-plegable-gran-capacidad-800-ml\/#breadcrumb","itemListElement":[{"@type":"ListItem","position":1,"name":"Accueil","item":"https:\/\/shopvalley.fr\/es\/"},{"@type":"ListItem","position":2,"name":"Todos los productos","item":"https:\/\/shopvalley.fr\/es\/todos-los-productos\/"},{"@type":"ListItem","position":3,"name":"Animales","item":"https:\/\/shopvalley.fr\/es\/categorie-produit\/animales\/"},{"@type":"ListItem","position":4,"name":"Cantimplora de viaje para perros con cuenco herm\u00e9tico plegable, gran capacidad 800 ml"}]},{"@type":"WebSite","@id":"https:\/\/shopvalley.fr\/es\/#website","url":"https:\/\/shopvalley.fr\/es\/","name":"ShopValley","description":"\u00a1Productos de moda a precios bajos!","publisher":{"@id":"https:\/\/shopvalley.fr\/es\/#organization"},"potentialAction":[{"@type":"SearchAction","target":{"@type":"EntryPoint","urlTemplate":"https:\/\/shopvalley.fr\/es\/?s={search_term_string}"},"query-input":{"@type":"PropertyValueSpecification","valueRequired":true,"valueName":"search_term_string"}}],"inLanguage":"es"},{"@type":"Organization","@id":"https:\/\/shopvalley.fr\/es\/#organization","name":"Shopvalley","url":"https:\/\/shopvalley.fr\/es\/","logo":{"@type":"ImageObject","inLanguage":"es","@id":"https:\/\/shopvalley.fr\/es\/#\/schema\/logo\/image\/","url":"https:\/\/shopvalley.fr\/wp-content\/uploads\/2023\/11\/cropped-Copie-de-Logo-ShopValley-500-x-500-px-1.png","contentUrl":"https:\/\/shopvalley.fr\/wp-content\/uploads\/2023\/11\/cropped-Copie-de-Logo-ShopValley-500-x-500-px-1.png","width":512,"height":512,"caption":"Shopvalley"},"image":{"@id":"https:\/\/shopvalley.fr\/es\/#\/schema\/logo\/image\/"}}]}},"jetpack_sharing_enabled":true,"_links":{"self":[{"href":"https:\/\/shopvalley.fr\/es\/wp-json\/wp\/v2\/product\/41123","targetHints":{"allow":["GET"]}}],"collection":[{"href":"https:\/\/shopvalley.fr\/es\/wp-json\/wp\/v2\/product"}],"about":[{"href":"https:\/\/shopvalley.fr\/es\/wp-json\/wp\/v2\/types\/product"}],"replies":[{"embeddable":true,"href":"https:\/\/shopvalley.fr\/es\/wp-json\/wp\/v2\/comments?post=41123"}],"version-history":[{"count":2,"href":"https:\/\/shopvalley.fr\/es\/wp-json\/wp\/v2\/product\/41123\/revisions"}],"predecessor-version":[{"id":51582,"href":"https:\/\/shopvalley.fr\/es\/wp-json\/wp\/v2\/product\/41123\/revisions\/51582"}],"wp:featuredmedia":[{"embeddable":true,"href":"https:\/\/shopvalley.fr\/es\/wp-json\/wp\/v2\/media\/35484"}],"wp:attachment":[{"href":"https:\/\/shopvalley.fr\/es\/wp-json\/wp\/v2\/media?parent=41123"}],"wp:term":[{"taxonomy":"product_brand","embeddable":true,"href":"https:\/\/shopvalley.fr\/es\/wp-json\/wp\/v2\/product_brand?post=41123"},{"taxonomy":"product_cat","embeddable":true,"href":"https:\/\/shopvalley.fr\/es\/wp-json\/wp\/v2\/product_cat?post=41123"},{"taxonomy":"product_tag","embeddable":true,"href":"https:\/\/shopvalley.fr\/es\/wp-json\/wp\/v2\/product_tag?post=41123"}],"curies":[{"name":"wp","href":"https:\/\/api.w.org\/{rel}","templated":true}]}}