{"id":41106,"date":"2022-06-11T18:00:13","date_gmt":"2022-06-11T16:00:13","guid":{"rendered":"https:\/\/shopvalley.fr\/produit\/calzado-ortopedico-de-marcha-para-hombre\/"},"modified":"2026-01-11T16:50:05","modified_gmt":"2026-01-11T15:50:05","slug":"calzado-ortopedico-de-marcha-para-hombre","status":"publish","type":"product","link":"https:\/\/shopvalley.fr\/es\/produit\/calzado-ortopedico-de-marcha-para-hombre\/","title":{"rendered":"Calzado ortop\u00e9dico de marcha para hombre"},"content":{"rendered":"<h5><span style=\"font-size: 14pt; color: #ff0000;\"><em>(Te aconsejamos que cojas una talla m\u00e1s para este art\u00edculo)<\/em><\/span><\/h5>\n<h5><span style=\"font-size: 14pt; color: #000000;\"><strong>Calzado ortop\u00e9dico de senderismo para hombre: m\u00e1xima comodidad para tus pies<\/strong><\/span><\/h5>\n<p><span style=\"font-size: 14pt; color: #000000;\">Descubre las zapatillas ortop\u00e9dicas de andar por casa para hombre, dise\u00f1adas para proporcionarte una experiencia superior al caminar. Con plantillas ortop\u00e9dicas de alta calidad, estas zapatillas ofrecen soporte ajustable para el arco del pie y amortiguaci\u00f3n multicapa para una comodidad similar a la de una almohada, que alivia no s\u00f3lo tus pies, sino tambi\u00e9n tus rodillas, caderas y zona lumbar. <\/span><\/p>\n<p><a href=\"http:\/\/shopvalley.fr\/wp-content\/uploads\/2022\/06\/Chaussure-1.gif\"><img loading=\"lazy\" decoding=\"async\" class=\"aligncenter wp-image-23204\" src=\"http:\/\/shopvalley.fr\/wp-content\/uploads\/2022\/06\/Chaussure-1.gif\" alt=\"\" width=\"435\" height=\"435\" \/><\/a><\/p>\n<h5><span style=\"font-size: 14pt; color: #000000;\"><strong>Versatilidad y durabilidad: c\u00f3modos zapatos de piel para cualquier ocasi\u00f3n<\/strong><\/span><\/h5>\n<p><span style=\"font-size: 14pt; color: #000000;\"><em>Una silueta cl\u00e1sica, materiales de calidad y mejoras modernas hacen de estas zapatillas una elecci\u00f3n vers\u00e1til y duradera.<\/em><\/span><\/p>\n<p><span style=\"font-size: 14pt; color: #000000;\">Con su estilo vers\u00e1til, los zapatos confort de piel son perfectos para cualquier ocasi\u00f3n. Su dise\u00f1o atemporal, combinado con detalles modernos, les da un aspecto moderno que nunca pasar\u00e1 de moda. Fabricados con materiales de alta calidad, estos zapatos est\u00e1n hechos para durar. Elige entre una gran variedad de colores, estampados y cortes para marcar estilo. <\/span><\/p>\n<p><span style=\"font-size: 14pt; color: #000000;\"><a href=\"http:\/\/shopvalley.fr\/wp-content\/uploads\/2025\/02\/S7571dde96f0e4f39bff0a0e7c675197ey-e1698879125775-623x625-1.png\"><img loading=\"lazy\" decoding=\"async\" class=\"aligncenter wp-image-23208\" src=\"http:\/\/shopvalley.fr\/wp-content\/uploads\/2025\/02\/S7571dde96f0e4f39bff0a0e7c675197ey-e1698879125775-623x625-1.png\" alt=\"Calzado ortop\u00e9dico de marcha para hombre\" width=\"433\" height=\"433\" \/><\/a><\/span><\/p>\n<h5><span style=\"font-size: 14pt; color: #000000;\"><strong>Confort \u00f3ptimo: protecci\u00f3n y suavidad para tus pies<\/strong><\/span><\/h5>\n<p><span style=\"font-size: 14pt; color: #000000;\"><em>El forro interior acolchado de espuma elimina los puntos de presi\u00f3n, ofreciendo una comodidad y protecci\u00f3n superiores.<\/em><\/span><\/p>\n<p><span style=\"font-size: 14pt; color: #000000;\">El suave forro interior acolchado de espuma de los zapatos ortop\u00e9dicos para caminar envuelve tus pies con absoluta comodidad. Elimina los puntos de presi\u00f3n y fricci\u00f3n contra la piel, ofreciendo protecci\u00f3n contra rozaduras e irritaciones. As\u00ed podr\u00e1s caminar todo el d\u00eda sin sentir ninguna molestia. <\/span><\/p>\n<p><span style=\"font-size: 14pt; color: #000000;\"><a href=\"http:\/\/shopvalley.fr\/wp-content\/uploads\/2025\/02\/Sfd7018eecfb04a40bb3dfdfiida974ac540-636x800.jpg-1.png\"><img loading=\"lazy\" decoding=\"async\" class=\"aligncenter wp-image-24689\" src=\"http:\/\/shopvalley.fr\/wp-content\/uploads\/2025\/02\/Sfd7018eecfb04a40bb3dfdfiida974ac540-636x800.jpg-1.png\" alt=\"Calzado ortop\u00e9dico de marcha para hombre\" width=\"342\" height=\"430\" \/><\/a> <\/span><\/p>\n<h5><span style=\"font-size: 14pt; color: #000000;\"><strong>Estabilidad y ajuste perfecto: camina con confianza<\/strong><\/span><\/h5>\n<p><span style=\"font-size: 14pt; color: #000000;\"><em>Las suelas ligeras y ergon\u00f3micas, combinadas con la parte superior el\u00e1stica, ofrecen una excelente estabilidad y un ajuste perfecto.<\/em><\/span><\/p>\n<p><span style=\"font-size: 14pt; color: #000000;\">Las suelas ligeras y ergon\u00f3micas de las zapatillas ortop\u00e9dicas para caminar proporcionan una excelente estabilidad a cada paso. Facilitan la marcha y a\u00f1aden elasticidad a tu paso. Gracias a la parte superior el\u00e1stica, se reduce la presi\u00f3n sobre juanetes y dedos en martillo, proporcionando un ajuste relajado y c\u00f3modo. Disponibles en diferentes anchuras y con dos espaciadores, estas zapatillas garantizan un ajuste perfecto para cada pie. <\/span><\/p>\n<p><span style=\"font-size: 14pt; color: #000000;\"><img loading=\"lazy\" decoding=\"async\" class=\"aligncenter wp-image-15483\" src=\"http:\/\/shopvalley.fr\/wp-content\/uploads\/2023\/06\/Haa68f93a5dd549be9eb86e86e388d016a-e1686501157951.jpg\" alt=\"Calzado ortop\u00e9dico de marcha para hombre\" width=\"420\" height=\"420\" srcset=\"https:\/\/shopvalley.fr\/wp-content\/uploads\/2023\/06\/Haa68f93a5dd549be9eb86e86e388d016a-e1686501157951.jpg 715w, https:\/\/shopvalley.fr\/wp-content\/uploads\/2023\/06\/Haa68f93a5dd549be9eb86e86e388d016a-e1686501157951-430x430.jpg 430w, https:\/\/shopvalley.fr\/wp-content\/uploads\/2023\/06\/Haa68f93a5dd549be9eb86e86e388d016a-e1686501157951-150x150.jpg 150w, https:\/\/shopvalley.fr\/wp-content\/uploads\/2023\/06\/Haa68f93a5dd549be9eb86e86e388d016a-e1686501157951-700x700.jpg 700w, https:\/\/shopvalley.fr\/wp-content\/uploads\/2023\/06\/Haa68f93a5dd549be9eb86e86e388d016a-e1686501157951-300x300.jpg 300w, https:\/\/shopvalley.fr\/wp-content\/uploads\/2023\/06\/Haa68f93a5dd549be9eb86e86e388d016a-e1686501157951-623x625.jpg 623w\" sizes=\"auto, (max-width: 420px) 100vw, 420px\" \/><\/span><\/p>\n<p><img loading=\"lazy\" decoding=\"async\" class=\"aligncenter wp-image-30570\" src=\"http:\/\/shopvalley.fr\/wp-content\/uploads\/2022\/06\/1_03b85aa8-01cc-427c-9d77-9ec51317f151.png\" alt=\"\" width=\"425\" height=\"425\" srcset=\"https:\/\/shopvalley.fr\/wp-content\/uploads\/2022\/06\/1_03b85aa8-01cc-427c-9d77-9ec51317f151.png 800w, https:\/\/shopvalley.fr\/wp-content\/uploads\/2022\/06\/1_03b85aa8-01cc-427c-9d77-9ec51317f151-430x430.png 430w, https:\/\/shopvalley.fr\/wp-content\/uploads\/2022\/06\/1_03b85aa8-01cc-427c-9d77-9ec51317f151-150x150.png 150w, https:\/\/shopvalley.fr\/wp-content\/uploads\/2022\/06\/1_03b85aa8-01cc-427c-9d77-9ec51317f151-700x700.png 700w, https:\/\/shopvalley.fr\/wp-content\/uploads\/2022\/06\/1_03b85aa8-01cc-427c-9d77-9ec51317f151-300x300.png 300w, https:\/\/shopvalley.fr\/wp-content\/uploads\/2022\/06\/1_03b85aa8-01cc-427c-9d77-9ec51317f151-768x768.png 768w\" sizes=\"auto, (max-width: 425px) 100vw, 425px\" \/><\/p>\n<p><a href=\"http:\/\/shopvalley.fr\/wp-content\/uploads\/2025\/02\/Semelle-567x400-1.png\"><img loading=\"lazy\" decoding=\"async\" class=\"aligncenter wp-image-23199 size-full\" src=\"http:\/\/shopvalley.fr\/wp-content\/uploads\/2025\/02\/Semelle-567x400-1.png\" alt=\"Calzado ortop\u00e9dico de marcha para hombre\" width=\"567\" height=\"400\" \/><\/a><\/p>\n<p>&nbsp;<\/p>\n<p style=\"text-align: center;\"><strong><span style=\"font-size: 18pt; color: #ff0000;\">Antes de hacer tu pedido, te recomendamos encarecidamente que midas la longitud de tus pies y la cotejes con nuestra \u00abGU\u00cdA DE TALLAS\u00bb de la parte superior de la p\u00e1gina para elegir la talla que mejor se adapte a ti.<\/span><\/strong><\/p>\n<p>&nbsp;<\/p>\n<p><a href=\"http:\/\/shopvalley.fr\/wp-content\/uploads\/2025\/02\/Taille_Pied-1.png\"><img loading=\"lazy\" decoding=\"async\" class=\"aligncenter wp-image-26241\" src=\"http:\/\/shopvalley.fr\/wp-content\/uploads\/2025\/02\/Taille_Pied-1.png\" alt=\"\" width=\"493\" height=\"379\" \/><\/a><\/p>\n<p>&nbsp;<\/p>\n<h5><span style=\"font-size: 14pt; color: #000000;\"><strong>Ligero y transpirable: comodidad que te hace sentir como si estuvieras descalzo<\/strong><\/span><\/h5>\n<p><span style=\"font-size: 14pt; color: #000000;\"><em>La parte superior de piel cosida a mano y el suave forro de mutispandex\/tejido son ligeros y transpirables.<\/em><\/span><\/p>\n<p><span style=\"font-size: 14pt; color: #000000;\">Los zapatos ortop\u00e9dicos para caminar est\u00e1n cuidadosamente elaborados, con una parte superior de piel cosida a mano que los hace ligeros y transpirables. El forro de mutispandex\/tejido suave te da una sensaci\u00f3n de comodidad descalza. La suela de EVA proporciona una buena amortiguaci\u00f3n, absorbiendo los impactos a cada paso. Tanto si las usas como zapatillas de estar por casa, calzado de trabajo o zapatillas de viaje, las zapatillas ortop\u00e9dicas de andar por casa de lensieh shoes ofrecen un apoyo excepcional a quienes pasan todo el d\u00eda de pie. <\/span><\/p>\n<p><span style=\"font-size: 14pt; color: #000000;\">Dale a tus pies la comodidad y el apoyo que necesitan con las zapatillas ortop\u00e9dicas para caminar para hombre. Haz tu pedido ahora y disfruta de una experiencia superior al caminar. <\/span><\/p>\n","protected":false},"excerpt":{"rendered":"<p><span style=\"font-size: 14pt; color: #000000;\">M\u00e1xima comodidad para tus pies<\/span><\/p>\n","protected":false},"featured_media":35574,"comment_status":"closed","ping_status":"closed","template":"","meta":[],"product_brand":[],"product_cat":[853],"product_tag":[990],"class_list":{"0":"post-41106","1":"product","2":"type-product","3":"status-publish","4":"has-post-thumbnail","6":"product_cat-non-classe","7":"product_tag-noflash-es","9":"first","10":"instock","11":"sale","12":"taxable","13":"shipping-taxable","14":"purchasable","15":"product-type-variable","16":"has-default-attributes"},"yoast_head":"<!-- This site is optimized with the Yoast SEO plugin v27.4 - https:\/\/yoast.com\/product\/yoast-seo-wordpress\/ -->\n<title>Calzado ortop\u00e9dico de marcha para hombre<\/title>\n<meta name=\"description\" content=\"Descubre las zapatillas ortop\u00e9dicas de andar por casa para hombre, dise\u00f1adas para proporcionarte una experiencia superior al caminar.\" \/>\n<meta name=\"robots\" content=\"index, follow, max-snippet:-1, max-image-preview:large, max-video-preview:-1\" \/>\n<link rel=\"canonical\" href=\"https:\/\/shopvalley.fr\/es\/produit\/calzado-ortopedico-de-marcha-para-hombre\/\" \/>\n<meta property=\"og:locale\" content=\"es_ES\" \/>\n<meta property=\"og:type\" content=\"article\" \/>\n<meta property=\"og:title\" content=\"Calzado ortop\u00e9dico de marcha para hombre\" \/>\n<meta property=\"og:description\" content=\"Descubre las zapatillas ortop\u00e9dicas de andar por casa para hombre, dise\u00f1adas para proporcionarte una experiencia superior al caminar.\" \/>\n<meta property=\"og:url\" content=\"https:\/\/shopvalley.fr\/es\/produit\/calzado-ortopedico-de-marcha-para-hombre\/\" \/>\n<meta property=\"og:site_name\" content=\"ShopValley\" \/>\n<meta property=\"article:modified_time\" content=\"2026-01-11T15:50:05+00:00\" \/>\n<meta property=\"og:image\" content=\"http:\/\/shopvalley.fr\/wp-content\/uploads\/2023\/06\/EwLUBaskets-sans-cuir-pour-hommes-chaussures-plateforme-chaudes-chaussures-de-s-curit-sports-de-plein-air.jpg\" \/>\n\t<meta property=\"og:image:width\" content=\"800\" \/>\n\t<meta property=\"og:image:height\" content=\"800\" \/>\n\t<meta property=\"og:image:type\" content=\"image\/jpeg\" \/>\n<script type=\"application\/ld+json\" class=\"yoast-schema-graph\">{\"@context\":\"https:\\\/\\\/schema.org\",\"@graph\":[{\"@type\":\"WebPage\",\"@id\":\"https:\\\/\\\/shopvalley.fr\\\/es\\\/produit\\\/calzado-ortopedico-de-marcha-para-hombre\\\/\",\"url\":\"https:\\\/\\\/shopvalley.fr\\\/es\\\/produit\\\/calzado-ortopedico-de-marcha-para-hombre\\\/\",\"name\":\"Calzado ortop\u00e9dico de marcha para hombre\",\"isPartOf\":{\"@id\":\"https:\\\/\\\/shopvalley.fr\\\/es\\\/#website\"},\"primaryImageOfPage\":{\"@id\":\"https:\\\/\\\/shopvalley.fr\\\/es\\\/produit\\\/calzado-ortopedico-de-marcha-para-hombre\\\/#primaryimage\"},\"image\":{\"@id\":\"https:\\\/\\\/shopvalley.fr\\\/es\\\/produit\\\/calzado-ortopedico-de-marcha-para-hombre\\\/#primaryimage\"},\"thumbnailUrl\":\"https:\\\/\\\/shopvalley.fr\\\/wp-content\\\/uploads\\\/2023\\\/06\\\/EwLUBaskets-sans-cuir-pour-hommes-chaussures-plateforme-chaudes-chaussures-de-s-curit-sports-de-plein-air.jpg\",\"datePublished\":\"2022-06-11T16:00:13+00:00\",\"dateModified\":\"2026-01-11T15:50:05+00:00\",\"description\":\"Descubre las zapatillas ortop\u00e9dicas de andar por casa para hombre, dise\u00f1adas para proporcionarte una experiencia superior al caminar.\",\"breadcrumb\":{\"@id\":\"https:\\\/\\\/shopvalley.fr\\\/es\\\/produit\\\/calzado-ortopedico-de-marcha-para-hombre\\\/#breadcrumb\"},\"inLanguage\":\"es\",\"potentialAction\":[{\"@type\":\"ReadAction\",\"target\":[\"https:\\\/\\\/shopvalley.fr\\\/es\\\/produit\\\/calzado-ortopedico-de-marcha-para-hombre\\\/\"]}]},{\"@type\":\"ImageObject\",\"inLanguage\":\"es\",\"@id\":\"https:\\\/\\\/shopvalley.fr\\\/es\\\/produit\\\/calzado-ortopedico-de-marcha-para-hombre\\\/#primaryimage\",\"url\":\"https:\\\/\\\/shopvalley.fr\\\/wp-content\\\/uploads\\\/2023\\\/06\\\/EwLUBaskets-sans-cuir-pour-hommes-chaussures-plateforme-chaudes-chaussures-de-s-curit-sports-de-plein-air.jpg\",\"contentUrl\":\"https:\\\/\\\/shopvalley.fr\\\/wp-content\\\/uploads\\\/2023\\\/06\\\/EwLUBaskets-sans-cuir-pour-hommes-chaussures-plateforme-chaudes-chaussures-de-s-curit-sports-de-plein-air.jpg\",\"width\":800,\"height\":800},{\"@type\":\"BreadcrumbList\",\"@id\":\"https:\\\/\\\/shopvalley.fr\\\/es\\\/produit\\\/calzado-ortopedico-de-marcha-para-hombre\\\/#breadcrumb\",\"itemListElement\":[{\"@type\":\"ListItem\",\"position\":1,\"name\":\"Accueil\",\"item\":\"https:\\\/\\\/shopvalley.fr\\\/es\\\/\"},{\"@type\":\"ListItem\",\"position\":2,\"name\":\"Todos los productos\",\"item\":\"https:\\\/\\\/shopvalley.fr\\\/es\\\/todos-los-productos\\\/\"},{\"@type\":\"ListItem\",\"position\":3,\"name\":\"Chaussures\",\"item\":\"https:\\\/\\\/shopvalley.fr\\\/categorie-produit\\\/chaussures\\\/\"},{\"@type\":\"ListItem\",\"position\":4,\"name\":\"Calzado ortop\u00e9dico de marcha para hombre\"}]},{\"@type\":\"WebSite\",\"@id\":\"https:\\\/\\\/shopvalley.fr\\\/es\\\/#website\",\"url\":\"https:\\\/\\\/shopvalley.fr\\\/es\\\/\",\"name\":\"ShopValley\",\"description\":\"\u00a1Productos de moda a precios bajos!\",\"publisher\":{\"@id\":\"https:\\\/\\\/shopvalley.fr\\\/es\\\/#organization\"},\"potentialAction\":[{\"@type\":\"SearchAction\",\"target\":{\"@type\":\"EntryPoint\",\"urlTemplate\":\"https:\\\/\\\/shopvalley.fr\\\/es\\\/?s={search_term_string}\"},\"query-input\":{\"@type\":\"PropertyValueSpecification\",\"valueRequired\":true,\"valueName\":\"search_term_string\"}}],\"inLanguage\":\"es\"},{\"@type\":\"Organization\",\"@id\":\"https:\\\/\\\/shopvalley.fr\\\/es\\\/#organization\",\"name\":\"Shopvalley\",\"url\":\"https:\\\/\\\/shopvalley.fr\\\/es\\\/\",\"logo\":{\"@type\":\"ImageObject\",\"inLanguage\":\"es\",\"@id\":\"https:\\\/\\\/shopvalley.fr\\\/es\\\/#\\\/schema\\\/logo\\\/image\\\/\",\"url\":\"https:\\\/\\\/shopvalley.fr\\\/wp-content\\\/uploads\\\/2023\\\/11\\\/cropped-Copie-de-Logo-ShopValley-500-x-500-px-1.png\",\"contentUrl\":\"https:\\\/\\\/shopvalley.fr\\\/wp-content\\\/uploads\\\/2023\\\/11\\\/cropped-Copie-de-Logo-ShopValley-500-x-500-px-1.png\",\"width\":512,\"height\":512,\"caption\":\"Shopvalley\"},\"image\":{\"@id\":\"https:\\\/\\\/shopvalley.fr\\\/es\\\/#\\\/schema\\\/logo\\\/image\\\/\"}}]}<\/script>\n<!-- \/ Yoast SEO plugin. -->","yoast_head_json":{"title":"Calzado ortop\u00e9dico de marcha para hombre","description":"Descubre las zapatillas ortop\u00e9dicas de andar por casa para hombre, dise\u00f1adas para proporcionarte una experiencia superior al caminar.","robots":{"index":"index","follow":"follow","max-snippet":"max-snippet:-1","max-image-preview":"max-image-preview:large","max-video-preview":"max-video-preview:-1"},"canonical":"https:\/\/shopvalley.fr\/es\/produit\/calzado-ortopedico-de-marcha-para-hombre\/","og_locale":"es_ES","og_type":"article","og_title":"Calzado ortop\u00e9dico de marcha para hombre","og_description":"Descubre las zapatillas ortop\u00e9dicas de andar por casa para hombre, dise\u00f1adas para proporcionarte una experiencia superior al caminar.","og_url":"https:\/\/shopvalley.fr\/es\/produit\/calzado-ortopedico-de-marcha-para-hombre\/","og_site_name":"ShopValley","article_modified_time":"2026-01-11T15:50:05+00:00","og_image":[{"width":800,"height":800,"url":"http:\/\/shopvalley.fr\/wp-content\/uploads\/2023\/06\/EwLUBaskets-sans-cuir-pour-hommes-chaussures-plateforme-chaudes-chaussures-de-s-curit-sports-de-plein-air.jpg","type":"image\/jpeg"}],"schema":{"@context":"https:\/\/schema.org","@graph":[{"@type":"WebPage","@id":"https:\/\/shopvalley.fr\/es\/produit\/calzado-ortopedico-de-marcha-para-hombre\/","url":"https:\/\/shopvalley.fr\/es\/produit\/calzado-ortopedico-de-marcha-para-hombre\/","name":"Calzado ortop\u00e9dico de marcha para hombre","isPartOf":{"@id":"https:\/\/shopvalley.fr\/es\/#website"},"primaryImageOfPage":{"@id":"https:\/\/shopvalley.fr\/es\/produit\/calzado-ortopedico-de-marcha-para-hombre\/#primaryimage"},"image":{"@id":"https:\/\/shopvalley.fr\/es\/produit\/calzado-ortopedico-de-marcha-para-hombre\/#primaryimage"},"thumbnailUrl":"https:\/\/shopvalley.fr\/wp-content\/uploads\/2023\/06\/EwLUBaskets-sans-cuir-pour-hommes-chaussures-plateforme-chaudes-chaussures-de-s-curit-sports-de-plein-air.jpg","datePublished":"2022-06-11T16:00:13+00:00","dateModified":"2026-01-11T15:50:05+00:00","description":"Descubre las zapatillas ortop\u00e9dicas de andar por casa para hombre, dise\u00f1adas para proporcionarte una experiencia superior al caminar.","breadcrumb":{"@id":"https:\/\/shopvalley.fr\/es\/produit\/calzado-ortopedico-de-marcha-para-hombre\/#breadcrumb"},"inLanguage":"es","potentialAction":[{"@type":"ReadAction","target":["https:\/\/shopvalley.fr\/es\/produit\/calzado-ortopedico-de-marcha-para-hombre\/"]}]},{"@type":"ImageObject","inLanguage":"es","@id":"https:\/\/shopvalley.fr\/es\/produit\/calzado-ortopedico-de-marcha-para-hombre\/#primaryimage","url":"https:\/\/shopvalley.fr\/wp-content\/uploads\/2023\/06\/EwLUBaskets-sans-cuir-pour-hommes-chaussures-plateforme-chaudes-chaussures-de-s-curit-sports-de-plein-air.jpg","contentUrl":"https:\/\/shopvalley.fr\/wp-content\/uploads\/2023\/06\/EwLUBaskets-sans-cuir-pour-hommes-chaussures-plateforme-chaudes-chaussures-de-s-curit-sports-de-plein-air.jpg","width":800,"height":800},{"@type":"BreadcrumbList","@id":"https:\/\/shopvalley.fr\/es\/produit\/calzado-ortopedico-de-marcha-para-hombre\/#breadcrumb","itemListElement":[{"@type":"ListItem","position":1,"name":"Accueil","item":"https:\/\/shopvalley.fr\/es\/"},{"@type":"ListItem","position":2,"name":"Todos los productos","item":"https:\/\/shopvalley.fr\/es\/todos-los-productos\/"},{"@type":"ListItem","position":3,"name":"Chaussures","item":"https:\/\/shopvalley.fr\/categorie-produit\/chaussures\/"},{"@type":"ListItem","position":4,"name":"Calzado ortop\u00e9dico de marcha para hombre"}]},{"@type":"WebSite","@id":"https:\/\/shopvalley.fr\/es\/#website","url":"https:\/\/shopvalley.fr\/es\/","name":"ShopValley","description":"\u00a1Productos de moda a precios bajos!","publisher":{"@id":"https:\/\/shopvalley.fr\/es\/#organization"},"potentialAction":[{"@type":"SearchAction","target":{"@type":"EntryPoint","urlTemplate":"https:\/\/shopvalley.fr\/es\/?s={search_term_string}"},"query-input":{"@type":"PropertyValueSpecification","valueRequired":true,"valueName":"search_term_string"}}],"inLanguage":"es"},{"@type":"Organization","@id":"https:\/\/shopvalley.fr\/es\/#organization","name":"Shopvalley","url":"https:\/\/shopvalley.fr\/es\/","logo":{"@type":"ImageObject","inLanguage":"es","@id":"https:\/\/shopvalley.fr\/es\/#\/schema\/logo\/image\/","url":"https:\/\/shopvalley.fr\/wp-content\/uploads\/2023\/11\/cropped-Copie-de-Logo-ShopValley-500-x-500-px-1.png","contentUrl":"https:\/\/shopvalley.fr\/wp-content\/uploads\/2023\/11\/cropped-Copie-de-Logo-ShopValley-500-x-500-px-1.png","width":512,"height":512,"caption":"Shopvalley"},"image":{"@id":"https:\/\/shopvalley.fr\/es\/#\/schema\/logo\/image\/"}}]}},"jetpack_sharing_enabled":true,"_links":{"self":[{"href":"https:\/\/shopvalley.fr\/es\/wp-json\/wp\/v2\/product\/41106","targetHints":{"allow":["GET"]}}],"collection":[{"href":"https:\/\/shopvalley.fr\/es\/wp-json\/wp\/v2\/product"}],"about":[{"href":"https:\/\/shopvalley.fr\/es\/wp-json\/wp\/v2\/types\/product"}],"replies":[{"embeddable":true,"href":"https:\/\/shopvalley.fr\/es\/wp-json\/wp\/v2\/comments?post=41106"}],"version-history":[{"count":4,"href":"https:\/\/shopvalley.fr\/es\/wp-json\/wp\/v2\/product\/41106\/revisions"}],"predecessor-version":[{"id":51584,"href":"https:\/\/shopvalley.fr\/es\/wp-json\/wp\/v2\/product\/41106\/revisions\/51584"}],"wp:featuredmedia":[{"embeddable":true,"href":"https:\/\/shopvalley.fr\/es\/wp-json\/wp\/v2\/media\/35574"}],"wp:attachment":[{"href":"https:\/\/shopvalley.fr\/es\/wp-json\/wp\/v2\/media?parent=41106"}],"wp:term":[{"taxonomy":"product_brand","embeddable":true,"href":"https:\/\/shopvalley.fr\/es\/wp-json\/wp\/v2\/product_brand?post=41106"},{"taxonomy":"product_cat","embeddable":true,"href":"https:\/\/shopvalley.fr\/es\/wp-json\/wp\/v2\/product_cat?post=41106"},{"taxonomy":"product_tag","embeddable":true,"href":"https:\/\/shopvalley.fr\/es\/wp-json\/wp\/v2\/product_tag?post=41106"}],"curies":[{"name":"wp","href":"https:\/\/api.w.org\/{rel}","templated":true}]}}