{"id":41088,"date":"2023-01-30T23:58:49","date_gmt":"2023-01-30T22:58:49","guid":{"rendered":"https:\/\/shopvalley.fr\/produit\/saco-de-dormir-estrella-para-bebes\/"},"modified":"2025-11-18T20:55:17","modified_gmt":"2025-11-18T19:55:17","slug":"saco-de-dormir-estrella-para-bebes","status":"publish","type":"product","link":"https:\/\/shopvalley.fr\/es\/produit\/saco-de-dormir-estrella-para-bebes\/","title":{"rendered":"Saco de dormir estrella para beb\u00e9s"},"content":{"rendered":"<h5><span style=\"font-size: 14pt; color: #000000;\"><strong>Descubre el saco de dormir \u00c9toile para beb\u00e9s: \u00a1suavidad y comodidad garantizadas!<\/strong><\/span><\/h5>\n<p><span style=\"font-size: 14pt; color: #000000;\">Imagina a tu peque\u00f1o acurrucado en un saco de dormir suave y estrellado, listo para una noche de sue\u00f1o tranquilo. Nuestro saco de dormir Star Baby est\u00e1 aqu\u00ed para hacerlo realidad. <\/span><\/p>\n<p><span style=\"color: #000000;\"><img loading=\"lazy\" decoding=\"async\" class=\"aligncenter wp-image-21492\" src=\"http:\/\/shopvalley.fr\/wp-content\/uploads\/2023\/09\/S26c4f80e1d99442b96d6057703a8dc9eD-e1698121525569.jpg\" alt=\"Saco de dormir estrella para beb\u00e9s\" width=\"454\" height=\"367\" \/><\/span><\/p>\n<p><img loading=\"lazy\" decoding=\"async\" class=\"aligncenter wp-image-22569\" src=\"http:\/\/shopvalley.fr\/wp-content\/uploads\/2023\/01\/Gigoteuse.webp\" alt=\"\" width=\"406\" height=\"295\" srcset=\"https:\/\/shopvalley.fr\/wp-content\/uploads\/2023\/01\/Gigoteuse.webp 220w, https:\/\/shopvalley.fr\/wp-content\/uploads\/2023\/01\/Gigoteuse-150x109.webp 150w\" sizes=\"auto, (max-width: 406px) 100vw, 406px\" \/><\/p>\n<h5><span style=\"font-size: 14pt; color: #000000;\"><strong>Facilidad de uso excepcional<\/strong><\/span><\/h5>\n<p><span style=\"font-size: 14pt; color: #000000;\">A los padres ocupados les encanta nuestro saco de dormir Baby. Con cierres de velcro y botones a presi\u00f3n, es muy f\u00e1cil de poner y quitar, incluso en las noches m\u00e1s ajetreadas. <\/span><\/p>\n<p><span style=\"color: #000000;\"><img loading=\"lazy\" decoding=\"async\" class=\"aligncenter wp-image-21460\" src=\"http:\/\/shopvalley.fr\/wp-content\/uploads\/2023\/09\/7973a6c9-88ac-414b-8bfd-1d07a5dda132-3.jpg\" alt=\"Saco de dormir estrella para beb\u00e9s\" width=\"414\" height=\"414\" srcset=\"https:\/\/shopvalley.fr\/wp-content\/uploads\/2023\/09\/7973a6c9-88ac-414b-8bfd-1d07a5dda132-3.jpg 800w, https:\/\/shopvalley.fr\/wp-content\/uploads\/2023\/09\/7973a6c9-88ac-414b-8bfd-1d07a5dda132-3-430x430.jpg 430w, https:\/\/shopvalley.fr\/wp-content\/uploads\/2023\/09\/7973a6c9-88ac-414b-8bfd-1d07a5dda132-3-150x150.jpg 150w, https:\/\/shopvalley.fr\/wp-content\/uploads\/2023\/09\/7973a6c9-88ac-414b-8bfd-1d07a5dda132-3-700x700.jpg 700w, https:\/\/shopvalley.fr\/wp-content\/uploads\/2023\/09\/7973a6c9-88ac-414b-8bfd-1d07a5dda132-3-300x300.jpg 300w, https:\/\/shopvalley.fr\/wp-content\/uploads\/2023\/09\/7973a6c9-88ac-414b-8bfd-1d07a5dda132-3-768x768.jpg 768w\" sizes=\"auto, (max-width: 414px) 100vw, 414px\" \/><\/span><\/p>\n<h5><span style=\"font-size: 14pt; color: #000000;\"><strong>Calor confortable para noches acogedoras<\/strong><\/span><\/h5>\n<p><span style=\"font-size: 14pt; color: #000000;\">Tu angelito se merece lo mejor, sobre todo en las noches fr\u00edas. Nuestro saco de dormir envuelve al beb\u00e9 en un suave calor, asegurando que duerma c\u00f3modamente, haga el tiempo que haga. <\/span><\/p>\n<p>&nbsp;<\/p>\n<p><span style=\"color: #000000;\"> <img loading=\"lazy\" decoding=\"async\" class=\"alignnone wp-image-21493\" src=\"http:\/\/shopvalley.fr\/wp-content\/uploads\/2023\/09\/S7b2fefd3c6d7480eaf433be20c1714a86.jpg\" alt=\"\" width=\"501\" height=\"365\" srcset=\"https:\/\/shopvalley.fr\/wp-content\/uploads\/2023\/09\/S7b2fefd3c6d7480eaf433be20c1714a86.jpg 800w, https:\/\/shopvalley.fr\/wp-content\/uploads\/2023\/09\/S7b2fefd3c6d7480eaf433be20c1714a86-150x109.jpg 150w, https:\/\/shopvalley.fr\/wp-content\/uploads\/2023\/09\/S7b2fefd3c6d7480eaf433be20c1714a86-700x510.jpg 700w, https:\/\/shopvalley.fr\/wp-content\/uploads\/2023\/09\/S7b2fefd3c6d7480eaf433be20c1714a86-400x292.jpg 400w, https:\/\/shopvalley.fr\/wp-content\/uploads\/2023\/09\/S7b2fefd3c6d7480eaf433be20c1714a86-768x560.jpg 768w\" sizes=\"auto, (max-width: 501px) 100vw, 501px\" \/><img loading=\"lazy\" decoding=\"async\" class=\"alignnone wp-image-21494\" src=\"http:\/\/shopvalley.fr\/wp-content\/uploads\/2023\/09\/Sb755a2a9c77f465e8bb092065498d779y-e1696112364207.jpg\" alt=\"\" width=\"544\" height=\"383\" srcset=\"https:\/\/shopvalley.fr\/wp-content\/uploads\/2023\/09\/Sb755a2a9c77f465e8bb092065498d779y-e1696112364207.jpg 733w, https:\/\/shopvalley.fr\/wp-content\/uploads\/2023\/09\/Sb755a2a9c77f465e8bb092065498d779y-e1696112364207-150x106.jpg 150w, https:\/\/shopvalley.fr\/wp-content\/uploads\/2023\/09\/Sb755a2a9c77f465e8bb092065498d779y-e1696112364207-700x493.jpg 700w, https:\/\/shopvalley.fr\/wp-content\/uploads\/2023\/09\/Sb755a2a9c77f465e8bb092065498d779y-e1696112364207-400x282.jpg 400w\" sizes=\"auto, (max-width: 544px) 100vw, 544px\" \/><\/span><\/p>\n<p><span style=\"font-size: 14pt; color: #000000;\"><strong>Caracter\u00edsticas del saco de dormir \u00c9toile para beb\u00e9s<\/strong><\/span><\/p>\n<p><span style=\"font-size: 14pt; color: #000000;\">&#8211; <strong> Material suave:<\/strong> Fabricado con un tejido suave y c\u00f3modo para dormir pl\u00e1cidamente. <\/span><\/p>\n<p><span style=\"font-size: 14pt; color: #000000;\">&#8211; <strong> Cuidado f\u00e1cil:<\/strong> Lavable a m\u00e1quina para un cuidado sin preocupaciones. <\/span><\/p>\n<p><span style=\"font-size: 14pt; color: #000000;\">&#8211; <strong> Talla universal:<\/strong> se adapta a la mayor\u00eda de los beb\u00e9s desde el nacimiento hasta los 9 meses.<\/span><\/p>\n<p><span style=\"font-size: 14pt; color: #000000;\">Dale a tu beb\u00e9 la comodidad y seguridad que necesita por la noche. Pide ahora nuestro Saco de Dormir para Beb\u00e9 y aseg\u00farate de que cada noche sea una noche suave y tranquila. <\/span><\/p>\n","protected":false},"excerpt":{"rendered":"<p><span style=\"font-size: 14pt; color: #000000;\">Descubre el saco de dormir \u00c9toile para beb\u00e9s: \u00a1suavidad y comodidad garantizadas!<\/span><\/p>\n","protected":false},"featured_media":37664,"comment_status":"closed","ping_status":"closed","template":"","meta":[],"product_brand":[],"product_cat":[853],"product_tag":[990],"class_list":{"0":"post-41088","1":"product","2":"type-product","3":"status-publish","4":"has-post-thumbnail","6":"product_cat-non-classe","7":"product_tag-noflash-es","9":"first","10":"instock","11":"sale","12":"taxable","13":"shipping-taxable","14":"purchasable","15":"product-type-variable","16":"has-default-attributes"},"yoast_head":"<!-- This site is optimized with the Yoast SEO plugin v27.4 - https:\/\/yoast.com\/product\/yoast-seo-wordpress\/ -->\n<title>Saco de dormir estrella para beb\u00e9s - ShopValley<\/title>\n<meta name=\"description\" content=\"Imagina a tu peque\u00f1o c\u00f3modo y calentito, envuelto en un adorable saco de dormir Baby Star, listo para dormir pl\u00e1cidamente.\" \/>\n<meta name=\"robots\" content=\"index, follow, max-snippet:-1, max-image-preview:large, max-video-preview:-1\" \/>\n<link rel=\"canonical\" href=\"https:\/\/shopvalley.fr\/es\/produit\/saco-de-dormir-estrella-para-bebes\/\" \/>\n<meta property=\"og:locale\" content=\"es_ES\" \/>\n<meta property=\"og:type\" content=\"article\" \/>\n<meta property=\"og:title\" content=\"Saco de dormir estrella para beb\u00e9s - ShopValley\" \/>\n<meta property=\"og:description\" content=\"Imagina a tu peque\u00f1o c\u00f3modo y calentito, envuelto en un adorable saco de dormir Baby Star, listo para dormir pl\u00e1cidamente.\" \/>\n<meta property=\"og:url\" content=\"https:\/\/shopvalley.fr\/es\/produit\/saco-de-dormir-estrella-para-bebes\/\" \/>\n<meta property=\"og:site_name\" content=\"ShopValley\" \/>\n<meta property=\"article:modified_time\" content=\"2025-11-18T19:55:17+00:00\" \/>\n<meta property=\"og:image\" content=\"http:\/\/shopvalley.fr\/wp-content\/uploads\/2023\/09\/75c9e479-597a-495b-959b-58183556ac41-1.jpg\" \/>\n\t<meta property=\"og:image:width\" content=\"800\" \/>\n\t<meta property=\"og:image:height\" content=\"800\" \/>\n\t<meta property=\"og:image:type\" content=\"image\/jpeg\" \/>\n<script type=\"application\/ld+json\" class=\"yoast-schema-graph\">{\"@context\":\"https:\\\/\\\/schema.org\",\"@graph\":[{\"@type\":\"WebPage\",\"@id\":\"https:\\\/\\\/shopvalley.fr\\\/es\\\/produit\\\/saco-de-dormir-estrella-para-bebes\\\/\",\"url\":\"https:\\\/\\\/shopvalley.fr\\\/es\\\/produit\\\/saco-de-dormir-estrella-para-bebes\\\/\",\"name\":\"Saco de dormir estrella para beb\u00e9s - ShopValley\",\"isPartOf\":{\"@id\":\"https:\\\/\\\/shopvalley.fr\\\/es\\\/#website\"},\"primaryImageOfPage\":{\"@id\":\"https:\\\/\\\/shopvalley.fr\\\/es\\\/produit\\\/saco-de-dormir-estrella-para-bebes\\\/#primaryimage\"},\"image\":{\"@id\":\"https:\\\/\\\/shopvalley.fr\\\/es\\\/produit\\\/saco-de-dormir-estrella-para-bebes\\\/#primaryimage\"},\"thumbnailUrl\":\"https:\\\/\\\/shopvalley.fr\\\/wp-content\\\/uploads\\\/2023\\\/09\\\/75c9e479-597a-495b-959b-58183556ac41-1.jpg\",\"datePublished\":\"2023-01-30T22:58:49+00:00\",\"dateModified\":\"2025-11-18T19:55:17+00:00\",\"description\":\"Imagina a tu peque\u00f1o c\u00f3modo y calentito, envuelto en un adorable saco de dormir Baby Star, listo para dormir pl\u00e1cidamente.\",\"breadcrumb\":{\"@id\":\"https:\\\/\\\/shopvalley.fr\\\/es\\\/produit\\\/saco-de-dormir-estrella-para-bebes\\\/#breadcrumb\"},\"inLanguage\":\"es\",\"potentialAction\":[{\"@type\":\"ReadAction\",\"target\":[\"https:\\\/\\\/shopvalley.fr\\\/es\\\/produit\\\/saco-de-dormir-estrella-para-bebes\\\/\"]}]},{\"@type\":\"ImageObject\",\"inLanguage\":\"es\",\"@id\":\"https:\\\/\\\/shopvalley.fr\\\/es\\\/produit\\\/saco-de-dormir-estrella-para-bebes\\\/#primaryimage\",\"url\":\"https:\\\/\\\/shopvalley.fr\\\/wp-content\\\/uploads\\\/2023\\\/09\\\/75c9e479-597a-495b-959b-58183556ac41-1.jpg\",\"contentUrl\":\"https:\\\/\\\/shopvalley.fr\\\/wp-content\\\/uploads\\\/2023\\\/09\\\/75c9e479-597a-495b-959b-58183556ac41-1.jpg\",\"width\":800,\"height\":800},{\"@type\":\"BreadcrumbList\",\"@id\":\"https:\\\/\\\/shopvalley.fr\\\/es\\\/produit\\\/saco-de-dormir-estrella-para-bebes\\\/#breadcrumb\",\"itemListElement\":[{\"@type\":\"ListItem\",\"position\":1,\"name\":\"Accueil\",\"item\":\"https:\\\/\\\/shopvalley.fr\\\/es\\\/\"},{\"@type\":\"ListItem\",\"position\":2,\"name\":\"Todos los productos\",\"item\":\"https:\\\/\\\/shopvalley.fr\\\/es\\\/todos-los-productos\\\/\"},{\"@type\":\"ListItem\",\"position\":3,\"name\":\"V\u00eatements\",\"item\":\"https:\\\/\\\/shopvalley.fr\\\/categorie-produit\\\/vetements\\\/\"},{\"@type\":\"ListItem\",\"position\":4,\"name\":\"Saco de dormir estrella para beb\u00e9s\"}]},{\"@type\":\"WebSite\",\"@id\":\"https:\\\/\\\/shopvalley.fr\\\/es\\\/#website\",\"url\":\"https:\\\/\\\/shopvalley.fr\\\/es\\\/\",\"name\":\"ShopValley\",\"description\":\"\u00a1Productos de moda a precios bajos!\",\"publisher\":{\"@id\":\"https:\\\/\\\/shopvalley.fr\\\/es\\\/#organization\"},\"potentialAction\":[{\"@type\":\"SearchAction\",\"target\":{\"@type\":\"EntryPoint\",\"urlTemplate\":\"https:\\\/\\\/shopvalley.fr\\\/es\\\/?s={search_term_string}\"},\"query-input\":{\"@type\":\"PropertyValueSpecification\",\"valueRequired\":true,\"valueName\":\"search_term_string\"}}],\"inLanguage\":\"es\"},{\"@type\":\"Organization\",\"@id\":\"https:\\\/\\\/shopvalley.fr\\\/es\\\/#organization\",\"name\":\"Shopvalley\",\"url\":\"https:\\\/\\\/shopvalley.fr\\\/es\\\/\",\"logo\":{\"@type\":\"ImageObject\",\"inLanguage\":\"es\",\"@id\":\"https:\\\/\\\/shopvalley.fr\\\/es\\\/#\\\/schema\\\/logo\\\/image\\\/\",\"url\":\"https:\\\/\\\/shopvalley.fr\\\/wp-content\\\/uploads\\\/2023\\\/11\\\/cropped-Copie-de-Logo-ShopValley-500-x-500-px-1.png\",\"contentUrl\":\"https:\\\/\\\/shopvalley.fr\\\/wp-content\\\/uploads\\\/2023\\\/11\\\/cropped-Copie-de-Logo-ShopValley-500-x-500-px-1.png\",\"width\":512,\"height\":512,\"caption\":\"Shopvalley\"},\"image\":{\"@id\":\"https:\\\/\\\/shopvalley.fr\\\/es\\\/#\\\/schema\\\/logo\\\/image\\\/\"}}]}<\/script>\n<!-- \/ Yoast SEO plugin. -->","yoast_head_json":{"title":"Saco de dormir estrella para beb\u00e9s - ShopValley","description":"Imagina a tu peque\u00f1o c\u00f3modo y calentito, envuelto en un adorable saco de dormir Baby Star, listo para dormir pl\u00e1cidamente.","robots":{"index":"index","follow":"follow","max-snippet":"max-snippet:-1","max-image-preview":"max-image-preview:large","max-video-preview":"max-video-preview:-1"},"canonical":"https:\/\/shopvalley.fr\/es\/produit\/saco-de-dormir-estrella-para-bebes\/","og_locale":"es_ES","og_type":"article","og_title":"Saco de dormir estrella para beb\u00e9s - ShopValley","og_description":"Imagina a tu peque\u00f1o c\u00f3modo y calentito, envuelto en un adorable saco de dormir Baby Star, listo para dormir pl\u00e1cidamente.","og_url":"https:\/\/shopvalley.fr\/es\/produit\/saco-de-dormir-estrella-para-bebes\/","og_site_name":"ShopValley","article_modified_time":"2025-11-18T19:55:17+00:00","og_image":[{"width":800,"height":800,"url":"http:\/\/shopvalley.fr\/wp-content\/uploads\/2023\/09\/75c9e479-597a-495b-959b-58183556ac41-1.jpg","type":"image\/jpeg"}],"schema":{"@context":"https:\/\/schema.org","@graph":[{"@type":"WebPage","@id":"https:\/\/shopvalley.fr\/es\/produit\/saco-de-dormir-estrella-para-bebes\/","url":"https:\/\/shopvalley.fr\/es\/produit\/saco-de-dormir-estrella-para-bebes\/","name":"Saco de dormir estrella para beb\u00e9s - ShopValley","isPartOf":{"@id":"https:\/\/shopvalley.fr\/es\/#website"},"primaryImageOfPage":{"@id":"https:\/\/shopvalley.fr\/es\/produit\/saco-de-dormir-estrella-para-bebes\/#primaryimage"},"image":{"@id":"https:\/\/shopvalley.fr\/es\/produit\/saco-de-dormir-estrella-para-bebes\/#primaryimage"},"thumbnailUrl":"https:\/\/shopvalley.fr\/wp-content\/uploads\/2023\/09\/75c9e479-597a-495b-959b-58183556ac41-1.jpg","datePublished":"2023-01-30T22:58:49+00:00","dateModified":"2025-11-18T19:55:17+00:00","description":"Imagina a tu peque\u00f1o c\u00f3modo y calentito, envuelto en un adorable saco de dormir Baby Star, listo para dormir pl\u00e1cidamente.","breadcrumb":{"@id":"https:\/\/shopvalley.fr\/es\/produit\/saco-de-dormir-estrella-para-bebes\/#breadcrumb"},"inLanguage":"es","potentialAction":[{"@type":"ReadAction","target":["https:\/\/shopvalley.fr\/es\/produit\/saco-de-dormir-estrella-para-bebes\/"]}]},{"@type":"ImageObject","inLanguage":"es","@id":"https:\/\/shopvalley.fr\/es\/produit\/saco-de-dormir-estrella-para-bebes\/#primaryimage","url":"https:\/\/shopvalley.fr\/wp-content\/uploads\/2023\/09\/75c9e479-597a-495b-959b-58183556ac41-1.jpg","contentUrl":"https:\/\/shopvalley.fr\/wp-content\/uploads\/2023\/09\/75c9e479-597a-495b-959b-58183556ac41-1.jpg","width":800,"height":800},{"@type":"BreadcrumbList","@id":"https:\/\/shopvalley.fr\/es\/produit\/saco-de-dormir-estrella-para-bebes\/#breadcrumb","itemListElement":[{"@type":"ListItem","position":1,"name":"Accueil","item":"https:\/\/shopvalley.fr\/es\/"},{"@type":"ListItem","position":2,"name":"Todos los productos","item":"https:\/\/shopvalley.fr\/es\/todos-los-productos\/"},{"@type":"ListItem","position":3,"name":"V\u00eatements","item":"https:\/\/shopvalley.fr\/categorie-produit\/vetements\/"},{"@type":"ListItem","position":4,"name":"Saco de dormir estrella para beb\u00e9s"}]},{"@type":"WebSite","@id":"https:\/\/shopvalley.fr\/es\/#website","url":"https:\/\/shopvalley.fr\/es\/","name":"ShopValley","description":"\u00a1Productos de moda a precios bajos!","publisher":{"@id":"https:\/\/shopvalley.fr\/es\/#organization"},"potentialAction":[{"@type":"SearchAction","target":{"@type":"EntryPoint","urlTemplate":"https:\/\/shopvalley.fr\/es\/?s={search_term_string}"},"query-input":{"@type":"PropertyValueSpecification","valueRequired":true,"valueName":"search_term_string"}}],"inLanguage":"es"},{"@type":"Organization","@id":"https:\/\/shopvalley.fr\/es\/#organization","name":"Shopvalley","url":"https:\/\/shopvalley.fr\/es\/","logo":{"@type":"ImageObject","inLanguage":"es","@id":"https:\/\/shopvalley.fr\/es\/#\/schema\/logo\/image\/","url":"https:\/\/shopvalley.fr\/wp-content\/uploads\/2023\/11\/cropped-Copie-de-Logo-ShopValley-500-x-500-px-1.png","contentUrl":"https:\/\/shopvalley.fr\/wp-content\/uploads\/2023\/11\/cropped-Copie-de-Logo-ShopValley-500-x-500-px-1.png","width":512,"height":512,"caption":"Shopvalley"},"image":{"@id":"https:\/\/shopvalley.fr\/es\/#\/schema\/logo\/image\/"}}]}},"jetpack_sharing_enabled":true,"_links":{"self":[{"href":"https:\/\/shopvalley.fr\/es\/wp-json\/wp\/v2\/product\/41088","targetHints":{"allow":["GET"]}}],"collection":[{"href":"https:\/\/shopvalley.fr\/es\/wp-json\/wp\/v2\/product"}],"about":[{"href":"https:\/\/shopvalley.fr\/es\/wp-json\/wp\/v2\/types\/product"}],"replies":[{"embeddable":true,"href":"https:\/\/shopvalley.fr\/es\/wp-json\/wp\/v2\/comments?post=41088"}],"version-history":[{"count":2,"href":"https:\/\/shopvalley.fr\/es\/wp-json\/wp\/v2\/product\/41088\/revisions"}],"predecessor-version":[{"id":51575,"href":"https:\/\/shopvalley.fr\/es\/wp-json\/wp\/v2\/product\/41088\/revisions\/51575"}],"wp:featuredmedia":[{"embeddable":true,"href":"https:\/\/shopvalley.fr\/es\/wp-json\/wp\/v2\/media\/37664"}],"wp:attachment":[{"href":"https:\/\/shopvalley.fr\/es\/wp-json\/wp\/v2\/media?parent=41088"}],"wp:term":[{"taxonomy":"product_brand","embeddable":true,"href":"https:\/\/shopvalley.fr\/es\/wp-json\/wp\/v2\/product_brand?post=41088"},{"taxonomy":"product_cat","embeddable":true,"href":"https:\/\/shopvalley.fr\/es\/wp-json\/wp\/v2\/product_cat?post=41088"},{"taxonomy":"product_tag","embeddable":true,"href":"https:\/\/shopvalley.fr\/es\/wp-json\/wp\/v2\/product_tag?post=41088"}],"curies":[{"name":"wp","href":"https:\/\/api.w.org\/{rel}","templated":true}]}}