{"id":41071,"date":"2023-10-08T22:09:56","date_gmt":"2023-10-08T20:09:56","guid":{"rendered":"https:\/\/shopvalley.fr\/produit\/kit-electrico-de-raspado-y-cuidado-dental-toothcare\/"},"modified":"2025-11-18T20:56:13","modified_gmt":"2025-11-18T19:56:13","slug":"kit-electrico-de-raspado-y-cuidado-dental-toothcare","status":"publish","type":"product","link":"https:\/\/shopvalley.fr\/es\/produit\/kit-electrico-de-raspado-y-cuidado-dental-toothcare\/","title":{"rendered":"Kit el\u00e9ctrico de raspado y cuidado dental ToothCare"},"content":{"rendered":"<h5><span style=\"font-size: 14pt;\"><strong>Desp\u00eddete del sarro dental con el Kit de Raspado Dental El\u00e9ctrico ToothCare<\/strong><\/span><\/h5>\n<p><img loading=\"lazy\" decoding=\"async\" class=\"aligncenter wp-image-22107\" src=\"http:\/\/shopvalley.fr\/wp-content\/uploads\/2023\/10\/ezgif.com-optimize-1.gif\" alt=\"Kit el\u00e9ctrico de raspado y cuidado dental ToothCare\" width=\"372\" height=\"209\" \/><\/p>\n<p><span style=\"font-size: 14pt; color: #000000;\">\u00bfBuscas una forma eficaz de <strong>eliminar el sarro dental<\/strong> sin salir de casa? \u00a1El kit el\u00e9ctrico de raspado y cuidado dental ToothCare es la soluci\u00f3n que estabas esperando! Con su <strong>tecnolog\u00eda ultras\u00f3nica<\/strong> de vanguardia, su bater\u00eda de larga duraci\u00f3n y su completo juego de accesorios, este kit te proporcionar\u00e1 una sonrisa relucientemente limpia. <\/span><\/p>\n<p><img loading=\"lazy\" decoding=\"async\" class=\"aligncenter wp-image-22095\" src=\"http:\/\/shopvalley.fr\/wp-content\/uploads\/2023\/10\/3_d4d2cc62-3fce-4058-9dad-8234edeb03cdfsqda.jpg\" alt=\"Kit el\u00e9ctrico de raspado y cuidado dental ToothCare\" width=\"424\" height=\"424\" srcset=\"https:\/\/shopvalley.fr\/wp-content\/uploads\/2023\/10\/3_d4d2cc62-3fce-4058-9dad-8234edeb03cdfsqda.jpg 1000w, https:\/\/shopvalley.fr\/wp-content\/uploads\/2023\/10\/3_d4d2cc62-3fce-4058-9dad-8234edeb03cdfsqda-430x430.jpg 430w, https:\/\/shopvalley.fr\/wp-content\/uploads\/2023\/10\/3_d4d2cc62-3fce-4058-9dad-8234edeb03cdfsqda-150x150.jpg 150w, https:\/\/shopvalley.fr\/wp-content\/uploads\/2023\/10\/3_d4d2cc62-3fce-4058-9dad-8234edeb03cdfsqda-700x700.jpg 700w, https:\/\/shopvalley.fr\/wp-content\/uploads\/2023\/10\/3_d4d2cc62-3fce-4058-9dad-8234edeb03cdfsqda-300x300.jpg 300w, https:\/\/shopvalley.fr\/wp-content\/uploads\/2023\/10\/3_d4d2cc62-3fce-4058-9dad-8234edeb03cdfsqda-800x800.jpg 800w, https:\/\/shopvalley.fr\/wp-content\/uploads\/2023\/10\/3_d4d2cc62-3fce-4058-9dad-8234edeb03cdfsqda-768x768.jpg 768w, https:\/\/shopvalley.fr\/wp-content\/uploads\/2023\/10\/3_d4d2cc62-3fce-4058-9dad-8234edeb03cdfsqda-860x860.jpg 860w, https:\/\/shopvalley.fr\/wp-content\/uploads\/2023\/10\/3_d4d2cc62-3fce-4058-9dad-8234edeb03cdfsqda-146x146.jpg 146w\" sizes=\"auto, (max-width: 424px) 100vw, 424px\" \/><\/p>\n<h5><span style=\"font-size: 14pt;\"><strong>Eliminar el sarro es f\u00e1cil<\/strong><\/span><\/h5>\n<p><span style=\"font-size: 14pt; color: #000000;\">El kit el\u00e9ctrico de limpieza dental y raspado ToothCare est\u00e1 especialmente dise\u00f1ado para <strong>eliminar eficazmente el sarro dental<\/strong>. Gracias a su avanzada tecnolog\u00eda ultras\u00f3nica, puede producir hasta 30.000 vibraciones por minuto, ofreciendo un poder de limpieza inigualable. Di adi\u00f3s a las manchas de cigarrillo, caf\u00e9, t\u00e9, refrescos de cola y vino, y disfruta de unos dientes m\u00e1s blancos y sanos. <\/span><\/p>\n<p><img loading=\"lazy\" decoding=\"async\" class=\"aligncenter wp-image-22098\" src=\"http:\/\/shopvalley.fr\/wp-content\/uploads\/2023\/10\/9ce54236-c407-4f3e-9ab9-d08e4f475dd6_1000x100220.jpg\" alt=\"Kit el\u00e9ctrico de raspado y cuidado dental ToothCare\" width=\"429\" height=\"429\" srcset=\"https:\/\/shopvalley.fr\/wp-content\/uploads\/2023\/10\/9ce54236-c407-4f3e-9ab9-d08e4f475dd6_1000x100220.jpg 800w, https:\/\/shopvalley.fr\/wp-content\/uploads\/2023\/10\/9ce54236-c407-4f3e-9ab9-d08e4f475dd6_1000x100220-430x430.jpg 430w, https:\/\/shopvalley.fr\/wp-content\/uploads\/2023\/10\/9ce54236-c407-4f3e-9ab9-d08e4f475dd6_1000x100220-150x150.jpg 150w, https:\/\/shopvalley.fr\/wp-content\/uploads\/2023\/10\/9ce54236-c407-4f3e-9ab9-d08e4f475dd6_1000x100220-700x700.jpg 700w, https:\/\/shopvalley.fr\/wp-content\/uploads\/2023\/10\/9ce54236-c407-4f3e-9ab9-d08e4f475dd6_1000x100220-300x300.jpg 300w, https:\/\/shopvalley.fr\/wp-content\/uploads\/2023\/10\/9ce54236-c407-4f3e-9ab9-d08e4f475dd6_1000x100220-768x768.jpg 768w, https:\/\/shopvalley.fr\/wp-content\/uploads\/2023\/10\/9ce54236-c407-4f3e-9ab9-d08e4f475dd6_1000x100220-146x146.jpg 146w\" sizes=\"auto, (max-width: 429px) 100vw, 429px\" \/><\/p>\n<h5><span style=\"font-size: 14pt;\"><strong>Una herramienta profesional a tu alcance<\/strong><\/span><\/h5>\n<p><span style=\"font-size: 14pt; color: #000000;\">Este kit el\u00e9ctrico de cuidado dental y raspado es mucho m\u00e1s que un simple aparato de consumo. Te ofrece la <strong>calidad profesional<\/strong> que esperas de un dentista, todo al alcance de tu mano. Compuesto por un espejo dental, 3 cabezales de limpieza intercambiables, una luz LED de tratamiento y 2 herramientas dentales manuales, te permite cuidar de tu sonrisa como un aut\u00e9ntico profesional. <\/span><\/p>\n<p><img loading=\"lazy\" decoding=\"async\" class=\"aligncenter wp-image-22101\" src=\"http:\/\/shopvalley.fr\/wp-content\/uploads\/2023\/10\/120b35d4-4b4b-44c1-9094-94c34fb25062_1000x21000.jpg\" alt=\"Kit el\u00e9ctrico de raspado y cuidado dental ToothCare\" width=\"439\" height=\"439\" srcset=\"https:\/\/shopvalley.fr\/wp-content\/uploads\/2023\/10\/120b35d4-4b4b-44c1-9094-94c34fb25062_1000x21000.jpg 800w, https:\/\/shopvalley.fr\/wp-content\/uploads\/2023\/10\/120b35d4-4b4b-44c1-9094-94c34fb25062_1000x21000-430x430.jpg 430w, https:\/\/shopvalley.fr\/wp-content\/uploads\/2023\/10\/120b35d4-4b4b-44c1-9094-94c34fb25062_1000x21000-150x150.jpg 150w, https:\/\/shopvalley.fr\/wp-content\/uploads\/2023\/10\/120b35d4-4b4b-44c1-9094-94c34fb25062_1000x21000-700x700.jpg 700w, https:\/\/shopvalley.fr\/wp-content\/uploads\/2023\/10\/120b35d4-4b4b-44c1-9094-94c34fb25062_1000x21000-300x300.jpg 300w, https:\/\/shopvalley.fr\/wp-content\/uploads\/2023\/10\/120b35d4-4b4b-44c1-9094-94c34fb25062_1000x21000-768x768.jpg 768w, https:\/\/shopvalley.fr\/wp-content\/uploads\/2023\/10\/120b35d4-4b4b-44c1-9094-94c34fb25062_1000x21000-146x146.jpg 146w\" sizes=\"auto, (max-width: 439px) 100vw, 439px\" \/><\/p>\n<h5><span style=\"font-size: 14pt;\"><strong>Una soluci\u00f3n pr\u00e1ctica y sostenible<\/strong><\/span><\/h5>\n<p><span style=\"font-size: 14pt; color: #000000;\">La durabilidad es la base del kit el\u00e9ctrico de raspado y cuidado dental ToothCare. Una sola carga de bater\u00eda puede alimentar esta unidad durante unos 200 usos, lo que significa que puedes llev\u00e1rtela de viaje sin preocuparte de quedarte sin energ\u00eda. Adem\u00e1s, con <strong>5 intensidades de frecuencia ajustables<\/strong>, puedes adaptar tu experiencia de limpieza a tus necesidades espec\u00edficas. <\/span><\/p>\n<p><a href=\"http:\/\/shopvalley.fr\/wp-content\/uploads\/2023\/10\/4_e9003757ll-d9b7-4d72-ae0e-68de15c727a5.webp\"><img loading=\"lazy\" decoding=\"async\" class=\"aligncenter wp-image-24702\" src=\"http:\/\/shopvalley.fr\/wp-content\/uploads\/2023\/10\/4_e9003757ll-d9b7-4d72-ae0e-68de15c727a5.webp\" alt=\"\" width=\"458\" height=\"458\" srcset=\"https:\/\/shopvalley.fr\/wp-content\/uploads\/2023\/10\/4_e9003757ll-d9b7-4d72-ae0e-68de15c727a5.webp 1000w, https:\/\/shopvalley.fr\/wp-content\/uploads\/2023\/10\/4_e9003757ll-d9b7-4d72-ae0e-68de15c727a5-430x430.webp 430w, https:\/\/shopvalley.fr\/wp-content\/uploads\/2023\/10\/4_e9003757ll-d9b7-4d72-ae0e-68de15c727a5-150x150.webp 150w, https:\/\/shopvalley.fr\/wp-content\/uploads\/2023\/10\/4_e9003757ll-d9b7-4d72-ae0e-68de15c727a5-700x700.webp 700w, https:\/\/shopvalley.fr\/wp-content\/uploads\/2023\/10\/4_e9003757ll-d9b7-4d72-ae0e-68de15c727a5-300x300.webp 300w, https:\/\/shopvalley.fr\/wp-content\/uploads\/2023\/10\/4_e9003757ll-d9b7-4d72-ae0e-68de15c727a5-800x800.webp 800w, https:\/\/shopvalley.fr\/wp-content\/uploads\/2023\/10\/4_e9003757ll-d9b7-4d72-ae0e-68de15c727a5-768x768.webp 768w, https:\/\/shopvalley.fr\/wp-content\/uploads\/2023\/10\/4_e9003757ll-d9b7-4d72-ae0e-68de15c727a5-860x860.webp 860w\" sizes=\"auto, (max-width: 458px) 100vw, 458px\" \/><\/a><\/p>\n<h5><span style=\"font-size: 14pt;\"><strong>Disfruta de una higiene bucal \u00f3ptima<\/strong><\/span><\/h5>\n<p><span style=\"font-size: 14pt; color: #000000;\">Cuando inviertes en el Kit de Raspado Dental El\u00e9ctrico ToothCare, est\u00e1s invirtiendo en tu salud bucal. Adem\u00e1s de<strong>eliminar el sarro y las manchas<\/strong>, este aparato es totalmente impermeable (IPX6), lo que facilita su limpieza y mantenimiento. Di adi\u00f3s a las visitas frecuentes al dentista y toma hoy el control de tu higiene bucal con ToothCare. <\/span><\/p>\n<p>&nbsp;<\/p>\n<p><span style=\"font-size: 14pt; color: #000000;\">El Kit de Raspado Dental El\u00e9ctrico ToothCare es tu aliado para una sonrisa m\u00e1s limpia y sana. Con su tecnolog\u00eda ultras\u00f3nica, calidad profesional,<strong> bater\u00eda de larga duraci\u00f3n<\/strong> y un completo juego de accesorios, satisface todas tus necesidades de cuidado dental. No esperes m\u00e1s para invertir en tu salud bucal y recuperar la confianza en tu sonrisa con ToothCare. \u00a1Pide ya el tuyo! <\/span><\/p>\n","protected":false},"excerpt":{"rendered":"<p><span style=\"font-size: 14pt; color: #000000;\">Di adi\u00f3s al sarro dental<\/span><\/p>\n","protected":false},"featured_media":37985,"comment_status":"closed","ping_status":"closed","template":"","meta":[],"product_brand":[],"product_cat":[1006,1085],"product_tag":[1007,990],"class_list":{"0":"post-41071","1":"product","2":"type-product","3":"status-publish","4":"has-post-thumbnail","6":"product_cat-salud-e-higiene","7":"product_cat-shopping_es-es","8":"product_tag-dental","9":"product_tag-noflash-es","11":"first","12":"instock","13":"sale","14":"taxable","15":"shipping-taxable","16":"purchasable","17":"product-type-simple"},"yoast_head":"<!-- This site is optimized with the Yoast SEO plugin v27.4 - https:\/\/yoast.com\/product\/yoast-seo-wordpress\/ -->\n<title>Kit el\u00e9ctrico de raspado y cuidado dental ToothCare - ShopValley<\/title>\n<meta name=\"description\" content=\"El Kit El\u00e9ctrico de Raspado y Cuidado Dental ToothCare es tu aliado para una sonrisa m\u00e1s limpia y sana, para una sonrisa de calidad.\" \/>\n<meta name=\"robots\" content=\"index, follow, max-snippet:-1, max-image-preview:large, max-video-preview:-1\" \/>\n<link rel=\"canonical\" href=\"https:\/\/shopvalley.fr\/es\/produit\/kit-electrico-de-raspado-y-cuidado-dental-toothcare\/\" \/>\n<meta property=\"og:locale\" content=\"es_ES\" \/>\n<meta property=\"og:type\" content=\"article\" \/>\n<meta property=\"og:title\" content=\"Kit el\u00e9ctrico de raspado y cuidado dental ToothCare - ShopValley\" \/>\n<meta property=\"og:description\" content=\"El Kit El\u00e9ctrico de Raspado y Cuidado Dental ToothCare es tu aliado para una sonrisa m\u00e1s limpia y sana, para una sonrisa de calidad.\" \/>\n<meta property=\"og:url\" content=\"https:\/\/shopvalley.fr\/es\/produit\/kit-electrico-de-raspado-y-cuidado-dental-toothcare\/\" \/>\n<meta property=\"og:site_name\" content=\"ShopValley\" \/>\n<meta property=\"article:modified_time\" content=\"2025-11-18T19:56:13+00:00\" \/>\n<meta property=\"og:image\" content=\"http:\/\/shopvalley.fr\/wp-content\/uploads\/2023\/10\/fa2d2efc-5d0b-427b-89c1-c8a5101a8c26.jpg\" \/>\n\t<meta property=\"og:image:width\" content=\"800\" \/>\n\t<meta property=\"og:image:height\" content=\"800\" \/>\n\t<meta property=\"og:image:type\" content=\"image\/jpeg\" \/>\n<script type=\"application\/ld+json\" class=\"yoast-schema-graph\">{\"@context\":\"https:\\\/\\\/schema.org\",\"@graph\":[{\"@type\":\"WebPage\",\"@id\":\"https:\\\/\\\/shopvalley.fr\\\/es\\\/produit\\\/kit-electrico-de-raspado-y-cuidado-dental-toothcare\\\/\",\"url\":\"https:\\\/\\\/shopvalley.fr\\\/es\\\/produit\\\/kit-electrico-de-raspado-y-cuidado-dental-toothcare\\\/\",\"name\":\"Kit el\u00e9ctrico de raspado y cuidado dental ToothCare - ShopValley\",\"isPartOf\":{\"@id\":\"https:\\\/\\\/shopvalley.fr\\\/es\\\/#website\"},\"primaryImageOfPage\":{\"@id\":\"https:\\\/\\\/shopvalley.fr\\\/es\\\/produit\\\/kit-electrico-de-raspado-y-cuidado-dental-toothcare\\\/#primaryimage\"},\"image\":{\"@id\":\"https:\\\/\\\/shopvalley.fr\\\/es\\\/produit\\\/kit-electrico-de-raspado-y-cuidado-dental-toothcare\\\/#primaryimage\"},\"thumbnailUrl\":\"https:\\\/\\\/shopvalley.fr\\\/wp-content\\\/uploads\\\/2023\\\/10\\\/fa2d2efc-5d0b-427b-89c1-c8a5101a8c26.jpg\",\"datePublished\":\"2023-10-08T20:09:56+00:00\",\"dateModified\":\"2025-11-18T19:56:13+00:00\",\"description\":\"El Kit El\u00e9ctrico de Raspado y Cuidado Dental ToothCare es tu aliado para una sonrisa m\u00e1s limpia y sana, para una sonrisa de calidad.\",\"breadcrumb\":{\"@id\":\"https:\\\/\\\/shopvalley.fr\\\/es\\\/produit\\\/kit-electrico-de-raspado-y-cuidado-dental-toothcare\\\/#breadcrumb\"},\"inLanguage\":\"es\",\"potentialAction\":[{\"@type\":\"ReadAction\",\"target\":[\"https:\\\/\\\/shopvalley.fr\\\/es\\\/produit\\\/kit-electrico-de-raspado-y-cuidado-dental-toothcare\\\/\"]}]},{\"@type\":\"ImageObject\",\"inLanguage\":\"es\",\"@id\":\"https:\\\/\\\/shopvalley.fr\\\/es\\\/produit\\\/kit-electrico-de-raspado-y-cuidado-dental-toothcare\\\/#primaryimage\",\"url\":\"https:\\\/\\\/shopvalley.fr\\\/wp-content\\\/uploads\\\/2023\\\/10\\\/fa2d2efc-5d0b-427b-89c1-c8a5101a8c26.jpg\",\"contentUrl\":\"https:\\\/\\\/shopvalley.fr\\\/wp-content\\\/uploads\\\/2023\\\/10\\\/fa2d2efc-5d0b-427b-89c1-c8a5101a8c26.jpg\",\"width\":800,\"height\":800},{\"@type\":\"BreadcrumbList\",\"@id\":\"https:\\\/\\\/shopvalley.fr\\\/es\\\/produit\\\/kit-electrico-de-raspado-y-cuidado-dental-toothcare\\\/#breadcrumb\",\"itemListElement\":[{\"@type\":\"ListItem\",\"position\":1,\"name\":\"Accueil\",\"item\":\"https:\\\/\\\/shopvalley.fr\\\/es\\\/\"},{\"@type\":\"ListItem\",\"position\":2,\"name\":\"Todos los productos\",\"item\":\"https:\\\/\\\/shopvalley.fr\\\/es\\\/todos-los-productos\\\/\"},{\"@type\":\"ListItem\",\"position\":3,\"name\":\"Salud e higiene\",\"item\":\"https:\\\/\\\/shopvalley.fr\\\/es\\\/categorie-produit\\\/salud-e-higiene\\\/\"},{\"@type\":\"ListItem\",\"position\":4,\"name\":\"Kit el\u00e9ctrico de raspado y cuidado dental ToothCare\"}]},{\"@type\":\"WebSite\",\"@id\":\"https:\\\/\\\/shopvalley.fr\\\/es\\\/#website\",\"url\":\"https:\\\/\\\/shopvalley.fr\\\/es\\\/\",\"name\":\"ShopValley\",\"description\":\"\u00a1Productos de moda a precios bajos!\",\"publisher\":{\"@id\":\"https:\\\/\\\/shopvalley.fr\\\/es\\\/#organization\"},\"potentialAction\":[{\"@type\":\"SearchAction\",\"target\":{\"@type\":\"EntryPoint\",\"urlTemplate\":\"https:\\\/\\\/shopvalley.fr\\\/es\\\/?s={search_term_string}\"},\"query-input\":{\"@type\":\"PropertyValueSpecification\",\"valueRequired\":true,\"valueName\":\"search_term_string\"}}],\"inLanguage\":\"es\"},{\"@type\":\"Organization\",\"@id\":\"https:\\\/\\\/shopvalley.fr\\\/es\\\/#organization\",\"name\":\"Shopvalley\",\"url\":\"https:\\\/\\\/shopvalley.fr\\\/es\\\/\",\"logo\":{\"@type\":\"ImageObject\",\"inLanguage\":\"es\",\"@id\":\"https:\\\/\\\/shopvalley.fr\\\/es\\\/#\\\/schema\\\/logo\\\/image\\\/\",\"url\":\"https:\\\/\\\/shopvalley.fr\\\/wp-content\\\/uploads\\\/2023\\\/11\\\/cropped-Copie-de-Logo-ShopValley-500-x-500-px-1.png\",\"contentUrl\":\"https:\\\/\\\/shopvalley.fr\\\/wp-content\\\/uploads\\\/2023\\\/11\\\/cropped-Copie-de-Logo-ShopValley-500-x-500-px-1.png\",\"width\":512,\"height\":512,\"caption\":\"Shopvalley\"},\"image\":{\"@id\":\"https:\\\/\\\/shopvalley.fr\\\/es\\\/#\\\/schema\\\/logo\\\/image\\\/\"}}]}<\/script>\n<!-- \/ Yoast SEO plugin. -->","yoast_head_json":{"title":"Kit el\u00e9ctrico de raspado y cuidado dental ToothCare - ShopValley","description":"El Kit El\u00e9ctrico de Raspado y Cuidado Dental ToothCare es tu aliado para una sonrisa m\u00e1s limpia y sana, para una sonrisa de calidad.","robots":{"index":"index","follow":"follow","max-snippet":"max-snippet:-1","max-image-preview":"max-image-preview:large","max-video-preview":"max-video-preview:-1"},"canonical":"https:\/\/shopvalley.fr\/es\/produit\/kit-electrico-de-raspado-y-cuidado-dental-toothcare\/","og_locale":"es_ES","og_type":"article","og_title":"Kit el\u00e9ctrico de raspado y cuidado dental ToothCare - ShopValley","og_description":"El Kit El\u00e9ctrico de Raspado y Cuidado Dental ToothCare es tu aliado para una sonrisa m\u00e1s limpia y sana, para una sonrisa de calidad.","og_url":"https:\/\/shopvalley.fr\/es\/produit\/kit-electrico-de-raspado-y-cuidado-dental-toothcare\/","og_site_name":"ShopValley","article_modified_time":"2025-11-18T19:56:13+00:00","og_image":[{"width":800,"height":800,"url":"http:\/\/shopvalley.fr\/wp-content\/uploads\/2023\/10\/fa2d2efc-5d0b-427b-89c1-c8a5101a8c26.jpg","type":"image\/jpeg"}],"schema":{"@context":"https:\/\/schema.org","@graph":[{"@type":"WebPage","@id":"https:\/\/shopvalley.fr\/es\/produit\/kit-electrico-de-raspado-y-cuidado-dental-toothcare\/","url":"https:\/\/shopvalley.fr\/es\/produit\/kit-electrico-de-raspado-y-cuidado-dental-toothcare\/","name":"Kit el\u00e9ctrico de raspado y cuidado dental ToothCare - ShopValley","isPartOf":{"@id":"https:\/\/shopvalley.fr\/es\/#website"},"primaryImageOfPage":{"@id":"https:\/\/shopvalley.fr\/es\/produit\/kit-electrico-de-raspado-y-cuidado-dental-toothcare\/#primaryimage"},"image":{"@id":"https:\/\/shopvalley.fr\/es\/produit\/kit-electrico-de-raspado-y-cuidado-dental-toothcare\/#primaryimage"},"thumbnailUrl":"https:\/\/shopvalley.fr\/wp-content\/uploads\/2023\/10\/fa2d2efc-5d0b-427b-89c1-c8a5101a8c26.jpg","datePublished":"2023-10-08T20:09:56+00:00","dateModified":"2025-11-18T19:56:13+00:00","description":"El Kit El\u00e9ctrico de Raspado y Cuidado Dental ToothCare es tu aliado para una sonrisa m\u00e1s limpia y sana, para una sonrisa de calidad.","breadcrumb":{"@id":"https:\/\/shopvalley.fr\/es\/produit\/kit-electrico-de-raspado-y-cuidado-dental-toothcare\/#breadcrumb"},"inLanguage":"es","potentialAction":[{"@type":"ReadAction","target":["https:\/\/shopvalley.fr\/es\/produit\/kit-electrico-de-raspado-y-cuidado-dental-toothcare\/"]}]},{"@type":"ImageObject","inLanguage":"es","@id":"https:\/\/shopvalley.fr\/es\/produit\/kit-electrico-de-raspado-y-cuidado-dental-toothcare\/#primaryimage","url":"https:\/\/shopvalley.fr\/wp-content\/uploads\/2023\/10\/fa2d2efc-5d0b-427b-89c1-c8a5101a8c26.jpg","contentUrl":"https:\/\/shopvalley.fr\/wp-content\/uploads\/2023\/10\/fa2d2efc-5d0b-427b-89c1-c8a5101a8c26.jpg","width":800,"height":800},{"@type":"BreadcrumbList","@id":"https:\/\/shopvalley.fr\/es\/produit\/kit-electrico-de-raspado-y-cuidado-dental-toothcare\/#breadcrumb","itemListElement":[{"@type":"ListItem","position":1,"name":"Accueil","item":"https:\/\/shopvalley.fr\/es\/"},{"@type":"ListItem","position":2,"name":"Todos los productos","item":"https:\/\/shopvalley.fr\/es\/todos-los-productos\/"},{"@type":"ListItem","position":3,"name":"Salud e higiene","item":"https:\/\/shopvalley.fr\/es\/categorie-produit\/salud-e-higiene\/"},{"@type":"ListItem","position":4,"name":"Kit el\u00e9ctrico de raspado y cuidado dental ToothCare"}]},{"@type":"WebSite","@id":"https:\/\/shopvalley.fr\/es\/#website","url":"https:\/\/shopvalley.fr\/es\/","name":"ShopValley","description":"\u00a1Productos de moda a precios bajos!","publisher":{"@id":"https:\/\/shopvalley.fr\/es\/#organization"},"potentialAction":[{"@type":"SearchAction","target":{"@type":"EntryPoint","urlTemplate":"https:\/\/shopvalley.fr\/es\/?s={search_term_string}"},"query-input":{"@type":"PropertyValueSpecification","valueRequired":true,"valueName":"search_term_string"}}],"inLanguage":"es"},{"@type":"Organization","@id":"https:\/\/shopvalley.fr\/es\/#organization","name":"Shopvalley","url":"https:\/\/shopvalley.fr\/es\/","logo":{"@type":"ImageObject","inLanguage":"es","@id":"https:\/\/shopvalley.fr\/es\/#\/schema\/logo\/image\/","url":"https:\/\/shopvalley.fr\/wp-content\/uploads\/2023\/11\/cropped-Copie-de-Logo-ShopValley-500-x-500-px-1.png","contentUrl":"https:\/\/shopvalley.fr\/wp-content\/uploads\/2023\/11\/cropped-Copie-de-Logo-ShopValley-500-x-500-px-1.png","width":512,"height":512,"caption":"Shopvalley"},"image":{"@id":"https:\/\/shopvalley.fr\/es\/#\/schema\/logo\/image\/"}}]}},"jetpack_sharing_enabled":true,"_links":{"self":[{"href":"https:\/\/shopvalley.fr\/es\/wp-json\/wp\/v2\/product\/41071","targetHints":{"allow":["GET"]}}],"collection":[{"href":"https:\/\/shopvalley.fr\/es\/wp-json\/wp\/v2\/product"}],"about":[{"href":"https:\/\/shopvalley.fr\/es\/wp-json\/wp\/v2\/types\/product"}],"replies":[{"embeddable":true,"href":"https:\/\/shopvalley.fr\/es\/wp-json\/wp\/v2\/comments?post=41071"}],"version-history":[{"count":2,"href":"https:\/\/shopvalley.fr\/es\/wp-json\/wp\/v2\/product\/41071\/revisions"}],"predecessor-version":[{"id":51568,"href":"https:\/\/shopvalley.fr\/es\/wp-json\/wp\/v2\/product\/41071\/revisions\/51568"}],"wp:featuredmedia":[{"embeddable":true,"href":"https:\/\/shopvalley.fr\/es\/wp-json\/wp\/v2\/media\/37985"}],"wp:attachment":[{"href":"https:\/\/shopvalley.fr\/es\/wp-json\/wp\/v2\/media?parent=41071"}],"wp:term":[{"taxonomy":"product_brand","embeddable":true,"href":"https:\/\/shopvalley.fr\/es\/wp-json\/wp\/v2\/product_brand?post=41071"},{"taxonomy":"product_cat","embeddable":true,"href":"https:\/\/shopvalley.fr\/es\/wp-json\/wp\/v2\/product_cat?post=41071"},{"taxonomy":"product_tag","embeddable":true,"href":"https:\/\/shopvalley.fr\/es\/wp-json\/wp\/v2\/product_tag?post=41071"}],"curies":[{"name":"wp","href":"https:\/\/api.w.org\/{rel}","templated":true}]}}