{"id":41064,"date":"2023-10-15T18:21:20","date_gmt":"2023-10-15T16:21:20","guid":{"rendered":"https:\/\/shopvalley.fr\/produit\/antiladridos-ultrasonico-portatil-para-perros\/"},"modified":"2025-11-18T20:55:06","modified_gmt":"2025-11-18T19:55:06","slug":"antiladridos-ultrasonico-portatil-para-perros","status":"publish","type":"product","link":"https:\/\/shopvalley.fr\/es\/produit\/antiladridos-ultrasonico-portatil-para-perros\/","title":{"rendered":"Antiladridos ultras\u00f3nico port\u00e1til para perros"},"content":{"rendered":"<h5><span style=\"font-size: 14pt; color: #000000;\"><strong>Silencio asegurado con el dispositivo antiladridos UltraSound para perros<\/strong><\/span><\/h5>\n<p><span style=\"font-size: 14pt; color: #000000;\">\u00bfHarto de los ladridos incesantes de tu perro, o incluso de los de tus vecinos? No busques m\u00e1s. Descubre el Dispositivo Antiladridos UltraSound, la soluci\u00f3n <strong>suave pero eficaz<\/strong> para llevar la paz y la tranquilidad a tu hogar. <\/span><\/p>\n<p>&nbsp;<\/p>\n<p><span style=\"color: #ff0000;\"><a style=\"color: #ff0000;\" href=\"https:\/\/shopvalley.fr\/produit\/dispositif-dissuasif-aboiements-chien-portable-ultrasons-de-poche-repulsif-entrainement\/\"><strong><span style=\"font-size: 14pt;\">Consulta tambi\u00e9n nuestro modelo de bolsillo<\/span><\/strong><\/a><\/span><\/p>\n<p><img loading=\"lazy\" decoding=\"async\" class=\"aligncenter wp-image-22434\" src=\"http:\/\/shopvalley.fr\/wp-content\/uploads\/2025\/02\/Dispositif-Anti-Aboiements-a-UltraSons-portable-pour-Chiens9ES.png\" alt=\"Antiladridos ultras\u00f3nico port\u00e1til para perros\" width=\"384\" height=\"391\" \/><\/p>\n<h5><span style=\"font-size: 14pt; color: #000000;\"><strong>Tecnolog\u00eda avanzada para un adiestramiento suave del perro<\/strong><\/span><\/h5>\n<p><span style=\"font-size: 14pt; color: #000000;\">Nuestro dispositivo emite un sonido ultras\u00f3nico agudo y seguro que los perros pueden o\u00edr, pero los humanos no. Estimula a tu perro de forma inofensiva, disuadi\u00e9ndole de ladrar. Olv\u00eddate de m\u00e9todos dolorosos como los collares el\u00e9ctricos, que pueden causar problemas psicol\u00f3gicos a tu fiel compa\u00f1ero. <\/span><\/p>\n<p><img loading=\"lazy\" decoding=\"async\" class=\"aligncenter wp-image-22433\" src=\"http:\/\/shopvalley.fr\/wp-content\/uploads\/2025\/02\/Dispositif-Anti-Aboiements-a-UltraSons-portable-pour-Chiens8-1.png\" alt=\"Antiladridos ultras\u00f3nico port\u00e1til para perros\" width=\"380\" height=\"374\" \/><\/p>\n<p><span style=\"font-size: 14pt; color: #000000;\"><strong>Ventajas incomparables<\/strong><\/span><\/p>\n<p><span style=\"font-size: 14pt; color: #000000;\"><em>Inofensivo<\/em>: Nuestro dispositivo Anti-Bark es totalmente inofensivo para tu perro, preservando su salud mental y emocional.<\/span><\/p>\n<p><span style=\"font-size: 14pt; color: #000000;\"><em>Seguro y eficaz<\/em>: Puedes confiar en nuestra avanzada tecnolog\u00eda, de eficacia probada*. <span style=\"font-size: 12pt;\">(*sensibilidades diferentes para perros diferentes)<\/span><\/span><\/p>\n<p><span style=\"font-size: 14pt; color: #000000;\"><em>F\u00e1cil instalaci\u00f3n<\/em>: No necesitas ser un experto en tecnolog\u00eda para utilizarlo. La instalaci\u00f3n es un juego de ni\u00f1os. <\/span><\/p>\n<p><img loading=\"lazy\" decoding=\"async\" class=\"aligncenter wp-image-22432\" src=\"http:\/\/shopvalley.fr\/wp-content\/uploads\/2025\/02\/Dispositif-Anti-Aboiements-a-UltraSons-portable-pour-Chiens7-1.png\" alt=\"Antiladridos ultras\u00f3nico port\u00e1til para perros\" width=\"441\" height=\"442\" \/><\/p>\n<h5><span style=\"font-size: 14pt; color: #000000;\"><strong>Una soluci\u00f3n completa para tu tranquilidad<\/strong><\/span><\/h5>\n<p><span style=\"font-size: 14pt; color: #000000;\">Comprar un collar de adiestramiento para perros puede ser dif\u00edcil, pero nosotros te facilitamos la elecci\u00f3n. Nuestro dispositivo antiladridos ultras\u00f3nico es totalmente inofensivo e imperceptible para el o\u00eddo humano gracias a su avanzada tecnolog\u00eda e impermeabilidad. <\/span><\/p>\n<p><img loading=\"lazy\" decoding=\"async\" class=\"aligncenter wp-image-22438\" src=\"http:\/\/shopvalley.fr\/wp-content\/uploads\/2025\/02\/Dispositif-Anti-Aboiements-a-UltraSons-portable-pour-Chiens121-1.png\" alt=\"\" width=\"458\" height=\"458\" \/><\/p>\n<p><span style=\"font-size: 14pt; color: #000000;\"><strong><em>Detecci\u00f3n autom\u00e1tica de ladridos<\/em><\/strong> Se activa autom\u00e1ticamente cuando tu perro ladra y se apaga cuando se calla.<\/span><\/p>\n<p><span style=\"font-size: 14pt; color: #000000;\"><strong><em>Antiladridos<\/em> <\/strong>Una soluci\u00f3n sencilla para acabar con los ladridos, ya procedan de tu perro o de tus vecinos (alcance de 15 m en campo abierto). <\/span><\/p>\n<p><span style=\"font-size: 14pt; color: #000000;\"><strong><em>Recargable<\/em><\/strong> Inal\u00e1mbrica y recargable, siempre est\u00e1 lista para usar.<\/span><\/p>\n<p><span style=\"font-size: 14pt; color: #000000;\"><strong><em>Duradero e impermeable<\/em><\/strong> Resistente al agua y se puede instalar en cualquier lugar.<\/span><\/p>\n<p><span style=\"font-size: 14pt; color: #000000;\"><strong><em>3 niveles de intensidad<\/em><\/strong> Adaptable a todas las razas y tama\u00f1os de perro.<\/span><\/p>\n<p><span style=\"font-size: 14pt; color: #000000;\">Acaba <strong>con los ladridos excesivos con total seguridad<\/strong>. Pide ahora el Antiladridos UltraSonic y devuelve la tranquilidad a tu hogar. <\/span><\/p>\n","protected":false},"excerpt":{"rendered":"<p><span style=\"font-size: 14pt; color: #000000;\">Acaba con los ladridos excesivos con total seguridad<\/span><\/p>\n","protected":false},"featured_media":38101,"comment_status":"closed","ping_status":"closed","template":"","meta":[],"product_brand":[],"product_cat":[1010,1085],"product_tag":[990],"class_list":{"0":"post-41064","1":"product","2":"type-product","3":"status-publish","4":"has-post-thumbnail","6":"product_cat-animales","7":"product_cat-shopping_es-es","8":"product_tag-noflash-es","10":"first","11":"instock","12":"sale","13":"taxable","14":"shipping-taxable","15":"purchasable","16":"product-type-simple"},"yoast_head":"<!-- This site is optimized with the Yoast SEO plugin v27.4 - https:\/\/yoast.com\/product\/yoast-seo-wordpress\/ -->\n<title>Antiladridos ultras\u00f3nico port\u00e1til para perros - ShopValley<\/title>\n<meta name=\"description\" content=\"Nuestro Dispositivo antiladrido ultras\u00f3nico es totalmente inofensivo e imperceptible para el o\u00eddo humano gracias a su tecnolog\u00eda.\" \/>\n<meta name=\"robots\" content=\"index, follow, max-snippet:-1, max-image-preview:large, max-video-preview:-1\" \/>\n<link rel=\"canonical\" href=\"https:\/\/shopvalley.fr\/es\/produit\/antiladridos-ultrasonico-portatil-para-perros\/\" \/>\n<meta property=\"og:locale\" content=\"es_ES\" \/>\n<meta property=\"og:type\" content=\"article\" \/>\n<meta property=\"og:title\" content=\"Antiladridos ultras\u00f3nico port\u00e1til para perros - ShopValley\" \/>\n<meta property=\"og:description\" content=\"Nuestro Dispositivo antiladrido ultras\u00f3nico es totalmente inofensivo e imperceptible para el o\u00eddo humano gracias a su tecnolog\u00eda.\" \/>\n<meta property=\"og:url\" content=\"https:\/\/shopvalley.fr\/es\/produit\/antiladridos-ultrasonico-portatil-para-perros\/\" \/>\n<meta property=\"og:site_name\" content=\"ShopValley\" \/>\n<meta property=\"article:modified_time\" content=\"2025-11-18T19:55:06+00:00\" \/>\n<meta property=\"og:image\" content=\"http:\/\/shopvalley.fr\/wp-content\/uploads\/2025\/02\/Dispositif-Anti-Aboiements-a-UltraSons-portable-pour-Chiensl9-1.png\" \/>\n\t<meta property=\"og:image:width\" content=\"1280\" \/>\n\t<meta property=\"og:image:height\" content=\"1280\" \/>\n\t<meta property=\"og:image:type\" content=\"image\/png\" \/>\n<script type=\"application\/ld+json\" class=\"yoast-schema-graph\">{\"@context\":\"https:\\\/\\\/schema.org\",\"@graph\":[{\"@type\":\"WebPage\",\"@id\":\"https:\\\/\\\/shopvalley.fr\\\/es\\\/produit\\\/antiladridos-ultrasonico-portatil-para-perros\\\/\",\"url\":\"https:\\\/\\\/shopvalley.fr\\\/es\\\/produit\\\/antiladridos-ultrasonico-portatil-para-perros\\\/\",\"name\":\"Antiladridos ultras\u00f3nico port\u00e1til para perros - ShopValley\",\"isPartOf\":{\"@id\":\"https:\\\/\\\/shopvalley.fr\\\/es\\\/#website\"},\"primaryImageOfPage\":{\"@id\":\"https:\\\/\\\/shopvalley.fr\\\/es\\\/produit\\\/antiladridos-ultrasonico-portatil-para-perros\\\/#primaryimage\"},\"image\":{\"@id\":\"https:\\\/\\\/shopvalley.fr\\\/es\\\/produit\\\/antiladridos-ultrasonico-portatil-para-perros\\\/#primaryimage\"},\"thumbnailUrl\":\"https:\\\/\\\/shopvalley.fr\\\/wp-content\\\/uploads\\\/2025\\\/02\\\/Dispositif-Anti-Aboiements-a-UltraSons-portable-pour-Chiensl9-1.png\",\"datePublished\":\"2023-10-15T16:21:20+00:00\",\"dateModified\":\"2025-11-18T19:55:06+00:00\",\"description\":\"Nuestro Dispositivo antiladrido ultras\u00f3nico es totalmente inofensivo e imperceptible para el o\u00eddo humano gracias a su tecnolog\u00eda.\",\"breadcrumb\":{\"@id\":\"https:\\\/\\\/shopvalley.fr\\\/es\\\/produit\\\/antiladridos-ultrasonico-portatil-para-perros\\\/#breadcrumb\"},\"inLanguage\":\"es\",\"potentialAction\":[{\"@type\":\"ReadAction\",\"target\":[\"https:\\\/\\\/shopvalley.fr\\\/es\\\/produit\\\/antiladridos-ultrasonico-portatil-para-perros\\\/\"]}]},{\"@type\":\"ImageObject\",\"inLanguage\":\"es\",\"@id\":\"https:\\\/\\\/shopvalley.fr\\\/es\\\/produit\\\/antiladridos-ultrasonico-portatil-para-perros\\\/#primaryimage\",\"url\":\"https:\\\/\\\/shopvalley.fr\\\/wp-content\\\/uploads\\\/2025\\\/02\\\/Dispositif-Anti-Aboiements-a-UltraSons-portable-pour-Chiensl9-1.png\",\"contentUrl\":\"https:\\\/\\\/shopvalley.fr\\\/wp-content\\\/uploads\\\/2025\\\/02\\\/Dispositif-Anti-Aboiements-a-UltraSons-portable-pour-Chiensl9-1.png\",\"width\":1280,\"height\":1280},{\"@type\":\"BreadcrumbList\",\"@id\":\"https:\\\/\\\/shopvalley.fr\\\/es\\\/produit\\\/antiladridos-ultrasonico-portatil-para-perros\\\/#breadcrumb\",\"itemListElement\":[{\"@type\":\"ListItem\",\"position\":1,\"name\":\"Accueil\",\"item\":\"https:\\\/\\\/shopvalley.fr\\\/es\\\/\"},{\"@type\":\"ListItem\",\"position\":2,\"name\":\"Todos los productos\",\"item\":\"https:\\\/\\\/shopvalley.fr\\\/es\\\/todos-los-productos\\\/\"},{\"@type\":\"ListItem\",\"position\":3,\"name\":\"Antiladridos ultras\u00f3nico port\u00e1til para perros\"}]},{\"@type\":\"WebSite\",\"@id\":\"https:\\\/\\\/shopvalley.fr\\\/es\\\/#website\",\"url\":\"https:\\\/\\\/shopvalley.fr\\\/es\\\/\",\"name\":\"ShopValley\",\"description\":\"\u00a1Productos de moda a precios bajos!\",\"publisher\":{\"@id\":\"https:\\\/\\\/shopvalley.fr\\\/es\\\/#organization\"},\"potentialAction\":[{\"@type\":\"SearchAction\",\"target\":{\"@type\":\"EntryPoint\",\"urlTemplate\":\"https:\\\/\\\/shopvalley.fr\\\/es\\\/?s={search_term_string}\"},\"query-input\":{\"@type\":\"PropertyValueSpecification\",\"valueRequired\":true,\"valueName\":\"search_term_string\"}}],\"inLanguage\":\"es\"},{\"@type\":\"Organization\",\"@id\":\"https:\\\/\\\/shopvalley.fr\\\/es\\\/#organization\",\"name\":\"Shopvalley\",\"url\":\"https:\\\/\\\/shopvalley.fr\\\/es\\\/\",\"logo\":{\"@type\":\"ImageObject\",\"inLanguage\":\"es\",\"@id\":\"https:\\\/\\\/shopvalley.fr\\\/es\\\/#\\\/schema\\\/logo\\\/image\\\/\",\"url\":\"https:\\\/\\\/shopvalley.fr\\\/wp-content\\\/uploads\\\/2023\\\/11\\\/cropped-Copie-de-Logo-ShopValley-500-x-500-px-1.png\",\"contentUrl\":\"https:\\\/\\\/shopvalley.fr\\\/wp-content\\\/uploads\\\/2023\\\/11\\\/cropped-Copie-de-Logo-ShopValley-500-x-500-px-1.png\",\"width\":512,\"height\":512,\"caption\":\"Shopvalley\"},\"image\":{\"@id\":\"https:\\\/\\\/shopvalley.fr\\\/es\\\/#\\\/schema\\\/logo\\\/image\\\/\"}}]}<\/script>\n<!-- \/ Yoast SEO plugin. -->","yoast_head_json":{"title":"Antiladridos ultras\u00f3nico port\u00e1til para perros - ShopValley","description":"Nuestro Dispositivo antiladrido ultras\u00f3nico es totalmente inofensivo e imperceptible para el o\u00eddo humano gracias a su tecnolog\u00eda.","robots":{"index":"index","follow":"follow","max-snippet":"max-snippet:-1","max-image-preview":"max-image-preview:large","max-video-preview":"max-video-preview:-1"},"canonical":"https:\/\/shopvalley.fr\/es\/produit\/antiladridos-ultrasonico-portatil-para-perros\/","og_locale":"es_ES","og_type":"article","og_title":"Antiladridos ultras\u00f3nico port\u00e1til para perros - ShopValley","og_description":"Nuestro Dispositivo antiladrido ultras\u00f3nico es totalmente inofensivo e imperceptible para el o\u00eddo humano gracias a su tecnolog\u00eda.","og_url":"https:\/\/shopvalley.fr\/es\/produit\/antiladridos-ultrasonico-portatil-para-perros\/","og_site_name":"ShopValley","article_modified_time":"2025-11-18T19:55:06+00:00","og_image":[{"width":1280,"height":1280,"url":"http:\/\/shopvalley.fr\/wp-content\/uploads\/2025\/02\/Dispositif-Anti-Aboiements-a-UltraSons-portable-pour-Chiensl9-1.png","type":"image\/png"}],"schema":{"@context":"https:\/\/schema.org","@graph":[{"@type":"WebPage","@id":"https:\/\/shopvalley.fr\/es\/produit\/antiladridos-ultrasonico-portatil-para-perros\/","url":"https:\/\/shopvalley.fr\/es\/produit\/antiladridos-ultrasonico-portatil-para-perros\/","name":"Antiladridos ultras\u00f3nico port\u00e1til para perros - ShopValley","isPartOf":{"@id":"https:\/\/shopvalley.fr\/es\/#website"},"primaryImageOfPage":{"@id":"https:\/\/shopvalley.fr\/es\/produit\/antiladridos-ultrasonico-portatil-para-perros\/#primaryimage"},"image":{"@id":"https:\/\/shopvalley.fr\/es\/produit\/antiladridos-ultrasonico-portatil-para-perros\/#primaryimage"},"thumbnailUrl":"https:\/\/shopvalley.fr\/wp-content\/uploads\/2025\/02\/Dispositif-Anti-Aboiements-a-UltraSons-portable-pour-Chiensl9-1.png","datePublished":"2023-10-15T16:21:20+00:00","dateModified":"2025-11-18T19:55:06+00:00","description":"Nuestro Dispositivo antiladrido ultras\u00f3nico es totalmente inofensivo e imperceptible para el o\u00eddo humano gracias a su tecnolog\u00eda.","breadcrumb":{"@id":"https:\/\/shopvalley.fr\/es\/produit\/antiladridos-ultrasonico-portatil-para-perros\/#breadcrumb"},"inLanguage":"es","potentialAction":[{"@type":"ReadAction","target":["https:\/\/shopvalley.fr\/es\/produit\/antiladridos-ultrasonico-portatil-para-perros\/"]}]},{"@type":"ImageObject","inLanguage":"es","@id":"https:\/\/shopvalley.fr\/es\/produit\/antiladridos-ultrasonico-portatil-para-perros\/#primaryimage","url":"https:\/\/shopvalley.fr\/wp-content\/uploads\/2025\/02\/Dispositif-Anti-Aboiements-a-UltraSons-portable-pour-Chiensl9-1.png","contentUrl":"https:\/\/shopvalley.fr\/wp-content\/uploads\/2025\/02\/Dispositif-Anti-Aboiements-a-UltraSons-portable-pour-Chiensl9-1.png","width":1280,"height":1280},{"@type":"BreadcrumbList","@id":"https:\/\/shopvalley.fr\/es\/produit\/antiladridos-ultrasonico-portatil-para-perros\/#breadcrumb","itemListElement":[{"@type":"ListItem","position":1,"name":"Accueil","item":"https:\/\/shopvalley.fr\/es\/"},{"@type":"ListItem","position":2,"name":"Todos los productos","item":"https:\/\/shopvalley.fr\/es\/todos-los-productos\/"},{"@type":"ListItem","position":3,"name":"Antiladridos ultras\u00f3nico port\u00e1til para perros"}]},{"@type":"WebSite","@id":"https:\/\/shopvalley.fr\/es\/#website","url":"https:\/\/shopvalley.fr\/es\/","name":"ShopValley","description":"\u00a1Productos de moda a precios bajos!","publisher":{"@id":"https:\/\/shopvalley.fr\/es\/#organization"},"potentialAction":[{"@type":"SearchAction","target":{"@type":"EntryPoint","urlTemplate":"https:\/\/shopvalley.fr\/es\/?s={search_term_string}"},"query-input":{"@type":"PropertyValueSpecification","valueRequired":true,"valueName":"search_term_string"}}],"inLanguage":"es"},{"@type":"Organization","@id":"https:\/\/shopvalley.fr\/es\/#organization","name":"Shopvalley","url":"https:\/\/shopvalley.fr\/es\/","logo":{"@type":"ImageObject","inLanguage":"es","@id":"https:\/\/shopvalley.fr\/es\/#\/schema\/logo\/image\/","url":"https:\/\/shopvalley.fr\/wp-content\/uploads\/2023\/11\/cropped-Copie-de-Logo-ShopValley-500-x-500-px-1.png","contentUrl":"https:\/\/shopvalley.fr\/wp-content\/uploads\/2023\/11\/cropped-Copie-de-Logo-ShopValley-500-x-500-px-1.png","width":512,"height":512,"caption":"Shopvalley"},"image":{"@id":"https:\/\/shopvalley.fr\/es\/#\/schema\/logo\/image\/"}}]}},"jetpack_sharing_enabled":true,"_links":{"self":[{"href":"https:\/\/shopvalley.fr\/es\/wp-json\/wp\/v2\/product\/41064","targetHints":{"allow":["GET"]}}],"collection":[{"href":"https:\/\/shopvalley.fr\/es\/wp-json\/wp\/v2\/product"}],"about":[{"href":"https:\/\/shopvalley.fr\/es\/wp-json\/wp\/v2\/types\/product"}],"replies":[{"embeddable":true,"href":"https:\/\/shopvalley.fr\/es\/wp-json\/wp\/v2\/comments?post=41064"}],"version-history":[{"count":3,"href":"https:\/\/shopvalley.fr\/es\/wp-json\/wp\/v2\/product\/41064\/revisions"}],"predecessor-version":[{"id":51565,"href":"https:\/\/shopvalley.fr\/es\/wp-json\/wp\/v2\/product\/41064\/revisions\/51565"}],"wp:featuredmedia":[{"embeddable":true,"href":"https:\/\/shopvalley.fr\/es\/wp-json\/wp\/v2\/media\/38101"}],"wp:attachment":[{"href":"https:\/\/shopvalley.fr\/es\/wp-json\/wp\/v2\/media?parent=41064"}],"wp:term":[{"taxonomy":"product_brand","embeddable":true,"href":"https:\/\/shopvalley.fr\/es\/wp-json\/wp\/v2\/product_brand?post=41064"},{"taxonomy":"product_cat","embeddable":true,"href":"https:\/\/shopvalley.fr\/es\/wp-json\/wp\/v2\/product_cat?post=41064"},{"taxonomy":"product_tag","embeddable":true,"href":"https:\/\/shopvalley.fr\/es\/wp-json\/wp\/v2\/product_tag?post=41064"}],"curies":[{"name":"wp","href":"https:\/\/api.w.org\/{rel}","templated":true}]}}