{"id":41062,"date":"2023-10-15T15:15:50","date_gmt":"2023-10-15T13:15:50","guid":{"rendered":"https:\/\/shopvalley.fr\/produit\/champu-antipelo-blanco\/"},"modified":"2025-11-18T20:55:35","modified_gmt":"2025-11-18T19:55:35","slug":"champu-antipelo-blanco","status":"publish","type":"product","link":"https:\/\/shopvalley.fr\/es\/produit\/champu-antipelo-blanco\/","title":{"rendered":"Champ\u00fa antipelo blanco"},"content":{"rendered":"<h2><span style=\"font-size: 14pt; color: #000000;\"><strong>Descubre el champ\u00fa antiblanqueo Cuidado del cabello<\/strong><\/span><\/h2>\n<p><span style=\"font-size: 14pt; color: #000000;\">\u00a1Para cualquiera que busque una soluci\u00f3n natural y econ\u00f3mica para decir adi\u00f3s a las canas! Nuestro champ\u00fa s\u00f3lido anti canas es la respuesta a todas tus preocupaciones capilares. <\/span><\/p>\n<p>&nbsp;<\/p>\n<p><img loading=\"lazy\" decoding=\"async\" class=\"aligncenter wp-image-22960\" src=\"http:\/\/shopvalley.fr\/wp-content\/uploads\/2023\/10\/Shampoing.gif\" alt=\"Champ\u00fa antipelo blanco\" width=\"406\" height=\"406\" \/><\/p>\n<p><img loading=\"lazy\" decoding=\"async\" class=\"aligncenter wp-image-22955\" src=\"http:\/\/shopvalley.fr\/wp-content\/uploads\/2023\/10\/11_4ddeed8f-7493-40e1-9ad6-09fae1882afd.jpg\" alt=\"Champ\u00fa antipelo blanco\" width=\"487\" height=\"487\" srcset=\"https:\/\/shopvalley.fr\/wp-content\/uploads\/2023\/10\/11_4ddeed8f-7493-40e1-9ad6-09fae1882afd.jpg 1600w, https:\/\/shopvalley.fr\/wp-content\/uploads\/2023\/10\/11_4ddeed8f-7493-40e1-9ad6-09fae1882afd-430x430.jpg 430w, https:\/\/shopvalley.fr\/wp-content\/uploads\/2023\/10\/11_4ddeed8f-7493-40e1-9ad6-09fae1882afd-150x150.jpg 150w, https:\/\/shopvalley.fr\/wp-content\/uploads\/2023\/10\/11_4ddeed8f-7493-40e1-9ad6-09fae1882afd-700x700.jpg 700w, https:\/\/shopvalley.fr\/wp-content\/uploads\/2023\/10\/11_4ddeed8f-7493-40e1-9ad6-09fae1882afd-300x300.jpg 300w, https:\/\/shopvalley.fr\/wp-content\/uploads\/2023\/10\/11_4ddeed8f-7493-40e1-9ad6-09fae1882afd-800x800.jpg 800w, https:\/\/shopvalley.fr\/wp-content\/uploads\/2023\/10\/11_4ddeed8f-7493-40e1-9ad6-09fae1882afd-768x768.jpg 768w, https:\/\/shopvalley.fr\/wp-content\/uploads\/2023\/10\/11_4ddeed8f-7493-40e1-9ad6-09fae1882afd-1536x1536.jpg 1536w, https:\/\/shopvalley.fr\/wp-content\/uploads\/2023\/10\/11_4ddeed8f-7493-40e1-9ad6-09fae1882afd-860x860.jpg 860w\" sizes=\"auto, (max-width: 487px) 100vw, 487px\" \/><\/p>\n<h2><span style=\"font-size: 14pt; color: #000000;\"><strong>Champ\u00fa antipelo blanco: una soluci\u00f3n duradera<\/strong><\/span><\/h2>\n<p><span style=\"font-size: 14pt; color: #000000;\">\u00bfBuscas resultados permanentes para eliminar las canas? Nuestro champ\u00fa te ofrece una soluci\u00f3n duradera para recuperar tu cabello natural. <\/span><\/p>\n<p><img loading=\"lazy\" decoding=\"async\" class=\"aligncenter wp-image-22954\" src=\"http:\/\/shopvalley.fr\/wp-content\/uploads\/2023\/10\/9_d786b86d-bb14-468a-9f6e-ed1d7a4f2661.jpg\" alt=\"Champ\u00fa antipelo blanco\" width=\"518\" height=\"518\" srcset=\"https:\/\/shopvalley.fr\/wp-content\/uploads\/2023\/10\/9_d786b86d-bb14-468a-9f6e-ed1d7a4f2661.jpg 1600w, https:\/\/shopvalley.fr\/wp-content\/uploads\/2023\/10\/9_d786b86d-bb14-468a-9f6e-ed1d7a4f2661-430x430.jpg 430w, https:\/\/shopvalley.fr\/wp-content\/uploads\/2023\/10\/9_d786b86d-bb14-468a-9f6e-ed1d7a4f2661-150x150.jpg 150w, https:\/\/shopvalley.fr\/wp-content\/uploads\/2023\/10\/9_d786b86d-bb14-468a-9f6e-ed1d7a4f2661-700x700.jpg 700w, https:\/\/shopvalley.fr\/wp-content\/uploads\/2023\/10\/9_d786b86d-bb14-468a-9f6e-ed1d7a4f2661-300x300.jpg 300w, https:\/\/shopvalley.fr\/wp-content\/uploads\/2023\/10\/9_d786b86d-bb14-468a-9f6e-ed1d7a4f2661-800x800.jpg 800w, https:\/\/shopvalley.fr\/wp-content\/uploads\/2023\/10\/9_d786b86d-bb14-468a-9f6e-ed1d7a4f2661-768x768.jpg 768w, https:\/\/shopvalley.fr\/wp-content\/uploads\/2023\/10\/9_d786b86d-bb14-468a-9f6e-ed1d7a4f2661-1536x1536.jpg 1536w, https:\/\/shopvalley.fr\/wp-content\/uploads\/2023\/10\/9_d786b86d-bb14-468a-9f6e-ed1d7a4f2661-860x860.jpg 860w\" sizes=\"auto, (max-width: 518px) 100vw, 518px\" \/><\/p>\n<h2><span style=\"font-size: 14pt; color: #000000;\"><strong>Practicidad en 60 segundos<\/strong><\/span><\/h2>\n<p><span style=\"font-size: 14pt; color: #000000;\">Ahorra tiempo por la ma\u00f1ana con una aplicaci\u00f3n que s\u00f3lo lleva 60 segundos. Masajea suavemente el cuero cabelludo para una m\u00e1xima absorci\u00f3n de los principios activos, y luego d\u00e9jalo actuar. Es sencillo, r\u00e1pido y eficaz. <\/span><\/p>\n<p><img loading=\"lazy\" decoding=\"async\" class=\"aligncenter wp-image-22957\" src=\"http:\/\/shopvalley.fr\/wp-content\/uploads\/2023\/10\/612avBiCifL._AC_SL1000_.jpg\" alt=\"Champ\u00fa antipelo blanco\" width=\"460\" height=\"460\" srcset=\"https:\/\/shopvalley.fr\/wp-content\/uploads\/2023\/10\/612avBiCifL._AC_SL1000_.jpg 1000w, https:\/\/shopvalley.fr\/wp-content\/uploads\/2023\/10\/612avBiCifL._AC_SL1000_-430x430.jpg 430w, https:\/\/shopvalley.fr\/wp-content\/uploads\/2023\/10\/612avBiCifL._AC_SL1000_-150x150.jpg 150w, https:\/\/shopvalley.fr\/wp-content\/uploads\/2023\/10\/612avBiCifL._AC_SL1000_-700x700.jpg 700w, https:\/\/shopvalley.fr\/wp-content\/uploads\/2023\/10\/612avBiCifL._AC_SL1000_-300x300.jpg 300w, https:\/\/shopvalley.fr\/wp-content\/uploads\/2023\/10\/612avBiCifL._AC_SL1000_-800x800.jpg 800w, https:\/\/shopvalley.fr\/wp-content\/uploads\/2023\/10\/612avBiCifL._AC_SL1000_-768x768.jpg 768w, https:\/\/shopvalley.fr\/wp-content\/uploads\/2023\/10\/612avBiCifL._AC_SL1000_-860x860.jpg 860w\" sizes=\"auto, (max-width: 460px) 100vw, 460px\" \/><\/p>\n<p><img loading=\"lazy\" decoding=\"async\" class=\"aligncenter wp-image-22958 size-full\" src=\"http:\/\/shopvalley.fr\/wp-content\/uploads\/2023\/10\/photo_description_1e7a9b31-167b-4b36-aa7f-56ccdbaabbe6_480x480.webp\" alt=\"\" width=\"480\" height=\"299\" srcset=\"https:\/\/shopvalley.fr\/wp-content\/uploads\/2023\/10\/photo_description_1e7a9b31-167b-4b36-aa7f-56ccdbaabbe6_480x480.webp 480w, https:\/\/shopvalley.fr\/wp-content\/uploads\/2023\/10\/photo_description_1e7a9b31-167b-4b36-aa7f-56ccdbaabbe6_480x480-150x93.webp 150w, https:\/\/shopvalley.fr\/wp-content\/uploads\/2023\/10\/photo_description_1e7a9b31-167b-4b36-aa7f-56ccdbaabbe6_480x480-400x249.webp 400w\" sizes=\"auto, (max-width: 480px) 100vw, 480px\" \/><\/p>\n<h2><span style=\"font-size: 14pt; color: #000000;\"><strong>Champ\u00fa antiblanqueo: Fortalecimiento y revitalizaci\u00f3n naturales<\/strong><\/span><\/h2>\n<p><span style=\"font-size: 14pt; color: #000000;\">Nuestra f\u00f3rmula con ingredientes 100% naturales, como Polygonum multiflorum, extracto de ginseng y manteca de karit\u00e9, fortalece, revitaliza y favorece la repigmentaci\u00f3n de tu cabello de forma suave y eficaz.<\/span><\/p>\n<p><img loading=\"lazy\" decoding=\"async\" class=\"aligncenter wp-image-22959\" src=\"http:\/\/shopvalley.fr\/wp-content\/uploads\/2023\/10\/61nCE7ppL._AC_SL1000_.jpg\" alt=\"Champ\u00fa antipelo blanco\" width=\"563\" height=\"460\" srcset=\"https:\/\/shopvalley.fr\/wp-content\/uploads\/2023\/10\/61nCE7ppL._AC_SL1000_.jpg 1000w, https:\/\/shopvalley.fr\/wp-content\/uploads\/2023\/10\/61nCE7ppL._AC_SL1000_-150x123.jpg 150w, https:\/\/shopvalley.fr\/wp-content\/uploads\/2023\/10\/61nCE7ppL._AC_SL1000_-700x572.jpg 700w, https:\/\/shopvalley.fr\/wp-content\/uploads\/2023\/10\/61nCE7ppL._AC_SL1000_-367x300.jpg 367w, https:\/\/shopvalley.fr\/wp-content\/uploads\/2023\/10\/61nCE7ppL._AC_SL1000_-979x800.jpg 979w, https:\/\/shopvalley.fr\/wp-content\/uploads\/2023\/10\/61nCE7ppL._AC_SL1000_-768x627.jpg 768w\" sizes=\"auto, (max-width: 563px) 100vw, 563px\" \/><\/p>\n<h2><span style=\"font-size: 14pt; color: #000000;\"><strong>Respeto al medio ambiente<\/strong><\/span><\/h2>\n<p><span style=\"font-size: 14pt; color: #000000;\">Al elegir nuestro champ\u00fa, est\u00e1s optando por una soluci\u00f3n respetuosa con el medio ambiente, sin siliconas ni parabenos. Es vegano y no se prueba en animales. <\/span><\/p>\n<h2><span style=\"font-size: 14pt; color: #000000;\"><strong>Nutre tu cabello de forma natural<\/strong><\/span><\/h2>\n<p><span style=\"font-size: 14pt; color: #000000;\">Los ingredientes bot\u00e1nicos de nuestro champ\u00fa nutren en profundidad el cuero cabelludo y el cabello, equilibran la grasa, reparan el cabello da\u00f1ado y mejoran el aspecto del cabello encrespado.<\/span><\/p>\n<p><img loading=\"lazy\" decoding=\"async\" class=\"aligncenter wp-image-22956\" src=\"http:\/\/shopvalley.fr\/wp-content\/uploads\/2023\/10\/61j4S2RZFwL._AC_SL1000_.jpg\" alt=\"\" width=\"483\" height=\"466\" srcset=\"https:\/\/shopvalley.fr\/wp-content\/uploads\/2023\/10\/61j4S2RZFwL._AC_SL1000_.jpg 1000w, https:\/\/shopvalley.fr\/wp-content\/uploads\/2023\/10\/61j4S2RZFwL._AC_SL1000_-150x145.jpg 150w, https:\/\/shopvalley.fr\/wp-content\/uploads\/2023\/10\/61j4S2RZFwL._AC_SL1000_-700x675.jpg 700w, https:\/\/shopvalley.fr\/wp-content\/uploads\/2023\/10\/61j4S2RZFwL._AC_SL1000_-311x300.jpg 311w, https:\/\/shopvalley.fr\/wp-content\/uploads\/2023\/10\/61j4S2RZFwL._AC_SL1000_-830x800.jpg 830w, https:\/\/shopvalley.fr\/wp-content\/uploads\/2023\/10\/61j4S2RZFwL._AC_SL1000_-768x740.jpg 768w\" sizes=\"auto, (max-width: 483px) 100vw, 483px\" \/><\/p>\n<h2><span style=\"font-size: 14pt; color: #000000;\"><strong>Reaviva el color natural de tu cabello<\/strong><\/span><\/h2>\n<p><span style=\"font-size: 14pt; color: #000000;\">Nuestro champ\u00fa s\u00f3lido est\u00e1 dise\u00f1ado para reavivar el color natural de tu cabello, transform\u00e1ndolo suavemente de gris a negro. Aumenta la vitalidad de tu cabello y le devuelve su brillo natural. <\/span><\/p>\n<p><img loading=\"lazy\" decoding=\"async\" class=\"aligncenter wp-image-22953\" src=\"http:\/\/shopvalley.fr\/wp-content\/uploads\/2023\/10\/615328knRGL._AC_SL1000_.jpg\" alt=\"\" width=\"464\" height=\"464\" srcset=\"https:\/\/shopvalley.fr\/wp-content\/uploads\/2023\/10\/615328knRGL._AC_SL1000_.jpg 1000w, https:\/\/shopvalley.fr\/wp-content\/uploads\/2023\/10\/615328knRGL._AC_SL1000_-430x430.jpg 430w, https:\/\/shopvalley.fr\/wp-content\/uploads\/2023\/10\/615328knRGL._AC_SL1000_-150x150.jpg 150w, https:\/\/shopvalley.fr\/wp-content\/uploads\/2023\/10\/615328knRGL._AC_SL1000_-700x700.jpg 700w, https:\/\/shopvalley.fr\/wp-content\/uploads\/2023\/10\/615328knRGL._AC_SL1000_-300x300.jpg 300w, https:\/\/shopvalley.fr\/wp-content\/uploads\/2023\/10\/615328knRGL._AC_SL1000_-800x800.jpg 800w, https:\/\/shopvalley.fr\/wp-content\/uploads\/2023\/10\/615328knRGL._AC_SL1000_-768x768.jpg 768w, https:\/\/shopvalley.fr\/wp-content\/uploads\/2023\/10\/615328knRGL._AC_SL1000_-860x860.jpg 860w\" sizes=\"auto, (max-width: 464px) 100vw, 464px\" \/><\/p>\n<p><span style=\"font-size: 14pt; color: #000000;\">Dale a tu pelo un nuevo soplo de vida con nuestro champ\u00fa. Adecuado para cabellos grises, prematuramente grises, secos, da\u00f1ados y encrespados, es la soluci\u00f3n completa para un cabello sano. <\/span><\/p>\n","protected":false},"excerpt":{"rendered":"<p><span style=\"font-size: 14pt; color: #000000;\">Dale una nueva vida a tu cabello con nuestro champ\u00fa s\u00f3lido antiblanqueces<\/span><\/p>\n","protected":false},"featured_media":38365,"comment_status":"closed","ping_status":"closed","template":"","meta":[],"product_brand":[],"product_cat":[1006,1085],"product_tag":[990],"class_list":{"0":"post-41062","1":"product","2":"type-product","3":"status-publish","4":"has-post-thumbnail","6":"product_cat-salud-e-higiene","7":"product_cat-shopping_es-es","8":"product_tag-noflash-es","10":"first","11":"instock","12":"sale","13":"taxable","14":"shipping-taxable","15":"purchasable","16":"product-type-simple"},"yoast_head":"<!-- This site is optimized with the Yoast SEO plugin v27.4 - https:\/\/yoast.com\/product\/yoast-seo-wordpress\/ -->\n<title>- Champ\u00fa Antipelo Blanco ShopValley<\/title>\n<meta name=\"description\" content=\"Nuestro champ\u00fa antipelo blanco te ofrece una soluci\u00f3n duradera para restaurar tu pelo natural. Pru\u00e9balo\" \/>\n<meta name=\"robots\" content=\"index, follow, max-snippet:-1, max-image-preview:large, max-video-preview:-1\" \/>\n<link rel=\"canonical\" href=\"https:\/\/shopvalley.fr\/es\/produit\/champu-antipelo-blanco\/\" \/>\n<meta property=\"og:locale\" content=\"es_ES\" \/>\n<meta property=\"og:type\" content=\"article\" \/>\n<meta property=\"og:title\" content=\"- Champ\u00fa Antipelo Blanco ShopValley\" \/>\n<meta property=\"og:description\" content=\"Nuestro champ\u00fa antipelo blanco te ofrece una soluci\u00f3n duradera para restaurar tu pelo natural. Pru\u00e9balo\" \/>\n<meta property=\"og:url\" content=\"https:\/\/shopvalley.fr\/es\/produit\/champu-antipelo-blanco\/\" \/>\n<meta property=\"og:site_name\" content=\"ShopValley\" \/>\n<meta property=\"article:modified_time\" content=\"2025-11-18T19:55:35+00:00\" \/>\n<meta property=\"og:image\" content=\"http:\/\/shopvalley.fr\/wp-content\/uploads\/2023\/10\/7s3oRegina-Shampoing-colorant-pour-cheveux-barre-de-r-paration-pour-cheveux-gris-cheveux-blancs-colorant-naturel.jpg\" \/>\n\t<meta property=\"og:image:width\" content=\"868\" \/>\n\t<meta property=\"og:image:height\" content=\"770\" \/>\n\t<meta property=\"og:image:type\" content=\"image\/jpeg\" \/>\n<script type=\"application\/ld+json\" class=\"yoast-schema-graph\">{\"@context\":\"https:\\\/\\\/schema.org\",\"@graph\":[{\"@type\":\"WebPage\",\"@id\":\"https:\\\/\\\/shopvalley.fr\\\/es\\\/produit\\\/champu-antipelo-blanco\\\/\",\"url\":\"https:\\\/\\\/shopvalley.fr\\\/es\\\/produit\\\/champu-antipelo-blanco\\\/\",\"name\":\"- Champ\u00fa Antipelo Blanco ShopValley\",\"isPartOf\":{\"@id\":\"https:\\\/\\\/shopvalley.fr\\\/es\\\/#website\"},\"primaryImageOfPage\":{\"@id\":\"https:\\\/\\\/shopvalley.fr\\\/es\\\/produit\\\/champu-antipelo-blanco\\\/#primaryimage\"},\"image\":{\"@id\":\"https:\\\/\\\/shopvalley.fr\\\/es\\\/produit\\\/champu-antipelo-blanco\\\/#primaryimage\"},\"thumbnailUrl\":\"https:\\\/\\\/shopvalley.fr\\\/wp-content\\\/uploads\\\/2023\\\/10\\\/7s3oRegina-Shampoing-colorant-pour-cheveux-barre-de-r-paration-pour-cheveux-gris-cheveux-blancs-colorant-naturel.jpg\",\"datePublished\":\"2023-10-15T13:15:50+00:00\",\"dateModified\":\"2025-11-18T19:55:35+00:00\",\"description\":\"Nuestro champ\u00fa antipelo blanco te ofrece una soluci\u00f3n duradera para restaurar tu pelo natural. Pru\u00e9balo\",\"breadcrumb\":{\"@id\":\"https:\\\/\\\/shopvalley.fr\\\/es\\\/produit\\\/champu-antipelo-blanco\\\/#breadcrumb\"},\"inLanguage\":\"es\",\"potentialAction\":[{\"@type\":\"ReadAction\",\"target\":[\"https:\\\/\\\/shopvalley.fr\\\/es\\\/produit\\\/champu-antipelo-blanco\\\/\"]}]},{\"@type\":\"ImageObject\",\"inLanguage\":\"es\",\"@id\":\"https:\\\/\\\/shopvalley.fr\\\/es\\\/produit\\\/champu-antipelo-blanco\\\/#primaryimage\",\"url\":\"https:\\\/\\\/shopvalley.fr\\\/wp-content\\\/uploads\\\/2023\\\/10\\\/7s3oRegina-Shampoing-colorant-pour-cheveux-barre-de-r-paration-pour-cheveux-gris-cheveux-blancs-colorant-naturel.jpg\",\"contentUrl\":\"https:\\\/\\\/shopvalley.fr\\\/wp-content\\\/uploads\\\/2023\\\/10\\\/7s3oRegina-Shampoing-colorant-pour-cheveux-barre-de-r-paration-pour-cheveux-gris-cheveux-blancs-colorant-naturel.jpg\",\"width\":868,\"height\":770},{\"@type\":\"BreadcrumbList\",\"@id\":\"https:\\\/\\\/shopvalley.fr\\\/es\\\/produit\\\/champu-antipelo-blanco\\\/#breadcrumb\",\"itemListElement\":[{\"@type\":\"ListItem\",\"position\":1,\"name\":\"Accueil\",\"item\":\"https:\\\/\\\/shopvalley.fr\\\/es\\\/\"},{\"@type\":\"ListItem\",\"position\":2,\"name\":\"Todos los productos\",\"item\":\"https:\\\/\\\/shopvalley.fr\\\/es\\\/todos-los-productos\\\/\"},{\"@type\":\"ListItem\",\"position\":3,\"name\":\"Salud e higiene\",\"item\":\"https:\\\/\\\/shopvalley.fr\\\/es\\\/categorie-produit\\\/salud-e-higiene\\\/\"},{\"@type\":\"ListItem\",\"position\":4,\"name\":\"Champ\u00fa antipelo blanco\"}]},{\"@type\":\"WebSite\",\"@id\":\"https:\\\/\\\/shopvalley.fr\\\/es\\\/#website\",\"url\":\"https:\\\/\\\/shopvalley.fr\\\/es\\\/\",\"name\":\"ShopValley\",\"description\":\"\u00a1Productos de moda a precios bajos!\",\"publisher\":{\"@id\":\"https:\\\/\\\/shopvalley.fr\\\/es\\\/#organization\"},\"potentialAction\":[{\"@type\":\"SearchAction\",\"target\":{\"@type\":\"EntryPoint\",\"urlTemplate\":\"https:\\\/\\\/shopvalley.fr\\\/es\\\/?s={search_term_string}\"},\"query-input\":{\"@type\":\"PropertyValueSpecification\",\"valueRequired\":true,\"valueName\":\"search_term_string\"}}],\"inLanguage\":\"es\"},{\"@type\":\"Organization\",\"@id\":\"https:\\\/\\\/shopvalley.fr\\\/es\\\/#organization\",\"name\":\"Shopvalley\",\"url\":\"https:\\\/\\\/shopvalley.fr\\\/es\\\/\",\"logo\":{\"@type\":\"ImageObject\",\"inLanguage\":\"es\",\"@id\":\"https:\\\/\\\/shopvalley.fr\\\/es\\\/#\\\/schema\\\/logo\\\/image\\\/\",\"url\":\"https:\\\/\\\/shopvalley.fr\\\/wp-content\\\/uploads\\\/2023\\\/11\\\/cropped-Copie-de-Logo-ShopValley-500-x-500-px-1.png\",\"contentUrl\":\"https:\\\/\\\/shopvalley.fr\\\/wp-content\\\/uploads\\\/2023\\\/11\\\/cropped-Copie-de-Logo-ShopValley-500-x-500-px-1.png\",\"width\":512,\"height\":512,\"caption\":\"Shopvalley\"},\"image\":{\"@id\":\"https:\\\/\\\/shopvalley.fr\\\/es\\\/#\\\/schema\\\/logo\\\/image\\\/\"}}]}<\/script>\n<!-- \/ Yoast SEO plugin. -->","yoast_head_json":{"title":"- Champ\u00fa Antipelo Blanco ShopValley","description":"Nuestro champ\u00fa antipelo blanco te ofrece una soluci\u00f3n duradera para restaurar tu pelo natural. Pru\u00e9balo","robots":{"index":"index","follow":"follow","max-snippet":"max-snippet:-1","max-image-preview":"max-image-preview:large","max-video-preview":"max-video-preview:-1"},"canonical":"https:\/\/shopvalley.fr\/es\/produit\/champu-antipelo-blanco\/","og_locale":"es_ES","og_type":"article","og_title":"- Champ\u00fa Antipelo Blanco ShopValley","og_description":"Nuestro champ\u00fa antipelo blanco te ofrece una soluci\u00f3n duradera para restaurar tu pelo natural. Pru\u00e9balo","og_url":"https:\/\/shopvalley.fr\/es\/produit\/champu-antipelo-blanco\/","og_site_name":"ShopValley","article_modified_time":"2025-11-18T19:55:35+00:00","og_image":[{"width":868,"height":770,"url":"http:\/\/shopvalley.fr\/wp-content\/uploads\/2023\/10\/7s3oRegina-Shampoing-colorant-pour-cheveux-barre-de-r-paration-pour-cheveux-gris-cheveux-blancs-colorant-naturel.jpg","type":"image\/jpeg"}],"schema":{"@context":"https:\/\/schema.org","@graph":[{"@type":"WebPage","@id":"https:\/\/shopvalley.fr\/es\/produit\/champu-antipelo-blanco\/","url":"https:\/\/shopvalley.fr\/es\/produit\/champu-antipelo-blanco\/","name":"- Champ\u00fa Antipelo Blanco ShopValley","isPartOf":{"@id":"https:\/\/shopvalley.fr\/es\/#website"},"primaryImageOfPage":{"@id":"https:\/\/shopvalley.fr\/es\/produit\/champu-antipelo-blanco\/#primaryimage"},"image":{"@id":"https:\/\/shopvalley.fr\/es\/produit\/champu-antipelo-blanco\/#primaryimage"},"thumbnailUrl":"https:\/\/shopvalley.fr\/wp-content\/uploads\/2023\/10\/7s3oRegina-Shampoing-colorant-pour-cheveux-barre-de-r-paration-pour-cheveux-gris-cheveux-blancs-colorant-naturel.jpg","datePublished":"2023-10-15T13:15:50+00:00","dateModified":"2025-11-18T19:55:35+00:00","description":"Nuestro champ\u00fa antipelo blanco te ofrece una soluci\u00f3n duradera para restaurar tu pelo natural. Pru\u00e9balo","breadcrumb":{"@id":"https:\/\/shopvalley.fr\/es\/produit\/champu-antipelo-blanco\/#breadcrumb"},"inLanguage":"es","potentialAction":[{"@type":"ReadAction","target":["https:\/\/shopvalley.fr\/es\/produit\/champu-antipelo-blanco\/"]}]},{"@type":"ImageObject","inLanguage":"es","@id":"https:\/\/shopvalley.fr\/es\/produit\/champu-antipelo-blanco\/#primaryimage","url":"https:\/\/shopvalley.fr\/wp-content\/uploads\/2023\/10\/7s3oRegina-Shampoing-colorant-pour-cheveux-barre-de-r-paration-pour-cheveux-gris-cheveux-blancs-colorant-naturel.jpg","contentUrl":"https:\/\/shopvalley.fr\/wp-content\/uploads\/2023\/10\/7s3oRegina-Shampoing-colorant-pour-cheveux-barre-de-r-paration-pour-cheveux-gris-cheveux-blancs-colorant-naturel.jpg","width":868,"height":770},{"@type":"BreadcrumbList","@id":"https:\/\/shopvalley.fr\/es\/produit\/champu-antipelo-blanco\/#breadcrumb","itemListElement":[{"@type":"ListItem","position":1,"name":"Accueil","item":"https:\/\/shopvalley.fr\/es\/"},{"@type":"ListItem","position":2,"name":"Todos los productos","item":"https:\/\/shopvalley.fr\/es\/todos-los-productos\/"},{"@type":"ListItem","position":3,"name":"Salud e higiene","item":"https:\/\/shopvalley.fr\/es\/categorie-produit\/salud-e-higiene\/"},{"@type":"ListItem","position":4,"name":"Champ\u00fa antipelo blanco"}]},{"@type":"WebSite","@id":"https:\/\/shopvalley.fr\/es\/#website","url":"https:\/\/shopvalley.fr\/es\/","name":"ShopValley","description":"\u00a1Productos de moda a precios bajos!","publisher":{"@id":"https:\/\/shopvalley.fr\/es\/#organization"},"potentialAction":[{"@type":"SearchAction","target":{"@type":"EntryPoint","urlTemplate":"https:\/\/shopvalley.fr\/es\/?s={search_term_string}"},"query-input":{"@type":"PropertyValueSpecification","valueRequired":true,"valueName":"search_term_string"}}],"inLanguage":"es"},{"@type":"Organization","@id":"https:\/\/shopvalley.fr\/es\/#organization","name":"Shopvalley","url":"https:\/\/shopvalley.fr\/es\/","logo":{"@type":"ImageObject","inLanguage":"es","@id":"https:\/\/shopvalley.fr\/es\/#\/schema\/logo\/image\/","url":"https:\/\/shopvalley.fr\/wp-content\/uploads\/2023\/11\/cropped-Copie-de-Logo-ShopValley-500-x-500-px-1.png","contentUrl":"https:\/\/shopvalley.fr\/wp-content\/uploads\/2023\/11\/cropped-Copie-de-Logo-ShopValley-500-x-500-px-1.png","width":512,"height":512,"caption":"Shopvalley"},"image":{"@id":"https:\/\/shopvalley.fr\/es\/#\/schema\/logo\/image\/"}}]}},"jetpack_sharing_enabled":true,"_links":{"self":[{"href":"https:\/\/shopvalley.fr\/es\/wp-json\/wp\/v2\/product\/41062","targetHints":{"allow":["GET"]}}],"collection":[{"href":"https:\/\/shopvalley.fr\/es\/wp-json\/wp\/v2\/product"}],"about":[{"href":"https:\/\/shopvalley.fr\/es\/wp-json\/wp\/v2\/types\/product"}],"replies":[{"embeddable":true,"href":"https:\/\/shopvalley.fr\/es\/wp-json\/wp\/v2\/comments?post=41062"}],"version-history":[{"count":2,"href":"https:\/\/shopvalley.fr\/es\/wp-json\/wp\/v2\/product\/41062\/revisions"}],"predecessor-version":[{"id":51566,"href":"https:\/\/shopvalley.fr\/es\/wp-json\/wp\/v2\/product\/41062\/revisions\/51566"}],"wp:featuredmedia":[{"embeddable":true,"href":"https:\/\/shopvalley.fr\/es\/wp-json\/wp\/v2\/media\/38365"}],"wp:attachment":[{"href":"https:\/\/shopvalley.fr\/es\/wp-json\/wp\/v2\/media?parent=41062"}],"wp:term":[{"taxonomy":"product_brand","embeddable":true,"href":"https:\/\/shopvalley.fr\/es\/wp-json\/wp\/v2\/product_brand?post=41062"},{"taxonomy":"product_cat","embeddable":true,"href":"https:\/\/shopvalley.fr\/es\/wp-json\/wp\/v2\/product_cat?post=41062"},{"taxonomy":"product_tag","embeddable":true,"href":"https:\/\/shopvalley.fr\/es\/wp-json\/wp\/v2\/product_tag?post=41062"}],"curies":[{"name":"wp","href":"https:\/\/api.w.org\/{rel}","templated":true}]}}