{"id":41056,"date":"2023-11-10T21:33:08","date_gmt":"2023-11-10T20:33:08","guid":{"rendered":"https:\/\/shopvalley.fr\/produit\/mochila-multifuncion-impermeable\/"},"modified":"2025-11-18T20:56:14","modified_gmt":"2025-11-18T19:56:14","slug":"mochila-multifuncion-impermeable","status":"publish","type":"product","link":"https:\/\/shopvalley.fr\/es\/produit\/mochila-multifuncion-impermeable\/","title":{"rendered":"Mochila multifunci\u00f3n impermeable"},"content":{"rendered":"<h5><span style=\"font-size: 14pt; color: #000000;\"><strong>Explora el mundo con seguridad con nuestra mochila impermeable antirrobo<\/strong><\/span><\/h5>\n<p><span style=\"font-size: 14pt; color: #000000;\">Descubre la compa\u00f1era de viaje definitiva, una mochila con caracter\u00edsticas excepcionales.<\/span><\/p>\n<p><a href=\"http:\/\/shopvalley.fr\/wp-content\/uploads\/2023\/11\/Sac-A-dos.gif\"><img loading=\"lazy\" decoding=\"async\" class=\"aligncenter wp-image-23612\" src=\"http:\/\/shopvalley.fr\/wp-content\/uploads\/2023\/11\/Sac-A-dos.gif\" alt=\"Mochila multifunci\u00f3n impermeable\" width=\"485\" height=\"275\" \/><\/a><\/p>\n<h5><span style=\"font-size: 14pt; color: #000000;\"><strong>Gran capacidad, dise\u00f1o compacto<\/strong><\/span><\/h5>\n<p><span style=\"font-size: 14pt; color: #000000;\">Con una altura de 42 cm, una anchura de 30 cm y un grosor de 11 cm, esta mochila ofrece una inmensa capacidad. Ideal para los viajeros que quieren llevarlo todo sin renunciar al estilo. Tiene una capacidad m\u00e1xima de 55 l <\/span><\/p>\n<p><a href=\"http:\/\/shopvalley.fr\/wp-content\/uploads\/2023\/11\/Sac_A_Dos_Antivol-5.jpeg\"><img loading=\"lazy\" decoding=\"async\" class=\"aligncenter wp-image-23584\" src=\"http:\/\/shopvalley.fr\/wp-content\/uploads\/2023\/11\/Sac_A_Dos_Antivol-5.jpeg\" alt=\"Mochila multifunci\u00f3n impermeable\" width=\"436\" height=\"436\" srcset=\"https:\/\/shopvalley.fr\/wp-content\/uploads\/2023\/11\/Sac_A_Dos_Antivol-5.jpeg 800w, https:\/\/shopvalley.fr\/wp-content\/uploads\/2023\/11\/Sac_A_Dos_Antivol-5-430x430.jpeg 430w, https:\/\/shopvalley.fr\/wp-content\/uploads\/2023\/11\/Sac_A_Dos_Antivol-5-150x150.jpeg 150w, https:\/\/shopvalley.fr\/wp-content\/uploads\/2023\/11\/Sac_A_Dos_Antivol-5-700x700.jpeg 700w, https:\/\/shopvalley.fr\/wp-content\/uploads\/2023\/11\/Sac_A_Dos_Antivol-5-300x300.jpeg 300w, https:\/\/shopvalley.fr\/wp-content\/uploads\/2023\/11\/Sac_A_Dos_Antivol-5-768x768.jpeg 768w\" sizes=\"auto, (max-width: 436px) 100vw, 436px\" \/><\/a><\/p>\n<p><a href=\"http:\/\/shopvalley.fr\/wp-content\/uploads\/2023\/11\/Sac_A_Dos_Antivol-20.jpg\"><img loading=\"lazy\" decoding=\"async\" class=\"aligncenter wp-image-23604\" src=\"http:\/\/shopvalley.fr\/wp-content\/uploads\/2023\/11\/Sac_A_Dos_Antivol-20.jpg\" alt=\"Mochila multifunci\u00f3n impermeable\" width=\"402\" height=\"521\" srcset=\"https:\/\/shopvalley.fr\/wp-content\/uploads\/2023\/11\/Sac_A_Dos_Antivol-20.jpg 750w, https:\/\/shopvalley.fr\/wp-content\/uploads\/2023\/11\/Sac_A_Dos_Antivol-20-150x194.jpg 150w, https:\/\/shopvalley.fr\/wp-content\/uploads\/2023\/11\/Sac_A_Dos_Antivol-20-700x907.jpg 700w, https:\/\/shopvalley.fr\/wp-content\/uploads\/2023\/11\/Sac_A_Dos_Antivol-20-231x300.jpg 231w, https:\/\/shopvalley.fr\/wp-content\/uploads\/2023\/11\/Sac_A_Dos_Antivol-20-617x800.jpg 617w\" sizes=\"auto, (max-width: 402px) 100vw, 402px\" \/><\/a><\/p>\n<h5><span style=\"font-size: 14pt; color: #000000;\"><strong>La sostenibilidad redefinida<\/strong><\/span><\/h5>\n<p><span style=\"font-size: 14pt; color: #000000;\">Fabricada con poli\u00e9ster de alta calidad, esta bolsa no s\u00f3lo es impermeable, sino tambi\u00e9n ligera. El asa de lona y la cremallera personalizada garantizan una durabilidad excepcional. <\/span><\/p>\n<p><a href=\"http:\/\/shopvalley.fr\/wp-content\/uploads\/2023\/11\/Sac_A_Dos_Antivol-5-e1699650744901.webp\"><img loading=\"lazy\" decoding=\"async\" class=\"aligncenter wp-image-23587\" src=\"http:\/\/shopvalley.fr\/wp-content\/uploads\/2023\/11\/Sac_A_Dos_Antivol-5-e1699650744901.webp\" alt=\"Mochila multifunci\u00f3n impermeable\" width=\"310\" height=\"436\" srcset=\"https:\/\/shopvalley.fr\/wp-content\/uploads\/2023\/11\/Sac_A_Dos_Antivol-5-e1699650744901.webp 750w, https:\/\/shopvalley.fr\/wp-content\/uploads\/2023\/11\/Sac_A_Dos_Antivol-5-e1699650744901-150x211.webp 150w, https:\/\/shopvalley.fr\/wp-content\/uploads\/2023\/11\/Sac_A_Dos_Antivol-5-e1699650744901-700x986.webp 700w, https:\/\/shopvalley.fr\/wp-content\/uploads\/2023\/11\/Sac_A_Dos_Antivol-5-e1699650744901-213x300.webp 213w, https:\/\/shopvalley.fr\/wp-content\/uploads\/2023\/11\/Sac_A_Dos_Antivol-5-e1699650744901-568x800.webp 568w\" sizes=\"auto, (max-width: 310px) 100vw, 310px\" \/><\/a><a href=\"http:\/\/shopvalley.fr\/wp-content\/uploads\/2023\/11\/Sac_A_Dos_Antivol-7.webp\"><img loading=\"lazy\" decoding=\"async\" class=\"aligncenter wp-image-23588\" src=\"http:\/\/shopvalley.fr\/wp-content\/uploads\/2023\/11\/Sac_A_Dos_Antivol-7.webp\" alt=\"Mochila multifunci\u00f3n impermeable\" width=\"329\" height=\"475\" srcset=\"https:\/\/shopvalley.fr\/wp-content\/uploads\/2023\/11\/Sac_A_Dos_Antivol-7.webp 750w, https:\/\/shopvalley.fr\/wp-content\/uploads\/2023\/11\/Sac_A_Dos_Antivol-7-150x217.webp 150w, https:\/\/shopvalley.fr\/wp-content\/uploads\/2023\/11\/Sac_A_Dos_Antivol-7-700x1011.webp 700w, https:\/\/shopvalley.fr\/wp-content\/uploads\/2023\/11\/Sac_A_Dos_Antivol-7-208x300.webp 208w, https:\/\/shopvalley.fr\/wp-content\/uploads\/2023\/11\/Sac_A_Dos_Antivol-7-554x800.webp 554w\" sizes=\"auto, (max-width: 329px) 100vw, 329px\" \/><\/a><\/p>\n<h5><span style=\"font-size: 14pt; color: #000000;\"><strong>Tecnolog\u00eda antirrobo avanzada<\/strong><\/span><\/h5>\n<p><span style=\"font-size: 14pt; color: #000000;\">Mant\u00e9n tus pertenencias a salvo con nuestra bolsa equipada con un sistema antirrobo de alta gama. La anilla de ajuste regula la longitud de la bandolera, y el bolsillo con cremallera de la bandolera a\u00f1ade una capa adicional de seguridad. El bolsillo principal est\u00e1 oculto y se abre por detr\u00e1s, evitando que los carteristas hurguen en tu bolsa. <\/span><\/p>\n<p><a href=\"http:\/\/shopvalley.fr\/wp-content\/uploads\/2023\/11\/Sac_A_Dos_Antivol-1.webp\"><img loading=\"lazy\" decoding=\"async\" class=\"aligncenter wp-image-23609\" src=\"http:\/\/shopvalley.fr\/wp-content\/uploads\/2023\/11\/Sac_A_Dos_Antivol-1.webp\" alt=\"\" width=\"360\" height=\"343\" srcset=\"https:\/\/shopvalley.fr\/wp-content\/uploads\/2023\/11\/Sac_A_Dos_Antivol-1.webp 750w, https:\/\/shopvalley.fr\/wp-content\/uploads\/2023\/11\/Sac_A_Dos_Antivol-1-150x143.webp 150w, https:\/\/shopvalley.fr\/wp-content\/uploads\/2023\/11\/Sac_A_Dos_Antivol-1-700x667.webp 700w, https:\/\/shopvalley.fr\/wp-content\/uploads\/2023\/11\/Sac_A_Dos_Antivol-1-315x300.webp 315w\" sizes=\"auto, (max-width: 360px) 100vw, 360px\" \/><\/a><\/p>\n<h5><span style=\"font-size: 14pt; color: #000000;\"><strong>Carga en movimiento<\/strong><\/span><\/h5>\n<p><span style=\"font-size: 14pt; color: #000000;\">La interfaz USB integrada facilita la carga de tus dispositivos electr\u00f3nicos mientras te desplazas. Una pr\u00e1ctica innovaci\u00f3n para estar conectado en todo momento. <\/span><\/p>\n<p><a href=\"http:\/\/shopvalley.fr\/wp-content\/uploads\/2023\/11\/Sac_A_Dos_Antivol-8.jpg\"><img loading=\"lazy\" decoding=\"async\" class=\"aligncenter wp-image-23589\" src=\"http:\/\/shopvalley.fr\/wp-content\/uploads\/2023\/11\/Sac_A_Dos_Antivol-8.jpg\" alt=\"\" width=\"353\" height=\"407\" srcset=\"https:\/\/shopvalley.fr\/wp-content\/uploads\/2023\/11\/Sac_A_Dos_Antivol-8.jpg 750w, https:\/\/shopvalley.fr\/wp-content\/uploads\/2023\/11\/Sac_A_Dos_Antivol-8-150x173.jpg 150w, https:\/\/shopvalley.fr\/wp-content\/uploads\/2023\/11\/Sac_A_Dos_Antivol-8-700x807.jpg 700w, https:\/\/shopvalley.fr\/wp-content\/uploads\/2023\/11\/Sac_A_Dos_Antivol-8-260x300.jpg 260w, https:\/\/shopvalley.fr\/wp-content\/uploads\/2023\/11\/Sac_A_Dos_Antivol-8-694x800.jpg 694w\" sizes=\"auto, (max-width: 353px) 100vw, 353px\" \/><\/a><\/p>\n<h5><span style=\"font-size: 14pt; color: #000000;\"><strong>Organizaci\u00f3n Sin Compromiso<\/strong><\/span><\/h5>\n<p><span style=\"font-size: 14pt; color: #000000;\">Con 14 bolsillos en total, esta bolsa tiene espacio para todo: port\u00e1til, tableta, tel\u00e9fono, bol\u00edgrafos, llaves, libros, ropa, botella y mucho m\u00e1s. <strong>Mantente organizado<\/strong> en cualquier situaci\u00f3n.<\/span><\/p>\n<p><a href=\"http:\/\/shopvalley.fr\/wp-content\/uploads\/2023\/11\/Sac_A_Dos_Antivol-27.jpg\"><img loading=\"lazy\" decoding=\"async\" class=\"aligncenter wp-image-23611\" src=\"http:\/\/shopvalley.fr\/wp-content\/uploads\/2023\/11\/Sac_A_Dos_Antivol-27.jpg\" alt=\"\" width=\"373\" height=\"618\" srcset=\"https:\/\/shopvalley.fr\/wp-content\/uploads\/2023\/11\/Sac_A_Dos_Antivol-27.jpg 749w, https:\/\/shopvalley.fr\/wp-content\/uploads\/2023\/11\/Sac_A_Dos_Antivol-27-150x248.jpg 150w, https:\/\/shopvalley.fr\/wp-content\/uploads\/2023\/11\/Sac_A_Dos_Antivol-27-700x1159.jpg 700w, https:\/\/shopvalley.fr\/wp-content\/uploads\/2023\/11\/Sac_A_Dos_Antivol-27-181x300.jpg 181w, https:\/\/shopvalley.fr\/wp-content\/uploads\/2023\/11\/Sac_A_Dos_Antivol-27-483x800.jpg 483w\" sizes=\"auto, (max-width: 373px) 100vw, 373px\" \/><\/a><\/p>\n<h5><span style=\"font-size: 14pt; color: #000000;\"><strong>Confort y robustez combinados<\/strong><\/span><\/h5>\n<p><span style=\"font-size: 14pt; color: #000000;\">Disfruta de una comodidad excepcional con correas para los hombros resistentes y acolchadas, y un dise\u00f1o ergon\u00f3mico y transpirable. Dise\u00f1ada para ser robusta con pol\u00edmeros resistentes a los ara\u00f1azos, esta bolsa garantiza una agradable experiencia de transporte incluso con una carga pesada. <\/span><\/p>\n<p><a href=\"http:\/\/shopvalley.fr\/wp-content\/uploads\/2023\/11\/Sac_A_Dos_Antivol-5.png\"><img loading=\"lazy\" decoding=\"async\" class=\"aligncenter wp-image-23585\" src=\"http:\/\/shopvalley.fr\/wp-content\/uploads\/2023\/11\/Sac_A_Dos_Antivol-5.png\" alt=\"\" width=\"410\" height=\"407\" srcset=\"https:\/\/shopvalley.fr\/wp-content\/uploads\/2023\/11\/Sac_A_Dos_Antivol-5.png 734w, https:\/\/shopvalley.fr\/wp-content\/uploads\/2023\/11\/Sac_A_Dos_Antivol-5-150x150.png 150w, https:\/\/shopvalley.fr\/wp-content\/uploads\/2023\/11\/Sac_A_Dos_Antivol-5-700x695.png 700w, https:\/\/shopvalley.fr\/wp-content\/uploads\/2023\/11\/Sac_A_Dos_Antivol-5-302x300.png 302w\" sizes=\"auto, (max-width: 410px) 100vw, 410px\" \/><\/a><\/p>\n<p><span style=\"font-size: 14pt; color: #000000;\">Consigue ahora esta mochila impermeable antirrobo para <strong>vivir una aventura sin preocupaciones<\/strong> vayas donde vayas. Impermeable, antirrobo y con una <strong>capacidad impresionante<\/strong>, es la elecci\u00f3n perfecta para los exploradores modernos. <\/span><\/p>\n","protected":false},"excerpt":{"rendered":"<p><span style=\"font-size: 14pt; color: #000000;\">Descubre el compa\u00f1ero de viaje definitivo<\/span><\/p>\n","protected":false},"featured_media":38564,"comment_status":"closed","ping_status":"closed","template":"","meta":[],"product_brand":[1139],"product_cat":[988,1085],"product_tag":[990],"class_list":{"0":"post-41056","1":"product","2":"type-product","3":"status-publish","4":"has-post-thumbnail","6":"product_brand-shopvalley","7":"product_cat-accesorios","8":"product_cat-shopping_es-es","9":"product_tag-noflash-es","11":"first","12":"instock","13":"sale","14":"taxable","15":"shipping-taxable","16":"purchasable","17":"product-type-variable","18":"has-default-attributes"},"yoast_head":"<!-- This site is optimized with the Yoast SEO plugin v27.4 - https:\/\/yoast.com\/product\/yoast-seo-wordpress\/ -->\n<title>Mochila multifunci\u00f3n impermeable - ShopValley<\/title>\n<meta name=\"description\" content=\"Explora el mundo con seguridad con nuestra mochila impermeable antirrobo. Impermeable, antirrobo y con una capacidad impresionante.\" \/>\n<meta name=\"robots\" content=\"index, follow, max-snippet:-1, max-image-preview:large, max-video-preview:-1\" \/>\n<link rel=\"canonical\" href=\"https:\/\/shopvalley.fr\/es\/produit\/mochila-multifuncion-impermeable\/\" \/>\n<meta property=\"og:locale\" content=\"es_ES\" \/>\n<meta property=\"og:type\" content=\"article\" \/>\n<meta property=\"og:title\" content=\"Mochila multifunci\u00f3n impermeable - ShopValley\" \/>\n<meta property=\"og:description\" content=\"Explora el mundo con seguridad con nuestra mochila impermeable antirrobo. Impermeable, antirrobo y con una capacidad impresionante.\" \/>\n<meta property=\"og:url\" content=\"https:\/\/shopvalley.fr\/es\/produit\/mochila-multifuncion-impermeable\/\" \/>\n<meta property=\"og:site_name\" content=\"ShopValley\" \/>\n<meta property=\"article:modified_time\" content=\"2025-11-18T19:56:14+00:00\" \/>\n<meta property=\"og:image\" content=\"http:\/\/shopvalley.fr\/wp-content\/uploads\/2023\/11\/Sac_A_Dos_Antivol-11-e1699651452743.png\" \/>\n\t<meta property=\"og:image:width\" content=\"579\" \/>\n\t<meta property=\"og:image:height\" content=\"579\" \/>\n\t<meta property=\"og:image:type\" content=\"image\/png\" \/>\n<script type=\"application\/ld+json\" class=\"yoast-schema-graph\">{\"@context\":\"https:\\\/\\\/schema.org\",\"@graph\":[{\"@type\":\"WebPage\",\"@id\":\"https:\\\/\\\/shopvalley.fr\\\/es\\\/produit\\\/mochila-multifuncion-impermeable\\\/\",\"url\":\"https:\\\/\\\/shopvalley.fr\\\/es\\\/produit\\\/mochila-multifuncion-impermeable\\\/\",\"name\":\"Mochila multifunci\u00f3n impermeable - ShopValley\",\"isPartOf\":{\"@id\":\"https:\\\/\\\/shopvalley.fr\\\/es\\\/#website\"},\"primaryImageOfPage\":{\"@id\":\"https:\\\/\\\/shopvalley.fr\\\/es\\\/produit\\\/mochila-multifuncion-impermeable\\\/#primaryimage\"},\"image\":{\"@id\":\"https:\\\/\\\/shopvalley.fr\\\/es\\\/produit\\\/mochila-multifuncion-impermeable\\\/#primaryimage\"},\"thumbnailUrl\":\"https:\\\/\\\/shopvalley.fr\\\/wp-content\\\/uploads\\\/2023\\\/11\\\/Sac_A_Dos_Antivol-11-e1699651452743.png\",\"datePublished\":\"2023-11-10T20:33:08+00:00\",\"dateModified\":\"2025-11-18T19:56:14+00:00\",\"description\":\"Explora el mundo con seguridad con nuestra mochila impermeable antirrobo. Impermeable, antirrobo y con una capacidad impresionante.\",\"breadcrumb\":{\"@id\":\"https:\\\/\\\/shopvalley.fr\\\/es\\\/produit\\\/mochila-multifuncion-impermeable\\\/#breadcrumb\"},\"inLanguage\":\"es\",\"potentialAction\":[{\"@type\":\"ReadAction\",\"target\":[\"https:\\\/\\\/shopvalley.fr\\\/es\\\/produit\\\/mochila-multifuncion-impermeable\\\/\"]}]},{\"@type\":\"ImageObject\",\"inLanguage\":\"es\",\"@id\":\"https:\\\/\\\/shopvalley.fr\\\/es\\\/produit\\\/mochila-multifuncion-impermeable\\\/#primaryimage\",\"url\":\"https:\\\/\\\/shopvalley.fr\\\/wp-content\\\/uploads\\\/2023\\\/11\\\/Sac_A_Dos_Antivol-11-e1699651452743.png\",\"contentUrl\":\"https:\\\/\\\/shopvalley.fr\\\/wp-content\\\/uploads\\\/2023\\\/11\\\/Sac_A_Dos_Antivol-11-e1699651452743.png\",\"width\":579,\"height\":579},{\"@type\":\"BreadcrumbList\",\"@id\":\"https:\\\/\\\/shopvalley.fr\\\/es\\\/produit\\\/mochila-multifuncion-impermeable\\\/#breadcrumb\",\"itemListElement\":[{\"@type\":\"ListItem\",\"position\":1,\"name\":\"Accueil\",\"item\":\"https:\\\/\\\/shopvalley.fr\\\/es\\\/\"},{\"@type\":\"ListItem\",\"position\":2,\"name\":\"Todos los productos\",\"item\":\"https:\\\/\\\/shopvalley.fr\\\/es\\\/todos-los-productos\\\/\"},{\"@type\":\"ListItem\",\"position\":3,\"name\":\"Accessoires\",\"item\":\"https:\\\/\\\/shopvalley.fr\\\/categorie-produit\\\/accessoires\\\/\"},{\"@type\":\"ListItem\",\"position\":4,\"name\":\"Mochila multifunci\u00f3n impermeable\"}]},{\"@type\":\"WebSite\",\"@id\":\"https:\\\/\\\/shopvalley.fr\\\/es\\\/#website\",\"url\":\"https:\\\/\\\/shopvalley.fr\\\/es\\\/\",\"name\":\"ShopValley\",\"description\":\"\u00a1Productos de moda a precios bajos!\",\"publisher\":{\"@id\":\"https:\\\/\\\/shopvalley.fr\\\/es\\\/#organization\"},\"potentialAction\":[{\"@type\":\"SearchAction\",\"target\":{\"@type\":\"EntryPoint\",\"urlTemplate\":\"https:\\\/\\\/shopvalley.fr\\\/es\\\/?s={search_term_string}\"},\"query-input\":{\"@type\":\"PropertyValueSpecification\",\"valueRequired\":true,\"valueName\":\"search_term_string\"}}],\"inLanguage\":\"es\"},{\"@type\":\"Organization\",\"@id\":\"https:\\\/\\\/shopvalley.fr\\\/es\\\/#organization\",\"name\":\"Shopvalley\",\"url\":\"https:\\\/\\\/shopvalley.fr\\\/es\\\/\",\"logo\":{\"@type\":\"ImageObject\",\"inLanguage\":\"es\",\"@id\":\"https:\\\/\\\/shopvalley.fr\\\/es\\\/#\\\/schema\\\/logo\\\/image\\\/\",\"url\":\"https:\\\/\\\/shopvalley.fr\\\/wp-content\\\/uploads\\\/2023\\\/11\\\/cropped-Copie-de-Logo-ShopValley-500-x-500-px-1.png\",\"contentUrl\":\"https:\\\/\\\/shopvalley.fr\\\/wp-content\\\/uploads\\\/2023\\\/11\\\/cropped-Copie-de-Logo-ShopValley-500-x-500-px-1.png\",\"width\":512,\"height\":512,\"caption\":\"Shopvalley\"},\"image\":{\"@id\":\"https:\\\/\\\/shopvalley.fr\\\/es\\\/#\\\/schema\\\/logo\\\/image\\\/\"}}]}<\/script>\n<!-- \/ Yoast SEO plugin. -->","yoast_head_json":{"title":"Mochila multifunci\u00f3n impermeable - ShopValley","description":"Explora el mundo con seguridad con nuestra mochila impermeable antirrobo. Impermeable, antirrobo y con una capacidad impresionante.","robots":{"index":"index","follow":"follow","max-snippet":"max-snippet:-1","max-image-preview":"max-image-preview:large","max-video-preview":"max-video-preview:-1"},"canonical":"https:\/\/shopvalley.fr\/es\/produit\/mochila-multifuncion-impermeable\/","og_locale":"es_ES","og_type":"article","og_title":"Mochila multifunci\u00f3n impermeable - ShopValley","og_description":"Explora el mundo con seguridad con nuestra mochila impermeable antirrobo. Impermeable, antirrobo y con una capacidad impresionante.","og_url":"https:\/\/shopvalley.fr\/es\/produit\/mochila-multifuncion-impermeable\/","og_site_name":"ShopValley","article_modified_time":"2025-11-18T19:56:14+00:00","og_image":[{"width":579,"height":579,"url":"http:\/\/shopvalley.fr\/wp-content\/uploads\/2023\/11\/Sac_A_Dos_Antivol-11-e1699651452743.png","type":"image\/png"}],"schema":{"@context":"https:\/\/schema.org","@graph":[{"@type":"WebPage","@id":"https:\/\/shopvalley.fr\/es\/produit\/mochila-multifuncion-impermeable\/","url":"https:\/\/shopvalley.fr\/es\/produit\/mochila-multifuncion-impermeable\/","name":"Mochila multifunci\u00f3n impermeable - ShopValley","isPartOf":{"@id":"https:\/\/shopvalley.fr\/es\/#website"},"primaryImageOfPage":{"@id":"https:\/\/shopvalley.fr\/es\/produit\/mochila-multifuncion-impermeable\/#primaryimage"},"image":{"@id":"https:\/\/shopvalley.fr\/es\/produit\/mochila-multifuncion-impermeable\/#primaryimage"},"thumbnailUrl":"https:\/\/shopvalley.fr\/wp-content\/uploads\/2023\/11\/Sac_A_Dos_Antivol-11-e1699651452743.png","datePublished":"2023-11-10T20:33:08+00:00","dateModified":"2025-11-18T19:56:14+00:00","description":"Explora el mundo con seguridad con nuestra mochila impermeable antirrobo. Impermeable, antirrobo y con una capacidad impresionante.","breadcrumb":{"@id":"https:\/\/shopvalley.fr\/es\/produit\/mochila-multifuncion-impermeable\/#breadcrumb"},"inLanguage":"es","potentialAction":[{"@type":"ReadAction","target":["https:\/\/shopvalley.fr\/es\/produit\/mochila-multifuncion-impermeable\/"]}]},{"@type":"ImageObject","inLanguage":"es","@id":"https:\/\/shopvalley.fr\/es\/produit\/mochila-multifuncion-impermeable\/#primaryimage","url":"https:\/\/shopvalley.fr\/wp-content\/uploads\/2023\/11\/Sac_A_Dos_Antivol-11-e1699651452743.png","contentUrl":"https:\/\/shopvalley.fr\/wp-content\/uploads\/2023\/11\/Sac_A_Dos_Antivol-11-e1699651452743.png","width":579,"height":579},{"@type":"BreadcrumbList","@id":"https:\/\/shopvalley.fr\/es\/produit\/mochila-multifuncion-impermeable\/#breadcrumb","itemListElement":[{"@type":"ListItem","position":1,"name":"Accueil","item":"https:\/\/shopvalley.fr\/es\/"},{"@type":"ListItem","position":2,"name":"Todos los productos","item":"https:\/\/shopvalley.fr\/es\/todos-los-productos\/"},{"@type":"ListItem","position":3,"name":"Accessoires","item":"https:\/\/shopvalley.fr\/categorie-produit\/accessoires\/"},{"@type":"ListItem","position":4,"name":"Mochila multifunci\u00f3n impermeable"}]},{"@type":"WebSite","@id":"https:\/\/shopvalley.fr\/es\/#website","url":"https:\/\/shopvalley.fr\/es\/","name":"ShopValley","description":"\u00a1Productos de moda a precios bajos!","publisher":{"@id":"https:\/\/shopvalley.fr\/es\/#organization"},"potentialAction":[{"@type":"SearchAction","target":{"@type":"EntryPoint","urlTemplate":"https:\/\/shopvalley.fr\/es\/?s={search_term_string}"},"query-input":{"@type":"PropertyValueSpecification","valueRequired":true,"valueName":"search_term_string"}}],"inLanguage":"es"},{"@type":"Organization","@id":"https:\/\/shopvalley.fr\/es\/#organization","name":"Shopvalley","url":"https:\/\/shopvalley.fr\/es\/","logo":{"@type":"ImageObject","inLanguage":"es","@id":"https:\/\/shopvalley.fr\/es\/#\/schema\/logo\/image\/","url":"https:\/\/shopvalley.fr\/wp-content\/uploads\/2023\/11\/cropped-Copie-de-Logo-ShopValley-500-x-500-px-1.png","contentUrl":"https:\/\/shopvalley.fr\/wp-content\/uploads\/2023\/11\/cropped-Copie-de-Logo-ShopValley-500-x-500-px-1.png","width":512,"height":512,"caption":"Shopvalley"},"image":{"@id":"https:\/\/shopvalley.fr\/es\/#\/schema\/logo\/image\/"}}]}},"jetpack_sharing_enabled":true,"_links":{"self":[{"href":"https:\/\/shopvalley.fr\/es\/wp-json\/wp\/v2\/product\/41056","targetHints":{"allow":["GET"]}}],"collection":[{"href":"https:\/\/shopvalley.fr\/es\/wp-json\/wp\/v2\/product"}],"about":[{"href":"https:\/\/shopvalley.fr\/es\/wp-json\/wp\/v2\/types\/product"}],"replies":[{"embeddable":true,"href":"https:\/\/shopvalley.fr\/es\/wp-json\/wp\/v2\/comments?post=41056"}],"version-history":[{"count":2,"href":"https:\/\/shopvalley.fr\/es\/wp-json\/wp\/v2\/product\/41056\/revisions"}],"predecessor-version":[{"id":51558,"href":"https:\/\/shopvalley.fr\/es\/wp-json\/wp\/v2\/product\/41056\/revisions\/51558"}],"wp:featuredmedia":[{"embeddable":true,"href":"https:\/\/shopvalley.fr\/es\/wp-json\/wp\/v2\/media\/38564"}],"wp:attachment":[{"href":"https:\/\/shopvalley.fr\/es\/wp-json\/wp\/v2\/media?parent=41056"}],"wp:term":[{"taxonomy":"product_brand","embeddable":true,"href":"https:\/\/shopvalley.fr\/es\/wp-json\/wp\/v2\/product_brand?post=41056"},{"taxonomy":"product_cat","embeddable":true,"href":"https:\/\/shopvalley.fr\/es\/wp-json\/wp\/v2\/product_cat?post=41056"},{"taxonomy":"product_tag","embeddable":true,"href":"https:\/\/shopvalley.fr\/es\/wp-json\/wp\/v2\/product_tag?post=41056"}],"curies":[{"name":"wp","href":"https:\/\/api.w.org\/{rel}","templated":true}]}}