{"id":41043,"date":"2023-11-08T19:35:05","date_gmt":"2023-11-08T18:35:05","guid":{"rendered":"https:\/\/shopvalley.fr\/produit\/collar-de-rastreo-iluminado-para-perros\/"},"modified":"2025-11-18T20:55:51","modified_gmt":"2025-11-18T19:55:51","slug":"collar-de-rastreo-iluminado-para-perros","status":"publish","type":"product","link":"https:\/\/shopvalley.fr\/es\/produit\/collar-de-rastreo-iluminado-para-perros\/","title":{"rendered":"Collar de rastreo iluminado para perros"},"content":{"rendered":"<h5><span style=\"font-size: 14pt; color: #000000;\"><strong>Descubre nuestro collar localizador luminoso para perros<\/strong><\/span><\/h5>\n<p><span style=\"font-size: 14pt; color: #000000;\">Deambular con tu fiel compa\u00f1ero es motivo de preocupaci\u00f3n para todo due\u00f1o de perro. Nuestro collar de rastreo iluminado ofrece una soluci\u00f3n fiable e innovadora para mantener a salvo a tu perro. <\/span><\/p>\n<p><a href=\"http:\/\/shopvalley.fr\/wp-content\/uploads\/2023\/11\/Collier_Chiens_Airtag-30.jpg\"><img loading=\"lazy\" decoding=\"async\" class=\"aligncenter wp-image-23501\" src=\"http:\/\/shopvalley.fr\/wp-content\/uploads\/2023\/11\/Collier_Chiens_Airtag-30.jpg\" alt=\"Collar de rastreo iluminado para perros\" width=\"433\" height=\"433\" srcset=\"https:\/\/shopvalley.fr\/wp-content\/uploads\/2023\/11\/Collier_Chiens_Airtag-30.jpg 800w, https:\/\/shopvalley.fr\/wp-content\/uploads\/2023\/11\/Collier_Chiens_Airtag-30-430x430.jpg 430w, https:\/\/shopvalley.fr\/wp-content\/uploads\/2023\/11\/Collier_Chiens_Airtag-30-150x150.jpg 150w, https:\/\/shopvalley.fr\/wp-content\/uploads\/2023\/11\/Collier_Chiens_Airtag-30-700x700.jpg 700w, https:\/\/shopvalley.fr\/wp-content\/uploads\/2023\/11\/Collier_Chiens_Airtag-30-300x300.jpg 300w, https:\/\/shopvalley.fr\/wp-content\/uploads\/2023\/11\/Collier_Chiens_Airtag-30-768x768.jpg 768w\" sizes=\"auto, (max-width: 433px) 100vw, 433px\" \/><\/a><\/p>\n<h5><span style=\"font-size: 14pt; color: #000000;\"><strong>Encuentra a tu perro r\u00e1pidamente<\/strong><\/span><\/h5>\n<p><span style=\"font-size: 14pt; color: #000000;\">Imagina la tranquilidad de saber que puedes localizar a tu perro en instantes, est\u00e9 donde est\u00e9. Nuestro collar es compatible con Apple Airtags (no suministrado), ofreciendo un seguimiento preciso de la ubicaci\u00f3n. <\/span><\/p>\n<p><a href=\"http:\/\/shopvalley.fr\/wp-content\/uploads\/2023\/11\/Collier_Chiens_Airtag-33.jpg\"><img loading=\"lazy\" decoding=\"async\" class=\"aligncenter wp-image-23499\" src=\"http:\/\/shopvalley.fr\/wp-content\/uploads\/2023\/11\/Collier_Chiens_Airtag-33.jpg\" alt=\"Collar de rastreo iluminado para perros\" width=\"471\" height=\"471\" srcset=\"https:\/\/shopvalley.fr\/wp-content\/uploads\/2023\/11\/Collier_Chiens_Airtag-33.jpg 1500w, https:\/\/shopvalley.fr\/wp-content\/uploads\/2023\/11\/Collier_Chiens_Airtag-33-430x430.jpg 430w, https:\/\/shopvalley.fr\/wp-content\/uploads\/2023\/11\/Collier_Chiens_Airtag-33-150x150.jpg 150w, https:\/\/shopvalley.fr\/wp-content\/uploads\/2023\/11\/Collier_Chiens_Airtag-33-700x700.jpg 700w, https:\/\/shopvalley.fr\/wp-content\/uploads\/2023\/11\/Collier_Chiens_Airtag-33-300x300.jpg 300w, https:\/\/shopvalley.fr\/wp-content\/uploads\/2023\/11\/Collier_Chiens_Airtag-33-800x800.jpg 800w, https:\/\/shopvalley.fr\/wp-content\/uploads\/2023\/11\/Collier_Chiens_Airtag-33-768x768.jpg 768w, https:\/\/shopvalley.fr\/wp-content\/uploads\/2023\/11\/Collier_Chiens_Airtag-33-860x860.jpg 860w\" sizes=\"auto, (max-width: 471px) 100vw, 471px\" \/><\/a><\/p>\n<h5><span style=\"font-size: 14pt; color: #000000;\"><strong>Ajuste perfecto para todas las tallas<\/strong><\/span><\/h5>\n<p><span style=\"font-size: 14pt; color: #000000;\">Con tres tama\u00f1os diferentes, nuestro collar garantiza un ajuste perfecto para perros de todos los tama\u00f1os, desde el m\u00e1s peque\u00f1o al m\u00e1s grande.<\/span><\/p>\n<p><a href=\"http:\/\/shopvalley.fr\/wp-content\/uploads\/2023\/11\/Collier_Chiens_Airtag-1.webp\"><img loading=\"lazy\" decoding=\"async\" class=\"aligncenter wp-image-23495\" src=\"http:\/\/shopvalley.fr\/wp-content\/uploads\/2023\/11\/Collier_Chiens_Airtag-1.webp\" alt=\"Collar de rastreo iluminado para perros\" width=\"473\" height=\"450\" srcset=\"https:\/\/shopvalley.fr\/wp-content\/uploads\/2023\/11\/Collier_Chiens_Airtag-1.webp 800w, https:\/\/shopvalley.fr\/wp-content\/uploads\/2023\/11\/Collier_Chiens_Airtag-1-150x143.webp 150w, https:\/\/shopvalley.fr\/wp-content\/uploads\/2023\/11\/Collier_Chiens_Airtag-1-700x665.webp 700w, https:\/\/shopvalley.fr\/wp-content\/uploads\/2023\/11\/Collier_Chiens_Airtag-1-316x300.webp 316w, https:\/\/shopvalley.fr\/wp-content\/uploads\/2023\/11\/Collier_Chiens_Airtag-1-768x730.webp 768w\" sizes=\"auto, (max-width: 473px) 100vw, 473px\" \/><\/a><\/p>\n<h5><span style=\"font-size: 14pt; color: #000000;\"><strong>Recarga r\u00e1pida y duradera<\/strong><\/span><\/h5>\n<p><span style=\"font-size: 14pt; color: #000000;\">Olv\u00eddate del engorro de las pilas. Nuestro collar es recargable mediante USB-C, con una bater\u00eda de 250 mAh que dura unas impresionantes 8 horas. Rec\u00e1rgalo f\u00e1cilmente con un banco de energ\u00eda, un enchufe de pared o un ordenador. <\/span><\/p>\n<p><a href=\"http:\/\/shopvalley.fr\/wp-content\/uploads\/2023\/11\/Collier_Chiens_Airtag-6.jpg\"><img loading=\"lazy\" decoding=\"async\" class=\"aligncenter wp-image-23494\" src=\"http:\/\/shopvalley.fr\/wp-content\/uploads\/2023\/11\/Collier_Chiens_Airtag-6.jpg\" alt=\"Collar de rastreo iluminado para perros\" width=\"482\" height=\"482\" srcset=\"https:\/\/shopvalley.fr\/wp-content\/uploads\/2023\/11\/Collier_Chiens_Airtag-6.jpg 1500w, https:\/\/shopvalley.fr\/wp-content\/uploads\/2023\/11\/Collier_Chiens_Airtag-6-430x430.jpg 430w, https:\/\/shopvalley.fr\/wp-content\/uploads\/2023\/11\/Collier_Chiens_Airtag-6-150x150.jpg 150w, https:\/\/shopvalley.fr\/wp-content\/uploads\/2023\/11\/Collier_Chiens_Airtag-6-700x700.jpg 700w, https:\/\/shopvalley.fr\/wp-content\/uploads\/2023\/11\/Collier_Chiens_Airtag-6-300x300.jpg 300w, https:\/\/shopvalley.fr\/wp-content\/uploads\/2023\/11\/Collier_Chiens_Airtag-6-800x800.jpg 800w, https:\/\/shopvalley.fr\/wp-content\/uploads\/2023\/11\/Collier_Chiens_Airtag-6-768x768.jpg 768w, https:\/\/shopvalley.fr\/wp-content\/uploads\/2023\/11\/Collier_Chiens_Airtag-6-860x860.jpg 860w\" sizes=\"auto, (max-width: 482px) 100vw, 482px\" \/><\/a><\/p>\n<h5><span style=\"font-size: 14pt; color: #000000;\"><strong>Dise\u00f1ado para la aventura<\/strong><\/span><\/h5>\n<p><span style=\"font-size: 14pt; color: #000000;\">Con certificaci\u00f3n IPX7, nuestro collar es totalmente resistente al agua, lo que garantiza que tu perro permanezca protegido, incluso bajo la lluvia o en el barro.<\/span><\/p>\n<p><a href=\"http:\/\/shopvalley.fr\/wp-content\/uploads\/2023\/11\/Collier_Chiens_Airtag-32.jpg\"><img loading=\"lazy\" decoding=\"async\" class=\"aligncenter wp-image-23500\" src=\"http:\/\/shopvalley.fr\/wp-content\/uploads\/2023\/11\/Collier_Chiens_Airtag-32.jpg\" alt=\"Collar de rastreo iluminado para perros\" width=\"459\" height=\"459\" srcset=\"https:\/\/shopvalley.fr\/wp-content\/uploads\/2023\/11\/Collier_Chiens_Airtag-32.jpg 1500w, https:\/\/shopvalley.fr\/wp-content\/uploads\/2023\/11\/Collier_Chiens_Airtag-32-430x430.jpg 430w, https:\/\/shopvalley.fr\/wp-content\/uploads\/2023\/11\/Collier_Chiens_Airtag-32-150x150.jpg 150w, https:\/\/shopvalley.fr\/wp-content\/uploads\/2023\/11\/Collier_Chiens_Airtag-32-700x700.jpg 700w, https:\/\/shopvalley.fr\/wp-content\/uploads\/2023\/11\/Collier_Chiens_Airtag-32-300x300.jpg 300w, https:\/\/shopvalley.fr\/wp-content\/uploads\/2023\/11\/Collier_Chiens_Airtag-32-800x800.jpg 800w, https:\/\/shopvalley.fr\/wp-content\/uploads\/2023\/11\/Collier_Chiens_Airtag-32-768x768.jpg 768w, https:\/\/shopvalley.fr\/wp-content\/uploads\/2023\/11\/Collier_Chiens_Airtag-32-860x860.jpg 860w\" sizes=\"auto, (max-width: 459px) 100vw, 459px\" \/><\/a><\/p>\n<h5><span style=\"font-size: 14pt; color: #000000;\"><strong>Ilumina la noche<\/strong><\/span><\/h5>\n<p><span style=\"font-size: 14pt; color: #000000;\">Tu perro estar\u00e1 seguro por la noche gracias a la potente iluminaci\u00f3n LED que envuelve el collar. Elige entre tres niveles de iluminaci\u00f3n para una visibilidad \u00f3ptima. <\/span><\/p>\n<p><a href=\"http:\/\/shopvalley.fr\/wp-content\/uploads\/2023\/11\/Collier_Chiens_Airtag-34.jpg\"><img loading=\"lazy\" decoding=\"async\" class=\"aligncenter wp-image-23498\" src=\"http:\/\/shopvalley.fr\/wp-content\/uploads\/2023\/11\/Collier_Chiens_Airtag-34.jpg\" alt=\"Collar de rastreo iluminado para perros\" width=\"441\" height=\"441\" srcset=\"https:\/\/shopvalley.fr\/wp-content\/uploads\/2023\/11\/Collier_Chiens_Airtag-34.jpg 1500w, https:\/\/shopvalley.fr\/wp-content\/uploads\/2023\/11\/Collier_Chiens_Airtag-34-430x430.jpg 430w, https:\/\/shopvalley.fr\/wp-content\/uploads\/2023\/11\/Collier_Chiens_Airtag-34-150x150.jpg 150w, https:\/\/shopvalley.fr\/wp-content\/uploads\/2023\/11\/Collier_Chiens_Airtag-34-700x700.jpg 700w, https:\/\/shopvalley.fr\/wp-content\/uploads\/2023\/11\/Collier_Chiens_Airtag-34-300x300.jpg 300w, https:\/\/shopvalley.fr\/wp-content\/uploads\/2023\/11\/Collier_Chiens_Airtag-34-800x800.jpg 800w, https:\/\/shopvalley.fr\/wp-content\/uploads\/2023\/11\/Collier_Chiens_Airtag-34-768x768.jpg 768w, https:\/\/shopvalley.fr\/wp-content\/uploads\/2023\/11\/Collier_Chiens_Airtag-34-860x860.jpg 860w\" sizes=\"auto, (max-width: 441px) 100vw, 441px\" \/><\/a><\/p>\n<h5><span style=\"font-size: 14pt; color: #000000;\"><strong>Calidad y sencillez<\/strong><\/span><\/h5>\n<p><span style=\"font-size: 14pt; color: #000000;\">Fabricado con materiales de calidad, nuestro collar es robusto y est\u00e1 hecho para durar. Su exclusivo bot\u00f3n de activaci\u00f3n hace que su uso sea sencillo y sin complicaciones. <\/span><\/p>\n<p><a href=\"http:\/\/shopvalley.fr\/wp-content\/uploads\/2023\/11\/Collier_Chiens_Airtag-40.jpg\"><img loading=\"lazy\" decoding=\"async\" class=\"aligncenter wp-image-23497\" src=\"http:\/\/shopvalley.fr\/wp-content\/uploads\/2023\/11\/Collier_Chiens_Airtag-40.jpg\" alt=\"Collar de rastreo iluminado para perros\" width=\"468\" height=\"468\" srcset=\"https:\/\/shopvalley.fr\/wp-content\/uploads\/2023\/11\/Collier_Chiens_Airtag-40.jpg 1500w, https:\/\/shopvalley.fr\/wp-content\/uploads\/2023\/11\/Collier_Chiens_Airtag-40-430x430.jpg 430w, https:\/\/shopvalley.fr\/wp-content\/uploads\/2023\/11\/Collier_Chiens_Airtag-40-150x150.jpg 150w, https:\/\/shopvalley.fr\/wp-content\/uploads\/2023\/11\/Collier_Chiens_Airtag-40-700x700.jpg 700w, https:\/\/shopvalley.fr\/wp-content\/uploads\/2023\/11\/Collier_Chiens_Airtag-40-300x300.jpg 300w, https:\/\/shopvalley.fr\/wp-content\/uploads\/2023\/11\/Collier_Chiens_Airtag-40-800x800.jpg 800w, https:\/\/shopvalley.fr\/wp-content\/uploads\/2023\/11\/Collier_Chiens_Airtag-40-768x768.jpg 768w, https:\/\/shopvalley.fr\/wp-content\/uploads\/2023\/11\/Collier_Chiens_Airtag-40-860x860.jpg 860w\" sizes=\"auto, (max-width: 468px) 100vw, 468px\" \/><\/a><\/p>\n<p><span style=\"font-size: 14pt; color: #000000;\"><strong>\u00bfPor qu\u00e9 elegir nuestro collar?<\/strong><\/span><\/p>\n<ul>\n<li><span style=\"font-size: 14pt; color: #000000;\"><strong>F\u00e1cil instalaci\u00f3n<\/strong>: No necesitas ser un experto en tecnolog\u00eda, la instalaci\u00f3n es un juego de ni\u00f1os.<\/span><\/li>\n<li><span style=\"font-size: 14pt; color: #000000;\"><strong>Airtag seguro<\/strong>: Tu Airtag permanece bien sujeto, eliminando el riesgo de p\u00e9rdida.<\/span><\/li>\n<li><span style=\"font-size: 14pt; color: #000000;\"><strong>Calidad superior<\/strong>: Nos centramos en la calidad porque tu perro se merece lo mejor.<\/span><\/li>\n<li><span style=\"font-size: 14pt; color: #000000;\"><strong>Dise\u00f1o c\u00f3modo<\/strong>: Nuestro dise\u00f1o integrado no restringe la movilidad de tu perro, garantizando su comodidad.<\/span><\/li>\n<\/ul>\n","protected":false},"excerpt":{"rendered":"<p><span style=\"font-size: 14pt; color: #000000;\">Encuentra a tu perro r\u00e1pidamente<\/span><\/p>\n","protected":false},"featured_media":38520,"comment_status":"closed","ping_status":"closed","template":"","meta":[],"product_brand":[],"product_cat":[853],"product_tag":[990,1061],"class_list":{"0":"post-41043","1":"product","2":"type-product","3":"status-publish","4":"has-post-thumbnail","6":"product_cat-non-classe","7":"product_tag-noflash-es","8":"product_tag-perros","10":"first","11":"instock","12":"sale","13":"taxable","14":"shipping-taxable","15":"purchasable","16":"product-type-variable","17":"has-default-attributes"},"yoast_head":"<!-- This site is optimized with the Yoast SEO plugin v27.4 - https:\/\/yoast.com\/product\/yoast-seo-wordpress\/ -->\n<title>Collar de rastreo iluminado para perros - ShopValley<\/title>\n<meta name=\"description\" content=\"Nuestro collar de rastreo iluminado ofrece una soluci\u00f3n fiable e innovadora para mantener seguro a tu perro. Tu perro est\u00e1 seguro por la noche\" \/>\n<meta name=\"robots\" content=\"index, follow, max-snippet:-1, max-image-preview:large, max-video-preview:-1\" \/>\n<link rel=\"canonical\" href=\"https:\/\/shopvalley.fr\/es\/produit\/collar-de-rastreo-iluminado-para-perros\/\" \/>\n<meta property=\"og:locale\" content=\"es_ES\" \/>\n<meta property=\"og:type\" content=\"article\" \/>\n<meta property=\"og:title\" content=\"Collar de rastreo iluminado para perros - ShopValley\" \/>\n<meta property=\"og:description\" content=\"Nuestro collar de rastreo iluminado ofrece una soluci\u00f3n fiable e innovadora para mantener seguro a tu perro. Tu perro est\u00e1 seguro por la noche\" \/>\n<meta property=\"og:url\" content=\"https:\/\/shopvalley.fr\/es\/produit\/collar-de-rastreo-iluminado-para-perros\/\" \/>\n<meta property=\"og:site_name\" content=\"ShopValley\" \/>\n<meta property=\"article:modified_time\" content=\"2025-11-18T19:55:51+00:00\" \/>\n<meta property=\"og:image\" content=\"http:\/\/shopvalley.fr\/wp-content\/uploads\/2023\/11\/Collier_Chiens_Airtag-1111.jpg\" \/>\n\t<meta property=\"og:image:width\" content=\"1000\" \/>\n\t<meta property=\"og:image:height\" content=\"1000\" \/>\n\t<meta property=\"og:image:type\" content=\"image\/jpeg\" \/>\n<script type=\"application\/ld+json\" class=\"yoast-schema-graph\">{\"@context\":\"https:\\\/\\\/schema.org\",\"@graph\":[{\"@type\":\"WebPage\",\"@id\":\"https:\\\/\\\/shopvalley.fr\\\/es\\\/produit\\\/collar-de-rastreo-iluminado-para-perros\\\/\",\"url\":\"https:\\\/\\\/shopvalley.fr\\\/es\\\/produit\\\/collar-de-rastreo-iluminado-para-perros\\\/\",\"name\":\"Collar de rastreo iluminado para perros - ShopValley\",\"isPartOf\":{\"@id\":\"https:\\\/\\\/shopvalley.fr\\\/es\\\/#website\"},\"primaryImageOfPage\":{\"@id\":\"https:\\\/\\\/shopvalley.fr\\\/es\\\/produit\\\/collar-de-rastreo-iluminado-para-perros\\\/#primaryimage\"},\"image\":{\"@id\":\"https:\\\/\\\/shopvalley.fr\\\/es\\\/produit\\\/collar-de-rastreo-iluminado-para-perros\\\/#primaryimage\"},\"thumbnailUrl\":\"https:\\\/\\\/shopvalley.fr\\\/wp-content\\\/uploads\\\/2023\\\/11\\\/Collier_Chiens_Airtag-1111.jpg\",\"datePublished\":\"2023-11-08T18:35:05+00:00\",\"dateModified\":\"2025-11-18T19:55:51+00:00\",\"description\":\"Nuestro collar de rastreo iluminado ofrece una soluci\u00f3n fiable e innovadora para mantener seguro a tu perro. Tu perro est\u00e1 seguro por la noche\",\"breadcrumb\":{\"@id\":\"https:\\\/\\\/shopvalley.fr\\\/es\\\/produit\\\/collar-de-rastreo-iluminado-para-perros\\\/#breadcrumb\"},\"inLanguage\":\"es\",\"potentialAction\":[{\"@type\":\"ReadAction\",\"target\":[\"https:\\\/\\\/shopvalley.fr\\\/es\\\/produit\\\/collar-de-rastreo-iluminado-para-perros\\\/\"]}]},{\"@type\":\"ImageObject\",\"inLanguage\":\"es\",\"@id\":\"https:\\\/\\\/shopvalley.fr\\\/es\\\/produit\\\/collar-de-rastreo-iluminado-para-perros\\\/#primaryimage\",\"url\":\"https:\\\/\\\/shopvalley.fr\\\/wp-content\\\/uploads\\\/2023\\\/11\\\/Collier_Chiens_Airtag-1111.jpg\",\"contentUrl\":\"https:\\\/\\\/shopvalley.fr\\\/wp-content\\\/uploads\\\/2023\\\/11\\\/Collier_Chiens_Airtag-1111.jpg\",\"width\":1000,\"height\":1000},{\"@type\":\"BreadcrumbList\",\"@id\":\"https:\\\/\\\/shopvalley.fr\\\/es\\\/produit\\\/collar-de-rastreo-iluminado-para-perros\\\/#breadcrumb\",\"itemListElement\":[{\"@type\":\"ListItem\",\"position\":1,\"name\":\"Accueil\",\"item\":\"https:\\\/\\\/shopvalley.fr\\\/es\\\/\"},{\"@type\":\"ListItem\",\"position\":2,\"name\":\"Todos los productos\",\"item\":\"https:\\\/\\\/shopvalley.fr\\\/es\\\/todos-los-productos\\\/\"},{\"@type\":\"ListItem\",\"position\":3,\"name\":\"Animaux\",\"item\":\"https:\\\/\\\/shopvalley.fr\\\/categorie-produit\\\/animaux\\\/\"},{\"@type\":\"ListItem\",\"position\":4,\"name\":\"Collar de rastreo iluminado para perros\"}]},{\"@type\":\"WebSite\",\"@id\":\"https:\\\/\\\/shopvalley.fr\\\/es\\\/#website\",\"url\":\"https:\\\/\\\/shopvalley.fr\\\/es\\\/\",\"name\":\"ShopValley\",\"description\":\"\u00a1Productos de moda a precios bajos!\",\"publisher\":{\"@id\":\"https:\\\/\\\/shopvalley.fr\\\/es\\\/#organization\"},\"potentialAction\":[{\"@type\":\"SearchAction\",\"target\":{\"@type\":\"EntryPoint\",\"urlTemplate\":\"https:\\\/\\\/shopvalley.fr\\\/es\\\/?s={search_term_string}\"},\"query-input\":{\"@type\":\"PropertyValueSpecification\",\"valueRequired\":true,\"valueName\":\"search_term_string\"}}],\"inLanguage\":\"es\"},{\"@type\":\"Organization\",\"@id\":\"https:\\\/\\\/shopvalley.fr\\\/es\\\/#organization\",\"name\":\"Shopvalley\",\"url\":\"https:\\\/\\\/shopvalley.fr\\\/es\\\/\",\"logo\":{\"@type\":\"ImageObject\",\"inLanguage\":\"es\",\"@id\":\"https:\\\/\\\/shopvalley.fr\\\/es\\\/#\\\/schema\\\/logo\\\/image\\\/\",\"url\":\"https:\\\/\\\/shopvalley.fr\\\/wp-content\\\/uploads\\\/2023\\\/11\\\/cropped-Copie-de-Logo-ShopValley-500-x-500-px-1.png\",\"contentUrl\":\"https:\\\/\\\/shopvalley.fr\\\/wp-content\\\/uploads\\\/2023\\\/11\\\/cropped-Copie-de-Logo-ShopValley-500-x-500-px-1.png\",\"width\":512,\"height\":512,\"caption\":\"Shopvalley\"},\"image\":{\"@id\":\"https:\\\/\\\/shopvalley.fr\\\/es\\\/#\\\/schema\\\/logo\\\/image\\\/\"}}]}<\/script>\n<!-- \/ Yoast SEO plugin. -->","yoast_head_json":{"title":"Collar de rastreo iluminado para perros - ShopValley","description":"Nuestro collar de rastreo iluminado ofrece una soluci\u00f3n fiable e innovadora para mantener seguro a tu perro. Tu perro est\u00e1 seguro por la noche","robots":{"index":"index","follow":"follow","max-snippet":"max-snippet:-1","max-image-preview":"max-image-preview:large","max-video-preview":"max-video-preview:-1"},"canonical":"https:\/\/shopvalley.fr\/es\/produit\/collar-de-rastreo-iluminado-para-perros\/","og_locale":"es_ES","og_type":"article","og_title":"Collar de rastreo iluminado para perros - ShopValley","og_description":"Nuestro collar de rastreo iluminado ofrece una soluci\u00f3n fiable e innovadora para mantener seguro a tu perro. Tu perro est\u00e1 seguro por la noche","og_url":"https:\/\/shopvalley.fr\/es\/produit\/collar-de-rastreo-iluminado-para-perros\/","og_site_name":"ShopValley","article_modified_time":"2025-11-18T19:55:51+00:00","og_image":[{"width":1000,"height":1000,"url":"http:\/\/shopvalley.fr\/wp-content\/uploads\/2023\/11\/Collier_Chiens_Airtag-1111.jpg","type":"image\/jpeg"}],"schema":{"@context":"https:\/\/schema.org","@graph":[{"@type":"WebPage","@id":"https:\/\/shopvalley.fr\/es\/produit\/collar-de-rastreo-iluminado-para-perros\/","url":"https:\/\/shopvalley.fr\/es\/produit\/collar-de-rastreo-iluminado-para-perros\/","name":"Collar de rastreo iluminado para perros - ShopValley","isPartOf":{"@id":"https:\/\/shopvalley.fr\/es\/#website"},"primaryImageOfPage":{"@id":"https:\/\/shopvalley.fr\/es\/produit\/collar-de-rastreo-iluminado-para-perros\/#primaryimage"},"image":{"@id":"https:\/\/shopvalley.fr\/es\/produit\/collar-de-rastreo-iluminado-para-perros\/#primaryimage"},"thumbnailUrl":"https:\/\/shopvalley.fr\/wp-content\/uploads\/2023\/11\/Collier_Chiens_Airtag-1111.jpg","datePublished":"2023-11-08T18:35:05+00:00","dateModified":"2025-11-18T19:55:51+00:00","description":"Nuestro collar de rastreo iluminado ofrece una soluci\u00f3n fiable e innovadora para mantener seguro a tu perro. Tu perro est\u00e1 seguro por la noche","breadcrumb":{"@id":"https:\/\/shopvalley.fr\/es\/produit\/collar-de-rastreo-iluminado-para-perros\/#breadcrumb"},"inLanguage":"es","potentialAction":[{"@type":"ReadAction","target":["https:\/\/shopvalley.fr\/es\/produit\/collar-de-rastreo-iluminado-para-perros\/"]}]},{"@type":"ImageObject","inLanguage":"es","@id":"https:\/\/shopvalley.fr\/es\/produit\/collar-de-rastreo-iluminado-para-perros\/#primaryimage","url":"https:\/\/shopvalley.fr\/wp-content\/uploads\/2023\/11\/Collier_Chiens_Airtag-1111.jpg","contentUrl":"https:\/\/shopvalley.fr\/wp-content\/uploads\/2023\/11\/Collier_Chiens_Airtag-1111.jpg","width":1000,"height":1000},{"@type":"BreadcrumbList","@id":"https:\/\/shopvalley.fr\/es\/produit\/collar-de-rastreo-iluminado-para-perros\/#breadcrumb","itemListElement":[{"@type":"ListItem","position":1,"name":"Accueil","item":"https:\/\/shopvalley.fr\/es\/"},{"@type":"ListItem","position":2,"name":"Todos los productos","item":"https:\/\/shopvalley.fr\/es\/todos-los-productos\/"},{"@type":"ListItem","position":3,"name":"Animaux","item":"https:\/\/shopvalley.fr\/categorie-produit\/animaux\/"},{"@type":"ListItem","position":4,"name":"Collar de rastreo iluminado para perros"}]},{"@type":"WebSite","@id":"https:\/\/shopvalley.fr\/es\/#website","url":"https:\/\/shopvalley.fr\/es\/","name":"ShopValley","description":"\u00a1Productos de moda a precios bajos!","publisher":{"@id":"https:\/\/shopvalley.fr\/es\/#organization"},"potentialAction":[{"@type":"SearchAction","target":{"@type":"EntryPoint","urlTemplate":"https:\/\/shopvalley.fr\/es\/?s={search_term_string}"},"query-input":{"@type":"PropertyValueSpecification","valueRequired":true,"valueName":"search_term_string"}}],"inLanguage":"es"},{"@type":"Organization","@id":"https:\/\/shopvalley.fr\/es\/#organization","name":"Shopvalley","url":"https:\/\/shopvalley.fr\/es\/","logo":{"@type":"ImageObject","inLanguage":"es","@id":"https:\/\/shopvalley.fr\/es\/#\/schema\/logo\/image\/","url":"https:\/\/shopvalley.fr\/wp-content\/uploads\/2023\/11\/cropped-Copie-de-Logo-ShopValley-500-x-500-px-1.png","contentUrl":"https:\/\/shopvalley.fr\/wp-content\/uploads\/2023\/11\/cropped-Copie-de-Logo-ShopValley-500-x-500-px-1.png","width":512,"height":512,"caption":"Shopvalley"},"image":{"@id":"https:\/\/shopvalley.fr\/es\/#\/schema\/logo\/image\/"}}]}},"jetpack_sharing_enabled":true,"_links":{"self":[{"href":"https:\/\/shopvalley.fr\/es\/wp-json\/wp\/v2\/product\/41043","targetHints":{"allow":["GET"]}}],"collection":[{"href":"https:\/\/shopvalley.fr\/es\/wp-json\/wp\/v2\/product"}],"about":[{"href":"https:\/\/shopvalley.fr\/es\/wp-json\/wp\/v2\/types\/product"}],"replies":[{"embeddable":true,"href":"https:\/\/shopvalley.fr\/es\/wp-json\/wp\/v2\/comments?post=41043"}],"version-history":[{"count":3,"href":"https:\/\/shopvalley.fr\/es\/wp-json\/wp\/v2\/product\/41043\/revisions"}],"predecessor-version":[{"id":51559,"href":"https:\/\/shopvalley.fr\/es\/wp-json\/wp\/v2\/product\/41043\/revisions\/51559"}],"wp:featuredmedia":[{"embeddable":true,"href":"https:\/\/shopvalley.fr\/es\/wp-json\/wp\/v2\/media\/38520"}],"wp:attachment":[{"href":"https:\/\/shopvalley.fr\/es\/wp-json\/wp\/v2\/media?parent=41043"}],"wp:term":[{"taxonomy":"product_brand","embeddable":true,"href":"https:\/\/shopvalley.fr\/es\/wp-json\/wp\/v2\/product_brand?post=41043"},{"taxonomy":"product_cat","embeddable":true,"href":"https:\/\/shopvalley.fr\/es\/wp-json\/wp\/v2\/product_cat?post=41043"},{"taxonomy":"product_tag","embeddable":true,"href":"https:\/\/shopvalley.fr\/es\/wp-json\/wp\/v2\/product_tag?post=41043"}],"curies":[{"name":"wp","href":"https:\/\/api.w.org\/{rel}","templated":true}]}}