{"id":41039,"date":"2023-10-26T21:35:40","date_gmt":"2023-10-26T19:35:40","guid":{"rendered":"https:\/\/shopvalley.fr\/produit\/calefactor-electrico-movil-silencioso\/"},"modified":"2025-11-18T20:56:07","modified_gmt":"2025-11-18T19:56:07","slug":"calefactor-electrico-movil-silencioso","status":"publish","type":"product","link":"https:\/\/shopvalley.fr\/es\/produit\/calefactor-electrico-movil-silencioso\/","title":{"rendered":"Calefactor el\u00e9ctrico m\u00f3vil silencioso"},"content":{"rendered":"<h5><span style=\"font-size: 14pt; color: #000000;\"><strong>Ahorra en tu factura de electricidad con nuestro calefactor el\u00e9ctrico silencioso para m\u00f3viles<\/strong><\/span><\/h5>\n<p><span style=\"font-size: 14pt; color: #000000;\">Los sistemas de calefacci\u00f3n tradicionales ya no son suficientes, son caros e ineficaces. Descubre nuestra soluci\u00f3n para calentar tu espacio de forma econ\u00f3mica y eficiente: \u00a1nuestro Calefactor El\u00e9ctrico M\u00f3vil! <\/span><\/p>\n<p><img loading=\"lazy\" decoding=\"async\" class=\"aligncenter size-full wp-image-22855\" src=\"http:\/\/shopvalley.fr\/wp-content\/uploads\/2023\/10\/Chauffage.gif\" alt=\"\" width=\"256\" height=\"320\" \/><\/p>\n<p><img loading=\"lazy\" decoding=\"async\" class=\"aligncenter wp-image-22852\" src=\"http:\/\/shopvalley.fr\/wp-content\/uploads\/2023\/10\/Chauffage_Mobile-5.webp\" alt=\"Calefactor el\u00e9ctrico m\u00f3vil silencioso\" width=\"356\" height=\"520\" srcset=\"https:\/\/shopvalley.fr\/wp-content\/uploads\/2023\/10\/Chauffage_Mobile-5.webp 790w, https:\/\/shopvalley.fr\/wp-content\/uploads\/2023\/10\/Chauffage_Mobile-5-150x219.webp 150w, https:\/\/shopvalley.fr\/wp-content\/uploads\/2023\/10\/Chauffage_Mobile-5-700x1021.webp 700w, https:\/\/shopvalley.fr\/wp-content\/uploads\/2023\/10\/Chauffage_Mobile-5-206x300.webp 206w, https:\/\/shopvalley.fr\/wp-content\/uploads\/2023\/10\/Chauffage_Mobile-5-549x800.webp 549w, https:\/\/shopvalley.fr\/wp-content\/uploads\/2023\/10\/Chauffage_Mobile-5-768x1120.webp 768w\" sizes=\"auto, (max-width: 356px) 100vw, 356px\" \/><\/p>\n<h5><span style=\"font-size: 14pt; color: #000000;\"><strong>Calor instant\u00e1neo al alcance de tu mano<\/strong><\/span><\/h5>\n<p><span style=\"font-size: 14pt; color: #000000;\">Nuestro calefactor el\u00e9ctrico port\u00e1til te permite calentar cualquier habitaci\u00f3n en un instante, con s\u00f3lo pulsar un bot\u00f3n.<\/span><\/p>\n<p><img loading=\"lazy\" decoding=\"async\" class=\"aligncenter wp-image-22853\" src=\"http:\/\/shopvalley.fr\/wp-content\/uploads\/2023\/10\/Chauffage_Mobile-9.webp\" alt=\"Calefactor el\u00e9ctrico m\u00f3vil silencioso\" width=\"382\" height=\"459\" srcset=\"https:\/\/shopvalley.fr\/wp-content\/uploads\/2023\/10\/Chauffage_Mobile-9.webp 790w, https:\/\/shopvalley.fr\/wp-content\/uploads\/2023\/10\/Chauffage_Mobile-9-150x180.webp 150w, https:\/\/shopvalley.fr\/wp-content\/uploads\/2023\/10\/Chauffage_Mobile-9-700x842.webp 700w, https:\/\/shopvalley.fr\/wp-content\/uploads\/2023\/10\/Chauffage_Mobile-9-249x300.webp 249w, https:\/\/shopvalley.fr\/wp-content\/uploads\/2023\/10\/Chauffage_Mobile-9-665x800.webp 665w, https:\/\/shopvalley.fr\/wp-content\/uploads\/2023\/10\/Chauffage_Mobile-9-768x924.webp 768w\" sizes=\"auto, (max-width: 382px) 100vw, 382px\" \/><\/p>\n<p><img loading=\"lazy\" decoding=\"async\" class=\"aligncenter size-full wp-image-22847\" src=\"http:\/\/shopvalley.fr\/wp-content\/uploads\/2023\/10\/Chauffage_Mobile-17.jpg\" alt=\"Calefactor el\u00e9ctrico m\u00f3vil silencioso\" width=\"480\" height=\"368\" srcset=\"https:\/\/shopvalley.fr\/wp-content\/uploads\/2023\/10\/Chauffage_Mobile-17.jpg 480w, https:\/\/shopvalley.fr\/wp-content\/uploads\/2023\/10\/Chauffage_Mobile-17-150x115.jpg 150w, https:\/\/shopvalley.fr\/wp-content\/uploads\/2023\/10\/Chauffage_Mobile-17-391x300.jpg 391w\" sizes=\"auto, (max-width: 480px) 100vw, 480px\" \/><\/p>\n<h5><span style=\"font-size: 14pt; color: #000000;\"><strong>Calentamiento r\u00e1pido y potente<\/strong><\/span><\/h5>\n<p><span style=\"font-size: 14pt; color: #000000;\">En menos de un minuto, nuestro calefactor el\u00e9ctrico m\u00f3vil puede hacer que tu espacio sea acogedor. Descubre el mejor calefactor del mercado. <\/span><\/p>\n<p><img loading=\"lazy\" decoding=\"async\" class=\"aligncenter wp-image-22851\" src=\"http:\/\/shopvalley.fr\/wp-content\/uploads\/2023\/10\/Chauffage_Mobile-2.webp\" alt=\"Calefactor el\u00e9ctrico m\u00f3vil silencioso\" width=\"380\" height=\"557\" srcset=\"https:\/\/shopvalley.fr\/wp-content\/uploads\/2023\/10\/Chauffage_Mobile-2.webp 790w, https:\/\/shopvalley.fr\/wp-content\/uploads\/2023\/10\/Chauffage_Mobile-2-150x220.webp 150w, https:\/\/shopvalley.fr\/wp-content\/uploads\/2023\/10\/Chauffage_Mobile-2-700x1025.webp 700w, https:\/\/shopvalley.fr\/wp-content\/uploads\/2023\/10\/Chauffage_Mobile-2-205x300.webp 205w, https:\/\/shopvalley.fr\/wp-content\/uploads\/2023\/10\/Chauffage_Mobile-2-546x800.webp 546w, https:\/\/shopvalley.fr\/wp-content\/uploads\/2023\/10\/Chauffage_Mobile-2-768x1125.webp 768w\" sizes=\"auto, (max-width: 380px) 100vw, 380px\" \/><\/p>\n<h5><span style=\"font-size: 14pt; color: #000000;\"><strong>Calor suave y econ\u00f3mico<\/strong><\/span><\/h5>\n<p><span style=\"font-size: 14pt; color: #000000;\">Gracias a su elemento cer\u00e1mico, nuestro calentador proporciona un calor suave y duradero, al tiempo que reduce tu consumo de energ\u00eda. Una elecci\u00f3n inteligente para ahorrar dinero. <\/span><\/p>\n<p><img loading=\"lazy\" decoding=\"async\" class=\"aligncenter wp-image-22849 size-full\" src=\"http:\/\/shopvalley.fr\/wp-content\/uploads\/2023\/10\/Chauffage_Mobile-18.webp\" alt=\"\" width=\"480\" height=\"263\" srcset=\"https:\/\/shopvalley.fr\/wp-content\/uploads\/2023\/10\/Chauffage_Mobile-18.webp 480w, https:\/\/shopvalley.fr\/wp-content\/uploads\/2023\/10\/Chauffage_Mobile-18-150x82.webp 150w, https:\/\/shopvalley.fr\/wp-content\/uploads\/2023\/10\/Chauffage_Mobile-18-400x219.webp 400w\" sizes=\"auto, (max-width: 480px) 100vw, 480px\" \/><\/p>\n<h5><span style=\"font-size: 14pt; color: #000000;\"><strong>Port\u00e1til, Seguro y Pr\u00e1ctico<\/strong><\/span><\/h5>\n<p><span style=\"font-size: 14pt; color: #000000;\">Compacto, port\u00e1til y equipado con un interruptor de seguridad antivuelco, este calefactor es seguro y pr\u00e1ctico, ideal para utilizarlo en casa o en movimiento.<\/span><\/p>\n<p><img loading=\"lazy\" decoding=\"async\" class=\"aligncenter wp-image-22857\" src=\"http:\/\/shopvalley.fr\/wp-content\/uploads\/2023\/10\/Chauffage_Mobile-10-1.webp\" alt=\"\" width=\"450\" height=\"724\" srcset=\"https:\/\/shopvalley.fr\/wp-content\/uploads\/2023\/10\/Chauffage_Mobile-10-1.webp 790w, https:\/\/shopvalley.fr\/wp-content\/uploads\/2023\/10\/Chauffage_Mobile-10-1-150x241.webp 150w, https:\/\/shopvalley.fr\/wp-content\/uploads\/2023\/10\/Chauffage_Mobile-10-1-700x1126.webp 700w, https:\/\/shopvalley.fr\/wp-content\/uploads\/2023\/10\/Chauffage_Mobile-10-1-186x300.webp 186w, https:\/\/shopvalley.fr\/wp-content\/uploads\/2023\/10\/Chauffage_Mobile-10-1-497x800.webp 497w, https:\/\/shopvalley.fr\/wp-content\/uploads\/2023\/10\/Chauffage_Mobile-10-1-768x1236.webp 768w\" sizes=\"auto, (max-width: 450px) 100vw, 450px\" \/><\/p>\n<h5><span style=\"font-size: 14pt; color: #000000;\"><strong>Calor silencioso y discreto<\/strong><\/span><\/h5>\n<p><span style=\"font-size: 14pt; color: #000000;\">Disfruta de un calor reconfortante sin el molesto ruido. Nuestro calefactor el\u00e9ctrico silencioso es la soluci\u00f3n discreta para mantenerse caliente, ya sea en casa o en la oficina. <\/span><\/p>\n<p><img loading=\"lazy\" decoding=\"async\" class=\"aligncenter wp-image-22854\" src=\"http:\/\/shopvalley.fr\/wp-content\/uploads\/2023\/10\/Chauffage_Mobile-2.png\" alt=\"\" width=\"449\" height=\"449\" srcset=\"https:\/\/shopvalley.fr\/wp-content\/uploads\/2023\/10\/Chauffage_Mobile-2.png 800w, https:\/\/shopvalley.fr\/wp-content\/uploads\/2023\/10\/Chauffage_Mobile-2-430x430.png 430w, https:\/\/shopvalley.fr\/wp-content\/uploads\/2023\/10\/Chauffage_Mobile-2-150x150.png 150w, https:\/\/shopvalley.fr\/wp-content\/uploads\/2023\/10\/Chauffage_Mobile-2-700x700.png 700w, https:\/\/shopvalley.fr\/wp-content\/uploads\/2023\/10\/Chauffage_Mobile-2-300x300.png 300w, https:\/\/shopvalley.fr\/wp-content\/uploads\/2023\/10\/Chauffage_Mobile-2-768x768.png 768w\" sizes=\"auto, (max-width: 449px) 100vw, 449px\" \/><\/p>\n<p><span style=\"font-size: 14pt; color: #000000;\">Elige nuestro silencioso y econ\u00f3mico calefactor el\u00e9ctrico para obtener un confort t\u00e9rmico instant\u00e1neo, al tiempo que reduces la factura de la luz. Calienta cualquier habitaci\u00f3n de forma r\u00e1pida y segura. \u00a1Pide el tuyo hoy mismo! <\/span><\/p>\n","protected":false},"excerpt":{"rendered":"<p><span style=\"font-size: 14pt; color: #000000;\">Disfruta de un calor relajante sin ruidos molestos<\/span><\/p>\n","protected":false},"featured_media":38307,"comment_status":"closed","ping_status":"closed","template":"","meta":[],"product_brand":[1139],"product_cat":[988,1085],"product_tag":[990],"class_list":{"0":"post-41039","1":"product","2":"type-product","3":"status-publish","4":"has-post-thumbnail","6":"product_brand-shopvalley","7":"product_cat-accesorios","8":"product_cat-shopping_es-es","9":"product_tag-noflash-es","11":"first","12":"instock","13":"sale","14":"taxable","15":"shipping-taxable","16":"purchasable","17":"product-type-variable","18":"has-default-attributes"},"yoast_head":"<!-- This site is optimized with the Yoast SEO plugin v27.4 - https:\/\/yoast.com\/product\/yoast-seo-wordpress\/ -->\n<title>Calefactor el\u00e9ctrico m\u00f3vil silencioso - ShopValley<\/title>\n<meta name=\"description\" content=\"Elige nuestro calefactor el\u00e9ctrico m\u00f3vil, silencioso y econ\u00f3mico, para un confort t\u00e9rmico instant\u00e1neo, al tiempo que reduces tu factura de electricidad.\" \/>\n<meta name=\"robots\" content=\"index, follow, max-snippet:-1, max-image-preview:large, max-video-preview:-1\" \/>\n<link rel=\"canonical\" href=\"https:\/\/shopvalley.fr\/es\/produit\/calefactor-electrico-movil-silencioso\/\" \/>\n<meta property=\"og:locale\" content=\"es_ES\" \/>\n<meta property=\"og:type\" content=\"article\" \/>\n<meta property=\"og:title\" content=\"Calefactor el\u00e9ctrico m\u00f3vil silencioso - ShopValley\" \/>\n<meta property=\"og:description\" content=\"Elige nuestro calefactor el\u00e9ctrico m\u00f3vil, silencioso y econ\u00f3mico, para un confort t\u00e9rmico instant\u00e1neo, al tiempo que reduces tu factura de electricidad.\" \/>\n<meta property=\"og:url\" content=\"https:\/\/shopvalley.fr\/es\/produit\/calefactor-electrico-movil-silencioso\/\" \/>\n<meta property=\"og:site_name\" content=\"ShopValley\" \/>\n<meta property=\"article:modified_time\" content=\"2025-11-18T19:56:07+00:00\" \/>\n<meta property=\"og:image\" content=\"http:\/\/shopvalley.fr\/wp-content\/uploads\/2023\/10\/Chauffage_Mobile-7-e1698351759508.jpg\" \/>\n\t<meta property=\"og:image:width\" content=\"1183\" \/>\n\t<meta property=\"og:image:height\" content=\"1184\" \/>\n\t<meta property=\"og:image:type\" content=\"image\/jpeg\" \/>\n<script type=\"application\/ld+json\" class=\"yoast-schema-graph\">{\"@context\":\"https:\\\/\\\/schema.org\",\"@graph\":[{\"@type\":\"WebPage\",\"@id\":\"https:\\\/\\\/shopvalley.fr\\\/es\\\/produit\\\/calefactor-electrico-movil-silencioso\\\/\",\"url\":\"https:\\\/\\\/shopvalley.fr\\\/es\\\/produit\\\/calefactor-electrico-movil-silencioso\\\/\",\"name\":\"Calefactor el\u00e9ctrico m\u00f3vil silencioso - ShopValley\",\"isPartOf\":{\"@id\":\"https:\\\/\\\/shopvalley.fr\\\/es\\\/#website\"},\"primaryImageOfPage\":{\"@id\":\"https:\\\/\\\/shopvalley.fr\\\/es\\\/produit\\\/calefactor-electrico-movil-silencioso\\\/#primaryimage\"},\"image\":{\"@id\":\"https:\\\/\\\/shopvalley.fr\\\/es\\\/produit\\\/calefactor-electrico-movil-silencioso\\\/#primaryimage\"},\"thumbnailUrl\":\"https:\\\/\\\/shopvalley.fr\\\/wp-content\\\/uploads\\\/2023\\\/10\\\/Chauffage_Mobile-7-e1698351759508.jpg\",\"datePublished\":\"2023-10-26T19:35:40+00:00\",\"dateModified\":\"2025-11-18T19:56:07+00:00\",\"description\":\"Elige nuestro calefactor el\u00e9ctrico m\u00f3vil, silencioso y econ\u00f3mico, para un confort t\u00e9rmico instant\u00e1neo, al tiempo que reduces tu factura de electricidad.\",\"breadcrumb\":{\"@id\":\"https:\\\/\\\/shopvalley.fr\\\/es\\\/produit\\\/calefactor-electrico-movil-silencioso\\\/#breadcrumb\"},\"inLanguage\":\"es\",\"potentialAction\":[{\"@type\":\"ReadAction\",\"target\":[\"https:\\\/\\\/shopvalley.fr\\\/es\\\/produit\\\/calefactor-electrico-movil-silencioso\\\/\"]}]},{\"@type\":\"ImageObject\",\"inLanguage\":\"es\",\"@id\":\"https:\\\/\\\/shopvalley.fr\\\/es\\\/produit\\\/calefactor-electrico-movil-silencioso\\\/#primaryimage\",\"url\":\"https:\\\/\\\/shopvalley.fr\\\/wp-content\\\/uploads\\\/2023\\\/10\\\/Chauffage_Mobile-7-e1698351759508.jpg\",\"contentUrl\":\"https:\\\/\\\/shopvalley.fr\\\/wp-content\\\/uploads\\\/2023\\\/10\\\/Chauffage_Mobile-7-e1698351759508.jpg\",\"width\":1183,\"height\":1184},{\"@type\":\"BreadcrumbList\",\"@id\":\"https:\\\/\\\/shopvalley.fr\\\/es\\\/produit\\\/calefactor-electrico-movil-silencioso\\\/#breadcrumb\",\"itemListElement\":[{\"@type\":\"ListItem\",\"position\":1,\"name\":\"Accueil\",\"item\":\"https:\\\/\\\/shopvalley.fr\\\/es\\\/\"},{\"@type\":\"ListItem\",\"position\":2,\"name\":\"Todos los productos\",\"item\":\"https:\\\/\\\/shopvalley.fr\\\/es\\\/todos-los-productos\\\/\"},{\"@type\":\"ListItem\",\"position\":3,\"name\":\"Accessoires\",\"item\":\"https:\\\/\\\/shopvalley.fr\\\/categorie-produit\\\/accessoires\\\/\"},{\"@type\":\"ListItem\",\"position\":4,\"name\":\"Calefactor el\u00e9ctrico m\u00f3vil silencioso\"}]},{\"@type\":\"WebSite\",\"@id\":\"https:\\\/\\\/shopvalley.fr\\\/es\\\/#website\",\"url\":\"https:\\\/\\\/shopvalley.fr\\\/es\\\/\",\"name\":\"ShopValley\",\"description\":\"\u00a1Productos de moda a precios bajos!\",\"publisher\":{\"@id\":\"https:\\\/\\\/shopvalley.fr\\\/es\\\/#organization\"},\"potentialAction\":[{\"@type\":\"SearchAction\",\"target\":{\"@type\":\"EntryPoint\",\"urlTemplate\":\"https:\\\/\\\/shopvalley.fr\\\/es\\\/?s={search_term_string}\"},\"query-input\":{\"@type\":\"PropertyValueSpecification\",\"valueRequired\":true,\"valueName\":\"search_term_string\"}}],\"inLanguage\":\"es\"},{\"@type\":\"Organization\",\"@id\":\"https:\\\/\\\/shopvalley.fr\\\/es\\\/#organization\",\"name\":\"Shopvalley\",\"url\":\"https:\\\/\\\/shopvalley.fr\\\/es\\\/\",\"logo\":{\"@type\":\"ImageObject\",\"inLanguage\":\"es\",\"@id\":\"https:\\\/\\\/shopvalley.fr\\\/es\\\/#\\\/schema\\\/logo\\\/image\\\/\",\"url\":\"https:\\\/\\\/shopvalley.fr\\\/wp-content\\\/uploads\\\/2023\\\/11\\\/cropped-Copie-de-Logo-ShopValley-500-x-500-px-1.png\",\"contentUrl\":\"https:\\\/\\\/shopvalley.fr\\\/wp-content\\\/uploads\\\/2023\\\/11\\\/cropped-Copie-de-Logo-ShopValley-500-x-500-px-1.png\",\"width\":512,\"height\":512,\"caption\":\"Shopvalley\"},\"image\":{\"@id\":\"https:\\\/\\\/shopvalley.fr\\\/es\\\/#\\\/schema\\\/logo\\\/image\\\/\"}}]}<\/script>\n<!-- \/ Yoast SEO plugin. -->","yoast_head_json":{"title":"Calefactor el\u00e9ctrico m\u00f3vil silencioso - ShopValley","description":"Elige nuestro calefactor el\u00e9ctrico m\u00f3vil, silencioso y econ\u00f3mico, para un confort t\u00e9rmico instant\u00e1neo, al tiempo que reduces tu factura de electricidad.","robots":{"index":"index","follow":"follow","max-snippet":"max-snippet:-1","max-image-preview":"max-image-preview:large","max-video-preview":"max-video-preview:-1"},"canonical":"https:\/\/shopvalley.fr\/es\/produit\/calefactor-electrico-movil-silencioso\/","og_locale":"es_ES","og_type":"article","og_title":"Calefactor el\u00e9ctrico m\u00f3vil silencioso - ShopValley","og_description":"Elige nuestro calefactor el\u00e9ctrico m\u00f3vil, silencioso y econ\u00f3mico, para un confort t\u00e9rmico instant\u00e1neo, al tiempo que reduces tu factura de electricidad.","og_url":"https:\/\/shopvalley.fr\/es\/produit\/calefactor-electrico-movil-silencioso\/","og_site_name":"ShopValley","article_modified_time":"2025-11-18T19:56:07+00:00","og_image":[{"width":1183,"height":1184,"url":"http:\/\/shopvalley.fr\/wp-content\/uploads\/2023\/10\/Chauffage_Mobile-7-e1698351759508.jpg","type":"image\/jpeg"}],"schema":{"@context":"https:\/\/schema.org","@graph":[{"@type":"WebPage","@id":"https:\/\/shopvalley.fr\/es\/produit\/calefactor-electrico-movil-silencioso\/","url":"https:\/\/shopvalley.fr\/es\/produit\/calefactor-electrico-movil-silencioso\/","name":"Calefactor el\u00e9ctrico m\u00f3vil silencioso - ShopValley","isPartOf":{"@id":"https:\/\/shopvalley.fr\/es\/#website"},"primaryImageOfPage":{"@id":"https:\/\/shopvalley.fr\/es\/produit\/calefactor-electrico-movil-silencioso\/#primaryimage"},"image":{"@id":"https:\/\/shopvalley.fr\/es\/produit\/calefactor-electrico-movil-silencioso\/#primaryimage"},"thumbnailUrl":"https:\/\/shopvalley.fr\/wp-content\/uploads\/2023\/10\/Chauffage_Mobile-7-e1698351759508.jpg","datePublished":"2023-10-26T19:35:40+00:00","dateModified":"2025-11-18T19:56:07+00:00","description":"Elige nuestro calefactor el\u00e9ctrico m\u00f3vil, silencioso y econ\u00f3mico, para un confort t\u00e9rmico instant\u00e1neo, al tiempo que reduces tu factura de electricidad.","breadcrumb":{"@id":"https:\/\/shopvalley.fr\/es\/produit\/calefactor-electrico-movil-silencioso\/#breadcrumb"},"inLanguage":"es","potentialAction":[{"@type":"ReadAction","target":["https:\/\/shopvalley.fr\/es\/produit\/calefactor-electrico-movil-silencioso\/"]}]},{"@type":"ImageObject","inLanguage":"es","@id":"https:\/\/shopvalley.fr\/es\/produit\/calefactor-electrico-movil-silencioso\/#primaryimage","url":"https:\/\/shopvalley.fr\/wp-content\/uploads\/2023\/10\/Chauffage_Mobile-7-e1698351759508.jpg","contentUrl":"https:\/\/shopvalley.fr\/wp-content\/uploads\/2023\/10\/Chauffage_Mobile-7-e1698351759508.jpg","width":1183,"height":1184},{"@type":"BreadcrumbList","@id":"https:\/\/shopvalley.fr\/es\/produit\/calefactor-electrico-movil-silencioso\/#breadcrumb","itemListElement":[{"@type":"ListItem","position":1,"name":"Accueil","item":"https:\/\/shopvalley.fr\/es\/"},{"@type":"ListItem","position":2,"name":"Todos los productos","item":"https:\/\/shopvalley.fr\/es\/todos-los-productos\/"},{"@type":"ListItem","position":3,"name":"Accessoires","item":"https:\/\/shopvalley.fr\/categorie-produit\/accessoires\/"},{"@type":"ListItem","position":4,"name":"Calefactor el\u00e9ctrico m\u00f3vil silencioso"}]},{"@type":"WebSite","@id":"https:\/\/shopvalley.fr\/es\/#website","url":"https:\/\/shopvalley.fr\/es\/","name":"ShopValley","description":"\u00a1Productos de moda a precios bajos!","publisher":{"@id":"https:\/\/shopvalley.fr\/es\/#organization"},"potentialAction":[{"@type":"SearchAction","target":{"@type":"EntryPoint","urlTemplate":"https:\/\/shopvalley.fr\/es\/?s={search_term_string}"},"query-input":{"@type":"PropertyValueSpecification","valueRequired":true,"valueName":"search_term_string"}}],"inLanguage":"es"},{"@type":"Organization","@id":"https:\/\/shopvalley.fr\/es\/#organization","name":"Shopvalley","url":"https:\/\/shopvalley.fr\/es\/","logo":{"@type":"ImageObject","inLanguage":"es","@id":"https:\/\/shopvalley.fr\/es\/#\/schema\/logo\/image\/","url":"https:\/\/shopvalley.fr\/wp-content\/uploads\/2023\/11\/cropped-Copie-de-Logo-ShopValley-500-x-500-px-1.png","contentUrl":"https:\/\/shopvalley.fr\/wp-content\/uploads\/2023\/11\/cropped-Copie-de-Logo-ShopValley-500-x-500-px-1.png","width":512,"height":512,"caption":"Shopvalley"},"image":{"@id":"https:\/\/shopvalley.fr\/es\/#\/schema\/logo\/image\/"}}]}},"jetpack_sharing_enabled":true,"_links":{"self":[{"href":"https:\/\/shopvalley.fr\/es\/wp-json\/wp\/v2\/product\/41039","targetHints":{"allow":["GET"]}}],"collection":[{"href":"https:\/\/shopvalley.fr\/es\/wp-json\/wp\/v2\/product"}],"about":[{"href":"https:\/\/shopvalley.fr\/es\/wp-json\/wp\/v2\/types\/product"}],"replies":[{"embeddable":true,"href":"https:\/\/shopvalley.fr\/es\/wp-json\/wp\/v2\/comments?post=41039"}],"version-history":[{"count":2,"href":"https:\/\/shopvalley.fr\/es\/wp-json\/wp\/v2\/product\/41039\/revisions"}],"predecessor-version":[{"id":51561,"href":"https:\/\/shopvalley.fr\/es\/wp-json\/wp\/v2\/product\/41039\/revisions\/51561"}],"wp:featuredmedia":[{"embeddable":true,"href":"https:\/\/shopvalley.fr\/es\/wp-json\/wp\/v2\/media\/38307"}],"wp:attachment":[{"href":"https:\/\/shopvalley.fr\/es\/wp-json\/wp\/v2\/media?parent=41039"}],"wp:term":[{"taxonomy":"product_brand","embeddable":true,"href":"https:\/\/shopvalley.fr\/es\/wp-json\/wp\/v2\/product_brand?post=41039"},{"taxonomy":"product_cat","embeddable":true,"href":"https:\/\/shopvalley.fr\/es\/wp-json\/wp\/v2\/product_cat?post=41039"},{"taxonomy":"product_tag","embeddable":true,"href":"https:\/\/shopvalley.fr\/es\/wp-json\/wp\/v2\/product_tag?post=41039"}],"curies":[{"name":"wp","href":"https:\/\/api.w.org\/{rel}","templated":true}]}}