{"id":41035,"date":"2023-10-18T19:47:10","date_gmt":"2023-10-18T17:47:10","guid":{"rendered":"https:\/\/shopvalley.fr\/produit\/boligrafo-blanqueador-dental-dientes-blancos\/"},"modified":"2025-11-18T20:55:28","modified_gmt":"2025-11-18T19:55:28","slug":"boligrafo-blanqueador-dental-dientes-blancos","status":"publish","type":"product","link":"https:\/\/shopvalley.fr\/es\/produit\/boligrafo-blanqueador-dental-dientes-blancos\/","title":{"rendered":"Bol\u00edgrafo blanqueador dental &#8211; Dientes blancos"},"content":{"rendered":"<h5><span style=\"font-size: 14pt; color: #000000;\"><strong>\u00a1Descubre el bol\u00edgrafo blanqueador dental WhiteTeeth para una sonrisa radiante!<\/strong><\/span><\/h5>\n<p><span style=\"font-size: 14pt; color: #000000;\">Nuestro l\u00e1piz blanqueador dental WhiteTeeth es la soluci\u00f3n perfecta para unos dientes m\u00e1s blancos y una sonrisa m\u00e1s brillante, sin dolor ni da\u00f1os en el esmalte o las enc\u00edas.<\/span><\/p>\n<p><img loading=\"lazy\" decoding=\"async\" class=\"aligncenter wp-image-22470 size-full\" src=\"http:\/\/shopvalley.fr\/wp-content\/uploads\/2023\/10\/Stylo-Blanchisseur-de-Dents-White-Teeth9.webp\" alt=\"Bol\u00edgrafo blanqueador dental - Dientes blancos\" width=\"480\" height=\"231\" srcset=\"https:\/\/shopvalley.fr\/wp-content\/uploads\/2023\/10\/Stylo-Blanchisseur-de-Dents-White-Teeth9.webp 480w, https:\/\/shopvalley.fr\/wp-content\/uploads\/2023\/10\/Stylo-Blanchisseur-de-Dents-White-Teeth9-150x72.webp 150w, https:\/\/shopvalley.fr\/wp-content\/uploads\/2023\/10\/Stylo-Blanchisseur-de-Dents-White-Teeth9-400x193.webp 400w\" sizes=\"auto, (max-width: 480px) 100vw, 480px\" \/><\/p>\n<p><img loading=\"lazy\" decoding=\"async\" class=\"aligncenter wp-image-22477 size-full\" src=\"http:\/\/shopvalley.fr\/wp-content\/uploads\/2023\/10\/Stylo-Blanchisseur-de-Dents-White-Teeth4.webp\" alt=\"Bol\u00edgrafo blanqueador dental - Dientes blancos\" width=\"473\" height=\"237\" srcset=\"https:\/\/shopvalley.fr\/wp-content\/uploads\/2023\/10\/Stylo-Blanchisseur-de-Dents-White-Teeth4.webp 473w, https:\/\/shopvalley.fr\/wp-content\/uploads\/2023\/10\/Stylo-Blanchisseur-de-Dents-White-Teeth4-150x75.webp 150w, https:\/\/shopvalley.fr\/wp-content\/uploads\/2023\/10\/Stylo-Blanchisseur-de-Dents-White-Teeth4-400x200.webp 400w\" sizes=\"auto, (max-width: 473px) 100vw, 473px\" \/><\/p>\n<h5><span style=\"font-size: 14pt; color: #000000;\"><strong>Una f\u00f3rmula innovadora para un blanqueamiento suave y eficaz<\/strong><\/span><\/h5>\n<p><span style=\"font-size: 14pt; color: #000000;\">Nuestra Pluma est\u00e1 especialmente formulada para eliminar con suavidad las manchas dif\u00edciles y las cepas bacterianas resistentes al simple cepillado.<\/span><\/p>\n<p><img loading=\"lazy\" decoding=\"async\" class=\"aligncenter wp-image-22062\" src=\"http:\/\/shopvalley.fr\/wp-content\/uploads\/2023\/10\/22058-stylo-blancheur-dent-healthcare__77408.1678952980.jpg\" alt=\"Bol\u00edgrafo blanqueador dental - Dientes blancos\" width=\"414\" height=\"402\" srcset=\"https:\/\/shopvalley.fr\/wp-content\/uploads\/2023\/10\/22058-stylo-blancheur-dent-healthcare__77408.1678952980.jpg 600w, https:\/\/shopvalley.fr\/wp-content\/uploads\/2023\/10\/22058-stylo-blancheur-dent-healthcare__77408.1678952980-150x146.jpg 150w, https:\/\/shopvalley.fr\/wp-content\/uploads\/2023\/10\/22058-stylo-blancheur-dent-healthcare__77408.1678952980-309x300.jpg 309w\" sizes=\"auto, (max-width: 414px) 100vw, 414px\" \/><\/p>\n<h5><span style=\"font-size: 14pt; color: #000000;\"><strong>\u00a1Di adi\u00f3s a las manchas de caf\u00e9, vino y tabaco!<\/strong><\/span><\/h5>\n<p><span style=\"font-size: 14pt; color: #000000;\">Las manchas de caf\u00e9, vino, tabaco y otros alimentos pueden opacar tus dientes con el tiempo. Descubre c\u00f3mo nuestra pluma puede darte una sonrisa m\u00e1s brillante. <\/span><\/p>\n<p><img loading=\"lazy\" decoding=\"async\" class=\"aligncenter wp-image-22475 size-full\" src=\"http:\/\/shopvalley.fr\/wp-content\/uploads\/2023\/10\/Stylo-Blanchisseur-de-Dents-White-Teeth2.jpg\" alt=\"Bol\u00edgrafo blanqueador dental - Dientes blancos\" width=\"480\" height=\"267\" srcset=\"https:\/\/shopvalley.fr\/wp-content\/uploads\/2023\/10\/Stylo-Blanchisseur-de-Dents-White-Teeth2.jpg 480w, https:\/\/shopvalley.fr\/wp-content\/uploads\/2023\/10\/Stylo-Blanchisseur-de-Dents-White-Teeth2-150x83.jpg 150w, https:\/\/shopvalley.fr\/wp-content\/uploads\/2023\/10\/Stylo-Blanchisseur-de-Dents-White-Teeth2-400x223.jpg 400w\" sizes=\"auto, (max-width: 480px) 100vw, 480px\" \/><\/p>\n<h5><span style=\"font-size: 14pt; color: #000000;\"><strong>Blanqueamiento profesional en casa, sin sensibilidad dental<\/strong><\/span><\/h5>\n<p><span style=\"font-size: 14pt; color: #000000;\">Evita el elevado coste de los tratamientos blanqueadores profesionales. Nuestro bol\u00edgrafo blanqueador est\u00e1 dise\u00f1ado para proporcionarte una sonrisa m\u00e1s blanca, sin la desagradable sensibilidad dental. <\/span><\/p>\n<p><img loading=\"lazy\" decoding=\"async\" class=\"aligncenter wp-image-22063\" src=\"http:\/\/shopvalley.fr\/wp-content\/uploads\/2023\/10\/22058-stylo-blancheur-dent-healthcare__67902.1678952964.jpg\" alt=\"Bol\u00edgrafo blanqueador dental - Dientes blancos\" width=\"360\" height=\"360\" srcset=\"https:\/\/shopvalley.fr\/wp-content\/uploads\/2023\/10\/22058-stylo-blancheur-dent-healthcare__67902.1678952964.jpg 600w, https:\/\/shopvalley.fr\/wp-content\/uploads\/2023\/10\/22058-stylo-blancheur-dent-healthcare__67902.1678952964-430x430.jpg 430w, https:\/\/shopvalley.fr\/wp-content\/uploads\/2023\/10\/22058-stylo-blancheur-dent-healthcare__67902.1678952964-150x150.jpg 150w, https:\/\/shopvalley.fr\/wp-content\/uploads\/2023\/10\/22058-stylo-blancheur-dent-healthcare__67902.1678952964-300x300.jpg 300w, https:\/\/shopvalley.fr\/wp-content\/uploads\/2023\/10\/22058-stylo-blancheur-dent-healthcare__67902.1678952964-146x146.jpg 146w\" sizes=\"auto, (max-width: 360px) 100vw, 360px\" \/><\/p>\n<h5><span style=\"font-size: 14pt; color: #000000;\"><strong>F\u00e1cil de usar, est\u00e9s donde est\u00e9s<\/strong><\/span><\/h5>\n<p><span style=\"font-size: 14pt; color: #000000;\">Gracias a su dise\u00f1o en forma de bol\u00edgrafo, nuestro producto es f\u00e1cil de usar en cualquier lugar y en cualquier momento. Descubre la sencillez del blanqueamiento dental en casa. <\/span><\/p>\n<p><img loading=\"lazy\" decoding=\"async\" class=\"aligncenter wp-image-22471 size-full\" src=\"http:\/\/shopvalley.fr\/wp-content\/uploads\/2023\/10\/Stylo-Blanchisseur-de-Dents-White-Teeth10.webp\" alt=\"\" width=\"474\" height=\"197\" srcset=\"https:\/\/shopvalley.fr\/wp-content\/uploads\/2023\/10\/Stylo-Blanchisseur-de-Dents-White-Teeth10.webp 474w, https:\/\/shopvalley.fr\/wp-content\/uploads\/2023\/10\/Stylo-Blanchisseur-de-Dents-White-Teeth10-150x62.webp 150w, https:\/\/shopvalley.fr\/wp-content\/uploads\/2023\/10\/Stylo-Blanchisseur-de-Dents-White-Teeth10-400x166.webp 400w\" sizes=\"auto, (max-width: 474px) 100vw, 474px\" \/><\/p>\n<p><img loading=\"lazy\" decoding=\"async\" class=\"aligncenter wp-image-22076\" src=\"http:\/\/shopvalley.fr\/wp-content\/uploads\/2023\/10\/22058-stylo-blancheur-dent-healthcare__45911.1678952976.jpg\" alt=\"Bol\u00edgrafo blanqueador dental - Dientes blancos\" width=\"419\" height=\"419\" srcset=\"https:\/\/shopvalley.fr\/wp-content\/uploads\/2023\/10\/22058-stylo-blancheur-dent-healthcare__45911.1678952976.jpg 600w, https:\/\/shopvalley.fr\/wp-content\/uploads\/2023\/10\/22058-stylo-blancheur-dent-healthcare__45911.1678952976-430x430.jpg 430w, https:\/\/shopvalley.fr\/wp-content\/uploads\/2023\/10\/22058-stylo-blancheur-dent-healthcare__45911.1678952976-150x150.jpg 150w, https:\/\/shopvalley.fr\/wp-content\/uploads\/2023\/10\/22058-stylo-blancheur-dent-healthcare__45911.1678952976-300x300.jpg 300w, https:\/\/shopvalley.fr\/wp-content\/uploads\/2023\/10\/22058-stylo-blancheur-dent-healthcare__45911.1678952976-146x146.jpg 146w\" sizes=\"auto, (max-width: 419px) 100vw, 419px\" \/><\/p>\n<h5><span style=\"font-size: 14pt; color: #000000;\"><strong>Protege tus enc\u00edas y dientes sensibles<\/strong><\/span><\/h5>\n<p><span style=\"font-size: 14pt; color: #000000;\">Nuestra Pluma es suave con tus enc\u00edas y tu esmalte. Es la soluci\u00f3n ideal para las personas con dientes y enc\u00edas sensibles. <\/span><\/p>\n<p><img loading=\"lazy\" decoding=\"async\" class=\"aligncenter wp-image-22071\" src=\"http:\/\/shopvalley.fr\/wp-content\/uploads\/2023\/10\/22058-stylo-blancheur-dent-healthcare__07846.1678952968.jpg\" alt=\"\" width=\"433\" height=\"433\" srcset=\"https:\/\/shopvalley.fr\/wp-content\/uploads\/2023\/10\/22058-stylo-blancheur-dent-healthcare__07846.1678952968.jpg 600w, https:\/\/shopvalley.fr\/wp-content\/uploads\/2023\/10\/22058-stylo-blancheur-dent-healthcare__07846.1678952968-430x430.jpg 430w, https:\/\/shopvalley.fr\/wp-content\/uploads\/2023\/10\/22058-stylo-blancheur-dent-healthcare__07846.1678952968-150x150.jpg 150w, https:\/\/shopvalley.fr\/wp-content\/uploads\/2023\/10\/22058-stylo-blancheur-dent-healthcare__07846.1678952968-300x300.jpg 300w, https:\/\/shopvalley.fr\/wp-content\/uploads\/2023\/10\/22058-stylo-blancheur-dent-healthcare__07846.1678952968-146x146.jpg 146w\" sizes=\"auto, (max-width: 433px) 100vw, 433px\" \/><\/p>\n<h5><span style=\"font-size: 14pt; color: #000000;\"><strong>Las ventajas de nuestro bol\u00edgrafo blanqueador dental WhiteTeeth<\/strong><\/span><\/h5>\n<p><span style=\"font-size: 14pt; color: #000000;\">Por eso nuestra Pluma Blanqueadora es la elecci\u00f3n ideal para unos dientes m\u00e1s blancos y una sonrisa m\u00e1s brillante:<\/span><\/p>\n<p><span style=\"font-size: 14pt; color: #000000;\"><strong>&#8211; Elimina las manchas acumuladas a lo largo de los a\u00f1os<\/strong><\/span><\/p>\n<p><span style=\"font-size: 14pt; color: #000000;\"><strong>&#8211; Limpieza profunda<\/strong><\/span><\/p>\n<p><span style=\"font-size: 14pt; color: #000000;\"><strong>&#8211; Protege el esmalte y las enc\u00edas<\/strong><\/span><\/p>\n<p><span style=\"font-size: 14pt; color: #000000;\"><strong>&#8211; Transforma los dientes amarillos en blancos nacarados<\/strong><\/span><\/p>\n<p><span style=\"font-size: 14pt; color: #000000;\"><strong>&#8211; Refresca el aliento y elimina la halitosis<\/strong><\/span><\/p>\n<p><span style=\"font-size: 14pt; color: #000000;\"><strong>&#8211; Pr\u00e1ctico para tus viajes<\/strong><\/span><\/p>\n<p><span style=\"font-size: 14pt; color: #000000;\"><strong>Ingredientes:<\/strong> Nuestra f\u00f3rmula suave y eficaz incluye agua, glicerina, per\u00f3xido de hidr\u00f3geno, mentol y otros ingredientes de alta calidad para unos resultados impresionantes.<\/span><\/p>\n<p><img loading=\"lazy\" decoding=\"async\" class=\"aligncenter wp-image-22067\" src=\"http:\/\/shopvalley.fr\/wp-content\/uploads\/2023\/10\/22058-stylo-blancheur-dent-healthcare__90064.1678952969.jpg\" alt=\"\" width=\"416\" height=\"430\" srcset=\"https:\/\/shopvalley.fr\/wp-content\/uploads\/2023\/10\/22058-stylo-blancheur-dent-healthcare__90064.1678952969.jpg 600w, https:\/\/shopvalley.fr\/wp-content\/uploads\/2023\/10\/22058-stylo-blancheur-dent-healthcare__90064.1678952969-150x155.jpg 150w, https:\/\/shopvalley.fr\/wp-content\/uploads\/2023\/10\/22058-stylo-blancheur-dent-healthcare__90064.1678952969-290x300.jpg 290w, https:\/\/shopvalley.fr\/wp-content\/uploads\/2023\/10\/22058-stylo-blancheur-dent-healthcare__90064.1678952969-141x146.jpg 141w\" sizes=\"auto, (max-width: 416px) 100vw, 416px\" \/><\/p>\n<p><span style=\"font-size: 14pt; color: #000000;\">Descubre el poder del L\u00e1piz Blanqueador Dental WhiteTeeth para unos dientes m\u00e1s blancos y una sonrisa radiante. \u00a1Pide el tuyo hoy mismo y transforma tu sonrisa! <\/span><\/p>\n","protected":false},"excerpt":{"rendered":"<p><span style=\"font-size: 14pt; color: #000000;\">Bol\u00edgrafo blanqueador dental WhiteTeeth para unos dientes m\u00e1s blancos y una sonrisa radiante<\/span><\/p>\n","protected":false},"featured_media":38118,"comment_status":"closed","ping_status":"closed","template":"","meta":[],"product_brand":[],"product_cat":[853],"product_tag":[1007,990],"class_list":{"0":"post-41035","1":"product","2":"type-product","3":"status-publish","4":"has-post-thumbnail","6":"product_cat-non-classe","7":"product_tag-dental","8":"product_tag-noflash-es","10":"first","11":"instock","12":"sale","13":"taxable","14":"shipping-taxable","15":"purchasable","16":"product-type-simple"},"yoast_head":"<!-- This site is optimized with the Yoast SEO plugin v27.4 - https:\/\/yoast.com\/product\/yoast-seo-wordpress\/ -->\n<title>Bol\u00edgrafo blanqueador dental - Dientes blancos - ShopValley<\/title>\n<meta name=\"description\" content=\"Descubre el bol\u00edgrafo blanqueador dental WhiteTeeth para unos dientes m\u00e1s blancos y una sonrisa radiante. La sencillez del blanqueamiento dental en casa.\" \/>\n<meta name=\"robots\" content=\"index, follow, max-snippet:-1, max-image-preview:large, max-video-preview:-1\" \/>\n<link rel=\"canonical\" href=\"https:\/\/shopvalley.fr\/es\/produit\/boligrafo-blanqueador-dental-dientes-blancos\/\" \/>\n<meta property=\"og:locale\" content=\"es_ES\" \/>\n<meta property=\"og:type\" content=\"article\" \/>\n<meta property=\"og:title\" content=\"Bol\u00edgrafo blanqueador dental - Dientes blancos - ShopValley\" \/>\n<meta property=\"og:description\" content=\"Descubre el bol\u00edgrafo blanqueador dental WhiteTeeth para unos dientes m\u00e1s blancos y una sonrisa radiante. La sencillez del blanqueamiento dental en casa.\" \/>\n<meta property=\"og:url\" content=\"https:\/\/shopvalley.fr\/es\/produit\/boligrafo-blanqueador-dental-dientes-blancos\/\" \/>\n<meta property=\"og:site_name\" content=\"ShopValley\" \/>\n<meta property=\"article:modified_time\" content=\"2025-11-18T19:55:28+00:00\" \/>\n<meta property=\"og:image\" content=\"http:\/\/shopvalley.fr\/wp-content\/uploads\/2023\/10\/S0bbf14496dde420f82075105b2896c3bV.jpg\" \/>\n\t<meta property=\"og:image:width\" content=\"1000\" \/>\n\t<meta property=\"og:image:height\" content=\"1000\" \/>\n\t<meta property=\"og:image:type\" content=\"image\/jpeg\" \/>\n<script type=\"application\/ld+json\" class=\"yoast-schema-graph\">{\"@context\":\"https:\\\/\\\/schema.org\",\"@graph\":[{\"@type\":\"WebPage\",\"@id\":\"https:\\\/\\\/shopvalley.fr\\\/es\\\/produit\\\/boligrafo-blanqueador-dental-dientes-blancos\\\/\",\"url\":\"https:\\\/\\\/shopvalley.fr\\\/es\\\/produit\\\/boligrafo-blanqueador-dental-dientes-blancos\\\/\",\"name\":\"Bol\u00edgrafo blanqueador dental - Dientes blancos - ShopValley\",\"isPartOf\":{\"@id\":\"https:\\\/\\\/shopvalley.fr\\\/es\\\/#website\"},\"primaryImageOfPage\":{\"@id\":\"https:\\\/\\\/shopvalley.fr\\\/es\\\/produit\\\/boligrafo-blanqueador-dental-dientes-blancos\\\/#primaryimage\"},\"image\":{\"@id\":\"https:\\\/\\\/shopvalley.fr\\\/es\\\/produit\\\/boligrafo-blanqueador-dental-dientes-blancos\\\/#primaryimage\"},\"thumbnailUrl\":\"https:\\\/\\\/shopvalley.fr\\\/wp-content\\\/uploads\\\/2023\\\/10\\\/S0bbf14496dde420f82075105b2896c3bV.jpg\",\"datePublished\":\"2023-10-18T17:47:10+00:00\",\"dateModified\":\"2025-11-18T19:55:28+00:00\",\"description\":\"Descubre el bol\u00edgrafo blanqueador dental WhiteTeeth para unos dientes m\u00e1s blancos y una sonrisa radiante. La sencillez del blanqueamiento dental en casa.\",\"breadcrumb\":{\"@id\":\"https:\\\/\\\/shopvalley.fr\\\/es\\\/produit\\\/boligrafo-blanqueador-dental-dientes-blancos\\\/#breadcrumb\"},\"inLanguage\":\"es\",\"potentialAction\":[{\"@type\":\"ReadAction\",\"target\":[\"https:\\\/\\\/shopvalley.fr\\\/es\\\/produit\\\/boligrafo-blanqueador-dental-dientes-blancos\\\/\"]}]},{\"@type\":\"ImageObject\",\"inLanguage\":\"es\",\"@id\":\"https:\\\/\\\/shopvalley.fr\\\/es\\\/produit\\\/boligrafo-blanqueador-dental-dientes-blancos\\\/#primaryimage\",\"url\":\"https:\\\/\\\/shopvalley.fr\\\/wp-content\\\/uploads\\\/2023\\\/10\\\/S0bbf14496dde420f82075105b2896c3bV.jpg\",\"contentUrl\":\"https:\\\/\\\/shopvalley.fr\\\/wp-content\\\/uploads\\\/2023\\\/10\\\/S0bbf14496dde420f82075105b2896c3bV.jpg\",\"width\":1000,\"height\":1000},{\"@type\":\"BreadcrumbList\",\"@id\":\"https:\\\/\\\/shopvalley.fr\\\/es\\\/produit\\\/boligrafo-blanqueador-dental-dientes-blancos\\\/#breadcrumb\",\"itemListElement\":[{\"@type\":\"ListItem\",\"position\":1,\"name\":\"Accueil\",\"item\":\"https:\\\/\\\/shopvalley.fr\\\/es\\\/\"},{\"@type\":\"ListItem\",\"position\":2,\"name\":\"Todos los productos\",\"item\":\"https:\\\/\\\/shopvalley.fr\\\/es\\\/todos-los-productos\\\/\"},{\"@type\":\"ListItem\",\"position\":3,\"name\":\"Hygi\u00e8ne et Sant\u00e9\",\"item\":\"https:\\\/\\\/shopvalley.fr\\\/categorie-produit\\\/hygiene-et-sante\\\/\"},{\"@type\":\"ListItem\",\"position\":4,\"name\":\"Bol\u00edgrafo blanqueador dental &#8211; Dientes blancos\"}]},{\"@type\":\"WebSite\",\"@id\":\"https:\\\/\\\/shopvalley.fr\\\/es\\\/#website\",\"url\":\"https:\\\/\\\/shopvalley.fr\\\/es\\\/\",\"name\":\"ShopValley\",\"description\":\"\u00a1Productos de moda a precios bajos!\",\"publisher\":{\"@id\":\"https:\\\/\\\/shopvalley.fr\\\/es\\\/#organization\"},\"potentialAction\":[{\"@type\":\"SearchAction\",\"target\":{\"@type\":\"EntryPoint\",\"urlTemplate\":\"https:\\\/\\\/shopvalley.fr\\\/es\\\/?s={search_term_string}\"},\"query-input\":{\"@type\":\"PropertyValueSpecification\",\"valueRequired\":true,\"valueName\":\"search_term_string\"}}],\"inLanguage\":\"es\"},{\"@type\":\"Organization\",\"@id\":\"https:\\\/\\\/shopvalley.fr\\\/es\\\/#organization\",\"name\":\"Shopvalley\",\"url\":\"https:\\\/\\\/shopvalley.fr\\\/es\\\/\",\"logo\":{\"@type\":\"ImageObject\",\"inLanguage\":\"es\",\"@id\":\"https:\\\/\\\/shopvalley.fr\\\/es\\\/#\\\/schema\\\/logo\\\/image\\\/\",\"url\":\"https:\\\/\\\/shopvalley.fr\\\/wp-content\\\/uploads\\\/2023\\\/11\\\/cropped-Copie-de-Logo-ShopValley-500-x-500-px-1.png\",\"contentUrl\":\"https:\\\/\\\/shopvalley.fr\\\/wp-content\\\/uploads\\\/2023\\\/11\\\/cropped-Copie-de-Logo-ShopValley-500-x-500-px-1.png\",\"width\":512,\"height\":512,\"caption\":\"Shopvalley\"},\"image\":{\"@id\":\"https:\\\/\\\/shopvalley.fr\\\/es\\\/#\\\/schema\\\/logo\\\/image\\\/\"}}]}<\/script>\n<!-- \/ Yoast SEO plugin. -->","yoast_head_json":{"title":"Bol\u00edgrafo blanqueador dental - Dientes blancos - ShopValley","description":"Descubre el bol\u00edgrafo blanqueador dental WhiteTeeth para unos dientes m\u00e1s blancos y una sonrisa radiante. La sencillez del blanqueamiento dental en casa.","robots":{"index":"index","follow":"follow","max-snippet":"max-snippet:-1","max-image-preview":"max-image-preview:large","max-video-preview":"max-video-preview:-1"},"canonical":"https:\/\/shopvalley.fr\/es\/produit\/boligrafo-blanqueador-dental-dientes-blancos\/","og_locale":"es_ES","og_type":"article","og_title":"Bol\u00edgrafo blanqueador dental - Dientes blancos - ShopValley","og_description":"Descubre el bol\u00edgrafo blanqueador dental WhiteTeeth para unos dientes m\u00e1s blancos y una sonrisa radiante. La sencillez del blanqueamiento dental en casa.","og_url":"https:\/\/shopvalley.fr\/es\/produit\/boligrafo-blanqueador-dental-dientes-blancos\/","og_site_name":"ShopValley","article_modified_time":"2025-11-18T19:55:28+00:00","og_image":[{"width":1000,"height":1000,"url":"http:\/\/shopvalley.fr\/wp-content\/uploads\/2023\/10\/S0bbf14496dde420f82075105b2896c3bV.jpg","type":"image\/jpeg"}],"schema":{"@context":"https:\/\/schema.org","@graph":[{"@type":"WebPage","@id":"https:\/\/shopvalley.fr\/es\/produit\/boligrafo-blanqueador-dental-dientes-blancos\/","url":"https:\/\/shopvalley.fr\/es\/produit\/boligrafo-blanqueador-dental-dientes-blancos\/","name":"Bol\u00edgrafo blanqueador dental - Dientes blancos - ShopValley","isPartOf":{"@id":"https:\/\/shopvalley.fr\/es\/#website"},"primaryImageOfPage":{"@id":"https:\/\/shopvalley.fr\/es\/produit\/boligrafo-blanqueador-dental-dientes-blancos\/#primaryimage"},"image":{"@id":"https:\/\/shopvalley.fr\/es\/produit\/boligrafo-blanqueador-dental-dientes-blancos\/#primaryimage"},"thumbnailUrl":"https:\/\/shopvalley.fr\/wp-content\/uploads\/2023\/10\/S0bbf14496dde420f82075105b2896c3bV.jpg","datePublished":"2023-10-18T17:47:10+00:00","dateModified":"2025-11-18T19:55:28+00:00","description":"Descubre el bol\u00edgrafo blanqueador dental WhiteTeeth para unos dientes m\u00e1s blancos y una sonrisa radiante. La sencillez del blanqueamiento dental en casa.","breadcrumb":{"@id":"https:\/\/shopvalley.fr\/es\/produit\/boligrafo-blanqueador-dental-dientes-blancos\/#breadcrumb"},"inLanguage":"es","potentialAction":[{"@type":"ReadAction","target":["https:\/\/shopvalley.fr\/es\/produit\/boligrafo-blanqueador-dental-dientes-blancos\/"]}]},{"@type":"ImageObject","inLanguage":"es","@id":"https:\/\/shopvalley.fr\/es\/produit\/boligrafo-blanqueador-dental-dientes-blancos\/#primaryimage","url":"https:\/\/shopvalley.fr\/wp-content\/uploads\/2023\/10\/S0bbf14496dde420f82075105b2896c3bV.jpg","contentUrl":"https:\/\/shopvalley.fr\/wp-content\/uploads\/2023\/10\/S0bbf14496dde420f82075105b2896c3bV.jpg","width":1000,"height":1000},{"@type":"BreadcrumbList","@id":"https:\/\/shopvalley.fr\/es\/produit\/boligrafo-blanqueador-dental-dientes-blancos\/#breadcrumb","itemListElement":[{"@type":"ListItem","position":1,"name":"Accueil","item":"https:\/\/shopvalley.fr\/es\/"},{"@type":"ListItem","position":2,"name":"Todos los productos","item":"https:\/\/shopvalley.fr\/es\/todos-los-productos\/"},{"@type":"ListItem","position":3,"name":"Hygi\u00e8ne et Sant\u00e9","item":"https:\/\/shopvalley.fr\/categorie-produit\/hygiene-et-sante\/"},{"@type":"ListItem","position":4,"name":"Bol\u00edgrafo blanqueador dental &#8211; Dientes blancos"}]},{"@type":"WebSite","@id":"https:\/\/shopvalley.fr\/es\/#website","url":"https:\/\/shopvalley.fr\/es\/","name":"ShopValley","description":"\u00a1Productos de moda a precios bajos!","publisher":{"@id":"https:\/\/shopvalley.fr\/es\/#organization"},"potentialAction":[{"@type":"SearchAction","target":{"@type":"EntryPoint","urlTemplate":"https:\/\/shopvalley.fr\/es\/?s={search_term_string}"},"query-input":{"@type":"PropertyValueSpecification","valueRequired":true,"valueName":"search_term_string"}}],"inLanguage":"es"},{"@type":"Organization","@id":"https:\/\/shopvalley.fr\/es\/#organization","name":"Shopvalley","url":"https:\/\/shopvalley.fr\/es\/","logo":{"@type":"ImageObject","inLanguage":"es","@id":"https:\/\/shopvalley.fr\/es\/#\/schema\/logo\/image\/","url":"https:\/\/shopvalley.fr\/wp-content\/uploads\/2023\/11\/cropped-Copie-de-Logo-ShopValley-500-x-500-px-1.png","contentUrl":"https:\/\/shopvalley.fr\/wp-content\/uploads\/2023\/11\/cropped-Copie-de-Logo-ShopValley-500-x-500-px-1.png","width":512,"height":512,"caption":"Shopvalley"},"image":{"@id":"https:\/\/shopvalley.fr\/es\/#\/schema\/logo\/image\/"}}]}},"jetpack_sharing_enabled":true,"_links":{"self":[{"href":"https:\/\/shopvalley.fr\/es\/wp-json\/wp\/v2\/product\/41035","targetHints":{"allow":["GET"]}}],"collection":[{"href":"https:\/\/shopvalley.fr\/es\/wp-json\/wp\/v2\/product"}],"about":[{"href":"https:\/\/shopvalley.fr\/es\/wp-json\/wp\/v2\/types\/product"}],"replies":[{"embeddable":true,"href":"https:\/\/shopvalley.fr\/es\/wp-json\/wp\/v2\/comments?post=41035"}],"version-history":[{"count":1,"href":"https:\/\/shopvalley.fr\/es\/wp-json\/wp\/v2\/product\/41035\/revisions"}],"predecessor-version":[{"id":51564,"href":"https:\/\/shopvalley.fr\/es\/wp-json\/wp\/v2\/product\/41035\/revisions\/51564"}],"wp:featuredmedia":[{"embeddable":true,"href":"https:\/\/shopvalley.fr\/es\/wp-json\/wp\/v2\/media\/38118"}],"wp:attachment":[{"href":"https:\/\/shopvalley.fr\/es\/wp-json\/wp\/v2\/media?parent=41035"}],"wp:term":[{"taxonomy":"product_brand","embeddable":true,"href":"https:\/\/shopvalley.fr\/es\/wp-json\/wp\/v2\/product_brand?post=41035"},{"taxonomy":"product_cat","embeddable":true,"href":"https:\/\/shopvalley.fr\/es\/wp-json\/wp\/v2\/product_cat?post=41035"},{"taxonomy":"product_tag","embeddable":true,"href":"https:\/\/shopvalley.fr\/es\/wp-json\/wp\/v2\/product_tag?post=41035"}],"curies":[{"name":"wp","href":"https:\/\/api.w.org\/{rel}","templated":true}]}}