{"id":41033,"date":"2024-03-02T16:09:23","date_gmt":"2024-03-02T15:09:23","guid":{"rendered":"https:\/\/shopvalley.fr\/produit\/potente-linterna-frontal-recargable-por-usb\/"},"modified":"2025-11-18T20:56:14","modified_gmt":"2025-11-18T19:56:14","slug":"potente-linterna-frontal-recargable-por-usb","status":"publish","type":"product","link":"https:\/\/shopvalley.fr\/es\/produit\/potente-linterna-frontal-recargable-por-usb\/","title":{"rendered":"Potente linterna frontal recargable por USB"},"content":{"rendered":"<h5><span style=\"font-size: 14pt; color: #000000;\">\ud83d\udd26\ud83d\udca1 <strong>\u00a1Descubre la potente linterna frontal recargable por USB para aventuras sin l\u00edmites!<\/strong><\/span><\/h5>\n<p><span style=\"font-size: 14pt; color: #000000;\">El Potente Faro Recargable por USB es mucho m\u00e1s que un simple accesorio. Es un compa\u00f1ero fiable dise\u00f1ado para satisfacer tus necesidades de iluminaci\u00f3n durante tus escapadas al aire libre. Con unos deslumbrantes 1000 l\u00famenes, ilumina tu camino con una claridad asombrosa, permiti\u00e9ndote explorar la noche con confianza. <\/span><\/p>\n<p><img loading=\"lazy\" decoding=\"async\" class=\"aligncenter wp-image-26795 \" src=\"http:\/\/shopvalley.fr\/wp-content\/uploads\/2024\/03\/Lampe_Frontale-2.png\" alt=\"\" width=\"436\" height=\"436\" srcset=\"https:\/\/shopvalley.fr\/wp-content\/uploads\/2024\/03\/Lampe_Frontale-2.png 750w, https:\/\/shopvalley.fr\/wp-content\/uploads\/2024\/03\/Lampe_Frontale-2-430x430.png 430w, https:\/\/shopvalley.fr\/wp-content\/uploads\/2024\/03\/Lampe_Frontale-2-150x150.png 150w, https:\/\/shopvalley.fr\/wp-content\/uploads\/2024\/03\/Lampe_Frontale-2-700x700.png 700w, https:\/\/shopvalley.fr\/wp-content\/uploads\/2024\/03\/Lampe_Frontale-2-300x300.png 300w\" sizes=\"auto, (max-width: 436px) 100vw, 436px\" \/><\/p>\n<h5><span style=\"font-size: 14pt; color: #000000;\">\ud83d\udca1 <strong>Potente y vers\u00e1til: Ilumina tu aventura<\/strong><\/span><\/h5>\n<p><span style=\"font-size: 14pt; color: #000000;\">Ya est\u00e9s de acampada, de excursi\u00f3n o en plena naturaleza, esta linterna frontal te acompa\u00f1ar\u00e1 con sus m\u00faltiples fuentes de luz, que ofrecen niveles de brillo de hasta 1000 l\u00famenes. Con la posibilidad de ajustar tanto el brillo como el color de la luz, es perfecta para cualquier situaci\u00f3n. <\/span><\/p>\n<p><img loading=\"lazy\" decoding=\"async\" class=\"aligncenter wp-image-26796 \" src=\"http:\/\/shopvalley.fr\/wp-content\/uploads\/2024\/03\/Lampe_Frontale-3.png\" alt=\"\" width=\"447\" height=\"447\" srcset=\"https:\/\/shopvalley.fr\/wp-content\/uploads\/2024\/03\/Lampe_Frontale-3.png 750w, https:\/\/shopvalley.fr\/wp-content\/uploads\/2024\/03\/Lampe_Frontale-3-430x430.png 430w, https:\/\/shopvalley.fr\/wp-content\/uploads\/2024\/03\/Lampe_Frontale-3-150x150.png 150w, https:\/\/shopvalley.fr\/wp-content\/uploads\/2024\/03\/Lampe_Frontale-3-700x700.png 700w, https:\/\/shopvalley.fr\/wp-content\/uploads\/2024\/03\/Lampe_Frontale-3-300x300.png 300w\" sizes=\"auto, (max-width: 447px) 100vw, 447px\" \/><\/p>\n<h5><span style=\"font-size: 14pt; color: #000000;\">\ud83d\udca7 <strong>Dise\u00f1o robusto, adecuado para todas las condiciones: Listo para la aventura<\/strong><\/span><\/h5>\n<p><span style=\"font-size: 14pt; color: #000000;\">Fabricada para soportar los retos de la vida al aire libre, esta linterna frontal tiene una construcci\u00f3n robusta y es resistente a los golpes hasta 1 metro. Adem\u00e1s, con una clasificaci\u00f3n IP65, es impermeable, lo que te permite enfrentarte a los elementos sin miedo, ya sea bajo una lluvia torrencial o en entornos polvorientos. <\/span><\/p>\n<p><img loading=\"lazy\" decoding=\"async\" class=\"aligncenter wp-image-26797\" src=\"http:\/\/shopvalley.fr\/wp-content\/uploads\/2024\/03\/Lampe_Frontale-4.png\" alt=\"\" width=\"443\" height=\"443\" srcset=\"https:\/\/shopvalley.fr\/wp-content\/uploads\/2024\/03\/Lampe_Frontale-4.png 800w, https:\/\/shopvalley.fr\/wp-content\/uploads\/2024\/03\/Lampe_Frontale-4-430x430.png 430w, https:\/\/shopvalley.fr\/wp-content\/uploads\/2024\/03\/Lampe_Frontale-4-150x150.png 150w, https:\/\/shopvalley.fr\/wp-content\/uploads\/2024\/03\/Lampe_Frontale-4-700x700.png 700w, https:\/\/shopvalley.fr\/wp-content\/uploads\/2024\/03\/Lampe_Frontale-4-300x300.png 300w, https:\/\/shopvalley.fr\/wp-content\/uploads\/2024\/03\/Lampe_Frontale-4-768x768.png 768w\" sizes=\"auto, (max-width: 443px) 100vw, 443px\" \/><\/p>\n<h5><span style=\"font-size: 14pt; color: #000000;\">\ud83d\udd0b <strong>Bater\u00eda de larga duraci\u00f3n y recarga r\u00e1pida: no dejes que la oscuridad te detenga<\/strong><\/span><\/h5>\n<p><span style=\"font-size: 14pt; color: #000000;\">Con una bater\u00eda de pol\u00edmero de litio de 1200 mAh, esta linterna frontal ofrece una impresionante autonom\u00eda de 7 a 16 horas con una sola carga, lo que te garantiza una fuente de luz fiable durante toda tu aventura. Adem\u00e1s, gracias a su puerto USB-C, se recarga r\u00e1pidamente en s\u00f3lo 4 horas, para que puedas volver a explorar en un abrir y cerrar de ojos. <\/span><\/p>\n<p><img loading=\"lazy\" decoding=\"async\" class=\"aligncenter wp-image-26799\" src=\"http:\/\/shopvalley.fr\/wp-content\/uploads\/2024\/03\/Lampe_Frontale-6.png\" alt=\"\" width=\"470\" height=\"470\" srcset=\"https:\/\/shopvalley.fr\/wp-content\/uploads\/2024\/03\/Lampe_Frontale-6.png 800w, https:\/\/shopvalley.fr\/wp-content\/uploads\/2024\/03\/Lampe_Frontale-6-430x430.png 430w, https:\/\/shopvalley.fr\/wp-content\/uploads\/2024\/03\/Lampe_Frontale-6-150x150.png 150w, https:\/\/shopvalley.fr\/wp-content\/uploads\/2024\/03\/Lampe_Frontale-6-700x700.png 700w, https:\/\/shopvalley.fr\/wp-content\/uploads\/2024\/03\/Lampe_Frontale-6-300x300.png 300w, https:\/\/shopvalley.fr\/wp-content\/uploads\/2024\/03\/Lampe_Frontale-6-768x768.png 768w\" sizes=\"auto, (max-width: 470px) 100vw, 470px\" \/><\/p>\n<h5><span style=\"font-size: 14pt; color: #000000;\">\ud83c\udfde\ufe0f <strong>Tu compa\u00f1ero de aventuras definitivo<\/strong><\/span><\/h5>\n<p><span style=\"font-size: 14pt; color: #000000;\">Tanto si eres un entusiasta de las actividades al aire libre, un campista experimentado o un intr\u00e9pido aventurero, la Linterna frontal potente recargable por USB es la herramienta esencial para iluminar tu camino y guiarte en todas tus aventuras al aire libre. Con su rendimiento, durabilidad y practicidad inigualables, se convertir\u00e1 r\u00e1pidamente en tu compa\u00f1ero de confianza para todas tus expediciones nocturnas. <\/span><\/p>\n","protected":false},"excerpt":{"rendered":"<p><span style=\"font-size: 14pt; color: #000000;\">La herramienta esencial para iluminar tu camino<\/span><\/p>\n","protected":false},"featured_media":39498,"comment_status":"closed","ping_status":"closed","template":"","meta":[],"product_brand":[1139],"product_cat":[988,1085],"product_tag":[990],"class_list":{"0":"post-41033","1":"product","2":"type-product","3":"status-publish","4":"has-post-thumbnail","6":"product_brand-shopvalley","7":"product_cat-accesorios","8":"product_cat-shopping_es-es","9":"product_tag-noflash-es","11":"first","12":"instock","13":"sale","14":"taxable","15":"shipping-taxable","16":"purchasable","17":"product-type-simple"},"yoast_head":"<!-- This site is optimized with the Yoast SEO plugin v27.4 - https:\/\/yoast.com\/product\/yoast-seo-wordpress\/ -->\n<title>Potente linterna frontal recargable por USB - ShopValley<\/title>\n<meta name=\"description\" content=\"La potente linterna frontal recargable por USB es la herramienta esencial para iluminar tu camino y guiarte en todas tus aventuras al aire libre.\" \/>\n<meta name=\"robots\" content=\"index, follow, max-snippet:-1, max-image-preview:large, max-video-preview:-1\" \/>\n<link rel=\"canonical\" href=\"https:\/\/shopvalley.fr\/es\/produit\/potente-linterna-frontal-recargable-por-usb\/\" \/>\n<meta property=\"og:locale\" content=\"es_ES\" \/>\n<meta property=\"og:type\" content=\"article\" \/>\n<meta property=\"og:title\" content=\"Potente linterna frontal recargable por USB - ShopValley\" \/>\n<meta property=\"og:description\" content=\"La potente linterna frontal recargable por USB es la herramienta esencial para iluminar tu camino y guiarte en todas tus aventuras al aire libre.\" \/>\n<meta property=\"og:url\" content=\"https:\/\/shopvalley.fr\/es\/produit\/potente-linterna-frontal-recargable-por-usb\/\" \/>\n<meta property=\"og:site_name\" content=\"ShopValley\" \/>\n<meta property=\"article:modified_time\" content=\"2025-11-18T19:56:14+00:00\" \/>\n<meta property=\"og:image\" content=\"https:\/\/shopvalley.fr\/wp-content\/uploads\/2024\/03\/Lampe_Frontale-5.png\" \/>\n\t<meta property=\"og:image:width\" content=\"800\" \/>\n\t<meta property=\"og:image:height\" content=\"800\" \/>\n\t<meta property=\"og:image:type\" content=\"image\/png\" \/>\n<script type=\"application\/ld+json\" class=\"yoast-schema-graph\">{\"@context\":\"https:\\\/\\\/schema.org\",\"@graph\":[{\"@type\":\"WebPage\",\"@id\":\"https:\\\/\\\/shopvalley.fr\\\/es\\\/produit\\\/potente-linterna-frontal-recargable-por-usb\\\/\",\"url\":\"https:\\\/\\\/shopvalley.fr\\\/es\\\/produit\\\/potente-linterna-frontal-recargable-por-usb\\\/\",\"name\":\"Potente linterna frontal recargable por USB - ShopValley\",\"isPartOf\":{\"@id\":\"https:\\\/\\\/shopvalley.fr\\\/es\\\/#website\"},\"primaryImageOfPage\":{\"@id\":\"https:\\\/\\\/shopvalley.fr\\\/es\\\/produit\\\/potente-linterna-frontal-recargable-por-usb\\\/#primaryimage\"},\"image\":{\"@id\":\"https:\\\/\\\/shopvalley.fr\\\/es\\\/produit\\\/potente-linterna-frontal-recargable-por-usb\\\/#primaryimage\"},\"thumbnailUrl\":\"https:\\\/\\\/shopvalley.fr\\\/wp-content\\\/uploads\\\/2024\\\/03\\\/Lampe_Frontale-5.png\",\"datePublished\":\"2024-03-02T15:09:23+00:00\",\"dateModified\":\"2025-11-18T19:56:14+00:00\",\"description\":\"La potente linterna frontal recargable por USB es la herramienta esencial para iluminar tu camino y guiarte en todas tus aventuras al aire libre.\",\"breadcrumb\":{\"@id\":\"https:\\\/\\\/shopvalley.fr\\\/es\\\/produit\\\/potente-linterna-frontal-recargable-por-usb\\\/#breadcrumb\"},\"inLanguage\":\"es\",\"potentialAction\":[{\"@type\":\"ReadAction\",\"target\":[\"https:\\\/\\\/shopvalley.fr\\\/es\\\/produit\\\/potente-linterna-frontal-recargable-por-usb\\\/\"]}]},{\"@type\":\"ImageObject\",\"inLanguage\":\"es\",\"@id\":\"https:\\\/\\\/shopvalley.fr\\\/es\\\/produit\\\/potente-linterna-frontal-recargable-por-usb\\\/#primaryimage\",\"url\":\"https:\\\/\\\/shopvalley.fr\\\/wp-content\\\/uploads\\\/2024\\\/03\\\/Lampe_Frontale-5.png\",\"contentUrl\":\"https:\\\/\\\/shopvalley.fr\\\/wp-content\\\/uploads\\\/2024\\\/03\\\/Lampe_Frontale-5.png\",\"width\":800,\"height\":800},{\"@type\":\"BreadcrumbList\",\"@id\":\"https:\\\/\\\/shopvalley.fr\\\/es\\\/produit\\\/potente-linterna-frontal-recargable-por-usb\\\/#breadcrumb\",\"itemListElement\":[{\"@type\":\"ListItem\",\"position\":1,\"name\":\"Accueil\",\"item\":\"https:\\\/\\\/shopvalley.fr\\\/es\\\/\"},{\"@type\":\"ListItem\",\"position\":2,\"name\":\"Todos los productos\",\"item\":\"https:\\\/\\\/shopvalley.fr\\\/es\\\/todos-los-productos\\\/\"},{\"@type\":\"ListItem\",\"position\":3,\"name\":\"Accesorios\",\"item\":\"https:\\\/\\\/shopvalley.fr\\\/es\\\/categorie-produit\\\/accesorios\\\/\"},{\"@type\":\"ListItem\",\"position\":4,\"name\":\"Potente linterna frontal recargable por USB\"}]},{\"@type\":\"WebSite\",\"@id\":\"https:\\\/\\\/shopvalley.fr\\\/es\\\/#website\",\"url\":\"https:\\\/\\\/shopvalley.fr\\\/es\\\/\",\"name\":\"ShopValley\",\"description\":\"\u00a1Productos de moda a precios bajos!\",\"publisher\":{\"@id\":\"https:\\\/\\\/shopvalley.fr\\\/es\\\/#organization\"},\"potentialAction\":[{\"@type\":\"SearchAction\",\"target\":{\"@type\":\"EntryPoint\",\"urlTemplate\":\"https:\\\/\\\/shopvalley.fr\\\/es\\\/?s={search_term_string}\"},\"query-input\":{\"@type\":\"PropertyValueSpecification\",\"valueRequired\":true,\"valueName\":\"search_term_string\"}}],\"inLanguage\":\"es\"},{\"@type\":\"Organization\",\"@id\":\"https:\\\/\\\/shopvalley.fr\\\/es\\\/#organization\",\"name\":\"Shopvalley\",\"url\":\"https:\\\/\\\/shopvalley.fr\\\/es\\\/\",\"logo\":{\"@type\":\"ImageObject\",\"inLanguage\":\"es\",\"@id\":\"https:\\\/\\\/shopvalley.fr\\\/es\\\/#\\\/schema\\\/logo\\\/image\\\/\",\"url\":\"https:\\\/\\\/shopvalley.fr\\\/wp-content\\\/uploads\\\/2023\\\/11\\\/cropped-Copie-de-Logo-ShopValley-500-x-500-px-1.png\",\"contentUrl\":\"https:\\\/\\\/shopvalley.fr\\\/wp-content\\\/uploads\\\/2023\\\/11\\\/cropped-Copie-de-Logo-ShopValley-500-x-500-px-1.png\",\"width\":512,\"height\":512,\"caption\":\"Shopvalley\"},\"image\":{\"@id\":\"https:\\\/\\\/shopvalley.fr\\\/es\\\/#\\\/schema\\\/logo\\\/image\\\/\"}}]}<\/script>\n<!-- \/ Yoast SEO plugin. -->","yoast_head_json":{"title":"Potente linterna frontal recargable por USB - ShopValley","description":"La potente linterna frontal recargable por USB es la herramienta esencial para iluminar tu camino y guiarte en todas tus aventuras al aire libre.","robots":{"index":"index","follow":"follow","max-snippet":"max-snippet:-1","max-image-preview":"max-image-preview:large","max-video-preview":"max-video-preview:-1"},"canonical":"https:\/\/shopvalley.fr\/es\/produit\/potente-linterna-frontal-recargable-por-usb\/","og_locale":"es_ES","og_type":"article","og_title":"Potente linterna frontal recargable por USB - ShopValley","og_description":"La potente linterna frontal recargable por USB es la herramienta esencial para iluminar tu camino y guiarte en todas tus aventuras al aire libre.","og_url":"https:\/\/shopvalley.fr\/es\/produit\/potente-linterna-frontal-recargable-por-usb\/","og_site_name":"ShopValley","article_modified_time":"2025-11-18T19:56:14+00:00","og_image":[{"width":800,"height":800,"url":"https:\/\/shopvalley.fr\/wp-content\/uploads\/2024\/03\/Lampe_Frontale-5.png","type":"image\/png"}],"schema":{"@context":"https:\/\/schema.org","@graph":[{"@type":"WebPage","@id":"https:\/\/shopvalley.fr\/es\/produit\/potente-linterna-frontal-recargable-por-usb\/","url":"https:\/\/shopvalley.fr\/es\/produit\/potente-linterna-frontal-recargable-por-usb\/","name":"Potente linterna frontal recargable por USB - ShopValley","isPartOf":{"@id":"https:\/\/shopvalley.fr\/es\/#website"},"primaryImageOfPage":{"@id":"https:\/\/shopvalley.fr\/es\/produit\/potente-linterna-frontal-recargable-por-usb\/#primaryimage"},"image":{"@id":"https:\/\/shopvalley.fr\/es\/produit\/potente-linterna-frontal-recargable-por-usb\/#primaryimage"},"thumbnailUrl":"https:\/\/shopvalley.fr\/wp-content\/uploads\/2024\/03\/Lampe_Frontale-5.png","datePublished":"2024-03-02T15:09:23+00:00","dateModified":"2025-11-18T19:56:14+00:00","description":"La potente linterna frontal recargable por USB es la herramienta esencial para iluminar tu camino y guiarte en todas tus aventuras al aire libre.","breadcrumb":{"@id":"https:\/\/shopvalley.fr\/es\/produit\/potente-linterna-frontal-recargable-por-usb\/#breadcrumb"},"inLanguage":"es","potentialAction":[{"@type":"ReadAction","target":["https:\/\/shopvalley.fr\/es\/produit\/potente-linterna-frontal-recargable-por-usb\/"]}]},{"@type":"ImageObject","inLanguage":"es","@id":"https:\/\/shopvalley.fr\/es\/produit\/potente-linterna-frontal-recargable-por-usb\/#primaryimage","url":"https:\/\/shopvalley.fr\/wp-content\/uploads\/2024\/03\/Lampe_Frontale-5.png","contentUrl":"https:\/\/shopvalley.fr\/wp-content\/uploads\/2024\/03\/Lampe_Frontale-5.png","width":800,"height":800},{"@type":"BreadcrumbList","@id":"https:\/\/shopvalley.fr\/es\/produit\/potente-linterna-frontal-recargable-por-usb\/#breadcrumb","itemListElement":[{"@type":"ListItem","position":1,"name":"Accueil","item":"https:\/\/shopvalley.fr\/es\/"},{"@type":"ListItem","position":2,"name":"Todos los productos","item":"https:\/\/shopvalley.fr\/es\/todos-los-productos\/"},{"@type":"ListItem","position":3,"name":"Accesorios","item":"https:\/\/shopvalley.fr\/es\/categorie-produit\/accesorios\/"},{"@type":"ListItem","position":4,"name":"Potente linterna frontal recargable por USB"}]},{"@type":"WebSite","@id":"https:\/\/shopvalley.fr\/es\/#website","url":"https:\/\/shopvalley.fr\/es\/","name":"ShopValley","description":"\u00a1Productos de moda a precios bajos!","publisher":{"@id":"https:\/\/shopvalley.fr\/es\/#organization"},"potentialAction":[{"@type":"SearchAction","target":{"@type":"EntryPoint","urlTemplate":"https:\/\/shopvalley.fr\/es\/?s={search_term_string}"},"query-input":{"@type":"PropertyValueSpecification","valueRequired":true,"valueName":"search_term_string"}}],"inLanguage":"es"},{"@type":"Organization","@id":"https:\/\/shopvalley.fr\/es\/#organization","name":"Shopvalley","url":"https:\/\/shopvalley.fr\/es\/","logo":{"@type":"ImageObject","inLanguage":"es","@id":"https:\/\/shopvalley.fr\/es\/#\/schema\/logo\/image\/","url":"https:\/\/shopvalley.fr\/wp-content\/uploads\/2023\/11\/cropped-Copie-de-Logo-ShopValley-500-x-500-px-1.png","contentUrl":"https:\/\/shopvalley.fr\/wp-content\/uploads\/2023\/11\/cropped-Copie-de-Logo-ShopValley-500-x-500-px-1.png","width":512,"height":512,"caption":"Shopvalley"},"image":{"@id":"https:\/\/shopvalley.fr\/es\/#\/schema\/logo\/image\/"}}]}},"jetpack_sharing_enabled":true,"_links":{"self":[{"href":"https:\/\/shopvalley.fr\/es\/wp-json\/wp\/v2\/product\/41033","targetHints":{"allow":["GET"]}}],"collection":[{"href":"https:\/\/shopvalley.fr\/es\/wp-json\/wp\/v2\/product"}],"about":[{"href":"https:\/\/shopvalley.fr\/es\/wp-json\/wp\/v2\/types\/product"}],"replies":[{"embeddable":true,"href":"https:\/\/shopvalley.fr\/es\/wp-json\/wp\/v2\/comments?post=41033"}],"version-history":[{"count":2,"href":"https:\/\/shopvalley.fr\/es\/wp-json\/wp\/v2\/product\/41033\/revisions"}],"predecessor-version":[{"id":51543,"href":"https:\/\/shopvalley.fr\/es\/wp-json\/wp\/v2\/product\/41033\/revisions\/51543"}],"wp:featuredmedia":[{"embeddable":true,"href":"https:\/\/shopvalley.fr\/es\/wp-json\/wp\/v2\/media\/39498"}],"wp:attachment":[{"href":"https:\/\/shopvalley.fr\/es\/wp-json\/wp\/v2\/media?parent=41033"}],"wp:term":[{"taxonomy":"product_brand","embeddable":true,"href":"https:\/\/shopvalley.fr\/es\/wp-json\/wp\/v2\/product_brand?post=41033"},{"taxonomy":"product_cat","embeddable":true,"href":"https:\/\/shopvalley.fr\/es\/wp-json\/wp\/v2\/product_cat?post=41033"},{"taxonomy":"product_tag","embeddable":true,"href":"https:\/\/shopvalley.fr\/es\/wp-json\/wp\/v2\/product_tag?post=41033"}],"curies":[{"name":"wp","href":"https:\/\/api.w.org\/{rel}","templated":true}]}}