{"id":41030,"date":"2024-02-14T20:15:27","date_gmt":"2024-02-14T19:15:27","guid":{"rendered":"https:\/\/shopvalley.fr\/produit\/auricular-bluetooth-de-conduccion-osea\/"},"modified":"2025-11-18T20:55:29","modified_gmt":"2025-11-18T19:55:29","slug":"auricular-bluetooth-de-conduccion-osea","status":"publish","type":"product","link":"https:\/\/shopvalley.fr\/es\/produit\/auricular-bluetooth-de-conduccion-osea\/","title":{"rendered":"Auricular Bluetooth de Conducci\u00f3n \u00d3sea"},"content":{"rendered":"<div class=\"w-full text-token-text-primary\" data-testid=\"conversation-turn-6\">\n<div class=\"px-4 py-2 justify-center text-base md:gap-6 m-auto\">\n<div class=\"flex flex-1 text-base mx-auto gap-3 md:px-5 lg:px-1 xl:px-5 md:max-w-3xl lg:max-w-[40rem] xl:max-w-[48rem] group final-completion\">\n<div class=\"relative flex w-full flex-col agent-turn\">\n<div class=\"flex-col gap-1 md:gap-3\">\n<div class=\"flex flex-grow flex-col max-w-full\">\n<div class=\"min-h-[20px] text-message flex flex-col items-start gap-3 whitespace-pre-wrap break-words [.text-message+&amp;]:mt-5 overflow-x-auto\" data-message-author-role=\"assistant\" data-message-id=\"e1b23c7b-98c5-4e14-804e-a0f73db8c73b\">\n<div class=\"markdown prose w-full break-words dark:prose-invert dark\">\n<h2><span style=\"font-size: 14pt; color: #000000;\">\ud83c\udfa7 <strong>Auriculares Bluetooth de conducci\u00f3n \u00f3sea: \u00a1Descubre una experiencia de sonido revolucionaria!<\/strong> \ud83c\udfb6<\/span><\/h2>\n<p><span style=\"font-size: 14pt; color: #000000;\">Sum\u00e9rgete en el mundo de la m\u00fasica y las llamadas inal\u00e1mbricas con nuestros auriculares Bluetooth de conducci\u00f3n \u00f3sea. Con <strong>tecnolog\u00eda de conducci\u00f3n \u00f3sea<\/strong>, estos auriculares ofrecen una<strong> experiencia de audio envolvente<\/strong>, al tiempo que preservan tu audici\u00f3n. <\/span><\/p>\n<p><a href=\"http:\/\/shopvalley.fr\/wp-content\/uploads\/2024\/02\/Casque_Conduction_Osseuse-3.png\"><img loading=\"lazy\" decoding=\"async\" class=\"aligncenter wp-image-26495\" src=\"http:\/\/shopvalley.fr\/wp-content\/uploads\/2024\/02\/Casque_Conduction_Osseuse-3.png\" alt=\"Auricular Bluetooth de Conducci\u00f3n \u00d3sea\" width=\"492\" height=\"492\" srcset=\"https:\/\/shopvalley.fr\/wp-content\/uploads\/2024\/02\/Casque_Conduction_Osseuse-3.png 790w, https:\/\/shopvalley.fr\/wp-content\/uploads\/2024\/02\/Casque_Conduction_Osseuse-3-430x430.png 430w, https:\/\/shopvalley.fr\/wp-content\/uploads\/2024\/02\/Casque_Conduction_Osseuse-3-150x150.png 150w, https:\/\/shopvalley.fr\/wp-content\/uploads\/2024\/02\/Casque_Conduction_Osseuse-3-700x700.png 700w, https:\/\/shopvalley.fr\/wp-content\/uploads\/2024\/02\/Casque_Conduction_Osseuse-3-300x300.png 300w, https:\/\/shopvalley.fr\/wp-content\/uploads\/2024\/02\/Casque_Conduction_Osseuse-3-768x768.png 768w\" sizes=\"auto, (max-width: 492px) 100vw, 492px\" \/><\/a><\/p>\n<h2><span style=\"font-size: 14pt; color: #000000;\">\ud83d\udca1 <strong>Tecnolog\u00eda de conducci\u00f3n \u00f3sea: una revoluci\u00f3n para tus o\u00eddos<\/strong> \ud83d\udca1<\/span><\/h2>\n<p><span style=\"font-size: 14pt; color: #000000;\">Gracias a su vibrador patentado, estos auriculares garantizan una verdadera conducci\u00f3n \u00f3sea, produciendo <strong>un sonido cristalino<\/strong> sin da\u00f1ar tu t\u00edmpano. Disfruta de <strong>una claridad de sonido excepcional<\/strong> a la vez que proteges tu audici\u00f3n. <\/span><\/p>\n<p><a href=\"http:\/\/shopvalley.fr\/wp-content\/uploads\/2024\/02\/Casque_Conduction_Osseuse-23.png\"><img loading=\"lazy\" decoding=\"async\" class=\"aligncenter wp-image-26501\" src=\"http:\/\/shopvalley.fr\/wp-content\/uploads\/2024\/02\/Casque_Conduction_Osseuse-23.png\" alt=\"Auricular Bluetooth de Conducci\u00f3n \u00d3sea\" width=\"502\" height=\"502\" srcset=\"https:\/\/shopvalley.fr\/wp-content\/uploads\/2024\/02\/Casque_Conduction_Osseuse-23.png 790w, https:\/\/shopvalley.fr\/wp-content\/uploads\/2024\/02\/Casque_Conduction_Osseuse-23-430x430.png 430w, https:\/\/shopvalley.fr\/wp-content\/uploads\/2024\/02\/Casque_Conduction_Osseuse-23-150x150.png 150w, https:\/\/shopvalley.fr\/wp-content\/uploads\/2024\/02\/Casque_Conduction_Osseuse-23-700x700.png 700w, https:\/\/shopvalley.fr\/wp-content\/uploads\/2024\/02\/Casque_Conduction_Osseuse-23-300x300.png 300w, https:\/\/shopvalley.fr\/wp-content\/uploads\/2024\/02\/Casque_Conduction_Osseuse-23-768x768.png 768w\" sizes=\"auto, (max-width: 502px) 100vw, 502px\" \/><\/a><\/p>\n<h2><span style=\"font-size: 14pt; color: #000000;\">\ud83d\udd0a <strong>Sonido est\u00e9reo impecable y funci\u00f3n llamada\/m\u00fasica integrada<\/strong> \ud83d\udd0a<\/span><\/h2>\n<p><span style=\"font-size: 14pt; color: #000000;\">Disfruta de una calidad de sonido est\u00e9reo excepcional para una experiencia musical envolvente. Con un alcance de transmisi\u00f3n de 10 m, estos auriculares ofrecen una conectividad Bluetooth fiable y <strong>funcionalidad de llamada integrada<\/strong> para mantenerte conectado est\u00e9s donde est\u00e9s. <\/span><\/p>\n<p><a href=\"http:\/\/shopvalley.fr\/wp-content\/uploads\/2024\/02\/Casque_Conduction_Osseuse-21.png\"><img loading=\"lazy\" decoding=\"async\" class=\"aligncenter wp-image-26499\" src=\"http:\/\/shopvalley.fr\/wp-content\/uploads\/2024\/02\/Casque_Conduction_Osseuse-21.png\" alt=\"\" width=\"518\" height=\"518\" srcset=\"https:\/\/shopvalley.fr\/wp-content\/uploads\/2024\/02\/Casque_Conduction_Osseuse-21.png 800w, https:\/\/shopvalley.fr\/wp-content\/uploads\/2024\/02\/Casque_Conduction_Osseuse-21-430x430.png 430w, https:\/\/shopvalley.fr\/wp-content\/uploads\/2024\/02\/Casque_Conduction_Osseuse-21-150x150.png 150w, https:\/\/shopvalley.fr\/wp-content\/uploads\/2024\/02\/Casque_Conduction_Osseuse-21-700x700.png 700w, https:\/\/shopvalley.fr\/wp-content\/uploads\/2024\/02\/Casque_Conduction_Osseuse-21-300x300.png 300w, https:\/\/shopvalley.fr\/wp-content\/uploads\/2024\/02\/Casque_Conduction_Osseuse-21-768x768.png 768w\" sizes=\"auto, (max-width: 518px) 100vw, 518px\" \/><\/a><\/p>\n<h2><span style=\"font-size: 14pt; color: #000000;\">\ud83d\udca7 Auricular Bluetooth de conducci\u00f3n \u00f3sea: <strong>resistente al agua IP56 y dise\u00f1o ergon\u00f3mico<\/strong> \ud83d\udca7<\/span><\/h2>\n<p><span style=\"font-size: 14pt; color: #000000;\">Dise\u00f1ados para adaptarse perfectamente a tus o\u00eddos, estos auriculares son <strong>ligeros<\/strong> (s\u00f3lo 25 g) y est\u00e1n dise\u00f1ados ergon\u00f3micamente para <strong>ofrecer comodidad durante todo el d\u00eda<\/strong>. Adem\u00e1s, su certificaci\u00f3n IP56 los hace<strong> resistentes al agua<\/strong>, perfectos para un uso deportivo sin preocupaciones. <\/span><\/p>\n<p><a href=\"http:\/\/shopvalley.fr\/wp-content\/uploads\/2024\/02\/Casque_Conduction_Osseuse-19.png\"><img loading=\"lazy\" decoding=\"async\" class=\"aligncenter wp-image-26498\" src=\"http:\/\/shopvalley.fr\/wp-content\/uploads\/2024\/02\/Casque_Conduction_Osseuse-19.png\" alt=\"Auricular Bluetooth de Conducci\u00f3n \u00d3sea\" width=\"529\" height=\"529\" srcset=\"https:\/\/shopvalley.fr\/wp-content\/uploads\/2024\/02\/Casque_Conduction_Osseuse-19.png 790w, https:\/\/shopvalley.fr\/wp-content\/uploads\/2024\/02\/Casque_Conduction_Osseuse-19-430x430.png 430w, https:\/\/shopvalley.fr\/wp-content\/uploads\/2024\/02\/Casque_Conduction_Osseuse-19-150x150.png 150w, https:\/\/shopvalley.fr\/wp-content\/uploads\/2024\/02\/Casque_Conduction_Osseuse-19-700x700.png 700w, https:\/\/shopvalley.fr\/wp-content\/uploads\/2024\/02\/Casque_Conduction_Osseuse-19-300x300.png 300w, https:\/\/shopvalley.fr\/wp-content\/uploads\/2024\/02\/Casque_Conduction_Osseuse-19-768x768.png 768w\" sizes=\"auto, (max-width: 529px) 100vw, 529px\" \/><\/a><\/p>\n<h2><span style=\"font-size: 14pt; color: #000000;\">\ud83d\ude80 <strong>Tecnolog\u00eda Bluetooth 5.3: emparejamiento r\u00e1pido y conexi\u00f3n estable<\/strong> \ud83d\ude80<\/span><\/h2>\n<p><span style=\"font-size: 14pt; color: #000000;\">La tecnolog\u00eda Bluetooth 5.3 garantiza <strong>un emparejamiento ultrarr\u00e1pido<\/strong> con tu dispositivo, as\u00ed como una conexi\u00f3n estable y una latencia ultrabaja. Disfruta de una experiencia inal\u00e1mbrica fluida y sin interrupciones. <\/span><\/p>\n<p><a href=\"http:\/\/shopvalley.fr\/wp-content\/uploads\/2024\/02\/Casque_Conduction_Osseuse-4.png\"><img loading=\"lazy\" decoding=\"async\" class=\"aligncenter wp-image-26496\" src=\"http:\/\/shopvalley.fr\/wp-content\/uploads\/2024\/02\/Casque_Conduction_Osseuse-4.png\" alt=\"\" width=\"532\" height=\"532\" srcset=\"https:\/\/shopvalley.fr\/wp-content\/uploads\/2024\/02\/Casque_Conduction_Osseuse-4.png 800w, https:\/\/shopvalley.fr\/wp-content\/uploads\/2024\/02\/Casque_Conduction_Osseuse-4-430x430.png 430w, https:\/\/shopvalley.fr\/wp-content\/uploads\/2024\/02\/Casque_Conduction_Osseuse-4-150x150.png 150w, https:\/\/shopvalley.fr\/wp-content\/uploads\/2024\/02\/Casque_Conduction_Osseuse-4-700x700.png 700w, https:\/\/shopvalley.fr\/wp-content\/uploads\/2024\/02\/Casque_Conduction_Osseuse-4-300x300.png 300w, https:\/\/shopvalley.fr\/wp-content\/uploads\/2024\/02\/Casque_Conduction_Osseuse-4-768x768.png 768w\" sizes=\"auto, (max-width: 532px) 100vw, 532px\" \/><\/a><\/p>\n<h2><span style=\"font-size: 14pt; color: #000000;\">\u23f1\ufe0f Auriculares Bluetooth de conducci\u00f3n \u00f3sea: <strong>resistentes y listos para la acci\u00f3n<\/strong> \u23f1\ufe0f<\/span><\/h2>\n<p><span style=\"font-size: 14pt; color: #000000;\">Con una <strong>bater\u00eda de hasta siete horas de duraci\u00f3n<\/strong>, estos auriculares est\u00e1n preparados para satisfacer todas tus necesidades de uso, tanto si escuchas m\u00fasica durante tus entrenamientos como si realizas llamadas en movimiento. Prep\u00e1rate para una experiencia de audio inigualable, est\u00e9s donde est\u00e9s. <\/span><\/p>\n<p><a href=\"http:\/\/shopvalley.fr\/wp-content\/uploads\/2024\/02\/Casque_Conduction_Osseuse-22.png\"><img loading=\"lazy\" decoding=\"async\" class=\"aligncenter wp-image-26500\" src=\"http:\/\/shopvalley.fr\/wp-content\/uploads\/2024\/02\/Casque_Conduction_Osseuse-22.png\" alt=\"Auricular Bluetooth de Conducci\u00f3n \u00d3sea\" width=\"562\" height=\"562\" srcset=\"https:\/\/shopvalley.fr\/wp-content\/uploads\/2024\/02\/Casque_Conduction_Osseuse-22.png 800w, https:\/\/shopvalley.fr\/wp-content\/uploads\/2024\/02\/Casque_Conduction_Osseuse-22-430x430.png 430w, https:\/\/shopvalley.fr\/wp-content\/uploads\/2024\/02\/Casque_Conduction_Osseuse-22-150x150.png 150w, https:\/\/shopvalley.fr\/wp-content\/uploads\/2024\/02\/Casque_Conduction_Osseuse-22-700x700.png 700w, https:\/\/shopvalley.fr\/wp-content\/uploads\/2024\/02\/Casque_Conduction_Osseuse-22-300x300.png 300w, https:\/\/shopvalley.fr\/wp-content\/uploads\/2024\/02\/Casque_Conduction_Osseuse-22-768x768.png 768w\" sizes=\"auto, (max-width: 562px) 100vw, 562px\" \/><\/a><\/p>\n<\/div>\n<\/div>\n<\/div>\n<\/div>\n<\/div>\n<\/div>\n<\/div>\n<\/div>\n","protected":false},"excerpt":{"rendered":"<p><span style=\"font-size: 14pt; color: #000000;\">\u00a1Descubre una experiencia sonora revolucionaria!<\/span><\/p>\n","protected":false},"featured_media":39422,"comment_status":"closed","ping_status":"closed","template":"","meta":[],"product_brand":[1139],"product_cat":[988,1085],"product_tag":[990],"class_list":{"0":"post-41030","1":"product","2":"type-product","3":"status-publish","4":"has-post-thumbnail","6":"product_brand-shopvalley","7":"product_cat-accesorios","8":"product_cat-shopping_es-es","9":"product_tag-noflash-es","11":"first","12":"instock","13":"sale","14":"taxable","15":"shipping-taxable","16":"purchasable","17":"product-type-variable","18":"has-default-attributes"},"yoast_head":"<!-- This site is optimized with the Yoast SEO plugin v27.4 - https:\/\/yoast.com\/product\/yoast-seo-wordpress\/ -->\n<title>Auricular Bluetooth de Conducci\u00f3n \u00d3sea - ShopValley<\/title>\n<meta name=\"description\" content=\"Con tecnolog\u00eda de conducci\u00f3n \u00f3sea, estos auriculares Bluetooth de conducci\u00f3n \u00f3sea ofrecen una experiencia de audio envolvente a la vez que preservan tu audici\u00f3n.\" \/>\n<meta name=\"robots\" content=\"index, follow, max-snippet:-1, max-image-preview:large, max-video-preview:-1\" \/>\n<link rel=\"canonical\" href=\"https:\/\/shopvalley.fr\/es\/produit\/auricular-bluetooth-de-conduccion-osea\/\" \/>\n<meta property=\"og:locale\" content=\"es_ES\" \/>\n<meta property=\"og:type\" content=\"article\" \/>\n<meta property=\"og:title\" content=\"Auricular Bluetooth de Conducci\u00f3n \u00d3sea - ShopValley\" \/>\n<meta property=\"og:description\" content=\"Con tecnolog\u00eda de conducci\u00f3n \u00f3sea, estos auriculares Bluetooth de conducci\u00f3n \u00f3sea ofrecen una experiencia de audio envolvente a la vez que preservan tu audici\u00f3n.\" \/>\n<meta property=\"og:url\" content=\"https:\/\/shopvalley.fr\/es\/produit\/auricular-bluetooth-de-conduccion-osea\/\" \/>\n<meta property=\"og:site_name\" content=\"ShopValley\" \/>\n<meta property=\"article:modified_time\" content=\"2025-11-18T19:55:29+00:00\" \/>\n<meta property=\"og:image\" content=\"http:\/\/shopvalley.fr\/wp-content\/uploads\/2024\/02\/Casque_Conduction_Osseuse-24.png\" \/>\n\t<meta property=\"og:image:width\" content=\"800\" \/>\n\t<meta property=\"og:image:height\" content=\"800\" \/>\n\t<meta property=\"og:image:type\" content=\"image\/png\" \/>\n<script type=\"application\/ld+json\" class=\"yoast-schema-graph\">{\"@context\":\"https:\\\/\\\/schema.org\",\"@graph\":[{\"@type\":\"WebPage\",\"@id\":\"https:\\\/\\\/shopvalley.fr\\\/es\\\/produit\\\/auricular-bluetooth-de-conduccion-osea\\\/\",\"url\":\"https:\\\/\\\/shopvalley.fr\\\/es\\\/produit\\\/auricular-bluetooth-de-conduccion-osea\\\/\",\"name\":\"Auricular Bluetooth de Conducci\u00f3n \u00d3sea - ShopValley\",\"isPartOf\":{\"@id\":\"https:\\\/\\\/shopvalley.fr\\\/es\\\/#website\"},\"primaryImageOfPage\":{\"@id\":\"https:\\\/\\\/shopvalley.fr\\\/es\\\/produit\\\/auricular-bluetooth-de-conduccion-osea\\\/#primaryimage\"},\"image\":{\"@id\":\"https:\\\/\\\/shopvalley.fr\\\/es\\\/produit\\\/auricular-bluetooth-de-conduccion-osea\\\/#primaryimage\"},\"thumbnailUrl\":\"https:\\\/\\\/shopvalley.fr\\\/wp-content\\\/uploads\\\/2024\\\/02\\\/Casque_Conduction_Osseuse-24.png\",\"datePublished\":\"2024-02-14T19:15:27+00:00\",\"dateModified\":\"2025-11-18T19:55:29+00:00\",\"description\":\"Con tecnolog\u00eda de conducci\u00f3n \u00f3sea, estos auriculares Bluetooth de conducci\u00f3n \u00f3sea ofrecen una experiencia de audio envolvente a la vez que preservan tu audici\u00f3n.\",\"breadcrumb\":{\"@id\":\"https:\\\/\\\/shopvalley.fr\\\/es\\\/produit\\\/auricular-bluetooth-de-conduccion-osea\\\/#breadcrumb\"},\"inLanguage\":\"es\",\"potentialAction\":[{\"@type\":\"ReadAction\",\"target\":[\"https:\\\/\\\/shopvalley.fr\\\/es\\\/produit\\\/auricular-bluetooth-de-conduccion-osea\\\/\"]}]},{\"@type\":\"ImageObject\",\"inLanguage\":\"es\",\"@id\":\"https:\\\/\\\/shopvalley.fr\\\/es\\\/produit\\\/auricular-bluetooth-de-conduccion-osea\\\/#primaryimage\",\"url\":\"https:\\\/\\\/shopvalley.fr\\\/wp-content\\\/uploads\\\/2024\\\/02\\\/Casque_Conduction_Osseuse-24.png\",\"contentUrl\":\"https:\\\/\\\/shopvalley.fr\\\/wp-content\\\/uploads\\\/2024\\\/02\\\/Casque_Conduction_Osseuse-24.png\",\"width\":800,\"height\":800},{\"@type\":\"BreadcrumbList\",\"@id\":\"https:\\\/\\\/shopvalley.fr\\\/es\\\/produit\\\/auricular-bluetooth-de-conduccion-osea\\\/#breadcrumb\",\"itemListElement\":[{\"@type\":\"ListItem\",\"position\":1,\"name\":\"Accueil\",\"item\":\"https:\\\/\\\/shopvalley.fr\\\/es\\\/\"},{\"@type\":\"ListItem\",\"position\":2,\"name\":\"Todos los productos\",\"item\":\"https:\\\/\\\/shopvalley.fr\\\/es\\\/todos-los-productos\\\/\"},{\"@type\":\"ListItem\",\"position\":3,\"name\":\"Accessoires\",\"item\":\"https:\\\/\\\/shopvalley.fr\\\/categorie-produit\\\/accessoires\\\/\"},{\"@type\":\"ListItem\",\"position\":4,\"name\":\"Auricular Bluetooth de Conducci\u00f3n \u00d3sea\"}]},{\"@type\":\"WebSite\",\"@id\":\"https:\\\/\\\/shopvalley.fr\\\/es\\\/#website\",\"url\":\"https:\\\/\\\/shopvalley.fr\\\/es\\\/\",\"name\":\"ShopValley\",\"description\":\"\u00a1Productos de moda a precios bajos!\",\"publisher\":{\"@id\":\"https:\\\/\\\/shopvalley.fr\\\/es\\\/#organization\"},\"potentialAction\":[{\"@type\":\"SearchAction\",\"target\":{\"@type\":\"EntryPoint\",\"urlTemplate\":\"https:\\\/\\\/shopvalley.fr\\\/es\\\/?s={search_term_string}\"},\"query-input\":{\"@type\":\"PropertyValueSpecification\",\"valueRequired\":true,\"valueName\":\"search_term_string\"}}],\"inLanguage\":\"es\"},{\"@type\":\"Organization\",\"@id\":\"https:\\\/\\\/shopvalley.fr\\\/es\\\/#organization\",\"name\":\"Shopvalley\",\"url\":\"https:\\\/\\\/shopvalley.fr\\\/es\\\/\",\"logo\":{\"@type\":\"ImageObject\",\"inLanguage\":\"es\",\"@id\":\"https:\\\/\\\/shopvalley.fr\\\/es\\\/#\\\/schema\\\/logo\\\/image\\\/\",\"url\":\"https:\\\/\\\/shopvalley.fr\\\/wp-content\\\/uploads\\\/2023\\\/11\\\/cropped-Copie-de-Logo-ShopValley-500-x-500-px-1.png\",\"contentUrl\":\"https:\\\/\\\/shopvalley.fr\\\/wp-content\\\/uploads\\\/2023\\\/11\\\/cropped-Copie-de-Logo-ShopValley-500-x-500-px-1.png\",\"width\":512,\"height\":512,\"caption\":\"Shopvalley\"},\"image\":{\"@id\":\"https:\\\/\\\/shopvalley.fr\\\/es\\\/#\\\/schema\\\/logo\\\/image\\\/\"}}]}<\/script>\n<!-- \/ Yoast SEO plugin. -->","yoast_head_json":{"title":"Auricular Bluetooth de Conducci\u00f3n \u00d3sea - ShopValley","description":"Con tecnolog\u00eda de conducci\u00f3n \u00f3sea, estos auriculares Bluetooth de conducci\u00f3n \u00f3sea ofrecen una experiencia de audio envolvente a la vez que preservan tu audici\u00f3n.","robots":{"index":"index","follow":"follow","max-snippet":"max-snippet:-1","max-image-preview":"max-image-preview:large","max-video-preview":"max-video-preview:-1"},"canonical":"https:\/\/shopvalley.fr\/es\/produit\/auricular-bluetooth-de-conduccion-osea\/","og_locale":"es_ES","og_type":"article","og_title":"Auricular Bluetooth de Conducci\u00f3n \u00d3sea - ShopValley","og_description":"Con tecnolog\u00eda de conducci\u00f3n \u00f3sea, estos auriculares Bluetooth de conducci\u00f3n \u00f3sea ofrecen una experiencia de audio envolvente a la vez que preservan tu audici\u00f3n.","og_url":"https:\/\/shopvalley.fr\/es\/produit\/auricular-bluetooth-de-conduccion-osea\/","og_site_name":"ShopValley","article_modified_time":"2025-11-18T19:55:29+00:00","og_image":[{"width":800,"height":800,"url":"http:\/\/shopvalley.fr\/wp-content\/uploads\/2024\/02\/Casque_Conduction_Osseuse-24.png","type":"image\/png"}],"schema":{"@context":"https:\/\/schema.org","@graph":[{"@type":"WebPage","@id":"https:\/\/shopvalley.fr\/es\/produit\/auricular-bluetooth-de-conduccion-osea\/","url":"https:\/\/shopvalley.fr\/es\/produit\/auricular-bluetooth-de-conduccion-osea\/","name":"Auricular Bluetooth de Conducci\u00f3n \u00d3sea - ShopValley","isPartOf":{"@id":"https:\/\/shopvalley.fr\/es\/#website"},"primaryImageOfPage":{"@id":"https:\/\/shopvalley.fr\/es\/produit\/auricular-bluetooth-de-conduccion-osea\/#primaryimage"},"image":{"@id":"https:\/\/shopvalley.fr\/es\/produit\/auricular-bluetooth-de-conduccion-osea\/#primaryimage"},"thumbnailUrl":"https:\/\/shopvalley.fr\/wp-content\/uploads\/2024\/02\/Casque_Conduction_Osseuse-24.png","datePublished":"2024-02-14T19:15:27+00:00","dateModified":"2025-11-18T19:55:29+00:00","description":"Con tecnolog\u00eda de conducci\u00f3n \u00f3sea, estos auriculares Bluetooth de conducci\u00f3n \u00f3sea ofrecen una experiencia de audio envolvente a la vez que preservan tu audici\u00f3n.","breadcrumb":{"@id":"https:\/\/shopvalley.fr\/es\/produit\/auricular-bluetooth-de-conduccion-osea\/#breadcrumb"},"inLanguage":"es","potentialAction":[{"@type":"ReadAction","target":["https:\/\/shopvalley.fr\/es\/produit\/auricular-bluetooth-de-conduccion-osea\/"]}]},{"@type":"ImageObject","inLanguage":"es","@id":"https:\/\/shopvalley.fr\/es\/produit\/auricular-bluetooth-de-conduccion-osea\/#primaryimage","url":"https:\/\/shopvalley.fr\/wp-content\/uploads\/2024\/02\/Casque_Conduction_Osseuse-24.png","contentUrl":"https:\/\/shopvalley.fr\/wp-content\/uploads\/2024\/02\/Casque_Conduction_Osseuse-24.png","width":800,"height":800},{"@type":"BreadcrumbList","@id":"https:\/\/shopvalley.fr\/es\/produit\/auricular-bluetooth-de-conduccion-osea\/#breadcrumb","itemListElement":[{"@type":"ListItem","position":1,"name":"Accueil","item":"https:\/\/shopvalley.fr\/es\/"},{"@type":"ListItem","position":2,"name":"Todos los productos","item":"https:\/\/shopvalley.fr\/es\/todos-los-productos\/"},{"@type":"ListItem","position":3,"name":"Accessoires","item":"https:\/\/shopvalley.fr\/categorie-produit\/accessoires\/"},{"@type":"ListItem","position":4,"name":"Auricular Bluetooth de Conducci\u00f3n \u00d3sea"}]},{"@type":"WebSite","@id":"https:\/\/shopvalley.fr\/es\/#website","url":"https:\/\/shopvalley.fr\/es\/","name":"ShopValley","description":"\u00a1Productos de moda a precios bajos!","publisher":{"@id":"https:\/\/shopvalley.fr\/es\/#organization"},"potentialAction":[{"@type":"SearchAction","target":{"@type":"EntryPoint","urlTemplate":"https:\/\/shopvalley.fr\/es\/?s={search_term_string}"},"query-input":{"@type":"PropertyValueSpecification","valueRequired":true,"valueName":"search_term_string"}}],"inLanguage":"es"},{"@type":"Organization","@id":"https:\/\/shopvalley.fr\/es\/#organization","name":"Shopvalley","url":"https:\/\/shopvalley.fr\/es\/","logo":{"@type":"ImageObject","inLanguage":"es","@id":"https:\/\/shopvalley.fr\/es\/#\/schema\/logo\/image\/","url":"https:\/\/shopvalley.fr\/wp-content\/uploads\/2023\/11\/cropped-Copie-de-Logo-ShopValley-500-x-500-px-1.png","contentUrl":"https:\/\/shopvalley.fr\/wp-content\/uploads\/2023\/11\/cropped-Copie-de-Logo-ShopValley-500-x-500-px-1.png","width":512,"height":512,"caption":"Shopvalley"},"image":{"@id":"https:\/\/shopvalley.fr\/es\/#\/schema\/logo\/image\/"}}]}},"jetpack_sharing_enabled":true,"_links":{"self":[{"href":"https:\/\/shopvalley.fr\/es\/wp-json\/wp\/v2\/product\/41030","targetHints":{"allow":["GET"]}}],"collection":[{"href":"https:\/\/shopvalley.fr\/es\/wp-json\/wp\/v2\/product"}],"about":[{"href":"https:\/\/shopvalley.fr\/es\/wp-json\/wp\/v2\/types\/product"}],"replies":[{"embeddable":true,"href":"https:\/\/shopvalley.fr\/es\/wp-json\/wp\/v2\/comments?post=41030"}],"version-history":[{"count":2,"href":"https:\/\/shopvalley.fr\/es\/wp-json\/wp\/v2\/product\/41030\/revisions"}],"predecessor-version":[{"id":51545,"href":"https:\/\/shopvalley.fr\/es\/wp-json\/wp\/v2\/product\/41030\/revisions\/51545"}],"wp:featuredmedia":[{"embeddable":true,"href":"https:\/\/shopvalley.fr\/es\/wp-json\/wp\/v2\/media\/39422"}],"wp:attachment":[{"href":"https:\/\/shopvalley.fr\/es\/wp-json\/wp\/v2\/media?parent=41030"}],"wp:term":[{"taxonomy":"product_brand","embeddable":true,"href":"https:\/\/shopvalley.fr\/es\/wp-json\/wp\/v2\/product_brand?post=41030"},{"taxonomy":"product_cat","embeddable":true,"href":"https:\/\/shopvalley.fr\/es\/wp-json\/wp\/v2\/product_cat?post=41030"},{"taxonomy":"product_tag","embeddable":true,"href":"https:\/\/shopvalley.fr\/es\/wp-json\/wp\/v2\/product_tag?post=41030"}],"curies":[{"name":"wp","href":"https:\/\/api.w.org\/{rel}","templated":true}]}}