{"id":41029,"date":"2024-01-02T19:31:01","date_gmt":"2024-01-02T18:31:01","guid":{"rendered":"https:\/\/shopvalley.fr\/produit\/aspirador-de-puntos-negros-limpiador-de-poros-facecare\/"},"modified":"2025-11-18T20:56:11","modified_gmt":"2025-11-18T19:56:11","slug":"aspirador-de-puntos-negros-limpiador-de-poros-facecare","status":"publish","type":"product","link":"https:\/\/shopvalley.fr\/es\/produit\/aspirador-de-puntos-negros-limpiador-de-poros-facecare\/","title":{"rendered":"Aspirador de puntos negros | Limpiador de poros FaceCare"},"content":{"rendered":"<h2><span style=\"font-size: 14pt; color: #000000;\"><strong>\ud83c\udf1f <\/strong><strong>\u00a1Descubre el aspirador de puntos negros y limpiador de poros FaceCare!<\/strong><strong> \ud83c\udf1f<\/strong><\/span><\/h2>\n<p><a href=\"http:\/\/shopvalley.fr\/wp-content\/uploads\/2024\/01\/Aspirateur_FaceCare-1.gif\"><img loading=\"lazy\" decoding=\"async\" class=\"aligncenter wp-image-25440\" src=\"http:\/\/shopvalley.fr\/wp-content\/uploads\/2024\/01\/Aspirateur_FaceCare-1.gif\" alt=\"\" width=\"533\" height=\"300\" \/><\/a><\/p>\n<h2><span style=\"font-size: 14pt; color: #000000;\"><strong>Aspirador de puntos negros: \u00a1Una piel impecable a tu alcance!<\/strong> \ud83d\ude0d<\/span><\/h2>\n<p><span style=\"font-size: 14pt; color: #000000;\">Desp\u00eddete de los puntos negros y los poros obstruidos con nuestro aspirador facial <strong>de calidad profesional<\/strong>. Reg\u00e1late una piel radiante y revitalizada sin esfuerzo. Transforma tu rutina de cuidado de la piel con esta herramienta revolucionaria, \u00a1y revela la belleza natural que brilla desde dentro! P\u00eddela ahora y experimenta una piel sin imperfecciones. <\/span><\/p>\n<p><a href=\"http:\/\/shopvalley.fr\/wp-content\/uploads\/2025\/01\/Aspirateur_FaceCare-2ES.png\"><img loading=\"lazy\" decoding=\"async\" class=\"aligncenter wp-image-25438\" src=\"http:\/\/shopvalley.fr\/wp-content\/uploads\/2025\/01\/Aspirateur_FaceCare-2ES.png\" alt=\"Aspirador de puntos negros | Limpiador de poros FaceCare\" width=\"559\" height=\"559\" \/><\/a><\/p>\n<h2><span style=\"font-size: 14pt; color: #000000;\"><strong>\u2728<span style=\"color: #000000;\"> Funciones a tu medida<\/span><\/strong><\/span><\/h2>\n<p><span style=\"font-size: 14pt; color: #000000;\">Disfruta de una potente succi\u00f3n est\u00e9s donde est\u00e9s Gracias a su <strong>bater\u00eda recargable<\/strong>, esta aspiradora es f\u00e1cil de transportar, para que puedas mantener tu rutina de cuidado de la piel est\u00e9s donde est\u00e9s. <\/span><\/p>\n<p><a href=\"http:\/\/shopvalley.fr\/wp-content\/uploads\/2025\/01\/Aspirateur_FaceCare-12-1ES.png\"><img loading=\"lazy\" decoding=\"async\" class=\"aligncenter wp-image-25431\" src=\"http:\/\/shopvalley.fr\/wp-content\/uploads\/2025\/01\/Aspirateur_FaceCare-12-1ES.png\" alt=\"Aspirador de puntos negros | Limpiador de poros FaceCare\" width=\"567\" height=\"567\" \/><\/a><\/p>\n<h2><span style=\"font-size: 14pt; color: #000000;\"><strong>\ud83c\udf08 <span style=\"color: #000000;\">Personalizaci\u00f3n \u00f3ptima<\/span><\/strong><\/span><\/h2>\n<p><span style=\"font-size: 14pt; color: #000000;\">Personaliza tu experiencia eligiendo entre una gama de niveles y velocidades de succi\u00f3n. Tanto si tu piel es sensible como si necesitas una acci\u00f3n m\u00e1s intensa, esta aspiradora se adapta a tus necesidades. <\/span><\/p>\n<p><a href=\"http:\/\/shopvalley.fr\/wp-content\/uploads\/2025\/01\/Aspirateur_FaceCare-5-1ES.png\"><img loading=\"lazy\" decoding=\"async\" class=\"aligncenter wp-image-25424\" src=\"http:\/\/shopvalley.fr\/wp-content\/uploads\/2025\/01\/Aspirateur_FaceCare-5-1ES.png\" alt=\"Aspirador de puntos negros | Limpiador de poros FaceCare\" width=\"553\" height=\"553\" \/><\/a><\/p>\n<h2><span style=\"font-size: 14pt; color: #000000;\"><strong>\ud83d\ude80 <span style=\"color: #000000;\">Tecnolog\u00eda de absorci\u00f3n al vac\u00edo mejorada<\/span><\/strong><\/span><\/h2>\n<p><span style=\"font-size: 14pt; color: #000000;\">Adopta <strong>la innovadora tecnolog\u00eda<\/strong> mejorada de <strong>absorci\u00f3n al vac\u00edo<\/strong> para una succi\u00f3n superfuerte que <strong>elimine sin esfuerzo los puntos negros<\/strong>, los puntos blancos, la piel muerta, los restos de maquillaje, el acn\u00e9 y los granos sin da\u00f1ar tu piel, sin irritar y sin dolor para evitar efectos secundarios.<\/span><\/p>\n<p><a href=\"http:\/\/shopvalley.fr\/wp-content\/uploads\/2024\/01\/Aspirateur_FaceCare-10.jpg\"><img loading=\"lazy\" decoding=\"async\" class=\"aligncenter wp-image-25429\" src=\"http:\/\/shopvalley.fr\/wp-content\/uploads\/2024\/01\/Aspirateur_FaceCare-10.jpg\" alt=\"\" width=\"515\" height=\"515\" srcset=\"https:\/\/shopvalley.fr\/wp-content\/uploads\/2024\/01\/Aspirateur_FaceCare-10.jpg 800w, https:\/\/shopvalley.fr\/wp-content\/uploads\/2024\/01\/Aspirateur_FaceCare-10-430x430.jpg 430w, https:\/\/shopvalley.fr\/wp-content\/uploads\/2024\/01\/Aspirateur_FaceCare-10-150x150.jpg 150w, https:\/\/shopvalley.fr\/wp-content\/uploads\/2024\/01\/Aspirateur_FaceCare-10-700x700.jpg 700w, https:\/\/shopvalley.fr\/wp-content\/uploads\/2024\/01\/Aspirateur_FaceCare-10-300x300.jpg 300w, https:\/\/shopvalley.fr\/wp-content\/uploads\/2024\/01\/Aspirateur_FaceCare-10-768x768.jpg 768w\" sizes=\"auto, (max-width: 515px) 100vw, 515px\" \/><\/a><\/p>\n<h2><span style=\"font-size: 14pt; color: #000000;\"><strong>\ud83c\udfa8 <span style=\"color: #000000;\">Niveles de aspiraci\u00f3n ajustables y cabezales intercambiables<\/span><\/strong><\/span><\/h2>\n<p><span style=\"font-size: 14pt; color: #000000;\">3 niveles de succi\u00f3n ajustables y 5 cabezales de succi\u00f3n intercambiables de libre configuraci\u00f3n, muy adecuados para distintos tipos de piel y para trabajar en distintas zonas de la piel, satisfacen plenamente tus necesidades de limpieza de poros personalizada.<\/span><\/p>\n<p><a href=\"http:\/\/shopvalley.fr\/wp-content\/uploads\/2025\/01\/Aspirateur_FaceCare-11-1ES.png\"><img loading=\"lazy\" decoding=\"async\" class=\"aligncenter wp-image-25430\" src=\"http:\/\/shopvalley.fr\/wp-content\/uploads\/2025\/01\/Aspirateur_FaceCare-11-1ES.png\" alt=\"Aspirador de puntos negros | Limpiador de poros FaceCare\" width=\"529\" height=\"529\" \/><\/a><\/p>\n<h2><span style=\"font-size: 14pt; color: #000000;\"><strong>\ud83d\udc4c <span style=\"color: #000000;\">F\u00e1cil control y dise\u00f1o ergon\u00f3mico<\/span><\/strong><\/span><\/h2>\n<p><span style=\"font-size: 14pt; color: #000000;\"><strong>F\u00e1cil control mediante bot\u00f3n<\/strong>, puedes encender y apagar f\u00e1cilmente y cambiar los modos de succi\u00f3n, f\u00e1cil de usar para disfrutar al instante. El cuerpo ergon\u00f3mico y el material ABS de alta calidad hacen que las asas sean c\u00f3modas y antideslizantes para un uso prolongado. <\/span><\/p>\n<p><a href=\"http:\/\/shopvalley.fr\/wp-content\/uploads\/2025\/01\/Aspirateur_FaceCare-13-1ES.png\"><img loading=\"lazy\" decoding=\"async\" class=\"aligncenter wp-image-25432\" src=\"http:\/\/shopvalley.fr\/wp-content\/uploads\/2025\/01\/Aspirateur_FaceCare-13-1ES.png\" alt=\"\" width=\"524\" height=\"524\" \/><\/a><\/p>\n<h2><span style=\"font-size: 14pt; color: #000000;\"><strong>\ud83c\udf0d Aspirador de puntos negros: <span style=\"color: #000000;\">recargable y port\u00e1til<\/span><\/strong><\/span><\/h2>\n<p><span style=\"font-size: 14pt; color: #000000;\">La bater\u00eda recargable incorporada puede alimentarse mediante carga USB, a trav\u00e9s de un PC, una tableta, un adaptador, un banco de alimentaci\u00f3n y otros dispositivos compatibles con USB. <strong>Dise\u00f1o ligero y port\u00e1til<\/strong>, apto para el hogar y los viajes, f\u00e1cil de transportar.<\/span><\/p>\n","protected":false},"excerpt":{"rendered":"<p><span style=\"font-size: 14pt; color: #000000;\">\u00a1Una piel impecable a tu alcance!<\/span><\/p>\n","protected":false},"featured_media":39285,"comment_status":"closed","ping_status":"closed","template":"","meta":[],"product_brand":[],"product_cat":[853],"product_tag":[990],"class_list":{"0":"post-41029","1":"product","2":"type-product","3":"status-publish","4":"has-post-thumbnail","6":"product_cat-non-classe","7":"product_tag-noflash-es","9":"first","10":"instock","11":"sale","12":"taxable","13":"shipping-taxable","14":"purchasable","15":"product-type-simple"},"yoast_head":"<!-- This site is optimized with the Yoast SEO plugin v27.4 - https:\/\/yoast.com\/product\/yoast-seo-wordpress\/ -->\n<title>Aspirador de puntos negros | Limpiador de poros FaceCare - ShopValley<\/title>\n<meta name=\"description\" content=\"Desp\u00eddete de los puntos negros y los poros obstruidos con nuestra Aspiradora de Puntos Negros de calidad profesional. \u00a1Reg\u00e1late una piel radiante!\" \/>\n<meta name=\"robots\" content=\"index, follow, max-snippet:-1, max-image-preview:large, max-video-preview:-1\" \/>\n<link rel=\"canonical\" href=\"https:\/\/shopvalley.fr\/es\/produit\/aspirador-de-puntos-negros-limpiador-de-poros-facecare\/\" \/>\n<meta property=\"og:locale\" content=\"es_ES\" \/>\n<meta property=\"og:type\" content=\"article\" \/>\n<meta property=\"og:title\" content=\"Aspirador de puntos negros | Limpiador de poros FaceCare - ShopValley\" \/>\n<meta property=\"og:description\" content=\"Desp\u00eddete de los puntos negros y los poros obstruidos con nuestra Aspiradora de Puntos Negros de calidad profesional. \u00a1Reg\u00e1late una piel radiante!\" \/>\n<meta property=\"og:url\" content=\"https:\/\/shopvalley.fr\/es\/produit\/aspirador-de-puntos-negros-limpiador-de-poros-facecare\/\" \/>\n<meta property=\"og:site_name\" content=\"ShopValley\" \/>\n<meta property=\"article:modified_time\" content=\"2025-11-18T19:56:11+00:00\" \/>\n<meta property=\"og:image\" content=\"http:\/\/shopvalley.fr\/wp-content\/uploads\/2024\/01\/Aspirateur_FaceCare-1.png\" \/>\n\t<meta property=\"og:image:width\" content=\"1000\" \/>\n\t<meta property=\"og:image:height\" content=\"1000\" \/>\n\t<meta property=\"og:image:type\" content=\"image\/png\" \/>\n<script type=\"application\/ld+json\" class=\"yoast-schema-graph\">{\"@context\":\"https:\\\/\\\/schema.org\",\"@graph\":[{\"@type\":\"WebPage\",\"@id\":\"https:\\\/\\\/shopvalley.fr\\\/es\\\/produit\\\/aspirador-de-puntos-negros-limpiador-de-poros-facecare\\\/\",\"url\":\"https:\\\/\\\/shopvalley.fr\\\/es\\\/produit\\\/aspirador-de-puntos-negros-limpiador-de-poros-facecare\\\/\",\"name\":\"Aspirador de puntos negros | Limpiador de poros FaceCare - ShopValley\",\"isPartOf\":{\"@id\":\"https:\\\/\\\/shopvalley.fr\\\/es\\\/#website\"},\"primaryImageOfPage\":{\"@id\":\"https:\\\/\\\/shopvalley.fr\\\/es\\\/produit\\\/aspirador-de-puntos-negros-limpiador-de-poros-facecare\\\/#primaryimage\"},\"image\":{\"@id\":\"https:\\\/\\\/shopvalley.fr\\\/es\\\/produit\\\/aspirador-de-puntos-negros-limpiador-de-poros-facecare\\\/#primaryimage\"},\"thumbnailUrl\":\"https:\\\/\\\/shopvalley.fr\\\/wp-content\\\/uploads\\\/2024\\\/01\\\/Aspirateur_FaceCare-1.png\",\"datePublished\":\"2024-01-02T18:31:01+00:00\",\"dateModified\":\"2025-11-18T19:56:11+00:00\",\"description\":\"Desp\u00eddete de los puntos negros y los poros obstruidos con nuestra Aspiradora de Puntos Negros de calidad profesional. \u00a1Reg\u00e1late una piel radiante!\",\"breadcrumb\":{\"@id\":\"https:\\\/\\\/shopvalley.fr\\\/es\\\/produit\\\/aspirador-de-puntos-negros-limpiador-de-poros-facecare\\\/#breadcrumb\"},\"inLanguage\":\"es\",\"potentialAction\":[{\"@type\":\"ReadAction\",\"target\":[\"https:\\\/\\\/shopvalley.fr\\\/es\\\/produit\\\/aspirador-de-puntos-negros-limpiador-de-poros-facecare\\\/\"]}]},{\"@type\":\"ImageObject\",\"inLanguage\":\"es\",\"@id\":\"https:\\\/\\\/shopvalley.fr\\\/es\\\/produit\\\/aspirador-de-puntos-negros-limpiador-de-poros-facecare\\\/#primaryimage\",\"url\":\"https:\\\/\\\/shopvalley.fr\\\/wp-content\\\/uploads\\\/2024\\\/01\\\/Aspirateur_FaceCare-1.png\",\"contentUrl\":\"https:\\\/\\\/shopvalley.fr\\\/wp-content\\\/uploads\\\/2024\\\/01\\\/Aspirateur_FaceCare-1.png\",\"width\":1000,\"height\":1000},{\"@type\":\"BreadcrumbList\",\"@id\":\"https:\\\/\\\/shopvalley.fr\\\/es\\\/produit\\\/aspirador-de-puntos-negros-limpiador-de-poros-facecare\\\/#breadcrumb\",\"itemListElement\":[{\"@type\":\"ListItem\",\"position\":1,\"name\":\"Accueil\",\"item\":\"https:\\\/\\\/shopvalley.fr\\\/es\\\/\"},{\"@type\":\"ListItem\",\"position\":2,\"name\":\"Todos los productos\",\"item\":\"https:\\\/\\\/shopvalley.fr\\\/es\\\/todos-los-productos\\\/\"},{\"@type\":\"ListItem\",\"position\":3,\"name\":\"Hygi\u00e8ne et Sant\u00e9\",\"item\":\"https:\\\/\\\/shopvalley.fr\\\/categorie-produit\\\/hygiene-et-sante\\\/\"},{\"@type\":\"ListItem\",\"position\":4,\"name\":\"Aspirador de puntos negros | Limpiador de poros FaceCare\"}]},{\"@type\":\"WebSite\",\"@id\":\"https:\\\/\\\/shopvalley.fr\\\/es\\\/#website\",\"url\":\"https:\\\/\\\/shopvalley.fr\\\/es\\\/\",\"name\":\"ShopValley\",\"description\":\"\u00a1Productos de moda a precios bajos!\",\"publisher\":{\"@id\":\"https:\\\/\\\/shopvalley.fr\\\/es\\\/#organization\"},\"potentialAction\":[{\"@type\":\"SearchAction\",\"target\":{\"@type\":\"EntryPoint\",\"urlTemplate\":\"https:\\\/\\\/shopvalley.fr\\\/es\\\/?s={search_term_string}\"},\"query-input\":{\"@type\":\"PropertyValueSpecification\",\"valueRequired\":true,\"valueName\":\"search_term_string\"}}],\"inLanguage\":\"es\"},{\"@type\":\"Organization\",\"@id\":\"https:\\\/\\\/shopvalley.fr\\\/es\\\/#organization\",\"name\":\"Shopvalley\",\"url\":\"https:\\\/\\\/shopvalley.fr\\\/es\\\/\",\"logo\":{\"@type\":\"ImageObject\",\"inLanguage\":\"es\",\"@id\":\"https:\\\/\\\/shopvalley.fr\\\/es\\\/#\\\/schema\\\/logo\\\/image\\\/\",\"url\":\"https:\\\/\\\/shopvalley.fr\\\/wp-content\\\/uploads\\\/2023\\\/11\\\/cropped-Copie-de-Logo-ShopValley-500-x-500-px-1.png\",\"contentUrl\":\"https:\\\/\\\/shopvalley.fr\\\/wp-content\\\/uploads\\\/2023\\\/11\\\/cropped-Copie-de-Logo-ShopValley-500-x-500-px-1.png\",\"width\":512,\"height\":512,\"caption\":\"Shopvalley\"},\"image\":{\"@id\":\"https:\\\/\\\/shopvalley.fr\\\/es\\\/#\\\/schema\\\/logo\\\/image\\\/\"}}]}<\/script>\n<!-- \/ Yoast SEO plugin. -->","yoast_head_json":{"title":"Aspirador de puntos negros | Limpiador de poros FaceCare - ShopValley","description":"Desp\u00eddete de los puntos negros y los poros obstruidos con nuestra Aspiradora de Puntos Negros de calidad profesional. \u00a1Reg\u00e1late una piel radiante!","robots":{"index":"index","follow":"follow","max-snippet":"max-snippet:-1","max-image-preview":"max-image-preview:large","max-video-preview":"max-video-preview:-1"},"canonical":"https:\/\/shopvalley.fr\/es\/produit\/aspirador-de-puntos-negros-limpiador-de-poros-facecare\/","og_locale":"es_ES","og_type":"article","og_title":"Aspirador de puntos negros | Limpiador de poros FaceCare - ShopValley","og_description":"Desp\u00eddete de los puntos negros y los poros obstruidos con nuestra Aspiradora de Puntos Negros de calidad profesional. \u00a1Reg\u00e1late una piel radiante!","og_url":"https:\/\/shopvalley.fr\/es\/produit\/aspirador-de-puntos-negros-limpiador-de-poros-facecare\/","og_site_name":"ShopValley","article_modified_time":"2025-11-18T19:56:11+00:00","og_image":[{"width":1000,"height":1000,"url":"http:\/\/shopvalley.fr\/wp-content\/uploads\/2024\/01\/Aspirateur_FaceCare-1.png","type":"image\/png"}],"schema":{"@context":"https:\/\/schema.org","@graph":[{"@type":"WebPage","@id":"https:\/\/shopvalley.fr\/es\/produit\/aspirador-de-puntos-negros-limpiador-de-poros-facecare\/","url":"https:\/\/shopvalley.fr\/es\/produit\/aspirador-de-puntos-negros-limpiador-de-poros-facecare\/","name":"Aspirador de puntos negros | Limpiador de poros FaceCare - ShopValley","isPartOf":{"@id":"https:\/\/shopvalley.fr\/es\/#website"},"primaryImageOfPage":{"@id":"https:\/\/shopvalley.fr\/es\/produit\/aspirador-de-puntos-negros-limpiador-de-poros-facecare\/#primaryimage"},"image":{"@id":"https:\/\/shopvalley.fr\/es\/produit\/aspirador-de-puntos-negros-limpiador-de-poros-facecare\/#primaryimage"},"thumbnailUrl":"https:\/\/shopvalley.fr\/wp-content\/uploads\/2024\/01\/Aspirateur_FaceCare-1.png","datePublished":"2024-01-02T18:31:01+00:00","dateModified":"2025-11-18T19:56:11+00:00","description":"Desp\u00eddete de los puntos negros y los poros obstruidos con nuestra Aspiradora de Puntos Negros de calidad profesional. \u00a1Reg\u00e1late una piel radiante!","breadcrumb":{"@id":"https:\/\/shopvalley.fr\/es\/produit\/aspirador-de-puntos-negros-limpiador-de-poros-facecare\/#breadcrumb"},"inLanguage":"es","potentialAction":[{"@type":"ReadAction","target":["https:\/\/shopvalley.fr\/es\/produit\/aspirador-de-puntos-negros-limpiador-de-poros-facecare\/"]}]},{"@type":"ImageObject","inLanguage":"es","@id":"https:\/\/shopvalley.fr\/es\/produit\/aspirador-de-puntos-negros-limpiador-de-poros-facecare\/#primaryimage","url":"https:\/\/shopvalley.fr\/wp-content\/uploads\/2024\/01\/Aspirateur_FaceCare-1.png","contentUrl":"https:\/\/shopvalley.fr\/wp-content\/uploads\/2024\/01\/Aspirateur_FaceCare-1.png","width":1000,"height":1000},{"@type":"BreadcrumbList","@id":"https:\/\/shopvalley.fr\/es\/produit\/aspirador-de-puntos-negros-limpiador-de-poros-facecare\/#breadcrumb","itemListElement":[{"@type":"ListItem","position":1,"name":"Accueil","item":"https:\/\/shopvalley.fr\/es\/"},{"@type":"ListItem","position":2,"name":"Todos los productos","item":"https:\/\/shopvalley.fr\/es\/todos-los-productos\/"},{"@type":"ListItem","position":3,"name":"Hygi\u00e8ne et Sant\u00e9","item":"https:\/\/shopvalley.fr\/categorie-produit\/hygiene-et-sante\/"},{"@type":"ListItem","position":4,"name":"Aspirador de puntos negros | Limpiador de poros FaceCare"}]},{"@type":"WebSite","@id":"https:\/\/shopvalley.fr\/es\/#website","url":"https:\/\/shopvalley.fr\/es\/","name":"ShopValley","description":"\u00a1Productos de moda a precios bajos!","publisher":{"@id":"https:\/\/shopvalley.fr\/es\/#organization"},"potentialAction":[{"@type":"SearchAction","target":{"@type":"EntryPoint","urlTemplate":"https:\/\/shopvalley.fr\/es\/?s={search_term_string}"},"query-input":{"@type":"PropertyValueSpecification","valueRequired":true,"valueName":"search_term_string"}}],"inLanguage":"es"},{"@type":"Organization","@id":"https:\/\/shopvalley.fr\/es\/#organization","name":"Shopvalley","url":"https:\/\/shopvalley.fr\/es\/","logo":{"@type":"ImageObject","inLanguage":"es","@id":"https:\/\/shopvalley.fr\/es\/#\/schema\/logo\/image\/","url":"https:\/\/shopvalley.fr\/wp-content\/uploads\/2023\/11\/cropped-Copie-de-Logo-ShopValley-500-x-500-px-1.png","contentUrl":"https:\/\/shopvalley.fr\/wp-content\/uploads\/2023\/11\/cropped-Copie-de-Logo-ShopValley-500-x-500-px-1.png","width":512,"height":512,"caption":"Shopvalley"},"image":{"@id":"https:\/\/shopvalley.fr\/es\/#\/schema\/logo\/image\/"}}]}},"jetpack_sharing_enabled":true,"_links":{"self":[{"href":"https:\/\/shopvalley.fr\/es\/wp-json\/wp\/v2\/product\/41029","targetHints":{"allow":["GET"]}}],"collection":[{"href":"https:\/\/shopvalley.fr\/es\/wp-json\/wp\/v2\/product"}],"about":[{"href":"https:\/\/shopvalley.fr\/es\/wp-json\/wp\/v2\/types\/product"}],"replies":[{"embeddable":true,"href":"https:\/\/shopvalley.fr\/es\/wp-json\/wp\/v2\/comments?post=41029"}],"version-history":[{"count":3,"href":"https:\/\/shopvalley.fr\/es\/wp-json\/wp\/v2\/product\/41029\/revisions"}],"predecessor-version":[{"id":51547,"href":"https:\/\/shopvalley.fr\/es\/wp-json\/wp\/v2\/product\/41029\/revisions\/51547"}],"wp:featuredmedia":[{"embeddable":true,"href":"https:\/\/shopvalley.fr\/es\/wp-json\/wp\/v2\/media\/39285"}],"wp:attachment":[{"href":"https:\/\/shopvalley.fr\/es\/wp-json\/wp\/v2\/media?parent=41029"}],"wp:term":[{"taxonomy":"product_brand","embeddable":true,"href":"https:\/\/shopvalley.fr\/es\/wp-json\/wp\/v2\/product_brand?post=41029"},{"taxonomy":"product_cat","embeddable":true,"href":"https:\/\/shopvalley.fr\/es\/wp-json\/wp\/v2\/product_cat?post=41029"},{"taxonomy":"product_tag","embeddable":true,"href":"https:\/\/shopvalley.fr\/es\/wp-json\/wp\/v2\/product_tag?post=41029"}],"curies":[{"name":"wp","href":"https:\/\/api.w.org\/{rel}","templated":true}]}}