{"id":41018,"date":"2024-05-08T12:26:11","date_gmt":"2024-05-08T10:26:11","guid":{"rendered":"https:\/\/shopvalley.fr\/produit\/mochila-de-senderismo-de-gran-capacidad-90l\/"},"modified":"2025-11-18T20:55:54","modified_gmt":"2025-11-18T19:55:54","slug":"mochila-de-senderismo-de-gran-capacidad-90l","status":"publish","type":"product","link":"https:\/\/shopvalley.fr\/es\/produit\/mochila-de-senderismo-de-gran-capacidad-90l\/","title":{"rendered":"Mochila de senderismo de gran capacidad 90L"},"content":{"rendered":"<h2><span style=\"font-size: 14pt; color: #000000;\"><strong>\ud83c\udf92 \u00a1Descubre la Mochila de Gran Capacidad 90L!<\/strong><\/span><\/h2>\n<p><span style=\"font-size: 14pt; color: #000000;\">\u00bfBuscas el compa\u00f1ero perfecto para tus aventuras al aire libre? \u00a1No busques m\u00e1s! Nuestra mochila de gran capacidad est\u00e1 dise\u00f1ada para <strong>satisfacer todas tus necesidades de<\/strong> senderismo, acampada y viajes. <\/span><\/p>\n<p><img loading=\"lazy\" decoding=\"async\" class=\"aligncenter wp-image-29087\" src=\"http:\/\/shopvalley.fr\/wp-content\/uploads\/2024\/05\/Sac_Rando_90l.gif\" alt=\"\" width=\"390\" height=\"390\" \/><\/p>\n<h2><span style=\"font-size: 14pt; color: #000000;\"><strong>\ud83c\udfde\ufe0f Mochila de gran capacidad: \u00a1explora m\u00e1s con m\u00e1s espacio!<\/strong><\/span><\/h2>\n<p><span style=\"font-size: 14pt; color: #000000;\">El compartimento superior ampliable ofrece espacio extra para todos tus objetos esenciales de viaje. No te dejes nada en tus aventuras al aire libre. <\/span><\/p>\n<p><img loading=\"lazy\" decoding=\"async\" class=\"aligncenter wp-image-29073\" src=\"http:\/\/shopvalley.fr\/wp-content\/uploads\/2024\/05\/Sac_A_Dos_Randonnee_Grande_Capacite-18.jpg\" alt=\"Mochila de gran capacidad\" width=\"502\" height=\"502\" srcset=\"https:\/\/shopvalley.fr\/wp-content\/uploads\/2024\/05\/Sac_A_Dos_Randonnee_Grande_Capacite-18.jpg 800w, https:\/\/shopvalley.fr\/wp-content\/uploads\/2024\/05\/Sac_A_Dos_Randonnee_Grande_Capacite-18-430x430.jpg 430w, https:\/\/shopvalley.fr\/wp-content\/uploads\/2024\/05\/Sac_A_Dos_Randonnee_Grande_Capacite-18-150x150.jpg 150w, https:\/\/shopvalley.fr\/wp-content\/uploads\/2024\/05\/Sac_A_Dos_Randonnee_Grande_Capacite-18-700x700.jpg 700w, https:\/\/shopvalley.fr\/wp-content\/uploads\/2024\/05\/Sac_A_Dos_Randonnee_Grande_Capacite-18-300x300.jpg 300w, https:\/\/shopvalley.fr\/wp-content\/uploads\/2024\/05\/Sac_A_Dos_Randonnee_Grande_Capacite-18-768x768.jpg 768w\" sizes=\"auto, (max-width: 502px) 100vw, 502px\" \/><\/p>\n<p><img loading=\"lazy\" decoding=\"async\" class=\"aligncenter wp-image-29071\" src=\"http:\/\/shopvalley.fr\/wp-content\/uploads\/2024\/05\/Sac_A_Dos_Randonnee_Grande_Capacite-16.jpg\" alt=\"\" width=\"526\" height=\"526\" srcset=\"https:\/\/shopvalley.fr\/wp-content\/uploads\/2024\/05\/Sac_A_Dos_Randonnee_Grande_Capacite-16.jpg 800w, https:\/\/shopvalley.fr\/wp-content\/uploads\/2024\/05\/Sac_A_Dos_Randonnee_Grande_Capacite-16-430x430.jpg 430w, https:\/\/shopvalley.fr\/wp-content\/uploads\/2024\/05\/Sac_A_Dos_Randonnee_Grande_Capacite-16-150x150.jpg 150w, https:\/\/shopvalley.fr\/wp-content\/uploads\/2024\/05\/Sac_A_Dos_Randonnee_Grande_Capacite-16-700x700.jpg 700w, https:\/\/shopvalley.fr\/wp-content\/uploads\/2024\/05\/Sac_A_Dos_Randonnee_Grande_Capacite-16-300x300.jpg 300w, https:\/\/shopvalley.fr\/wp-content\/uploads\/2024\/05\/Sac_A_Dos_Randonnee_Grande_Capacite-16-768x768.jpg 768w\" sizes=\"auto, (max-width: 526px) 100vw, 526px\" \/><\/p>\n<h2><span style=\"font-size: 14pt; color: #000000;\"><strong>\ud83d\udcaa \u00a1Confort duradero para aventuras inolvidables!<\/strong><\/span><\/h2>\n<p><span style=\"font-size: 14pt; color: #000000;\">La conexi\u00f3n del cintur\u00f3n a la cintura reduce la fatiga de los hombros, permiti\u00e9ndote disfrutar plenamente de tus largas caminatas sin la carga de grandes pesos \u00fanicamente sobre los hombros.<\/span><\/p>\n<p><img loading=\"lazy\" decoding=\"async\" class=\"aligncenter wp-image-29068\" src=\"http:\/\/shopvalley.fr\/wp-content\/uploads\/2024\/05\/Sac_A_Dos_Randonnee_Grande_Capacite-13.jpg\" alt=\"Mochila de gran capacidad\" width=\"568\" height=\"568\" srcset=\"https:\/\/shopvalley.fr\/wp-content\/uploads\/2024\/05\/Sac_A_Dos_Randonnee_Grande_Capacite-13.jpg 800w, https:\/\/shopvalley.fr\/wp-content\/uploads\/2024\/05\/Sac_A_Dos_Randonnee_Grande_Capacite-13-430x430.jpg 430w, https:\/\/shopvalley.fr\/wp-content\/uploads\/2024\/05\/Sac_A_Dos_Randonnee_Grande_Capacite-13-150x150.jpg 150w, https:\/\/shopvalley.fr\/wp-content\/uploads\/2024\/05\/Sac_A_Dos_Randonnee_Grande_Capacite-13-700x700.jpg 700w, https:\/\/shopvalley.fr\/wp-content\/uploads\/2024\/05\/Sac_A_Dos_Randonnee_Grande_Capacite-13-300x300.jpg 300w, https:\/\/shopvalley.fr\/wp-content\/uploads\/2024\/05\/Sac_A_Dos_Randonnee_Grande_Capacite-13-768x768.jpg 768w\" sizes=\"auto, (max-width: 568px) 100vw, 568px\" \/><\/p>\n<h2><span style=\"font-size: 14pt; color: #000000;\"><strong>\ud83d\udd17 \u00a1Pr\u00e1cticos ganchos y cord\u00f3n el\u00e1stico para facilitar el acceso!<\/strong><\/span><\/h2>\n<p><span style=\"font-size: 14pt; color: #000000;\">Los ganchos de la parte superior ofrecen una soluci\u00f3n pr\u00e1ctica para colgar objetos ligeros o accesorios, mientras que el cord\u00f3n el\u00e1stico de la parte delantera proporciona un almacenamiento seguro para los bastones de senderismo u otro equipo esencial.<\/span><\/p>\n<p><img loading=\"lazy\" decoding=\"async\" class=\"aligncenter wp-image-29065\" src=\"http:\/\/shopvalley.fr\/wp-content\/uploads\/2024\/05\/Sac_A_Dos_Randonnee_Grande_Capacite-10.jpg\" alt=\"\" width=\"591\" height=\"591\" srcset=\"https:\/\/shopvalley.fr\/wp-content\/uploads\/2024\/05\/Sac_A_Dos_Randonnee_Grande_Capacite-10.jpg 800w, https:\/\/shopvalley.fr\/wp-content\/uploads\/2024\/05\/Sac_A_Dos_Randonnee_Grande_Capacite-10-430x430.jpg 430w, https:\/\/shopvalley.fr\/wp-content\/uploads\/2024\/05\/Sac_A_Dos_Randonnee_Grande_Capacite-10-150x150.jpg 150w, https:\/\/shopvalley.fr\/wp-content\/uploads\/2024\/05\/Sac_A_Dos_Randonnee_Grande_Capacite-10-700x700.jpg 700w, https:\/\/shopvalley.fr\/wp-content\/uploads\/2024\/05\/Sac_A_Dos_Randonnee_Grande_Capacite-10-300x300.jpg 300w, https:\/\/shopvalley.fr\/wp-content\/uploads\/2024\/05\/Sac_A_Dos_Randonnee_Grande_Capacite-10-768x768.jpg 768w\" sizes=\"auto, (max-width: 591px) 100vw, 591px\" \/><\/p>\n<p><img loading=\"lazy\" decoding=\"async\" class=\"aligncenter wp-image-29091\" src=\"http:\/\/shopvalley.fr\/wp-content\/uploads\/2024\/05\/6b2a237e88649efa9d1592df71796c5a.webp\" alt=\"\" width=\"585\" height=\"585\" srcset=\"https:\/\/shopvalley.fr\/wp-content\/uploads\/2024\/05\/6b2a237e88649efa9d1592df71796c5a.webp 800w, https:\/\/shopvalley.fr\/wp-content\/uploads\/2024\/05\/6b2a237e88649efa9d1592df71796c5a-430x430.webp 430w, https:\/\/shopvalley.fr\/wp-content\/uploads\/2024\/05\/6b2a237e88649efa9d1592df71796c5a-150x150.webp 150w, https:\/\/shopvalley.fr\/wp-content\/uploads\/2024\/05\/6b2a237e88649efa9d1592df71796c5a-700x700.webp 700w, https:\/\/shopvalley.fr\/wp-content\/uploads\/2024\/05\/6b2a237e88649efa9d1592df71796c5a-300x300.webp 300w, https:\/\/shopvalley.fr\/wp-content\/uploads\/2024\/05\/6b2a237e88649efa9d1592df71796c5a-768x768.webp 768w\" sizes=\"auto, (max-width: 585px) 100vw, 585px\" \/><\/p>\n<h2><span style=\"font-size: 14pt; color: #000000;\"><strong>\ud83c\udf27\ufe0f Mochila de gran capacidad: \u00a1lista para cualquier condici\u00f3n meteorol\u00f3gica!<\/strong><\/span><\/h2>\n<p><span style=\"font-size: 14pt; color: #000000;\"><strong>Fabricada con tejido resistente al desgarro e hidr\u00f3fugo<\/strong>, nuestra mochila ofrece una protecci\u00f3n fiable contra la lluvia y las salpicaduras. Adem\u00e1s, la funda impermeable incluida proporciona protecci\u00f3n adicional durante los chubascos leves o moderados. <\/span><\/p>\n<p><img loading=\"lazy\" decoding=\"async\" class=\"aligncenter wp-image-29075\" src=\"http:\/\/shopvalley.fr\/wp-content\/uploads\/2024\/05\/Sac_A_Dos_Randonnee_Grande_Capacite-20.jpg\" alt=\"Mochila de gran capacidad\" width=\"602\" height=\"602\" srcset=\"https:\/\/shopvalley.fr\/wp-content\/uploads\/2024\/05\/Sac_A_Dos_Randonnee_Grande_Capacite-20.jpg 800w, https:\/\/shopvalley.fr\/wp-content\/uploads\/2024\/05\/Sac_A_Dos_Randonnee_Grande_Capacite-20-430x430.jpg 430w, https:\/\/shopvalley.fr\/wp-content\/uploads\/2024\/05\/Sac_A_Dos_Randonnee_Grande_Capacite-20-150x150.jpg 150w, https:\/\/shopvalley.fr\/wp-content\/uploads\/2024\/05\/Sac_A_Dos_Randonnee_Grande_Capacite-20-700x700.jpg 700w, https:\/\/shopvalley.fr\/wp-content\/uploads\/2024\/05\/Sac_A_Dos_Randonnee_Grande_Capacite-20-300x300.jpg 300w, https:\/\/shopvalley.fr\/wp-content\/uploads\/2024\/05\/Sac_A_Dos_Randonnee_Grande_Capacite-20-768x768.jpg 768w\" sizes=\"auto, (max-width: 602px) 100vw, 602px\" \/><\/p>\n<p>&nbsp;<\/p>\n<h2><span style=\"font-size: 14pt; color: #000000;\"><strong>\ud83c\udf2c\ufe0f \u00a1Confort \u00f3ptimo gracias al sistema de respaldo transpirable y ajustable!<\/strong><\/span><\/h2>\n<p><span style=\"font-size: 14pt; color: #000000;\">Nuestra mochila incorpora un sistema de espalda mejorado para ajustar la longitud a tu medida, lo que garantiza un ajuste perfecto y una comodidad \u00f3ptima incluso en excursiones largas. La estructura altamente transpirable mejora la ventilaci\u00f3n, manteni\u00e9ndote c\u00f3modo en todas las condiciones. <\/span><\/p>\n<p><img loading=\"lazy\" decoding=\"async\" class=\"aligncenter wp-image-29069\" src=\"http:\/\/shopvalley.fr\/wp-content\/uploads\/2024\/05\/Sac_A_Dos_Randonnee_Grande_Capacite-14.jpg\" alt=\"\" width=\"658\" height=\"673\" srcset=\"https:\/\/shopvalley.fr\/wp-content\/uploads\/2024\/05\/Sac_A_Dos_Randonnee_Grande_Capacite-14.jpg 790w, https:\/\/shopvalley.fr\/wp-content\/uploads\/2024\/05\/Sac_A_Dos_Randonnee_Grande_Capacite-14-150x153.jpg 150w, https:\/\/shopvalley.fr\/wp-content\/uploads\/2024\/05\/Sac_A_Dos_Randonnee_Grande_Capacite-14-700x716.jpg 700w, https:\/\/shopvalley.fr\/wp-content\/uploads\/2024\/05\/Sac_A_Dos_Randonnee_Grande_Capacite-14-293x300.jpg 293w, https:\/\/shopvalley.fr\/wp-content\/uploads\/2024\/05\/Sac_A_Dos_Randonnee_Grande_Capacite-14-782x800.jpg 782w, https:\/\/shopvalley.fr\/wp-content\/uploads\/2024\/05\/Sac_A_Dos_Randonnee_Grande_Capacite-14-768x785.jpg 768w\" sizes=\"auto, (max-width: 658px) 100vw, 658px\" \/><\/p>\n<p><span style=\"font-size: 14pt; color: #000000;\">\u00bfListo para superar tus l\u00edmites y explorar el mundo? \u00a1Elige nuestra mochila de camping de 90 L y prep\u00e1rate para vivir aventuras extraordinarias! <\/span><\/p>\n","protected":false},"excerpt":{"rendered":"<p><span style=\"font-size: 14pt; color: #000000;\">\u00bfBuscas el compa\u00f1ero perfecto para tus aventuras al aire libre?<\/span><\/p>\n","protected":false},"featured_media":39888,"comment_status":"closed","ping_status":"closed","template":"","meta":[],"product_brand":[1139],"product_cat":[988,1085],"product_tag":[990],"class_list":{"0":"post-41018","1":"product","2":"type-product","3":"status-publish","4":"has-post-thumbnail","6":"product_brand-shopvalley","7":"product_cat-accesorios","8":"product_cat-shopping_es-es","9":"product_tag-noflash-es","11":"first","12":"instock","13":"sale","14":"taxable","15":"shipping-taxable","16":"purchasable","17":"product-type-variable","18":"has-default-attributes"},"yoast_head":"<!-- This site is optimized with the Yoast SEO plugin v27.4 - https:\/\/yoast.com\/product\/yoast-seo-wordpress\/ -->\n<title>Mochila de senderismo de gran capacidad 90L - ShopValley<\/title>\n<meta name=\"description\" content=\"\u00bfListo para superar tus l\u00edmites? \u00a1Elige nuestra Mochila de Gran Capacidad de 90 L y prep\u00e1rate para vivir aventuras extraordinarias!\" \/>\n<meta name=\"robots\" content=\"index, follow, max-snippet:-1, max-image-preview:large, max-video-preview:-1\" \/>\n<link rel=\"canonical\" href=\"https:\/\/shopvalley.fr\/es\/produit\/mochila-de-senderismo-de-gran-capacidad-90l\/\" \/>\n<meta property=\"og:locale\" content=\"es_ES\" \/>\n<meta property=\"og:type\" content=\"article\" \/>\n<meta property=\"og:title\" content=\"Mochila de senderismo de gran capacidad 90L - ShopValley\" \/>\n<meta property=\"og:description\" content=\"\u00bfListo para superar tus l\u00edmites? \u00a1Elige nuestra Mochila de Gran Capacidad de 90 L y prep\u00e1rate para vivir aventuras extraordinarias!\" \/>\n<meta property=\"og:url\" content=\"https:\/\/shopvalley.fr\/es\/produit\/mochila-de-senderismo-de-gran-capacidad-90l\/\" \/>\n<meta property=\"og:site_name\" content=\"ShopValley\" \/>\n<meta property=\"article:modified_time\" content=\"2025-11-18T19:55:54+00:00\" \/>\n<meta property=\"og:image\" content=\"http:\/\/shopvalley.fr\/wp-content\/uploads\/2024\/05\/Sac_A_Dos_Randonnee_Grande_Capacite-23.jpg\" \/>\n\t<meta property=\"og:image:width\" content=\"800\" \/>\n\t<meta property=\"og:image:height\" content=\"800\" \/>\n\t<meta property=\"og:image:type\" content=\"image\/jpeg\" \/>\n<script type=\"application\/ld+json\" class=\"yoast-schema-graph\">{\"@context\":\"https:\\\/\\\/schema.org\",\"@graph\":[{\"@type\":\"WebPage\",\"@id\":\"https:\\\/\\\/shopvalley.fr\\\/es\\\/produit\\\/mochila-de-senderismo-de-gran-capacidad-90l\\\/\",\"url\":\"https:\\\/\\\/shopvalley.fr\\\/es\\\/produit\\\/mochila-de-senderismo-de-gran-capacidad-90l\\\/\",\"name\":\"Mochila de senderismo de gran capacidad 90L - ShopValley\",\"isPartOf\":{\"@id\":\"https:\\\/\\\/shopvalley.fr\\\/es\\\/#website\"},\"primaryImageOfPage\":{\"@id\":\"https:\\\/\\\/shopvalley.fr\\\/es\\\/produit\\\/mochila-de-senderismo-de-gran-capacidad-90l\\\/#primaryimage\"},\"image\":{\"@id\":\"https:\\\/\\\/shopvalley.fr\\\/es\\\/produit\\\/mochila-de-senderismo-de-gran-capacidad-90l\\\/#primaryimage\"},\"thumbnailUrl\":\"https:\\\/\\\/shopvalley.fr\\\/wp-content\\\/uploads\\\/2024\\\/05\\\/Sac_A_Dos_Randonnee_Grande_Capacite-23.jpg\",\"datePublished\":\"2024-05-08T10:26:11+00:00\",\"dateModified\":\"2025-11-18T19:55:54+00:00\",\"description\":\"\u00bfListo para superar tus l\u00edmites? \u00a1Elige nuestra Mochila de Gran Capacidad de 90 L y prep\u00e1rate para vivir aventuras extraordinarias!\",\"breadcrumb\":{\"@id\":\"https:\\\/\\\/shopvalley.fr\\\/es\\\/produit\\\/mochila-de-senderismo-de-gran-capacidad-90l\\\/#breadcrumb\"},\"inLanguage\":\"es\",\"potentialAction\":[{\"@type\":\"ReadAction\",\"target\":[\"https:\\\/\\\/shopvalley.fr\\\/es\\\/produit\\\/mochila-de-senderismo-de-gran-capacidad-90l\\\/\"]}]},{\"@type\":\"ImageObject\",\"inLanguage\":\"es\",\"@id\":\"https:\\\/\\\/shopvalley.fr\\\/es\\\/produit\\\/mochila-de-senderismo-de-gran-capacidad-90l\\\/#primaryimage\",\"url\":\"https:\\\/\\\/shopvalley.fr\\\/wp-content\\\/uploads\\\/2024\\\/05\\\/Sac_A_Dos_Randonnee_Grande_Capacite-23.jpg\",\"contentUrl\":\"https:\\\/\\\/shopvalley.fr\\\/wp-content\\\/uploads\\\/2024\\\/05\\\/Sac_A_Dos_Randonnee_Grande_Capacite-23.jpg\",\"width\":800,\"height\":800},{\"@type\":\"BreadcrumbList\",\"@id\":\"https:\\\/\\\/shopvalley.fr\\\/es\\\/produit\\\/mochila-de-senderismo-de-gran-capacidad-90l\\\/#breadcrumb\",\"itemListElement\":[{\"@type\":\"ListItem\",\"position\":1,\"name\":\"Accueil\",\"item\":\"https:\\\/\\\/shopvalley.fr\\\/es\\\/\"},{\"@type\":\"ListItem\",\"position\":2,\"name\":\"Todos los productos\",\"item\":\"https:\\\/\\\/shopvalley.fr\\\/es\\\/todos-los-productos\\\/\"},{\"@type\":\"ListItem\",\"position\":3,\"name\":\"Accessoires\",\"item\":\"https:\\\/\\\/shopvalley.fr\\\/categorie-produit\\\/accessoires\\\/\"},{\"@type\":\"ListItem\",\"position\":4,\"name\":\"Mochila de senderismo de gran capacidad 90L\"}]},{\"@type\":\"WebSite\",\"@id\":\"https:\\\/\\\/shopvalley.fr\\\/es\\\/#website\",\"url\":\"https:\\\/\\\/shopvalley.fr\\\/es\\\/\",\"name\":\"ShopValley\",\"description\":\"\u00a1Productos de moda a precios bajos!\",\"publisher\":{\"@id\":\"https:\\\/\\\/shopvalley.fr\\\/es\\\/#organization\"},\"potentialAction\":[{\"@type\":\"SearchAction\",\"target\":{\"@type\":\"EntryPoint\",\"urlTemplate\":\"https:\\\/\\\/shopvalley.fr\\\/es\\\/?s={search_term_string}\"},\"query-input\":{\"@type\":\"PropertyValueSpecification\",\"valueRequired\":true,\"valueName\":\"search_term_string\"}}],\"inLanguage\":\"es\"},{\"@type\":\"Organization\",\"@id\":\"https:\\\/\\\/shopvalley.fr\\\/es\\\/#organization\",\"name\":\"Shopvalley\",\"url\":\"https:\\\/\\\/shopvalley.fr\\\/es\\\/\",\"logo\":{\"@type\":\"ImageObject\",\"inLanguage\":\"es\",\"@id\":\"https:\\\/\\\/shopvalley.fr\\\/es\\\/#\\\/schema\\\/logo\\\/image\\\/\",\"url\":\"https:\\\/\\\/shopvalley.fr\\\/wp-content\\\/uploads\\\/2023\\\/11\\\/cropped-Copie-de-Logo-ShopValley-500-x-500-px-1.png\",\"contentUrl\":\"https:\\\/\\\/shopvalley.fr\\\/wp-content\\\/uploads\\\/2023\\\/11\\\/cropped-Copie-de-Logo-ShopValley-500-x-500-px-1.png\",\"width\":512,\"height\":512,\"caption\":\"Shopvalley\"},\"image\":{\"@id\":\"https:\\\/\\\/shopvalley.fr\\\/es\\\/#\\\/schema\\\/logo\\\/image\\\/\"}}]}<\/script>\n<!-- \/ Yoast SEO plugin. -->","yoast_head_json":{"title":"Mochila de senderismo de gran capacidad 90L - ShopValley","description":"\u00bfListo para superar tus l\u00edmites? \u00a1Elige nuestra Mochila de Gran Capacidad de 90 L y prep\u00e1rate para vivir aventuras extraordinarias!","robots":{"index":"index","follow":"follow","max-snippet":"max-snippet:-1","max-image-preview":"max-image-preview:large","max-video-preview":"max-video-preview:-1"},"canonical":"https:\/\/shopvalley.fr\/es\/produit\/mochila-de-senderismo-de-gran-capacidad-90l\/","og_locale":"es_ES","og_type":"article","og_title":"Mochila de senderismo de gran capacidad 90L - ShopValley","og_description":"\u00bfListo para superar tus l\u00edmites? \u00a1Elige nuestra Mochila de Gran Capacidad de 90 L y prep\u00e1rate para vivir aventuras extraordinarias!","og_url":"https:\/\/shopvalley.fr\/es\/produit\/mochila-de-senderismo-de-gran-capacidad-90l\/","og_site_name":"ShopValley","article_modified_time":"2025-11-18T19:55:54+00:00","og_image":[{"width":800,"height":800,"url":"http:\/\/shopvalley.fr\/wp-content\/uploads\/2024\/05\/Sac_A_Dos_Randonnee_Grande_Capacite-23.jpg","type":"image\/jpeg"}],"schema":{"@context":"https:\/\/schema.org","@graph":[{"@type":"WebPage","@id":"https:\/\/shopvalley.fr\/es\/produit\/mochila-de-senderismo-de-gran-capacidad-90l\/","url":"https:\/\/shopvalley.fr\/es\/produit\/mochila-de-senderismo-de-gran-capacidad-90l\/","name":"Mochila de senderismo de gran capacidad 90L - ShopValley","isPartOf":{"@id":"https:\/\/shopvalley.fr\/es\/#website"},"primaryImageOfPage":{"@id":"https:\/\/shopvalley.fr\/es\/produit\/mochila-de-senderismo-de-gran-capacidad-90l\/#primaryimage"},"image":{"@id":"https:\/\/shopvalley.fr\/es\/produit\/mochila-de-senderismo-de-gran-capacidad-90l\/#primaryimage"},"thumbnailUrl":"https:\/\/shopvalley.fr\/wp-content\/uploads\/2024\/05\/Sac_A_Dos_Randonnee_Grande_Capacite-23.jpg","datePublished":"2024-05-08T10:26:11+00:00","dateModified":"2025-11-18T19:55:54+00:00","description":"\u00bfListo para superar tus l\u00edmites? \u00a1Elige nuestra Mochila de Gran Capacidad de 90 L y prep\u00e1rate para vivir aventuras extraordinarias!","breadcrumb":{"@id":"https:\/\/shopvalley.fr\/es\/produit\/mochila-de-senderismo-de-gran-capacidad-90l\/#breadcrumb"},"inLanguage":"es","potentialAction":[{"@type":"ReadAction","target":["https:\/\/shopvalley.fr\/es\/produit\/mochila-de-senderismo-de-gran-capacidad-90l\/"]}]},{"@type":"ImageObject","inLanguage":"es","@id":"https:\/\/shopvalley.fr\/es\/produit\/mochila-de-senderismo-de-gran-capacidad-90l\/#primaryimage","url":"https:\/\/shopvalley.fr\/wp-content\/uploads\/2024\/05\/Sac_A_Dos_Randonnee_Grande_Capacite-23.jpg","contentUrl":"https:\/\/shopvalley.fr\/wp-content\/uploads\/2024\/05\/Sac_A_Dos_Randonnee_Grande_Capacite-23.jpg","width":800,"height":800},{"@type":"BreadcrumbList","@id":"https:\/\/shopvalley.fr\/es\/produit\/mochila-de-senderismo-de-gran-capacidad-90l\/#breadcrumb","itemListElement":[{"@type":"ListItem","position":1,"name":"Accueil","item":"https:\/\/shopvalley.fr\/es\/"},{"@type":"ListItem","position":2,"name":"Todos los productos","item":"https:\/\/shopvalley.fr\/es\/todos-los-productos\/"},{"@type":"ListItem","position":3,"name":"Accessoires","item":"https:\/\/shopvalley.fr\/categorie-produit\/accessoires\/"},{"@type":"ListItem","position":4,"name":"Mochila de senderismo de gran capacidad 90L"}]},{"@type":"WebSite","@id":"https:\/\/shopvalley.fr\/es\/#website","url":"https:\/\/shopvalley.fr\/es\/","name":"ShopValley","description":"\u00a1Productos de moda a precios bajos!","publisher":{"@id":"https:\/\/shopvalley.fr\/es\/#organization"},"potentialAction":[{"@type":"SearchAction","target":{"@type":"EntryPoint","urlTemplate":"https:\/\/shopvalley.fr\/es\/?s={search_term_string}"},"query-input":{"@type":"PropertyValueSpecification","valueRequired":true,"valueName":"search_term_string"}}],"inLanguage":"es"},{"@type":"Organization","@id":"https:\/\/shopvalley.fr\/es\/#organization","name":"Shopvalley","url":"https:\/\/shopvalley.fr\/es\/","logo":{"@type":"ImageObject","inLanguage":"es","@id":"https:\/\/shopvalley.fr\/es\/#\/schema\/logo\/image\/","url":"https:\/\/shopvalley.fr\/wp-content\/uploads\/2023\/11\/cropped-Copie-de-Logo-ShopValley-500-x-500-px-1.png","contentUrl":"https:\/\/shopvalley.fr\/wp-content\/uploads\/2023\/11\/cropped-Copie-de-Logo-ShopValley-500-x-500-px-1.png","width":512,"height":512,"caption":"Shopvalley"},"image":{"@id":"https:\/\/shopvalley.fr\/es\/#\/schema\/logo\/image\/"}}]}},"jetpack_sharing_enabled":true,"_links":{"self":[{"href":"https:\/\/shopvalley.fr\/es\/wp-json\/wp\/v2\/product\/41018","targetHints":{"allow":["GET"]}}],"collection":[{"href":"https:\/\/shopvalley.fr\/es\/wp-json\/wp\/v2\/product"}],"about":[{"href":"https:\/\/shopvalley.fr\/es\/wp-json\/wp\/v2\/types\/product"}],"replies":[{"embeddable":true,"href":"https:\/\/shopvalley.fr\/es\/wp-json\/wp\/v2\/comments?post=41018"}],"version-history":[{"count":2,"href":"https:\/\/shopvalley.fr\/es\/wp-json\/wp\/v2\/product\/41018\/revisions"}],"predecessor-version":[{"id":51535,"href":"https:\/\/shopvalley.fr\/es\/wp-json\/wp\/v2\/product\/41018\/revisions\/51535"}],"wp:featuredmedia":[{"embeddable":true,"href":"https:\/\/shopvalley.fr\/es\/wp-json\/wp\/v2\/media\/39888"}],"wp:attachment":[{"href":"https:\/\/shopvalley.fr\/es\/wp-json\/wp\/v2\/media?parent=41018"}],"wp:term":[{"taxonomy":"product_brand","embeddable":true,"href":"https:\/\/shopvalley.fr\/es\/wp-json\/wp\/v2\/product_brand?post=41018"},{"taxonomy":"product_cat","embeddable":true,"href":"https:\/\/shopvalley.fr\/es\/wp-json\/wp\/v2\/product_cat?post=41018"},{"taxonomy":"product_tag","embeddable":true,"href":"https:\/\/shopvalley.fr\/es\/wp-json\/wp\/v2\/product_tag?post=41018"}],"curies":[{"name":"wp","href":"https:\/\/api.w.org\/{rel}","templated":true}]}}