{"id":40860,"date":"2023-10-04T21:02:54","date_gmt":"2023-10-04T19:02:54","guid":{"rendered":"https:\/\/shopvalley.fr\/produit\/calidos-zapatos-de-invierno-con-piel\/"},"modified":"2025-11-18T20:55:37","modified_gmt":"2025-11-18T19:55:37","slug":"calidos-zapatos-de-invierno-con-piel","status":"publish","type":"product","link":"https:\/\/shopvalley.fr\/es\/produit\/calidos-zapatos-de-invierno-con-piel\/","title":{"rendered":"C\u00e1lidos zapatos de invierno con piel"},"content":{"rendered":"<h5><span style=\"font-size: 14pt; color: #000000;\">\u00a1Eleva tu confort este invierno con nuestros c\u00e1lidos zapatos de invierno con pelo!<\/span><\/h5>\n<p><span style=\"font-size: 14pt; color: #000000;\">Con tiempo fr\u00edo y h\u00famedo, tus pies se merecen lo mejor. Nuestros c\u00e1lidos zapatos de invierno con piel est\u00e1n dise\u00f1ados para mantenerte caliente y seco, sin renunciar al estilo. Los meses de invierno nunca volver\u00e1n a ser lo mismo con nuestros c\u00e1lidos y elegantes zapatos de invierno, repletos de magn\u00edficas caracter\u00edsticas para mantenerte caliente y seco. <\/span><\/p>\n<p><span style=\"color: #000000; font-size: 14pt;\"><img loading=\"lazy\" decoding=\"async\" class=\"aligncenter\" src=\"https:\/\/cdn11.bigcommerce.com\/s-2rkezxqh4s\/images\/stencil\/original\/image-manager\/885ad680-f2e4-4c60-ac99-fdba7be61c52.png?t=1670522659\" alt=\"C\u00e1lidos zapatos de invierno con piel\" width=\"480\" height=\"329\" \/><\/span><\/p>\n<h5><span style=\"font-size: 14pt; color: #000000;\">Comodidad y estilo: la combinaci\u00f3n perfecta para el invierno<\/span><\/h5>\n<p><span style=\"font-size: 14pt; color: #000000;\">Nuestros c\u00e1lidos zapatos de invierno con piel son a la vez funcionales y modernos. La acogedora piel del interior mantiene tus pies calientes en climas g\u00e9lidos, mientras que el exterior sin cordones ofrece un aspecto moderno y elegante. \u00a1No hay necesidad de sacrificar el estilo por la comodidad! <\/span><\/p>\n<p><span style=\"font-size: 14pt; color: #000000;\"><img loading=\"lazy\" decoding=\"async\" class=\"aligncenter\" src=\"https:\/\/cdn11.bigcommerce.com\/s-2rkezxqh4s\/images\/stencil\/original\/image-manager\/gif-chaussures-480x480-new.gif?t=1670522717\" alt=\"C\u00e1lidos zapatos de invierno con piel\" width=\"400\" height=\"400\" \/><img loading=\"lazy\" decoding=\"async\" class=\"aligncenter wp-image-21761\" src=\"http:\/\/shopvalley.fr\/wp-content\/uploads\/2023\/10\/659057181586.jpg\" alt=\"C\u00e1lidos zapatos de invierno con piel\" width=\"392\" height=\"392\" srcset=\"https:\/\/shopvalley.fr\/wp-content\/uploads\/2023\/10\/659057181586.jpg 800w, https:\/\/shopvalley.fr\/wp-content\/uploads\/2023\/10\/659057181586-430x430.jpg 430w, https:\/\/shopvalley.fr\/wp-content\/uploads\/2023\/10\/659057181586-150x150.jpg 150w, https:\/\/shopvalley.fr\/wp-content\/uploads\/2023\/10\/659057181586-700x700.jpg 700w, https:\/\/shopvalley.fr\/wp-content\/uploads\/2023\/10\/659057181586-300x300.jpg 300w, https:\/\/shopvalley.fr\/wp-content\/uploads\/2023\/10\/659057181586-768x768.jpg 768w, https:\/\/shopvalley.fr\/wp-content\/uploads\/2023\/10\/659057181586-146x146.jpg 146w\" sizes=\"auto, (max-width: 392px) 100vw, 392px\" \/><\/span><\/p>\n<h5><span style=\"font-size: 14pt; color: #000000;\">La seguridad ante todo &#8211; Resistencia al deslizamiento<\/span><\/h5>\n<p><span style=\"font-size: 14pt; color: #000000;\">Te mereces un calzado que te mantenga a salvo, incluso en superficies resbaladizas. Nuestros C\u00e1lidos Zapatos de Invierno con Piel tienen una suela antideslizante para un agarre m\u00e1ximo. Camina con confianza, haga el tiempo que haga. <\/span><\/p>\n<p><span style=\"font-size: 14pt; color: #000000;\"><img loading=\"lazy\" decoding=\"async\" class=\"aligncenter\" src=\"https:\/\/cdn11.bigcommerce.com\/s-2rkezxqh4s\/images\/stencil\/original\/image-manager\/47f4f6bf-6980-4151-9c5e-aefef058b882.jpg?t=1670522706\" alt=\"C\u00e1lidos zapatos de invierno con piel\" width=\"480\" height=\"458\" \/><\/span><\/p>\n<h5><span style=\"font-size: 14pt; color: #000000;\">Protege tus pies de la humedad con una capa exterior impermeable<\/span><\/h5>\n<p><span style=\"font-size: 14pt; color: #000000;\">No hay nada peor que tener los pies mojados en invierno. Nuestros zapatos de invierno tienen una capa exterior totalmente impermeable para mantener el agua fuera. Mantente seco, haga el tiempo que haga. <\/span><\/p>\n<p><span style=\"font-size: 14pt; color: #000000;\"><img loading=\"lazy\" decoding=\"async\" class=\"aligncenter\" src=\"https:\/\/cdn11.bigcommerce.com\/s-2rkezxqh4s\/images\/stencil\/original\/image-manager\/085e6220-8844-4276-9c95-083271bc88db.jpg?t=1670522751\" alt=\"C\u00e1lidos zapatos de invierno con piel\" width=\"480\" height=\"474\" \/><\/span><\/p>\n<h5><span style=\"font-size: 14pt; color: #000000;\">Camina sin dolor &#8211; Suela amortiguadora integrada<\/span><\/h5>\n<p><span style=\"font-size: 14pt; color: #000000;\">No dejes que el dolor de pies te estropee el invierno. Nuestros zapatos de invierno tienen una suela amortiguadora que protege tus pies de golpes e impactos. \u00a1Haz tu pedido ahora y descubre lo \u00faltimo en comodidad! <\/span><\/p>\n<p><span style=\"font-size: 14pt; color: #000000;\">No dejes que el fr\u00edo del invierno te frene. Con nuestro calzado de invierno c\u00e1lido, impermeable y con estilo, estar\u00e1s preparado para enfrentarte a cualquier condici\u00f3n invernal. <\/span><\/p>\n<p>&nbsp;<\/p>\n<p><span style=\"font-size: 14pt; color: #000000;\"><img loading=\"lazy\" decoding=\"async\" class=\"aligncenter\" src=\"https:\/\/cdn11.bigcommerce.com\/s-2rkezxqh4s\/images\/stencil\/original\/image-manager\/boojoy-gif-1-480x480-new.gif?t=1670522742\" alt=\"\" width=\"480\" height=\"263\" \/><\/span><\/p>\n<p>&nbsp;<\/p>\n<p>&nbsp;<\/p>\n<p style=\"text-align: center;\"><strong><span style=\"font-size: 18pt; color: #ff0000;\">Antes de hacer tu pedido, te recomendamos encarecidamente que midas la longitud de tus pies y la cotejes con nuestra \u00abGU\u00cdA DE TALLAS\u00bb de la parte superior de la p\u00e1gina para elegir la talla que mejor se adapte a ti.<\/span><\/strong><\/p>\n<p>&nbsp;<\/p>\n<p><a href=\"http:\/\/shopvalley.fr\/wp-content\/uploads\/2025\/02\/Taille_Pied-1.png\"><img loading=\"lazy\" decoding=\"async\" class=\"aligncenter wp-image-26241\" src=\"http:\/\/shopvalley.fr\/wp-content\/uploads\/2025\/02\/Taille_Pied-1.png\" alt=\"\" width=\"493\" height=\"379\" \/><\/a><\/p>\n<p>&nbsp;<\/p>\n","protected":false},"excerpt":{"rendered":"<p><span style=\"font-size: 14pt; color: #000000;\">Con tiempo fr\u00edo y h\u00famedo, tus pies se merecen lo mejor.<\/span><\/p>\n<p><strong><span style=\"color: #000000;\"><em>(s\u00f3lo modelo con suela blanca)<\/em><\/span><\/strong><\/p>\n","protected":false},"featured_media":37831,"comment_status":"closed","ping_status":"closed","template":"","meta":[],"product_brand":[],"product_cat":[853],"product_tag":[990],"class_list":{"0":"post-40860","1":"product","2":"type-product","3":"status-publish","4":"has-post-thumbnail","6":"product_cat-non-classe","7":"product_tag-noflash-es","9":"first","10":"instock","11":"sale","12":"taxable","13":"shipping-taxable","14":"purchasable","15":"product-type-variable","16":"has-default-attributes"},"yoast_head":"<!-- This site is optimized with the Yoast SEO plugin v27.4 - https:\/\/yoast.com\/product\/yoast-seo-wordpress\/ -->\n<title>C\u00e1lidos zapatos de invierno con piel - ShopValley<\/title>\n<meta name=\"description\" content=\"\u00a1Eleva tu comodidad este invierno con nuestros c\u00e1lidos zapatos de invierno con pelo! En tiempo fr\u00edo y h\u00famedo, tus pies se merecen lo mejor\" \/>\n<meta name=\"robots\" content=\"index, follow, max-snippet:-1, max-image-preview:large, max-video-preview:-1\" \/>\n<link rel=\"canonical\" href=\"https:\/\/shopvalley.fr\/es\/produit\/calidos-zapatos-de-invierno-con-piel\/\" \/>\n<meta property=\"og:locale\" content=\"es_ES\" \/>\n<meta property=\"og:type\" content=\"article\" \/>\n<meta property=\"og:title\" content=\"C\u00e1lidos zapatos de invierno con piel - ShopValley\" \/>\n<meta property=\"og:description\" content=\"\u00a1Eleva tu comodidad este invierno con nuestros c\u00e1lidos zapatos de invierno con pelo! En tiempo fr\u00edo y h\u00famedo, tus pies se merecen lo mejor\" \/>\n<meta property=\"og:url\" content=\"https:\/\/shopvalley.fr\/es\/produit\/calidos-zapatos-de-invierno-con-piel\/\" \/>\n<meta property=\"og:site_name\" content=\"ShopValley\" \/>\n<meta property=\"article:modified_time\" content=\"2025-11-18T19:55:37+00:00\" \/>\n<meta property=\"og:image\" content=\"http:\/\/shopvalley.fr\/wp-content\/uploads\/2023\/10\/2785943157565.jpg\" \/>\n\t<meta property=\"og:image:width\" content=\"800\" \/>\n\t<meta property=\"og:image:height\" content=\"800\" \/>\n\t<meta property=\"og:image:type\" content=\"image\/jpeg\" \/>\n<script type=\"application\/ld+json\" class=\"yoast-schema-graph\">{\"@context\":\"https:\\\/\\\/schema.org\",\"@graph\":[{\"@type\":\"WebPage\",\"@id\":\"https:\\\/\\\/shopvalley.fr\\\/es\\\/produit\\\/calidos-zapatos-de-invierno-con-piel\\\/\",\"url\":\"https:\\\/\\\/shopvalley.fr\\\/es\\\/produit\\\/calidos-zapatos-de-invierno-con-piel\\\/\",\"name\":\"C\u00e1lidos zapatos de invierno con piel - ShopValley\",\"isPartOf\":{\"@id\":\"https:\\\/\\\/shopvalley.fr\\\/es\\\/#website\"},\"primaryImageOfPage\":{\"@id\":\"https:\\\/\\\/shopvalley.fr\\\/es\\\/produit\\\/calidos-zapatos-de-invierno-con-piel\\\/#primaryimage\"},\"image\":{\"@id\":\"https:\\\/\\\/shopvalley.fr\\\/es\\\/produit\\\/calidos-zapatos-de-invierno-con-piel\\\/#primaryimage\"},\"thumbnailUrl\":\"https:\\\/\\\/shopvalley.fr\\\/wp-content\\\/uploads\\\/2023\\\/10\\\/2785943157565.jpg\",\"datePublished\":\"2023-10-04T19:02:54+00:00\",\"dateModified\":\"2025-11-18T19:55:37+00:00\",\"description\":\"\u00a1Eleva tu comodidad este invierno con nuestros c\u00e1lidos zapatos de invierno con pelo! En tiempo fr\u00edo y h\u00famedo, tus pies se merecen lo mejor\",\"breadcrumb\":{\"@id\":\"https:\\\/\\\/shopvalley.fr\\\/es\\\/produit\\\/calidos-zapatos-de-invierno-con-piel\\\/#breadcrumb\"},\"inLanguage\":\"es\",\"potentialAction\":[{\"@type\":\"ReadAction\",\"target\":[\"https:\\\/\\\/shopvalley.fr\\\/es\\\/produit\\\/calidos-zapatos-de-invierno-con-piel\\\/\"]}]},{\"@type\":\"ImageObject\",\"inLanguage\":\"es\",\"@id\":\"https:\\\/\\\/shopvalley.fr\\\/es\\\/produit\\\/calidos-zapatos-de-invierno-con-piel\\\/#primaryimage\",\"url\":\"https:\\\/\\\/shopvalley.fr\\\/wp-content\\\/uploads\\\/2023\\\/10\\\/2785943157565.jpg\",\"contentUrl\":\"https:\\\/\\\/shopvalley.fr\\\/wp-content\\\/uploads\\\/2023\\\/10\\\/2785943157565.jpg\",\"width\":800,\"height\":800},{\"@type\":\"BreadcrumbList\",\"@id\":\"https:\\\/\\\/shopvalley.fr\\\/es\\\/produit\\\/calidos-zapatos-de-invierno-con-piel\\\/#breadcrumb\",\"itemListElement\":[{\"@type\":\"ListItem\",\"position\":1,\"name\":\"Accueil\",\"item\":\"https:\\\/\\\/shopvalley.fr\\\/es\\\/\"},{\"@type\":\"ListItem\",\"position\":2,\"name\":\"Todos los productos\",\"item\":\"https:\\\/\\\/shopvalley.fr\\\/es\\\/todos-los-productos\\\/\"},{\"@type\":\"ListItem\",\"position\":3,\"name\":\"Zapatos\",\"item\":\"https:\\\/\\\/shopvalley.fr\\\/es\\\/categorie-produit\\\/zapatos\\\/\"},{\"@type\":\"ListItem\",\"position\":4,\"name\":\"C\u00e1lidos zapatos de invierno con piel\"}]},{\"@type\":\"WebSite\",\"@id\":\"https:\\\/\\\/shopvalley.fr\\\/es\\\/#website\",\"url\":\"https:\\\/\\\/shopvalley.fr\\\/es\\\/\",\"name\":\"ShopValley\",\"description\":\"\u00a1Productos de moda a precios bajos!\",\"publisher\":{\"@id\":\"https:\\\/\\\/shopvalley.fr\\\/es\\\/#organization\"},\"potentialAction\":[{\"@type\":\"SearchAction\",\"target\":{\"@type\":\"EntryPoint\",\"urlTemplate\":\"https:\\\/\\\/shopvalley.fr\\\/es\\\/?s={search_term_string}\"},\"query-input\":{\"@type\":\"PropertyValueSpecification\",\"valueRequired\":true,\"valueName\":\"search_term_string\"}}],\"inLanguage\":\"es\"},{\"@type\":\"Organization\",\"@id\":\"https:\\\/\\\/shopvalley.fr\\\/es\\\/#organization\",\"name\":\"Shopvalley\",\"url\":\"https:\\\/\\\/shopvalley.fr\\\/es\\\/\",\"logo\":{\"@type\":\"ImageObject\",\"inLanguage\":\"es\",\"@id\":\"https:\\\/\\\/shopvalley.fr\\\/es\\\/#\\\/schema\\\/logo\\\/image\\\/\",\"url\":\"https:\\\/\\\/shopvalley.fr\\\/wp-content\\\/uploads\\\/2023\\\/11\\\/cropped-Copie-de-Logo-ShopValley-500-x-500-px-1.png\",\"contentUrl\":\"https:\\\/\\\/shopvalley.fr\\\/wp-content\\\/uploads\\\/2023\\\/11\\\/cropped-Copie-de-Logo-ShopValley-500-x-500-px-1.png\",\"width\":512,\"height\":512,\"caption\":\"Shopvalley\"},\"image\":{\"@id\":\"https:\\\/\\\/shopvalley.fr\\\/es\\\/#\\\/schema\\\/logo\\\/image\\\/\"}}]}<\/script>\n<!-- \/ Yoast SEO plugin. -->","yoast_head_json":{"title":"C\u00e1lidos zapatos de invierno con piel - ShopValley","description":"\u00a1Eleva tu comodidad este invierno con nuestros c\u00e1lidos zapatos de invierno con pelo! En tiempo fr\u00edo y h\u00famedo, tus pies se merecen lo mejor","robots":{"index":"index","follow":"follow","max-snippet":"max-snippet:-1","max-image-preview":"max-image-preview:large","max-video-preview":"max-video-preview:-1"},"canonical":"https:\/\/shopvalley.fr\/es\/produit\/calidos-zapatos-de-invierno-con-piel\/","og_locale":"es_ES","og_type":"article","og_title":"C\u00e1lidos zapatos de invierno con piel - ShopValley","og_description":"\u00a1Eleva tu comodidad este invierno con nuestros c\u00e1lidos zapatos de invierno con pelo! En tiempo fr\u00edo y h\u00famedo, tus pies se merecen lo mejor","og_url":"https:\/\/shopvalley.fr\/es\/produit\/calidos-zapatos-de-invierno-con-piel\/","og_site_name":"ShopValley","article_modified_time":"2025-11-18T19:55:37+00:00","og_image":[{"width":800,"height":800,"url":"http:\/\/shopvalley.fr\/wp-content\/uploads\/2023\/10\/2785943157565.jpg","type":"image\/jpeg"}],"schema":{"@context":"https:\/\/schema.org","@graph":[{"@type":"WebPage","@id":"https:\/\/shopvalley.fr\/es\/produit\/calidos-zapatos-de-invierno-con-piel\/","url":"https:\/\/shopvalley.fr\/es\/produit\/calidos-zapatos-de-invierno-con-piel\/","name":"C\u00e1lidos zapatos de invierno con piel - ShopValley","isPartOf":{"@id":"https:\/\/shopvalley.fr\/es\/#website"},"primaryImageOfPage":{"@id":"https:\/\/shopvalley.fr\/es\/produit\/calidos-zapatos-de-invierno-con-piel\/#primaryimage"},"image":{"@id":"https:\/\/shopvalley.fr\/es\/produit\/calidos-zapatos-de-invierno-con-piel\/#primaryimage"},"thumbnailUrl":"https:\/\/shopvalley.fr\/wp-content\/uploads\/2023\/10\/2785943157565.jpg","datePublished":"2023-10-04T19:02:54+00:00","dateModified":"2025-11-18T19:55:37+00:00","description":"\u00a1Eleva tu comodidad este invierno con nuestros c\u00e1lidos zapatos de invierno con pelo! En tiempo fr\u00edo y h\u00famedo, tus pies se merecen lo mejor","breadcrumb":{"@id":"https:\/\/shopvalley.fr\/es\/produit\/calidos-zapatos-de-invierno-con-piel\/#breadcrumb"},"inLanguage":"es","potentialAction":[{"@type":"ReadAction","target":["https:\/\/shopvalley.fr\/es\/produit\/calidos-zapatos-de-invierno-con-piel\/"]}]},{"@type":"ImageObject","inLanguage":"es","@id":"https:\/\/shopvalley.fr\/es\/produit\/calidos-zapatos-de-invierno-con-piel\/#primaryimage","url":"https:\/\/shopvalley.fr\/wp-content\/uploads\/2023\/10\/2785943157565.jpg","contentUrl":"https:\/\/shopvalley.fr\/wp-content\/uploads\/2023\/10\/2785943157565.jpg","width":800,"height":800},{"@type":"BreadcrumbList","@id":"https:\/\/shopvalley.fr\/es\/produit\/calidos-zapatos-de-invierno-con-piel\/#breadcrumb","itemListElement":[{"@type":"ListItem","position":1,"name":"Accueil","item":"https:\/\/shopvalley.fr\/es\/"},{"@type":"ListItem","position":2,"name":"Todos los productos","item":"https:\/\/shopvalley.fr\/es\/todos-los-productos\/"},{"@type":"ListItem","position":3,"name":"Zapatos","item":"https:\/\/shopvalley.fr\/es\/categorie-produit\/zapatos\/"},{"@type":"ListItem","position":4,"name":"C\u00e1lidos zapatos de invierno con piel"}]},{"@type":"WebSite","@id":"https:\/\/shopvalley.fr\/es\/#website","url":"https:\/\/shopvalley.fr\/es\/","name":"ShopValley","description":"\u00a1Productos de moda a precios bajos!","publisher":{"@id":"https:\/\/shopvalley.fr\/es\/#organization"},"potentialAction":[{"@type":"SearchAction","target":{"@type":"EntryPoint","urlTemplate":"https:\/\/shopvalley.fr\/es\/?s={search_term_string}"},"query-input":{"@type":"PropertyValueSpecification","valueRequired":true,"valueName":"search_term_string"}}],"inLanguage":"es"},{"@type":"Organization","@id":"https:\/\/shopvalley.fr\/es\/#organization","name":"Shopvalley","url":"https:\/\/shopvalley.fr\/es\/","logo":{"@type":"ImageObject","inLanguage":"es","@id":"https:\/\/shopvalley.fr\/es\/#\/schema\/logo\/image\/","url":"https:\/\/shopvalley.fr\/wp-content\/uploads\/2023\/11\/cropped-Copie-de-Logo-ShopValley-500-x-500-px-1.png","contentUrl":"https:\/\/shopvalley.fr\/wp-content\/uploads\/2023\/11\/cropped-Copie-de-Logo-ShopValley-500-x-500-px-1.png","width":512,"height":512,"caption":"Shopvalley"},"image":{"@id":"https:\/\/shopvalley.fr\/es\/#\/schema\/logo\/image\/"}}]}},"jetpack_sharing_enabled":true,"_links":{"self":[{"href":"https:\/\/shopvalley.fr\/es\/wp-json\/wp\/v2\/product\/40860","targetHints":{"allow":["GET"]}}],"collection":[{"href":"https:\/\/shopvalley.fr\/es\/wp-json\/wp\/v2\/product"}],"about":[{"href":"https:\/\/shopvalley.fr\/es\/wp-json\/wp\/v2\/types\/product"}],"replies":[{"embeddable":true,"href":"https:\/\/shopvalley.fr\/es\/wp-json\/wp\/v2\/comments?post=40860"}],"version-history":[{"count":2,"href":"https:\/\/shopvalley.fr\/es\/wp-json\/wp\/v2\/product\/40860\/revisions"}],"predecessor-version":[{"id":51571,"href":"https:\/\/shopvalley.fr\/es\/wp-json\/wp\/v2\/product\/40860\/revisions\/51571"}],"wp:featuredmedia":[{"embeddable":true,"href":"https:\/\/shopvalley.fr\/es\/wp-json\/wp\/v2\/media\/37831"}],"wp:attachment":[{"href":"https:\/\/shopvalley.fr\/es\/wp-json\/wp\/v2\/media?parent=40860"}],"wp:term":[{"taxonomy":"product_brand","embeddable":true,"href":"https:\/\/shopvalley.fr\/es\/wp-json\/wp\/v2\/product_brand?post=40860"},{"taxonomy":"product_cat","embeddable":true,"href":"https:\/\/shopvalley.fr\/es\/wp-json\/wp\/v2\/product_cat?post=40860"},{"taxonomy":"product_tag","embeddable":true,"href":"https:\/\/shopvalley.fr\/es\/wp-json\/wp\/v2\/product_tag?post=40860"}],"curies":[{"name":"wp","href":"https:\/\/api.w.org\/{rel}","templated":true}]}}