{"id":40819,"date":"2024-05-04T22:20:32","date_gmt":"2024-05-04T20:20:32","guid":{"rendered":"https:\/\/shopvalley.fr\/produit\/ahuyentador-de-ladridos-ultrasonico-de-bolsillo-para-perros-repelente-adiestramiento\/"},"modified":"2026-01-22T21:09:26","modified_gmt":"2026-01-22T20:09:26","slug":"ahuyentador-de-ladridos-ultrasonico-de-bolsillo-para-perros-repelente-adiestramiento","status":"publish","type":"product","link":"https:\/\/shopvalley.fr\/es\/produit\/ahuyentador-de-ladridos-ultrasonico-de-bolsillo-para-perros-repelente-adiestramiento\/","title":{"rendered":"Ahuyentador de ladridos ultras\u00f3nico de bolsillo para perros | Repelente | Adiestramiento"},"content":{"rendered":"<h2><span style=\"color: #000000; font-size: 14pt;\"><strong>\ud83d\udc36 Disuasor de ladridos para perros Ultrasonidos de bolsillo: adiestra a tu perro con suavidad \ud83d\udc3e<\/strong><\/span><\/h2>\n<p><img loading=\"lazy\" decoding=\"async\" class=\"aligncenter wp-image-28867\" src=\"http:\/\/shopvalley.fr\/wp-content\/uploads\/2024\/05\/Dispositif-dissuasif-aboiements-chien-ultrasons-de-poche-1.jpg\" alt=\"\" width=\"649\" height=\"649\" srcset=\"https:\/\/shopvalley.fr\/wp-content\/uploads\/2024\/05\/Dispositif-dissuasif-aboiements-chien-ultrasons-de-poche-1.jpg 1500w, https:\/\/shopvalley.fr\/wp-content\/uploads\/2024\/05\/Dispositif-dissuasif-aboiements-chien-ultrasons-de-poche-1-430x430.jpg 430w, https:\/\/shopvalley.fr\/wp-content\/uploads\/2024\/05\/Dispositif-dissuasif-aboiements-chien-ultrasons-de-poche-1-150x150.jpg 150w, https:\/\/shopvalley.fr\/wp-content\/uploads\/2024\/05\/Dispositif-dissuasif-aboiements-chien-ultrasons-de-poche-1-700x700.jpg 700w, https:\/\/shopvalley.fr\/wp-content\/uploads\/2024\/05\/Dispositif-dissuasif-aboiements-chien-ultrasons-de-poche-1-300x300.jpg 300w, https:\/\/shopvalley.fr\/wp-content\/uploads\/2024\/05\/Dispositif-dissuasif-aboiements-chien-ultrasons-de-poche-1-800x800.jpg 800w, https:\/\/shopvalley.fr\/wp-content\/uploads\/2024\/05\/Dispositif-dissuasif-aboiements-chien-ultrasons-de-poche-1-768x768.jpg 768w\" sizes=\"auto, (max-width: 649px) 100vw, 649px\" \/><\/p>\n<h2><span style=\"color: #000000; font-size: 14pt;\"><strong>Atrae f\u00e1cilmente la atenci\u00f3n de tu perro sin causarle da\u00f1o <\/strong><\/span><\/h2>\n<p><span style=\"color: #000000; font-size: 14pt;\">Nuestro disuasor ultras\u00f3nico de ladridos para perros utiliza ondas sonoras seguras y eficaces, similares a las de un silbato para perros, para ayudar a detener comportamientos no deseados, como ladridos excesivos, escarbar y otros, sin causar da\u00f1os ni a perros ni a humanos.<\/span><\/p>\n<p><img loading=\"lazy\" decoding=\"async\" class=\"aligncenter wp-image-28866\" src=\"http:\/\/shopvalley.fr\/wp-content\/uploads\/2024\/05\/Dispositif-dissuasif-aboiements-chien-ultrasons-de-poche-1.jpeg\" alt=\"Dispositivo ultras\u00f3nico antiladridos para perros\" width=\"661\" height=\"661\" srcset=\"https:\/\/shopvalley.fr\/wp-content\/uploads\/2024\/05\/Dispositif-dissuasif-aboiements-chien-ultrasons-de-poche-1.jpeg 1920w, https:\/\/shopvalley.fr\/wp-content\/uploads\/2024\/05\/Dispositif-dissuasif-aboiements-chien-ultrasons-de-poche-1-430x430.jpeg 430w, https:\/\/shopvalley.fr\/wp-content\/uploads\/2024\/05\/Dispositif-dissuasif-aboiements-chien-ultrasons-de-poche-1-150x150.jpeg 150w, https:\/\/shopvalley.fr\/wp-content\/uploads\/2024\/05\/Dispositif-dissuasif-aboiements-chien-ultrasons-de-poche-1-700x700.jpeg 700w, https:\/\/shopvalley.fr\/wp-content\/uploads\/2024\/05\/Dispositif-dissuasif-aboiements-chien-ultrasons-de-poche-1-300x300.jpeg 300w, https:\/\/shopvalley.fr\/wp-content\/uploads\/2024\/05\/Dispositif-dissuasif-aboiements-chien-ultrasons-de-poche-1-800x800.jpeg 800w, https:\/\/shopvalley.fr\/wp-content\/uploads\/2024\/05\/Dispositif-dissuasif-aboiements-chien-ultrasons-de-poche-1-768x768.jpeg 768w, https:\/\/shopvalley.fr\/wp-content\/uploads\/2024\/05\/Dispositif-dissuasif-aboiements-chien-ultrasons-de-poche-1-1536x1536.jpeg 1536w\" sizes=\"auto, (max-width: 661px) 100vw, 661px\" \/><\/p>\n<h2><span style=\"color: #000000; font-size: 14pt;\"><strong>\ud83d\udd0a Ahuyentador ultras\u00f3nico de ladridos de perros: Alta potencia y m\u00e1xima eficacia<\/strong><\/span><\/h2>\n<p><span style=\"color: #000000; font-size: 14pt;\">Equipado con ondas sonoras de frecuencia irregular de 20Khz a 25Khz, este aparato de adiestramiento ofrece una mayor potencia para obtener resultados \u00f3ptimos. Sus dos cabezales de sonar son m\u00e1s potentes y eficaces que los del mercado, lo que garantiza un control superior sobre el comportamiento de tu perro. <\/span><\/p>\n<p><img loading=\"lazy\" decoding=\"async\" class=\"aligncenter wp-image-28871\" src=\"http:\/\/shopvalley.fr\/wp-content\/uploads\/2024\/05\/Dispositif-dissuasif-aboiements-chien-ultrasons-de-poche-5.jpg\" alt=\"\" width=\"667\" height=\"667\" srcset=\"https:\/\/shopvalley.fr\/wp-content\/uploads\/2024\/05\/Dispositif-dissuasif-aboiements-chien-ultrasons-de-poche-5.jpg 1414w, https:\/\/shopvalley.fr\/wp-content\/uploads\/2024\/05\/Dispositif-dissuasif-aboiements-chien-ultrasons-de-poche-5-430x430.jpg 430w, https:\/\/shopvalley.fr\/wp-content\/uploads\/2024\/05\/Dispositif-dissuasif-aboiements-chien-ultrasons-de-poche-5-150x150.jpg 150w, https:\/\/shopvalley.fr\/wp-content\/uploads\/2024\/05\/Dispositif-dissuasif-aboiements-chien-ultrasons-de-poche-5-700x700.jpg 700w, https:\/\/shopvalley.fr\/wp-content\/uploads\/2024\/05\/Dispositif-dissuasif-aboiements-chien-ultrasons-de-poche-5-300x300.jpg 300w, https:\/\/shopvalley.fr\/wp-content\/uploads\/2024\/05\/Dispositif-dissuasif-aboiements-chien-ultrasons-de-poche-5-800x800.jpg 800w, https:\/\/shopvalley.fr\/wp-content\/uploads\/2024\/05\/Dispositif-dissuasif-aboiements-chien-ultrasons-de-poche-5-768x768.jpg 768w\" sizes=\"auto, (max-width: 667px) 100vw, 667px\" \/><\/p>\n<h2><span style=\"color: #000000; font-size: 14pt;\"><strong>\ud83d\udd04 Multifuncional y vers\u00e1til<\/strong><\/span><\/h2>\n<p><span style=\"color: #000000; font-size: 14pt;\">Con dos modos diferentes de ondas sonoras, nuestro aparato rompe la inmunidad del perro a determinadas frecuencias sonoras, maximizando su eficacia para un adiestramiento satisfactorio. Adem\u00e1s, su bater\u00eda integrada de alta capacidad se carga en s\u00f3lo 2 horas, con una autonom\u00eda de 30 d\u00edas. <\/span><\/p>\n<p><img loading=\"lazy\" decoding=\"async\" class=\"aligncenter wp-image-28872\" src=\"http:\/\/shopvalley.fr\/wp-content\/uploads\/2024\/05\/Dispositif-dissuasif-aboiements-chien-ultrasons-de-poche-6.jpg\" alt=\"Dispositivo ultras\u00f3nico antiladridos para perros\" width=\"671\" height=\"629\" srcset=\"https:\/\/shopvalley.fr\/wp-content\/uploads\/2024\/05\/Dispositif-dissuasif-aboiements-chien-ultrasons-de-poche-6.jpg 1460w, https:\/\/shopvalley.fr\/wp-content\/uploads\/2024\/05\/Dispositif-dissuasif-aboiements-chien-ultrasons-de-poche-6-150x141.jpg 150w, https:\/\/shopvalley.fr\/wp-content\/uploads\/2024\/05\/Dispositif-dissuasif-aboiements-chien-ultrasons-de-poche-6-700x656.jpg 700w, https:\/\/shopvalley.fr\/wp-content\/uploads\/2024\/05\/Dispositif-dissuasif-aboiements-chien-ultrasons-de-poche-6-320x300.jpg 320w, https:\/\/shopvalley.fr\/wp-content\/uploads\/2024\/05\/Dispositif-dissuasif-aboiements-chien-ultrasons-de-poche-6-853x800.jpg 853w, https:\/\/shopvalley.fr\/wp-content\/uploads\/2024\/05\/Dispositif-dissuasif-aboiements-chien-ultrasons-de-poche-6-768x720.jpg 768w\" sizes=\"auto, (max-width: 671px) 100vw, 671px\" \/><\/p>\n<h2><span style=\"color: #000000; font-size: 14pt;\"><strong>\ud83c\udfaf Alcance de control efectivo<\/strong><\/span><\/h2>\n<p><span style=\"color: #000000; font-size: 14pt;\">Gracias a su tecnolog\u00eda de vanguardia, nuestro dispositivo de control de ladridos ofrece un alcance de control de hasta 30 metros, lo que garantiza una gesti\u00f3n eficaz del comportamiento de tu perro en diversos entornos.<\/span><\/p>\n<h2><span style=\"color: #000000; font-size: 14pt;\"><strong>\ud83d\udeb6\u200d\u2642\ufe0f Ahuyentador ultras\u00f3nico de ladridos de perros: F\u00e1cil de transportar y utilizar<\/strong><\/span><\/h2>\n<p><span style=\"color: #000000; font-size: 14pt;\">Su dise\u00f1o ergon\u00f3mico se adapta perfectamente a tu mano para ofrecerte la m\u00e1xima comodidad. Adem\u00e1s, el lazo de escalada y la cuerda de mano facilitan su transporte, proporcion\u00e1ndote control est\u00e9s donde est\u00e9s. <\/span><\/p>\n<p><img loading=\"lazy\" decoding=\"async\" class=\"aligncenter wp-image-28874\" src=\"http:\/\/shopvalley.fr\/wp-content\/uploads\/2024\/05\/Dispositif-dissuasif-aboiements-chien-ultrasons-de-poche-8.jpg\" alt=\"Dispositivo ultras\u00f3nico antiladridos para perros\" width=\"663\" height=\"653\" srcset=\"https:\/\/shopvalley.fr\/wp-content\/uploads\/2024\/05\/Dispositif-dissuasif-aboiements-chien-ultrasons-de-poche-8.jpg 1419w, https:\/\/shopvalley.fr\/wp-content\/uploads\/2024\/05\/Dispositif-dissuasif-aboiements-chien-ultrasons-de-poche-8-150x148.jpg 150w, https:\/\/shopvalley.fr\/wp-content\/uploads\/2024\/05\/Dispositif-dissuasif-aboiements-chien-ultrasons-de-poche-8-700x689.jpg 700w, https:\/\/shopvalley.fr\/wp-content\/uploads\/2024\/05\/Dispositif-dissuasif-aboiements-chien-ultrasons-de-poche-8-305x300.jpg 305w, https:\/\/shopvalley.fr\/wp-content\/uploads\/2024\/05\/Dispositif-dissuasif-aboiements-chien-ultrasons-de-poche-8-813x800.jpg 813w, https:\/\/shopvalley.fr\/wp-content\/uploads\/2024\/05\/Dispositif-dissuasif-aboiements-chien-ultrasons-de-poche-8-768x756.jpg 768w\" sizes=\"auto, (max-width: 663px) 100vw, 663px\" \/><\/p>\n<h4><span style=\"color: #000000; font-size: 14pt;\"><strong>Especificaciones t\u00e9cnicas:<\/strong><\/span><\/h4>\n<ul>\n<li><span style=\"color: #000000; font-size: 14pt;\">Capacidad de la bater\u00eda: 2000mAh<\/span><\/li>\n<li><span style=\"color: #000000; font-size: 14pt;\">Tiempo de carga: 2-4 horas<\/span><\/li>\n<\/ul>\n<h2><span style=\"color: #000000; font-size: 14pt;\"><strong>\ud83d\udd12 La seguridad ante todo<\/strong><\/span><\/h2>\n<p><span style=\"color: #000000; font-size: 14pt;\">Para garantizar un uso seguro, nuestro aparato tiene una funci\u00f3n de seguridad que se apaga autom\u00e1ticamente tras 10 segundos de uso continuado. Por favor, apunta siempre a la cabeza del perro, como los ojos o las orejas, para obtener los mejores resultados, evitando tratar los ojos y las orejas de los humanos para evitar lesiones. <\/span><\/p>\n","protected":false},"excerpt":{"rendered":"<p><span style=\"color: #000000; font-size: 14pt;\">Adiestrar a tu perro con suavidad <\/span><\/p>\n","protected":false},"featured_media":39807,"comment_status":"closed","ping_status":"closed","template":"","meta":[],"product_brand":[],"product_cat":[1010,1085],"product_tag":[990],"class_list":{"0":"post-40819","1":"product","2":"type-product","3":"status-publish","4":"has-post-thumbnail","6":"product_cat-animales","7":"product_cat-shopping_es-es","8":"product_tag-noflash-es","10":"first","11":"instock","12":"sale","13":"taxable","14":"shipping-taxable","15":"purchasable","16":"product-type-variable","17":"has-default-attributes"},"yoast_head":"<!-- This site is optimized with the Yoast SEO plugin v27.4 - https:\/\/yoast.com\/product\/yoast-seo-wordpress\/ -->\n<title>- Antiladridos ultras\u00f3nico de bolsillo para perros ShopValley<\/title>\n<meta name=\"description\" content=\"Nuestro disuasor ultras\u00f3nico de ladridos para perros utiliza ondas sonoras seguras y eficaces para ayudar a detener el comportamiento no deseado\" \/>\n<meta name=\"robots\" content=\"index, follow, max-snippet:-1, max-image-preview:large, max-video-preview:-1\" \/>\n<link rel=\"canonical\" href=\"https:\/\/shopvalley.fr\/es\/produit\/ahuyentador-de-ladridos-ultrasonico-de-bolsillo-para-perros-repelente-adiestramiento\/\" \/>\n<meta property=\"og:locale\" content=\"es_ES\" \/>\n<meta property=\"og:type\" content=\"article\" \/>\n<meta property=\"og:title\" content=\"- Antiladridos ultras\u00f3nico de bolsillo para perros ShopValley\" \/>\n<meta property=\"og:description\" content=\"Nuestro disuasor ultras\u00f3nico de ladridos para perros utiliza ondas sonoras seguras y eficaces para ayudar a detener el comportamiento no deseado\" \/>\n<meta property=\"og:url\" content=\"https:\/\/shopvalley.fr\/es\/produit\/ahuyentador-de-ladridos-ultrasonico-de-bolsillo-para-perros-repelente-adiestramiento\/\" \/>\n<meta property=\"og:site_name\" content=\"ShopValley\" \/>\n<meta property=\"article:modified_time\" content=\"2026-01-22T20:09:26+00:00\" \/>\n<meta property=\"og:image\" content=\"http:\/\/shopvalley.fr\/wp-content\/uploads\/2024\/05\/e288e2ab-bedd-49e9-99bb-9573c4ffebb0-1.jpg\" \/>\n\t<meta property=\"og:image:width\" content=\"800\" \/>\n\t<meta property=\"og:image:height\" content=\"800\" \/>\n\t<meta property=\"og:image:type\" content=\"image\/jpeg\" \/>\n<script type=\"application\/ld+json\" class=\"yoast-schema-graph\">{\"@context\":\"https:\\\/\\\/schema.org\",\"@graph\":[{\"@type\":\"WebPage\",\"@id\":\"https:\\\/\\\/shopvalley.fr\\\/es\\\/produit\\\/ahuyentador-de-ladridos-ultrasonico-de-bolsillo-para-perros-repelente-adiestramiento\\\/\",\"url\":\"https:\\\/\\\/shopvalley.fr\\\/es\\\/produit\\\/ahuyentador-de-ladridos-ultrasonico-de-bolsillo-para-perros-repelente-adiestramiento\\\/\",\"name\":\"- Antiladridos ultras\u00f3nico de bolsillo para perros ShopValley\",\"isPartOf\":{\"@id\":\"https:\\\/\\\/shopvalley.fr\\\/es\\\/#website\"},\"primaryImageOfPage\":{\"@id\":\"https:\\\/\\\/shopvalley.fr\\\/es\\\/produit\\\/ahuyentador-de-ladridos-ultrasonico-de-bolsillo-para-perros-repelente-adiestramiento\\\/#primaryimage\"},\"image\":{\"@id\":\"https:\\\/\\\/shopvalley.fr\\\/es\\\/produit\\\/ahuyentador-de-ladridos-ultrasonico-de-bolsillo-para-perros-repelente-adiestramiento\\\/#primaryimage\"},\"thumbnailUrl\":\"https:\\\/\\\/shopvalley.fr\\\/wp-content\\\/uploads\\\/2024\\\/05\\\/e288e2ab-bedd-49e9-99bb-9573c4ffebb0-1.jpg\",\"datePublished\":\"2024-05-04T20:20:32+00:00\",\"dateModified\":\"2026-01-22T20:09:26+00:00\",\"description\":\"Nuestro disuasor ultras\u00f3nico de ladridos para perros utiliza ondas sonoras seguras y eficaces para ayudar a detener el comportamiento no deseado\",\"breadcrumb\":{\"@id\":\"https:\\\/\\\/shopvalley.fr\\\/es\\\/produit\\\/ahuyentador-de-ladridos-ultrasonico-de-bolsillo-para-perros-repelente-adiestramiento\\\/#breadcrumb\"},\"inLanguage\":\"es\",\"potentialAction\":[{\"@type\":\"ReadAction\",\"target\":[\"https:\\\/\\\/shopvalley.fr\\\/es\\\/produit\\\/ahuyentador-de-ladridos-ultrasonico-de-bolsillo-para-perros-repelente-adiestramiento\\\/\"]}]},{\"@type\":\"ImageObject\",\"inLanguage\":\"es\",\"@id\":\"https:\\\/\\\/shopvalley.fr\\\/es\\\/produit\\\/ahuyentador-de-ladridos-ultrasonico-de-bolsillo-para-perros-repelente-adiestramiento\\\/#primaryimage\",\"url\":\"https:\\\/\\\/shopvalley.fr\\\/wp-content\\\/uploads\\\/2024\\\/05\\\/e288e2ab-bedd-49e9-99bb-9573c4ffebb0-1.jpg\",\"contentUrl\":\"https:\\\/\\\/shopvalley.fr\\\/wp-content\\\/uploads\\\/2024\\\/05\\\/e288e2ab-bedd-49e9-99bb-9573c4ffebb0-1.jpg\",\"width\":800,\"height\":800},{\"@type\":\"BreadcrumbList\",\"@id\":\"https:\\\/\\\/shopvalley.fr\\\/es\\\/produit\\\/ahuyentador-de-ladridos-ultrasonico-de-bolsillo-para-perros-repelente-adiestramiento\\\/#breadcrumb\",\"itemListElement\":[{\"@type\":\"ListItem\",\"position\":1,\"name\":\"Accueil\",\"item\":\"https:\\\/\\\/shopvalley.fr\\\/es\\\/\"},{\"@type\":\"ListItem\",\"position\":2,\"name\":\"Todos los productos\",\"item\":\"https:\\\/\\\/shopvalley.fr\\\/es\\\/todos-los-productos\\\/\"},{\"@type\":\"ListItem\",\"position\":3,\"name\":\"Animaux\",\"item\":\"https:\\\/\\\/shopvalley.fr\\\/categorie-produit\\\/animaux\\\/\"},{\"@type\":\"ListItem\",\"position\":4,\"name\":\"Ahuyentador de ladridos ultras\u00f3nico de bolsillo para perros | Repelente | Adiestramiento\"}]},{\"@type\":\"WebSite\",\"@id\":\"https:\\\/\\\/shopvalley.fr\\\/es\\\/#website\",\"url\":\"https:\\\/\\\/shopvalley.fr\\\/es\\\/\",\"name\":\"ShopValley\",\"description\":\"\u00a1Productos de moda a precios bajos!\",\"publisher\":{\"@id\":\"https:\\\/\\\/shopvalley.fr\\\/es\\\/#organization\"},\"potentialAction\":[{\"@type\":\"SearchAction\",\"target\":{\"@type\":\"EntryPoint\",\"urlTemplate\":\"https:\\\/\\\/shopvalley.fr\\\/es\\\/?s={search_term_string}\"},\"query-input\":{\"@type\":\"PropertyValueSpecification\",\"valueRequired\":true,\"valueName\":\"search_term_string\"}}],\"inLanguage\":\"es\"},{\"@type\":\"Organization\",\"@id\":\"https:\\\/\\\/shopvalley.fr\\\/es\\\/#organization\",\"name\":\"Shopvalley\",\"url\":\"https:\\\/\\\/shopvalley.fr\\\/es\\\/\",\"logo\":{\"@type\":\"ImageObject\",\"inLanguage\":\"es\",\"@id\":\"https:\\\/\\\/shopvalley.fr\\\/es\\\/#\\\/schema\\\/logo\\\/image\\\/\",\"url\":\"https:\\\/\\\/shopvalley.fr\\\/wp-content\\\/uploads\\\/2023\\\/11\\\/cropped-Copie-de-Logo-ShopValley-500-x-500-px-1.png\",\"contentUrl\":\"https:\\\/\\\/shopvalley.fr\\\/wp-content\\\/uploads\\\/2023\\\/11\\\/cropped-Copie-de-Logo-ShopValley-500-x-500-px-1.png\",\"width\":512,\"height\":512,\"caption\":\"Shopvalley\"},\"image\":{\"@id\":\"https:\\\/\\\/shopvalley.fr\\\/es\\\/#\\\/schema\\\/logo\\\/image\\\/\"}}]}<\/script>\n<!-- \/ Yoast SEO plugin. -->","yoast_head_json":{"title":"- Antiladridos ultras\u00f3nico de bolsillo para perros ShopValley","description":"Nuestro disuasor ultras\u00f3nico de ladridos para perros utiliza ondas sonoras seguras y eficaces para ayudar a detener el comportamiento no deseado","robots":{"index":"index","follow":"follow","max-snippet":"max-snippet:-1","max-image-preview":"max-image-preview:large","max-video-preview":"max-video-preview:-1"},"canonical":"https:\/\/shopvalley.fr\/es\/produit\/ahuyentador-de-ladridos-ultrasonico-de-bolsillo-para-perros-repelente-adiestramiento\/","og_locale":"es_ES","og_type":"article","og_title":"- Antiladridos ultras\u00f3nico de bolsillo para perros ShopValley","og_description":"Nuestro disuasor ultras\u00f3nico de ladridos para perros utiliza ondas sonoras seguras y eficaces para ayudar a detener el comportamiento no deseado","og_url":"https:\/\/shopvalley.fr\/es\/produit\/ahuyentador-de-ladridos-ultrasonico-de-bolsillo-para-perros-repelente-adiestramiento\/","og_site_name":"ShopValley","article_modified_time":"2026-01-22T20:09:26+00:00","og_image":[{"width":800,"height":800,"url":"http:\/\/shopvalley.fr\/wp-content\/uploads\/2024\/05\/e288e2ab-bedd-49e9-99bb-9573c4ffebb0-1.jpg","type":"image\/jpeg"}],"schema":{"@context":"https:\/\/schema.org","@graph":[{"@type":"WebPage","@id":"https:\/\/shopvalley.fr\/es\/produit\/ahuyentador-de-ladridos-ultrasonico-de-bolsillo-para-perros-repelente-adiestramiento\/","url":"https:\/\/shopvalley.fr\/es\/produit\/ahuyentador-de-ladridos-ultrasonico-de-bolsillo-para-perros-repelente-adiestramiento\/","name":"- Antiladridos ultras\u00f3nico de bolsillo para perros ShopValley","isPartOf":{"@id":"https:\/\/shopvalley.fr\/es\/#website"},"primaryImageOfPage":{"@id":"https:\/\/shopvalley.fr\/es\/produit\/ahuyentador-de-ladridos-ultrasonico-de-bolsillo-para-perros-repelente-adiestramiento\/#primaryimage"},"image":{"@id":"https:\/\/shopvalley.fr\/es\/produit\/ahuyentador-de-ladridos-ultrasonico-de-bolsillo-para-perros-repelente-adiestramiento\/#primaryimage"},"thumbnailUrl":"https:\/\/shopvalley.fr\/wp-content\/uploads\/2024\/05\/e288e2ab-bedd-49e9-99bb-9573c4ffebb0-1.jpg","datePublished":"2024-05-04T20:20:32+00:00","dateModified":"2026-01-22T20:09:26+00:00","description":"Nuestro disuasor ultras\u00f3nico de ladridos para perros utiliza ondas sonoras seguras y eficaces para ayudar a detener el comportamiento no deseado","breadcrumb":{"@id":"https:\/\/shopvalley.fr\/es\/produit\/ahuyentador-de-ladridos-ultrasonico-de-bolsillo-para-perros-repelente-adiestramiento\/#breadcrumb"},"inLanguage":"es","potentialAction":[{"@type":"ReadAction","target":["https:\/\/shopvalley.fr\/es\/produit\/ahuyentador-de-ladridos-ultrasonico-de-bolsillo-para-perros-repelente-adiestramiento\/"]}]},{"@type":"ImageObject","inLanguage":"es","@id":"https:\/\/shopvalley.fr\/es\/produit\/ahuyentador-de-ladridos-ultrasonico-de-bolsillo-para-perros-repelente-adiestramiento\/#primaryimage","url":"https:\/\/shopvalley.fr\/wp-content\/uploads\/2024\/05\/e288e2ab-bedd-49e9-99bb-9573c4ffebb0-1.jpg","contentUrl":"https:\/\/shopvalley.fr\/wp-content\/uploads\/2024\/05\/e288e2ab-bedd-49e9-99bb-9573c4ffebb0-1.jpg","width":800,"height":800},{"@type":"BreadcrumbList","@id":"https:\/\/shopvalley.fr\/es\/produit\/ahuyentador-de-ladridos-ultrasonico-de-bolsillo-para-perros-repelente-adiestramiento\/#breadcrumb","itemListElement":[{"@type":"ListItem","position":1,"name":"Accueil","item":"https:\/\/shopvalley.fr\/es\/"},{"@type":"ListItem","position":2,"name":"Todos los productos","item":"https:\/\/shopvalley.fr\/es\/todos-los-productos\/"},{"@type":"ListItem","position":3,"name":"Animaux","item":"https:\/\/shopvalley.fr\/categorie-produit\/animaux\/"},{"@type":"ListItem","position":4,"name":"Ahuyentador de ladridos ultras\u00f3nico de bolsillo para perros | Repelente | Adiestramiento"}]},{"@type":"WebSite","@id":"https:\/\/shopvalley.fr\/es\/#website","url":"https:\/\/shopvalley.fr\/es\/","name":"ShopValley","description":"\u00a1Productos de moda a precios bajos!","publisher":{"@id":"https:\/\/shopvalley.fr\/es\/#organization"},"potentialAction":[{"@type":"SearchAction","target":{"@type":"EntryPoint","urlTemplate":"https:\/\/shopvalley.fr\/es\/?s={search_term_string}"},"query-input":{"@type":"PropertyValueSpecification","valueRequired":true,"valueName":"search_term_string"}}],"inLanguage":"es"},{"@type":"Organization","@id":"https:\/\/shopvalley.fr\/es\/#organization","name":"Shopvalley","url":"https:\/\/shopvalley.fr\/es\/","logo":{"@type":"ImageObject","inLanguage":"es","@id":"https:\/\/shopvalley.fr\/es\/#\/schema\/logo\/image\/","url":"https:\/\/shopvalley.fr\/wp-content\/uploads\/2023\/11\/cropped-Copie-de-Logo-ShopValley-500-x-500-px-1.png","contentUrl":"https:\/\/shopvalley.fr\/wp-content\/uploads\/2023\/11\/cropped-Copie-de-Logo-ShopValley-500-x-500-px-1.png","width":512,"height":512,"caption":"Shopvalley"},"image":{"@id":"https:\/\/shopvalley.fr\/es\/#\/schema\/logo\/image\/"}}]}},"jetpack_sharing_enabled":true,"_links":{"self":[{"href":"https:\/\/shopvalley.fr\/es\/wp-json\/wp\/v2\/product\/40819","targetHints":{"allow":["GET"]}}],"collection":[{"href":"https:\/\/shopvalley.fr\/es\/wp-json\/wp\/v2\/product"}],"about":[{"href":"https:\/\/shopvalley.fr\/es\/wp-json\/wp\/v2\/types\/product"}],"replies":[{"embeddable":true,"href":"https:\/\/shopvalley.fr\/es\/wp-json\/wp\/v2\/comments?post=40819"}],"version-history":[{"count":3,"href":"https:\/\/shopvalley.fr\/es\/wp-json\/wp\/v2\/product\/40819\/revisions"}],"predecessor-version":[{"id":51536,"href":"https:\/\/shopvalley.fr\/es\/wp-json\/wp\/v2\/product\/40819\/revisions\/51536"}],"wp:featuredmedia":[{"embeddable":true,"href":"https:\/\/shopvalley.fr\/es\/wp-json\/wp\/v2\/media\/39807"}],"wp:attachment":[{"href":"https:\/\/shopvalley.fr\/es\/wp-json\/wp\/v2\/media?parent=40819"}],"wp:term":[{"taxonomy":"product_brand","embeddable":true,"href":"https:\/\/shopvalley.fr\/es\/wp-json\/wp\/v2\/product_brand?post=40819"},{"taxonomy":"product_cat","embeddable":true,"href":"https:\/\/shopvalley.fr\/es\/wp-json\/wp\/v2\/product_cat?post=40819"},{"taxonomy":"product_tag","embeddable":true,"href":"https:\/\/shopvalley.fr\/es\/wp-json\/wp\/v2\/product_tag?post=40819"}],"curies":[{"name":"wp","href":"https:\/\/api.w.org\/{rel}","templated":true}]}}