{"id":40815,"date":"2024-09-26T09:12:28","date_gmt":"2024-09-26T07:12:28","guid":{"rendered":"https:\/\/shopvalley.fr\/produit\/cargador-inalambrico-por-induccion-3-en-1-para-iphone\/"},"modified":"2025-11-18T20:56:20","modified_gmt":"2025-11-18T19:56:20","slug":"cargador-inalambrico-por-induccion-3-en-1-para-iphone","status":"publish","type":"product","link":"https:\/\/shopvalley.fr\/es\/produit\/cargador-inalambrico-por-induccion-3-en-1-para-iphone\/","title":{"rendered":"Cargador inal\u00e1mbrico por inducci\u00f3n 3 en 1 para iPhone"},"content":{"rendered":"<div class=\"flex-shrink-0 flex flex-col relative items-end\">\n<div>\n<div class=\"pt-0\">\n<div class=\"gizmo-bot-avatar flex h-8 w-8 items-center justify-center overflow-hidden rounded-full\">\n<h3 class=\"relative p-1 rounded-sm flex items-center justify-center bg-token-main-surface-primary text-token-text-primary h-8 w-8\"><span style=\"font-size: 14pt; color: #000000;\"><strong>\u26a1 \u00a1Carga r\u00e1pidamente todos tus dispositivos Apple con nuestra estaci\u00f3n de carga inal\u00e1mbrica!<\/strong><\/span><\/h3>\n<\/div>\n<\/div>\n<\/div>\n<\/div>\n<div class=\"group\/conversation-turn relative flex w-full min-w-0 flex-col agent-turn\">\n<div class=\"flex-col gap-1 md:gap-3\">\n<div class=\"flex max-w-full flex-col flex-grow\">\n<div class=\"min-h-8 text-message flex w-full flex-col items-end gap-2 whitespace-normal break-words [.text-message+&amp;]:mt-5\" dir=\"auto\" data-message-author-role=\"assistant\" data-message-id=\"69c1392a-62f1-4558-9a2e-24bf7b6a0e1e\">\n<div class=\"flex w-full flex-col gap-1 empty:hidden first:pt-[3px]\">\n<div class=\"markdown prose w-full break-words dark:prose-invert dark\">\n<p><span style=\"font-size: 14pt; color: #000000;\">\u00bfHarto de cables que estorban y desordenan tu espacio? \u00a1Descubre nuestro <strong>Cargador Inal\u00e1mbrico por Inducci\u00f3n para iPhone<\/strong> para simplificar tu d\u00eda a d\u00eda! Disfruta de una carga r\u00e1pida y eficiente para tu iPhone, Apple Watch y AirPods en un \u00fanico y elegante soporte. <\/span><\/p>\n<p><img loading=\"lazy\" decoding=\"async\" class=\"aligncenter size-full wp-image-32798\" src=\"http:\/\/shopvalley.fr\/wp-content\/uploads\/2024\/09\/Chargeur_Induction.gif\" alt=\"\" width=\"570\" height=\"320\" \/><\/p>\n<p><img loading=\"lazy\" decoding=\"async\" class=\"aligncenter wp-image-32787\" src=\"http:\/\/shopvalley.fr\/wp-content\/uploads\/2024\/09\/Chargeur_Induction-2.jpeg\" alt=\"Cargador Inal\u00e1mbrico por Inducci\u00f3n IPhone\" width=\"556\" height=\"556\" srcset=\"https:\/\/shopvalley.fr\/wp-content\/uploads\/2024\/09\/Chargeur_Induction-2.jpeg 800w, https:\/\/shopvalley.fr\/wp-content\/uploads\/2024\/09\/Chargeur_Induction-2-430x430.jpeg 430w, https:\/\/shopvalley.fr\/wp-content\/uploads\/2024\/09\/Chargeur_Induction-2-150x150.jpeg 150w, https:\/\/shopvalley.fr\/wp-content\/uploads\/2024\/09\/Chargeur_Induction-2-700x700.jpeg 700w, https:\/\/shopvalley.fr\/wp-content\/uploads\/2024\/09\/Chargeur_Induction-2-300x300.jpeg 300w, https:\/\/shopvalley.fr\/wp-content\/uploads\/2024\/09\/Chargeur_Induction-2-768x768.jpeg 768w\" sizes=\"auto, (max-width: 556px) 100vw, 556px\" \/><\/p>\n<h3><span style=\"font-size: 14pt; color: #000000;\"><strong>\ud83d\udcf1 Cargador Inal\u00e1mbrico por Inducci\u00f3n para iPhone: Compatible con todos tus dispositivos Apple<\/strong><\/span><\/h3>\n<p><span style=\"font-size: 14pt; color: #000000;\">Esta estaci\u00f3n de carga inal\u00e1mbrica est\u00e1 dise\u00f1ada para ser <strong>compatible con una amplia gama de productos Apple<\/strong>, incluidos los \u00faltimos modelos de iPhone (15, 14, 13, 12, etc.), Apple Watch y AirPods. <strong>Di adi\u00f3s a los cables enredados<\/strong> y carga todos tus dispositivos con un solo gesto, \u00a1ya sea en la oficina o en casa!<\/span><\/p>\n<p><img loading=\"lazy\" decoding=\"async\" class=\"aligncenter wp-image-32794\" src=\"http:\/\/shopvalley.fr\/wp-content\/uploads\/2024\/09\/Chargeur_Induction-7.jpg\" alt=\"Cargador Inal\u00e1mbrico por Inducci\u00f3n IPhone\" width=\"482\" height=\"482\" srcset=\"https:\/\/shopvalley.fr\/wp-content\/uploads\/2024\/09\/Chargeur_Induction-7.jpg 800w, https:\/\/shopvalley.fr\/wp-content\/uploads\/2024\/09\/Chargeur_Induction-7-430x430.jpg 430w, https:\/\/shopvalley.fr\/wp-content\/uploads\/2024\/09\/Chargeur_Induction-7-150x150.jpg 150w, https:\/\/shopvalley.fr\/wp-content\/uploads\/2024\/09\/Chargeur_Induction-7-700x700.jpg 700w, https:\/\/shopvalley.fr\/wp-content\/uploads\/2024\/09\/Chargeur_Induction-7-300x300.jpg 300w, https:\/\/shopvalley.fr\/wp-content\/uploads\/2024\/09\/Chargeur_Induction-7-768x768.jpg 768w\" sizes=\"auto, (max-width: 482px) 100vw, 482px\" \/><\/p>\n<h3><span style=\"font-size: 14pt; color: #000000;\"><strong>\ud83d\udca1 Cargador Inal\u00e1mbrico por Inducci\u00f3n para IPhone: Carga ultrarr\u00e1pida y segura<\/strong><\/span><\/h3>\n<p><span style=\"font-size: 14pt; color: #000000;\">Gracias a su tecnolog\u00eda de vanguardia, esta estaci\u00f3n garantiza <strong>una carga estable, r\u00e1pida y segura<\/strong>. En s\u00f3lo 2 \u00f3 3 horas, tus dispositivos estar\u00e1n cargados al 100%. Nuestro cargador cuenta con <strong>protecci\u00f3n avanzada<\/strong> contra sobretensi\u00f3n, sobrecalentamiento y sobrecarga, para <strong>proteger tus dispositivos<\/strong> y prolongar su vida \u00fatil. <\/span><\/p>\n<p><img loading=\"lazy\" decoding=\"async\" class=\"aligncenter wp-image-32795\" src=\"http:\/\/shopvalley.fr\/wp-content\/uploads\/2024\/09\/Chargeur_Induction-8.jpg\" alt=\"\" width=\"503\" height=\"503\" srcset=\"https:\/\/shopvalley.fr\/wp-content\/uploads\/2024\/09\/Chargeur_Induction-8.jpg 800w, https:\/\/shopvalley.fr\/wp-content\/uploads\/2024\/09\/Chargeur_Induction-8-430x430.jpg 430w, https:\/\/shopvalley.fr\/wp-content\/uploads\/2024\/09\/Chargeur_Induction-8-150x150.jpg 150w, https:\/\/shopvalley.fr\/wp-content\/uploads\/2024\/09\/Chargeur_Induction-8-700x700.jpg 700w, https:\/\/shopvalley.fr\/wp-content\/uploads\/2024\/09\/Chargeur_Induction-8-300x300.jpg 300w, https:\/\/shopvalley.fr\/wp-content\/uploads\/2024\/09\/Chargeur_Induction-8-768x768.jpg 768w\" sizes=\"auto, (max-width: 503px) 100vw, 503px\" \/><\/p>\n<h3><span style=\"font-size: 14pt; color: #000000;\"><strong>\ud83d\udce6 Dise\u00f1o compacto y plegable: \u00a1pr\u00e1ctico para llevar a todas partes!<\/strong><\/span><\/h3>\n<p><span style=\"font-size: 14pt; color: #000000;\">\u00a1Ll\u00e9vate tu <strong>estaci\u00f3n de carga plegable<\/strong> dondequiera que vayas! Ya est\u00e9s en casa, en la oficina o de viaje, esta estaci\u00f3n compacta y ligera se desliza f\u00e1cilmente en tu bolso. Tambi\u00e9n act\u00faa como <strong>soporte ajustable<\/strong>, ideal para ver v\u00eddeos mientras cargas el tel\u00e9fono. <\/span><\/p>\n<p><img loading=\"lazy\" decoding=\"async\" class=\"aligncenter wp-image-32789\" src=\"http:\/\/shopvalley.fr\/wp-content\/uploads\/2024\/09\/Chargeur_Induction-3.jpeg\" alt=\"\" width=\"519\" height=\"423\" srcset=\"https:\/\/shopvalley.fr\/wp-content\/uploads\/2024\/09\/Chargeur_Induction-3.jpeg 797w, https:\/\/shopvalley.fr\/wp-content\/uploads\/2024\/09\/Chargeur_Induction-3-150x122.jpeg 150w, https:\/\/shopvalley.fr\/wp-content\/uploads\/2024\/09\/Chargeur_Induction-3-700x571.jpeg 700w, https:\/\/shopvalley.fr\/wp-content\/uploads\/2024\/09\/Chargeur_Induction-3-368x300.jpeg 368w, https:\/\/shopvalley.fr\/wp-content\/uploads\/2024\/09\/Chargeur_Induction-3-768x626.jpeg 768w\" sizes=\"auto, (max-width: 519px) 100vw, 519px\" \/><\/p>\n<h3><span style=\"font-size: 14pt; color: #000000;\"><strong>\ud83c\udfaf Se acab\u00f3 el desorden: \u00a1Carga con tu concha!<\/strong><\/span><\/h3>\n<p><span style=\"font-size: 14pt; color: #000000;\">Con este cargador inal\u00e1mbrico, ya no tendr\u00e1s que quitarte la funda protectora. Es compatible con la mayor\u00eda de las carcasas de menos de 5 mm de grosor, para que puedas <strong>cargar tus dispositivos sin esfuerzo<\/strong> mientras mantienes tu tel\u00e9fono protegido. <\/span><\/p>\n<p><img loading=\"lazy\" decoding=\"async\" class=\"aligncenter wp-image-32796\" src=\"http:\/\/shopvalley.fr\/wp-content\/uploads\/2024\/09\/Chargeur_Induction-9.jpg\" alt=\"Cargador Inal\u00e1mbrico por Inducci\u00f3n IPhone\" width=\"509\" height=\"509\" srcset=\"https:\/\/shopvalley.fr\/wp-content\/uploads\/2024\/09\/Chargeur_Induction-9.jpg 800w, https:\/\/shopvalley.fr\/wp-content\/uploads\/2024\/09\/Chargeur_Induction-9-430x430.jpg 430w, https:\/\/shopvalley.fr\/wp-content\/uploads\/2024\/09\/Chargeur_Induction-9-150x150.jpg 150w, https:\/\/shopvalley.fr\/wp-content\/uploads\/2024\/09\/Chargeur_Induction-9-700x700.jpg 700w, https:\/\/shopvalley.fr\/wp-content\/uploads\/2024\/09\/Chargeur_Induction-9-300x300.jpg 300w, https:\/\/shopvalley.fr\/wp-content\/uploads\/2024\/09\/Chargeur_Induction-9-768x768.jpg 768w\" sizes=\"auto, (max-width: 509px) 100vw, 509px\" \/><\/p>\n<p><span style=\"font-size: 14pt; color: #000000;\">Aprovecha al m\u00e1ximo tu espacio y simplifica tu vida cotidiana con nuestra estaci\u00f3n de carga inal\u00e1mbrica para iPhone. \u00a1 <strong>P\u00eddela ahora<\/strong> y descubre el poder de la carga sin complicaciones!<\/span><\/p>\n<\/div>\n<\/div>\n<\/div>\n<\/div>\n<\/div>\n<\/div>\n","protected":false},"excerpt":{"rendered":"<p><strong><span style=\"font-size: 14pt; color: #000000;\">\u00a1El poder de la carga sin complicaciones!<\/span><\/strong><\/p>\n","protected":false},"featured_media":40225,"comment_status":"closed","ping_status":"closed","template":"","meta":[],"product_brand":[1139],"product_cat":[988,1085],"product_tag":[990],"class_list":{"0":"post-40815","1":"product","2":"type-product","3":"status-publish","4":"has-post-thumbnail","6":"product_brand-shopvalley","7":"product_cat-accesorios","8":"product_cat-shopping_es-es","9":"product_tag-noflash-es","11":"first","12":"instock","13":"sale","14":"taxable","15":"shipping-taxable","16":"purchasable","17":"product-type-variable","18":"has-default-attributes"},"yoast_head":"<!-- This site is optimized with the Yoast SEO plugin v27.4 - https:\/\/yoast.com\/product\/yoast-seo-wordpress\/ -->\n<title>Cargador inal\u00e1mbrico por inducci\u00f3n 3 en 1 para iPhone - ShopValley<\/title>\n<meta name=\"description\" content=\"Optimiza tu espacio y simplifica tu vida diaria con nuestro Cargador Inal\u00e1mbrico por Inducci\u00f3n para iPhone. Disfruta de una carga r\u00e1pida y eficiente para tu iPhone\" \/>\n<meta name=\"robots\" content=\"index, follow, max-snippet:-1, max-image-preview:large, max-video-preview:-1\" \/>\n<link rel=\"canonical\" href=\"https:\/\/shopvalley.fr\/es\/produit\/cargador-inalambrico-por-induccion-3-en-1-para-iphone\/\" \/>\n<meta property=\"og:locale\" content=\"es_ES\" \/>\n<meta property=\"og:type\" content=\"article\" \/>\n<meta property=\"og:title\" content=\"Cargador inal\u00e1mbrico por inducci\u00f3n 3 en 1 para iPhone - ShopValley\" \/>\n<meta property=\"og:description\" content=\"Optimiza tu espacio y simplifica tu vida diaria con nuestro Cargador Inal\u00e1mbrico por Inducci\u00f3n para iPhone. Disfruta de una carga r\u00e1pida y eficiente para tu iPhone\" \/>\n<meta property=\"og:url\" content=\"https:\/\/shopvalley.fr\/es\/produit\/cargador-inalambrico-por-induccion-3-en-1-para-iphone\/\" \/>\n<meta property=\"og:site_name\" content=\"ShopValley\" \/>\n<meta property=\"article:modified_time\" content=\"2025-11-18T19:56:20+00:00\" \/>\n<meta property=\"og:image\" content=\"http:\/\/shopvalley.fr\/wp-content\/uploads\/2024\/09\/Chargeur_Induction-2.jpeg\" \/>\n\t<meta property=\"og:image:width\" content=\"800\" \/>\n\t<meta property=\"og:image:height\" content=\"800\" \/>\n\t<meta property=\"og:image:type\" content=\"image\/jpeg\" \/>\n<script type=\"application\/ld+json\" class=\"yoast-schema-graph\">{\"@context\":\"https:\\\/\\\/schema.org\",\"@graph\":[{\"@type\":\"WebPage\",\"@id\":\"https:\\\/\\\/shopvalley.fr\\\/es\\\/produit\\\/cargador-inalambrico-por-induccion-3-en-1-para-iphone\\\/\",\"url\":\"https:\\\/\\\/shopvalley.fr\\\/es\\\/produit\\\/cargador-inalambrico-por-induccion-3-en-1-para-iphone\\\/\",\"name\":\"Cargador inal\u00e1mbrico por inducci\u00f3n 3 en 1 para iPhone - ShopValley\",\"isPartOf\":{\"@id\":\"https:\\\/\\\/shopvalley.fr\\\/es\\\/#website\"},\"primaryImageOfPage\":{\"@id\":\"https:\\\/\\\/shopvalley.fr\\\/es\\\/produit\\\/cargador-inalambrico-por-induccion-3-en-1-para-iphone\\\/#primaryimage\"},\"image\":{\"@id\":\"https:\\\/\\\/shopvalley.fr\\\/es\\\/produit\\\/cargador-inalambrico-por-induccion-3-en-1-para-iphone\\\/#primaryimage\"},\"thumbnailUrl\":\"https:\\\/\\\/shopvalley.fr\\\/wp-content\\\/uploads\\\/2024\\\/09\\\/Chargeur_Induction-2.jpeg\",\"datePublished\":\"2024-09-26T07:12:28+00:00\",\"dateModified\":\"2025-11-18T19:56:20+00:00\",\"description\":\"Optimiza tu espacio y simplifica tu vida diaria con nuestro Cargador Inal\u00e1mbrico por Inducci\u00f3n para iPhone. Disfruta de una carga r\u00e1pida y eficiente para tu iPhone\",\"breadcrumb\":{\"@id\":\"https:\\\/\\\/shopvalley.fr\\\/es\\\/produit\\\/cargador-inalambrico-por-induccion-3-en-1-para-iphone\\\/#breadcrumb\"},\"inLanguage\":\"es\",\"potentialAction\":[{\"@type\":\"ReadAction\",\"target\":[\"https:\\\/\\\/shopvalley.fr\\\/es\\\/produit\\\/cargador-inalambrico-por-induccion-3-en-1-para-iphone\\\/\"]}]},{\"@type\":\"ImageObject\",\"inLanguage\":\"es\",\"@id\":\"https:\\\/\\\/shopvalley.fr\\\/es\\\/produit\\\/cargador-inalambrico-por-induccion-3-en-1-para-iphone\\\/#primaryimage\",\"url\":\"https:\\\/\\\/shopvalley.fr\\\/wp-content\\\/uploads\\\/2024\\\/09\\\/Chargeur_Induction-2.jpeg\",\"contentUrl\":\"https:\\\/\\\/shopvalley.fr\\\/wp-content\\\/uploads\\\/2024\\\/09\\\/Chargeur_Induction-2.jpeg\",\"width\":800,\"height\":800},{\"@type\":\"BreadcrumbList\",\"@id\":\"https:\\\/\\\/shopvalley.fr\\\/es\\\/produit\\\/cargador-inalambrico-por-induccion-3-en-1-para-iphone\\\/#breadcrumb\",\"itemListElement\":[{\"@type\":\"ListItem\",\"position\":1,\"name\":\"Accueil\",\"item\":\"https:\\\/\\\/shopvalley.fr\\\/es\\\/\"},{\"@type\":\"ListItem\",\"position\":2,\"name\":\"Todos los productos\",\"item\":\"https:\\\/\\\/shopvalley.fr\\\/es\\\/todos-los-productos\\\/\"},{\"@type\":\"ListItem\",\"position\":3,\"name\":\"Accessoires\",\"item\":\"https:\\\/\\\/shopvalley.fr\\\/categorie-produit\\\/accessoires\\\/\"},{\"@type\":\"ListItem\",\"position\":4,\"name\":\"Cargador inal\u00e1mbrico por inducci\u00f3n 3 en 1 para iPhone\"}]},{\"@type\":\"WebSite\",\"@id\":\"https:\\\/\\\/shopvalley.fr\\\/es\\\/#website\",\"url\":\"https:\\\/\\\/shopvalley.fr\\\/es\\\/\",\"name\":\"ShopValley\",\"description\":\"\u00a1Productos de moda a precios bajos!\",\"publisher\":{\"@id\":\"https:\\\/\\\/shopvalley.fr\\\/es\\\/#organization\"},\"potentialAction\":[{\"@type\":\"SearchAction\",\"target\":{\"@type\":\"EntryPoint\",\"urlTemplate\":\"https:\\\/\\\/shopvalley.fr\\\/es\\\/?s={search_term_string}\"},\"query-input\":{\"@type\":\"PropertyValueSpecification\",\"valueRequired\":true,\"valueName\":\"search_term_string\"}}],\"inLanguage\":\"es\"},{\"@type\":\"Organization\",\"@id\":\"https:\\\/\\\/shopvalley.fr\\\/es\\\/#organization\",\"name\":\"Shopvalley\",\"url\":\"https:\\\/\\\/shopvalley.fr\\\/es\\\/\",\"logo\":{\"@type\":\"ImageObject\",\"inLanguage\":\"es\",\"@id\":\"https:\\\/\\\/shopvalley.fr\\\/es\\\/#\\\/schema\\\/logo\\\/image\\\/\",\"url\":\"https:\\\/\\\/shopvalley.fr\\\/wp-content\\\/uploads\\\/2023\\\/11\\\/cropped-Copie-de-Logo-ShopValley-500-x-500-px-1.png\",\"contentUrl\":\"https:\\\/\\\/shopvalley.fr\\\/wp-content\\\/uploads\\\/2023\\\/11\\\/cropped-Copie-de-Logo-ShopValley-500-x-500-px-1.png\",\"width\":512,\"height\":512,\"caption\":\"Shopvalley\"},\"image\":{\"@id\":\"https:\\\/\\\/shopvalley.fr\\\/es\\\/#\\\/schema\\\/logo\\\/image\\\/\"}}]}<\/script>\n<!-- \/ Yoast SEO plugin. -->","yoast_head_json":{"title":"Cargador inal\u00e1mbrico por inducci\u00f3n 3 en 1 para iPhone - ShopValley","description":"Optimiza tu espacio y simplifica tu vida diaria con nuestro Cargador Inal\u00e1mbrico por Inducci\u00f3n para iPhone. Disfruta de una carga r\u00e1pida y eficiente para tu iPhone","robots":{"index":"index","follow":"follow","max-snippet":"max-snippet:-1","max-image-preview":"max-image-preview:large","max-video-preview":"max-video-preview:-1"},"canonical":"https:\/\/shopvalley.fr\/es\/produit\/cargador-inalambrico-por-induccion-3-en-1-para-iphone\/","og_locale":"es_ES","og_type":"article","og_title":"Cargador inal\u00e1mbrico por inducci\u00f3n 3 en 1 para iPhone - ShopValley","og_description":"Optimiza tu espacio y simplifica tu vida diaria con nuestro Cargador Inal\u00e1mbrico por Inducci\u00f3n para iPhone. Disfruta de una carga r\u00e1pida y eficiente para tu iPhone","og_url":"https:\/\/shopvalley.fr\/es\/produit\/cargador-inalambrico-por-induccion-3-en-1-para-iphone\/","og_site_name":"ShopValley","article_modified_time":"2025-11-18T19:56:20+00:00","og_image":[{"width":800,"height":800,"url":"http:\/\/shopvalley.fr\/wp-content\/uploads\/2024\/09\/Chargeur_Induction-2.jpeg","type":"image\/jpeg"}],"schema":{"@context":"https:\/\/schema.org","@graph":[{"@type":"WebPage","@id":"https:\/\/shopvalley.fr\/es\/produit\/cargador-inalambrico-por-induccion-3-en-1-para-iphone\/","url":"https:\/\/shopvalley.fr\/es\/produit\/cargador-inalambrico-por-induccion-3-en-1-para-iphone\/","name":"Cargador inal\u00e1mbrico por inducci\u00f3n 3 en 1 para iPhone - ShopValley","isPartOf":{"@id":"https:\/\/shopvalley.fr\/es\/#website"},"primaryImageOfPage":{"@id":"https:\/\/shopvalley.fr\/es\/produit\/cargador-inalambrico-por-induccion-3-en-1-para-iphone\/#primaryimage"},"image":{"@id":"https:\/\/shopvalley.fr\/es\/produit\/cargador-inalambrico-por-induccion-3-en-1-para-iphone\/#primaryimage"},"thumbnailUrl":"https:\/\/shopvalley.fr\/wp-content\/uploads\/2024\/09\/Chargeur_Induction-2.jpeg","datePublished":"2024-09-26T07:12:28+00:00","dateModified":"2025-11-18T19:56:20+00:00","description":"Optimiza tu espacio y simplifica tu vida diaria con nuestro Cargador Inal\u00e1mbrico por Inducci\u00f3n para iPhone. Disfruta de una carga r\u00e1pida y eficiente para tu iPhone","breadcrumb":{"@id":"https:\/\/shopvalley.fr\/es\/produit\/cargador-inalambrico-por-induccion-3-en-1-para-iphone\/#breadcrumb"},"inLanguage":"es","potentialAction":[{"@type":"ReadAction","target":["https:\/\/shopvalley.fr\/es\/produit\/cargador-inalambrico-por-induccion-3-en-1-para-iphone\/"]}]},{"@type":"ImageObject","inLanguage":"es","@id":"https:\/\/shopvalley.fr\/es\/produit\/cargador-inalambrico-por-induccion-3-en-1-para-iphone\/#primaryimage","url":"https:\/\/shopvalley.fr\/wp-content\/uploads\/2024\/09\/Chargeur_Induction-2.jpeg","contentUrl":"https:\/\/shopvalley.fr\/wp-content\/uploads\/2024\/09\/Chargeur_Induction-2.jpeg","width":800,"height":800},{"@type":"BreadcrumbList","@id":"https:\/\/shopvalley.fr\/es\/produit\/cargador-inalambrico-por-induccion-3-en-1-para-iphone\/#breadcrumb","itemListElement":[{"@type":"ListItem","position":1,"name":"Accueil","item":"https:\/\/shopvalley.fr\/es\/"},{"@type":"ListItem","position":2,"name":"Todos los productos","item":"https:\/\/shopvalley.fr\/es\/todos-los-productos\/"},{"@type":"ListItem","position":3,"name":"Accessoires","item":"https:\/\/shopvalley.fr\/categorie-produit\/accessoires\/"},{"@type":"ListItem","position":4,"name":"Cargador inal\u00e1mbrico por inducci\u00f3n 3 en 1 para iPhone"}]},{"@type":"WebSite","@id":"https:\/\/shopvalley.fr\/es\/#website","url":"https:\/\/shopvalley.fr\/es\/","name":"ShopValley","description":"\u00a1Productos de moda a precios bajos!","publisher":{"@id":"https:\/\/shopvalley.fr\/es\/#organization"},"potentialAction":[{"@type":"SearchAction","target":{"@type":"EntryPoint","urlTemplate":"https:\/\/shopvalley.fr\/es\/?s={search_term_string}"},"query-input":{"@type":"PropertyValueSpecification","valueRequired":true,"valueName":"search_term_string"}}],"inLanguage":"es"},{"@type":"Organization","@id":"https:\/\/shopvalley.fr\/es\/#organization","name":"Shopvalley","url":"https:\/\/shopvalley.fr\/es\/","logo":{"@type":"ImageObject","inLanguage":"es","@id":"https:\/\/shopvalley.fr\/es\/#\/schema\/logo\/image\/","url":"https:\/\/shopvalley.fr\/wp-content\/uploads\/2023\/11\/cropped-Copie-de-Logo-ShopValley-500-x-500-px-1.png","contentUrl":"https:\/\/shopvalley.fr\/wp-content\/uploads\/2023\/11\/cropped-Copie-de-Logo-ShopValley-500-x-500-px-1.png","width":512,"height":512,"caption":"Shopvalley"},"image":{"@id":"https:\/\/shopvalley.fr\/es\/#\/schema\/logo\/image\/"}}]}},"jetpack_sharing_enabled":true,"_links":{"self":[{"href":"https:\/\/shopvalley.fr\/es\/wp-json\/wp\/v2\/product\/40815","targetHints":{"allow":["GET"]}}],"collection":[{"href":"https:\/\/shopvalley.fr\/es\/wp-json\/wp\/v2\/product"}],"about":[{"href":"https:\/\/shopvalley.fr\/es\/wp-json\/wp\/v2\/types\/product"}],"replies":[{"embeddable":true,"href":"https:\/\/shopvalley.fr\/es\/wp-json\/wp\/v2\/comments?post=40815"}],"version-history":[{"count":2,"href":"https:\/\/shopvalley.fr\/es\/wp-json\/wp\/v2\/product\/40815\/revisions"}],"predecessor-version":[{"id":51522,"href":"https:\/\/shopvalley.fr\/es\/wp-json\/wp\/v2\/product\/40815\/revisions\/51522"}],"wp:featuredmedia":[{"embeddable":true,"href":"https:\/\/shopvalley.fr\/es\/wp-json\/wp\/v2\/media\/40225"}],"wp:attachment":[{"href":"https:\/\/shopvalley.fr\/es\/wp-json\/wp\/v2\/media?parent=40815"}],"wp:term":[{"taxonomy":"product_brand","embeddable":true,"href":"https:\/\/shopvalley.fr\/es\/wp-json\/wp\/v2\/product_brand?post=40815"},{"taxonomy":"product_cat","embeddable":true,"href":"https:\/\/shopvalley.fr\/es\/wp-json\/wp\/v2\/product_cat?post=40815"},{"taxonomy":"product_tag","embeddable":true,"href":"https:\/\/shopvalley.fr\/es\/wp-json\/wp\/v2\/product_tag?post=40815"}],"curies":[{"name":"wp","href":"https:\/\/api.w.org\/{rel}","templated":true}]}}