{"id":40806,"date":"2024-08-21T15:15:12","date_gmt":"2024-08-21T13:15:12","guid":{"rendered":"https:\/\/shopvalley.fr\/produit\/potente-luz-de-trabajo-led-magnetica-usb\/"},"modified":"2025-11-18T20:56:18","modified_gmt":"2025-11-18T19:56:18","slug":"potente-luz-de-trabajo-led-magnetica-usb","status":"publish","type":"product","link":"https:\/\/shopvalley.fr\/es\/produit\/potente-luz-de-trabajo-led-magnetica-usb\/","title":{"rendered":"Potente Luz de Trabajo LED Magn\u00e9tica USB"},"content":{"rendered":"<p><span style=\"font-size: 14pt; color: #000000;\"><strong>\ud83d\udd26 \u00a1Ilumina tu trabajo como nunca con la Potente Luz de Trabajo LED Magn\u00e9tica USB!<\/strong><\/span><\/p>\n<p><img loading=\"lazy\" decoding=\"async\" class=\"aligncenter wp-image-31943\" src=\"http:\/\/shopvalley.fr\/wp-content\/uploads\/2024\/08\/Lampe_Baladeuse_LED-2.jpg\" alt=\"Potente Luz de Trabajo LED Magn\u00e9tica USB\" width=\"462\" height=\"462\" srcset=\"https:\/\/shopvalley.fr\/wp-content\/uploads\/2024\/08\/Lampe_Baladeuse_LED-2.jpg 800w, https:\/\/shopvalley.fr\/wp-content\/uploads\/2024\/08\/Lampe_Baladeuse_LED-2-430x430.jpg 430w, https:\/\/shopvalley.fr\/wp-content\/uploads\/2024\/08\/Lampe_Baladeuse_LED-2-150x150.jpg 150w, https:\/\/shopvalley.fr\/wp-content\/uploads\/2024\/08\/Lampe_Baladeuse_LED-2-700x700.jpg 700w, https:\/\/shopvalley.fr\/wp-content\/uploads\/2024\/08\/Lampe_Baladeuse_LED-2-300x300.jpg 300w, https:\/\/shopvalley.fr\/wp-content\/uploads\/2024\/08\/Lampe_Baladeuse_LED-2-768x768.jpg 768w\" sizes=\"auto, (max-width: 462px) 100vw, 462px\" \/><\/p>\n<h3><span style=\"font-size: 14pt; color: #000000;\"><strong>\ud83d\udc40 Potente luz de trabajo LED magn\u00e9tica USB: \u00a1brillo sin igual!<\/strong> <\/span><\/h3>\n<p><span style=\"font-size: 14pt; color: #000000;\">Gracias a su gran panel de focos de alta luminosidad, esta l\u00e1mpara te proporciona una iluminaci\u00f3n potente y uniforme que cubre una amplia zona. El tipo de iluminaci\u00f3n SMD o COB garantiza una luz clara y brillante, perfecta para entornos de trabajo exigentes. \u00a1Nunca m\u00e1s dejes que la oscuridad se interponga en tu productividad! <\/span><\/p>\n<p><img loading=\"lazy\" decoding=\"async\" class=\"aligncenter wp-image-31949\" src=\"http:\/\/shopvalley.fr\/wp-content\/uploads\/2024\/08\/Lampe_Baladeuse_LED-6.jpg\" alt=\"\" width=\"473\" height=\"473\" srcset=\"https:\/\/shopvalley.fr\/wp-content\/uploads\/2024\/08\/Lampe_Baladeuse_LED-6.jpg 800w, https:\/\/shopvalley.fr\/wp-content\/uploads\/2024\/08\/Lampe_Baladeuse_LED-6-430x430.jpg 430w, https:\/\/shopvalley.fr\/wp-content\/uploads\/2024\/08\/Lampe_Baladeuse_LED-6-150x150.jpg 150w, https:\/\/shopvalley.fr\/wp-content\/uploads\/2024\/08\/Lampe_Baladeuse_LED-6-700x700.jpg 700w, https:\/\/shopvalley.fr\/wp-content\/uploads\/2024\/08\/Lampe_Baladeuse_LED-6-300x300.jpg 300w, https:\/\/shopvalley.fr\/wp-content\/uploads\/2024\/08\/Lampe_Baladeuse_LED-6-768x768.jpg 768w\" sizes=\"auto, (max-width: 473px) 100vw, 473px\" \/><\/p>\n<h3><span style=\"font-size: 14pt; color: #000000;\"><strong>\u26a1 \u00a1Recarga en un abrir y cerrar de ojos con la interfaz USB-C r\u00e1pida!<\/strong> <\/span><\/h3>\n<p><span style=\"font-size: 14pt; color: #000000;\">No pierdas m\u00e1s tiempo esperando a que se recargue tu l\u00e1mpara. Con su interfaz de carga r\u00e1pida TYPE-C, esta l\u00e1mpara de mano se conecta a una gran variedad de dispositivos de carga, ofreciendo una recarga r\u00e1pida y eficiente. Mant\u00e9n tu l\u00e1mpara lista para usar en todo momento para un rendimiento continuo. <\/span><\/p>\n<p><img loading=\"lazy\" decoding=\"async\" class=\"aligncenter wp-image-31950\" src=\"http:\/\/shopvalley.fr\/wp-content\/uploads\/2024\/08\/Lampe_Baladeuse_LED-7.jpg\" alt=\"\" width=\"510\" height=\"510\" srcset=\"https:\/\/shopvalley.fr\/wp-content\/uploads\/2024\/08\/Lampe_Baladeuse_LED-7.jpg 800w, https:\/\/shopvalley.fr\/wp-content\/uploads\/2024\/08\/Lampe_Baladeuse_LED-7-430x430.jpg 430w, https:\/\/shopvalley.fr\/wp-content\/uploads\/2024\/08\/Lampe_Baladeuse_LED-7-150x150.jpg 150w, https:\/\/shopvalley.fr\/wp-content\/uploads\/2024\/08\/Lampe_Baladeuse_LED-7-700x700.jpg 700w, https:\/\/shopvalley.fr\/wp-content\/uploads\/2024\/08\/Lampe_Baladeuse_LED-7-300x300.jpg 300w, https:\/\/shopvalley.fr\/wp-content\/uploads\/2024\/08\/Lampe_Baladeuse_LED-7-768x768.jpg 768w\" sizes=\"auto, (max-width: 510px) 100vw, 510px\" \/><\/p>\n<h3><span style=\"font-size: 14pt; color: #000000;\"><strong>\ud83d\udd0b Dureza y durabilidad: \u00a1una bater\u00eda de litio de gran capacidad!<\/strong> <\/span><\/h3>\n<p><span style=\"font-size: 14pt; color: #000000;\">Con una bater\u00eda de litio integrada, puedes disfrutar de una autonom\u00eda excepcional de m\u00e1s de 5 horas en modo intensivo. Dise\u00f1ada para durar, esta l\u00e1mpara garantiza una larga duraci\u00f3n de la bater\u00eda, ideal para trabajos prolongados. \u00a1Se acabaron las preocupaciones por interrupciones inesperadas! <\/span><\/p>\n<p><img loading=\"lazy\" decoding=\"async\" class=\"aligncenter wp-image-31942\" src=\"http:\/\/shopvalley.fr\/wp-content\/uploads\/2024\/08\/Lampe_Baladeuse_LED-1.webp\" alt=\"Potente Luz de Trabajo LED Magn\u00e9tica USB\" width=\"508\" height=\"679\" srcset=\"https:\/\/shopvalley.fr\/wp-content\/uploads\/2024\/08\/Lampe_Baladeuse_LED-1.webp 750w, https:\/\/shopvalley.fr\/wp-content\/uploads\/2024\/08\/Lampe_Baladeuse_LED-1-150x200.webp 150w, https:\/\/shopvalley.fr\/wp-content\/uploads\/2024\/08\/Lampe_Baladeuse_LED-1-700x935.webp 700w, https:\/\/shopvalley.fr\/wp-content\/uploads\/2024\/08\/Lampe_Baladeuse_LED-1-225x300.webp 225w, https:\/\/shopvalley.fr\/wp-content\/uploads\/2024\/08\/Lampe_Baladeuse_LED-1-599x800.webp 599w\" sizes=\"auto, (max-width: 508px) 100vw, 508px\" \/><\/p>\n<h3><span style=\"font-size: 14pt; color: #000000;\"><strong>\ud83d\udd04 Potente luz de trabajo LED magn\u00e9tica USB: \u00a1versatilidad total con el gancho giratorio de 360\u00b0!<\/strong> <\/span><\/h3>\n<p><span style=\"font-size: 14pt; color: #000000;\">Cuelga tu l\u00e1mpara donde quieras gracias a su gancho giratorio de 360\u00b0. Pr\u00e1ctico y bien dise\u00f1ado, se guarda discretamente cuando no se utiliza, garantizando un almacenamiento ordenado. Perfecta para usarla en el taller o al aire libre, \u00a1donde la flexibilidad es imprescindible! <\/span><\/p>\n<p><img loading=\"lazy\" decoding=\"async\" class=\"aligncenter wp-image-31941\" src=\"http:\/\/shopvalley.fr\/wp-content\/uploads\/2024\/08\/Lampe_Baladeuse_LED-1.jpg\" alt=\"Potente Luz de Trabajo LED Magn\u00e9tica USB\" width=\"498\" height=\"498\" srcset=\"https:\/\/shopvalley.fr\/wp-content\/uploads\/2024\/08\/Lampe_Baladeuse_LED-1.jpg 800w, https:\/\/shopvalley.fr\/wp-content\/uploads\/2024\/08\/Lampe_Baladeuse_LED-1-430x430.jpg 430w, https:\/\/shopvalley.fr\/wp-content\/uploads\/2024\/08\/Lampe_Baladeuse_LED-1-150x150.jpg 150w, https:\/\/shopvalley.fr\/wp-content\/uploads\/2024\/08\/Lampe_Baladeuse_LED-1-700x700.jpg 700w, https:\/\/shopvalley.fr\/wp-content\/uploads\/2024\/08\/Lampe_Baladeuse_LED-1-300x300.jpg 300w, https:\/\/shopvalley.fr\/wp-content\/uploads\/2024\/08\/Lampe_Baladeuse_LED-1-768x768.jpg 768w\" sizes=\"auto, (max-width: 498px) 100vw, 498px\" \/><\/p>\n<h3><span style=\"font-size: 14pt; color: #000000;\"><strong>\ud83e\uddf2 Mains Libres: \u00a1fuerte adsorci\u00f3n magn\u00e9tica para una fijaci\u00f3n segura!<\/strong> <\/span><\/h3>\n<p><span style=\"font-size: 14pt; color: #000000;\">Fija tu l\u00e1mpara con seguridad a cualquier superficie met\u00e1lica gracias a su potente im\u00e1n incorporado. Libera tus manos y trabaja con total seguridad, sin tener que preocuparte de que la l\u00e1mpara se caiga. Perfecta para talleres, garajes u obras de construcci\u00f3n, esta funci\u00f3n magn\u00e9tica te proporciona una libertad de movimientos sin igual. <\/span><\/p>\n<p><img loading=\"lazy\" decoding=\"async\" class=\"aligncenter wp-image-31951\" src=\"http:\/\/shopvalley.fr\/wp-content\/uploads\/2024\/08\/Lampe_Baladeuse_LED-1.jpeg\" alt=\"\" width=\"472\" height=\"472\" srcset=\"https:\/\/shopvalley.fr\/wp-content\/uploads\/2024\/08\/Lampe_Baladeuse_LED-1.jpeg 800w, https:\/\/shopvalley.fr\/wp-content\/uploads\/2024\/08\/Lampe_Baladeuse_LED-1-430x430.jpeg 430w, https:\/\/shopvalley.fr\/wp-content\/uploads\/2024\/08\/Lampe_Baladeuse_LED-1-150x150.jpeg 150w, https:\/\/shopvalley.fr\/wp-content\/uploads\/2024\/08\/Lampe_Baladeuse_LED-1-700x700.jpeg 700w, https:\/\/shopvalley.fr\/wp-content\/uploads\/2024\/08\/Lampe_Baladeuse_LED-1-300x300.jpeg 300w, https:\/\/shopvalley.fr\/wp-content\/uploads\/2024\/08\/Lampe_Baladeuse_LED-1-768x768.jpeg 768w\" sizes=\"auto, (max-width: 472px) 100vw, 472px\" \/><\/p>\n<h3><span style=\"font-size: 14pt; color: #000000;\"><strong>\ud83d\udd27 No dejes nada al azar, \u00a1elige la mejor l\u00e1mpara de trabajo!<\/strong> <\/span><\/h3>\n<p><span style=\"font-size: 14pt; color: #000000;\">Tanto si eres un profesional como un aficionado al bricolaje, esta luz de trabajo LED magn\u00e9tica es la herramienta esencial para una iluminaci\u00f3n \u00f3ptima en cualquier circunstancia. Robustez, autonom\u00eda y versatilidad: todo lo que necesitas para trabajar sin concesiones. <\/span><\/p>\n","protected":false},"excerpt":{"rendered":"<p><span style=\"font-size: 14pt; color: #000000;\"><strong>Elige la mejor l\u00e1mpara de trabajo<\/strong><\/span><\/p>\n","protected":false},"featured_media":40191,"comment_status":"closed","ping_status":"closed","template":"","meta":[],"product_brand":[1139],"product_cat":[988,1085],"product_tag":[990],"class_list":{"0":"post-40806","1":"product","2":"type-product","3":"status-publish","4":"has-post-thumbnail","6":"product_brand-shopvalley","7":"product_cat-accesorios","8":"product_cat-shopping_es-es","9":"product_tag-noflash-es","11":"first","12":"instock","13":"sale","14":"taxable","15":"shipping-taxable","16":"purchasable","17":"product-type-variable","18":"has-default-attributes"},"yoast_head":"<!-- This site is optimized with the Yoast SEO plugin v27.4 - https:\/\/yoast.com\/product\/yoast-seo-wordpress\/ -->\n<title>Potente Luz de Trabajo LED Magn\u00e9tica USB - ShopValley<\/title>\n<meta name=\"description\" content=\"Tanto si eres un profesional como un aficionado al bricolaje, esta Potente Luz de Trabajo LED Magn\u00e9tica USB es la herramienta esencial para una iluminaci\u00f3n \u00f3ptima.\" \/>\n<meta name=\"robots\" content=\"index, follow, max-snippet:-1, max-image-preview:large, max-video-preview:-1\" \/>\n<link rel=\"canonical\" href=\"https:\/\/shopvalley.fr\/es\/produit\/potente-luz-de-trabajo-led-magnetica-usb\/\" \/>\n<meta property=\"og:locale\" content=\"es_ES\" \/>\n<meta property=\"og:type\" content=\"article\" \/>\n<meta property=\"og:title\" content=\"Potente Luz de Trabajo LED Magn\u00e9tica USB - ShopValley\" \/>\n<meta property=\"og:description\" content=\"Tanto si eres un profesional como un aficionado al bricolaje, esta Potente Luz de Trabajo LED Magn\u00e9tica USB es la herramienta esencial para una iluminaci\u00f3n \u00f3ptima.\" \/>\n<meta property=\"og:url\" content=\"https:\/\/shopvalley.fr\/es\/produit\/potente-luz-de-trabajo-led-magnetica-usb\/\" \/>\n<meta property=\"og:site_name\" content=\"ShopValley\" \/>\n<meta property=\"article:modified_time\" content=\"2025-11-18T19:56:18+00:00\" \/>\n<meta property=\"og:image\" content=\"http:\/\/shopvalley.fr\/wp-content\/uploads\/2024\/08\/Lampe_Baladeuse_LED-3.jpg\" \/>\n\t<meta property=\"og:image:width\" content=\"800\" \/>\n\t<meta property=\"og:image:height\" content=\"800\" \/>\n\t<meta property=\"og:image:type\" content=\"image\/jpeg\" \/>\n<script type=\"application\/ld+json\" class=\"yoast-schema-graph\">{\"@context\":\"https:\\\/\\\/schema.org\",\"@graph\":[{\"@type\":\"WebPage\",\"@id\":\"https:\\\/\\\/shopvalley.fr\\\/es\\\/produit\\\/potente-luz-de-trabajo-led-magnetica-usb\\\/\",\"url\":\"https:\\\/\\\/shopvalley.fr\\\/es\\\/produit\\\/potente-luz-de-trabajo-led-magnetica-usb\\\/\",\"name\":\"Potente Luz de Trabajo LED Magn\u00e9tica USB - ShopValley\",\"isPartOf\":{\"@id\":\"https:\\\/\\\/shopvalley.fr\\\/es\\\/#website\"},\"primaryImageOfPage\":{\"@id\":\"https:\\\/\\\/shopvalley.fr\\\/es\\\/produit\\\/potente-luz-de-trabajo-led-magnetica-usb\\\/#primaryimage\"},\"image\":{\"@id\":\"https:\\\/\\\/shopvalley.fr\\\/es\\\/produit\\\/potente-luz-de-trabajo-led-magnetica-usb\\\/#primaryimage\"},\"thumbnailUrl\":\"https:\\\/\\\/shopvalley.fr\\\/wp-content\\\/uploads\\\/2024\\\/08\\\/Lampe_Baladeuse_LED-3.jpg\",\"datePublished\":\"2024-08-21T13:15:12+00:00\",\"dateModified\":\"2025-11-18T19:56:18+00:00\",\"description\":\"Tanto si eres un profesional como un aficionado al bricolaje, esta Potente Luz de Trabajo LED Magn\u00e9tica USB es la herramienta esencial para una iluminaci\u00f3n \u00f3ptima.\",\"breadcrumb\":{\"@id\":\"https:\\\/\\\/shopvalley.fr\\\/es\\\/produit\\\/potente-luz-de-trabajo-led-magnetica-usb\\\/#breadcrumb\"},\"inLanguage\":\"es\",\"potentialAction\":[{\"@type\":\"ReadAction\",\"target\":[\"https:\\\/\\\/shopvalley.fr\\\/es\\\/produit\\\/potente-luz-de-trabajo-led-magnetica-usb\\\/\"]}]},{\"@type\":\"ImageObject\",\"inLanguage\":\"es\",\"@id\":\"https:\\\/\\\/shopvalley.fr\\\/es\\\/produit\\\/potente-luz-de-trabajo-led-magnetica-usb\\\/#primaryimage\",\"url\":\"https:\\\/\\\/shopvalley.fr\\\/wp-content\\\/uploads\\\/2024\\\/08\\\/Lampe_Baladeuse_LED-3.jpg\",\"contentUrl\":\"https:\\\/\\\/shopvalley.fr\\\/wp-content\\\/uploads\\\/2024\\\/08\\\/Lampe_Baladeuse_LED-3.jpg\",\"width\":800,\"height\":800},{\"@type\":\"BreadcrumbList\",\"@id\":\"https:\\\/\\\/shopvalley.fr\\\/es\\\/produit\\\/potente-luz-de-trabajo-led-magnetica-usb\\\/#breadcrumb\",\"itemListElement\":[{\"@type\":\"ListItem\",\"position\":1,\"name\":\"Accueil\",\"item\":\"https:\\\/\\\/shopvalley.fr\\\/es\\\/\"},{\"@type\":\"ListItem\",\"position\":2,\"name\":\"Todos los productos\",\"item\":\"https:\\\/\\\/shopvalley.fr\\\/es\\\/todos-los-productos\\\/\"},{\"@type\":\"ListItem\",\"position\":3,\"name\":\"Accessoires\",\"item\":\"https:\\\/\\\/shopvalley.fr\\\/categorie-produit\\\/accessoires\\\/\"},{\"@type\":\"ListItem\",\"position\":4,\"name\":\"Potente Luz de Trabajo LED Magn\u00e9tica USB\"}]},{\"@type\":\"WebSite\",\"@id\":\"https:\\\/\\\/shopvalley.fr\\\/es\\\/#website\",\"url\":\"https:\\\/\\\/shopvalley.fr\\\/es\\\/\",\"name\":\"ShopValley\",\"description\":\"\u00a1Productos de moda a precios bajos!\",\"publisher\":{\"@id\":\"https:\\\/\\\/shopvalley.fr\\\/es\\\/#organization\"},\"potentialAction\":[{\"@type\":\"SearchAction\",\"target\":{\"@type\":\"EntryPoint\",\"urlTemplate\":\"https:\\\/\\\/shopvalley.fr\\\/es\\\/?s={search_term_string}\"},\"query-input\":{\"@type\":\"PropertyValueSpecification\",\"valueRequired\":true,\"valueName\":\"search_term_string\"}}],\"inLanguage\":\"es\"},{\"@type\":\"Organization\",\"@id\":\"https:\\\/\\\/shopvalley.fr\\\/es\\\/#organization\",\"name\":\"Shopvalley\",\"url\":\"https:\\\/\\\/shopvalley.fr\\\/es\\\/\",\"logo\":{\"@type\":\"ImageObject\",\"inLanguage\":\"es\",\"@id\":\"https:\\\/\\\/shopvalley.fr\\\/es\\\/#\\\/schema\\\/logo\\\/image\\\/\",\"url\":\"https:\\\/\\\/shopvalley.fr\\\/wp-content\\\/uploads\\\/2023\\\/11\\\/cropped-Copie-de-Logo-ShopValley-500-x-500-px-1.png\",\"contentUrl\":\"https:\\\/\\\/shopvalley.fr\\\/wp-content\\\/uploads\\\/2023\\\/11\\\/cropped-Copie-de-Logo-ShopValley-500-x-500-px-1.png\",\"width\":512,\"height\":512,\"caption\":\"Shopvalley\"},\"image\":{\"@id\":\"https:\\\/\\\/shopvalley.fr\\\/es\\\/#\\\/schema\\\/logo\\\/image\\\/\"}}]}<\/script>\n<!-- \/ Yoast SEO plugin. -->","yoast_head_json":{"title":"Potente Luz de Trabajo LED Magn\u00e9tica USB - ShopValley","description":"Tanto si eres un profesional como un aficionado al bricolaje, esta Potente Luz de Trabajo LED Magn\u00e9tica USB es la herramienta esencial para una iluminaci\u00f3n \u00f3ptima.","robots":{"index":"index","follow":"follow","max-snippet":"max-snippet:-1","max-image-preview":"max-image-preview:large","max-video-preview":"max-video-preview:-1"},"canonical":"https:\/\/shopvalley.fr\/es\/produit\/potente-luz-de-trabajo-led-magnetica-usb\/","og_locale":"es_ES","og_type":"article","og_title":"Potente Luz de Trabajo LED Magn\u00e9tica USB - ShopValley","og_description":"Tanto si eres un profesional como un aficionado al bricolaje, esta Potente Luz de Trabajo LED Magn\u00e9tica USB es la herramienta esencial para una iluminaci\u00f3n \u00f3ptima.","og_url":"https:\/\/shopvalley.fr\/es\/produit\/potente-luz-de-trabajo-led-magnetica-usb\/","og_site_name":"ShopValley","article_modified_time":"2025-11-18T19:56:18+00:00","og_image":[{"width":800,"height":800,"url":"http:\/\/shopvalley.fr\/wp-content\/uploads\/2024\/08\/Lampe_Baladeuse_LED-3.jpg","type":"image\/jpeg"}],"schema":{"@context":"https:\/\/schema.org","@graph":[{"@type":"WebPage","@id":"https:\/\/shopvalley.fr\/es\/produit\/potente-luz-de-trabajo-led-magnetica-usb\/","url":"https:\/\/shopvalley.fr\/es\/produit\/potente-luz-de-trabajo-led-magnetica-usb\/","name":"Potente Luz de Trabajo LED Magn\u00e9tica USB - ShopValley","isPartOf":{"@id":"https:\/\/shopvalley.fr\/es\/#website"},"primaryImageOfPage":{"@id":"https:\/\/shopvalley.fr\/es\/produit\/potente-luz-de-trabajo-led-magnetica-usb\/#primaryimage"},"image":{"@id":"https:\/\/shopvalley.fr\/es\/produit\/potente-luz-de-trabajo-led-magnetica-usb\/#primaryimage"},"thumbnailUrl":"https:\/\/shopvalley.fr\/wp-content\/uploads\/2024\/08\/Lampe_Baladeuse_LED-3.jpg","datePublished":"2024-08-21T13:15:12+00:00","dateModified":"2025-11-18T19:56:18+00:00","description":"Tanto si eres un profesional como un aficionado al bricolaje, esta Potente Luz de Trabajo LED Magn\u00e9tica USB es la herramienta esencial para una iluminaci\u00f3n \u00f3ptima.","breadcrumb":{"@id":"https:\/\/shopvalley.fr\/es\/produit\/potente-luz-de-trabajo-led-magnetica-usb\/#breadcrumb"},"inLanguage":"es","potentialAction":[{"@type":"ReadAction","target":["https:\/\/shopvalley.fr\/es\/produit\/potente-luz-de-trabajo-led-magnetica-usb\/"]}]},{"@type":"ImageObject","inLanguage":"es","@id":"https:\/\/shopvalley.fr\/es\/produit\/potente-luz-de-trabajo-led-magnetica-usb\/#primaryimage","url":"https:\/\/shopvalley.fr\/wp-content\/uploads\/2024\/08\/Lampe_Baladeuse_LED-3.jpg","contentUrl":"https:\/\/shopvalley.fr\/wp-content\/uploads\/2024\/08\/Lampe_Baladeuse_LED-3.jpg","width":800,"height":800},{"@type":"BreadcrumbList","@id":"https:\/\/shopvalley.fr\/es\/produit\/potente-luz-de-trabajo-led-magnetica-usb\/#breadcrumb","itemListElement":[{"@type":"ListItem","position":1,"name":"Accueil","item":"https:\/\/shopvalley.fr\/es\/"},{"@type":"ListItem","position":2,"name":"Todos los productos","item":"https:\/\/shopvalley.fr\/es\/todos-los-productos\/"},{"@type":"ListItem","position":3,"name":"Accessoires","item":"https:\/\/shopvalley.fr\/categorie-produit\/accessoires\/"},{"@type":"ListItem","position":4,"name":"Potente Luz de Trabajo LED Magn\u00e9tica USB"}]},{"@type":"WebSite","@id":"https:\/\/shopvalley.fr\/es\/#website","url":"https:\/\/shopvalley.fr\/es\/","name":"ShopValley","description":"\u00a1Productos de moda a precios bajos!","publisher":{"@id":"https:\/\/shopvalley.fr\/es\/#organization"},"potentialAction":[{"@type":"SearchAction","target":{"@type":"EntryPoint","urlTemplate":"https:\/\/shopvalley.fr\/es\/?s={search_term_string}"},"query-input":{"@type":"PropertyValueSpecification","valueRequired":true,"valueName":"search_term_string"}}],"inLanguage":"es"},{"@type":"Organization","@id":"https:\/\/shopvalley.fr\/es\/#organization","name":"Shopvalley","url":"https:\/\/shopvalley.fr\/es\/","logo":{"@type":"ImageObject","inLanguage":"es","@id":"https:\/\/shopvalley.fr\/es\/#\/schema\/logo\/image\/","url":"https:\/\/shopvalley.fr\/wp-content\/uploads\/2023\/11\/cropped-Copie-de-Logo-ShopValley-500-x-500-px-1.png","contentUrl":"https:\/\/shopvalley.fr\/wp-content\/uploads\/2023\/11\/cropped-Copie-de-Logo-ShopValley-500-x-500-px-1.png","width":512,"height":512,"caption":"Shopvalley"},"image":{"@id":"https:\/\/shopvalley.fr\/es\/#\/schema\/logo\/image\/"}}]}},"jetpack_sharing_enabled":true,"_links":{"self":[{"href":"https:\/\/shopvalley.fr\/es\/wp-json\/wp\/v2\/product\/40806","targetHints":{"allow":["GET"]}}],"collection":[{"href":"https:\/\/shopvalley.fr\/es\/wp-json\/wp\/v2\/product"}],"about":[{"href":"https:\/\/shopvalley.fr\/es\/wp-json\/wp\/v2\/types\/product"}],"replies":[{"embeddable":true,"href":"https:\/\/shopvalley.fr\/es\/wp-json\/wp\/v2\/comments?post=40806"}],"version-history":[{"count":2,"href":"https:\/\/shopvalley.fr\/es\/wp-json\/wp\/v2\/product\/40806\/revisions"}],"predecessor-version":[{"id":51524,"href":"https:\/\/shopvalley.fr\/es\/wp-json\/wp\/v2\/product\/40806\/revisions\/51524"}],"wp:featuredmedia":[{"embeddable":true,"href":"https:\/\/shopvalley.fr\/es\/wp-json\/wp\/v2\/media\/40191"}],"wp:attachment":[{"href":"https:\/\/shopvalley.fr\/es\/wp-json\/wp\/v2\/media?parent=40806"}],"wp:term":[{"taxonomy":"product_brand","embeddable":true,"href":"https:\/\/shopvalley.fr\/es\/wp-json\/wp\/v2\/product_brand?post=40806"},{"taxonomy":"product_cat","embeddable":true,"href":"https:\/\/shopvalley.fr\/es\/wp-json\/wp\/v2\/product_cat?post=40806"},{"taxonomy":"product_tag","embeddable":true,"href":"https:\/\/shopvalley.fr\/es\/wp-json\/wp\/v2\/product_tag?post=40806"}],"curies":[{"name":"wp","href":"https:\/\/api.w.org\/{rel}","templated":true}]}}