{"id":40674,"date":"2023-12-17T11:50:50","date_gmt":"2023-12-17T10:50:50","guid":{"rendered":"https:\/\/shopvalley.fr\/produit\/chaqueta-calefactada-usb-con-capucha-y-mangas-largas\/"},"modified":"2025-11-18T20:55:48","modified_gmt":"2025-11-18T19:55:48","slug":"chaqueta-calefactada-usb-con-capucha-y-mangas-largas","status":"publish","type":"product","link":"https:\/\/shopvalley.fr\/es\/produit\/chaqueta-calefactada-usb-con-capucha-y-mangas-largas\/","title":{"rendered":"Chaqueta calefactada USB con capucha y mangas largas"},"content":{"rendered":"<h5><span style=\"font-size: 14pt; color: #000000;\"><strong>\ud83c\udf2c\ufe0f \u00bb Dise\u00f1o ligero, m\u00e1xima calidez \ud83c\udf21\ufe0f<\/strong><\/span><\/h5>\n<p><span style=\"font-size: 14pt; color: #000000;\">Descubre nuestra Chaqueta de Calentamiento USB con Capucha y Mangas Largas, dise\u00f1ada con meticulosos detalles para conservar el calor sin comprometer el estilo. Los pu\u00f1os el\u00e1sticos, la capucha desmontable y las cremalleras de calidad te proporcionan un calor excepcional sin dejar de ir a la moda. <\/span><\/p>\n<p><a href=\"http:\/\/shopvalley.fr\/wp-content\/uploads\/2023\/12\/Veste_Chauffante_Capuche-23.jpg\"><img loading=\"lazy\" decoding=\"async\" class=\"aligncenter wp-image-25080\" src=\"http:\/\/shopvalley.fr\/wp-content\/uploads\/2023\/12\/Veste_Chauffante_Capuche-23.jpg\" alt=\"Chaqueta calefactada USB con capucha y mangas largas\" width=\"482\" height=\"486\" srcset=\"https:\/\/shopvalley.fr\/wp-content\/uploads\/2023\/12\/Veste_Chauffante_Capuche-23.jpg 1490w, https:\/\/shopvalley.fr\/wp-content\/uploads\/2023\/12\/Veste_Chauffante_Capuche-23-150x150.jpg 150w, https:\/\/shopvalley.fr\/wp-content\/uploads\/2023\/12\/Veste_Chauffante_Capuche-23-700x705.jpg 700w, https:\/\/shopvalley.fr\/wp-content\/uploads\/2023\/12\/Veste_Chauffante_Capuche-23-298x300.jpg 298w, https:\/\/shopvalley.fr\/wp-content\/uploads\/2023\/12\/Veste_Chauffante_Capuche-23-795x800.jpg 795w, https:\/\/shopvalley.fr\/wp-content\/uploads\/2023\/12\/Veste_Chauffante_Capuche-23-768x773.jpg 768w\" sizes=\"auto, (max-width: 482px) 100vw, 482px\" \/><\/a><\/p>\n<h5><span style=\"font-size: 14pt; color: #000000;\"><strong>\ud83d\udd25 \u00abControl t\u00e9rmico personalizado \ud83c\udf9b\ufe0f<\/strong><\/span><\/h5>\n<p><span style=\"font-size: 14pt; color: #000000;\">\u00a1Disfruta de un calentamiento r\u00e1pido con s\u00f3lo pulsar un bot\u00f3n! Esta Chaqueta Calefactora USB con Capucha ofrece 3 niveles de temperatura ajustables gracias a los elementos calefactores de fibra de carbono. Siente el calor dirigido durante 8 a 12 horas con una carga completa del banco de energ\u00eda de 10.000 mA, garantizando un calor constante donde m\u00e1s lo necesitas. <\/span><\/p>\n<p><a href=\"http:\/\/shopvalley.fr\/wp-content\/uploads\/2023\/12\/Veste_Chauffante_Capuche-24.jpg\"><img loading=\"lazy\" decoding=\"async\" class=\"aligncenter wp-image-25081\" src=\"http:\/\/shopvalley.fr\/wp-content\/uploads\/2023\/12\/Veste_Chauffante_Capuche-24.jpg\" alt=\"Chaqueta calefactada USB con capucha y mangas largas\" width=\"505\" height=\"494\" srcset=\"https:\/\/shopvalley.fr\/wp-content\/uploads\/2023\/12\/Veste_Chauffante_Capuche-24.jpg 1500w, https:\/\/shopvalley.fr\/wp-content\/uploads\/2023\/12\/Veste_Chauffante_Capuche-24-150x147.jpg 150w, https:\/\/shopvalley.fr\/wp-content\/uploads\/2023\/12\/Veste_Chauffante_Capuche-24-700x685.jpg 700w, https:\/\/shopvalley.fr\/wp-content\/uploads\/2023\/12\/Veste_Chauffante_Capuche-24-307x300.jpg 307w, https:\/\/shopvalley.fr\/wp-content\/uploads\/2023\/12\/Veste_Chauffante_Capuche-24-818x800.jpg 818w, https:\/\/shopvalley.fr\/wp-content\/uploads\/2023\/12\/Veste_Chauffante_Capuche-24-768x751.jpg 768w\" sizes=\"auto, (max-width: 505px) 100vw, 505px\" \/><\/a><\/p>\n<h5><span style=\"font-size: 14pt; color: #000000;\"><strong>\ud83e\udde5 \u00bb Versatilidad con capucha extra\u00edble \ud83e\udde4<\/strong><\/span><\/h5>\n<p><span style=\"font-size: 14pt; color: #000000;\">Adapta tu nivel de protecci\u00f3n con nuestra capucha desmontable. F\u00e1cil de poner o quitar, a\u00f1ade una capa extra de calor para mantener la cabeza y las orejas calentitas, a la vez que te permite cambiar de estilo para adaptarte a las condiciones. <\/span><\/p>\n<p><a href=\"http:\/\/shopvalley.fr\/wp-content\/uploads\/2023\/12\/Veste_Chauffante_Capuche-20.jpg\"><img loading=\"lazy\" decoding=\"async\" class=\"aligncenter wp-image-25077\" src=\"http:\/\/shopvalley.fr\/wp-content\/uploads\/2023\/12\/Veste_Chauffante_Capuche-20.jpg\" alt=\"Chaqueta calefactada USB con capucha y mangas largas\" width=\"508\" height=\"509\" srcset=\"https:\/\/shopvalley.fr\/wp-content\/uploads\/2023\/12\/Veste_Chauffante_Capuche-20.jpg 1496w, https:\/\/shopvalley.fr\/wp-content\/uploads\/2023\/12\/Veste_Chauffante_Capuche-20-430x430.jpg 430w, https:\/\/shopvalley.fr\/wp-content\/uploads\/2023\/12\/Veste_Chauffante_Capuche-20-150x150.jpg 150w, https:\/\/shopvalley.fr\/wp-content\/uploads\/2023\/12\/Veste_Chauffante_Capuche-20-700x702.jpg 700w, https:\/\/shopvalley.fr\/wp-content\/uploads\/2023\/12\/Veste_Chauffante_Capuche-20-299x300.jpg 299w, https:\/\/shopvalley.fr\/wp-content\/uploads\/2023\/12\/Veste_Chauffante_Capuche-20-798x800.jpg 798w, https:\/\/shopvalley.fr\/wp-content\/uploads\/2023\/12\/Veste_Chauffante_Capuche-20-768x770.jpg 768w, https:\/\/shopvalley.fr\/wp-content\/uploads\/2023\/12\/Veste_Chauffante_Capuche-20-860x860.jpg 860w\" sizes=\"auto, (max-width: 508px) 100vw, 508px\" \/><\/a><\/p>\n<h5><span style=\"font-size: 14pt; color: #000000;\"><strong>\ud83c\udf2c\ufe0f \u00abComodidad transpirable, incluso en invierno\u00bb. \ud83c\udf28\ufe0f<\/strong><\/span><\/h5>\n<p><span style=\"font-size: 14pt; color: #000000;\">Fabricada con material softshell ligero y transpirable, esta Chaqueta T\u00e9rmica USB con Capucha proporciona una excelente resistencia al viento al tiempo que te permite disfrutar de un calor excepcional. Incluso en climas fr\u00edos, mantente caliente sin comprometer tu comodidad. <\/span><\/p>\n<p><a href=\"http:\/\/shopvalley.fr\/wp-content\/uploads\/2023\/12\/Veste_Chauffante_Capuche-21.jpg\"><img loading=\"lazy\" decoding=\"async\" class=\"aligncenter wp-image-25078\" src=\"http:\/\/shopvalley.fr\/wp-content\/uploads\/2023\/12\/Veste_Chauffante_Capuche-21.jpg\" alt=\"Chaqueta calefactada USB con capucha y mangas largas\" width=\"547\" height=\"555\" srcset=\"https:\/\/shopvalley.fr\/wp-content\/uploads\/2023\/12\/Veste_Chauffante_Capuche-21.jpg 1479w, https:\/\/shopvalley.fr\/wp-content\/uploads\/2023\/12\/Veste_Chauffante_Capuche-21-150x152.jpg 150w, https:\/\/shopvalley.fr\/wp-content\/uploads\/2023\/12\/Veste_Chauffante_Capuche-21-700x710.jpg 700w, https:\/\/shopvalley.fr\/wp-content\/uploads\/2023\/12\/Veste_Chauffante_Capuche-21-296x300.jpg 296w, https:\/\/shopvalley.fr\/wp-content\/uploads\/2023\/12\/Veste_Chauffante_Capuche-21-789x800.jpg 789w, https:\/\/shopvalley.fr\/wp-content\/uploads\/2023\/12\/Veste_Chauffante_Capuche-21-768x779.jpg 768w\" sizes=\"auto, (max-width: 547px) 100vw, 547px\" \/><\/a><\/p>\n<h5><span style=\"font-size: 14pt; color: #000000;\"><strong>\ud83d\udd0d \u00abCalor dirigido de 8 zonas \ud83c\udfaf<\/strong><\/span><\/h5>\n<p><span style=\"font-size: 14pt; color: #000000;\">La tecnolog\u00eda de fibra de carbono crea 8 zonas de calor, dirigidas a zonas clave como el abdomen, la cintura, la espalda y el cuello. Ahora puedes decir adi\u00f3s a los escalofr\u00edos con un calor uniforme y personalizado. <\/span><\/p>\n<p>&nbsp;<\/p>\n<p><a href=\"http:\/\/shopvalley.fr\/wp-content\/uploads\/2023\/12\/af1fdefc-b6ca-4e8a-b7da-305ca503a97a-1.jpg\"><img loading=\"lazy\" decoding=\"async\" class=\"aligncenter wp-image-25037\" src=\"http:\/\/shopvalley.fr\/wp-content\/uploads\/2023\/12\/af1fdefc-b6ca-4e8a-b7da-305ca503a97a-1.jpg\" alt=\"\" width=\"491\" height=\"491\" srcset=\"https:\/\/shopvalley.fr\/wp-content\/uploads\/2023\/12\/af1fdefc-b6ca-4e8a-b7da-305ca503a97a-1.jpg 800w, https:\/\/shopvalley.fr\/wp-content\/uploads\/2023\/12\/af1fdefc-b6ca-4e8a-b7da-305ca503a97a-1-430x430.jpg 430w, https:\/\/shopvalley.fr\/wp-content\/uploads\/2023\/12\/af1fdefc-b6ca-4e8a-b7da-305ca503a97a-1-150x150.jpg 150w, https:\/\/shopvalley.fr\/wp-content\/uploads\/2023\/12\/af1fdefc-b6ca-4e8a-b7da-305ca503a97a-1-700x700.jpg 700w, https:\/\/shopvalley.fr\/wp-content\/uploads\/2023\/12\/af1fdefc-b6ca-4e8a-b7da-305ca503a97a-1-300x300.jpg 300w, https:\/\/shopvalley.fr\/wp-content\/uploads\/2023\/12\/af1fdefc-b6ca-4e8a-b7da-305ca503a97a-1-768x768.jpg 768w\" sizes=\"auto, (max-width: 491px) 100vw, 491px\" \/><\/a><\/p>\n<p><a href=\"http:\/\/shopvalley.fr\/wp-content\/uploads\/2023\/12\/Veste-Chauffante.webp\"><img loading=\"lazy\" decoding=\"async\" class=\"aligncenter wp-image-25932\" src=\"http:\/\/shopvalley.fr\/wp-content\/uploads\/2023\/12\/Veste-Chauffante.webp\" alt=\"\" width=\"519\" height=\"519\" srcset=\"https:\/\/shopvalley.fr\/wp-content\/uploads\/2023\/12\/Veste-Chauffante.webp 750w, https:\/\/shopvalley.fr\/wp-content\/uploads\/2023\/12\/Veste-Chauffante-430x430.webp 430w, https:\/\/shopvalley.fr\/wp-content\/uploads\/2023\/12\/Veste-Chauffante-150x150.webp 150w, https:\/\/shopvalley.fr\/wp-content\/uploads\/2023\/12\/Veste-Chauffante-700x700.webp 700w, https:\/\/shopvalley.fr\/wp-content\/uploads\/2023\/12\/Veste-Chauffante-300x300.webp 300w\" sizes=\"auto, (max-width: 519px) 100vw, 519px\" \/><\/a><\/p>\n<h5><span style=\"font-size: 14pt; color: #000000;\"><span style=\"color: #000000;\"><span style=\"font-size: 14pt;\">Gu\u00eda de tallas \ud83c\udfaf (<\/span><span style=\"font-size: 18.6667px;\">tambi\u00e9n<\/span><span style=\"font-size: 14pt;\"> disponible en la parte superior de la p\u00e1gina)<\/span><\/span><\/span><\/h5>\n<p><span style=\"color: #ff0000;\"><strong><span style=\"font-size: 14pt;\">\ud83d\udca1 \u00a1LEE ATENTAMENTE ESTA GU\u00cdA DE TALLAS!<\/span><\/strong><\/span><\/p>\n<p><a href=\"http:\/\/shopvalley.fr\/wp-content\/uploads\/2023\/12\/Guide_Tailles_Veste.jpg\"><img loading=\"lazy\" decoding=\"async\" class=\"aligncenter wp-image-26348\" src=\"http:\/\/shopvalley.fr\/wp-content\/uploads\/2023\/12\/Guide_Tailles_Veste.jpg\" alt=\"\" width=\"851\" height=\"548\" srcset=\"https:\/\/shopvalley.fr\/wp-content\/uploads\/2023\/12\/Guide_Tailles_Veste.jpg 769w, https:\/\/shopvalley.fr\/wp-content\/uploads\/2023\/12\/Guide_Tailles_Veste-150x97.jpg 150w, https:\/\/shopvalley.fr\/wp-content\/uploads\/2023\/12\/Guide_Tailles_Veste-700x451.jpg 700w, https:\/\/shopvalley.fr\/wp-content\/uploads\/2023\/12\/Guide_Tailles_Veste-400x257.jpg 400w\" sizes=\"auto, (max-width: 851px) 100vw, 851px\" \/><\/a><\/p>\n<p><strong><span style=\"font-size: 15pt; color: #000000;\">\ud83d\udd25 Descubre nuestras otras prendas de abrigo para mantenerte caliente todo el invierno \ud83d\udd25 :<\/span><\/strong><\/p>\n<p><strong><span style=\"color: #1e73be;\"><a style=\"color: #1e73be;\" href=\"https:\/\/shopvalley.fr\/produit\/semelles-chauffantes-rechargeables-hotfeet\/\"><span style=\"font-size: 15pt;\"><u>Plantillas t\u00e9rmicas USB<\/u><\/span><\/a><\/span><\/strong><\/p>\n<p><strong><span style=\"color: #1e73be;\"><a style=\"color: #1e73be;\" href=\"https:\/\/shopvalley.fr\/produit\/gilet-chauffant-usb\/\"><span style=\"font-size: 15pt;\"><u>Chaleco Calentador USB<\/u><\/span><\/a><\/span><\/strong><\/p>\n<p><strong><span style=\"color: #1e73be;\"><a style=\"color: #1e73be;\" href=\"https:\/\/shopvalley.fr\/produit\/gants-chauffants-hiver-usb\/\"><span style=\"font-size: 15pt;\"><u>Guantes calefactados USB<\/u><\/span><\/a><\/span><\/strong><\/p>\n","protected":false},"excerpt":{"rendered":"<p><span style=\"font-size: 14pt; color: #000000;\">Calor a la carta, \u00a1dondequiera que vayas!<\/span><\/p>\n","protected":false},"featured_media":39946,"comment_status":"closed","ping_status":"closed","template":"","meta":[],"product_brand":[],"product_cat":[1012,1085],"product_tag":[1038,990],"class_list":{"0":"post-40674","1":"product","2":"type-product","3":"status-publish","4":"has-post-thumbnail","6":"product_cat-ropa","7":"product_cat-shopping_es-es","8":"product_tag-calefaccion","9":"product_tag-noflash-es","11":"first","12":"instock","13":"sale","14":"taxable","15":"shipping-taxable","16":"purchasable","17":"product-type-variable","18":"has-default-attributes"},"yoast_head":"<!-- This site is optimized with the Yoast SEO plugin v27.4 - https:\/\/yoast.com\/product\/yoast-seo-wordpress\/ -->\n<title>Chaqueta calefactada USB con capucha y mangas largas - ShopValley<\/title>\n<meta name=\"description\" content=\"Descubre nuestra Chaqueta de Calentamiento USB con Capucha y Mangas Largas, dise\u00f1ada con meticulosos detalles para retener el calor sin comprometer el estilo\" \/>\n<meta name=\"robots\" content=\"index, follow, max-snippet:-1, max-image-preview:large, max-video-preview:-1\" \/>\n<link rel=\"canonical\" href=\"https:\/\/shopvalley.fr\/es\/produit\/chaqueta-calefactada-usb-con-capucha-y-mangas-largas\/\" \/>\n<meta property=\"og:locale\" content=\"es_ES\" \/>\n<meta property=\"og:type\" content=\"article\" \/>\n<meta property=\"og:title\" content=\"Chaqueta calefactada USB con capucha y mangas largas - ShopValley\" \/>\n<meta property=\"og:description\" content=\"Descubre nuestra Chaqueta de Calentamiento USB con Capucha y Mangas Largas, dise\u00f1ada con meticulosos detalles para retener el calor sin comprometer el estilo\" \/>\n<meta property=\"og:url\" content=\"https:\/\/shopvalley.fr\/es\/produit\/chaqueta-calefactada-usb-con-capucha-y-mangas-largas\/\" \/>\n<meta property=\"og:site_name\" content=\"ShopValley\" \/>\n<meta property=\"article:modified_time\" content=\"2025-11-18T19:55:48+00:00\" \/>\n<meta property=\"og:image\" content=\"http:\/\/shopvalley.fr\/wp-content\/uploads\/2024\/05\/Veste_Chauffante_Capuche-245.jpg\" \/>\n\t<meta property=\"og:image:width\" content=\"646\" \/>\n\t<meta property=\"og:image:height\" content=\"642\" \/>\n\t<meta property=\"og:image:type\" content=\"image\/jpeg\" \/>\n<script type=\"application\/ld+json\" class=\"yoast-schema-graph\">{\"@context\":\"https:\\\/\\\/schema.org\",\"@graph\":[{\"@type\":\"WebPage\",\"@id\":\"https:\\\/\\\/shopvalley.fr\\\/es\\\/produit\\\/chaqueta-calefactada-usb-con-capucha-y-mangas-largas\\\/\",\"url\":\"https:\\\/\\\/shopvalley.fr\\\/es\\\/produit\\\/chaqueta-calefactada-usb-con-capucha-y-mangas-largas\\\/\",\"name\":\"Chaqueta calefactada USB con capucha y mangas largas - ShopValley\",\"isPartOf\":{\"@id\":\"https:\\\/\\\/shopvalley.fr\\\/es\\\/#website\"},\"primaryImageOfPage\":{\"@id\":\"https:\\\/\\\/shopvalley.fr\\\/es\\\/produit\\\/chaqueta-calefactada-usb-con-capucha-y-mangas-largas\\\/#primaryimage\"},\"image\":{\"@id\":\"https:\\\/\\\/shopvalley.fr\\\/es\\\/produit\\\/chaqueta-calefactada-usb-con-capucha-y-mangas-largas\\\/#primaryimage\"},\"thumbnailUrl\":\"https:\\\/\\\/shopvalley.fr\\\/wp-content\\\/uploads\\\/2024\\\/05\\\/Veste_Chauffante_Capuche-245.jpg\",\"datePublished\":\"2023-12-17T10:50:50+00:00\",\"dateModified\":\"2025-11-18T19:55:48+00:00\",\"description\":\"Descubre nuestra Chaqueta de Calentamiento USB con Capucha y Mangas Largas, dise\u00f1ada con meticulosos detalles para retener el calor sin comprometer el estilo\",\"breadcrumb\":{\"@id\":\"https:\\\/\\\/shopvalley.fr\\\/es\\\/produit\\\/chaqueta-calefactada-usb-con-capucha-y-mangas-largas\\\/#breadcrumb\"},\"inLanguage\":\"es\",\"potentialAction\":[{\"@type\":\"ReadAction\",\"target\":[\"https:\\\/\\\/shopvalley.fr\\\/es\\\/produit\\\/chaqueta-calefactada-usb-con-capucha-y-mangas-largas\\\/\"]}]},{\"@type\":\"ImageObject\",\"inLanguage\":\"es\",\"@id\":\"https:\\\/\\\/shopvalley.fr\\\/es\\\/produit\\\/chaqueta-calefactada-usb-con-capucha-y-mangas-largas\\\/#primaryimage\",\"url\":\"https:\\\/\\\/shopvalley.fr\\\/wp-content\\\/uploads\\\/2024\\\/05\\\/Veste_Chauffante_Capuche-245.jpg\",\"contentUrl\":\"https:\\\/\\\/shopvalley.fr\\\/wp-content\\\/uploads\\\/2024\\\/05\\\/Veste_Chauffante_Capuche-245.jpg\",\"width\":646,\"height\":642},{\"@type\":\"BreadcrumbList\",\"@id\":\"https:\\\/\\\/shopvalley.fr\\\/es\\\/produit\\\/chaqueta-calefactada-usb-con-capucha-y-mangas-largas\\\/#breadcrumb\",\"itemListElement\":[{\"@type\":\"ListItem\",\"position\":1,\"name\":\"Accueil\",\"item\":\"https:\\\/\\\/shopvalley.fr\\\/es\\\/\"},{\"@type\":\"ListItem\",\"position\":2,\"name\":\"Todos los productos\",\"item\":\"https:\\\/\\\/shopvalley.fr\\\/es\\\/todos-los-productos\\\/\"},{\"@type\":\"ListItem\",\"position\":3,\"name\":\"Ropa\",\"item\":\"https:\\\/\\\/shopvalley.fr\\\/es\\\/categorie-produit\\\/ropa\\\/\"},{\"@type\":\"ListItem\",\"position\":4,\"name\":\"Chaqueta calefactada USB con capucha y mangas largas\"}]},{\"@type\":\"WebSite\",\"@id\":\"https:\\\/\\\/shopvalley.fr\\\/es\\\/#website\",\"url\":\"https:\\\/\\\/shopvalley.fr\\\/es\\\/\",\"name\":\"ShopValley\",\"description\":\"\u00a1Productos de moda a precios bajos!\",\"publisher\":{\"@id\":\"https:\\\/\\\/shopvalley.fr\\\/es\\\/#organization\"},\"potentialAction\":[{\"@type\":\"SearchAction\",\"target\":{\"@type\":\"EntryPoint\",\"urlTemplate\":\"https:\\\/\\\/shopvalley.fr\\\/es\\\/?s={search_term_string}\"},\"query-input\":{\"@type\":\"PropertyValueSpecification\",\"valueRequired\":true,\"valueName\":\"search_term_string\"}}],\"inLanguage\":\"es\"},{\"@type\":\"Organization\",\"@id\":\"https:\\\/\\\/shopvalley.fr\\\/es\\\/#organization\",\"name\":\"Shopvalley\",\"url\":\"https:\\\/\\\/shopvalley.fr\\\/es\\\/\",\"logo\":{\"@type\":\"ImageObject\",\"inLanguage\":\"es\",\"@id\":\"https:\\\/\\\/shopvalley.fr\\\/es\\\/#\\\/schema\\\/logo\\\/image\\\/\",\"url\":\"https:\\\/\\\/shopvalley.fr\\\/wp-content\\\/uploads\\\/2023\\\/11\\\/cropped-Copie-de-Logo-ShopValley-500-x-500-px-1.png\",\"contentUrl\":\"https:\\\/\\\/shopvalley.fr\\\/wp-content\\\/uploads\\\/2023\\\/11\\\/cropped-Copie-de-Logo-ShopValley-500-x-500-px-1.png\",\"width\":512,\"height\":512,\"caption\":\"Shopvalley\"},\"image\":{\"@id\":\"https:\\\/\\\/shopvalley.fr\\\/es\\\/#\\\/schema\\\/logo\\\/image\\\/\"}}]}<\/script>\n<!-- \/ Yoast SEO plugin. -->","yoast_head_json":{"title":"Chaqueta calefactada USB con capucha y mangas largas - ShopValley","description":"Descubre nuestra Chaqueta de Calentamiento USB con Capucha y Mangas Largas, dise\u00f1ada con meticulosos detalles para retener el calor sin comprometer el estilo","robots":{"index":"index","follow":"follow","max-snippet":"max-snippet:-1","max-image-preview":"max-image-preview:large","max-video-preview":"max-video-preview:-1"},"canonical":"https:\/\/shopvalley.fr\/es\/produit\/chaqueta-calefactada-usb-con-capucha-y-mangas-largas\/","og_locale":"es_ES","og_type":"article","og_title":"Chaqueta calefactada USB con capucha y mangas largas - ShopValley","og_description":"Descubre nuestra Chaqueta de Calentamiento USB con Capucha y Mangas Largas, dise\u00f1ada con meticulosos detalles para retener el calor sin comprometer el estilo","og_url":"https:\/\/shopvalley.fr\/es\/produit\/chaqueta-calefactada-usb-con-capucha-y-mangas-largas\/","og_site_name":"ShopValley","article_modified_time":"2025-11-18T19:55:48+00:00","og_image":[{"width":646,"height":642,"url":"http:\/\/shopvalley.fr\/wp-content\/uploads\/2024\/05\/Veste_Chauffante_Capuche-245.jpg","type":"image\/jpeg"}],"schema":{"@context":"https:\/\/schema.org","@graph":[{"@type":"WebPage","@id":"https:\/\/shopvalley.fr\/es\/produit\/chaqueta-calefactada-usb-con-capucha-y-mangas-largas\/","url":"https:\/\/shopvalley.fr\/es\/produit\/chaqueta-calefactada-usb-con-capucha-y-mangas-largas\/","name":"Chaqueta calefactada USB con capucha y mangas largas - ShopValley","isPartOf":{"@id":"https:\/\/shopvalley.fr\/es\/#website"},"primaryImageOfPage":{"@id":"https:\/\/shopvalley.fr\/es\/produit\/chaqueta-calefactada-usb-con-capucha-y-mangas-largas\/#primaryimage"},"image":{"@id":"https:\/\/shopvalley.fr\/es\/produit\/chaqueta-calefactada-usb-con-capucha-y-mangas-largas\/#primaryimage"},"thumbnailUrl":"https:\/\/shopvalley.fr\/wp-content\/uploads\/2024\/05\/Veste_Chauffante_Capuche-245.jpg","datePublished":"2023-12-17T10:50:50+00:00","dateModified":"2025-11-18T19:55:48+00:00","description":"Descubre nuestra Chaqueta de Calentamiento USB con Capucha y Mangas Largas, dise\u00f1ada con meticulosos detalles para retener el calor sin comprometer el estilo","breadcrumb":{"@id":"https:\/\/shopvalley.fr\/es\/produit\/chaqueta-calefactada-usb-con-capucha-y-mangas-largas\/#breadcrumb"},"inLanguage":"es","potentialAction":[{"@type":"ReadAction","target":["https:\/\/shopvalley.fr\/es\/produit\/chaqueta-calefactada-usb-con-capucha-y-mangas-largas\/"]}]},{"@type":"ImageObject","inLanguage":"es","@id":"https:\/\/shopvalley.fr\/es\/produit\/chaqueta-calefactada-usb-con-capucha-y-mangas-largas\/#primaryimage","url":"https:\/\/shopvalley.fr\/wp-content\/uploads\/2024\/05\/Veste_Chauffante_Capuche-245.jpg","contentUrl":"https:\/\/shopvalley.fr\/wp-content\/uploads\/2024\/05\/Veste_Chauffante_Capuche-245.jpg","width":646,"height":642},{"@type":"BreadcrumbList","@id":"https:\/\/shopvalley.fr\/es\/produit\/chaqueta-calefactada-usb-con-capucha-y-mangas-largas\/#breadcrumb","itemListElement":[{"@type":"ListItem","position":1,"name":"Accueil","item":"https:\/\/shopvalley.fr\/es\/"},{"@type":"ListItem","position":2,"name":"Todos los productos","item":"https:\/\/shopvalley.fr\/es\/todos-los-productos\/"},{"@type":"ListItem","position":3,"name":"Ropa","item":"https:\/\/shopvalley.fr\/es\/categorie-produit\/ropa\/"},{"@type":"ListItem","position":4,"name":"Chaqueta calefactada USB con capucha y mangas largas"}]},{"@type":"WebSite","@id":"https:\/\/shopvalley.fr\/es\/#website","url":"https:\/\/shopvalley.fr\/es\/","name":"ShopValley","description":"\u00a1Productos de moda a precios bajos!","publisher":{"@id":"https:\/\/shopvalley.fr\/es\/#organization"},"potentialAction":[{"@type":"SearchAction","target":{"@type":"EntryPoint","urlTemplate":"https:\/\/shopvalley.fr\/es\/?s={search_term_string}"},"query-input":{"@type":"PropertyValueSpecification","valueRequired":true,"valueName":"search_term_string"}}],"inLanguage":"es"},{"@type":"Organization","@id":"https:\/\/shopvalley.fr\/es\/#organization","name":"Shopvalley","url":"https:\/\/shopvalley.fr\/es\/","logo":{"@type":"ImageObject","inLanguage":"es","@id":"https:\/\/shopvalley.fr\/es\/#\/schema\/logo\/image\/","url":"https:\/\/shopvalley.fr\/wp-content\/uploads\/2023\/11\/cropped-Copie-de-Logo-ShopValley-500-x-500-px-1.png","contentUrl":"https:\/\/shopvalley.fr\/wp-content\/uploads\/2023\/11\/cropped-Copie-de-Logo-ShopValley-500-x-500-px-1.png","width":512,"height":512,"caption":"Shopvalley"},"image":{"@id":"https:\/\/shopvalley.fr\/es\/#\/schema\/logo\/image\/"}}]}},"jetpack_sharing_enabled":true,"_links":{"self":[{"href":"https:\/\/shopvalley.fr\/es\/wp-json\/wp\/v2\/product\/40674","targetHints":{"allow":["GET"]}}],"collection":[{"href":"https:\/\/shopvalley.fr\/es\/wp-json\/wp\/v2\/product"}],"about":[{"href":"https:\/\/shopvalley.fr\/es\/wp-json\/wp\/v2\/types\/product"}],"replies":[{"embeddable":true,"href":"https:\/\/shopvalley.fr\/es\/wp-json\/wp\/v2\/comments?post=40674"}],"version-history":[{"count":2,"href":"https:\/\/shopvalley.fr\/es\/wp-json\/wp\/v2\/product\/40674\/revisions"}],"predecessor-version":[{"id":51550,"href":"https:\/\/shopvalley.fr\/es\/wp-json\/wp\/v2\/product\/40674\/revisions\/51550"}],"wp:featuredmedia":[{"embeddable":true,"href":"https:\/\/shopvalley.fr\/es\/wp-json\/wp\/v2\/media\/39946"}],"wp:attachment":[{"href":"https:\/\/shopvalley.fr\/es\/wp-json\/wp\/v2\/media?parent=40674"}],"wp:term":[{"taxonomy":"product_brand","embeddable":true,"href":"https:\/\/shopvalley.fr\/es\/wp-json\/wp\/v2\/product_brand?post=40674"},{"taxonomy":"product_cat","embeddable":true,"href":"https:\/\/shopvalley.fr\/es\/wp-json\/wp\/v2\/product_cat?post=40674"},{"taxonomy":"product_tag","embeddable":true,"href":"https:\/\/shopvalley.fr\/es\/wp-json\/wp\/v2\/product_tag?post=40674"}],"curies":[{"name":"wp","href":"https:\/\/api.w.org\/{rel}","templated":true}]}}