{"id":40668,"date":"2023-12-06T20:47:45","date_gmt":"2023-12-06T19:47:45","guid":{"rendered":"https:\/\/shopvalley.fr\/produit\/plantillas-termicas-recargables-hotfeet\/"},"modified":"2026-02-15T20:54:54","modified_gmt":"2026-02-15T19:54:54","slug":"plantillas-termicas-recargables-hotfeet","status":"publish","type":"product","link":"https:\/\/shopvalley.fr\/es\/produit\/plantillas-termicas-recargables-hotfeet\/","title":{"rendered":"Plantillas t\u00e9rmicas recargables HotFeet"},"content":{"rendered":"<h5><span style=\"font-size: 14pt; color: #000000;\">\ud83d\udd25 <strong>Mant\u00e9n el calor bajo tus pies con HotFeet<\/strong><\/span><\/h5>\n<p><span style=\"font-size: 14pt; color: #000000;\">Descubre lo \u00faltimo en comodidad para el fr\u00edo con nuestras <strong>plantillas t\u00e9rmicas recargables HotFeet<\/strong>. Perfectas para esquiar, hacer senderismo y mucho m\u00e1s, son sencillas y f\u00e1ciles de usar, y te mantienen activo incluso en climas g\u00e9lidos. <\/span><\/p>\n<p><span style=\"color: #000000;\"><a style=\"color: #000000;\" href=\"http:\/\/shopvalley.fr\/wp-content\/uploads\/2023\/12\/Semelles.gif\"><img loading=\"lazy\" decoding=\"async\" class=\"aligncenter size-full wp-image-24856\" src=\"http:\/\/shopvalley.fr\/wp-content\/uploads\/2023\/12\/Semelles.gif\" alt=\"\" width=\"569\" height=\"320\" \/><\/a><\/span><\/p>\n<p>&nbsp;<\/p>\n<p><strong style=\"color: #000000; font-size: 14pt;\">\ud83c\udf3f <span style=\"color: #000000;\">Seguro y transpirable : Calefacci\u00f3n ecol\u00f3gica<\/span><\/strong><\/p>\n<p><span style=\"font-size: 14pt; color: #000000;\">Dise\u00f1adas con materiales seguros y respetuosos con el medio ambiente, nuestras plantillas incorporan tecnolog\u00eda de calentamiento de fibra de carbono de alta eficiencia. La bater\u00eda de pol\u00edmero de litio de alta densidad de 2100 mAh est\u00e1 protegida por una carcasa de acero, que ofrece una gran capacidad de carga sin comprometer la seguridad. <\/span><\/p>\n<p><span style=\"color: #000000;\"><a style=\"color: #000000;\" href=\"http:\/\/shopvalley.fr\/wp-content\/uploads\/2025\/01\/Semelles_Chauffantes_ES-11.jpg\"><img loading=\"lazy\" decoding=\"async\" class=\"aligncenter wp-image-24840\" src=\"http:\/\/shopvalley.fr\/wp-content\/uploads\/2025\/01\/Semelles_Chauffantes_ES-11.jpg\" alt=\"Plantillas t\u00e9rmicas recargables HotFeet\" width=\"482\" height=\"482\" \/><\/a><\/span><\/p>\n<p>&nbsp;<\/p>\n<h5><span style=\"font-size: 14pt; color: #000000;\"><strong>\ud83c\udfae <span style=\"color: #000000;\">Control inal\u00e1mbrico para un confort \u00f3ptimo<\/span><\/strong><\/span><\/h5>\n<p><span style=\"font-size: 14pt; color: #000000;\">Utiliza el mando a distancia inal\u00e1mbrico para maximizar tu confort. Los distintos modos de funcionamiento, controlados por botones espec\u00edficos en el mando a distancia, te permiten ajustar la temperatura a tus necesidades, garantizando una experiencia personalizada. <\/span><\/p>\n<p><span style=\"color: #000000;\"><a style=\"color: #000000;\" href=\"http:\/\/shopvalley.fr\/wp-content\/uploads\/2025\/01\/Semelles_Chauffantes_ES-10.jpg\"><img loading=\"lazy\" decoding=\"async\" class=\"aligncenter wp-image-24853\" src=\"http:\/\/shopvalley.fr\/wp-content\/uploads\/2025\/01\/Semelles_Chauffantes_ES-10.jpg\" alt=\"\" width=\"483\" height=\"483\" \/><\/a><\/span><\/p>\n<h5><span style=\"font-size: 14pt; color: #000000;\"><strong>\u2702\ufe0f <span style=\"color: #000000;\">Corte ajustable para un ajuste perfecto<\/span><\/strong><\/span><\/h5>\n<p><span style=\"font-size: 14pt; color: #000000;\">La l\u00ednea de corte en la superficie de las suelas te permite ajustarlas a la talla de tu zapato, garantizando un ajuste perfecto para las tallas 35 a 40 y 41 a 46.<\/span><\/p>\n<p><span style=\"color: #000000;\"><a style=\"color: #000000;\" href=\"http:\/\/shopvalley.fr\/wp-content\/uploads\/2025\/01\/Semelles_Chauffantes_ES-9.jpg\"><img loading=\"lazy\" decoding=\"async\" class=\"aligncenter wp-image-24848\" src=\"http:\/\/shopvalley.fr\/wp-content\/uploads\/2025\/01\/Semelles_Chauffantes_ES-9.jpg\" alt=\"\" width=\"500\" height=\"500\" \/><\/a><\/span><\/p>\n<h5><span style=\"font-size: 14pt; color: #000000;\"><strong>\ud83c\udf10<span style=\"color: #000000;\"> Amplia aplicaci\u00f3n: mantente caliente en cualquier circunstancia<\/span><\/strong><\/span><\/h5>\n<p><span style=\"font-size: 14pt; color: #000000;\">Ideales para actividades al aire libre como esqu\u00ed, senderismo, pesca y ciclismo, estas plantillas te protegen del fr\u00edo. Ya sea en casa, al aire libre o en el trabajo, son el accesorio definitivo para hacer frente a las bajas temperaturas. <\/span><\/p>\n<p><span style=\"color: #000000;\"><a style=\"color: #000000;\" href=\"http:\/\/shopvalley.fr\/wp-content\/uploads\/2023\/12\/Semelles_Chauffantes-17.jpg\"><img loading=\"lazy\" decoding=\"async\" class=\"aligncenter wp-image-24844\" src=\"http:\/\/shopvalley.fr\/wp-content\/uploads\/2023\/12\/Semelles_Chauffantes-17.jpg\" alt=\"\" width=\"479\" height=\"478\" srcset=\"https:\/\/shopvalley.fr\/wp-content\/uploads\/2023\/12\/Semelles_Chauffantes-17.jpg 955w, https:\/\/shopvalley.fr\/wp-content\/uploads\/2023\/12\/Semelles_Chauffantes-17-430x430.jpg 430w, https:\/\/shopvalley.fr\/wp-content\/uploads\/2023\/12\/Semelles_Chauffantes-17-150x150.jpg 150w, https:\/\/shopvalley.fr\/wp-content\/uploads\/2023\/12\/Semelles_Chauffantes-17-700x699.jpg 700w, https:\/\/shopvalley.fr\/wp-content\/uploads\/2023\/12\/Semelles_Chauffantes-17-300x300.jpg 300w, https:\/\/shopvalley.fr\/wp-content\/uploads\/2023\/12\/Semelles_Chauffantes-17-801x800.jpg 801w, https:\/\/shopvalley.fr\/wp-content\/uploads\/2023\/12\/Semelles_Chauffantes-17-768x767.jpg 768w, https:\/\/shopvalley.fr\/wp-content\/uploads\/2023\/12\/Semelles_Chauffantes-17-860x860.jpg 860w\" sizes=\"auto, (max-width: 479px) 100vw, 479px\" \/><\/a><\/span><\/p>\n<h5><span style=\"font-size: 14pt; color: #000000;\"><strong>\ud83c\udf21\ufe0f<span style=\"color: #000000;\"> Temperatura regulable para un confort personalizado<\/span><\/strong><\/span><\/h5>\n<p><span style=\"font-size: 14pt; color: #000000;\">Elige entre el modo de temperatura alta (2-3,5 horas a 53\u2103-60\u2103), el modo de temperatura media (3,5-5,5 horas a 48\u2103-52\u2103) y el modo de temperatura baja (5,5-9 horas a 40\u2103-50\u2103), seg\u00fan las condiciones ambientales y tus necesidades.<\/span><\/p>\n<p><span style=\"color: #000000;\"><a style=\"color: #000000;\" href=\"http:\/\/shopvalley.fr\/wp-content\/uploads\/2025\/01\/Semelles_Chauffantes_ES-8.jpg\"><img loading=\"lazy\" decoding=\"async\" class=\"aligncenter wp-image-24838\" src=\"http:\/\/shopvalley.fr\/wp-content\/uploads\/2025\/01\/Semelles_Chauffantes_ES-8.jpg\" alt=\"Plantillas t\u00e9rmicas recargables HotFeet\" width=\"514\" height=\"514\" \/><\/a><\/span><\/p>\n<h5><span style=\"font-size: 14pt; color: #000000;\"><strong>\ud83d\udc63 <span style=\"color: #000000;\">F\u00e1cil manejo y control<\/span><\/strong><\/span><\/h5>\n<p><span style=\"font-size: 14pt; color: #000000;\">F\u00e1cil de usar, basta con pulsar el interruptor de la suela para ajustar la temperatura. El mando a distancia y los botones H, M y L te dan un control total, y una simple pulsaci\u00f3n del bot\u00f3n de apagado lo apaga todo. \u00a1Disfruta de unos pies calientes est\u00e9s donde est\u00e9s! <\/span><\/p>\n<p>&nbsp;<\/p>\n<p>&nbsp;<\/p>\n<p><strong><span style=\"font-size: 15pt; color: #000000;\">\ud83d\udd25 Descubre nuestras otras prendas de abrigo para mantenerte caliente todo el invierno \ud83d\udd25 :<\/span><\/strong><\/p>\n<p><strong><span style=\"color: #1e73be;\"><a style=\"color: #1e73be;\" href=\"https:\/\/shopvalley.fr\/produit\/veste-chauffante-usb-avec-capuche-et-manches-longues\/\"><span style=\"font-size: 15pt;\"><u>Chaqueta c\u00e1lida con capucha y mangas largas<\/u><\/span><\/a><\/span><\/strong><\/p>\n<p><strong><span style=\"color: #1e73be;\"><a style=\"color: #1e73be;\" href=\"https:\/\/shopvalley.fr\/produit\/gilet-chauffant-usb\/\"><span style=\"font-size: 15pt;\"><u>Chaleco Calentador USB<\/u><\/span><\/a><\/span><\/strong><\/p>\n<p><strong><span style=\"color: #1e73be;\"><a style=\"color: #1e73be;\" href=\"https:\/\/shopvalley.fr\/produit\/gants-chauffants-hiver-usb\/\"><span style=\"font-size: 15pt;\"><u>Guantes calefactados USB<\/u><\/span><\/a><\/span><\/strong><\/p>\n","protected":false},"excerpt":{"rendered":"<p><span style=\"font-size: 14pt; color: #000000;\">Descubre lo \u00faltimo en confort para el fr\u00edo <\/span><\/p>\n","protected":false},"featured_media":39062,"comment_status":"closed","ping_status":"closed","template":"","meta":[],"product_brand":[1139],"product_cat":[988,1085],"product_tag":[1038,990],"class_list":{"0":"post-40668","1":"product","2":"type-product","3":"status-publish","4":"has-post-thumbnail","6":"product_brand-shopvalley","7":"product_cat-accesorios","8":"product_cat-shopping_es-es","9":"product_tag-calefaccion","10":"product_tag-noflash-es","12":"first","13":"instock","14":"sale","15":"taxable","16":"shipping-taxable","17":"purchasable","18":"product-type-variable","19":"has-default-attributes"},"yoast_head":"<!-- This site is optimized with the Yoast SEO plugin v27.4 - https:\/\/yoast.com\/product\/yoast-seo-wordpress\/ -->\n<title>Plantillas t\u00e9rmicas recargables HotFeet - ShopValley<\/title>\n<meta name=\"description\" content=\"Descubre lo \u00faltimo en comodidad para el fr\u00edo con nuestras plantillas t\u00e9rmicas recargables HotFeet. Perfectas para esquiar, hacer senderismo y mucho m\u00e1s,\" \/>\n<meta name=\"robots\" content=\"index, follow, max-snippet:-1, max-image-preview:large, max-video-preview:-1\" \/>\n<link rel=\"canonical\" href=\"https:\/\/shopvalley.fr\/es\/produit\/plantillas-termicas-recargables-hotfeet\/\" \/>\n<meta property=\"og:locale\" content=\"es_ES\" \/>\n<meta property=\"og:type\" content=\"article\" \/>\n<meta property=\"og:title\" content=\"Plantillas t\u00e9rmicas recargables HotFeet - ShopValley\" \/>\n<meta property=\"og:description\" content=\"Descubre lo \u00faltimo en comodidad para el fr\u00edo con nuestras plantillas t\u00e9rmicas recargables HotFeet. Perfectas para esquiar, hacer senderismo y mucho m\u00e1s,\" \/>\n<meta property=\"og:url\" content=\"https:\/\/shopvalley.fr\/es\/produit\/plantillas-termicas-recargables-hotfeet\/\" \/>\n<meta property=\"og:site_name\" content=\"ShopValley\" \/>\n<meta property=\"article:modified_time\" content=\"2026-02-15T19:54:54+00:00\" \/>\n<meta property=\"og:image\" content=\"http:\/\/shopvalley.fr\/wp-content\/uploads\/2023\/12\/Semelles_Chauffantes-12.jpg\" \/>\n\t<meta property=\"og:image:width\" content=\"1002\" \/>\n\t<meta property=\"og:image:height\" content=\"985\" \/>\n\t<meta property=\"og:image:type\" content=\"image\/jpeg\" \/>\n<script type=\"application\/ld+json\" class=\"yoast-schema-graph\">{\"@context\":\"https:\\\/\\\/schema.org\",\"@graph\":[{\"@type\":\"WebPage\",\"@id\":\"https:\\\/\\\/shopvalley.fr\\\/es\\\/produit\\\/plantillas-termicas-recargables-hotfeet\\\/\",\"url\":\"https:\\\/\\\/shopvalley.fr\\\/es\\\/produit\\\/plantillas-termicas-recargables-hotfeet\\\/\",\"name\":\"Plantillas t\u00e9rmicas recargables HotFeet - ShopValley\",\"isPartOf\":{\"@id\":\"https:\\\/\\\/shopvalley.fr\\\/es\\\/#website\"},\"primaryImageOfPage\":{\"@id\":\"https:\\\/\\\/shopvalley.fr\\\/es\\\/produit\\\/plantillas-termicas-recargables-hotfeet\\\/#primaryimage\"},\"image\":{\"@id\":\"https:\\\/\\\/shopvalley.fr\\\/es\\\/produit\\\/plantillas-termicas-recargables-hotfeet\\\/#primaryimage\"},\"thumbnailUrl\":\"https:\\\/\\\/shopvalley.fr\\\/wp-content\\\/uploads\\\/2023\\\/12\\\/Semelles_Chauffantes-12.jpg\",\"datePublished\":\"2023-12-06T19:47:45+00:00\",\"dateModified\":\"2026-02-15T19:54:54+00:00\",\"description\":\"Descubre lo \u00faltimo en comodidad para el fr\u00edo con nuestras plantillas t\u00e9rmicas recargables HotFeet. Perfectas para esquiar, hacer senderismo y mucho m\u00e1s,\",\"breadcrumb\":{\"@id\":\"https:\\\/\\\/shopvalley.fr\\\/es\\\/produit\\\/plantillas-termicas-recargables-hotfeet\\\/#breadcrumb\"},\"inLanguage\":\"es\",\"potentialAction\":[{\"@type\":\"ReadAction\",\"target\":[\"https:\\\/\\\/shopvalley.fr\\\/es\\\/produit\\\/plantillas-termicas-recargables-hotfeet\\\/\"]}]},{\"@type\":\"ImageObject\",\"inLanguage\":\"es\",\"@id\":\"https:\\\/\\\/shopvalley.fr\\\/es\\\/produit\\\/plantillas-termicas-recargables-hotfeet\\\/#primaryimage\",\"url\":\"https:\\\/\\\/shopvalley.fr\\\/wp-content\\\/uploads\\\/2023\\\/12\\\/Semelles_Chauffantes-12.jpg\",\"contentUrl\":\"https:\\\/\\\/shopvalley.fr\\\/wp-content\\\/uploads\\\/2023\\\/12\\\/Semelles_Chauffantes-12.jpg\",\"width\":1002,\"height\":985},{\"@type\":\"BreadcrumbList\",\"@id\":\"https:\\\/\\\/shopvalley.fr\\\/es\\\/produit\\\/plantillas-termicas-recargables-hotfeet\\\/#breadcrumb\",\"itemListElement\":[{\"@type\":\"ListItem\",\"position\":1,\"name\":\"Accueil\",\"item\":\"https:\\\/\\\/shopvalley.fr\\\/es\\\/\"},{\"@type\":\"ListItem\",\"position\":2,\"name\":\"Todos los productos\",\"item\":\"https:\\\/\\\/shopvalley.fr\\\/es\\\/todos-los-productos\\\/\"},{\"@type\":\"ListItem\",\"position\":3,\"name\":\"Accesorios\",\"item\":\"https:\\\/\\\/shopvalley.fr\\\/es\\\/categorie-produit\\\/accesorios\\\/\"},{\"@type\":\"ListItem\",\"position\":4,\"name\":\"Plantillas t\u00e9rmicas recargables HotFeet\"}]},{\"@type\":\"WebSite\",\"@id\":\"https:\\\/\\\/shopvalley.fr\\\/es\\\/#website\",\"url\":\"https:\\\/\\\/shopvalley.fr\\\/es\\\/\",\"name\":\"ShopValley\",\"description\":\"\u00a1Productos de moda a precios bajos!\",\"publisher\":{\"@id\":\"https:\\\/\\\/shopvalley.fr\\\/es\\\/#organization\"},\"potentialAction\":[{\"@type\":\"SearchAction\",\"target\":{\"@type\":\"EntryPoint\",\"urlTemplate\":\"https:\\\/\\\/shopvalley.fr\\\/es\\\/?s={search_term_string}\"},\"query-input\":{\"@type\":\"PropertyValueSpecification\",\"valueRequired\":true,\"valueName\":\"search_term_string\"}}],\"inLanguage\":\"es\"},{\"@type\":\"Organization\",\"@id\":\"https:\\\/\\\/shopvalley.fr\\\/es\\\/#organization\",\"name\":\"Shopvalley\",\"url\":\"https:\\\/\\\/shopvalley.fr\\\/es\\\/\",\"logo\":{\"@type\":\"ImageObject\",\"inLanguage\":\"es\",\"@id\":\"https:\\\/\\\/shopvalley.fr\\\/es\\\/#\\\/schema\\\/logo\\\/image\\\/\",\"url\":\"https:\\\/\\\/shopvalley.fr\\\/wp-content\\\/uploads\\\/2023\\\/11\\\/cropped-Copie-de-Logo-ShopValley-500-x-500-px-1.png\",\"contentUrl\":\"https:\\\/\\\/shopvalley.fr\\\/wp-content\\\/uploads\\\/2023\\\/11\\\/cropped-Copie-de-Logo-ShopValley-500-x-500-px-1.png\",\"width\":512,\"height\":512,\"caption\":\"Shopvalley\"},\"image\":{\"@id\":\"https:\\\/\\\/shopvalley.fr\\\/es\\\/#\\\/schema\\\/logo\\\/image\\\/\"}}]}<\/script>\n<!-- \/ Yoast SEO plugin. -->","yoast_head_json":{"title":"Plantillas t\u00e9rmicas recargables HotFeet - ShopValley","description":"Descubre lo \u00faltimo en comodidad para el fr\u00edo con nuestras plantillas t\u00e9rmicas recargables HotFeet. Perfectas para esquiar, hacer senderismo y mucho m\u00e1s,","robots":{"index":"index","follow":"follow","max-snippet":"max-snippet:-1","max-image-preview":"max-image-preview:large","max-video-preview":"max-video-preview:-1"},"canonical":"https:\/\/shopvalley.fr\/es\/produit\/plantillas-termicas-recargables-hotfeet\/","og_locale":"es_ES","og_type":"article","og_title":"Plantillas t\u00e9rmicas recargables HotFeet - ShopValley","og_description":"Descubre lo \u00faltimo en comodidad para el fr\u00edo con nuestras plantillas t\u00e9rmicas recargables HotFeet. Perfectas para esquiar, hacer senderismo y mucho m\u00e1s,","og_url":"https:\/\/shopvalley.fr\/es\/produit\/plantillas-termicas-recargables-hotfeet\/","og_site_name":"ShopValley","article_modified_time":"2026-02-15T19:54:54+00:00","og_image":[{"width":1002,"height":985,"url":"http:\/\/shopvalley.fr\/wp-content\/uploads\/2023\/12\/Semelles_Chauffantes-12.jpg","type":"image\/jpeg"}],"schema":{"@context":"https:\/\/schema.org","@graph":[{"@type":"WebPage","@id":"https:\/\/shopvalley.fr\/es\/produit\/plantillas-termicas-recargables-hotfeet\/","url":"https:\/\/shopvalley.fr\/es\/produit\/plantillas-termicas-recargables-hotfeet\/","name":"Plantillas t\u00e9rmicas recargables HotFeet - ShopValley","isPartOf":{"@id":"https:\/\/shopvalley.fr\/es\/#website"},"primaryImageOfPage":{"@id":"https:\/\/shopvalley.fr\/es\/produit\/plantillas-termicas-recargables-hotfeet\/#primaryimage"},"image":{"@id":"https:\/\/shopvalley.fr\/es\/produit\/plantillas-termicas-recargables-hotfeet\/#primaryimage"},"thumbnailUrl":"https:\/\/shopvalley.fr\/wp-content\/uploads\/2023\/12\/Semelles_Chauffantes-12.jpg","datePublished":"2023-12-06T19:47:45+00:00","dateModified":"2026-02-15T19:54:54+00:00","description":"Descubre lo \u00faltimo en comodidad para el fr\u00edo con nuestras plantillas t\u00e9rmicas recargables HotFeet. Perfectas para esquiar, hacer senderismo y mucho m\u00e1s,","breadcrumb":{"@id":"https:\/\/shopvalley.fr\/es\/produit\/plantillas-termicas-recargables-hotfeet\/#breadcrumb"},"inLanguage":"es","potentialAction":[{"@type":"ReadAction","target":["https:\/\/shopvalley.fr\/es\/produit\/plantillas-termicas-recargables-hotfeet\/"]}]},{"@type":"ImageObject","inLanguage":"es","@id":"https:\/\/shopvalley.fr\/es\/produit\/plantillas-termicas-recargables-hotfeet\/#primaryimage","url":"https:\/\/shopvalley.fr\/wp-content\/uploads\/2023\/12\/Semelles_Chauffantes-12.jpg","contentUrl":"https:\/\/shopvalley.fr\/wp-content\/uploads\/2023\/12\/Semelles_Chauffantes-12.jpg","width":1002,"height":985},{"@type":"BreadcrumbList","@id":"https:\/\/shopvalley.fr\/es\/produit\/plantillas-termicas-recargables-hotfeet\/#breadcrumb","itemListElement":[{"@type":"ListItem","position":1,"name":"Accueil","item":"https:\/\/shopvalley.fr\/es\/"},{"@type":"ListItem","position":2,"name":"Todos los productos","item":"https:\/\/shopvalley.fr\/es\/todos-los-productos\/"},{"@type":"ListItem","position":3,"name":"Accesorios","item":"https:\/\/shopvalley.fr\/es\/categorie-produit\/accesorios\/"},{"@type":"ListItem","position":4,"name":"Plantillas t\u00e9rmicas recargables HotFeet"}]},{"@type":"WebSite","@id":"https:\/\/shopvalley.fr\/es\/#website","url":"https:\/\/shopvalley.fr\/es\/","name":"ShopValley","description":"\u00a1Productos de moda a precios bajos!","publisher":{"@id":"https:\/\/shopvalley.fr\/es\/#organization"},"potentialAction":[{"@type":"SearchAction","target":{"@type":"EntryPoint","urlTemplate":"https:\/\/shopvalley.fr\/es\/?s={search_term_string}"},"query-input":{"@type":"PropertyValueSpecification","valueRequired":true,"valueName":"search_term_string"}}],"inLanguage":"es"},{"@type":"Organization","@id":"https:\/\/shopvalley.fr\/es\/#organization","name":"Shopvalley","url":"https:\/\/shopvalley.fr\/es\/","logo":{"@type":"ImageObject","inLanguage":"es","@id":"https:\/\/shopvalley.fr\/es\/#\/schema\/logo\/image\/","url":"https:\/\/shopvalley.fr\/wp-content\/uploads\/2023\/11\/cropped-Copie-de-Logo-ShopValley-500-x-500-px-1.png","contentUrl":"https:\/\/shopvalley.fr\/wp-content\/uploads\/2023\/11\/cropped-Copie-de-Logo-ShopValley-500-x-500-px-1.png","width":512,"height":512,"caption":"Shopvalley"},"image":{"@id":"https:\/\/shopvalley.fr\/es\/#\/schema\/logo\/image\/"}}]}},"jetpack_sharing_enabled":true,"_links":{"self":[{"href":"https:\/\/shopvalley.fr\/es\/wp-json\/wp\/v2\/product\/40668","targetHints":{"allow":["GET"]}}],"collection":[{"href":"https:\/\/shopvalley.fr\/es\/wp-json\/wp\/v2\/product"}],"about":[{"href":"https:\/\/shopvalley.fr\/es\/wp-json\/wp\/v2\/types\/product"}],"replies":[{"embeddable":true,"href":"https:\/\/shopvalley.fr\/es\/wp-json\/wp\/v2\/comments?post=40668"}],"version-history":[{"count":5,"href":"https:\/\/shopvalley.fr\/es\/wp-json\/wp\/v2\/product\/40668\/revisions"}],"predecessor-version":[{"id":51551,"href":"https:\/\/shopvalley.fr\/es\/wp-json\/wp\/v2\/product\/40668\/revisions\/51551"}],"wp:featuredmedia":[{"embeddable":true,"href":"https:\/\/shopvalley.fr\/es\/wp-json\/wp\/v2\/media\/39062"}],"wp:attachment":[{"href":"https:\/\/shopvalley.fr\/es\/wp-json\/wp\/v2\/media?parent=40668"}],"wp:term":[{"taxonomy":"product_brand","embeddable":true,"href":"https:\/\/shopvalley.fr\/es\/wp-json\/wp\/v2\/product_brand?post=40668"},{"taxonomy":"product_cat","embeddable":true,"href":"https:\/\/shopvalley.fr\/es\/wp-json\/wp\/v2\/product_cat?post=40668"},{"taxonomy":"product_tag","embeddable":true,"href":"https:\/\/shopvalley.fr\/es\/wp-json\/wp\/v2\/product_tag?post=40668"}],"curies":[{"name":"wp","href":"https:\/\/api.w.org\/{rel}","templated":true}]}}