{"id":40581,"date":"2023-01-16T20:58:43","date_gmt":"2023-01-16T19:58:43","guid":{"rendered":"https:\/\/shopvalley.fr\/produit\/canaleta-de-realineacion-dental-invisible\/"},"modified":"2026-02-17T23:07:21","modified_gmt":"2026-02-17T22:07:21","slug":"canaleta-de-realineacion-dental-invisible","status":"publish","type":"product","link":"https:\/\/shopvalley.fr\/es\/produit\/canaleta-de-realineacion-dental-invisible\/","title":{"rendered":"Canaleta de realineaci\u00f3n dental invisible"},"content":{"rendered":"<h5><span style=\"font-size: 14pt; color: #000000;\"><strong>Alineaci\u00f3n dental en 3 pasos &#8211; Consigue una sonrisa radiante<\/strong><\/span><\/h5>\n<p><img loading=\"lazy\" decoding=\"async\" class=\"aligncenter wp-image-27413\" src=\"http:\/\/shopvalley.fr\/wp-content\/uploads\/2025\/02\/Gouttiere_Dentaire-2-1.png\" alt=\"\" width=\"435\" height=\"406\" \/><\/p>\n<p>&nbsp;<\/p>\n<ul>\n<li><strong><span style=\"font-size: 14pt; color: #000000;\"><em>Paso 1: Correcci\u00f3n suave para una sonrisa perfecta<\/em><\/span><\/strong><\/li>\n<\/ul>\n<p><span style=\"font-size: 14pt; color: #000000;\">La primera fase de nuestra bandeja de realineaci\u00f3n dental proporciona una correcci\u00f3n primaria suave. Util\u00edzala durante aproximadamente un mes para empezar a ver los resultados. <\/span><\/p>\n<ul>\n<li><strong><span style=\"font-size: 14pt; color: #000000;\"><em>Paso 2: Adaptar y realinear<\/em><\/span><\/strong><\/li>\n<\/ul>\n<p><span style=\"font-size: 14pt; color: #000000;\">Contin\u00faa tu camino hacia una sonrisa perfecta con nuestro segundo paso. Lleva esta boquilla durante 2 \u00f3 3 meses para una adaptaci\u00f3n y correcci\u00f3n a\u00fan m\u00e1s precisas. <\/span><\/p>\n<ul>\n<li><strong><span style=\"font-size: 14pt; color: #000000;\"><em>Paso 3: El paso final hacia una sonrisa deslumbrante<\/em><\/span><\/strong><\/li>\n<\/ul>\n<p><span style=\"font-size: 14pt; color: #000000;\">El tercer y \u00faltimo paso es crucial para maximizar el poder corrector de nuestra boquilla. Util\u00edzalo de 3 a 6 meses para obtener unos resultados \u00f3ptimos y una postcorrecci\u00f3n perfecta. <\/span><\/p>\n<p><span style=\"color: #000000;\"><img loading=\"lazy\" decoding=\"async\" class=\"wp-image-16067 size-full aligncenter\" src=\"http:\/\/shopvalley.fr\/wp-content\/uploads\/2023\/06\/93250_480x480.gif\" alt=\"Canaleta de realineaci\u00f3n dental invisible\" width=\"334\" height=\"334\" \/><\/span><\/p>\n<p><span style=\"color: #000000;\"><img loading=\"lazy\" decoding=\"async\" class=\"wp-image-16064 size-full aligncenter\" src=\"http:\/\/shopvalley.fr\/wp-content\/uploads\/2025\/02\/e8673029387b9a96538d7eecf4f6b617.3etapesdent_0f9ef554-5926-44f1-89ed-f1c7ce4c2ad8_480x480-1.png\" alt=\"\" width=\"480\" height=\"414\" \/> <\/span><\/p>\n<h5><span style=\"font-size: 14pt; color: #000000;\"><strong>C\u00f3modo, flexible y adecuado para todos<\/strong><\/span><\/h5>\n<p><span style=\"font-size: 14pt; color: #000000;\">Fabricada con un material suave y el\u00e1stico llamado TPE, nuestra boquilla se adapta c\u00f3modamente a tu boca. Es adecuado para una gran variedad de personas gracias a su tama\u00f1o, basado en un modelo dental est\u00e1ndar. <\/span><\/p>\n<p><span style=\"color: #000000;\"><img loading=\"lazy\" decoding=\"async\" class=\"wp-image-16080 aligncenter\" src=\"http:\/\/shopvalley.fr\/wp-content\/uploads\/2025\/02\/1631735022459424768-1-700x682-1.png\" alt=\"Bandeja de realineaci\u00f3n dental en 3 pasos\" width=\"438\" height=\"427\" \/><\/span><\/p>\n<h5><span style=\"font-size: 14pt; color: #000000;\"><strong>Precauciones para obtener resultados \u00f3ptimos<\/strong><\/span><\/h5>\n<ol>\n<li><span style=\"font-size: 14pt; color: #000000;\">Util\u00edzalo de 1 a 2 horas al d\u00eda y 8 horas por la noche para obtener resultados eficaces. La constancia es la clave del \u00e9xito. <\/span><\/li>\n<li><span style=\"font-size: 14pt; color: #000000;\">Nuestro aparato bucal tiene una doble funci\u00f3n: alinea tus dientes y fortalece tus m\u00fasculos. Incluso con un uso intermitente, sigue funcionando eficazmente. <\/span><\/li>\n<\/ol>\n<p><span style=\"font-size: 14pt; color: #000000;\">Cuando lleves la boquilla por primera vez, es posible que sientas alguna molestia en los dientes delanteros. Sin embargo, esto es completamente normal. Si sientes un dolor importante, reduce el tiempo de uso hasta que desaparezca la sensibilidad. <\/span><\/p>\n<p>&nbsp;<\/p>\n<p><span style=\"color: #000000;\"><img loading=\"lazy\" decoding=\"async\" class=\"wp-image-16065 aligncenter\" src=\"http:\/\/shopvalley.fr\/wp-content\/uploads\/2025\/02\/c3242bb22ce800002d7df9a89b5e7e64-1.png\" alt=\"\" width=\"602\" height=\"282\" \/><\/span><\/p>\n<p>&nbsp;<\/p>\n<p>&nbsp;<\/p>\n<p>&nbsp;<\/p>\n<h5><span style=\"font-size: 14pt; color: #000000;\"><strong>Consigue m\u00e1s que una sonrisa perfecta<\/strong><\/span><\/h5>\n<p><span style=\"font-size: 14pt; color: #000000;\">Nuestra bandeja de realineaci\u00f3n dental hace algo m\u00e1s que alinear los dientes. Ejerce una presi\u00f3n uniforme en toda la mand\u00edbula, lo que te proporciona otras ventajas incre\u00edbles: <\/span><\/p>\n<ul>\n<li><span style=\"font-size: 14pt; color: #000000;\">Rellena los espacios entre los dientes, proporcion\u00e1ndote una sonrisa armoniosa.<\/span><\/li>\n<li><span style=\"font-size: 14pt; color: #000000;\">Reestructura tu mand\u00edbula para mejorar la est\u00e9tica facial.<\/span><\/li>\n<li><span style=\"font-size: 14pt; color: #000000;\">Posiciona perfectamente la lengua para una respiraci\u00f3n \u00f3ptima.<\/span><\/li>\n<li><span style=\"font-size: 14pt; color: #000000;\">Adecuado para todo tipo de dentici\u00f3n, garantiza resultados personalizados.<\/span><\/li>\n<\/ul>\n<p><span style=\"color: #000000;\"> <img loading=\"lazy\" decoding=\"async\" class=\"aligncenter wp-image-27412\" src=\"http:\/\/shopvalley.fr\/wp-content\/uploads\/2023\/01\/Gouttiere_Dentaire-1.jpeg\" alt=\"\" width=\"489\" height=\"354\" srcset=\"https:\/\/shopvalley.fr\/wp-content\/uploads\/2023\/01\/Gouttiere_Dentaire-1.jpeg 675w, https:\/\/shopvalley.fr\/wp-content\/uploads\/2023\/01\/Gouttiere_Dentaire-1-150x109.jpeg 150w, https:\/\/shopvalley.fr\/wp-content\/uploads\/2023\/01\/Gouttiere_Dentaire-1-400x290.jpeg 400w\" sizes=\"auto, (max-width: 489px) 100vw, 489px\" \/><\/span><\/p>\n<h5><span style=\"font-size: 14pt; color: #000000;\"><strong>Mejora tu calidad de vida con una sonrisa brillante<\/strong><\/span><\/h5>\n<p><span style=\"font-size: 14pt; color: #000000;\">Adem\u00e1s de tener buen aspecto, corregir los dientes desalineados puede hacer que te sientas m\u00e1s c\u00f3modo y reducir los problemas de salud asociados. Los dientes desalineados pueden provocar dificultades de cepillado, caries, desgaste del esmalte, dolor e incluso problemas digestivos. <\/span><\/p>\n<p><span style=\"font-size: 14pt; color: #000000;\">Nuestros alineadores han sido especialmente dise\u00f1ados para realinear tus dientes gradualmente. Gracias a sus materiales flexibles y de alta calidad, tambi\u00e9n pueden utilizarse para rellenar los huecos entre los dientes. <\/span><\/p>\n<p><strong><span style=\"font-size: 14pt; color: #000000;\">Nota: Los 3 pasos est\u00e1n incluidos cuando compras nuestro producto<\/span><\/strong><\/p>\n","protected":false},"excerpt":{"rendered":"<p><span style=\"font-size: 14pt; color: #000000;\">Consigue una sonrisa radiante<\/span><\/p>\n","protected":false},"featured_media":35697,"comment_status":"closed","ping_status":"closed","template":"","meta":[],"product_brand":[],"product_cat":[1006,1085],"product_tag":[1007,1008],"class_list":{"0":"post-40581","1":"product","2":"type-product","3":"status-publish","4":"has-post-thumbnail","6":"product_cat-salud-e-higiene","7":"product_cat-shopping_es-es","8":"product_tag-dental","9":"product_tag-flash-es","11":"first","12":"instock","13":"sale","14":"taxable","15":"shipping-taxable","16":"purchasable","17":"product-type-simple"},"yoast_head":"<!-- This site is optimized with the Yoast SEO plugin v27.4 - https:\/\/yoast.com\/product\/yoast-seo-wordpress\/ -->\n<title>Canaleta de realineaci\u00f3n dental invisible - ShopValley<\/title>\n<meta name=\"description\" content=\"Consigue la sonrisa perfecta con nuestra bandeja de realineaci\u00f3n dental. C\u00f3moda, flexible y apta para todos. Mejora tu est\u00e9tica dental\" \/>\n<meta name=\"robots\" content=\"index, follow, max-snippet:-1, max-image-preview:large, max-video-preview:-1\" \/>\n<link rel=\"canonical\" href=\"https:\/\/shopvalley.fr\/es\/produit\/canaleta-de-realineacion-dental-invisible\/\" \/>\n<meta property=\"og:locale\" content=\"es_ES\" \/>\n<meta property=\"og:type\" content=\"article\" \/>\n<meta property=\"og:title\" content=\"Canaleta de realineaci\u00f3n dental invisible - ShopValley\" \/>\n<meta property=\"og:description\" content=\"Consigue la sonrisa perfecta con nuestra bandeja de realineaci\u00f3n dental. C\u00f3moda, flexible y apta para todos. Mejora tu est\u00e9tica dental\" \/>\n<meta property=\"og:url\" content=\"https:\/\/shopvalley.fr\/es\/produit\/canaleta-de-realineacion-dental-invisible\/\" \/>\n<meta property=\"og:site_name\" content=\"ShopValley\" \/>\n<meta property=\"article:modified_time\" content=\"2026-02-17T22:07:21+00:00\" \/>\n<meta property=\"og:image\" content=\"http:\/\/shopvalley.fr\/wp-content\/uploads\/2023\/06\/d0548ae1-dcc8-4571-9c2c-8efb0fdc01ac.jpg\" \/>\n\t<meta property=\"og:image:width\" content=\"1000\" \/>\n\t<meta property=\"og:image:height\" content=\"1000\" \/>\n\t<meta property=\"og:image:type\" content=\"image\/jpeg\" \/>\n<script type=\"application\/ld+json\" class=\"yoast-schema-graph\">{\"@context\":\"https:\\\/\\\/schema.org\",\"@graph\":[{\"@type\":\"WebPage\",\"@id\":\"https:\\\/\\\/shopvalley.fr\\\/es\\\/produit\\\/canaleta-de-realineacion-dental-invisible\\\/\",\"url\":\"https:\\\/\\\/shopvalley.fr\\\/es\\\/produit\\\/canaleta-de-realineacion-dental-invisible\\\/\",\"name\":\"Canaleta de realineaci\u00f3n dental invisible - ShopValley\",\"isPartOf\":{\"@id\":\"https:\\\/\\\/shopvalley.fr\\\/es\\\/#website\"},\"primaryImageOfPage\":{\"@id\":\"https:\\\/\\\/shopvalley.fr\\\/es\\\/produit\\\/canaleta-de-realineacion-dental-invisible\\\/#primaryimage\"},\"image\":{\"@id\":\"https:\\\/\\\/shopvalley.fr\\\/es\\\/produit\\\/canaleta-de-realineacion-dental-invisible\\\/#primaryimage\"},\"thumbnailUrl\":\"https:\\\/\\\/shopvalley.fr\\\/wp-content\\\/uploads\\\/2023\\\/06\\\/d0548ae1-dcc8-4571-9c2c-8efb0fdc01ac.jpg\",\"datePublished\":\"2023-01-16T19:58:43+00:00\",\"dateModified\":\"2026-02-17T22:07:21+00:00\",\"description\":\"Consigue la sonrisa perfecta con nuestra bandeja de realineaci\u00f3n dental. C\u00f3moda, flexible y apta para todos. Mejora tu est\u00e9tica dental\",\"breadcrumb\":{\"@id\":\"https:\\\/\\\/shopvalley.fr\\\/es\\\/produit\\\/canaleta-de-realineacion-dental-invisible\\\/#breadcrumb\"},\"inLanguage\":\"es\",\"potentialAction\":[{\"@type\":\"ReadAction\",\"target\":[\"https:\\\/\\\/shopvalley.fr\\\/es\\\/produit\\\/canaleta-de-realineacion-dental-invisible\\\/\"]}]},{\"@type\":\"ImageObject\",\"inLanguage\":\"es\",\"@id\":\"https:\\\/\\\/shopvalley.fr\\\/es\\\/produit\\\/canaleta-de-realineacion-dental-invisible\\\/#primaryimage\",\"url\":\"https:\\\/\\\/shopvalley.fr\\\/wp-content\\\/uploads\\\/2023\\\/06\\\/d0548ae1-dcc8-4571-9c2c-8efb0fdc01ac.jpg\",\"contentUrl\":\"https:\\\/\\\/shopvalley.fr\\\/wp-content\\\/uploads\\\/2023\\\/06\\\/d0548ae1-dcc8-4571-9c2c-8efb0fdc01ac.jpg\",\"width\":1000,\"height\":1000},{\"@type\":\"BreadcrumbList\",\"@id\":\"https:\\\/\\\/shopvalley.fr\\\/es\\\/produit\\\/canaleta-de-realineacion-dental-invisible\\\/#breadcrumb\",\"itemListElement\":[{\"@type\":\"ListItem\",\"position\":1,\"name\":\"Accueil\",\"item\":\"https:\\\/\\\/shopvalley.fr\\\/es\\\/\"},{\"@type\":\"ListItem\",\"position\":2,\"name\":\"Todos los productos\",\"item\":\"https:\\\/\\\/shopvalley.fr\\\/es\\\/todos-los-productos\\\/\"},{\"@type\":\"ListItem\",\"position\":3,\"name\":\"Salud e higiene\",\"item\":\"https:\\\/\\\/shopvalley.fr\\\/es\\\/categorie-produit\\\/salud-e-higiene\\\/\"},{\"@type\":\"ListItem\",\"position\":4,\"name\":\"Canaleta de realineaci\u00f3n dental invisible\"}]},{\"@type\":\"WebSite\",\"@id\":\"https:\\\/\\\/shopvalley.fr\\\/es\\\/#website\",\"url\":\"https:\\\/\\\/shopvalley.fr\\\/es\\\/\",\"name\":\"ShopValley\",\"description\":\"\u00a1Productos de moda a precios bajos!\",\"publisher\":{\"@id\":\"https:\\\/\\\/shopvalley.fr\\\/es\\\/#organization\"},\"potentialAction\":[{\"@type\":\"SearchAction\",\"target\":{\"@type\":\"EntryPoint\",\"urlTemplate\":\"https:\\\/\\\/shopvalley.fr\\\/es\\\/?s={search_term_string}\"},\"query-input\":{\"@type\":\"PropertyValueSpecification\",\"valueRequired\":true,\"valueName\":\"search_term_string\"}}],\"inLanguage\":\"es\"},{\"@type\":\"Organization\",\"@id\":\"https:\\\/\\\/shopvalley.fr\\\/es\\\/#organization\",\"name\":\"Shopvalley\",\"url\":\"https:\\\/\\\/shopvalley.fr\\\/es\\\/\",\"logo\":{\"@type\":\"ImageObject\",\"inLanguage\":\"es\",\"@id\":\"https:\\\/\\\/shopvalley.fr\\\/es\\\/#\\\/schema\\\/logo\\\/image\\\/\",\"url\":\"https:\\\/\\\/shopvalley.fr\\\/wp-content\\\/uploads\\\/2023\\\/11\\\/cropped-Copie-de-Logo-ShopValley-500-x-500-px-1.png\",\"contentUrl\":\"https:\\\/\\\/shopvalley.fr\\\/wp-content\\\/uploads\\\/2023\\\/11\\\/cropped-Copie-de-Logo-ShopValley-500-x-500-px-1.png\",\"width\":512,\"height\":512,\"caption\":\"Shopvalley\"},\"image\":{\"@id\":\"https:\\\/\\\/shopvalley.fr\\\/es\\\/#\\\/schema\\\/logo\\\/image\\\/\"}}]}<\/script>\n<!-- \/ Yoast SEO plugin. -->","yoast_head_json":{"title":"Canaleta de realineaci\u00f3n dental invisible - ShopValley","description":"Consigue la sonrisa perfecta con nuestra bandeja de realineaci\u00f3n dental. C\u00f3moda, flexible y apta para todos. Mejora tu est\u00e9tica dental","robots":{"index":"index","follow":"follow","max-snippet":"max-snippet:-1","max-image-preview":"max-image-preview:large","max-video-preview":"max-video-preview:-1"},"canonical":"https:\/\/shopvalley.fr\/es\/produit\/canaleta-de-realineacion-dental-invisible\/","og_locale":"es_ES","og_type":"article","og_title":"Canaleta de realineaci\u00f3n dental invisible - ShopValley","og_description":"Consigue la sonrisa perfecta con nuestra bandeja de realineaci\u00f3n dental. C\u00f3moda, flexible y apta para todos. Mejora tu est\u00e9tica dental","og_url":"https:\/\/shopvalley.fr\/es\/produit\/canaleta-de-realineacion-dental-invisible\/","og_site_name":"ShopValley","article_modified_time":"2026-02-17T22:07:21+00:00","og_image":[{"width":1000,"height":1000,"url":"http:\/\/shopvalley.fr\/wp-content\/uploads\/2023\/06\/d0548ae1-dcc8-4571-9c2c-8efb0fdc01ac.jpg","type":"image\/jpeg"}],"schema":{"@context":"https:\/\/schema.org","@graph":[{"@type":"WebPage","@id":"https:\/\/shopvalley.fr\/es\/produit\/canaleta-de-realineacion-dental-invisible\/","url":"https:\/\/shopvalley.fr\/es\/produit\/canaleta-de-realineacion-dental-invisible\/","name":"Canaleta de realineaci\u00f3n dental invisible - ShopValley","isPartOf":{"@id":"https:\/\/shopvalley.fr\/es\/#website"},"primaryImageOfPage":{"@id":"https:\/\/shopvalley.fr\/es\/produit\/canaleta-de-realineacion-dental-invisible\/#primaryimage"},"image":{"@id":"https:\/\/shopvalley.fr\/es\/produit\/canaleta-de-realineacion-dental-invisible\/#primaryimage"},"thumbnailUrl":"https:\/\/shopvalley.fr\/wp-content\/uploads\/2023\/06\/d0548ae1-dcc8-4571-9c2c-8efb0fdc01ac.jpg","datePublished":"2023-01-16T19:58:43+00:00","dateModified":"2026-02-17T22:07:21+00:00","description":"Consigue la sonrisa perfecta con nuestra bandeja de realineaci\u00f3n dental. C\u00f3moda, flexible y apta para todos. Mejora tu est\u00e9tica dental","breadcrumb":{"@id":"https:\/\/shopvalley.fr\/es\/produit\/canaleta-de-realineacion-dental-invisible\/#breadcrumb"},"inLanguage":"es","potentialAction":[{"@type":"ReadAction","target":["https:\/\/shopvalley.fr\/es\/produit\/canaleta-de-realineacion-dental-invisible\/"]}]},{"@type":"ImageObject","inLanguage":"es","@id":"https:\/\/shopvalley.fr\/es\/produit\/canaleta-de-realineacion-dental-invisible\/#primaryimage","url":"https:\/\/shopvalley.fr\/wp-content\/uploads\/2023\/06\/d0548ae1-dcc8-4571-9c2c-8efb0fdc01ac.jpg","contentUrl":"https:\/\/shopvalley.fr\/wp-content\/uploads\/2023\/06\/d0548ae1-dcc8-4571-9c2c-8efb0fdc01ac.jpg","width":1000,"height":1000},{"@type":"BreadcrumbList","@id":"https:\/\/shopvalley.fr\/es\/produit\/canaleta-de-realineacion-dental-invisible\/#breadcrumb","itemListElement":[{"@type":"ListItem","position":1,"name":"Accueil","item":"https:\/\/shopvalley.fr\/es\/"},{"@type":"ListItem","position":2,"name":"Todos los productos","item":"https:\/\/shopvalley.fr\/es\/todos-los-productos\/"},{"@type":"ListItem","position":3,"name":"Salud e higiene","item":"https:\/\/shopvalley.fr\/es\/categorie-produit\/salud-e-higiene\/"},{"@type":"ListItem","position":4,"name":"Canaleta de realineaci\u00f3n dental invisible"}]},{"@type":"WebSite","@id":"https:\/\/shopvalley.fr\/es\/#website","url":"https:\/\/shopvalley.fr\/es\/","name":"ShopValley","description":"\u00a1Productos de moda a precios bajos!","publisher":{"@id":"https:\/\/shopvalley.fr\/es\/#organization"},"potentialAction":[{"@type":"SearchAction","target":{"@type":"EntryPoint","urlTemplate":"https:\/\/shopvalley.fr\/es\/?s={search_term_string}"},"query-input":{"@type":"PropertyValueSpecification","valueRequired":true,"valueName":"search_term_string"}}],"inLanguage":"es"},{"@type":"Organization","@id":"https:\/\/shopvalley.fr\/es\/#organization","name":"Shopvalley","url":"https:\/\/shopvalley.fr\/es\/","logo":{"@type":"ImageObject","inLanguage":"es","@id":"https:\/\/shopvalley.fr\/es\/#\/schema\/logo\/image\/","url":"https:\/\/shopvalley.fr\/wp-content\/uploads\/2023\/11\/cropped-Copie-de-Logo-ShopValley-500-x-500-px-1.png","contentUrl":"https:\/\/shopvalley.fr\/wp-content\/uploads\/2023\/11\/cropped-Copie-de-Logo-ShopValley-500-x-500-px-1.png","width":512,"height":512,"caption":"Shopvalley"},"image":{"@id":"https:\/\/shopvalley.fr\/es\/#\/schema\/logo\/image\/"}}]}},"jetpack_sharing_enabled":true,"_links":{"self":[{"href":"https:\/\/shopvalley.fr\/es\/wp-json\/wp\/v2\/product\/40581","targetHints":{"allow":["GET"]}}],"collection":[{"href":"https:\/\/shopvalley.fr\/es\/wp-json\/wp\/v2\/product"}],"about":[{"href":"https:\/\/shopvalley.fr\/es\/wp-json\/wp\/v2\/types\/product"}],"replies":[{"embeddable":true,"href":"https:\/\/shopvalley.fr\/es\/wp-json\/wp\/v2\/comments?post=40581"}],"version-history":[{"count":4,"href":"https:\/\/shopvalley.fr\/es\/wp-json\/wp\/v2\/product\/40581\/revisions"}],"predecessor-version":[{"id":51577,"href":"https:\/\/shopvalley.fr\/es\/wp-json\/wp\/v2\/product\/40581\/revisions\/51577"}],"wp:featuredmedia":[{"embeddable":true,"href":"https:\/\/shopvalley.fr\/es\/wp-json\/wp\/v2\/media\/35697"}],"wp:attachment":[{"href":"https:\/\/shopvalley.fr\/es\/wp-json\/wp\/v2\/media?parent=40581"}],"wp:term":[{"taxonomy":"product_brand","embeddable":true,"href":"https:\/\/shopvalley.fr\/es\/wp-json\/wp\/v2\/product_brand?post=40581"},{"taxonomy":"product_cat","embeddable":true,"href":"https:\/\/shopvalley.fr\/es\/wp-json\/wp\/v2\/product_cat?post=40581"},{"taxonomy":"product_tag","embeddable":true,"href":"https:\/\/shopvalley.fr\/es\/wp-json\/wp\/v2\/product_tag?post=40581"}],"curies":[{"name":"wp","href":"https:\/\/api.w.org\/{rel}","templated":true}]}}