{"id":40563,"date":"2024-10-30T22:07:17","date_gmt":"2024-10-30T21:07:17","guid":{"rendered":"https:\/\/shopvalley.fr\/produit\/termo-isotermico-1l-acero-inoxidable\/"},"modified":"2025-11-17T20:56:43","modified_gmt":"2025-11-17T19:56:43","slug":"termo-isotermico-1l-acero-inoxidable","status":"publish","type":"product","link":"https:\/\/shopvalley.fr\/es\/produit\/termo-isotermico-1l-acero-inoxidable\/","title":{"rendered":"Termo Isot\u00e9rmico 1L Acero inoxidable"},"content":{"rendered":"<h3><span style=\"font-size: 14pt; color: #000000;\"><strong>\ud83e\udd64 Mant\u00e9n tus bebidas a la temperatura ideal con el termo isot\u00e9rmico de acero inoxidable de 1 litro<\/strong><\/span><\/h3>\n<p><span style=\"font-size: 14pt; color: #000000;\">\u00a1Descubre la soluci\u00f3n perfecta para que tus bebidas est\u00e9n siempre <strong>a la temperatura adecuada<\/strong>, est\u00e9s donde est\u00e9s! Este <strong>termo de acero inoxidable de 1 litro<\/strong> es ideal para mantener tus bebidas calientes o fr\u00edas durante largas horas. Su generosa capacidad y su dise\u00f1o de acero inoxidable lo convierten en el aliado perfecto para tus viajes, excursiones o d\u00edas en la oficina. <\/span><\/p>\n<p><img loading=\"lazy\" decoding=\"async\" class=\"aligncenter wp-image-33763\" src=\"http:\/\/shopvalley.fr\/wp-content\/uploads\/2024\/10\/GourdeThermos-3.webp\" alt=\"\" width=\"504\" height=\"504\" srcset=\"https:\/\/shopvalley.fr\/wp-content\/uploads\/2024\/10\/GourdeThermos-3.webp 800w, https:\/\/shopvalley.fr\/wp-content\/uploads\/2024\/10\/GourdeThermos-3-430x430.webp 430w, https:\/\/shopvalley.fr\/wp-content\/uploads\/2024\/10\/GourdeThermos-3-150x150.webp 150w, https:\/\/shopvalley.fr\/wp-content\/uploads\/2024\/10\/GourdeThermos-3-700x700.webp 700w, https:\/\/shopvalley.fr\/wp-content\/uploads\/2024\/10\/GourdeThermos-3-300x300.webp 300w, https:\/\/shopvalley.fr\/wp-content\/uploads\/2024\/10\/GourdeThermos-3-768x768.webp 768w\" sizes=\"auto, (max-width: 504px) 100vw, 504px\" \/><\/p>\n<h3><span style=\"font-size: 14pt; color: #000000;\"><strong>\ud83d\udd25 Dise\u00f1o robusto y elegante para cualquier situaci\u00f3n<\/strong><\/span><\/h3>\n<p><span style=\"font-size: 14pt; color: #000000;\">Fabricada en <strong>acero inoxidable de alta calidad<\/strong>, esta botella de agua no s\u00f3lo es elegante, sino tambi\u00e9n ultrarresistente a golpes y ara\u00f1azos. Ha sido dise\u00f1ada para acompa\u00f1arte all\u00e1 donde vayas, sin riesgo de fugas ni desgaste prematuro. Su moderno acabado combina con todos los estilos, tanto si llevas ropa deportiva como si est\u00e1s en la oficina. <\/span><\/p>\n<p><img loading=\"lazy\" decoding=\"async\" class=\"aligncenter wp-image-33759\" src=\"http:\/\/shopvalley.fr\/wp-content\/uploads\/2024\/10\/GourdeThermos-18.webp\" alt=\"\" width=\"533\" height=\"533\" srcset=\"https:\/\/shopvalley.fr\/wp-content\/uploads\/2024\/10\/GourdeThermos-18.webp 800w, https:\/\/shopvalley.fr\/wp-content\/uploads\/2024\/10\/GourdeThermos-18-430x430.webp 430w, https:\/\/shopvalley.fr\/wp-content\/uploads\/2024\/10\/GourdeThermos-18-150x150.webp 150w, https:\/\/shopvalley.fr\/wp-content\/uploads\/2024\/10\/GourdeThermos-18-700x700.webp 700w, https:\/\/shopvalley.fr\/wp-content\/uploads\/2024\/10\/GourdeThermos-18-300x300.webp 300w, https:\/\/shopvalley.fr\/wp-content\/uploads\/2024\/10\/GourdeThermos-18-768x768.webp 768w\" sizes=\"auto, (max-width: 533px) 100vw, 533px\" \/><\/p>\n<h3><span style=\"font-size: 14pt; color: #000000;\"><strong>\ud83c\udf21\ufe0f Impresionante rendimiento de aislamiento<\/strong><\/span><\/h3>\n<p><span style=\"font-size: 14pt; color: #000000;\">Gracias a su avanzada tecnolog\u00eda isot\u00e9rmica, la <strong>botella de acero inoxidable Thermos Isotherme de 1 litro<\/strong> mantiene tus bebidas calientes hasta 12 horas y fr\u00edas hasta 24 horas. Di adi\u00f3s a las bebidas tibias y disfruta de la temperatura perfecta en cada sorbo. Perfecta para los amantes del caf\u00e9, el t\u00e9 helado o el agua fr\u00eda, se adapta a todos tus caprichos. <\/span><\/p>\n<p><img loading=\"lazy\" decoding=\"async\" class=\"aligncenter wp-image-33747\" src=\"http:\/\/shopvalley.fr\/wp-content\/uploads\/2024\/10\/GourdeThermos-6.webp\" alt=\"\" width=\"531\" height=\"531\" srcset=\"https:\/\/shopvalley.fr\/wp-content\/uploads\/2024\/10\/GourdeThermos-6.webp 790w, https:\/\/shopvalley.fr\/wp-content\/uploads\/2024\/10\/GourdeThermos-6-430x430.webp 430w, https:\/\/shopvalley.fr\/wp-content\/uploads\/2024\/10\/GourdeThermos-6-150x150.webp 150w, https:\/\/shopvalley.fr\/wp-content\/uploads\/2024\/10\/GourdeThermos-6-700x700.webp 700w, https:\/\/shopvalley.fr\/wp-content\/uploads\/2024\/10\/GourdeThermos-6-300x300.webp 300w, https:\/\/shopvalley.fr\/wp-content\/uploads\/2024\/10\/GourdeThermos-6-768x768.webp 768w\" sizes=\"auto, (max-width: 531px) 100vw, 531px\" \/><\/p>\n<h3><span style=\"font-size: 14pt; color: #000000;\"><strong>\ud83d\udca7 Pr\u00e1ctico y f\u00e1cil de transportar<\/strong><\/span><\/h3>\n<p><span style=\"font-size: 14pt; color: #000000;\">Con su capacidad de <strong>1 litro<\/strong>, puedes estar seguro de tener suficiente para beber durante todo el d\u00eda. Es ligera, f\u00e1cil de transportar y tiene una amplia abertura para llenarla y limpiarla con facilidad. Incluso puedes a\u00f1adir cubitos de hielo para mantener tus bebidas a\u00fan m\u00e1s frescas. <\/span><\/p>\n<p><img loading=\"lazy\" decoding=\"async\" class=\"aligncenter wp-image-33763\" src=\"http:\/\/shopvalley.fr\/wp-content\/uploads\/2024\/10\/GourdeThermos-3.webp\" alt=\"\" width=\"560\" height=\"560\" srcset=\"https:\/\/shopvalley.fr\/wp-content\/uploads\/2024\/10\/GourdeThermos-3.webp 800w, https:\/\/shopvalley.fr\/wp-content\/uploads\/2024\/10\/GourdeThermos-3-430x430.webp 430w, https:\/\/shopvalley.fr\/wp-content\/uploads\/2024\/10\/GourdeThermos-3-150x150.webp 150w, https:\/\/shopvalley.fr\/wp-content\/uploads\/2024\/10\/GourdeThermos-3-700x700.webp 700w, https:\/\/shopvalley.fr\/wp-content\/uploads\/2024\/10\/GourdeThermos-3-300x300.webp 300w, https:\/\/shopvalley.fr\/wp-content\/uploads\/2024\/10\/GourdeThermos-3-768x768.webp 768w\" sizes=\"auto, (max-width: 560px) 100vw, 560px\" \/><\/p>\n<h3><span style=\"font-size: 14pt; color: #000000;\"><strong>\u267b\ufe0f Eco-responsable y sostenible<\/strong><\/span><\/h3>\n<p><span style=\"font-size: 14pt; color: #000000;\">Opta por una soluci\u00f3n ecol\u00f3gica y sostenible con esta <strong>Botella Termo Aislante de Acero Inoxidable de 1 Litro<\/strong>. Al elegir esta botella, estar\u00e1s aportando tu granito de arena al medio ambiente al reducir los residuos de pl\u00e1stico y adoptar un producto dise\u00f1ado para durar. <\/span><\/p>\n<p>&nbsp;<\/p>\n<h3><span style=\"font-size: 14pt; color: #000000;\"><strong>Caracter\u00edsticas :<\/strong><\/span><\/h3>\n<ul>\n<li><span style=\"font-size: 14pt; color: #000000;\"><strong>Capacidad<\/strong>: 1 litro<\/span><\/li>\n<li><span style=\"font-size: 14pt; color: #000000;\"><strong>Material<\/strong>: Acero inoxidable de alta calidad<\/span><\/li>\n<li><span style=\"font-size: 14pt; color: #000000;\"><strong>Aislamiento t\u00e9rmico<\/strong>: mantiene las bebidas calientes durante 12 horas y fr\u00edas durante 24 horas<\/span><\/li>\n<li><span style=\"font-size: 14pt; color: #000000;\"><strong>Uso<\/strong>: Senderismo, oficina, deporte, viajes<\/span><\/li>\n<li><span style=\"font-size: 14pt;\"><strong>T\u00e9<\/strong>: Rejilla infusora de t\u00e9<\/span><\/li>\n<\/ul>\n<p><img loading=\"lazy\" decoding=\"async\" class=\"aligncenter wp-image-33638 \" src=\"http:\/\/shopvalley.fr\/wp-content\/uploads\/2024\/10\/Gourde-Thermos-Isotherme-1Litre-Acier-Inoxydable-6.png\" alt=\"Termo Isot\u00e9rmico 1L Acero inoxidable\" width=\"579\" height=\"579\" srcset=\"https:\/\/shopvalley.fr\/wp-content\/uploads\/2024\/10\/Gourde-Thermos-Isotherme-1Litre-Acier-Inoxydable-6.png 800w, https:\/\/shopvalley.fr\/wp-content\/uploads\/2024\/10\/Gourde-Thermos-Isotherme-1Litre-Acier-Inoxydable-6-430x430.png 430w, https:\/\/shopvalley.fr\/wp-content\/uploads\/2024\/10\/Gourde-Thermos-Isotherme-1Litre-Acier-Inoxydable-6-150x150.png 150w, https:\/\/shopvalley.fr\/wp-content\/uploads\/2024\/10\/Gourde-Thermos-Isotherme-1Litre-Acier-Inoxydable-6-700x700.png 700w, https:\/\/shopvalley.fr\/wp-content\/uploads\/2024\/10\/Gourde-Thermos-Isotherme-1Litre-Acier-Inoxydable-6-300x300.png 300w, https:\/\/shopvalley.fr\/wp-content\/uploads\/2024\/10\/Gourde-Thermos-Isotherme-1Litre-Acier-Inoxydable-6-768x768.png 768w\" sizes=\"auto, (max-width: 579px) 100vw, 579px\" \/><\/p>\n<p>&nbsp;<\/p>\n<p><span style=\"font-size: 14pt; color: #000000;\">Explora una amplia gama de productos dise\u00f1ados para satisfacer todas tus necesidades cotidianas. Si buscas soluciones pr\u00e1cticas, elegantes o duraderas, nuestra colecci\u00f3n de<a href=\"https:\/\/shopvalley.fr\/categorie-produit\/accessoires\/\">accesorios<\/a> tiene algo para todos. \u00a1Descubre los imprescindibles para tu estilo y tus aventuras!<\/span><\/p>\n","protected":false},"excerpt":{"rendered":"<p><span style=\"font-size: 14pt; color: #000000;\">\u00a1Duradero y de alto rendimiento!<\/span><\/p>\n","protected":false},"featured_media":40421,"comment_status":"closed","ping_status":"closed","template":"","meta":[],"product_brand":[1139],"product_cat":[988,1085],"product_tag":[990],"class_list":{"0":"post-40563","1":"product","2":"type-product","3":"status-publish","4":"has-post-thumbnail","6":"product_brand-shopvalley","7":"product_cat-accesorios","8":"product_cat-shopping_es-es","9":"product_tag-noflash-es","11":"first","12":"instock","13":"sale","14":"taxable","15":"shipping-taxable","16":"purchasable","17":"product-type-variable","18":"has-default-attributes"},"yoast_head":"<!-- This site is optimized with the Yoast SEO plugin v27.4 - https:\/\/yoast.com\/product\/yoast-seo-wordpress\/ -->\n<title>Termo Isot\u00e9rmico 1L Acero inoxidable - ShopValley<\/title>\n<meta name=\"description\" content=\"Mant\u00e9n tus bebidas a la temperatura perfecta con el Termo de acero inoxidable de 1 litro. Pr\u00e1ctico, duradero e ideal para todas tus salidas.\" \/>\n<meta name=\"robots\" content=\"index, follow, max-snippet:-1, max-image-preview:large, max-video-preview:-1\" \/>\n<link rel=\"canonical\" href=\"https:\/\/shopvalley.fr\/es\/produit\/termo-isotermico-1l-acero-inoxidable\/\" \/>\n<meta property=\"og:locale\" content=\"es_ES\" \/>\n<meta property=\"og:type\" content=\"article\" \/>\n<meta property=\"og:title\" content=\"Termo Isot\u00e9rmico 1L Acero inoxidable - ShopValley\" \/>\n<meta property=\"og:description\" content=\"Mant\u00e9n tus bebidas a la temperatura perfecta con el Termo de acero inoxidable de 1 litro. Pr\u00e1ctico, duradero e ideal para todas tus salidas.\" \/>\n<meta property=\"og:url\" content=\"https:\/\/shopvalley.fr\/es\/produit\/termo-isotermico-1l-acero-inoxidable\/\" \/>\n<meta property=\"og:site_name\" content=\"ShopValley\" \/>\n<meta property=\"article:modified_time\" content=\"2025-11-17T19:56:43+00:00\" \/>\n<meta property=\"og:image\" content=\"http:\/\/shopvalley.fr\/wp-content\/uploads\/2024\/10\/GourdeThermos-9.png\" \/>\n\t<meta property=\"og:image:width\" content=\"800\" \/>\n\t<meta property=\"og:image:height\" content=\"800\" \/>\n\t<meta property=\"og:image:type\" content=\"image\/png\" \/>\n<script type=\"application\/ld+json\" class=\"yoast-schema-graph\">{\"@context\":\"https:\\\/\\\/schema.org\",\"@graph\":[{\"@type\":\"WebPage\",\"@id\":\"https:\\\/\\\/shopvalley.fr\\\/es\\\/produit\\\/termo-isotermico-1l-acero-inoxidable\\\/\",\"url\":\"https:\\\/\\\/shopvalley.fr\\\/es\\\/produit\\\/termo-isotermico-1l-acero-inoxidable\\\/\",\"name\":\"Termo Isot\u00e9rmico 1L Acero inoxidable - ShopValley\",\"isPartOf\":{\"@id\":\"https:\\\/\\\/shopvalley.fr\\\/es\\\/#website\"},\"primaryImageOfPage\":{\"@id\":\"https:\\\/\\\/shopvalley.fr\\\/es\\\/produit\\\/termo-isotermico-1l-acero-inoxidable\\\/#primaryimage\"},\"image\":{\"@id\":\"https:\\\/\\\/shopvalley.fr\\\/es\\\/produit\\\/termo-isotermico-1l-acero-inoxidable\\\/#primaryimage\"},\"thumbnailUrl\":\"https:\\\/\\\/shopvalley.fr\\\/wp-content\\\/uploads\\\/2024\\\/10\\\/GourdeThermos-9.png\",\"datePublished\":\"2024-10-30T21:07:17+00:00\",\"dateModified\":\"2025-11-17T19:56:43+00:00\",\"description\":\"Mant\u00e9n tus bebidas a la temperatura perfecta con el Termo de acero inoxidable de 1 litro. Pr\u00e1ctico, duradero e ideal para todas tus salidas.\",\"breadcrumb\":{\"@id\":\"https:\\\/\\\/shopvalley.fr\\\/es\\\/produit\\\/termo-isotermico-1l-acero-inoxidable\\\/#breadcrumb\"},\"inLanguage\":\"es\",\"potentialAction\":[{\"@type\":\"ReadAction\",\"target\":[\"https:\\\/\\\/shopvalley.fr\\\/es\\\/produit\\\/termo-isotermico-1l-acero-inoxidable\\\/\"]}]},{\"@type\":\"ImageObject\",\"inLanguage\":\"es\",\"@id\":\"https:\\\/\\\/shopvalley.fr\\\/es\\\/produit\\\/termo-isotermico-1l-acero-inoxidable\\\/#primaryimage\",\"url\":\"https:\\\/\\\/shopvalley.fr\\\/wp-content\\\/uploads\\\/2024\\\/10\\\/GourdeThermos-9.png\",\"contentUrl\":\"https:\\\/\\\/shopvalley.fr\\\/wp-content\\\/uploads\\\/2024\\\/10\\\/GourdeThermos-9.png\",\"width\":800,\"height\":800},{\"@type\":\"BreadcrumbList\",\"@id\":\"https:\\\/\\\/shopvalley.fr\\\/es\\\/produit\\\/termo-isotermico-1l-acero-inoxidable\\\/#breadcrumb\",\"itemListElement\":[{\"@type\":\"ListItem\",\"position\":1,\"name\":\"Accueil\",\"item\":\"https:\\\/\\\/shopvalley.fr\\\/es\\\/\"},{\"@type\":\"ListItem\",\"position\":2,\"name\":\"Todos los productos\",\"item\":\"https:\\\/\\\/shopvalley.fr\\\/es\\\/todos-los-productos\\\/\"},{\"@type\":\"ListItem\",\"position\":3,\"name\":\"Accessoires\",\"item\":\"https:\\\/\\\/shopvalley.fr\\\/categorie-produit\\\/accessoires\\\/\"},{\"@type\":\"ListItem\",\"position\":4,\"name\":\"Termo Isot\u00e9rmico 1L Acero inoxidable\"}]},{\"@type\":\"WebSite\",\"@id\":\"https:\\\/\\\/shopvalley.fr\\\/es\\\/#website\",\"url\":\"https:\\\/\\\/shopvalley.fr\\\/es\\\/\",\"name\":\"ShopValley\",\"description\":\"\u00a1Productos de moda a precios bajos!\",\"publisher\":{\"@id\":\"https:\\\/\\\/shopvalley.fr\\\/es\\\/#organization\"},\"potentialAction\":[{\"@type\":\"SearchAction\",\"target\":{\"@type\":\"EntryPoint\",\"urlTemplate\":\"https:\\\/\\\/shopvalley.fr\\\/es\\\/?s={search_term_string}\"},\"query-input\":{\"@type\":\"PropertyValueSpecification\",\"valueRequired\":true,\"valueName\":\"search_term_string\"}}],\"inLanguage\":\"es\"},{\"@type\":\"Organization\",\"@id\":\"https:\\\/\\\/shopvalley.fr\\\/es\\\/#organization\",\"name\":\"Shopvalley\",\"url\":\"https:\\\/\\\/shopvalley.fr\\\/es\\\/\",\"logo\":{\"@type\":\"ImageObject\",\"inLanguage\":\"es\",\"@id\":\"https:\\\/\\\/shopvalley.fr\\\/es\\\/#\\\/schema\\\/logo\\\/image\\\/\",\"url\":\"https:\\\/\\\/shopvalley.fr\\\/wp-content\\\/uploads\\\/2023\\\/11\\\/cropped-Copie-de-Logo-ShopValley-500-x-500-px-1.png\",\"contentUrl\":\"https:\\\/\\\/shopvalley.fr\\\/wp-content\\\/uploads\\\/2023\\\/11\\\/cropped-Copie-de-Logo-ShopValley-500-x-500-px-1.png\",\"width\":512,\"height\":512,\"caption\":\"Shopvalley\"},\"image\":{\"@id\":\"https:\\\/\\\/shopvalley.fr\\\/es\\\/#\\\/schema\\\/logo\\\/image\\\/\"}}]}<\/script>\n<!-- \/ Yoast SEO plugin. -->","yoast_head_json":{"title":"Termo Isot\u00e9rmico 1L Acero inoxidable - ShopValley","description":"Mant\u00e9n tus bebidas a la temperatura perfecta con el Termo de acero inoxidable de 1 litro. Pr\u00e1ctico, duradero e ideal para todas tus salidas.","robots":{"index":"index","follow":"follow","max-snippet":"max-snippet:-1","max-image-preview":"max-image-preview:large","max-video-preview":"max-video-preview:-1"},"canonical":"https:\/\/shopvalley.fr\/es\/produit\/termo-isotermico-1l-acero-inoxidable\/","og_locale":"es_ES","og_type":"article","og_title":"Termo Isot\u00e9rmico 1L Acero inoxidable - ShopValley","og_description":"Mant\u00e9n tus bebidas a la temperatura perfecta con el Termo de acero inoxidable de 1 litro. Pr\u00e1ctico, duradero e ideal para todas tus salidas.","og_url":"https:\/\/shopvalley.fr\/es\/produit\/termo-isotermico-1l-acero-inoxidable\/","og_site_name":"ShopValley","article_modified_time":"2025-11-17T19:56:43+00:00","og_image":[{"width":800,"height":800,"url":"http:\/\/shopvalley.fr\/wp-content\/uploads\/2024\/10\/GourdeThermos-9.png","type":"image\/png"}],"schema":{"@context":"https:\/\/schema.org","@graph":[{"@type":"WebPage","@id":"https:\/\/shopvalley.fr\/es\/produit\/termo-isotermico-1l-acero-inoxidable\/","url":"https:\/\/shopvalley.fr\/es\/produit\/termo-isotermico-1l-acero-inoxidable\/","name":"Termo Isot\u00e9rmico 1L Acero inoxidable - ShopValley","isPartOf":{"@id":"https:\/\/shopvalley.fr\/es\/#website"},"primaryImageOfPage":{"@id":"https:\/\/shopvalley.fr\/es\/produit\/termo-isotermico-1l-acero-inoxidable\/#primaryimage"},"image":{"@id":"https:\/\/shopvalley.fr\/es\/produit\/termo-isotermico-1l-acero-inoxidable\/#primaryimage"},"thumbnailUrl":"https:\/\/shopvalley.fr\/wp-content\/uploads\/2024\/10\/GourdeThermos-9.png","datePublished":"2024-10-30T21:07:17+00:00","dateModified":"2025-11-17T19:56:43+00:00","description":"Mant\u00e9n tus bebidas a la temperatura perfecta con el Termo de acero inoxidable de 1 litro. Pr\u00e1ctico, duradero e ideal para todas tus salidas.","breadcrumb":{"@id":"https:\/\/shopvalley.fr\/es\/produit\/termo-isotermico-1l-acero-inoxidable\/#breadcrumb"},"inLanguage":"es","potentialAction":[{"@type":"ReadAction","target":["https:\/\/shopvalley.fr\/es\/produit\/termo-isotermico-1l-acero-inoxidable\/"]}]},{"@type":"ImageObject","inLanguage":"es","@id":"https:\/\/shopvalley.fr\/es\/produit\/termo-isotermico-1l-acero-inoxidable\/#primaryimage","url":"https:\/\/shopvalley.fr\/wp-content\/uploads\/2024\/10\/GourdeThermos-9.png","contentUrl":"https:\/\/shopvalley.fr\/wp-content\/uploads\/2024\/10\/GourdeThermos-9.png","width":800,"height":800},{"@type":"BreadcrumbList","@id":"https:\/\/shopvalley.fr\/es\/produit\/termo-isotermico-1l-acero-inoxidable\/#breadcrumb","itemListElement":[{"@type":"ListItem","position":1,"name":"Accueil","item":"https:\/\/shopvalley.fr\/es\/"},{"@type":"ListItem","position":2,"name":"Todos los productos","item":"https:\/\/shopvalley.fr\/es\/todos-los-productos\/"},{"@type":"ListItem","position":3,"name":"Accessoires","item":"https:\/\/shopvalley.fr\/categorie-produit\/accessoires\/"},{"@type":"ListItem","position":4,"name":"Termo Isot\u00e9rmico 1L Acero inoxidable"}]},{"@type":"WebSite","@id":"https:\/\/shopvalley.fr\/es\/#website","url":"https:\/\/shopvalley.fr\/es\/","name":"ShopValley","description":"\u00a1Productos de moda a precios bajos!","publisher":{"@id":"https:\/\/shopvalley.fr\/es\/#organization"},"potentialAction":[{"@type":"SearchAction","target":{"@type":"EntryPoint","urlTemplate":"https:\/\/shopvalley.fr\/es\/?s={search_term_string}"},"query-input":{"@type":"PropertyValueSpecification","valueRequired":true,"valueName":"search_term_string"}}],"inLanguage":"es"},{"@type":"Organization","@id":"https:\/\/shopvalley.fr\/es\/#organization","name":"Shopvalley","url":"https:\/\/shopvalley.fr\/es\/","logo":{"@type":"ImageObject","inLanguage":"es","@id":"https:\/\/shopvalley.fr\/es\/#\/schema\/logo\/image\/","url":"https:\/\/shopvalley.fr\/wp-content\/uploads\/2023\/11\/cropped-Copie-de-Logo-ShopValley-500-x-500-px-1.png","contentUrl":"https:\/\/shopvalley.fr\/wp-content\/uploads\/2023\/11\/cropped-Copie-de-Logo-ShopValley-500-x-500-px-1.png","width":512,"height":512,"caption":"Shopvalley"},"image":{"@id":"https:\/\/shopvalley.fr\/es\/#\/schema\/logo\/image\/"}}]}},"jetpack_sharing_enabled":true,"_links":{"self":[{"href":"https:\/\/shopvalley.fr\/es\/wp-json\/wp\/v2\/product\/40563","targetHints":{"allow":["GET"]}}],"collection":[{"href":"https:\/\/shopvalley.fr\/es\/wp-json\/wp\/v2\/product"}],"about":[{"href":"https:\/\/shopvalley.fr\/es\/wp-json\/wp\/v2\/types\/product"}],"replies":[{"embeddable":true,"href":"https:\/\/shopvalley.fr\/es\/wp-json\/wp\/v2\/comments?post=40563"}],"version-history":[{"count":2,"href":"https:\/\/shopvalley.fr\/es\/wp-json\/wp\/v2\/product\/40563\/revisions"}],"predecessor-version":[{"id":51515,"href":"https:\/\/shopvalley.fr\/es\/wp-json\/wp\/v2\/product\/40563\/revisions\/51515"}],"wp:featuredmedia":[{"embeddable":true,"href":"https:\/\/shopvalley.fr\/es\/wp-json\/wp\/v2\/media\/40421"}],"wp:attachment":[{"href":"https:\/\/shopvalley.fr\/es\/wp-json\/wp\/v2\/media?parent=40563"}],"wp:term":[{"taxonomy":"product_brand","embeddable":true,"href":"https:\/\/shopvalley.fr\/es\/wp-json\/wp\/v2\/product_brand?post=40563"},{"taxonomy":"product_cat","embeddable":true,"href":"https:\/\/shopvalley.fr\/es\/wp-json\/wp\/v2\/product_cat?post=40563"},{"taxonomy":"product_tag","embeddable":true,"href":"https:\/\/shopvalley.fr\/es\/wp-json\/wp\/v2\/product_tag?post=40563"}],"curies":[{"name":"wp","href":"https:\/\/api.w.org\/{rel}","templated":true}]}}