{"id":40528,"date":"2024-11-03T12:12:51","date_gmt":"2024-11-03T11:12:51","guid":{"rendered":"https:\/\/shopvalley.fr\/produit\/lampara-led-de-camping-linterna-usb\/"},"modified":"2025-11-18T20:55:45","modified_gmt":"2025-11-18T19:55:45","slug":"lampara-led-de-camping-linterna-usb","status":"publish","type":"product","link":"https:\/\/shopvalley.fr\/es\/produit\/lampara-led-de-camping-linterna-usb\/","title":{"rendered":"L\u00e1mpara LED de camping Linterna USB"},"content":{"rendered":"<h3><span style=\"font-size: 14pt; color: #000000;\"><strong>\ud83c\udf1f \u00a1Ilumina tus aventuras con la L\u00e1mpara LED USB de mano para camping!<\/strong><\/span><\/h3>\n<p><span style=\"font-size: 14pt; color: #000000;\">\u00bfBuscas una fuente de luz fiable para tus escapadas al aire libre? La <strong>Luz LED USB de mano para camping<\/strong> est\u00e1 especialmente dise\u00f1ada para los amantes de la naturaleza. Con su bater\u00eda de 4000 mAh, proporciona horas de potente iluminaci\u00f3n, incluso en las condiciones m\u00e1s oscuras. \u00a1Prep\u00e1rate para convertir tus noches al aire libre en un momento de confort y seguridad! <\/span><\/p>\n<p><img loading=\"lazy\" decoding=\"async\" class=\"aligncenter size-full wp-image-33863\" src=\"http:\/\/shopvalley.fr\/wp-content\/uploads\/2024\/11\/Lampe-Camping-Baladeuse-USB-1.gif\" alt=\"\" width=\"320\" height=\"320\" \/><\/p>\n<h3><span style=\"font-size: 14pt; color: #000000;\"><strong>\ud83d\udd0b Bater\u00eda de larga duraci\u00f3n para una iluminaci\u00f3n ininterrumpida<\/strong><\/span><\/h3>\n<p><span style=\"font-size: 14pt; color: #000000;\">\u00a1No dejes que la oscuridad interrumpa tu aventura! Esta linterna de camping est\u00e1 equipada con una <strong>potente bater\u00eda de 4000 mAh<\/strong>, que proporciona una larga autonom\u00eda para una iluminaci\u00f3n nocturna sin preocupaciones. Recargable mediante USB-C, est\u00e1 lista para llevarte a cualquier parte, ya sea a una simple excursi\u00f3n o a un largo viaje de acampada. <\/span><\/p>\n<p><img loading=\"lazy\" decoding=\"async\" class=\"aligncenter wp-image-33855\" src=\"http:\/\/shopvalley.fr\/wp-content\/uploads\/2024\/11\/Lampe-Camping-Baladeuse-USB-2-e1730634856954.webp\" alt=\"\" width=\"425\" height=\"565\" \/><\/p>\n<h3><span style=\"font-size: 14pt; color: #000000;\"><strong>\ud83c\udf92 L\u00e1mpara LED USB de camping: pr\u00e1ctica y f\u00e1cil de transportar<\/strong><\/span><\/h3>\n<p><span style=\"font-size: 14pt; color: #000000;\">Con su <strong>gancho retr\u00e1ctil<\/strong> y su <strong>anilla de transporte<\/strong>, la Linterna LED para Caminar es f\u00e1cil de colocar donde quieras: dentro de la tienda, en una rama o incluso en la mochila. Su dise\u00f1o compacto y ligero hace que sea f\u00e1cil de llevar a cualquier parte sin ocupar demasiado espacio. <\/span><\/p>\n<p><img loading=\"lazy\" decoding=\"async\" class=\"aligncenter wp-image-33856\" src=\"http:\/\/shopvalley.fr\/wp-content\/uploads\/2024\/11\/Lampe-Camping-Baladeuse-USB-3.png\" alt=\"\" width=\"467\" height=\"467\" srcset=\"https:\/\/shopvalley.fr\/wp-content\/uploads\/2024\/11\/Lampe-Camping-Baladeuse-USB-3.png 800w, https:\/\/shopvalley.fr\/wp-content\/uploads\/2024\/11\/Lampe-Camping-Baladeuse-USB-3-430x430.png 430w, https:\/\/shopvalley.fr\/wp-content\/uploads\/2024\/11\/Lampe-Camping-Baladeuse-USB-3-150x150.png 150w, https:\/\/shopvalley.fr\/wp-content\/uploads\/2024\/11\/Lampe-Camping-Baladeuse-USB-3-700x700.png 700w, https:\/\/shopvalley.fr\/wp-content\/uploads\/2024\/11\/Lampe-Camping-Baladeuse-USB-3-300x300.png 300w, https:\/\/shopvalley.fr\/wp-content\/uploads\/2024\/11\/Lampe-Camping-Baladeuse-USB-3-768x768.png 768w\" sizes=\"auto, (max-width: 467px) 100vw, 467px\" \/><\/p>\n<h3><span style=\"font-size: 14pt; color: #000000;\"><strong>\ud83d\udca1 Iluminaci\u00f3n regulable para todas las situaciones<\/strong><\/span><\/h3>\n<p><span style=\"font-size: 14pt; color: #000000;\">\u00bfNecesitas una luz energizante o un ambiente m\u00e1s suave? Esta luz de camping tiene varios <strong>modos de iluminaci\u00f3n<\/strong>, desde el blanco fr\u00edo ideal para leer hasta el blanco c\u00e1lido para un ambiente acogedor alrededor de la hoguera. S\u00f3lo tienes que mantener pulsado el bot\u00f3n para ajustar la intensidad a tu estado de \u00e1nimo. <\/span><\/p>\n<p><img loading=\"lazy\" decoding=\"async\" class=\"aligncenter wp-image-33861\" src=\"http:\/\/shopvalley.fr\/wp-content\/uploads\/2024\/11\/Lampe-Camping-Baladeuse-USB-5.jpg\" alt=\"\" width=\"450\" height=\"450\" srcset=\"https:\/\/shopvalley.fr\/wp-content\/uploads\/2024\/11\/Lampe-Camping-Baladeuse-USB-5.jpg 900w, https:\/\/shopvalley.fr\/wp-content\/uploads\/2024\/11\/Lampe-Camping-Baladeuse-USB-5-430x430.jpg 430w, https:\/\/shopvalley.fr\/wp-content\/uploads\/2024\/11\/Lampe-Camping-Baladeuse-USB-5-150x150.jpg 150w, https:\/\/shopvalley.fr\/wp-content\/uploads\/2024\/11\/Lampe-Camping-Baladeuse-USB-5-700x700.jpg 700w, https:\/\/shopvalley.fr\/wp-content\/uploads\/2024\/11\/Lampe-Camping-Baladeuse-USB-5-300x300.jpg 300w, https:\/\/shopvalley.fr\/wp-content\/uploads\/2024\/11\/Lampe-Camping-Baladeuse-USB-5-800x800.jpg 800w, https:\/\/shopvalley.fr\/wp-content\/uploads\/2024\/11\/Lampe-Camping-Baladeuse-USB-5-768x768.jpg 768w\" sizes=\"auto, (max-width: 450px) 100vw, 450px\" \/><\/p>\n<h3><span style=\"font-size: 14pt; color: #000000;\"><strong>\ud83c\udf0c Tu compa\u00f1ero nocturno<\/strong><\/span><\/h3>\n<p><span style=\"font-size: 14pt; color: #000000;\">La Luz LED de Camping Wandering es m\u00e1s que una simple luz: es tu aliada en todas tus aventuras. Su <strong>iluminaci\u00f3n LED de alta calidad<\/strong> garantiza una luminosidad constante y duradera, perfecta para delimitar un camino o crear un ambiente acogedor alrededor del fuego. Sea cual sea la naturaleza de tu actividad al aire libre, \u00a1satisfar\u00e1 todas tus necesidades en un abrir y cerrar de ojos! <\/span><\/p>\n<p><img loading=\"lazy\" decoding=\"async\" class=\"aligncenter wp-image-33862\" src=\"http:\/\/shopvalley.fr\/wp-content\/uploads\/2024\/11\/Lampe-Camping-Baladeuse-USB-7.jpg\" alt=\"\" width=\"491\" height=\"491\" srcset=\"https:\/\/shopvalley.fr\/wp-content\/uploads\/2024\/11\/Lampe-Camping-Baladeuse-USB-7.jpg 900w, https:\/\/shopvalley.fr\/wp-content\/uploads\/2024\/11\/Lampe-Camping-Baladeuse-USB-7-430x430.jpg 430w, https:\/\/shopvalley.fr\/wp-content\/uploads\/2024\/11\/Lampe-Camping-Baladeuse-USB-7-150x150.jpg 150w, https:\/\/shopvalley.fr\/wp-content\/uploads\/2024\/11\/Lampe-Camping-Baladeuse-USB-7-700x700.jpg 700w, https:\/\/shopvalley.fr\/wp-content\/uploads\/2024\/11\/Lampe-Camping-Baladeuse-USB-7-300x300.jpg 300w, https:\/\/shopvalley.fr\/wp-content\/uploads\/2024\/11\/Lampe-Camping-Baladeuse-USB-7-800x800.jpg 800w, https:\/\/shopvalley.fr\/wp-content\/uploads\/2024\/11\/Lampe-Camping-Baladeuse-USB-7-768x768.jpg 768w\" sizes=\"auto, (max-width: 491px) 100vw, 491px\" \/><\/p>\n<p><span style=\"font-size: 14pt; color: #000000;\">\u00a1Transforma tus noches al aire libre con la L\u00e1mpara LED Port\u00e1til para Camping y consigue la luz adecuada para todas tus aventuras!<\/span><\/p>\n","protected":false},"excerpt":{"rendered":"<p><span style=\"font-size: 14pt; color: #000000;\">\u00a1Iluminaci\u00f3n para todas tus aventuras!<\/span><\/p>\n","protected":false},"featured_media":40443,"comment_status":"closed","ping_status":"closed","template":"","meta":[],"product_brand":[1139],"product_cat":[988,1085],"product_tag":[990],"class_list":{"0":"post-40528","1":"product","2":"type-product","3":"status-publish","4":"has-post-thumbnail","6":"product_brand-shopvalley","7":"product_cat-accesorios","8":"product_cat-shopping_es-es","9":"product_tag-noflash-es","11":"first","12":"instock","13":"sale","14":"taxable","15":"shipping-taxable","16":"purchasable","17":"product-type-simple"},"yoast_head":"<!-- This site is optimized with the Yoast SEO plugin v27.4 - https:\/\/yoast.com\/product\/yoast-seo-wordpress\/ -->\n<title>L\u00e1mpara LED de camping Linterna USB - ShopValley<\/title>\n<meta name=\"description\" content=\"La L\u00e1mpara LED Port\u00e1til USB para Camping est\u00e1 dise\u00f1ada para los amantes de la naturaleza. Con su bater\u00eda de 4000 mAh, proporciona horas de potente iluminaci\u00f3n.\" \/>\n<meta name=\"robots\" content=\"index, follow, max-snippet:-1, max-image-preview:large, max-video-preview:-1\" \/>\n<link rel=\"canonical\" href=\"https:\/\/shopvalley.fr\/es\/produit\/lampara-led-de-camping-linterna-usb\/\" \/>\n<meta property=\"og:locale\" content=\"es_ES\" \/>\n<meta property=\"og:type\" content=\"article\" \/>\n<meta property=\"og:title\" content=\"L\u00e1mpara LED de camping Linterna USB - ShopValley\" \/>\n<meta property=\"og:description\" content=\"La L\u00e1mpara LED Port\u00e1til USB para Camping est\u00e1 dise\u00f1ada para los amantes de la naturaleza. Con su bater\u00eda de 4000 mAh, proporciona horas de potente iluminaci\u00f3n.\" \/>\n<meta property=\"og:url\" content=\"https:\/\/shopvalley.fr\/es\/produit\/lampara-led-de-camping-linterna-usb\/\" \/>\n<meta property=\"og:site_name\" content=\"ShopValley\" \/>\n<meta property=\"article:modified_time\" content=\"2025-11-18T19:55:45+00:00\" \/>\n<meta property=\"og:image\" content=\"https:\/\/shopvalley.fr\/wp-content\/uploads\/2024\/11\/Lampe-Camping-Baladeuse-USB-2-e1730634856954.webp\" \/>\n\t<meta property=\"og:image:width\" content=\"789\" \/>\n\t<meta property=\"og:image:height\" content=\"789\" \/>\n\t<meta property=\"og:image:type\" content=\"image\/webp\" \/>\n<script type=\"application\/ld+json\" class=\"yoast-schema-graph\">{\"@context\":\"https:\\\/\\\/schema.org\",\"@graph\":[{\"@type\":\"WebPage\",\"@id\":\"https:\\\/\\\/shopvalley.fr\\\/es\\\/produit\\\/lampara-led-de-camping-linterna-usb\\\/\",\"url\":\"https:\\\/\\\/shopvalley.fr\\\/es\\\/produit\\\/lampara-led-de-camping-linterna-usb\\\/\",\"name\":\"L\u00e1mpara LED de camping Linterna USB - ShopValley\",\"isPartOf\":{\"@id\":\"https:\\\/\\\/shopvalley.fr\\\/es\\\/#website\"},\"primaryImageOfPage\":{\"@id\":\"https:\\\/\\\/shopvalley.fr\\\/es\\\/produit\\\/lampara-led-de-camping-linterna-usb\\\/#primaryimage\"},\"image\":{\"@id\":\"https:\\\/\\\/shopvalley.fr\\\/es\\\/produit\\\/lampara-led-de-camping-linterna-usb\\\/#primaryimage\"},\"thumbnailUrl\":\"https:\\\/\\\/shopvalley.fr\\\/wp-content\\\/uploads\\\/2024\\\/11\\\/Lampe-Camping-Baladeuse-USB-2-e1730634856954.webp\",\"datePublished\":\"2024-11-03T11:12:51+00:00\",\"dateModified\":\"2025-11-18T19:55:45+00:00\",\"description\":\"La L\u00e1mpara LED Port\u00e1til USB para Camping est\u00e1 dise\u00f1ada para los amantes de la naturaleza. Con su bater\u00eda de 4000 mAh, proporciona horas de potente iluminaci\u00f3n.\",\"breadcrumb\":{\"@id\":\"https:\\\/\\\/shopvalley.fr\\\/es\\\/produit\\\/lampara-led-de-camping-linterna-usb\\\/#breadcrumb\"},\"inLanguage\":\"es\",\"potentialAction\":[{\"@type\":\"ReadAction\",\"target\":[\"https:\\\/\\\/shopvalley.fr\\\/es\\\/produit\\\/lampara-led-de-camping-linterna-usb\\\/\"]}]},{\"@type\":\"ImageObject\",\"inLanguage\":\"es\",\"@id\":\"https:\\\/\\\/shopvalley.fr\\\/es\\\/produit\\\/lampara-led-de-camping-linterna-usb\\\/#primaryimage\",\"url\":\"https:\\\/\\\/shopvalley.fr\\\/wp-content\\\/uploads\\\/2024\\\/11\\\/Lampe-Camping-Baladeuse-USB-2-e1730634856954.webp\",\"contentUrl\":\"https:\\\/\\\/shopvalley.fr\\\/wp-content\\\/uploads\\\/2024\\\/11\\\/Lampe-Camping-Baladeuse-USB-2-e1730634856954.webp\",\"width\":789,\"height\":789},{\"@type\":\"BreadcrumbList\",\"@id\":\"https:\\\/\\\/shopvalley.fr\\\/es\\\/produit\\\/lampara-led-de-camping-linterna-usb\\\/#breadcrumb\",\"itemListElement\":[{\"@type\":\"ListItem\",\"position\":1,\"name\":\"Accueil\",\"item\":\"https:\\\/\\\/shopvalley.fr\\\/es\\\/\"},{\"@type\":\"ListItem\",\"position\":2,\"name\":\"Todos los productos\",\"item\":\"https:\\\/\\\/shopvalley.fr\\\/es\\\/todos-los-productos\\\/\"},{\"@type\":\"ListItem\",\"position\":3,\"name\":\"Accessoires\",\"item\":\"https:\\\/\\\/shopvalley.fr\\\/categorie-produit\\\/accessoires\\\/\"},{\"@type\":\"ListItem\",\"position\":4,\"name\":\"L\u00e1mpara LED de camping Linterna USB\"}]},{\"@type\":\"WebSite\",\"@id\":\"https:\\\/\\\/shopvalley.fr\\\/es\\\/#website\",\"url\":\"https:\\\/\\\/shopvalley.fr\\\/es\\\/\",\"name\":\"ShopValley\",\"description\":\"\u00a1Productos de moda a precios bajos!\",\"publisher\":{\"@id\":\"https:\\\/\\\/shopvalley.fr\\\/es\\\/#organization\"},\"potentialAction\":[{\"@type\":\"SearchAction\",\"target\":{\"@type\":\"EntryPoint\",\"urlTemplate\":\"https:\\\/\\\/shopvalley.fr\\\/es\\\/?s={search_term_string}\"},\"query-input\":{\"@type\":\"PropertyValueSpecification\",\"valueRequired\":true,\"valueName\":\"search_term_string\"}}],\"inLanguage\":\"es\"},{\"@type\":\"Organization\",\"@id\":\"https:\\\/\\\/shopvalley.fr\\\/es\\\/#organization\",\"name\":\"Shopvalley\",\"url\":\"https:\\\/\\\/shopvalley.fr\\\/es\\\/\",\"logo\":{\"@type\":\"ImageObject\",\"inLanguage\":\"es\",\"@id\":\"https:\\\/\\\/shopvalley.fr\\\/es\\\/#\\\/schema\\\/logo\\\/image\\\/\",\"url\":\"https:\\\/\\\/shopvalley.fr\\\/wp-content\\\/uploads\\\/2023\\\/11\\\/cropped-Copie-de-Logo-ShopValley-500-x-500-px-1.png\",\"contentUrl\":\"https:\\\/\\\/shopvalley.fr\\\/wp-content\\\/uploads\\\/2023\\\/11\\\/cropped-Copie-de-Logo-ShopValley-500-x-500-px-1.png\",\"width\":512,\"height\":512,\"caption\":\"Shopvalley\"},\"image\":{\"@id\":\"https:\\\/\\\/shopvalley.fr\\\/es\\\/#\\\/schema\\\/logo\\\/image\\\/\"}}]}<\/script>\n<!-- \/ Yoast SEO plugin. -->","yoast_head_json":{"title":"L\u00e1mpara LED de camping Linterna USB - ShopValley","description":"La L\u00e1mpara LED Port\u00e1til USB para Camping est\u00e1 dise\u00f1ada para los amantes de la naturaleza. Con su bater\u00eda de 4000 mAh, proporciona horas de potente iluminaci\u00f3n.","robots":{"index":"index","follow":"follow","max-snippet":"max-snippet:-1","max-image-preview":"max-image-preview:large","max-video-preview":"max-video-preview:-1"},"canonical":"https:\/\/shopvalley.fr\/es\/produit\/lampara-led-de-camping-linterna-usb\/","og_locale":"es_ES","og_type":"article","og_title":"L\u00e1mpara LED de camping Linterna USB - ShopValley","og_description":"La L\u00e1mpara LED Port\u00e1til USB para Camping est\u00e1 dise\u00f1ada para los amantes de la naturaleza. Con su bater\u00eda de 4000 mAh, proporciona horas de potente iluminaci\u00f3n.","og_url":"https:\/\/shopvalley.fr\/es\/produit\/lampara-led-de-camping-linterna-usb\/","og_site_name":"ShopValley","article_modified_time":"2025-11-18T19:55:45+00:00","og_image":[{"width":789,"height":789,"url":"https:\/\/shopvalley.fr\/wp-content\/uploads\/2024\/11\/Lampe-Camping-Baladeuse-USB-2-e1730634856954.webp","type":"image\/webp"}],"schema":{"@context":"https:\/\/schema.org","@graph":[{"@type":"WebPage","@id":"https:\/\/shopvalley.fr\/es\/produit\/lampara-led-de-camping-linterna-usb\/","url":"https:\/\/shopvalley.fr\/es\/produit\/lampara-led-de-camping-linterna-usb\/","name":"L\u00e1mpara LED de camping Linterna USB - ShopValley","isPartOf":{"@id":"https:\/\/shopvalley.fr\/es\/#website"},"primaryImageOfPage":{"@id":"https:\/\/shopvalley.fr\/es\/produit\/lampara-led-de-camping-linterna-usb\/#primaryimage"},"image":{"@id":"https:\/\/shopvalley.fr\/es\/produit\/lampara-led-de-camping-linterna-usb\/#primaryimage"},"thumbnailUrl":"https:\/\/shopvalley.fr\/wp-content\/uploads\/2024\/11\/Lampe-Camping-Baladeuse-USB-2-e1730634856954.webp","datePublished":"2024-11-03T11:12:51+00:00","dateModified":"2025-11-18T19:55:45+00:00","description":"La L\u00e1mpara LED Port\u00e1til USB para Camping est\u00e1 dise\u00f1ada para los amantes de la naturaleza. Con su bater\u00eda de 4000 mAh, proporciona horas de potente iluminaci\u00f3n.","breadcrumb":{"@id":"https:\/\/shopvalley.fr\/es\/produit\/lampara-led-de-camping-linterna-usb\/#breadcrumb"},"inLanguage":"es","potentialAction":[{"@type":"ReadAction","target":["https:\/\/shopvalley.fr\/es\/produit\/lampara-led-de-camping-linterna-usb\/"]}]},{"@type":"ImageObject","inLanguage":"es","@id":"https:\/\/shopvalley.fr\/es\/produit\/lampara-led-de-camping-linterna-usb\/#primaryimage","url":"https:\/\/shopvalley.fr\/wp-content\/uploads\/2024\/11\/Lampe-Camping-Baladeuse-USB-2-e1730634856954.webp","contentUrl":"https:\/\/shopvalley.fr\/wp-content\/uploads\/2024\/11\/Lampe-Camping-Baladeuse-USB-2-e1730634856954.webp","width":789,"height":789},{"@type":"BreadcrumbList","@id":"https:\/\/shopvalley.fr\/es\/produit\/lampara-led-de-camping-linterna-usb\/#breadcrumb","itemListElement":[{"@type":"ListItem","position":1,"name":"Accueil","item":"https:\/\/shopvalley.fr\/es\/"},{"@type":"ListItem","position":2,"name":"Todos los productos","item":"https:\/\/shopvalley.fr\/es\/todos-los-productos\/"},{"@type":"ListItem","position":3,"name":"Accessoires","item":"https:\/\/shopvalley.fr\/categorie-produit\/accessoires\/"},{"@type":"ListItem","position":4,"name":"L\u00e1mpara LED de camping Linterna USB"}]},{"@type":"WebSite","@id":"https:\/\/shopvalley.fr\/es\/#website","url":"https:\/\/shopvalley.fr\/es\/","name":"ShopValley","description":"\u00a1Productos de moda a precios bajos!","publisher":{"@id":"https:\/\/shopvalley.fr\/es\/#organization"},"potentialAction":[{"@type":"SearchAction","target":{"@type":"EntryPoint","urlTemplate":"https:\/\/shopvalley.fr\/es\/?s={search_term_string}"},"query-input":{"@type":"PropertyValueSpecification","valueRequired":true,"valueName":"search_term_string"}}],"inLanguage":"es"},{"@type":"Organization","@id":"https:\/\/shopvalley.fr\/es\/#organization","name":"Shopvalley","url":"https:\/\/shopvalley.fr\/es\/","logo":{"@type":"ImageObject","inLanguage":"es","@id":"https:\/\/shopvalley.fr\/es\/#\/schema\/logo\/image\/","url":"https:\/\/shopvalley.fr\/wp-content\/uploads\/2023\/11\/cropped-Copie-de-Logo-ShopValley-500-x-500-px-1.png","contentUrl":"https:\/\/shopvalley.fr\/wp-content\/uploads\/2023\/11\/cropped-Copie-de-Logo-ShopValley-500-x-500-px-1.png","width":512,"height":512,"caption":"Shopvalley"},"image":{"@id":"https:\/\/shopvalley.fr\/es\/#\/schema\/logo\/image\/"}}]}},"jetpack_sharing_enabled":true,"_links":{"self":[{"href":"https:\/\/shopvalley.fr\/es\/wp-json\/wp\/v2\/product\/40528","targetHints":{"allow":["GET"]}}],"collection":[{"href":"https:\/\/shopvalley.fr\/es\/wp-json\/wp\/v2\/product"}],"about":[{"href":"https:\/\/shopvalley.fr\/es\/wp-json\/wp\/v2\/types\/product"}],"replies":[{"embeddable":true,"href":"https:\/\/shopvalley.fr\/es\/wp-json\/wp\/v2\/comments?post=40528"}],"version-history":[{"count":4,"href":"https:\/\/shopvalley.fr\/es\/wp-json\/wp\/v2\/product\/40528\/revisions"}],"predecessor-version":[{"id":51514,"href":"https:\/\/shopvalley.fr\/es\/wp-json\/wp\/v2\/product\/40528\/revisions\/51514"}],"wp:featuredmedia":[{"embeddable":true,"href":"https:\/\/shopvalley.fr\/es\/wp-json\/wp\/v2\/media\/40443"}],"wp:attachment":[{"href":"https:\/\/shopvalley.fr\/es\/wp-json\/wp\/v2\/media?parent=40528"}],"wp:term":[{"taxonomy":"product_brand","embeddable":true,"href":"https:\/\/shopvalley.fr\/es\/wp-json\/wp\/v2\/product_brand?post=40528"},{"taxonomy":"product_cat","embeddable":true,"href":"https:\/\/shopvalley.fr\/es\/wp-json\/wp\/v2\/product_cat?post=40528"},{"taxonomy":"product_tag","embeddable":true,"href":"https:\/\/shopvalley.fr\/es\/wp-json\/wp\/v2\/product_tag?post=40528"}],"curies":[{"name":"wp","href":"https:\/\/api.w.org\/{rel}","templated":true}]}}