{"id":40524,"date":"2023-06-03T22:17:26","date_gmt":"2023-06-03T20:17:26","guid":{"rendered":"https:\/\/shopvalley.fr\/condiciones-generales-de-facturacion\/"},"modified":"2025-01-26T18:34:35","modified_gmt":"2025-01-26T17:34:35","slug":"condiciones-generales-de-facturacion","status":"publish","type":"page","link":"https:\/\/shopvalley.fr\/es\/condiciones-generales-de-facturacion\/","title":{"rendered":"Condiciones generales de facturaci\u00f3n"},"content":{"rendered":"\t\t<div data-elementor-type=\"wp-page\" data-elementor-id=\"40524\" class=\"elementor elementor-40524 elementor-14337\" data-elementor-post-type=\"page\">\n\t\t\t\t<div class=\"wd-negative-gap elementor-element elementor-element-76a1caf e-flex e-con-boxed e-con e-parent\" data-id=\"76a1caf\" data-element_type=\"container\" data-e-type=\"container\">\n\t\t\t\t\t<div class=\"e-con-inner\">\n\t\t\t\t<div class=\"elementor-element elementor-element-bf54dc5 wd-width-100 elementor-widget elementor-widget-wd_title\" data-id=\"bf54dc5\" data-element_type=\"widget\" data-e-type=\"widget\" data-widget_type=\"wd_title.default\">\n\t\t\t\t<div class=\"elementor-widget-container\">\n\t\t\t\t\t\t\t<div class=\"title-wrapper wd-set-mb reset-last-child wd-title-color-default wd-title-style-default wd-title-size-default text-left\">\n\n\t\t\t\n\t\t\t<div class=\"liner-continer\">\n\t\t\t\t<h4 class=\"woodmart-title-container title wd-fontsize-l\">CONDICIONES GENERALES DE PAGO<\/h4> \n\t\t\t\t\t\t\t<\/div>\n\n\t\t\t\t\t<\/div>\n\t\t\t\t\t\t<\/div>\n\t\t\t\t<\/div>\n\t\t\t\t\t<\/div>\n\t\t\t\t<\/div>\n\t\t<div class=\"wd-negative-gap elementor-element elementor-element-9df4610 wd-section-stretch e-flex e-con-boxed e-con e-parent\" data-id=\"9df4610\" data-element_type=\"container\" data-e-type=\"container\" data-settings=\"{&quot;background_background&quot;:&quot;classic&quot;}\">\n\t\t\t\t\t<div class=\"e-con-inner\">\n\t\t\t\t<div class=\"elementor-element elementor-element-e3b185e elementor-widget elementor-widget-wd_text_block\" data-id=\"e3b185e\" data-element_type=\"widget\" data-e-type=\"widget\" data-widget_type=\"wd_text_block.default\">\n\t\t\t\t<div class=\"elementor-widget-container\">\n\t\t\t\t\t\t\t<div class=\"wd-text-block reset-last-child text-left\">\n\t\t\t\n\t\t\t<p class=\"p1\"><span style=\"font-size: 14pt; color: #000000;\"><span class=\"s1\">Paga tus compras en <strong>ShopValley<\/strong><\/span><strong><span class=\"s2\"> <\/span><\/strong><span class=\"s1\">con toda confianza.<\/span><\/span><\/p><p><span style=\"color: #000000; font-size: 14pt;\">Nuestros precios incluyen todos los impuestos.<\/span><\/p><p class=\"p1\"><span class=\"s1\" style=\"font-size: 14pt; color: #000000;\">Nuestros sistemas de pago son seguros y utilizan un sistema de encriptaci\u00f3n mediante protocolo SSL.<\/span><\/p><p class=\"p1\"><span class=\"s1\" style=\"font-size: 14pt; color: #000000;\">Esto significa que ninguno de tus datos puede ser interceptado gracias al protocolo SSL.<\/span><\/p><p class=\"p1\"><span class=\"s1\" style=\"font-size: 14pt; color: #000000;\">Busca HTTPS en la barra de b\u00fasqueda de tu navegador, donde la \"S\" significa Seguro.<\/span><\/p><p class=\"p1\"><span class=\"s1\" style=\"font-size: 14pt; color: #000000;\"><b>NUESTRAS FORMAS DE PAGO<\/b><\/span><\/p><p class=\"p1\"><span class=\"s1\" style=\"font-size: 14pt; color: #000000;\">Para que tu pedido sea procesado, tu pago debe ser confirmado y validado por nuestro socio bancario.  <\/span><\/p><p class=\"p1\"><span class=\"s1\" style=\"font-size: 14pt; color: #000000;\">Aceptamos pagos a trav\u00e9s de nuestro socio Stripe.<\/span><\/p><p class=\"p1\"><span class=\"s1\" style=\"font-size: 14pt; color: #000000;\">En cuanto finalice tu pedido, recibir\u00e1s un correo electr\u00f3nico confirmando tu compra.  <\/span><\/p><p class=\"p1\"><span class=\"s1\" style=\"font-size: 14pt; color: #000000;\">Aceptamos pago con tarjeta: Visa, Mastercard, American Express<\/span><\/p><p><span class=\"s1\" style=\"font-size: 14pt; color: #000000;\">Tambi\u00e9n aceptamos pagos mediante Paypal, Apple Pay y Google Pay.<\/span><\/p><p class=\"p1\"><span class=\"s1\" style=\"font-size: 14pt; color: #000000;\"><b>\u00bfQUIERES QUE TE DEVOLVAMOS EL DINERO?<\/b><\/span><\/p><p class=\"p1\"><span style=\"font-size: 14pt; color: #000000;\"><span class=\"s1\">Si deseas un reembolso, ponte en contacto con nosotros en <\/span><strong><a href=\"mailto:contact@shopvalley.fr\">contact@shopvalley.fr<\/a><\/strong><\/span><\/p><p class=\"p1\"><span class=\"s1\" style=\"font-size: 14pt; color: #000000;\">Tu reembolso llegar\u00e1 a tu cuenta bancaria en un plazo de 7 d\u00edas desde la aceptaci\u00f3n del reembolso.<\/span><\/p><p><span style=\"font-size: 14pt; color: #000000;\"><strong>CONT\u00c1CTANOS<\/strong><\/span><\/p><p><span style=\"font-size: 14pt; color: #000000;\">De lunes a s\u00e1bado: de 8.00 a 19.00<\/span><br><span style=\"font-size: 14pt; color: #000000;\">Tel\u00e9fono: <strong>07 45 03 66 49<\/strong><\/span><br><span style=\"font-size: 14pt; color: #000000;\">Correo electr\u00f3nico: <strong>contact@shopvalley.fr<\/strong><\/span><br><span style=\"font-size: 14pt; color: #000000;\">Direcci\u00f3n: <strong><span style=\"color: #000000;\">21 rue Lavoisier, 94450 Limeil-Br\u00e9vannes, Francia<\/span><\/strong><\/span><\/p>\n\t\t\t\t\t<\/div>\n\t\t\t\t\t\t<\/div>\n\t\t\t\t<\/div>\n\t\t\t\t\t<\/div>\n\t\t\t\t<\/div>\n\t\t\t\t<\/div>\n\t\t","protected":false},"excerpt":{"rendered":"<p>CONDICIONES GENERALES DE PAGO Paga tus compras en ShopValley con toda confianza. Nuestros precios incluyen todos los impuestos. Nuestros sistemas<\/p>\n","protected":false},"author":1,"featured_media":0,"parent":0,"menu_order":0,"comment_status":"closed","ping_status":"closed","template":"","meta":{"footnotes":""},"class_list":["post-40524","page","type-page","status-publish","hentry"],"yoast_head":"<!-- This site is optimized with the Yoast SEO plugin v27.4 - https:\/\/yoast.com\/product\/yoast-seo-wordpress\/ -->\n<title>Condiciones generales de facturaci\u00f3n - ShopValley<\/title>\n<meta name=\"robots\" content=\"noindex, follow\" \/>\n<meta property=\"og:locale\" content=\"es_ES\" \/>\n<meta property=\"og:type\" content=\"article\" \/>\n<meta property=\"og:title\" content=\"Condiciones generales de facturaci\u00f3n - ShopValley\" \/>\n<meta property=\"og:description\" content=\"CONDICIONES GENERALES DE PAGO Paga tus compras en ShopValley con toda confianza. Nuestros precios incluyen todos los impuestos. Nuestros sistemas\" \/>\n<meta property=\"og:url\" content=\"https:\/\/shopvalley.fr\/es\/condiciones-generales-de-facturacion\/\" \/>\n<meta property=\"og:site_name\" content=\"ShopValley\" \/>\n<meta property=\"article:modified_time\" content=\"2025-01-26T17:34:35+00:00\" \/>\n<script type=\"application\/ld+json\" class=\"yoast-schema-graph\">{\"@context\":\"https:\\\/\\\/schema.org\",\"@graph\":[{\"@type\":\"WebPage\",\"@id\":\"https:\\\/\\\/shopvalley.fr\\\/es\\\/condiciones-generales-de-facturacion\\\/\",\"url\":\"https:\\\/\\\/shopvalley.fr\\\/es\\\/condiciones-generales-de-facturacion\\\/\",\"name\":\"Condiciones generales de facturaci\u00f3n - ShopValley\",\"isPartOf\":{\"@id\":\"https:\\\/\\\/shopvalley.fr\\\/es\\\/#website\"},\"datePublished\":\"2023-06-03T20:17:26+00:00\",\"dateModified\":\"2025-01-26T17:34:35+00:00\",\"breadcrumb\":{\"@id\":\"https:\\\/\\\/shopvalley.fr\\\/es\\\/condiciones-generales-de-facturacion\\\/#breadcrumb\"},\"inLanguage\":\"es\",\"potentialAction\":[{\"@type\":\"ReadAction\",\"target\":[\"https:\\\/\\\/shopvalley.fr\\\/es\\\/condiciones-generales-de-facturacion\\\/\"]}]},{\"@type\":\"BreadcrumbList\",\"@id\":\"https:\\\/\\\/shopvalley.fr\\\/es\\\/condiciones-generales-de-facturacion\\\/#breadcrumb\",\"itemListElement\":[{\"@type\":\"ListItem\",\"position\":1,\"name\":\"Accueil\",\"item\":\"https:\\\/\\\/shopvalley.fr\\\/es\\\/\"},{\"@type\":\"ListItem\",\"position\":2,\"name\":\"Condiciones generales de facturaci\u00f3n\"}]},{\"@type\":\"WebSite\",\"@id\":\"https:\\\/\\\/shopvalley.fr\\\/es\\\/#website\",\"url\":\"https:\\\/\\\/shopvalley.fr\\\/es\\\/\",\"name\":\"ShopValley\",\"description\":\"\u00a1Productos de moda a precios bajos!\",\"publisher\":{\"@id\":\"https:\\\/\\\/shopvalley.fr\\\/es\\\/#organization\"},\"potentialAction\":[{\"@type\":\"SearchAction\",\"target\":{\"@type\":\"EntryPoint\",\"urlTemplate\":\"https:\\\/\\\/shopvalley.fr\\\/es\\\/?s={search_term_string}\"},\"query-input\":{\"@type\":\"PropertyValueSpecification\",\"valueRequired\":true,\"valueName\":\"search_term_string\"}}],\"inLanguage\":\"es\"},{\"@type\":\"Organization\",\"@id\":\"https:\\\/\\\/shopvalley.fr\\\/es\\\/#organization\",\"name\":\"Shopvalley\",\"url\":\"https:\\\/\\\/shopvalley.fr\\\/es\\\/\",\"logo\":{\"@type\":\"ImageObject\",\"inLanguage\":\"es\",\"@id\":\"https:\\\/\\\/shopvalley.fr\\\/es\\\/#\\\/schema\\\/logo\\\/image\\\/\",\"url\":\"https:\\\/\\\/shopvalley.fr\\\/wp-content\\\/uploads\\\/2023\\\/11\\\/cropped-Copie-de-Logo-ShopValley-500-x-500-px-1.png\",\"contentUrl\":\"https:\\\/\\\/shopvalley.fr\\\/wp-content\\\/uploads\\\/2023\\\/11\\\/cropped-Copie-de-Logo-ShopValley-500-x-500-px-1.png\",\"width\":512,\"height\":512,\"caption\":\"Shopvalley\"},\"image\":{\"@id\":\"https:\\\/\\\/shopvalley.fr\\\/es\\\/#\\\/schema\\\/logo\\\/image\\\/\"}}]}<\/script>\n<!-- \/ Yoast SEO plugin. -->","yoast_head_json":{"title":"Condiciones generales de facturaci\u00f3n - ShopValley","robots":{"index":"noindex","follow":"follow"},"og_locale":"es_ES","og_type":"article","og_title":"Condiciones generales de facturaci\u00f3n - ShopValley","og_description":"CONDICIONES GENERALES DE PAGO Paga tus compras en ShopValley con toda confianza. Nuestros precios incluyen todos los impuestos. Nuestros sistemas","og_url":"https:\/\/shopvalley.fr\/es\/condiciones-generales-de-facturacion\/","og_site_name":"ShopValley","article_modified_time":"2025-01-26T17:34:35+00:00","schema":{"@context":"https:\/\/schema.org","@graph":[{"@type":"WebPage","@id":"https:\/\/shopvalley.fr\/es\/condiciones-generales-de-facturacion\/","url":"https:\/\/shopvalley.fr\/es\/condiciones-generales-de-facturacion\/","name":"Condiciones generales de facturaci\u00f3n - ShopValley","isPartOf":{"@id":"https:\/\/shopvalley.fr\/es\/#website"},"datePublished":"2023-06-03T20:17:26+00:00","dateModified":"2025-01-26T17:34:35+00:00","breadcrumb":{"@id":"https:\/\/shopvalley.fr\/es\/condiciones-generales-de-facturacion\/#breadcrumb"},"inLanguage":"es","potentialAction":[{"@type":"ReadAction","target":["https:\/\/shopvalley.fr\/es\/condiciones-generales-de-facturacion\/"]}]},{"@type":"BreadcrumbList","@id":"https:\/\/shopvalley.fr\/es\/condiciones-generales-de-facturacion\/#breadcrumb","itemListElement":[{"@type":"ListItem","position":1,"name":"Accueil","item":"https:\/\/shopvalley.fr\/es\/"},{"@type":"ListItem","position":2,"name":"Condiciones generales de facturaci\u00f3n"}]},{"@type":"WebSite","@id":"https:\/\/shopvalley.fr\/es\/#website","url":"https:\/\/shopvalley.fr\/es\/","name":"ShopValley","description":"\u00a1Productos de moda a precios bajos!","publisher":{"@id":"https:\/\/shopvalley.fr\/es\/#organization"},"potentialAction":[{"@type":"SearchAction","target":{"@type":"EntryPoint","urlTemplate":"https:\/\/shopvalley.fr\/es\/?s={search_term_string}"},"query-input":{"@type":"PropertyValueSpecification","valueRequired":true,"valueName":"search_term_string"}}],"inLanguage":"es"},{"@type":"Organization","@id":"https:\/\/shopvalley.fr\/es\/#organization","name":"Shopvalley","url":"https:\/\/shopvalley.fr\/es\/","logo":{"@type":"ImageObject","inLanguage":"es","@id":"https:\/\/shopvalley.fr\/es\/#\/schema\/logo\/image\/","url":"https:\/\/shopvalley.fr\/wp-content\/uploads\/2023\/11\/cropped-Copie-de-Logo-ShopValley-500-x-500-px-1.png","contentUrl":"https:\/\/shopvalley.fr\/wp-content\/uploads\/2023\/11\/cropped-Copie-de-Logo-ShopValley-500-x-500-px-1.png","width":512,"height":512,"caption":"Shopvalley"},"image":{"@id":"https:\/\/shopvalley.fr\/es\/#\/schema\/logo\/image\/"}}]}},"jetpack_sharing_enabled":true,"_links":{"self":[{"href":"https:\/\/shopvalley.fr\/es\/wp-json\/wp\/v2\/pages\/40524","targetHints":{"allow":["GET"]}}],"collection":[{"href":"https:\/\/shopvalley.fr\/es\/wp-json\/wp\/v2\/pages"}],"about":[{"href":"https:\/\/shopvalley.fr\/es\/wp-json\/wp\/v2\/types\/page"}],"author":[{"embeddable":true,"href":"https:\/\/shopvalley.fr\/es\/wp-json\/wp\/v2\/users\/1"}],"replies":[{"embeddable":true,"href":"https:\/\/shopvalley.fr\/es\/wp-json\/wp\/v2\/comments?post=40524"}],"version-history":[{"count":1,"href":"https:\/\/shopvalley.fr\/es\/wp-json\/wp\/v2\/pages\/40524\/revisions"}],"predecessor-version":[{"id":40525,"href":"https:\/\/shopvalley.fr\/es\/wp-json\/wp\/v2\/pages\/40524\/revisions\/40525"}],"wp:attachment":[{"href":"https:\/\/shopvalley.fr\/es\/wp-json\/wp\/v2\/media?parent=40524"}],"curies":[{"name":"wp","href":"https:\/\/api.w.org\/{rel}","templated":true}]}}