{"id":40518,"date":"2023-06-13T23:27:12","date_gmt":"2023-06-13T21:27:12","guid":{"rendered":"https:\/\/shopvalley.fr\/sobre-nosotros\/"},"modified":"2026-01-09T11:26:27","modified_gmt":"2026-01-09T10:26:27","slug":"sobre-nosotros","status":"publish","type":"page","link":"https:\/\/shopvalley.fr\/es\/sobre-nosotros\/","title":{"rendered":"Sobre nosotros"},"content":{"rendered":"\t\t<div data-elementor-type=\"wp-page\" data-elementor-id=\"40518\" class=\"elementor elementor-40518 elementor-15672\" data-elementor-post-type=\"page\">\n\t\t\t\t<div class=\"wd-negative-gap elementor-element elementor-element-fac838b e-flex e-con-boxed e-con e-parent\" data-id=\"fac838b\" data-element_type=\"container\" data-e-type=\"container\">\n\t\t\t\t\t<div class=\"e-con-inner\">\n\t\t\t\t<div class=\"elementor-element elementor-element-7077e43 elementor-widget elementor-widget-wd_text_block\" data-id=\"7077e43\" data-element_type=\"widget\" data-e-type=\"widget\" data-widget_type=\"wd_text_block.default\">\n\t\t\t\t<div class=\"elementor-widget-container\">\n\t\t\t\t\t\t\t<div class=\"wd-text-block reset-last-child text-left\">\n\t\t\t\n\t\t\t<p><span style=\"font-size: 14pt; color: #000000;\"><strong>Acerca de ShopValley<\/strong><\/span><\/p><p><span style=\"font-size: 14pt; color: #000000;\">Bienvenido a <strong>ShopValley<\/strong>, \u00a1tu destino online para productos de moda a precios bajos! Fundada en 2023 por un equipo de personas apasionadas, somos una empresa de comercio dedicada a ofrecer una experiencia de compra excepcional a nuestros clientes. <\/span><\/p><p><span style=\"font-size: 14pt; color: #000000;\"><strong>Nuestra misi\u00f3n<\/strong> <\/span><\/p><p><span style=\"font-size: 14pt; color: #000000;\">En <strong>ShopValley<\/strong>, nuestra misi\u00f3n es sencilla: satisfacer a nuestros clientes ofreci\u00e9ndoles una amplia gama de productos de calidad a precios competitivos. Creemos que todo el mundo merece tener acceso a productos de calidad, ya sea ropa, art\u00edculos para el hogar, accesorios o cualquier otra cosa. Trabajamos duro para ofrecerte una selecci\u00f3n variada que satisfaga todas tus necesidades.  <\/span><\/p><p><span style=\"font-size: 14pt; color: #000000;\"><strong>Un equipo apasionado<\/strong> <\/span><\/p><p><span style=\"font-size: 14pt; color: #000000;\">Nuestro equipo es la clave de nuestro \u00e9xito. Nos esforzamos por proporcionarte una experiencia de compra excepcional en cada etapa de tu viaje por <strong>ShopValley<\/strong>. Desde la b\u00fasqueda de los mejores productos hasta su presentaci\u00f3n en l\u00ednea, pasando por la tramitaci\u00f3n del pedido y la entrega, hacemos todo lo posible para superar tus expectativas.  <\/span><\/p><p><br><strong style=\"font-size: 14pt;\">El eslogan: Productos de moda al mejor precio<\/strong><span style=\"font-size: 14pt;\"> <\/span><\/p><p><span style=\"font-size: 14pt; color: #000000;\">Nuestro eslogan, \"Productos de moda al mejor precio\", refleja nuestro compromiso de ofrecerte una calidad excepcional a un precio asequible. Comprendemos la importancia de encontrar productos asequibles, y nos esforzamos por ofrecerte el mejor valor posible. <\/span><\/p><p><span style=\"font-size: 14pt; color: #000000;\"><strong>Entrega en toda Francia, Espa\u00f1a, B\u00e9lgica, Suiza y Luxemburgo<\/strong><\/span><\/p><p><span style=\"font-size: 14pt; color: #000000;\">En <strong>ShopValley<\/strong> estamos orgullosos de ofrecer entrega en toda Francia, B\u00e9lgica, Suiza y Luxemburgo. Est\u00e9s donde est\u00e9s, podr\u00e1s disfrutar de nuestros excepcionales productos. Trabajamos en estrecha colaboraci\u00f3n con socios log\u00edsticos de confianza para garantizar que tus pedidos te lleguen a tiempo y en perfectas condiciones.  <\/span><\/p><p><span style=\"font-size: 14pt; color: #000000;\"><strong>Tu satisfacci\u00f3n es nuestra prioridad<\/strong> <\/span><\/p><p><span style=\"font-size: 14pt; color: #000000;\">En <strong>ShopValley<\/strong>, tu satisfacci\u00f3n es nuestra m\u00e1xima prioridad. Nos esforzamos por cumplir tus expectativas y ofrecerte una experiencia de compra sin complicaciones. Nuestro dedicado equipo de atenci\u00f3n al cliente est\u00e1 aqu\u00ed para ayudarte y resolver cualquier problema que puedas tener. Tu confianza y satisfacci\u00f3n son la clave de nuestro \u00e9xito.   <\/span><\/p><p><br><\/p><p><span style=\"font-size: 14pt; color: #000000;\">Gracias por confiar en <strong>ShopValley<\/strong>. Explora nuestro sitio hoy mismo y descubre nuestra selecci\u00f3n de productos excepcionales a precios competitivos. \u00a1Esperamos proporcionarte una experiencia de compra en l\u00ednea inolvidable!  <\/span><\/p><p><span style=\"font-size: 14pt; color: #000000;\"><strong>DATOS DE CONTACTO:<\/strong><\/span><\/p><p><span style=\"font-size: 14pt; color: #000000;\">Direcci\u00f3n: <strong>21 rue Lavoisier, 94450, Limeil-Br\u00e9vannes, Francia<\/strong><\/span><\/p><p><span style=\"font-size: 14pt; color: #000000;\">Tel\u00e9fono: <strong>07 45 03 66 49<\/strong><\/span><\/p><p><span style=\"font-size: 14pt; color: #000000;\">Correo electr\u00f3nico: <strong><a style=\"color: #000000;\" href=\"mailto:contact@shopvalley.fr\">contact@shopvalley.fr<\/a><\/strong><\/span><\/p>\n\t\t\t\t\t<\/div>\n\t\t\t\t\t\t<\/div>\n\t\t\t\t<\/div>\n\t\t\t\t\t<\/div>\n\t\t\t\t<\/div>\n\t\t\t\t<\/div>\n\t\t","protected":false},"excerpt":{"rendered":"<p>Acerca de ShopValley Bienvenido a ShopValley, \u00a1tu destino online para productos de moda a precios bajos! Fundada en 2023 por<\/p>\n","protected":false},"author":1,"featured_media":0,"parent":0,"menu_order":0,"comment_status":"closed","ping_status":"closed","template":"","meta":{"footnotes":""},"class_list":["post-40518","page","type-page","status-publish","hentry"],"yoast_head":"<!-- This site is optimized with the Yoast SEO plugin v27.4 - https:\/\/yoast.com\/product\/yoast-seo-wordpress\/ -->\n<title>Sobre nosotros - ShopValley<\/title>\n<meta name=\"description\" content=\"Acerca de SHOPVALLEY.FR\" \/>\n<meta name=\"robots\" content=\"noindex, follow\" \/>\n<meta property=\"og:locale\" content=\"es_ES\" \/>\n<meta property=\"og:type\" content=\"article\" \/>\n<meta property=\"og:title\" content=\"Sobre nosotros - ShopValley\" \/>\n<meta property=\"og:description\" content=\"Acerca de SHOPVALLEY.FR\" \/>\n<meta property=\"og:url\" content=\"https:\/\/shopvalley.fr\/es\/sobre-nosotros\/\" \/>\n<meta property=\"og:site_name\" content=\"ShopValley\" \/>\n<meta property=\"article:modified_time\" content=\"2026-01-09T10:26:27+00:00\" \/>\n<script type=\"application\/ld+json\" class=\"yoast-schema-graph\">{\"@context\":\"https:\\\/\\\/schema.org\",\"@graph\":[{\"@type\":\"WebPage\",\"@id\":\"https:\\\/\\\/shopvalley.fr\\\/es\\\/sobre-nosotros\\\/\",\"url\":\"https:\\\/\\\/shopvalley.fr\\\/es\\\/sobre-nosotros\\\/\",\"name\":\"Sobre nosotros - ShopValley\",\"isPartOf\":{\"@id\":\"https:\\\/\\\/shopvalley.fr\\\/es\\\/#website\"},\"datePublished\":\"2023-06-13T21:27:12+00:00\",\"dateModified\":\"2026-01-09T10:26:27+00:00\",\"description\":\"Acerca de SHOPVALLEY.FR\",\"breadcrumb\":{\"@id\":\"https:\\\/\\\/shopvalley.fr\\\/es\\\/sobre-nosotros\\\/#breadcrumb\"},\"inLanguage\":\"es\",\"potentialAction\":[{\"@type\":\"ReadAction\",\"target\":[\"https:\\\/\\\/shopvalley.fr\\\/es\\\/sobre-nosotros\\\/\"]}]},{\"@type\":\"BreadcrumbList\",\"@id\":\"https:\\\/\\\/shopvalley.fr\\\/es\\\/sobre-nosotros\\\/#breadcrumb\",\"itemListElement\":[{\"@type\":\"ListItem\",\"position\":1,\"name\":\"Accueil\",\"item\":\"https:\\\/\\\/shopvalley.fr\\\/es\\\/\"},{\"@type\":\"ListItem\",\"position\":2,\"name\":\"Sobre nosotros\"}]},{\"@type\":\"WebSite\",\"@id\":\"https:\\\/\\\/shopvalley.fr\\\/es\\\/#website\",\"url\":\"https:\\\/\\\/shopvalley.fr\\\/es\\\/\",\"name\":\"ShopValley\",\"description\":\"\u00a1Productos de moda a precios bajos!\",\"publisher\":{\"@id\":\"https:\\\/\\\/shopvalley.fr\\\/es\\\/#organization\"},\"potentialAction\":[{\"@type\":\"SearchAction\",\"target\":{\"@type\":\"EntryPoint\",\"urlTemplate\":\"https:\\\/\\\/shopvalley.fr\\\/es\\\/?s={search_term_string}\"},\"query-input\":{\"@type\":\"PropertyValueSpecification\",\"valueRequired\":true,\"valueName\":\"search_term_string\"}}],\"inLanguage\":\"es\"},{\"@type\":\"Organization\",\"@id\":\"https:\\\/\\\/shopvalley.fr\\\/es\\\/#organization\",\"name\":\"Shopvalley\",\"url\":\"https:\\\/\\\/shopvalley.fr\\\/es\\\/\",\"logo\":{\"@type\":\"ImageObject\",\"inLanguage\":\"es\",\"@id\":\"https:\\\/\\\/shopvalley.fr\\\/es\\\/#\\\/schema\\\/logo\\\/image\\\/\",\"url\":\"https:\\\/\\\/shopvalley.fr\\\/wp-content\\\/uploads\\\/2023\\\/11\\\/cropped-Copie-de-Logo-ShopValley-500-x-500-px-1.png\",\"contentUrl\":\"https:\\\/\\\/shopvalley.fr\\\/wp-content\\\/uploads\\\/2023\\\/11\\\/cropped-Copie-de-Logo-ShopValley-500-x-500-px-1.png\",\"width\":512,\"height\":512,\"caption\":\"Shopvalley\"},\"image\":{\"@id\":\"https:\\\/\\\/shopvalley.fr\\\/es\\\/#\\\/schema\\\/logo\\\/image\\\/\"}}]}<\/script>\n<!-- \/ Yoast SEO plugin. -->","yoast_head_json":{"title":"Sobre nosotros - ShopValley","description":"Acerca de SHOPVALLEY.FR","robots":{"index":"noindex","follow":"follow"},"og_locale":"es_ES","og_type":"article","og_title":"Sobre nosotros - ShopValley","og_description":"Acerca de SHOPVALLEY.FR","og_url":"https:\/\/shopvalley.fr\/es\/sobre-nosotros\/","og_site_name":"ShopValley","article_modified_time":"2026-01-09T10:26:27+00:00","schema":{"@context":"https:\/\/schema.org","@graph":[{"@type":"WebPage","@id":"https:\/\/shopvalley.fr\/es\/sobre-nosotros\/","url":"https:\/\/shopvalley.fr\/es\/sobre-nosotros\/","name":"Sobre nosotros - ShopValley","isPartOf":{"@id":"https:\/\/shopvalley.fr\/es\/#website"},"datePublished":"2023-06-13T21:27:12+00:00","dateModified":"2026-01-09T10:26:27+00:00","description":"Acerca de SHOPVALLEY.FR","breadcrumb":{"@id":"https:\/\/shopvalley.fr\/es\/sobre-nosotros\/#breadcrumb"},"inLanguage":"es","potentialAction":[{"@type":"ReadAction","target":["https:\/\/shopvalley.fr\/es\/sobre-nosotros\/"]}]},{"@type":"BreadcrumbList","@id":"https:\/\/shopvalley.fr\/es\/sobre-nosotros\/#breadcrumb","itemListElement":[{"@type":"ListItem","position":1,"name":"Accueil","item":"https:\/\/shopvalley.fr\/es\/"},{"@type":"ListItem","position":2,"name":"Sobre nosotros"}]},{"@type":"WebSite","@id":"https:\/\/shopvalley.fr\/es\/#website","url":"https:\/\/shopvalley.fr\/es\/","name":"ShopValley","description":"\u00a1Productos de moda a precios bajos!","publisher":{"@id":"https:\/\/shopvalley.fr\/es\/#organization"},"potentialAction":[{"@type":"SearchAction","target":{"@type":"EntryPoint","urlTemplate":"https:\/\/shopvalley.fr\/es\/?s={search_term_string}"},"query-input":{"@type":"PropertyValueSpecification","valueRequired":true,"valueName":"search_term_string"}}],"inLanguage":"es"},{"@type":"Organization","@id":"https:\/\/shopvalley.fr\/es\/#organization","name":"Shopvalley","url":"https:\/\/shopvalley.fr\/es\/","logo":{"@type":"ImageObject","inLanguage":"es","@id":"https:\/\/shopvalley.fr\/es\/#\/schema\/logo\/image\/","url":"https:\/\/shopvalley.fr\/wp-content\/uploads\/2023\/11\/cropped-Copie-de-Logo-ShopValley-500-x-500-px-1.png","contentUrl":"https:\/\/shopvalley.fr\/wp-content\/uploads\/2023\/11\/cropped-Copie-de-Logo-ShopValley-500-x-500-px-1.png","width":512,"height":512,"caption":"Shopvalley"},"image":{"@id":"https:\/\/shopvalley.fr\/es\/#\/schema\/logo\/image\/"}}]}},"jetpack_sharing_enabled":true,"_links":{"self":[{"href":"https:\/\/shopvalley.fr\/es\/wp-json\/wp\/v2\/pages\/40518","targetHints":{"allow":["GET"]}}],"collection":[{"href":"https:\/\/shopvalley.fr\/es\/wp-json\/wp\/v2\/pages"}],"about":[{"href":"https:\/\/shopvalley.fr\/es\/wp-json\/wp\/v2\/types\/page"}],"author":[{"embeddable":true,"href":"https:\/\/shopvalley.fr\/es\/wp-json\/wp\/v2\/users\/1"}],"replies":[{"embeddable":true,"href":"https:\/\/shopvalley.fr\/es\/wp-json\/wp\/v2\/comments?post=40518"}],"version-history":[{"count":4,"href":"https:\/\/shopvalley.fr\/es\/wp-json\/wp\/v2\/pages\/40518\/revisions"}],"predecessor-version":[{"id":62241,"href":"https:\/\/shopvalley.fr\/es\/wp-json\/wp\/v2\/pages\/40518\/revisions\/62241"}],"wp:attachment":[{"href":"https:\/\/shopvalley.fr\/es\/wp-json\/wp\/v2\/media?parent=40518"}],"curies":[{"name":"wp","href":"https:\/\/api.w.org\/{rel}","templated":true}]}}