{"id":40517,"date":"2023-06-28T00:34:50","date_gmt":"2023-06-27T22:34:50","guid":{"rendered":"https:\/\/shopvalley.fr\/politica-de-privacidad\/"},"modified":"2025-01-26T18:35:16","modified_gmt":"2025-01-26T17:35:16","slug":"politica-de-privacidad","status":"publish","type":"page","link":"https:\/\/shopvalley.fr\/es\/politica-de-privacidad\/","title":{"rendered":"Pol\u00edtica de privacidad"},"content":{"rendered":"\t\t<div data-elementor-type=\"wp-page\" data-elementor-id=\"40517\" class=\"elementor elementor-40517 elementor-16512\" data-elementor-post-type=\"page\">\n\t\t\t\t\t\t<section class=\"wd-negative-gap elementor-section elementor-top-section elementor-element elementor-element-819b11c elementor-section-boxed elementor-section-height-default elementor-section-height-default\" data-id=\"819b11c\" data-element_type=\"section\" data-e-type=\"section\">\n\t\t\t\t\t\t<div class=\"elementor-container elementor-column-gap-default\">\n\t\t\t\t\t<div class=\"elementor-column elementor-col-100 elementor-top-column elementor-element elementor-element-25f5f860\" data-id=\"25f5f860\" data-element_type=\"column\" data-e-type=\"column\">\n\t\t\t<div class=\"elementor-widget-wrap elementor-element-populated\">\n\t\t\t\t\t\t<div class=\"elementor-element elementor-element-2c61980e wd-width-100 elementor-widget elementor-widget-wd_title\" data-id=\"2c61980e\" data-element_type=\"widget\" data-e-type=\"widget\" data-widget_type=\"wd_title.default\">\n\t\t\t\t<div class=\"elementor-widget-container\">\n\t\t\t\t\t\t\t<div class=\"title-wrapper wd-set-mb reset-last-child wd-title-color-default wd-title-style-default wd-title-size-default text-left\">\n\n\t\t\t\n\t\t\t<div class=\"liner-continer\">\n\t\t\t\t<h4 class=\"woodmart-title-container title wd-fontsize-l\">POL\u00cdTICA DE PRIVACIDAD<\/h4> \n\t\t\t\t\t\t\t<\/div>\n\n\t\t\t\t\t<\/div>\n\t\t\t\t\t\t<\/div>\n\t\t\t\t<\/div>\n\t\t\t\t\t<\/div>\n\t\t<\/div>\n\t\t\t\t\t<\/div>\n\t\t<\/section>\n\t\t\t\t<section class=\"wd-negative-gap elementor-section elementor-top-section elementor-element elementor-element-9694c00 elementor-section-full_width elementor-section-height-default elementor-section-height-default\" data-id=\"9694c00\" data-element_type=\"section\" data-e-type=\"section\" data-settings=\"{&quot;background_background&quot;:&quot;classic&quot;}\">\n\t\t\t\t\t\t<div class=\"elementor-container elementor-column-gap-default\">\n\t\t\t\t\t<div class=\"elementor-column elementor-col-100 elementor-top-column elementor-element elementor-element-4fc3f3f\" data-id=\"4fc3f3f\" data-element_type=\"column\" data-e-type=\"column\">\n\t\t\t<div class=\"elementor-widget-wrap elementor-element-populated\">\n\t\t\t\t\t\t<div class=\"elementor-element elementor-element-69d8af3 elementor-widget elementor-widget-wd_text_block\" data-id=\"69d8af3\" data-element_type=\"widget\" data-e-type=\"widget\" data-widget_type=\"wd_text_block.default\">\n\t\t\t\t<div class=\"elementor-widget-container\">\n\t\t\t\t\t\t\t<div class=\"wd-text-block reset-last-child text-left\">\n\t\t\t\n\t\t\t<p><span style=\"font-size: 14pt; color: #000000;\"><strong>DECLARACI\u00d3N DE CONFIDENCIALIDAD<\/strong><\/span><\/p><p><span style=\"font-size: 14pt; color: #000000;\">--<\/span><\/p><p><span style=\"font-size: 14pt; color: #000000;\"><strong>ART\u00cdCULO 1 - INFORMACI\u00d3N PERSONAL RECOGIDA<\/strong><\/span><\/p><p><span style=\"font-size: 14pt; color: #000000;\">Cuando realizas una compra en nuestra tienda, como parte de nuestro proceso de compraventa, recopilamos la informaci\u00f3n personal que nos proporcionas, como tu nombre, direcci\u00f3n y direcci\u00f3n de correo electr\u00f3nico.<\/span><\/p><p><span style=\"font-size: 14pt; color: #000000;\">Cuando navegas por nuestra tienda, tambi\u00e9n recibimos autom\u00e1ticamente la direcci\u00f3n del Protocolo de Internet (direcci\u00f3n IP) de tu ordenador, lo que nos permite obtener m\u00e1s detalles sobre el navegador y el sistema operativo que utilizas.<\/span><\/p><p><span style=\"font-size: 14pt; color: #000000;\">Marketing por correo electr\u00f3nico (cuando proceda): Con tu permiso, podemos enviarte correos electr\u00f3nicos sobre nuestra tienda, nuevos productos y otras actualizaciones.<\/span><\/p><p><span style=\"font-size: 14pt; color: #000000;\"><strong>ART\u00cdCULO 2 - CONSENTIMIENTO<\/strong><\/span><\/p><p><span style=\"font-size: 14pt; color: #000000;\"><strong>\u00bfC\u00f3mo obtienen mi consentimiento?<\/strong><\/span><\/p><p><span style=\"font-size: 14pt; color: #000000;\">Cuando nos proporciones tu informaci\u00f3n personal para completar una transacci\u00f3n, verificar tu tarjeta de cr\u00e9dito, hacer un pedido, organizar la entrega o devolver una compra, asumiremos que consientes en que recopilemos y utilicemos tu informaci\u00f3n s\u00f3lo para este fin.<\/span><\/p><p><span style=\"font-size: 14pt; color: #000000;\">Si te pedimos que nos facilites tus datos personales por cualquier otro motivo, por ejemplo para fines de marketing, te pediremos directamente tu consentimiento expl\u00edcito o te daremos la oportunidad de negarte.<\/span><\/p><p><span style=\"font-size: 14pt; color: #000000;\"><strong>\u00bfC\u00f3mo puedo retirar mi consentimiento?<\/strong><\/span><\/p><p><span style=\"font-size: 14pt; color: #000000;\">Si, despu\u00e9s de habernos dado tu consentimiento, cambias de opini\u00f3n y ya no consientes que nos pongamos en contacto contigo, recojamos tu informaci\u00f3n o la divulguemos, puedes notific\u00e1rnoslo poni\u00e9ndote en contacto con nosotros en <strong><a style=\"color: #000000;\" href=\"mailto:contact@shopvalley.fr\">contact@shopvalley.fr<\/a><\/strong><\/span><\/p><p><span style=\"font-size: 14pt; color: #000000;\"><strong>ART\u00cdCULO 3 - DIVULGACI\u00d3N<\/strong><\/span><\/p><p><span style=\"font-size: 14pt; color: #000000;\">Podemos revelar tu informaci\u00f3n personal si estamos obligados a hacerlo por ley o si incumples nuestras <a style=\"color: #000000;\" href=\"https:\/\/shopvalley.fr\/conditions-dutilisation\/\">Condiciones de venta y uso<\/a>.<\/span><\/p><p><span style=\"font-size: 14pt; color: #000000;\"><strong>ART\u00cdCULO 4 - HOSTINGER<\/strong><\/span><\/p><p><span style=\"font-size: 14pt; color: #000000;\">Nuestra tienda est\u00e1 alojada en Hostinger. Ellos nos proporcionan la plataforma de comercio electr\u00f3nico online que nos permite venderte nuestros servicios y productos. <\/span><\/p><p><span style=\"font-size: 14pt; color: #000000;\">Tus datos se almacenan en el sistema de almacenamiento de datos y bases de datos de Hostinger, y en la aplicaci\u00f3n general de Hostinger. Tus datos se almacenan en un servidor seguro protegido por un cortafuegos. <\/span><\/p><p><span style=\"font-size: 14pt; color: #000000;\"><strong>Datos de pago:<\/strong><\/span><\/p><p><span style=\"font-size: 14pt; color: #000000;\">Si realizas tu compra a trav\u00e9s de una pasarela de pago directo, en este caso Woocommerce almacenar\u00e1 la informaci\u00f3n de tu tarjeta de cr\u00e9dito. Esta informaci\u00f3n se encripta de acuerdo con el Est\u00e1ndar de Seguridad de Datos de la Industria de Tarjetas de Pago (PCI-DSS). La informaci\u00f3n de tu transacci\u00f3n de compra se conserva el tiempo necesario para finalizar tu pedido. Una vez finalizado tu pedido, se elimina la informaci\u00f3n relativa a la transacci\u00f3n de compra.   <\/span><\/p><p><span style=\"font-size: 14pt; color: #000000;\">Todas las pasarelas de pago directo cumplen la norma PCI-DSS, gestionada por el PCI Security Standards Council, que es el resultado de un esfuerzo conjunto de empresas como Visa, MasterCard, American Express y Discover.<\/span><\/p><p class=\"nitro-offscreen\"><span style=\"font-size: 14pt; color: #000000;\">Los requisitos de la norma PCI-DSS garantizan el tratamiento seguro de los datos de las tarjetas de cr\u00e9dito por parte de nuestra tienda y sus proveedores de servicios.<\/span><\/p><p class=\"nitro-offscreen\"><span style=\"font-size: 14pt; color: #000000;\"><strong>ART\u00cdCULO 5 - SERVICIOS PRESTADOS POR TERCEROS<\/strong><\/span><\/p><p class=\"nitro-offscreen\"><span style=\"font-size: 14pt; color: #000000;\">En general, los proveedores externos que utilizamos s\u00f3lo recopilar\u00e1n, utilizar\u00e1n y divulgar\u00e1n tu informaci\u00f3n en la medida necesaria para llevar a cabo los servicios que nos prestan.<\/span><\/p><p class=\"nitro-offscreen\"><span style=\"font-size: 14pt; color: #000000;\">Sin embargo, algunos proveedores de servicios externos, como pasarelas de pago y otros procesadores de transacciones de pago, tienen sus propias pol\u00edticas de privacidad en relaci\u00f3n con la informaci\u00f3n que estamos obligados a proporcionarles para tus transacciones de compra.<\/span><\/p><p class=\"nitro-offscreen\"><span style=\"font-size: 14pt; color: #000000;\">Con respecto a estos proveedores, te recomendamos que leas detenidamente sus pol\u00edticas de privacidad para que puedas comprender c\u00f3mo tratar\u00e1n tu informaci\u00f3n personal.<\/span><\/p><p class=\"nitro-offscreen\"><span style=\"font-size: 14pt; color: #000000;\">Es importante recordar que algunos proveedores pueden estar ubicados, o tener instalaciones ubicadas, en una jurisdicci\u00f3n distinta a la tuya o a la nuestra. Por lo tanto, si decides realizar una transacci\u00f3n que requiera los servicios de un proveedor externo, tu informaci\u00f3n puede regirse por las leyes de la jurisdicci\u00f3n en la que se encuentre dicho proveedor o la jurisdicci\u00f3n en la que se encuentren sus instalaciones. <\/span><\/p><p class=\"nitro-offscreen\"><span style=\"font-size: 14pt; color: #000000;\">Por ejemplo, si te encuentras en Canad\u00e1 y tu transacci\u00f3n es procesada por una pasarela de pago situada en Estados Unidos, la informaci\u00f3n que te pertenece y que se utiliz\u00f3 para completar la transacci\u00f3n podr\u00eda ser revelada en virtud de la legislaci\u00f3n de Estados Unidos, incluida la Ley Patriota.<\/span><\/p><p class=\"nitro-offscreen\"><span style=\"font-size: 14pt; color: #000000;\">Una vez que abandonas el sitio de nuestra tienda o eres redirigido a un sitio web o aplicaci\u00f3n de terceros, ya no te rigen esta Pol\u00edtica de Privacidad ni las Condiciones Generales de Venta y Uso de nuestro sitio web.<\/span><\/p><p class=\"nitro-offscreen\"><span style=\"font-size: 14pt; color: #000000;\"><strong>Enlaces<\/strong><\/span><\/p><p class=\"nitro-offscreen\"><span style=\"font-size: 14pt; color: #000000;\">Puedes salir de nuestro sitio web haciendo clic en determinados enlaces de nuestro sitio. No aceptamos ninguna responsabilidad por las pr\u00e1cticas de privacidad de estos otros sitios y te recomendamos que leas atentamente sus pol\u00edticas de privacidad. <\/span><\/p><p class=\"nitro-offscreen\"><span style=\"font-size: 14pt; color: #000000;\"><strong>ART\u00cdCULO 6 - SEGURIDAD<\/strong><\/span><\/p><p class=\"nitro-offscreen\"><span style=\"font-size: 14pt; color: #000000;\">Para proteger tus datos personales, tomamos precauciones razonables y seguimos las mejores pr\u00e1cticas del sector para asegurarnos de que no se pierdan, malversen, accedan, divulguen, alteren o destruyan indebidamente.<\/span><\/p><p class=\"nitro-offscreen\"><span style=\"font-size: 14pt; color: #000000;\">Si nos facilitas los datos de tu tarjeta de cr\u00e9dito, se encriptar\u00e1n mediante el protocolo Secure Socket Layer (SSL) y se almacenar\u00e1n con encriptaci\u00f3n AES-256. Aunque ning\u00fan m\u00e9todo de transmisi\u00f3n por Internet o m\u00e9todo de almacenamiento electr\u00f3nico es seguro al 100%, seguimos todos los requisitos de la norma PCI-DSS y aplicamos normas adicionales generalmente reconocidas por el sector. <\/span><\/p><p class=\"nitro-offscreen\"><span style=\"font-size: 14pt; color: #000000;\"><strong>COOKIES<\/strong><\/span><\/p><p class=\"nitro-offscreen\"><span style=\"font-size: 14pt; color: #000000;\">Aqu\u00ed tienes una lista de las cookies que utilizamos. Las hemos enumerado aqu\u00ed para que puedas elegir si las permites o no. <\/span><\/p><p class=\"nitro-offscreen\"><span style=\"font-size: 14pt; color: #000000;\">session_id, un identificador \u00fanico de sesi\u00f3n, permite a Google almacenar informaci\u00f3n sobre tu sesi\u00f3n (referente, p\u00e1gina de referencia, etc.).<\/span><\/p><p class=\"nitro-offscreen\"><span style=\"font-size: 14pt; color: #000000;\">cesta, identificador \u00fanico, persiste durante 2 semanas, almacena informaci\u00f3n sobre tu cesta de la compra.<\/span><\/p><p class=\"nitro-offscreen\"><span style=\"font-size: 14pt; color: #000000;\">_secure_session_id, identificador \u00fanico de sesi\u00f3n<\/span><\/p><p class=\"nitro-offscreen\"><span style=\"font-size: 14pt; color: #000000;\">storefront_digest, identificador \u00fanico, indefinido si la tienda tiene contrase\u00f1a; se utiliza para saber si el visitante actual tiene acceso.<\/span><\/p><p class=\"nitro-offscreen\"><span style=\"font-size: 14pt; color: #000000;\"><strong>ART\u00cdCULO 7 - EDAD DE CONSENTIMIENTO<\/strong><\/span><\/p><p class=\"nitro-offscreen\"><span style=\"font-size: 14pt; color: #000000;\">Al utilizar este sitio, declaras que eres mayor de edad en tu estado o provincia de residencia, y que nos has dado tu consentimiento para permitir que cualquier menor a tu cargo utilice este sitio web.<\/span><\/p><p class=\"nitro-offscreen\"><span style=\"font-size: 14pt; color: #000000;\"><strong>ART\u00cdCULO 8 - CAMBIOS EN ESTA POL\u00cdTICA DE PRIVACIDAD<\/strong><\/span><\/p><p class=\"nitro-offscreen\"><span style=\"font-size: 14pt; color: #000000;\">Nos reservamos el derecho a modificar esta pol\u00edtica de privacidad en cualquier momento, por lo que te rogamos que la consultes con frecuencia. Los cambios y aclaraciones entrar\u00e1n en vigor inmediatamente despu\u00e9s de su publicaci\u00f3n en el sitio web. Si realizamos alg\u00fan cambio en el contenido de esta pol\u00edtica, te notificaremos aqu\u00ed que ha sido actualizada, para que sepas qu\u00e9 informaci\u00f3n recopilamos, c\u00f3mo la utilizamos y en qu\u00e9 circunstancias, si las hubiera, la revelamos.  <\/span><\/p><p class=\"nitro-offscreen\"><span style=\"font-size: 14pt; color: #000000;\">Si nuestra tienda es adquirida por otra empresa o se fusiona con ella, tu informaci\u00f3n puede ser transferida a los nuevos propietarios para que podamos seguir vendi\u00e9ndote productos.<\/span><\/p><p class=\"nitro-offscreen\"><span style=\"font-size: 14pt; color: #000000;\"><strong>PREGUNTAS Y DATOS DE CONTACTO<\/strong><\/span><\/p><p class=\"nitro-offscreen\"><span style=\"font-size: 14pt; color: #000000;\">Si deseas: acceder, corregir, modificar o eliminar cualquier informaci\u00f3n personal que tengamos sobre ti, presentar una queja, o si simplemente deseas m\u00e1s informaci\u00f3n, ponte en contacto con nuestro Responsable de Privacidad en <strong><a style=\"color: #000000;\" href=\"mailto:contact@shopvalley.fr\">contact@shopvalley.fr<\/a><\/strong><\/span><\/p><p class=\"nitro-offscreen\"><span style=\"font-size: 14pt; color: #000000;\"><strong>Ofrecemos atenci\u00f3n al cliente 24 horas al d\u00eda, 7 d\u00edas a la semana<\/strong><\/span><br><span style=\"font-size: 14pt; color: #000000;\">Direcci\u00f3n: <strong><span style=\"color: #000000;\">21 rue Lavoisier, 94450 Limeil-Br\u00e9vannes, Francia<\/span><\/strong><\/span><br><span style=\"font-size: 14pt; color: #000000;\">Tel\u00e9fono: <strong>07 45 03 66 49<\/strong><\/span><br><span style=\"font-size: 14pt; color: #000000;\">Direcci\u00f3n de correo electr\u00f3nico <a href=\"mailto:contact@shopvalley.fr\"><strong>contact@shopvalley.fr<\/strong><\/a><\/span><\/p>\n\t\t\t\t\t<\/div>\n\t\t\t\t\t\t<\/div>\n\t\t\t\t<\/div>\n\t\t\t\t\t<\/div>\n\t\t<\/div>\n\t\t\t\t\t<\/div>\n\t\t<\/section>\n\t\t\t\t<\/div>\n\t\t","protected":false},"excerpt":{"rendered":"<p>POL\u00cdTICA DE PRIVACIDAD DECLARACI\u00d3N DE CONFIDENCIALIDAD &#8212; ART\u00cdCULO 1 &#8211; INFORMACI\u00d3N PERSONAL RECOGIDA Cuando realizas una compra en nuestra tienda,<\/p>\n","protected":false},"author":1,"featured_media":0,"parent":0,"menu_order":0,"comment_status":"closed","ping_status":"closed","template":"","meta":{"footnotes":""},"class_list":["post-40517","page","type-page","status-publish","hentry"],"yoast_head":"<!-- This site is optimized with the Yoast SEO plugin v27.4 - https:\/\/yoast.com\/product\/yoast-seo-wordpress\/ -->\n<title>Pol\u00edtica de privacidad - ShopValley<\/title>\n<meta name=\"robots\" content=\"noindex, nofollow\" \/>\n<meta property=\"og:locale\" content=\"es_ES\" \/>\n<meta property=\"og:type\" content=\"article\" \/>\n<meta property=\"og:title\" content=\"Pol\u00edtica de privacidad - ShopValley\" \/>\n<meta property=\"og:description\" content=\"POL\u00cdTICA DE PRIVACIDAD DECLARACI\u00d3N DE CONFIDENCIALIDAD &#8212; ART\u00cdCULO 1 &#8211; INFORMACI\u00d3N PERSONAL RECOGIDA Cuando realizas una compra en nuestra tienda,\" \/>\n<meta property=\"og:url\" content=\"https:\/\/shopvalley.fr\/es\/politica-de-privacidad\/\" \/>\n<meta property=\"og:site_name\" content=\"ShopValley\" \/>\n<meta property=\"article:modified_time\" content=\"2025-01-26T17:35:16+00:00\" \/>\n<script type=\"application\/ld+json\" class=\"yoast-schema-graph\">{\"@context\":\"https:\\\/\\\/schema.org\",\"@graph\":[{\"@type\":\"WebPage\",\"@id\":\"https:\\\/\\\/shopvalley.fr\\\/es\\\/politica-de-privacidad\\\/\",\"url\":\"https:\\\/\\\/shopvalley.fr\\\/es\\\/politica-de-privacidad\\\/\",\"name\":\"Pol\u00edtica de privacidad - ShopValley\",\"isPartOf\":{\"@id\":\"https:\\\/\\\/shopvalley.fr\\\/es\\\/#website\"},\"datePublished\":\"2023-06-27T22:34:50+00:00\",\"dateModified\":\"2025-01-26T17:35:16+00:00\",\"breadcrumb\":{\"@id\":\"https:\\\/\\\/shopvalley.fr\\\/es\\\/politica-de-privacidad\\\/#breadcrumb\"},\"inLanguage\":\"es\",\"potentialAction\":[{\"@type\":\"ReadAction\",\"target\":[\"https:\\\/\\\/shopvalley.fr\\\/es\\\/politica-de-privacidad\\\/\"]}]},{\"@type\":\"BreadcrumbList\",\"@id\":\"https:\\\/\\\/shopvalley.fr\\\/es\\\/politica-de-privacidad\\\/#breadcrumb\",\"itemListElement\":[{\"@type\":\"ListItem\",\"position\":1,\"name\":\"Accueil\",\"item\":\"https:\\\/\\\/shopvalley.fr\\\/es\\\/\"},{\"@type\":\"ListItem\",\"position\":2,\"name\":\"Pol\u00edtica de privacidad\"}]},{\"@type\":\"WebSite\",\"@id\":\"https:\\\/\\\/shopvalley.fr\\\/es\\\/#website\",\"url\":\"https:\\\/\\\/shopvalley.fr\\\/es\\\/\",\"name\":\"ShopValley\",\"description\":\"\u00a1Productos de moda a precios bajos!\",\"publisher\":{\"@id\":\"https:\\\/\\\/shopvalley.fr\\\/es\\\/#organization\"},\"potentialAction\":[{\"@type\":\"SearchAction\",\"target\":{\"@type\":\"EntryPoint\",\"urlTemplate\":\"https:\\\/\\\/shopvalley.fr\\\/es\\\/?s={search_term_string}\"},\"query-input\":{\"@type\":\"PropertyValueSpecification\",\"valueRequired\":true,\"valueName\":\"search_term_string\"}}],\"inLanguage\":\"es\"},{\"@type\":\"Organization\",\"@id\":\"https:\\\/\\\/shopvalley.fr\\\/es\\\/#organization\",\"name\":\"Shopvalley\",\"url\":\"https:\\\/\\\/shopvalley.fr\\\/es\\\/\",\"logo\":{\"@type\":\"ImageObject\",\"inLanguage\":\"es\",\"@id\":\"https:\\\/\\\/shopvalley.fr\\\/es\\\/#\\\/schema\\\/logo\\\/image\\\/\",\"url\":\"https:\\\/\\\/shopvalley.fr\\\/wp-content\\\/uploads\\\/2023\\\/11\\\/cropped-Copie-de-Logo-ShopValley-500-x-500-px-1.png\",\"contentUrl\":\"https:\\\/\\\/shopvalley.fr\\\/wp-content\\\/uploads\\\/2023\\\/11\\\/cropped-Copie-de-Logo-ShopValley-500-x-500-px-1.png\",\"width\":512,\"height\":512,\"caption\":\"Shopvalley\"},\"image\":{\"@id\":\"https:\\\/\\\/shopvalley.fr\\\/es\\\/#\\\/schema\\\/logo\\\/image\\\/\"}}]}<\/script>\n<!-- \/ Yoast SEO plugin. -->","yoast_head_json":{"title":"Pol\u00edtica de privacidad - ShopValley","robots":{"index":"noindex","follow":"nofollow"},"og_locale":"es_ES","og_type":"article","og_title":"Pol\u00edtica de privacidad - ShopValley","og_description":"POL\u00cdTICA DE PRIVACIDAD DECLARACI\u00d3N DE CONFIDENCIALIDAD &#8212; ART\u00cdCULO 1 &#8211; INFORMACI\u00d3N PERSONAL RECOGIDA Cuando realizas una compra en nuestra tienda,","og_url":"https:\/\/shopvalley.fr\/es\/politica-de-privacidad\/","og_site_name":"ShopValley","article_modified_time":"2025-01-26T17:35:16+00:00","schema":{"@context":"https:\/\/schema.org","@graph":[{"@type":"WebPage","@id":"https:\/\/shopvalley.fr\/es\/politica-de-privacidad\/","url":"https:\/\/shopvalley.fr\/es\/politica-de-privacidad\/","name":"Pol\u00edtica de privacidad - ShopValley","isPartOf":{"@id":"https:\/\/shopvalley.fr\/es\/#website"},"datePublished":"2023-06-27T22:34:50+00:00","dateModified":"2025-01-26T17:35:16+00:00","breadcrumb":{"@id":"https:\/\/shopvalley.fr\/es\/politica-de-privacidad\/#breadcrumb"},"inLanguage":"es","potentialAction":[{"@type":"ReadAction","target":["https:\/\/shopvalley.fr\/es\/politica-de-privacidad\/"]}]},{"@type":"BreadcrumbList","@id":"https:\/\/shopvalley.fr\/es\/politica-de-privacidad\/#breadcrumb","itemListElement":[{"@type":"ListItem","position":1,"name":"Accueil","item":"https:\/\/shopvalley.fr\/es\/"},{"@type":"ListItem","position":2,"name":"Pol\u00edtica de privacidad"}]},{"@type":"WebSite","@id":"https:\/\/shopvalley.fr\/es\/#website","url":"https:\/\/shopvalley.fr\/es\/","name":"ShopValley","description":"\u00a1Productos de moda a precios bajos!","publisher":{"@id":"https:\/\/shopvalley.fr\/es\/#organization"},"potentialAction":[{"@type":"SearchAction","target":{"@type":"EntryPoint","urlTemplate":"https:\/\/shopvalley.fr\/es\/?s={search_term_string}"},"query-input":{"@type":"PropertyValueSpecification","valueRequired":true,"valueName":"search_term_string"}}],"inLanguage":"es"},{"@type":"Organization","@id":"https:\/\/shopvalley.fr\/es\/#organization","name":"Shopvalley","url":"https:\/\/shopvalley.fr\/es\/","logo":{"@type":"ImageObject","inLanguage":"es","@id":"https:\/\/shopvalley.fr\/es\/#\/schema\/logo\/image\/","url":"https:\/\/shopvalley.fr\/wp-content\/uploads\/2023\/11\/cropped-Copie-de-Logo-ShopValley-500-x-500-px-1.png","contentUrl":"https:\/\/shopvalley.fr\/wp-content\/uploads\/2023\/11\/cropped-Copie-de-Logo-ShopValley-500-x-500-px-1.png","width":512,"height":512,"caption":"Shopvalley"},"image":{"@id":"https:\/\/shopvalley.fr\/es\/#\/schema\/logo\/image\/"}}]}},"jetpack_sharing_enabled":true,"_links":{"self":[{"href":"https:\/\/shopvalley.fr\/es\/wp-json\/wp\/v2\/pages\/40517","targetHints":{"allow":["GET"]}}],"collection":[{"href":"https:\/\/shopvalley.fr\/es\/wp-json\/wp\/v2\/pages"}],"about":[{"href":"https:\/\/shopvalley.fr\/es\/wp-json\/wp\/v2\/types\/page"}],"author":[{"embeddable":true,"href":"https:\/\/shopvalley.fr\/es\/wp-json\/wp\/v2\/users\/1"}],"replies":[{"embeddable":true,"href":"https:\/\/shopvalley.fr\/es\/wp-json\/wp\/v2\/comments?post=40517"}],"version-history":[{"count":4,"href":"https:\/\/shopvalley.fr\/es\/wp-json\/wp\/v2\/pages\/40517\/revisions"}],"predecessor-version":[{"id":42509,"href":"https:\/\/shopvalley.fr\/es\/wp-json\/wp\/v2\/pages\/40517\/revisions\/42509"}],"wp:attachment":[{"href":"https:\/\/shopvalley.fr\/es\/wp-json\/wp\/v2\/media?parent=40517"}],"curies":[{"name":"wp","href":"https:\/\/api.w.org\/{rel}","templated":true}]}}