{"id":40509,"date":"2023-06-03T22:14:09","date_gmt":"2023-06-03T20:14:09","guid":{"rendered":"https:\/\/shopvalley.fr\/informacion-legal\/"},"modified":"2026-01-07T17:23:05","modified_gmt":"2026-01-07T16:23:05","slug":"informacion-legal","status":"publish","type":"page","link":"https:\/\/shopvalley.fr\/es\/informacion-legal\/","title":{"rendered":"Informaci\u00f3n legal"},"content":{"rendered":"\t\t<div data-elementor-type=\"wp-page\" data-elementor-id=\"40509\" class=\"elementor elementor-40509 elementor-14332\" data-elementor-post-type=\"page\">\n\t\t\t\t<div class=\"wd-negative-gap elementor-element elementor-element-d915248 e-flex e-con-boxed e-con e-parent\" data-id=\"d915248\" data-element_type=\"container\" data-e-type=\"container\">\n\t\t\t\t\t<div class=\"e-con-inner\">\n\t\t\t\t<div class=\"elementor-element elementor-element-148aa76 wd-width-100 elementor-widget elementor-widget-wd_title\" data-id=\"148aa76\" data-element_type=\"widget\" data-e-type=\"widget\" data-widget_type=\"wd_title.default\">\n\t\t\t\t<div class=\"elementor-widget-container\">\n\t\t\t\t\t\t\t<div class=\"title-wrapper wd-set-mb reset-last-child wd-title-color-default wd-title-style-default wd-title-size-default text-left\">\n\n\t\t\t\n\t\t\t<div class=\"liner-continer\">\n\t\t\t\t<h4 class=\"woodmart-title-container title wd-fontsize-l\">INFORMACI\u00d3N LEGAL<\/h4> \n\t\t\t\t\t\t\t<\/div>\n\n\t\t\t\t\t<\/div>\n\t\t\t\t\t\t<\/div>\n\t\t\t\t<\/div>\n\t\t\t\t\t<\/div>\n\t\t\t\t<\/div>\n\t\t<div class=\"wd-negative-gap elementor-element elementor-element-f227d11 wd-section-stretch e-flex e-con-boxed e-con e-parent\" data-id=\"f227d11\" data-element_type=\"container\" data-e-type=\"container\" data-settings=\"{&quot;background_background&quot;:&quot;classic&quot;}\">\n\t\t\t\t\t<div class=\"e-con-inner\">\n\t\t\t\t<div class=\"elementor-element elementor-element-646cd27 elementor-widget__width-initial elementor-widget elementor-widget-wd_text_block\" data-id=\"646cd27\" data-element_type=\"widget\" data-e-type=\"widget\" data-widget_type=\"wd_text_block.default\">\n\t\t\t\t<div class=\"elementor-widget-container\">\n\t\t\t\t\t\t\t<div class=\"wd-text-block reset-last-child text-left\">\n\t\t\t\n\t\t\t<div class=\"rte\" style=\"text-align: left;\"> <\/div><p><span style=\"font-size: 14pt; color: #000000;\"><strong>ART\u00cdCULO 1. EDITOR<\/strong><\/span><\/p><p><span style=\"font-size: 14pt; color: #000000;\">Actualmente est\u00e1s conectado a la p\u00e1gina web <span class=\"mention\">ShopValley<\/span>, editada por <span class=\"mention\">ECOMJAL <\/span><span class=\"mention\">EI<\/span>, inscrita en el Registro Mercantil y de Sociedades <span class=\"mention\">de Cr\u00e9teil<\/span> el <span class=\"mention\">06\/03\/2023<\/span>, con el n\u00famero 515 242 865 R.C.S Cr\u00e9teil.<\/span><\/p><p><span style=\"font-size: 14pt; color: #000000;\">Sede social: <strong>21 rue Lavoisier, 94450 Limeil-Br\u00e9vannes, Francia<\/strong><\/span><\/p><p><span style=\"font-size: 14pt; color: #000000;\">Tel\u00e9fono: <strong>07 45 03 66 49<\/strong><\/span><\/p><p><span style=\"font-size: 14pt; color: #000000;\">Env\u00edanos un correo electr\u00f3nico a <a style=\"color: #000000;\" href=\"mailto:contact@shopvalley.fr\"><strong>contact@shopvalley.fr<\/strong><\/a><\/span><\/p><h3><span style=\"font-size: 14pt; color: #000000;\"><strong>ART\u00cdCULO 2. WEBMASTER<\/strong><\/span><\/h3><p><span style=\"font-size: 14pt; color: #000000;\">La informaci\u00f3n sobre el alojamiento legal y t\u00e9cnico de este sitio est\u00e1 disponible en el siguiente enlace: <span style=\"text-decoration: underline; color: #000080;\"><a style=\"color: #000080; text-decoration: underline;\" href=\"https:\/\/www.hostinger.com\/fr\/legal\/termes-universels-de-contrat-de-service\">Condiciones de uso<\/a><\/span><\/span><\/p>\n\t\t\t\t\t<\/div>\n\t\t\t\t\t\t<\/div>\n\t\t\t\t<\/div>\n\t\t\t\t\t<\/div>\n\t\t\t\t<\/div>\n\t\t\t\t<\/div>\n\t\t","protected":false},"excerpt":{"rendered":"<p>INFORMACI\u00d3N LEGAL ART\u00cdCULO 1. EDITOR Actualmente est\u00e1s conectado a la p\u00e1gina web ShopValley, editada por ECOMJAL EI, inscrita en el<\/p>\n","protected":false},"author":1,"featured_media":0,"parent":0,"menu_order":0,"comment_status":"closed","ping_status":"closed","template":"","meta":{"footnotes":""},"class_list":["post-40509","page","type-page","status-publish","hentry"],"yoast_head":"<!-- This site is optimized with the Yoast SEO plugin v27.4 - https:\/\/yoast.com\/product\/yoast-seo-wordpress\/ -->\n<title>Informaci\u00f3n legal - ShopValley<\/title>\n<meta name=\"robots\" content=\"noindex, follow\" \/>\n<meta property=\"og:locale\" content=\"es_ES\" \/>\n<meta property=\"og:type\" content=\"article\" \/>\n<meta property=\"og:title\" content=\"Informaci\u00f3n legal - ShopValley\" \/>\n<meta property=\"og:description\" content=\"INFORMACI\u00d3N LEGAL ART\u00cdCULO 1. EDITOR Actualmente est\u00e1s conectado a la p\u00e1gina web ShopValley, editada por ECOMJAL EI, inscrita en el\" \/>\n<meta property=\"og:url\" content=\"https:\/\/shopvalley.fr\/es\/informacion-legal\/\" \/>\n<meta property=\"og:site_name\" content=\"ShopValley\" \/>\n<meta property=\"article:modified_time\" content=\"2026-01-07T16:23:05+00:00\" \/>\n<script type=\"application\/ld+json\" class=\"yoast-schema-graph\">{\"@context\":\"https:\\\/\\\/schema.org\",\"@graph\":[{\"@type\":\"WebPage\",\"@id\":\"https:\\\/\\\/shopvalley.fr\\\/es\\\/informacion-legal\\\/\",\"url\":\"https:\\\/\\\/shopvalley.fr\\\/es\\\/informacion-legal\\\/\",\"name\":\"Informaci\u00f3n legal - ShopValley\",\"isPartOf\":{\"@id\":\"https:\\\/\\\/shopvalley.fr\\\/es\\\/#website\"},\"datePublished\":\"2023-06-03T20:14:09+00:00\",\"dateModified\":\"2026-01-07T16:23:05+00:00\",\"breadcrumb\":{\"@id\":\"https:\\\/\\\/shopvalley.fr\\\/es\\\/informacion-legal\\\/#breadcrumb\"},\"inLanguage\":\"es\",\"potentialAction\":[{\"@type\":\"ReadAction\",\"target\":[\"https:\\\/\\\/shopvalley.fr\\\/es\\\/informacion-legal\\\/\"]}]},{\"@type\":\"BreadcrumbList\",\"@id\":\"https:\\\/\\\/shopvalley.fr\\\/es\\\/informacion-legal\\\/#breadcrumb\",\"itemListElement\":[{\"@type\":\"ListItem\",\"position\":1,\"name\":\"Accueil\",\"item\":\"https:\\\/\\\/shopvalley.fr\\\/es\\\/\"},{\"@type\":\"ListItem\",\"position\":2,\"name\":\"Informaci\u00f3n legal\"}]},{\"@type\":\"WebSite\",\"@id\":\"https:\\\/\\\/shopvalley.fr\\\/es\\\/#website\",\"url\":\"https:\\\/\\\/shopvalley.fr\\\/es\\\/\",\"name\":\"ShopValley\",\"description\":\"\u00a1Productos de moda a precios bajos!\",\"publisher\":{\"@id\":\"https:\\\/\\\/shopvalley.fr\\\/es\\\/#organization\"},\"potentialAction\":[{\"@type\":\"SearchAction\",\"target\":{\"@type\":\"EntryPoint\",\"urlTemplate\":\"https:\\\/\\\/shopvalley.fr\\\/es\\\/?s={search_term_string}\"},\"query-input\":{\"@type\":\"PropertyValueSpecification\",\"valueRequired\":true,\"valueName\":\"search_term_string\"}}],\"inLanguage\":\"es\"},{\"@type\":\"Organization\",\"@id\":\"https:\\\/\\\/shopvalley.fr\\\/es\\\/#organization\",\"name\":\"Shopvalley\",\"url\":\"https:\\\/\\\/shopvalley.fr\\\/es\\\/\",\"logo\":{\"@type\":\"ImageObject\",\"inLanguage\":\"es\",\"@id\":\"https:\\\/\\\/shopvalley.fr\\\/es\\\/#\\\/schema\\\/logo\\\/image\\\/\",\"url\":\"https:\\\/\\\/shopvalley.fr\\\/wp-content\\\/uploads\\\/2023\\\/11\\\/cropped-Copie-de-Logo-ShopValley-500-x-500-px-1.png\",\"contentUrl\":\"https:\\\/\\\/shopvalley.fr\\\/wp-content\\\/uploads\\\/2023\\\/11\\\/cropped-Copie-de-Logo-ShopValley-500-x-500-px-1.png\",\"width\":512,\"height\":512,\"caption\":\"Shopvalley\"},\"image\":{\"@id\":\"https:\\\/\\\/shopvalley.fr\\\/es\\\/#\\\/schema\\\/logo\\\/image\\\/\"}}]}<\/script>\n<!-- \/ Yoast SEO plugin. -->","yoast_head_json":{"title":"Informaci\u00f3n legal - ShopValley","robots":{"index":"noindex","follow":"follow"},"og_locale":"es_ES","og_type":"article","og_title":"Informaci\u00f3n legal - ShopValley","og_description":"INFORMACI\u00d3N LEGAL ART\u00cdCULO 1. EDITOR Actualmente est\u00e1s conectado a la p\u00e1gina web ShopValley, editada por ECOMJAL EI, inscrita en el","og_url":"https:\/\/shopvalley.fr\/es\/informacion-legal\/","og_site_name":"ShopValley","article_modified_time":"2026-01-07T16:23:05+00:00","schema":{"@context":"https:\/\/schema.org","@graph":[{"@type":"WebPage","@id":"https:\/\/shopvalley.fr\/es\/informacion-legal\/","url":"https:\/\/shopvalley.fr\/es\/informacion-legal\/","name":"Informaci\u00f3n legal - ShopValley","isPartOf":{"@id":"https:\/\/shopvalley.fr\/es\/#website"},"datePublished":"2023-06-03T20:14:09+00:00","dateModified":"2026-01-07T16:23:05+00:00","breadcrumb":{"@id":"https:\/\/shopvalley.fr\/es\/informacion-legal\/#breadcrumb"},"inLanguage":"es","potentialAction":[{"@type":"ReadAction","target":["https:\/\/shopvalley.fr\/es\/informacion-legal\/"]}]},{"@type":"BreadcrumbList","@id":"https:\/\/shopvalley.fr\/es\/informacion-legal\/#breadcrumb","itemListElement":[{"@type":"ListItem","position":1,"name":"Accueil","item":"https:\/\/shopvalley.fr\/es\/"},{"@type":"ListItem","position":2,"name":"Informaci\u00f3n legal"}]},{"@type":"WebSite","@id":"https:\/\/shopvalley.fr\/es\/#website","url":"https:\/\/shopvalley.fr\/es\/","name":"ShopValley","description":"\u00a1Productos de moda a precios bajos!","publisher":{"@id":"https:\/\/shopvalley.fr\/es\/#organization"},"potentialAction":[{"@type":"SearchAction","target":{"@type":"EntryPoint","urlTemplate":"https:\/\/shopvalley.fr\/es\/?s={search_term_string}"},"query-input":{"@type":"PropertyValueSpecification","valueRequired":true,"valueName":"search_term_string"}}],"inLanguage":"es"},{"@type":"Organization","@id":"https:\/\/shopvalley.fr\/es\/#organization","name":"Shopvalley","url":"https:\/\/shopvalley.fr\/es\/","logo":{"@type":"ImageObject","inLanguage":"es","@id":"https:\/\/shopvalley.fr\/es\/#\/schema\/logo\/image\/","url":"https:\/\/shopvalley.fr\/wp-content\/uploads\/2023\/11\/cropped-Copie-de-Logo-ShopValley-500-x-500-px-1.png","contentUrl":"https:\/\/shopvalley.fr\/wp-content\/uploads\/2023\/11\/cropped-Copie-de-Logo-ShopValley-500-x-500-px-1.png","width":512,"height":512,"caption":"Shopvalley"},"image":{"@id":"https:\/\/shopvalley.fr\/es\/#\/schema\/logo\/image\/"}}]}},"jetpack_sharing_enabled":true,"_links":{"self":[{"href":"https:\/\/shopvalley.fr\/es\/wp-json\/wp\/v2\/pages\/40509","targetHints":{"allow":["GET"]}}],"collection":[{"href":"https:\/\/shopvalley.fr\/es\/wp-json\/wp\/v2\/pages"}],"about":[{"href":"https:\/\/shopvalley.fr\/es\/wp-json\/wp\/v2\/types\/page"}],"author":[{"embeddable":true,"href":"https:\/\/shopvalley.fr\/es\/wp-json\/wp\/v2\/users\/1"}],"replies":[{"embeddable":true,"href":"https:\/\/shopvalley.fr\/es\/wp-json\/wp\/v2\/comments?post=40509"}],"version-history":[{"count":4,"href":"https:\/\/shopvalley.fr\/es\/wp-json\/wp\/v2\/pages\/40509\/revisions"}],"predecessor-version":[{"id":62231,"href":"https:\/\/shopvalley.fr\/es\/wp-json\/wp\/v2\/pages\/40509\/revisions\/62231"}],"wp:attachment":[{"href":"https:\/\/shopvalley.fr\/es\/wp-json\/wp\/v2\/media?parent=40509"}],"curies":[{"name":"wp","href":"https:\/\/api.w.org\/{rel}","templated":true}]}}